{"id":2673,"date":"2013-10-27T09:39:42","date_gmt":"2013-10-27T08:39:42","guid":{"rendered":"https:\/\/nueva.elmejorjamon.es\/producto\/poivrons-piquillo-extra-12-kg-bujanda-1822-unites\/"},"modified":"2025-11-11T12:42:19","modified_gmt":"2025-11-11T11:42:19","slug":"poivrons-piquillo-extra-12-kg-bujanda-1822-unites","status":"publish","type":"product","link":"https:\/\/elmejorjamon.es\/fr\/producto\/poivrons-piquillo-extra-12-kg-bujanda-1822-unites\/","title":{"rendered":"Poivrons Piquillo Extra Riovalle 18\/22 unit\u00e9s"},"content":{"rendered":"<p>Poivrons Piquillo Extra Riovalle 18\/22 unit\u00e9s<\/p>\n<p>Ingr\u00e9dients\u00a0: Poivrons Piquillo, eau, sucre, sel, acidifiant (E330) et stabilisant (E509)<\/p>\n<p>Sans gluten<\/p>\n<p>\u00c0 conserver dans un endroit frais et sec. Apr\u00e8s ouverture, conserver au r\u00e9frig\u00e9rateur et consommer dans les 2 \u00e0 3 jours.<\/p>\n<p>Poids net\u00a0: 410\u00a0g<\/p>\n<p>Poids \u00e9goutt\u00e9\u00a0: 355\u00a0g<\/p>\n","protected":false},"excerpt":{"rendered":"<p>Poivrons Piquillo Extra Riovalle 18\/22 unit\u00e9s<\/p>\n","protected":false},"featured_media":20874,"comment_status":"open","ping_status":"closed","template":"","meta":{"_et_pb_use_builder":"","_et_pb_old_content":"","_et_gb_content_width":"","_sitemap_exclude":false,"_sitemap_priority":"","_sitemap_frequency":""},"product_brand":[],"product_cat":[23,41,239,287,47],"product_tag":[],"class_list":{"0":"post-2673","1":"product","2":"type-product","3":"status-publish","4":"has-post-thumbnail","6":"product_cat-accueil","7":"product_cat-conserves","8":"product_cat-legumes","9":"product_cat-poivrons-piquillo","10":"product_cat-tous-les-produits","11":"product_shipping_class-normal-fr","13":"first","14":"outofstock","15":"shipping-taxable","16":"purchasable","17":"product-type-simple"},"yoast_head":"<!-- This site is optimized with the Yoast SEO plugin v27.4 - https:\/\/yoast.com\/product\/yoast-seo-wordpress\/ -->\n<title>Acheter Poivrons Piquillo Extra Riovalle 18\/22 unit\u00e9s - El Mejor Jam\u00f3n<\/title>\n<meta name=\"description\" content=\"Ingr\u00e9dients\u00a0: Poivrons Piquillo, eau, sucre, sel, acidifiant (E330) et stabilisant (E509)Sans gluten Poids net\u00a0: 410\u00a0gPoids \u00e9goutt\u00e9\u00a0: 355\u00a0g\" \/>\n<meta name=\"robots\" content=\"index, follow, max-snippet:-1, max-image-preview:large, max-video-preview:-1\" \/>\n<link rel=\"canonical\" href=\"https:\/\/elmejorjamon.es\/fr\/producto\/poivrons-piquillo-extra-12-kg-bujanda-1822-unites\/\" \/>\n<meta property=\"og:locale\" content=\"fr_FR\" \/>\n<meta property=\"og:type\" content=\"article\" \/>\n<meta property=\"og:title\" content=\"Acheter Poivrons Piquillo Extra Riovalle 18\/22 unit\u00e9s - El Mejor Jam\u00f3n\" \/>\n<meta property=\"og:description\" content=\"Ingr\u00e9dients\u00a0: Poivrons Piquillo, eau, sucre, sel, acidifiant (E330) et stabilisant (E509)Sans gluten Poids net\u00a0: 410\u00a0gPoids \u00e9goutt\u00e9\u00a0: 355\u00a0g\" \/>\n<meta property=\"og:url\" content=\"https:\/\/elmejorjamon.es\/fr\/producto\/poivrons-piquillo-extra-12-kg-bujanda-1822-unites\/\" \/>\n<meta property=\"og:site_name\" content=\"El Mejor Jam\u00f3n\" \/>\n<meta property=\"article:publisher\" content=\"https:\/\/www.facebook.com\/elmejorjamonweb\" \/>\n<meta property=\"article:modified_time\" content=\"2025-11-11T11:42:19+00:00\" \/>\n<meta property=\"og:image\" content=\"https:\/\/elmejorjamon.es\/wp-content\/uploads\/2013\/10\/piquilloriovalle.jpg\" \/>\n\t<meta property=\"og:image:width\" content=\"231\" \/>\n\t<meta property=\"og:image:height\" content=\"360\" \/>\n\t<meta property=\"og:image:type\" content=\"image\/jpeg\" \/>\n<meta name=\"twitter:card\" content=\"summary_large_image\" \/>\n<meta name=\"twitter:site\" content=\"@elmejorjamonweb\" \/>\n<meta name=\"twitter:label1\" content=\"Dur\u00e9e de lecture estim\u00e9e\" \/>\n\t<meta name=\"twitter:data1\" content=\"1 minute\" \/>\n<script type=\"application\/ld+json\" class=\"yoast-schema-graph\">{\"@context\":\"https:\\\/\\\/schema.org\",\"@graph\":[{\"@type\":\"WebPage\",\"@id\":\"https:\\\/\\\/elmejorjamon.es\\\/fr\\\/producto\\\/poivrons-piquillo-extra-12-kg-bujanda-1822-unites\\\/\",\"url\":\"https:\\\/\\\/elmejorjamon.es\\\/fr\\\/producto\\\/poivrons-piquillo-extra-12-kg-bujanda-1822-unites\\\/\",\"name\":\"Acheter Poivrons Piquillo Extra Riovalle 18\\\/22 unit\u00e9s - El Mejor Jam\u00f3n\",\"isPartOf\":{\"@id\":\"https:\\\/\\\/elmejorjamon.es\\\/#website\"},\"primaryImageOfPage\":{\"@id\":\"https:\\\/\\\/elmejorjamon.es\\\/fr\\\/producto\\\/poivrons-piquillo-extra-12-kg-bujanda-1822-unites\\\/#primaryimage\"},\"image\":{\"@id\":\"https:\\\/\\\/elmejorjamon.es\\\/fr\\\/producto\\\/poivrons-piquillo-extra-12-kg-bujanda-1822-unites\\\/#primaryimage\"},\"thumbnailUrl\":\"https:\\\/\\\/elmejorjamon.es\\\/wp-content\\\/uploads\\\/2013\\\/10\\\/piquilloriovalle.jpg\",\"datePublished\":\"2013-10-27T08:39:42+00:00\",\"dateModified\":\"2025-11-11T11:42:19+00:00\",\"description\":\"Ingr\u00e9dients\u00a0: Poivrons Piquillo, eau, sucre, sel, acidifiant (E330) et stabilisant (E509)Sans gluten Poids net\u00a0: 410\u00a0gPoids \u00e9goutt\u00e9\u00a0: 355\u00a0g\",\"breadcrumb\":{\"@id\":\"https:\\\/\\\/elmejorjamon.es\\\/fr\\\/producto\\\/poivrons-piquillo-extra-12-kg-bujanda-1822-unites\\\/#breadcrumb\"},\"inLanguage\":\"fr-FR\",\"potentialAction\":[{\"@type\":\"ReadAction\",\"target\":[\"https:\\\/\\\/elmejorjamon.es\\\/fr\\\/producto\\\/poivrons-piquillo-extra-12-kg-bujanda-1822-unites\\\/\"]}]},{\"@type\":\"ImageObject\",\"inLanguage\":\"fr-FR\",\"@id\":\"https:\\\/\\\/elmejorjamon.es\\\/fr\\\/producto\\\/poivrons-piquillo-extra-12-kg-bujanda-1822-unites\\\/#primaryimage\",\"url\":\"https:\\\/\\\/elmejorjamon.es\\\/wp-content\\\/uploads\\\/2013\\\/10\\\/piquilloriovalle.jpg\",\"contentUrl\":\"https:\\\/\\\/elmejorjamon.es\\\/wp-content\\\/uploads\\\/2013\\\/10\\\/piquilloriovalle.jpg\",\"width\":231,\"height\":360},{\"@type\":\"BreadcrumbList\",\"@id\":\"https:\\\/\\\/elmejorjamon.es\\\/fr\\\/producto\\\/poivrons-piquillo-extra-12-kg-bujanda-1822-unites\\\/#breadcrumb\",\"itemListElement\":[{\"@type\":\"ListItem\",\"position\":1,\"name\":\"Portada\",\"item\":\"https:\\\/\\\/elmejorjamon.es\\\/fr\\\/\"},{\"@type\":\"ListItem\",\"position\":2,\"name\":\"D\u00e9marrage rapide\",\"item\":\"https:\\\/\\\/elmejorjamon.es\\\/fr\\\/\"},{\"@type\":\"ListItem\",\"position\":3,\"name\":\"Poivrons Piquillo Extra Riovalle 18\\\/22 unit\u00e9s\"}]},{\"@type\":\"WebSite\",\"@id\":\"https:\\\/\\\/elmejorjamon.es\\\/#website\",\"url\":\"https:\\\/\\\/elmejorjamon.es\\\/\",\"name\":\"El Mejor Jam\u00f3n\",\"description\":\"Comprar jamones y embutidos a buen precio\",\"publisher\":{\"@id\":\"https:\\\/\\\/elmejorjamon.es\\\/#organization\"},\"potentialAction\":[{\"@type\":\"SearchAction\",\"target\":{\"@type\":\"EntryPoint\",\"urlTemplate\":\"https:\\\/\\\/elmejorjamon.es\\\/?s={search_term_string}\"},\"query-input\":{\"@type\":\"PropertyValueSpecification\",\"valueRequired\":true,\"valueName\":\"search_term_string\"}}],\"inLanguage\":\"fr-FR\"},{\"@type\":\"Organization\",\"@id\":\"https:\\\/\\\/elmejorjamon.es\\\/#organization\",\"name\":\"El Mejor Jam\u00f3n\",\"url\":\"https:\\\/\\\/elmejorjamon.es\\\/\",\"logo\":{\"@type\":\"ImageObject\",\"inLanguage\":\"fr-FR\",\"@id\":\"https:\\\/\\\/elmejorjamon.es\\\/#\\\/schema\\\/logo\\\/image\\\/\",\"url\":\"https:\\\/\\\/elmejorjamon.es\\\/wp-content\\\/uploads\\\/2025\\\/01\\\/logocorreos.png\",\"contentUrl\":\"https:\\\/\\\/elmejorjamon.es\\\/wp-content\\\/uploads\\\/2025\\\/01\\\/logocorreos.png\",\"width\":277,\"height\":200,\"caption\":\"El Mejor Jam\u00f3n\"},\"image\":{\"@id\":\"https:\\\/\\\/elmejorjamon.es\\\/#\\\/schema\\\/logo\\\/image\\\/\"},\"sameAs\":[\"https:\\\/\\\/www.facebook.com\\\/elmejorjamonweb\",\"https:\\\/\\\/x.com\\\/elmejorjamonweb\",\"https:\\\/\\\/www.instagram.com\\\/elmejorjamonweb\\\/\"]}]}<\/script>\n<!-- \/ Yoast SEO plugin. -->","yoast_head_json":{"title":"Acheter Poivrons Piquillo Extra Riovalle 18\/22 unit\u00e9s - El Mejor Jam\u00f3n","description":"Ingr\u00e9dients\u00a0: Poivrons Piquillo, eau, sucre, sel, acidifiant (E330) et stabilisant (E509)Sans gluten Poids net\u00a0: 410\u00a0gPoids \u00e9goutt\u00e9\u00a0: 355\u00a0g","robots":{"index":"index","follow":"follow","max-snippet":"max-snippet:-1","max-image-preview":"max-image-preview:large","max-video-preview":"max-video-preview:-1"},"canonical":"https:\/\/elmejorjamon.es\/fr\/producto\/poivrons-piquillo-extra-12-kg-bujanda-1822-unites\/","og_locale":"fr_FR","og_type":"article","og_title":"Acheter Poivrons Piquillo Extra Riovalle 18\/22 unit\u00e9s - El Mejor Jam\u00f3n","og_description":"Ingr\u00e9dients\u00a0: Poivrons Piquillo, eau, sucre, sel, acidifiant (E330) et stabilisant (E509)Sans gluten Poids net\u00a0: 410\u00a0gPoids \u00e9goutt\u00e9\u00a0: 355\u00a0g","og_url":"https:\/\/elmejorjamon.es\/fr\/producto\/poivrons-piquillo-extra-12-kg-bujanda-1822-unites\/","og_site_name":"El Mejor Jam\u00f3n","article_publisher":"https:\/\/www.facebook.com\/elmejorjamonweb","article_modified_time":"2025-11-11T11:42:19+00:00","og_image":[{"width":231,"height":360,"url":"https:\/\/elmejorjamon.es\/wp-content\/uploads\/2013\/10\/piquilloriovalle.jpg","type":"image\/jpeg"}],"twitter_card":"summary_large_image","twitter_site":"@elmejorjamonweb","twitter_misc":{"Dur\u00e9e de lecture estim\u00e9e":"1 minute"},"schema":{"@context":"https:\/\/schema.org","@graph":[{"@type":"WebPage","@id":"https:\/\/elmejorjamon.es\/fr\/producto\/poivrons-piquillo-extra-12-kg-bujanda-1822-unites\/","url":"https:\/\/elmejorjamon.es\/fr\/producto\/poivrons-piquillo-extra-12-kg-bujanda-1822-unites\/","name":"Acheter Poivrons Piquillo Extra Riovalle 18\/22 unit\u00e9s - El Mejor Jam\u00f3n","isPartOf":{"@id":"https:\/\/elmejorjamon.es\/#website"},"primaryImageOfPage":{"@id":"https:\/\/elmejorjamon.es\/fr\/producto\/poivrons-piquillo-extra-12-kg-bujanda-1822-unites\/#primaryimage"},"image":{"@id":"https:\/\/elmejorjamon.es\/fr\/producto\/poivrons-piquillo-extra-12-kg-bujanda-1822-unites\/#primaryimage"},"thumbnailUrl":"https:\/\/elmejorjamon.es\/wp-content\/uploads\/2013\/10\/piquilloriovalle.jpg","datePublished":"2013-10-27T08:39:42+00:00","dateModified":"2025-11-11T11:42:19+00:00","description":"Ingr\u00e9dients\u00a0: Poivrons Piquillo, eau, sucre, sel, acidifiant (E330) et stabilisant (E509)Sans gluten Poids net\u00a0: 410\u00a0gPoids \u00e9goutt\u00e9\u00a0: 355\u00a0g","breadcrumb":{"@id":"https:\/\/elmejorjamon.es\/fr\/producto\/poivrons-piquillo-extra-12-kg-bujanda-1822-unites\/#breadcrumb"},"inLanguage":"fr-FR","potentialAction":[{"@type":"ReadAction","target":["https:\/\/elmejorjamon.es\/fr\/producto\/poivrons-piquillo-extra-12-kg-bujanda-1822-unites\/"]}]},{"@type":"ImageObject","inLanguage":"fr-FR","@id":"https:\/\/elmejorjamon.es\/fr\/producto\/poivrons-piquillo-extra-12-kg-bujanda-1822-unites\/#primaryimage","url":"https:\/\/elmejorjamon.es\/wp-content\/uploads\/2013\/10\/piquilloriovalle.jpg","contentUrl":"https:\/\/elmejorjamon.es\/wp-content\/uploads\/2013\/10\/piquilloriovalle.jpg","width":231,"height":360},{"@type":"BreadcrumbList","@id":"https:\/\/elmejorjamon.es\/fr\/producto\/poivrons-piquillo-extra-12-kg-bujanda-1822-unites\/#breadcrumb","itemListElement":[{"@type":"ListItem","position":1,"name":"Portada","item":"https:\/\/elmejorjamon.es\/fr\/"},{"@type":"ListItem","position":2,"name":"D\u00e9marrage rapide","item":"https:\/\/elmejorjamon.es\/fr\/"},{"@type":"ListItem","position":3,"name":"Poivrons Piquillo Extra Riovalle 18\/22 unit\u00e9s"}]},{"@type":"WebSite","@id":"https:\/\/elmejorjamon.es\/#website","url":"https:\/\/elmejorjamon.es\/","name":"El Mejor Jam\u00f3n","description":"Comprar jamones y embutidos a buen precio","publisher":{"@id":"https:\/\/elmejorjamon.es\/#organization"},"potentialAction":[{"@type":"SearchAction","target":{"@type":"EntryPoint","urlTemplate":"https:\/\/elmejorjamon.es\/?s={search_term_string}"},"query-input":{"@type":"PropertyValueSpecification","valueRequired":true,"valueName":"search_term_string"}}],"inLanguage":"fr-FR"},{"@type":"Organization","@id":"https:\/\/elmejorjamon.es\/#organization","name":"El Mejor Jam\u00f3n","url":"https:\/\/elmejorjamon.es\/","logo":{"@type":"ImageObject","inLanguage":"fr-FR","@id":"https:\/\/elmejorjamon.es\/#\/schema\/logo\/image\/","url":"https:\/\/elmejorjamon.es\/wp-content\/uploads\/2025\/01\/logocorreos.png","contentUrl":"https:\/\/elmejorjamon.es\/wp-content\/uploads\/2025\/01\/logocorreos.png","width":277,"height":200,"caption":"El Mejor Jam\u00f3n"},"image":{"@id":"https:\/\/elmejorjamon.es\/#\/schema\/logo\/image\/"},"sameAs":["https:\/\/www.facebook.com\/elmejorjamonweb","https:\/\/x.com\/elmejorjamonweb","https:\/\/www.instagram.com\/elmejorjamonweb\/"]}]}},"_links":{"self":[{"href":"https:\/\/elmejorjamon.es\/fr\/wp-json\/wp\/v2\/product\/2673","targetHints":{"allow":["GET"]}}],"collection":[{"href":"https:\/\/elmejorjamon.es\/fr\/wp-json\/wp\/v2\/product"}],"about":[{"href":"https:\/\/elmejorjamon.es\/fr\/wp-json\/wp\/v2\/types\/product"}],"replies":[{"embeddable":true,"href":"https:\/\/elmejorjamon.es\/fr\/wp-json\/wp\/v2\/comments?post=2673"}],"wp:featuredmedia":[{"embeddable":true,"href":"https:\/\/elmejorjamon.es\/fr\/wp-json\/wp\/v2\/media\/20874"}],"wp:attachment":[{"href":"https:\/\/elmejorjamon.es\/fr\/wp-json\/wp\/v2\/media?parent=2673"}],"wp:term":[{"taxonomy":"product_brand","embeddable":true,"href":"https:\/\/elmejorjamon.es\/fr\/wp-json\/wp\/v2\/product_brand?post=2673"},{"taxonomy":"product_cat","embeddable":true,"href":"https:\/\/elmejorjamon.es\/fr\/wp-json\/wp\/v2\/product_cat?post=2673"},{"taxonomy":"product_tag","embeddable":true,"href":"https:\/\/elmejorjamon.es\/fr\/wp-json\/wp\/v2\/product_tag?post=2673"}],"curies":[{"name":"wp","href":"https:\/\/api.w.org\/{rel}","templated":true}]}}