{"id":2445,"date":"2013-01-21T23:44:42","date_gmt":"2013-01-21T22:44:42","guid":{"rendered":"https:\/\/nueva.elmejorjamon.es\/producto\/morceaux-de-lingue-sales-type-ling-2-kg\/"},"modified":"2013-01-21T23:44:42","modified_gmt":"2013-01-21T22:44:42","slug":"morceaux-de-lingue-sales-type-ling-2-kg","status":"publish","type":"product","link":"https:\/\/elmejorjamon.es\/fr\/producto\/morceaux-de-lingue-sales-type-ling-2-kg\/","title":{"rendered":"Morceaux de lingue sal\u00e9s type ling 2 kg."},"content":{"rendered":"<p>Morceaux de lingue sal\u00e9s type ling 2 kg. Es n\u00e9cessaire pour dessaler le produit avant de dessaler la morue consumirlo.Para, la premi\u00e8re chose \u00e0 faire est de retirer la couche de sel recouvrant avec un chiffon humide ou sous le robinet, avec un fil d&rsquo;eau. Les portions de morue doivent avoir la m\u00eame \u00e9paisseur. Si elles sont diff\u00e9rentes, il est pr\u00e9f\u00e9rable de les s\u00e9parer dans un autre conteneur. Placez le c\u00f4t\u00e9 de la peau de morue dans un r\u00e9cipient avec de l&rsquo;eau froide (au moins trois parties d&rsquo;eau par partie de morue) dans le r\u00e9frig\u00e9rateur, entre 6 et 8 \u00b0 C pendant 4 jours. Si dessal\u00e9 \u00e0 une temp\u00e9rature plus basse, le processus durera plus longtemps. Si elle est faite \u00e0 une temp\u00e9rature plus \u00e9lev\u00e9e, la viande perdra sa consistance. Au cours des deux prochains jours, changez l&rsquo;eau seulement une fois par jour, en gardant le r\u00e9cipient dans le r\u00e9frig\u00e9rateur. Il est recommand\u00e9 d&rsquo;essayer le point de sel, qui est de go\u00fbter. Laisser \u00e9goutter, s\u00e9cher avec un chiffon avant de cuisiner et vous \u00eates pr\u00eat.<\/p>\n","protected":false},"excerpt":{"rendered":"<p>Morceaux de lingue sal\u00e9s type ling 2 kg.<\/p>\n","protected":false},"featured_media":2431,"comment_status":"open","ping_status":"closed","template":"","meta":{"_et_pb_use_builder":"","_et_pb_old_content":"","_et_gb_content_width":"","_sitemap_exclude":false,"_sitemap_priority":"","_sitemap_frequency":""},"product_brand":[],"product_cat":[23,65,47],"product_tag":[],"class_list":{"0":"post-2445","1":"product","2":"type-product","3":"status-publish","4":"has-post-thumbnail","6":"product_cat-accueil","7":"product_cat-salazones-fr","8":"product_cat-tous-les-produits","9":"product_shipping_class-normal-fr","11":"first","12":"instock","13":"shipping-taxable","14":"purchasable","15":"product-type-simple"},"yoast_head":"<!-- This site is optimized with the Yoast SEO plugin v27.4 - https:\/\/yoast.com\/product\/yoast-seo-wordpress\/ -->\n<title>Morceaux de lingue sal\u00e9s type ling 2 kg. - El Mejor Jam\u00f3n<\/title>\n<meta name=\"robots\" content=\"index, follow, max-snippet:-1, max-image-preview:large, max-video-preview:-1\" \/>\n<link rel=\"canonical\" href=\"https:\/\/elmejorjamon.es\/fr\/producto\/morceaux-de-lingue-sales-type-ling-2-kg\/\" \/>\n<meta property=\"og:locale\" content=\"fr_FR\" \/>\n<meta property=\"og:type\" content=\"article\" \/>\n<meta property=\"og:title\" content=\"Morceaux de lingue sal\u00e9s type ling 2 kg. - El Mejor Jam\u00f3n\" \/>\n<meta property=\"og:description\" content=\"Morceaux de lingue sal\u00e9s type ling 2 kg.\" \/>\n<meta property=\"og:url\" content=\"https:\/\/elmejorjamon.es\/fr\/producto\/morceaux-de-lingue-sales-type-ling-2-kg\/\" \/>\n<meta property=\"og:site_name\" content=\"El Mejor Jam\u00f3n\" \/>\n<meta property=\"article:publisher\" content=\"https:\/\/www.facebook.com\/elmejorjamonweb\" \/>\n<meta property=\"og:image\" content=\"https:\/\/elmejorjamon.es\/wp-content\/uploads\/2013\/01\/1037-thickbox_default-Migas-de-bacalao-salado-tipo-ling-5-kg.jpg\" \/>\n\t<meta property=\"og:image:width\" content=\"1100\" \/>\n\t<meta property=\"og:image:height\" content=\"1422\" \/>\n\t<meta property=\"og:image:type\" content=\"image\/jpeg\" \/>\n<meta name=\"twitter:card\" content=\"summary_large_image\" \/>\n<meta name=\"twitter:site\" content=\"@elmejorjamonweb\" \/>\n<meta name=\"twitter:label1\" content=\"Dur\u00e9e de lecture estim\u00e9e\" \/>\n\t<meta name=\"twitter:data1\" content=\"1 minute\" \/>\n<script type=\"application\/ld+json\" class=\"yoast-schema-graph\">{\"@context\":\"https:\\\/\\\/schema.org\",\"@graph\":[{\"@type\":\"WebPage\",\"@id\":\"https:\\\/\\\/elmejorjamon.es\\\/fr\\\/producto\\\/morceaux-de-lingue-sales-type-ling-2-kg\\\/\",\"url\":\"https:\\\/\\\/elmejorjamon.es\\\/fr\\\/producto\\\/morceaux-de-lingue-sales-type-ling-2-kg\\\/\",\"name\":\"Morceaux de lingue sal\u00e9s type ling 2 kg. - El Mejor Jam\u00f3n\",\"isPartOf\":{\"@id\":\"https:\\\/\\\/elmejorjamon.es\\\/#website\"},\"primaryImageOfPage\":{\"@id\":\"https:\\\/\\\/elmejorjamon.es\\\/fr\\\/producto\\\/morceaux-de-lingue-sales-type-ling-2-kg\\\/#primaryimage\"},\"image\":{\"@id\":\"https:\\\/\\\/elmejorjamon.es\\\/fr\\\/producto\\\/morceaux-de-lingue-sales-type-ling-2-kg\\\/#primaryimage\"},\"thumbnailUrl\":\"https:\\\/\\\/elmejorjamon.es\\\/wp-content\\\/uploads\\\/2013\\\/01\\\/1037-thickbox_default-Migas-de-bacalao-salado-tipo-ling-5-kg.jpg\",\"datePublished\":\"2013-01-21T22:44:42+00:00\",\"breadcrumb\":{\"@id\":\"https:\\\/\\\/elmejorjamon.es\\\/fr\\\/producto\\\/morceaux-de-lingue-sales-type-ling-2-kg\\\/#breadcrumb\"},\"inLanguage\":\"fr-FR\",\"potentialAction\":[{\"@type\":\"ReadAction\",\"target\":[\"https:\\\/\\\/elmejorjamon.es\\\/fr\\\/producto\\\/morceaux-de-lingue-sales-type-ling-2-kg\\\/\"]}]},{\"@type\":\"ImageObject\",\"inLanguage\":\"fr-FR\",\"@id\":\"https:\\\/\\\/elmejorjamon.es\\\/fr\\\/producto\\\/morceaux-de-lingue-sales-type-ling-2-kg\\\/#primaryimage\",\"url\":\"https:\\\/\\\/elmejorjamon.es\\\/wp-content\\\/uploads\\\/2013\\\/01\\\/1037-thickbox_default-Migas-de-bacalao-salado-tipo-ling-5-kg.jpg\",\"contentUrl\":\"https:\\\/\\\/elmejorjamon.es\\\/wp-content\\\/uploads\\\/2013\\\/01\\\/1037-thickbox_default-Migas-de-bacalao-salado-tipo-ling-5-kg.jpg\",\"width\":1100,\"height\":1422,\"caption\":\"Migas de bacalao salado tipo ling 5 kg.\"},{\"@type\":\"BreadcrumbList\",\"@id\":\"https:\\\/\\\/elmejorjamon.es\\\/fr\\\/producto\\\/morceaux-de-lingue-sales-type-ling-2-kg\\\/#breadcrumb\",\"itemListElement\":[{\"@type\":\"ListItem\",\"position\":1,\"name\":\"Portada\",\"item\":\"https:\\\/\\\/elmejorjamon.es\\\/fr\\\/\"},{\"@type\":\"ListItem\",\"position\":2,\"name\":\"D\u00e9marrage rapide\",\"item\":\"https:\\\/\\\/elmejorjamon.es\\\/fr\\\/\"},{\"@type\":\"ListItem\",\"position\":3,\"name\":\"Morceaux de lingue sal\u00e9s type ling 2 kg.\"}]},{\"@type\":\"WebSite\",\"@id\":\"https:\\\/\\\/elmejorjamon.es\\\/#website\",\"url\":\"https:\\\/\\\/elmejorjamon.es\\\/\",\"name\":\"El Mejor Jam\u00f3n\",\"description\":\"Comprar jamones y embutidos a buen precio\",\"publisher\":{\"@id\":\"https:\\\/\\\/elmejorjamon.es\\\/#organization\"},\"potentialAction\":[{\"@type\":\"SearchAction\",\"target\":{\"@type\":\"EntryPoint\",\"urlTemplate\":\"https:\\\/\\\/elmejorjamon.es\\\/?s={search_term_string}\"},\"query-input\":{\"@type\":\"PropertyValueSpecification\",\"valueRequired\":true,\"valueName\":\"search_term_string\"}}],\"inLanguage\":\"fr-FR\"},{\"@type\":\"Organization\",\"@id\":\"https:\\\/\\\/elmejorjamon.es\\\/#organization\",\"name\":\"El Mejor Jam\u00f3n\",\"url\":\"https:\\\/\\\/elmejorjamon.es\\\/\",\"logo\":{\"@type\":\"ImageObject\",\"inLanguage\":\"fr-FR\",\"@id\":\"https:\\\/\\\/elmejorjamon.es\\\/#\\\/schema\\\/logo\\\/image\\\/\",\"url\":\"https:\\\/\\\/elmejorjamon.es\\\/wp-content\\\/uploads\\\/2025\\\/01\\\/logocorreos.png\",\"contentUrl\":\"https:\\\/\\\/elmejorjamon.es\\\/wp-content\\\/uploads\\\/2025\\\/01\\\/logocorreos.png\",\"width\":277,\"height\":200,\"caption\":\"El Mejor Jam\u00f3n\"},\"image\":{\"@id\":\"https:\\\/\\\/elmejorjamon.es\\\/#\\\/schema\\\/logo\\\/image\\\/\"},\"sameAs\":[\"https:\\\/\\\/www.facebook.com\\\/elmejorjamonweb\",\"https:\\\/\\\/x.com\\\/elmejorjamonweb\",\"https:\\\/\\\/www.instagram.com\\\/elmejorjamonweb\\\/\"]}]}<\/script>\n<!-- \/ Yoast SEO plugin. -->","yoast_head_json":{"title":"Morceaux de lingue sal\u00e9s type ling 2 kg. - El Mejor Jam\u00f3n","robots":{"index":"index","follow":"follow","max-snippet":"max-snippet:-1","max-image-preview":"max-image-preview:large","max-video-preview":"max-video-preview:-1"},"canonical":"https:\/\/elmejorjamon.es\/fr\/producto\/morceaux-de-lingue-sales-type-ling-2-kg\/","og_locale":"fr_FR","og_type":"article","og_title":"Morceaux de lingue sal\u00e9s type ling 2 kg. - El Mejor Jam\u00f3n","og_description":"Morceaux de lingue sal\u00e9s type ling 2 kg.","og_url":"https:\/\/elmejorjamon.es\/fr\/producto\/morceaux-de-lingue-sales-type-ling-2-kg\/","og_site_name":"El Mejor Jam\u00f3n","article_publisher":"https:\/\/www.facebook.com\/elmejorjamonweb","og_image":[{"width":1100,"height":1422,"url":"https:\/\/elmejorjamon.es\/wp-content\/uploads\/2013\/01\/1037-thickbox_default-Migas-de-bacalao-salado-tipo-ling-5-kg.jpg","type":"image\/jpeg"}],"twitter_card":"summary_large_image","twitter_site":"@elmejorjamonweb","twitter_misc":{"Dur\u00e9e de lecture estim\u00e9e":"1 minute"},"schema":{"@context":"https:\/\/schema.org","@graph":[{"@type":"WebPage","@id":"https:\/\/elmejorjamon.es\/fr\/producto\/morceaux-de-lingue-sales-type-ling-2-kg\/","url":"https:\/\/elmejorjamon.es\/fr\/producto\/morceaux-de-lingue-sales-type-ling-2-kg\/","name":"Morceaux de lingue sal\u00e9s type ling 2 kg. - El Mejor Jam\u00f3n","isPartOf":{"@id":"https:\/\/elmejorjamon.es\/#website"},"primaryImageOfPage":{"@id":"https:\/\/elmejorjamon.es\/fr\/producto\/morceaux-de-lingue-sales-type-ling-2-kg\/#primaryimage"},"image":{"@id":"https:\/\/elmejorjamon.es\/fr\/producto\/morceaux-de-lingue-sales-type-ling-2-kg\/#primaryimage"},"thumbnailUrl":"https:\/\/elmejorjamon.es\/wp-content\/uploads\/2013\/01\/1037-thickbox_default-Migas-de-bacalao-salado-tipo-ling-5-kg.jpg","datePublished":"2013-01-21T22:44:42+00:00","breadcrumb":{"@id":"https:\/\/elmejorjamon.es\/fr\/producto\/morceaux-de-lingue-sales-type-ling-2-kg\/#breadcrumb"},"inLanguage":"fr-FR","potentialAction":[{"@type":"ReadAction","target":["https:\/\/elmejorjamon.es\/fr\/producto\/morceaux-de-lingue-sales-type-ling-2-kg\/"]}]},{"@type":"ImageObject","inLanguage":"fr-FR","@id":"https:\/\/elmejorjamon.es\/fr\/producto\/morceaux-de-lingue-sales-type-ling-2-kg\/#primaryimage","url":"https:\/\/elmejorjamon.es\/wp-content\/uploads\/2013\/01\/1037-thickbox_default-Migas-de-bacalao-salado-tipo-ling-5-kg.jpg","contentUrl":"https:\/\/elmejorjamon.es\/wp-content\/uploads\/2013\/01\/1037-thickbox_default-Migas-de-bacalao-salado-tipo-ling-5-kg.jpg","width":1100,"height":1422,"caption":"Migas de bacalao salado tipo ling 5 kg."},{"@type":"BreadcrumbList","@id":"https:\/\/elmejorjamon.es\/fr\/producto\/morceaux-de-lingue-sales-type-ling-2-kg\/#breadcrumb","itemListElement":[{"@type":"ListItem","position":1,"name":"Portada","item":"https:\/\/elmejorjamon.es\/fr\/"},{"@type":"ListItem","position":2,"name":"D\u00e9marrage rapide","item":"https:\/\/elmejorjamon.es\/fr\/"},{"@type":"ListItem","position":3,"name":"Morceaux de lingue sal\u00e9s type ling 2 kg."}]},{"@type":"WebSite","@id":"https:\/\/elmejorjamon.es\/#website","url":"https:\/\/elmejorjamon.es\/","name":"El Mejor Jam\u00f3n","description":"Comprar jamones y embutidos a buen precio","publisher":{"@id":"https:\/\/elmejorjamon.es\/#organization"},"potentialAction":[{"@type":"SearchAction","target":{"@type":"EntryPoint","urlTemplate":"https:\/\/elmejorjamon.es\/?s={search_term_string}"},"query-input":{"@type":"PropertyValueSpecification","valueRequired":true,"valueName":"search_term_string"}}],"inLanguage":"fr-FR"},{"@type":"Organization","@id":"https:\/\/elmejorjamon.es\/#organization","name":"El Mejor Jam\u00f3n","url":"https:\/\/elmejorjamon.es\/","logo":{"@type":"ImageObject","inLanguage":"fr-FR","@id":"https:\/\/elmejorjamon.es\/#\/schema\/logo\/image\/","url":"https:\/\/elmejorjamon.es\/wp-content\/uploads\/2025\/01\/logocorreos.png","contentUrl":"https:\/\/elmejorjamon.es\/wp-content\/uploads\/2025\/01\/logocorreos.png","width":277,"height":200,"caption":"El Mejor Jam\u00f3n"},"image":{"@id":"https:\/\/elmejorjamon.es\/#\/schema\/logo\/image\/"},"sameAs":["https:\/\/www.facebook.com\/elmejorjamonweb","https:\/\/x.com\/elmejorjamonweb","https:\/\/www.instagram.com\/elmejorjamonweb\/"]}]}},"_links":{"self":[{"href":"https:\/\/elmejorjamon.es\/fr\/wp-json\/wp\/v2\/product\/2445","targetHints":{"allow":["GET"]}}],"collection":[{"href":"https:\/\/elmejorjamon.es\/fr\/wp-json\/wp\/v2\/product"}],"about":[{"href":"https:\/\/elmejorjamon.es\/fr\/wp-json\/wp\/v2\/types\/product"}],"replies":[{"embeddable":true,"href":"https:\/\/elmejorjamon.es\/fr\/wp-json\/wp\/v2\/comments?post=2445"}],"wp:featuredmedia":[{"embeddable":true,"href":"https:\/\/elmejorjamon.es\/fr\/wp-json\/wp\/v2\/media\/2431"}],"wp:attachment":[{"href":"https:\/\/elmejorjamon.es\/fr\/wp-json\/wp\/v2\/media?parent=2445"}],"wp:term":[{"taxonomy":"product_brand","embeddable":true,"href":"https:\/\/elmejorjamon.es\/fr\/wp-json\/wp\/v2\/product_brand?post=2445"},{"taxonomy":"product_cat","embeddable":true,"href":"https:\/\/elmejorjamon.es\/fr\/wp-json\/wp\/v2\/product_cat?post=2445"},{"taxonomy":"product_tag","embeddable":true,"href":"https:\/\/elmejorjamon.es\/fr\/wp-json\/wp\/v2\/product_tag?post=2445"}],"curies":[{"name":"wp","href":"https:\/\/api.w.org\/{rel}","templated":true}]}}