{"id":2415,"date":"2013-01-21T23:20:34","date_gmt":"2013-01-21T22:20:34","guid":{"rendered":"https:\/\/nueva.elmejorjamon.es\/producto\/capelan-de-mediterranee-sales-boite-de-2-kg\/"},"modified":"2025-01-15T14:18:38","modified_gmt":"2025-01-15T13:18:38","slug":"capelan-de-mediterranee-sales-boite-de-2-kg","status":"publish","type":"product","link":"https:\/\/elmejorjamon.es\/fr\/producto\/capelan-de-mediterranee-sales-boite-de-2-kg\/","title":{"rendered":"Capelan de M\u00e9diterran\u00e9e sal\u00e9s bo\u00eete de 2 kg."},"content":{"rendered":"<p>Ce produit est une grande inconnue dans la plupart des endroits de la p\u00e9ninsule ib\u00e9rique. L&rsquo;Capelan de M\u00e9diterran\u00e9e est un merlan bleu, un lys ou une petite moue ou une t\u00eate enti\u00e8re, sans tripes, sans d\u00e9capitation, lav\u00e9 au sel et s\u00e9ch\u00e9 de fa\u00e7on traditionnelle. Pour les consommer, il est n\u00e9cessaire de les br\u00fbler sur un feu ouvert, soit dans une cuisine traditionnelle soit avec une petite torche.Ingr\u00e9dients: aum\u00f4niers, sel et eau. Conditionnement: bo\u00eete en bois d&rsquo;environ 2 kg Poids approximatif: 2 kg environ<\/p>\n","protected":false},"excerpt":{"rendered":"<p>Capelan de M\u00e9diterran\u00e9e sal\u00e9s bo\u00eete de 2 kg.<\/p>\n","protected":false},"featured_media":2409,"comment_status":"open","ping_status":"closed","template":"","meta":{"_et_pb_use_builder":"","_et_pb_old_content":"","_et_gb_content_width":"","_sitemap_exclude":false,"_sitemap_priority":"","_sitemap_frequency":""},"product_brand":[],"product_cat":[23,65,47],"product_tag":[],"class_list":{"0":"post-2415","1":"product","2":"type-product","3":"status-publish","4":"has-post-thumbnail","6":"product_cat-accueil","7":"product_cat-salazones-fr","8":"product_cat-tous-les-produits","9":"product_shipping_class-normal-fr","11":"first","12":"instock","13":"shipping-taxable","14":"purchasable","15":"product-type-simple"},"yoast_head":"<!-- This site is optimized with the Yoast SEO plugin v27.4 - https:\/\/yoast.com\/product\/yoast-seo-wordpress\/ -->\n<title>Capelan de M\u00e9diterran\u00e9e sal\u00e9s bo\u00eete de 2 kg. - El Mejor Jam\u00f3n<\/title>\n<meta name=\"robots\" content=\"index, follow, max-snippet:-1, max-image-preview:large, max-video-preview:-1\" \/>\n<link rel=\"canonical\" href=\"https:\/\/elmejorjamon.es\/fr\/producto\/capelan-de-mediterranee-sales-boite-de-2-kg\/\" \/>\n<meta property=\"og:locale\" content=\"fr_FR\" \/>\n<meta property=\"og:type\" content=\"article\" \/>\n<meta property=\"og:title\" content=\"Capelan de M\u00e9diterran\u00e9e sal\u00e9s bo\u00eete de 2 kg. - El Mejor Jam\u00f3n\" \/>\n<meta property=\"og:description\" content=\"Capelan de M\u00e9diterran\u00e9e sal\u00e9s bo\u00eete de 2 kg.\" \/>\n<meta property=\"og:url\" content=\"https:\/\/elmejorjamon.es\/fr\/producto\/capelan-de-mediterranee-sales-boite-de-2-kg\/\" \/>\n<meta property=\"og:site_name\" content=\"El Mejor Jam\u00f3n\" \/>\n<meta property=\"article:publisher\" content=\"https:\/\/www.facebook.com\/elmejorjamonweb\" \/>\n<meta property=\"article:modified_time\" content=\"2025-01-15T13:18:38+00:00\" \/>\n<meta property=\"og:image\" content=\"https:\/\/elmejorjamon.es\/wp-content\/uploads\/2013\/01\/358-thickbox_default-Capellanes-salados-caja-de-2-kg.jpg\" \/>\n\t<meta property=\"og:image:width\" content=\"1100\" \/>\n\t<meta property=\"og:image:height\" content=\"1422\" \/>\n\t<meta property=\"og:image:type\" content=\"image\/jpeg\" \/>\n<meta name=\"twitter:card\" content=\"summary_large_image\" \/>\n<meta name=\"twitter:site\" content=\"@elmejorjamonweb\" \/>\n<script type=\"application\/ld+json\" class=\"yoast-schema-graph\">{\"@context\":\"https:\\\/\\\/schema.org\",\"@graph\":[{\"@type\":\"WebPage\",\"@id\":\"https:\\\/\\\/elmejorjamon.es\\\/fr\\\/producto\\\/capelan-de-mediterranee-sales-boite-de-2-kg\\\/\",\"url\":\"https:\\\/\\\/elmejorjamon.es\\\/fr\\\/producto\\\/capelan-de-mediterranee-sales-boite-de-2-kg\\\/\",\"name\":\"Capelan de M\u00e9diterran\u00e9e sal\u00e9s bo\u00eete de 2 kg. - El Mejor Jam\u00f3n\",\"isPartOf\":{\"@id\":\"https:\\\/\\\/elmejorjamon.es\\\/#website\"},\"primaryImageOfPage\":{\"@id\":\"https:\\\/\\\/elmejorjamon.es\\\/fr\\\/producto\\\/capelan-de-mediterranee-sales-boite-de-2-kg\\\/#primaryimage\"},\"image\":{\"@id\":\"https:\\\/\\\/elmejorjamon.es\\\/fr\\\/producto\\\/capelan-de-mediterranee-sales-boite-de-2-kg\\\/#primaryimage\"},\"thumbnailUrl\":\"https:\\\/\\\/elmejorjamon.es\\\/wp-content\\\/uploads\\\/2013\\\/01\\\/358-thickbox_default-Capellanes-salados-caja-de-2-kg.jpg\",\"datePublished\":\"2013-01-21T22:20:34+00:00\",\"dateModified\":\"2025-01-15T13:18:38+00:00\",\"breadcrumb\":{\"@id\":\"https:\\\/\\\/elmejorjamon.es\\\/fr\\\/producto\\\/capelan-de-mediterranee-sales-boite-de-2-kg\\\/#breadcrumb\"},\"inLanguage\":\"fr-FR\",\"potentialAction\":[{\"@type\":\"ReadAction\",\"target\":[\"https:\\\/\\\/elmejorjamon.es\\\/fr\\\/producto\\\/capelan-de-mediterranee-sales-boite-de-2-kg\\\/\"]}]},{\"@type\":\"ImageObject\",\"inLanguage\":\"fr-FR\",\"@id\":\"https:\\\/\\\/elmejorjamon.es\\\/fr\\\/producto\\\/capelan-de-mediterranee-sales-boite-de-2-kg\\\/#primaryimage\",\"url\":\"https:\\\/\\\/elmejorjamon.es\\\/wp-content\\\/uploads\\\/2013\\\/01\\\/358-thickbox_default-Capellanes-salados-caja-de-2-kg.jpg\",\"contentUrl\":\"https:\\\/\\\/elmejorjamon.es\\\/wp-content\\\/uploads\\\/2013\\\/01\\\/358-thickbox_default-Capellanes-salados-caja-de-2-kg.jpg\",\"width\":1100,\"height\":1422},{\"@type\":\"BreadcrumbList\",\"@id\":\"https:\\\/\\\/elmejorjamon.es\\\/fr\\\/producto\\\/capelan-de-mediterranee-sales-boite-de-2-kg\\\/#breadcrumb\",\"itemListElement\":[{\"@type\":\"ListItem\",\"position\":1,\"name\":\"Portada\",\"item\":\"https:\\\/\\\/elmejorjamon.es\\\/fr\\\/\"},{\"@type\":\"ListItem\",\"position\":2,\"name\":\"D\u00e9marrage rapide\",\"item\":\"https:\\\/\\\/elmejorjamon.es\\\/fr\\\/\"},{\"@type\":\"ListItem\",\"position\":3,\"name\":\"Capelan de M\u00e9diterran\u00e9e sal\u00e9s bo\u00eete de 2 kg.\"}]},{\"@type\":\"WebSite\",\"@id\":\"https:\\\/\\\/elmejorjamon.es\\\/#website\",\"url\":\"https:\\\/\\\/elmejorjamon.es\\\/\",\"name\":\"El Mejor Jam\u00f3n\",\"description\":\"Comprar jamones y embutidos a buen precio\",\"publisher\":{\"@id\":\"https:\\\/\\\/elmejorjamon.es\\\/#organization\"},\"potentialAction\":[{\"@type\":\"SearchAction\",\"target\":{\"@type\":\"EntryPoint\",\"urlTemplate\":\"https:\\\/\\\/elmejorjamon.es\\\/?s={search_term_string}\"},\"query-input\":{\"@type\":\"PropertyValueSpecification\",\"valueRequired\":true,\"valueName\":\"search_term_string\"}}],\"inLanguage\":\"fr-FR\"},{\"@type\":\"Organization\",\"@id\":\"https:\\\/\\\/elmejorjamon.es\\\/#organization\",\"name\":\"El Mejor Jam\u00f3n\",\"url\":\"https:\\\/\\\/elmejorjamon.es\\\/\",\"logo\":{\"@type\":\"ImageObject\",\"inLanguage\":\"fr-FR\",\"@id\":\"https:\\\/\\\/elmejorjamon.es\\\/#\\\/schema\\\/logo\\\/image\\\/\",\"url\":\"https:\\\/\\\/elmejorjamon.es\\\/wp-content\\\/uploads\\\/2025\\\/01\\\/logocorreos.png\",\"contentUrl\":\"https:\\\/\\\/elmejorjamon.es\\\/wp-content\\\/uploads\\\/2025\\\/01\\\/logocorreos.png\",\"width\":277,\"height\":200,\"caption\":\"El Mejor Jam\u00f3n\"},\"image\":{\"@id\":\"https:\\\/\\\/elmejorjamon.es\\\/#\\\/schema\\\/logo\\\/image\\\/\"},\"sameAs\":[\"https:\\\/\\\/www.facebook.com\\\/elmejorjamonweb\",\"https:\\\/\\\/x.com\\\/elmejorjamonweb\",\"https:\\\/\\\/www.instagram.com\\\/elmejorjamonweb\\\/\"]}]}<\/script>\n<!-- \/ Yoast SEO plugin. -->","yoast_head_json":{"title":"Capelan de M\u00e9diterran\u00e9e sal\u00e9s bo\u00eete de 2 kg. - El Mejor Jam\u00f3n","robots":{"index":"index","follow":"follow","max-snippet":"max-snippet:-1","max-image-preview":"max-image-preview:large","max-video-preview":"max-video-preview:-1"},"canonical":"https:\/\/elmejorjamon.es\/fr\/producto\/capelan-de-mediterranee-sales-boite-de-2-kg\/","og_locale":"fr_FR","og_type":"article","og_title":"Capelan de M\u00e9diterran\u00e9e sal\u00e9s bo\u00eete de 2 kg. - El Mejor Jam\u00f3n","og_description":"Capelan de M\u00e9diterran\u00e9e sal\u00e9s bo\u00eete de 2 kg.","og_url":"https:\/\/elmejorjamon.es\/fr\/producto\/capelan-de-mediterranee-sales-boite-de-2-kg\/","og_site_name":"El Mejor Jam\u00f3n","article_publisher":"https:\/\/www.facebook.com\/elmejorjamonweb","article_modified_time":"2025-01-15T13:18:38+00:00","og_image":[{"width":1100,"height":1422,"url":"https:\/\/elmejorjamon.es\/wp-content\/uploads\/2013\/01\/358-thickbox_default-Capellanes-salados-caja-de-2-kg.jpg","type":"image\/jpeg"}],"twitter_card":"summary_large_image","twitter_site":"@elmejorjamonweb","schema":{"@context":"https:\/\/schema.org","@graph":[{"@type":"WebPage","@id":"https:\/\/elmejorjamon.es\/fr\/producto\/capelan-de-mediterranee-sales-boite-de-2-kg\/","url":"https:\/\/elmejorjamon.es\/fr\/producto\/capelan-de-mediterranee-sales-boite-de-2-kg\/","name":"Capelan de M\u00e9diterran\u00e9e sal\u00e9s bo\u00eete de 2 kg. - El Mejor Jam\u00f3n","isPartOf":{"@id":"https:\/\/elmejorjamon.es\/#website"},"primaryImageOfPage":{"@id":"https:\/\/elmejorjamon.es\/fr\/producto\/capelan-de-mediterranee-sales-boite-de-2-kg\/#primaryimage"},"image":{"@id":"https:\/\/elmejorjamon.es\/fr\/producto\/capelan-de-mediterranee-sales-boite-de-2-kg\/#primaryimage"},"thumbnailUrl":"https:\/\/elmejorjamon.es\/wp-content\/uploads\/2013\/01\/358-thickbox_default-Capellanes-salados-caja-de-2-kg.jpg","datePublished":"2013-01-21T22:20:34+00:00","dateModified":"2025-01-15T13:18:38+00:00","breadcrumb":{"@id":"https:\/\/elmejorjamon.es\/fr\/producto\/capelan-de-mediterranee-sales-boite-de-2-kg\/#breadcrumb"},"inLanguage":"fr-FR","potentialAction":[{"@type":"ReadAction","target":["https:\/\/elmejorjamon.es\/fr\/producto\/capelan-de-mediterranee-sales-boite-de-2-kg\/"]}]},{"@type":"ImageObject","inLanguage":"fr-FR","@id":"https:\/\/elmejorjamon.es\/fr\/producto\/capelan-de-mediterranee-sales-boite-de-2-kg\/#primaryimage","url":"https:\/\/elmejorjamon.es\/wp-content\/uploads\/2013\/01\/358-thickbox_default-Capellanes-salados-caja-de-2-kg.jpg","contentUrl":"https:\/\/elmejorjamon.es\/wp-content\/uploads\/2013\/01\/358-thickbox_default-Capellanes-salados-caja-de-2-kg.jpg","width":1100,"height":1422},{"@type":"BreadcrumbList","@id":"https:\/\/elmejorjamon.es\/fr\/producto\/capelan-de-mediterranee-sales-boite-de-2-kg\/#breadcrumb","itemListElement":[{"@type":"ListItem","position":1,"name":"Portada","item":"https:\/\/elmejorjamon.es\/fr\/"},{"@type":"ListItem","position":2,"name":"D\u00e9marrage rapide","item":"https:\/\/elmejorjamon.es\/fr\/"},{"@type":"ListItem","position":3,"name":"Capelan de M\u00e9diterran\u00e9e sal\u00e9s bo\u00eete de 2 kg."}]},{"@type":"WebSite","@id":"https:\/\/elmejorjamon.es\/#website","url":"https:\/\/elmejorjamon.es\/","name":"El Mejor Jam\u00f3n","description":"Comprar jamones y embutidos a buen precio","publisher":{"@id":"https:\/\/elmejorjamon.es\/#organization"},"potentialAction":[{"@type":"SearchAction","target":{"@type":"EntryPoint","urlTemplate":"https:\/\/elmejorjamon.es\/?s={search_term_string}"},"query-input":{"@type":"PropertyValueSpecification","valueRequired":true,"valueName":"search_term_string"}}],"inLanguage":"fr-FR"},{"@type":"Organization","@id":"https:\/\/elmejorjamon.es\/#organization","name":"El Mejor Jam\u00f3n","url":"https:\/\/elmejorjamon.es\/","logo":{"@type":"ImageObject","inLanguage":"fr-FR","@id":"https:\/\/elmejorjamon.es\/#\/schema\/logo\/image\/","url":"https:\/\/elmejorjamon.es\/wp-content\/uploads\/2025\/01\/logocorreos.png","contentUrl":"https:\/\/elmejorjamon.es\/wp-content\/uploads\/2025\/01\/logocorreos.png","width":277,"height":200,"caption":"El Mejor Jam\u00f3n"},"image":{"@id":"https:\/\/elmejorjamon.es\/#\/schema\/logo\/image\/"},"sameAs":["https:\/\/www.facebook.com\/elmejorjamonweb","https:\/\/x.com\/elmejorjamonweb","https:\/\/www.instagram.com\/elmejorjamonweb\/"]}]}},"_links":{"self":[{"href":"https:\/\/elmejorjamon.es\/fr\/wp-json\/wp\/v2\/product\/2415","targetHints":{"allow":["GET"]}}],"collection":[{"href":"https:\/\/elmejorjamon.es\/fr\/wp-json\/wp\/v2\/product"}],"about":[{"href":"https:\/\/elmejorjamon.es\/fr\/wp-json\/wp\/v2\/types\/product"}],"replies":[{"embeddable":true,"href":"https:\/\/elmejorjamon.es\/fr\/wp-json\/wp\/v2\/comments?post=2415"}],"wp:featuredmedia":[{"embeddable":true,"href":"https:\/\/elmejorjamon.es\/fr\/wp-json\/wp\/v2\/media\/2409"}],"wp:attachment":[{"href":"https:\/\/elmejorjamon.es\/fr\/wp-json\/wp\/v2\/media?parent=2415"}],"wp:term":[{"taxonomy":"product_brand","embeddable":true,"href":"https:\/\/elmejorjamon.es\/fr\/wp-json\/wp\/v2\/product_brand?post=2415"},{"taxonomy":"product_cat","embeddable":true,"href":"https:\/\/elmejorjamon.es\/fr\/wp-json\/wp\/v2\/product_cat?post=2415"},{"taxonomy":"product_tag","embeddable":true,"href":"https:\/\/elmejorjamon.es\/fr\/wp-json\/wp\/v2\/product_tag?post=2415"}],"curies":[{"name":"wp","href":"https:\/\/api.w.org\/{rel}","templated":true}]}}