{"id":22165,"date":"2026-04-10T12:51:40","date_gmt":"2026-04-10T10:51:40","guid":{"rendered":"https:\/\/elmejorjamon.es\/?post_type=product&#038;p=22165"},"modified":"2026-04-10T13:17:39","modified_gmt":"2026-04-10T11:17:39","slug":"huile-dolive-extra-vierge-auteur-pago-francisco-gomez-500-ml","status":"publish","type":"product","link":"https:\/\/elmejorjamon.es\/fr\/producto\/huile-dolive-extra-vierge-auteur-pago-francisco-gomez-500-ml\/","title":{"rendered":"Huile d&rsquo;olive extra vierge auteur Pago Francisco Gomez 500 ml."},"content":{"rendered":"<p>ACCORDS<\/p>\n<p>Huile d&rsquo;olive extra vierge d&rsquo;exception. Id\u00e9ale pour sublimer salades gourmandes, poissons blancs, carpaccios et fromages frais. Parfaite \u00e0 d\u00e9guster crue sur du pain artisanal ou en touche finale sur des plats de haute cuisine.<\/p>\n<p>C\u00c9PAGES : Picual &#8211; Lecciana &#8211; Chiquitita<\/p>\n<p>PRODUCTION :<\/p>\n<p>NOTES DE D\u00c9GUSTATION<\/p>\n<p>Lumineuse et brillante, d&rsquo;une intense couleur vert dor\u00e9, elle refl\u00e8te sa fra\u00eecheur et sa grande qualit\u00e9. Sa densit\u00e9 moyenne \u00e0 \u00e9lev\u00e9e lui conf\u00e8re une pr\u00e9sence remarquable dans le verre et en bouche.<\/p>\n<p>Un nez expressif et \u00e9l\u00e9gant, aux ar\u00f4mes de fruits verts, o\u00f9 se d\u00e9tachent des notes fra\u00eeches d&rsquo;herbe coup\u00e9e, de banane, d&rsquo;amande, d&rsquo;artichaut et de fruits secs. De subtiles nuances de tomate, de banane et de pomme se per\u00e7oivent, sur un fond l\u00e9g\u00e8rement \u00e9pic\u00e9 qui ajoute complexit\u00e9 et profondeur.<\/p>\n<p>En bouche, elle offre une attaque velout\u00e9e, \u00e9voluant vers une amertume et un piquant moyens, \u00e9quilibr\u00e9s et persistants, caract\u00e9ristiques du c\u00e9page Picual et renforc\u00e9s par la personnalit\u00e9 unique des c\u00e9pages Chiquitita et Lecciana (bl\u00e9 vert et herbe tendre). Son arri\u00e8re-go\u00fbt est long, laissant des notes de noix et de feuille de tomate.<\/p>\n","protected":false},"excerpt":{"rendered":"<p>Huile d&rsquo;olive extra vierge bio et \u00e9cologique auteur Pago Francisco Gomez 500 ml.<\/p>\n","protected":false},"featured_media":22171,"comment_status":"open","ping_status":"closed","template":"","meta":{"_et_pb_use_builder":"","_et_pb_old_content":"","_et_gb_content_width":"","_sitemap_exclude":false,"_sitemap_priority":"","_sitemap_frequency":""},"product_brand":[],"product_cat":[23,119,47],"product_tag":[],"class_list":{"0":"post-22165","1":"product","2":"type-product","3":"status-publish","4":"has-post-thumbnail","6":"product_cat-accueil","7":"product_cat-aceites-fr","8":"product_cat-tous-les-produits","9":"product_shipping_class-normal-fr","11":"first","12":"instock","13":"shipping-taxable","14":"purchasable","15":"product-type-simple"},"yoast_head":"<!-- This site is optimized with the Yoast SEO plugin v27.4 - https:\/\/yoast.com\/product\/yoast-seo-wordpress\/ -->\n<title>Huile d&#039;olive extra vierge auteur Pago Francisco Gomez 500 ml. - El Mejor Jam\u00f3n<\/title>\n<meta name=\"description\" content=\"Huile d&#039;olive extra vierge id\u00e9ale pour sublimer salades gourmandes,poissons blancs,carpaccios et fromages frais.Parfaite \u00e0 d\u00e9guster crue sur du pain\" \/>\n<meta name=\"robots\" content=\"index, follow, max-snippet:-1, max-image-preview:large, max-video-preview:-1\" \/>\n<link rel=\"canonical\" href=\"https:\/\/elmejorjamon.es\/fr\/producto\/huile-dolive-extra-vierge-auteur-pago-francisco-gomez-500-ml\/\" \/>\n<meta property=\"og:locale\" content=\"fr_FR\" \/>\n<meta property=\"og:type\" content=\"article\" \/>\n<meta property=\"og:title\" content=\"Huile d&#039;olive extra vierge auteur Pago Francisco Gomez 500 ml. - El Mejor Jam\u00f3n\" \/>\n<meta property=\"og:description\" content=\"Huile d&#039;olive extra vierge id\u00e9ale pour sublimer salades gourmandes,poissons blancs,carpaccios et fromages frais.Parfaite \u00e0 d\u00e9guster crue sur du pain\" \/>\n<meta property=\"og:url\" content=\"https:\/\/elmejorjamon.es\/fr\/producto\/huile-dolive-extra-vierge-auteur-pago-francisco-gomez-500-ml\/\" \/>\n<meta property=\"og:site_name\" content=\"El Mejor Jam\u00f3n\" \/>\n<meta property=\"article:publisher\" content=\"https:\/\/www.facebook.com\/elmejorjamonweb\" \/>\n<meta property=\"article:modified_time\" content=\"2026-04-10T11:17:39+00:00\" \/>\n<meta property=\"og:image\" content=\"https:\/\/elmejorjamon.es\/wp-content\/uploads\/2026\/04\/pago_can.jpg\" \/>\n\t<meta property=\"og:image:width\" content=\"450\" \/>\n\t<meta property=\"og:image:height\" content=\"900\" \/>\n\t<meta property=\"og:image:type\" content=\"image\/jpeg\" \/>\n<meta name=\"twitter:card\" content=\"summary_large_image\" \/>\n<meta name=\"twitter:site\" content=\"@elmejorjamonweb\" \/>\n<meta name=\"twitter:label1\" content=\"Dur\u00e9e de lecture estim\u00e9e\" \/>\n\t<meta name=\"twitter:data1\" content=\"2 minutes\" \/>\n<script type=\"application\/ld+json\" class=\"yoast-schema-graph\">{\"@context\":\"https:\\\/\\\/schema.org\",\"@graph\":[{\"@type\":\"WebPage\",\"@id\":\"https:\\\/\\\/elmejorjamon.es\\\/fr\\\/producto\\\/huile-dolive-extra-vierge-auteur-pago-francisco-gomez-500-ml\\\/\",\"url\":\"https:\\\/\\\/elmejorjamon.es\\\/fr\\\/producto\\\/huile-dolive-extra-vierge-auteur-pago-francisco-gomez-500-ml\\\/\",\"name\":\"Huile d'olive extra vierge auteur Pago Francisco Gomez 500 ml. - El Mejor Jam\u00f3n\",\"isPartOf\":{\"@id\":\"https:\\\/\\\/elmejorjamon.es\\\/#website\"},\"primaryImageOfPage\":{\"@id\":\"https:\\\/\\\/elmejorjamon.es\\\/fr\\\/producto\\\/huile-dolive-extra-vierge-auteur-pago-francisco-gomez-500-ml\\\/#primaryimage\"},\"image\":{\"@id\":\"https:\\\/\\\/elmejorjamon.es\\\/fr\\\/producto\\\/huile-dolive-extra-vierge-auteur-pago-francisco-gomez-500-ml\\\/#primaryimage\"},\"thumbnailUrl\":\"https:\\\/\\\/elmejorjamon.es\\\/wp-content\\\/uploads\\\/2026\\\/04\\\/pago_can.jpg\",\"datePublished\":\"2026-04-10T10:51:40+00:00\",\"dateModified\":\"2026-04-10T11:17:39+00:00\",\"description\":\"Huile d'olive extra vierge id\u00e9ale pour sublimer salades gourmandes,poissons blancs,carpaccios et fromages frais.Parfaite \u00e0 d\u00e9guster crue sur du pain\",\"breadcrumb\":{\"@id\":\"https:\\\/\\\/elmejorjamon.es\\\/fr\\\/producto\\\/huile-dolive-extra-vierge-auteur-pago-francisco-gomez-500-ml\\\/#breadcrumb\"},\"inLanguage\":\"fr-FR\",\"potentialAction\":[{\"@type\":\"ReadAction\",\"target\":[\"https:\\\/\\\/elmejorjamon.es\\\/fr\\\/producto\\\/huile-dolive-extra-vierge-auteur-pago-francisco-gomez-500-ml\\\/\"]}]},{\"@type\":\"ImageObject\",\"inLanguage\":\"fr-FR\",\"@id\":\"https:\\\/\\\/elmejorjamon.es\\\/fr\\\/producto\\\/huile-dolive-extra-vierge-auteur-pago-francisco-gomez-500-ml\\\/#primaryimage\",\"url\":\"https:\\\/\\\/elmejorjamon.es\\\/wp-content\\\/uploads\\\/2026\\\/04\\\/pago_can.jpg\",\"contentUrl\":\"https:\\\/\\\/elmejorjamon.es\\\/wp-content\\\/uploads\\\/2026\\\/04\\\/pago_can.jpg\",\"width\":450,\"height\":900},{\"@type\":\"BreadcrumbList\",\"@id\":\"https:\\\/\\\/elmejorjamon.es\\\/fr\\\/producto\\\/huile-dolive-extra-vierge-auteur-pago-francisco-gomez-500-ml\\\/#breadcrumb\",\"itemListElement\":[{\"@type\":\"ListItem\",\"position\":1,\"name\":\"Portada\",\"item\":\"https:\\\/\\\/elmejorjamon.es\\\/fr\\\/\"},{\"@type\":\"ListItem\",\"position\":2,\"name\":\"D\u00e9marrage rapide\",\"item\":\"https:\\\/\\\/elmejorjamon.es\\\/fr\\\/\"},{\"@type\":\"ListItem\",\"position\":3,\"name\":\"Huile d&#8217;olive extra vierge auteur Pago Francisco Gomez 500 ml.\"}]},{\"@type\":\"WebSite\",\"@id\":\"https:\\\/\\\/elmejorjamon.es\\\/#website\",\"url\":\"https:\\\/\\\/elmejorjamon.es\\\/\",\"name\":\"El Mejor Jam\u00f3n\",\"description\":\"Comprar jamones y embutidos a buen precio\",\"publisher\":{\"@id\":\"https:\\\/\\\/elmejorjamon.es\\\/#organization\"},\"potentialAction\":[{\"@type\":\"SearchAction\",\"target\":{\"@type\":\"EntryPoint\",\"urlTemplate\":\"https:\\\/\\\/elmejorjamon.es\\\/?s={search_term_string}\"},\"query-input\":{\"@type\":\"PropertyValueSpecification\",\"valueRequired\":true,\"valueName\":\"search_term_string\"}}],\"inLanguage\":\"fr-FR\"},{\"@type\":\"Organization\",\"@id\":\"https:\\\/\\\/elmejorjamon.es\\\/#organization\",\"name\":\"El Mejor Jam\u00f3n\",\"url\":\"https:\\\/\\\/elmejorjamon.es\\\/\",\"logo\":{\"@type\":\"ImageObject\",\"inLanguage\":\"fr-FR\",\"@id\":\"https:\\\/\\\/elmejorjamon.es\\\/#\\\/schema\\\/logo\\\/image\\\/\",\"url\":\"https:\\\/\\\/elmejorjamon.es\\\/wp-content\\\/uploads\\\/2025\\\/01\\\/logocorreos.png\",\"contentUrl\":\"https:\\\/\\\/elmejorjamon.es\\\/wp-content\\\/uploads\\\/2025\\\/01\\\/logocorreos.png\",\"width\":277,\"height\":200,\"caption\":\"El Mejor Jam\u00f3n\"},\"image\":{\"@id\":\"https:\\\/\\\/elmejorjamon.es\\\/#\\\/schema\\\/logo\\\/image\\\/\"},\"sameAs\":[\"https:\\\/\\\/www.facebook.com\\\/elmejorjamonweb\",\"https:\\\/\\\/x.com\\\/elmejorjamonweb\",\"https:\\\/\\\/www.instagram.com\\\/elmejorjamonweb\\\/\"]}]}<\/script>\n<!-- \/ Yoast SEO plugin. -->","yoast_head_json":{"title":"Huile d'olive extra vierge auteur Pago Francisco Gomez 500 ml. - El Mejor Jam\u00f3n","description":"Huile d'olive extra vierge id\u00e9ale pour sublimer salades gourmandes,poissons blancs,carpaccios et fromages frais.Parfaite \u00e0 d\u00e9guster crue sur du pain","robots":{"index":"index","follow":"follow","max-snippet":"max-snippet:-1","max-image-preview":"max-image-preview:large","max-video-preview":"max-video-preview:-1"},"canonical":"https:\/\/elmejorjamon.es\/fr\/producto\/huile-dolive-extra-vierge-auteur-pago-francisco-gomez-500-ml\/","og_locale":"fr_FR","og_type":"article","og_title":"Huile d'olive extra vierge auteur Pago Francisco Gomez 500 ml. - El Mejor Jam\u00f3n","og_description":"Huile d'olive extra vierge id\u00e9ale pour sublimer salades gourmandes,poissons blancs,carpaccios et fromages frais.Parfaite \u00e0 d\u00e9guster crue sur du pain","og_url":"https:\/\/elmejorjamon.es\/fr\/producto\/huile-dolive-extra-vierge-auteur-pago-francisco-gomez-500-ml\/","og_site_name":"El Mejor Jam\u00f3n","article_publisher":"https:\/\/www.facebook.com\/elmejorjamonweb","article_modified_time":"2026-04-10T11:17:39+00:00","og_image":[{"width":450,"height":900,"url":"https:\/\/elmejorjamon.es\/wp-content\/uploads\/2026\/04\/pago_can.jpg","type":"image\/jpeg"}],"twitter_card":"summary_large_image","twitter_site":"@elmejorjamonweb","twitter_misc":{"Dur\u00e9e de lecture estim\u00e9e":"2 minutes"},"schema":{"@context":"https:\/\/schema.org","@graph":[{"@type":"WebPage","@id":"https:\/\/elmejorjamon.es\/fr\/producto\/huile-dolive-extra-vierge-auteur-pago-francisco-gomez-500-ml\/","url":"https:\/\/elmejorjamon.es\/fr\/producto\/huile-dolive-extra-vierge-auteur-pago-francisco-gomez-500-ml\/","name":"Huile d'olive extra vierge auteur Pago Francisco Gomez 500 ml. - El Mejor Jam\u00f3n","isPartOf":{"@id":"https:\/\/elmejorjamon.es\/#website"},"primaryImageOfPage":{"@id":"https:\/\/elmejorjamon.es\/fr\/producto\/huile-dolive-extra-vierge-auteur-pago-francisco-gomez-500-ml\/#primaryimage"},"image":{"@id":"https:\/\/elmejorjamon.es\/fr\/producto\/huile-dolive-extra-vierge-auteur-pago-francisco-gomez-500-ml\/#primaryimage"},"thumbnailUrl":"https:\/\/elmejorjamon.es\/wp-content\/uploads\/2026\/04\/pago_can.jpg","datePublished":"2026-04-10T10:51:40+00:00","dateModified":"2026-04-10T11:17:39+00:00","description":"Huile d'olive extra vierge id\u00e9ale pour sublimer salades gourmandes,poissons blancs,carpaccios et fromages frais.Parfaite \u00e0 d\u00e9guster crue sur du pain","breadcrumb":{"@id":"https:\/\/elmejorjamon.es\/fr\/producto\/huile-dolive-extra-vierge-auteur-pago-francisco-gomez-500-ml\/#breadcrumb"},"inLanguage":"fr-FR","potentialAction":[{"@type":"ReadAction","target":["https:\/\/elmejorjamon.es\/fr\/producto\/huile-dolive-extra-vierge-auteur-pago-francisco-gomez-500-ml\/"]}]},{"@type":"ImageObject","inLanguage":"fr-FR","@id":"https:\/\/elmejorjamon.es\/fr\/producto\/huile-dolive-extra-vierge-auteur-pago-francisco-gomez-500-ml\/#primaryimage","url":"https:\/\/elmejorjamon.es\/wp-content\/uploads\/2026\/04\/pago_can.jpg","contentUrl":"https:\/\/elmejorjamon.es\/wp-content\/uploads\/2026\/04\/pago_can.jpg","width":450,"height":900},{"@type":"BreadcrumbList","@id":"https:\/\/elmejorjamon.es\/fr\/producto\/huile-dolive-extra-vierge-auteur-pago-francisco-gomez-500-ml\/#breadcrumb","itemListElement":[{"@type":"ListItem","position":1,"name":"Portada","item":"https:\/\/elmejorjamon.es\/fr\/"},{"@type":"ListItem","position":2,"name":"D\u00e9marrage rapide","item":"https:\/\/elmejorjamon.es\/fr\/"},{"@type":"ListItem","position":3,"name":"Huile d&#8217;olive extra vierge auteur Pago Francisco Gomez 500 ml."}]},{"@type":"WebSite","@id":"https:\/\/elmejorjamon.es\/#website","url":"https:\/\/elmejorjamon.es\/","name":"El Mejor Jam\u00f3n","description":"Comprar jamones y embutidos a buen precio","publisher":{"@id":"https:\/\/elmejorjamon.es\/#organization"},"potentialAction":[{"@type":"SearchAction","target":{"@type":"EntryPoint","urlTemplate":"https:\/\/elmejorjamon.es\/?s={search_term_string}"},"query-input":{"@type":"PropertyValueSpecification","valueRequired":true,"valueName":"search_term_string"}}],"inLanguage":"fr-FR"},{"@type":"Organization","@id":"https:\/\/elmejorjamon.es\/#organization","name":"El Mejor Jam\u00f3n","url":"https:\/\/elmejorjamon.es\/","logo":{"@type":"ImageObject","inLanguage":"fr-FR","@id":"https:\/\/elmejorjamon.es\/#\/schema\/logo\/image\/","url":"https:\/\/elmejorjamon.es\/wp-content\/uploads\/2025\/01\/logocorreos.png","contentUrl":"https:\/\/elmejorjamon.es\/wp-content\/uploads\/2025\/01\/logocorreos.png","width":277,"height":200,"caption":"El Mejor Jam\u00f3n"},"image":{"@id":"https:\/\/elmejorjamon.es\/#\/schema\/logo\/image\/"},"sameAs":["https:\/\/www.facebook.com\/elmejorjamonweb","https:\/\/x.com\/elmejorjamonweb","https:\/\/www.instagram.com\/elmejorjamonweb\/"]}]}},"_links":{"self":[{"href":"https:\/\/elmejorjamon.es\/fr\/wp-json\/wp\/v2\/product\/22165","targetHints":{"allow":["GET"]}}],"collection":[{"href":"https:\/\/elmejorjamon.es\/fr\/wp-json\/wp\/v2\/product"}],"about":[{"href":"https:\/\/elmejorjamon.es\/fr\/wp-json\/wp\/v2\/types\/product"}],"replies":[{"embeddable":true,"href":"https:\/\/elmejorjamon.es\/fr\/wp-json\/wp\/v2\/comments?post=22165"}],"wp:featuredmedia":[{"embeddable":true,"href":"https:\/\/elmejorjamon.es\/fr\/wp-json\/wp\/v2\/media\/22171"}],"wp:attachment":[{"href":"https:\/\/elmejorjamon.es\/fr\/wp-json\/wp\/v2\/media?parent=22165"}],"wp:term":[{"taxonomy":"product_brand","embeddable":true,"href":"https:\/\/elmejorjamon.es\/fr\/wp-json\/wp\/v2\/product_brand?post=22165"},{"taxonomy":"product_cat","embeddable":true,"href":"https:\/\/elmejorjamon.es\/fr\/wp-json\/wp\/v2\/product_cat?post=22165"},{"taxonomy":"product_tag","embeddable":true,"href":"https:\/\/elmejorjamon.es\/fr\/wp-json\/wp\/v2\/product_tag?post=22165"}],"curies":[{"name":"wp","href":"https:\/\/api.w.org\/{rel}","templated":true}]}}