{"id":21585,"date":"2026-01-23T10:29:02","date_gmt":"2026-01-23T09:29:02","guid":{"rendered":"https:\/\/elmejorjamon.es\/?post_type=product&#038;p=21585"},"modified":"2026-01-23T11:31:35","modified_gmt":"2026-01-23T10:31:35","slug":"anchois-cantabriques-a-lhuile-dolive-la-castrena-45-unites","status":"publish","type":"product","link":"https:\/\/elmejorjamon.es\/fr\/producto\/anchois-cantabriques-a-lhuile-dolive-la-castrena-45-unites\/","title":{"rendered":"Anchois cantabriques \u00e0 l&rsquo;huile d&rsquo;olive La Castre\u00f1a 45 unit\u00e9s."},"content":{"rendered":"<p>Ingr\u00e9dients : Anchois (Engraulis encrasicolus), huile d&rsquo;olive et sel.<\/p>\n<p>Barquette de 45 gros filets.<\/p>\n","protected":false},"excerpt":{"rendered":"<p>Anchois cantabriques \u00e0 l&rsquo;huile d&rsquo;olive La Castre\u00f1a 45 unit\u00e9s.<\/p>\n","protected":false},"featured_media":21597,"comment_status":"open","ping_status":"closed","template":"","meta":{"_et_pb_use_builder":"off","_et_pb_old_content":"Ingr\u00e9dients : Anchois (Engraulis encrasicolus), huile d'olive et sel.\r\n\r\nBarquette de 45 gros filets.","_et_gb_content_width":"","_sitemap_exclude":false,"_sitemap_priority":"","_sitemap_frequency":""},"product_brand":[],"product_cat":[23,185,41,47],"product_tag":[],"class_list":{"0":"post-21585","1":"product","2":"type-product","3":"status-publish","4":"has-post-thumbnail","6":"product_cat-accueil","7":"product_cat-anchois","8":"product_cat-conserves","9":"product_cat-tous-les-produits","10":"product_shipping_class-normal-fr","12":"first","13":"instock","14":"shipping-taxable","15":"purchasable","16":"product-type-simple"},"yoast_head":"<!-- This site is optimized with the Yoast SEO plugin v27.4 - https:\/\/yoast.com\/product\/yoast-seo-wordpress\/ -->\n<title>Acheter Anchois cantabriques \u00e0 l&#039;huile d&#039;olive La Castre\u00f1a 45 unit\u00e9s. - El Mejor Jam\u00f3n<\/title>\n<meta name=\"description\" content=\"Ingr\u00e9dients : Anchois (Engraulis encrasicolus), huile d&#039;olive et sel. Barquette de 45 gros filets.\" \/>\n<meta name=\"robots\" content=\"index, follow, max-snippet:-1, max-image-preview:large, max-video-preview:-1\" \/>\n<link rel=\"canonical\" href=\"https:\/\/elmejorjamon.es\/fr\/producto\/anchois-cantabriques-a-lhuile-dolive-la-castrena-45-unites\/\" \/>\n<meta property=\"og:locale\" content=\"fr_FR\" \/>\n<meta property=\"og:type\" content=\"article\" \/>\n<meta property=\"og:title\" content=\"Acheter Anchois cantabriques \u00e0 l&#039;huile d&#039;olive La Castre\u00f1a 45 unit\u00e9s. - El Mejor Jam\u00f3n\" \/>\n<meta property=\"og:description\" content=\"Ingr\u00e9dients : Anchois (Engraulis encrasicolus), huile d&#039;olive et sel. Barquette de 45 gros filets.\" \/>\n<meta property=\"og:url\" content=\"https:\/\/elmejorjamon.es\/fr\/producto\/anchois-cantabriques-a-lhuile-dolive-la-castrena-45-unites\/\" \/>\n<meta property=\"og:site_name\" content=\"El Mejor Jam\u00f3n\" \/>\n<meta property=\"article:publisher\" content=\"https:\/\/www.facebook.com\/elmejorjamonweb\" \/>\n<meta property=\"article:modified_time\" content=\"2026-01-23T10:31:35+00:00\" \/>\n<meta property=\"og:image\" content=\"https:\/\/elmejorjamon.es\/wp-content\/uploads\/2026\/01\/CANTABRICOCASTRENA.jpg\" \/>\n\t<meta property=\"og:image:width\" content=\"637\" \/>\n\t<meta property=\"og:image:height\" content=\"950\" \/>\n\t<meta property=\"og:image:type\" content=\"image\/jpeg\" \/>\n<meta name=\"twitter:card\" content=\"summary_large_image\" \/>\n<meta name=\"twitter:site\" content=\"@elmejorjamonweb\" \/>\n<meta name=\"twitter:label1\" content=\"Dur\u00e9e de lecture estim\u00e9e\" \/>\n\t<meta name=\"twitter:data1\" content=\"1 minute\" \/>\n<script type=\"application\/ld+json\" class=\"yoast-schema-graph\">{\"@context\":\"https:\\\/\\\/schema.org\",\"@graph\":[{\"@type\":\"WebPage\",\"@id\":\"https:\\\/\\\/elmejorjamon.es\\\/fr\\\/producto\\\/anchois-cantabriques-a-lhuile-dolive-la-castrena-45-unites\\\/\",\"url\":\"https:\\\/\\\/elmejorjamon.es\\\/fr\\\/producto\\\/anchois-cantabriques-a-lhuile-dolive-la-castrena-45-unites\\\/\",\"name\":\"Acheter Anchois cantabriques \u00e0 l'huile d'olive La Castre\u00f1a 45 unit\u00e9s. - El Mejor Jam\u00f3n\",\"isPartOf\":{\"@id\":\"https:\\\/\\\/elmejorjamon.es\\\/#website\"},\"primaryImageOfPage\":{\"@id\":\"https:\\\/\\\/elmejorjamon.es\\\/fr\\\/producto\\\/anchois-cantabriques-a-lhuile-dolive-la-castrena-45-unites\\\/#primaryimage\"},\"image\":{\"@id\":\"https:\\\/\\\/elmejorjamon.es\\\/fr\\\/producto\\\/anchois-cantabriques-a-lhuile-dolive-la-castrena-45-unites\\\/#primaryimage\"},\"thumbnailUrl\":\"https:\\\/\\\/elmejorjamon.es\\\/wp-content\\\/uploads\\\/2026\\\/01\\\/CANTABRICOCASTRENA.jpg\",\"datePublished\":\"2026-01-23T09:29:02+00:00\",\"dateModified\":\"2026-01-23T10:31:35+00:00\",\"description\":\"Ingr\u00e9dients : Anchois (Engraulis encrasicolus), huile d'olive et sel. Barquette de 45 gros filets.\",\"breadcrumb\":{\"@id\":\"https:\\\/\\\/elmejorjamon.es\\\/fr\\\/producto\\\/anchois-cantabriques-a-lhuile-dolive-la-castrena-45-unites\\\/#breadcrumb\"},\"inLanguage\":\"fr-FR\",\"potentialAction\":[{\"@type\":\"ReadAction\",\"target\":[\"https:\\\/\\\/elmejorjamon.es\\\/fr\\\/producto\\\/anchois-cantabriques-a-lhuile-dolive-la-castrena-45-unites\\\/\"]}]},{\"@type\":\"ImageObject\",\"inLanguage\":\"fr-FR\",\"@id\":\"https:\\\/\\\/elmejorjamon.es\\\/fr\\\/producto\\\/anchois-cantabriques-a-lhuile-dolive-la-castrena-45-unites\\\/#primaryimage\",\"url\":\"https:\\\/\\\/elmejorjamon.es\\\/wp-content\\\/uploads\\\/2026\\\/01\\\/CANTABRICOCASTRENA.jpg\",\"contentUrl\":\"https:\\\/\\\/elmejorjamon.es\\\/wp-content\\\/uploads\\\/2026\\\/01\\\/CANTABRICOCASTRENA.jpg\",\"width\":637,\"height\":950},{\"@type\":\"BreadcrumbList\",\"@id\":\"https:\\\/\\\/elmejorjamon.es\\\/fr\\\/producto\\\/anchois-cantabriques-a-lhuile-dolive-la-castrena-45-unites\\\/#breadcrumb\",\"itemListElement\":[{\"@type\":\"ListItem\",\"position\":1,\"name\":\"Portada\",\"item\":\"https:\\\/\\\/elmejorjamon.es\\\/fr\\\/\"},{\"@type\":\"ListItem\",\"position\":2,\"name\":\"D\u00e9marrage rapide\",\"item\":\"https:\\\/\\\/elmejorjamon.es\\\/fr\\\/\"},{\"@type\":\"ListItem\",\"position\":3,\"name\":\"Anchois cantabriques \u00e0 l&#8217;huile d&#8217;olive La Castre\u00f1a 45 unit\u00e9s.\"}]},{\"@type\":\"WebSite\",\"@id\":\"https:\\\/\\\/elmejorjamon.es\\\/#website\",\"url\":\"https:\\\/\\\/elmejorjamon.es\\\/\",\"name\":\"El Mejor Jam\u00f3n\",\"description\":\"Comprar jamones y embutidos a buen precio\",\"publisher\":{\"@id\":\"https:\\\/\\\/elmejorjamon.es\\\/#organization\"},\"potentialAction\":[{\"@type\":\"SearchAction\",\"target\":{\"@type\":\"EntryPoint\",\"urlTemplate\":\"https:\\\/\\\/elmejorjamon.es\\\/?s={search_term_string}\"},\"query-input\":{\"@type\":\"PropertyValueSpecification\",\"valueRequired\":true,\"valueName\":\"search_term_string\"}}],\"inLanguage\":\"fr-FR\"},{\"@type\":\"Organization\",\"@id\":\"https:\\\/\\\/elmejorjamon.es\\\/#organization\",\"name\":\"El Mejor Jam\u00f3n\",\"url\":\"https:\\\/\\\/elmejorjamon.es\\\/\",\"logo\":{\"@type\":\"ImageObject\",\"inLanguage\":\"fr-FR\",\"@id\":\"https:\\\/\\\/elmejorjamon.es\\\/#\\\/schema\\\/logo\\\/image\\\/\",\"url\":\"https:\\\/\\\/elmejorjamon.es\\\/wp-content\\\/uploads\\\/2025\\\/01\\\/logocorreos.png\",\"contentUrl\":\"https:\\\/\\\/elmejorjamon.es\\\/wp-content\\\/uploads\\\/2025\\\/01\\\/logocorreos.png\",\"width\":277,\"height\":200,\"caption\":\"El Mejor Jam\u00f3n\"},\"image\":{\"@id\":\"https:\\\/\\\/elmejorjamon.es\\\/#\\\/schema\\\/logo\\\/image\\\/\"},\"sameAs\":[\"https:\\\/\\\/www.facebook.com\\\/elmejorjamonweb\",\"https:\\\/\\\/x.com\\\/elmejorjamonweb\",\"https:\\\/\\\/www.instagram.com\\\/elmejorjamonweb\\\/\"]}]}<\/script>\n<!-- \/ Yoast SEO plugin. -->","yoast_head_json":{"title":"Acheter Anchois cantabriques \u00e0 l'huile d'olive La Castre\u00f1a 45 unit\u00e9s. - El Mejor Jam\u00f3n","description":"Ingr\u00e9dients : Anchois (Engraulis encrasicolus), huile d'olive et sel. Barquette de 45 gros filets.","robots":{"index":"index","follow":"follow","max-snippet":"max-snippet:-1","max-image-preview":"max-image-preview:large","max-video-preview":"max-video-preview:-1"},"canonical":"https:\/\/elmejorjamon.es\/fr\/producto\/anchois-cantabriques-a-lhuile-dolive-la-castrena-45-unites\/","og_locale":"fr_FR","og_type":"article","og_title":"Acheter Anchois cantabriques \u00e0 l'huile d'olive La Castre\u00f1a 45 unit\u00e9s. - El Mejor Jam\u00f3n","og_description":"Ingr\u00e9dients : Anchois (Engraulis encrasicolus), huile d'olive et sel. Barquette de 45 gros filets.","og_url":"https:\/\/elmejorjamon.es\/fr\/producto\/anchois-cantabriques-a-lhuile-dolive-la-castrena-45-unites\/","og_site_name":"El Mejor Jam\u00f3n","article_publisher":"https:\/\/www.facebook.com\/elmejorjamonweb","article_modified_time":"2026-01-23T10:31:35+00:00","og_image":[{"width":637,"height":950,"url":"https:\/\/elmejorjamon.es\/wp-content\/uploads\/2026\/01\/CANTABRICOCASTRENA.jpg","type":"image\/jpeg"}],"twitter_card":"summary_large_image","twitter_site":"@elmejorjamonweb","twitter_misc":{"Dur\u00e9e de lecture estim\u00e9e":"1 minute"},"schema":{"@context":"https:\/\/schema.org","@graph":[{"@type":"WebPage","@id":"https:\/\/elmejorjamon.es\/fr\/producto\/anchois-cantabriques-a-lhuile-dolive-la-castrena-45-unites\/","url":"https:\/\/elmejorjamon.es\/fr\/producto\/anchois-cantabriques-a-lhuile-dolive-la-castrena-45-unites\/","name":"Acheter Anchois cantabriques \u00e0 l'huile d'olive La Castre\u00f1a 45 unit\u00e9s. - El Mejor Jam\u00f3n","isPartOf":{"@id":"https:\/\/elmejorjamon.es\/#website"},"primaryImageOfPage":{"@id":"https:\/\/elmejorjamon.es\/fr\/producto\/anchois-cantabriques-a-lhuile-dolive-la-castrena-45-unites\/#primaryimage"},"image":{"@id":"https:\/\/elmejorjamon.es\/fr\/producto\/anchois-cantabriques-a-lhuile-dolive-la-castrena-45-unites\/#primaryimage"},"thumbnailUrl":"https:\/\/elmejorjamon.es\/wp-content\/uploads\/2026\/01\/CANTABRICOCASTRENA.jpg","datePublished":"2026-01-23T09:29:02+00:00","dateModified":"2026-01-23T10:31:35+00:00","description":"Ingr\u00e9dients : Anchois (Engraulis encrasicolus), huile d'olive et sel. Barquette de 45 gros filets.","breadcrumb":{"@id":"https:\/\/elmejorjamon.es\/fr\/producto\/anchois-cantabriques-a-lhuile-dolive-la-castrena-45-unites\/#breadcrumb"},"inLanguage":"fr-FR","potentialAction":[{"@type":"ReadAction","target":["https:\/\/elmejorjamon.es\/fr\/producto\/anchois-cantabriques-a-lhuile-dolive-la-castrena-45-unites\/"]}]},{"@type":"ImageObject","inLanguage":"fr-FR","@id":"https:\/\/elmejorjamon.es\/fr\/producto\/anchois-cantabriques-a-lhuile-dolive-la-castrena-45-unites\/#primaryimage","url":"https:\/\/elmejorjamon.es\/wp-content\/uploads\/2026\/01\/CANTABRICOCASTRENA.jpg","contentUrl":"https:\/\/elmejorjamon.es\/wp-content\/uploads\/2026\/01\/CANTABRICOCASTRENA.jpg","width":637,"height":950},{"@type":"BreadcrumbList","@id":"https:\/\/elmejorjamon.es\/fr\/producto\/anchois-cantabriques-a-lhuile-dolive-la-castrena-45-unites\/#breadcrumb","itemListElement":[{"@type":"ListItem","position":1,"name":"Portada","item":"https:\/\/elmejorjamon.es\/fr\/"},{"@type":"ListItem","position":2,"name":"D\u00e9marrage rapide","item":"https:\/\/elmejorjamon.es\/fr\/"},{"@type":"ListItem","position":3,"name":"Anchois cantabriques \u00e0 l&#8217;huile d&#8217;olive La Castre\u00f1a 45 unit\u00e9s."}]},{"@type":"WebSite","@id":"https:\/\/elmejorjamon.es\/#website","url":"https:\/\/elmejorjamon.es\/","name":"El Mejor Jam\u00f3n","description":"Comprar jamones y embutidos a buen precio","publisher":{"@id":"https:\/\/elmejorjamon.es\/#organization"},"potentialAction":[{"@type":"SearchAction","target":{"@type":"EntryPoint","urlTemplate":"https:\/\/elmejorjamon.es\/?s={search_term_string}"},"query-input":{"@type":"PropertyValueSpecification","valueRequired":true,"valueName":"search_term_string"}}],"inLanguage":"fr-FR"},{"@type":"Organization","@id":"https:\/\/elmejorjamon.es\/#organization","name":"El Mejor Jam\u00f3n","url":"https:\/\/elmejorjamon.es\/","logo":{"@type":"ImageObject","inLanguage":"fr-FR","@id":"https:\/\/elmejorjamon.es\/#\/schema\/logo\/image\/","url":"https:\/\/elmejorjamon.es\/wp-content\/uploads\/2025\/01\/logocorreos.png","contentUrl":"https:\/\/elmejorjamon.es\/wp-content\/uploads\/2025\/01\/logocorreos.png","width":277,"height":200,"caption":"El Mejor Jam\u00f3n"},"image":{"@id":"https:\/\/elmejorjamon.es\/#\/schema\/logo\/image\/"},"sameAs":["https:\/\/www.facebook.com\/elmejorjamonweb","https:\/\/x.com\/elmejorjamonweb","https:\/\/www.instagram.com\/elmejorjamonweb\/"]}]}},"_links":{"self":[{"href":"https:\/\/elmejorjamon.es\/fr\/wp-json\/wp\/v2\/product\/21585","targetHints":{"allow":["GET"]}}],"collection":[{"href":"https:\/\/elmejorjamon.es\/fr\/wp-json\/wp\/v2\/product"}],"about":[{"href":"https:\/\/elmejorjamon.es\/fr\/wp-json\/wp\/v2\/types\/product"}],"replies":[{"embeddable":true,"href":"https:\/\/elmejorjamon.es\/fr\/wp-json\/wp\/v2\/comments?post=21585"}],"wp:featuredmedia":[{"embeddable":true,"href":"https:\/\/elmejorjamon.es\/fr\/wp-json\/wp\/v2\/media\/21597"}],"wp:attachment":[{"href":"https:\/\/elmejorjamon.es\/fr\/wp-json\/wp\/v2\/media?parent=21585"}],"wp:term":[{"taxonomy":"product_brand","embeddable":true,"href":"https:\/\/elmejorjamon.es\/fr\/wp-json\/wp\/v2\/product_brand?post=21585"},{"taxonomy":"product_cat","embeddable":true,"href":"https:\/\/elmejorjamon.es\/fr\/wp-json\/wp\/v2\/product_cat?post=21585"},{"taxonomy":"product_tag","embeddable":true,"href":"https:\/\/elmejorjamon.es\/fr\/wp-json\/wp\/v2\/product_tag?post=21585"}],"curies":[{"name":"wp","href":"https:\/\/api.w.org\/{rel}","templated":true}]}}