{"id":21532,"date":"2026-01-16T11:52:37","date_gmt":"2026-01-16T10:52:37","guid":{"rendered":"https:\/\/elmejorjamon.es\/?post_type=product&#038;p=21532"},"modified":"2026-01-16T12:28:09","modified_gmt":"2026-01-16T11:28:09","slug":"jambon-iberique-monteparra-50-tranche-a-la-machine-copia","status":"publish","type":"product","link":"https:\/\/elmejorjamon.es\/fr\/producto\/jambon-iberique-monteparra-50-tranche-a-la-machine-copia\/","title":{"rendered":"Jambon ib\u00e9rique Monteparra 50 %, tranch\u00e9 \u00e0 la machine"},"content":{"rendered":"<p>INGR\u00c9DIENTS : Jambon de porc ib\u00e9rique, sel et conservateur E-250.<\/p>\n<p>CONSERVATION : \u00c0 conserver dans un endroit sec \u00e0 temp\u00e9rature ambiante (environ 20 \u00b0C).<\/p>\n<p>ALLERG\u00c8NES : Aucun. Sans lactose.<\/p>\n<p>VALEURS NUTRITIONNELLES : Valeurs moyennes pour 100 g de produit<\/p>\n<p>\u00c9nergie : 1510 kJ \/ 363 kcal<\/p>\n<p>Mati\u00e8res grasses : 25,6 g<\/p>\n<p>Dont acides gras satur\u00e9s : 8,2 g<\/p>\n<p>Glucides : &lt; 0,5 g<\/p>\n<p>Dont sucres : &lt; 0,5 g<\/p>\n<p>Prot\u00e9ines : 33,1 g<\/p>\n<p>Sel : 5,40 g<\/p>\n","protected":false},"excerpt":{"rendered":"<p>Jambon ib\u00e9rique Monteparra 50 %, tranch\u00e9 \u00e0 la machine<\/p>\n","protected":false},"featured_media":21538,"comment_status":"open","ping_status":"closed","template":"","meta":{"_et_pb_use_builder":"","_et_pb_old_content":"","_et_gb_content_width":"","_sitemap_exclude":false,"_sitemap_priority":"","_sitemap_frequency":""},"product_brand":[],"product_cat":[23,107,904,47],"product_tag":[],"class_list":{"0":"post-21532","1":"product","2":"type-product","3":"status-publish","4":"has-post-thumbnail","6":"product_cat-accueil","7":"product_cat-jambons-iberiques","8":"product_cat-offres","9":"product_cat-tous-les-produits","10":"product_shipping_class-normal-fr","12":"first","13":"instock","14":"sale","15":"shipping-taxable","16":"purchasable","17":"product-type-simple"},"yoast_head":"<!-- This site is optimized with the Yoast SEO plugin v27.2 - https:\/\/yoast.com\/product\/yoast-seo-wordpress\/ -->\n<title>Achat Jambon ib\u00e9rique Monteparra 50 %, tranch\u00e9 \u00e0 la machine - El Mejor Jam\u00f3n<\/title>\n<meta name=\"description\" content=\"INGR\u00c9DIENTS : Jambon de porc ib\u00e9rique, sel et conservateur E-250. tranch\u00e9 \u00e0 la machine\" \/>\n<meta name=\"robots\" content=\"index, follow, max-snippet:-1, max-image-preview:large, max-video-preview:-1\" \/>\n<link rel=\"canonical\" href=\"https:\/\/elmejorjamon.es\/fr\/producto\/jambon-iberique-monteparra-50-tranche-a-la-machine-copia\/\" \/>\n<meta property=\"og:locale\" content=\"fr_FR\" \/>\n<meta property=\"og:type\" content=\"article\" \/>\n<meta property=\"og:title\" content=\"Achat Jambon ib\u00e9rique Monteparra 50 %, tranch\u00e9 \u00e0 la machine - El Mejor Jam\u00f3n\" \/>\n<meta property=\"og:description\" content=\"INGR\u00c9DIENTS : Jambon de porc ib\u00e9rique, sel et conservateur E-250. tranch\u00e9 \u00e0 la machine\" \/>\n<meta property=\"og:url\" content=\"https:\/\/elmejorjamon.es\/fr\/producto\/jambon-iberique-monteparra-50-tranche-a-la-machine-copia\/\" \/>\n<meta property=\"og:site_name\" content=\"El Mejor Jam\u00f3n\" \/>\n<meta property=\"article:publisher\" content=\"https:\/\/www.facebook.com\/elmejorjamonweb\" \/>\n<meta property=\"article:modified_time\" content=\"2026-01-16T11:28:09+00:00\" \/>\n<meta property=\"og:image\" content=\"https:\/\/elmejorjamon.es\/wp-content\/uploads\/2026\/01\/loncheadojamon.jpeg\" \/>\n\t<meta property=\"og:image:width\" content=\"600\" \/>\n\t<meta property=\"og:image:height\" content=\"927\" \/>\n\t<meta property=\"og:image:type\" content=\"image\/jpeg\" \/>\n<meta name=\"twitter:card\" content=\"summary_large_image\" \/>\n<meta name=\"twitter:site\" content=\"@elmejorjamonweb\" \/>\n<meta name=\"twitter:label1\" content=\"Dur\u00e9e de lecture estim\u00e9e\" \/>\n\t<meta name=\"twitter:data1\" content=\"1 minute\" \/>\n<script type=\"application\/ld+json\" class=\"yoast-schema-graph\">{\"@context\":\"https:\/\/schema.org\",\"@graph\":[{\"@type\":\"WebPage\",\"@id\":\"https:\/\/elmejorjamon.es\/fr\/producto\/jambon-iberique-monteparra-50-tranche-a-la-machine-copia\/\",\"url\":\"https:\/\/elmejorjamon.es\/fr\/producto\/jambon-iberique-monteparra-50-tranche-a-la-machine-copia\/\",\"name\":\"Achat Jambon ib\u00e9rique Monteparra 50 %, tranch\u00e9 \u00e0 la machine - El Mejor Jam\u00f3n\",\"isPartOf\":{\"@id\":\"https:\/\/elmejorjamon.es\/#website\"},\"primaryImageOfPage\":{\"@id\":\"https:\/\/elmejorjamon.es\/fr\/producto\/jambon-iberique-monteparra-50-tranche-a-la-machine-copia\/#primaryimage\"},\"image\":{\"@id\":\"https:\/\/elmejorjamon.es\/fr\/producto\/jambon-iberique-monteparra-50-tranche-a-la-machine-copia\/#primaryimage\"},\"thumbnailUrl\":\"https:\/\/elmejorjamon.es\/wp-content\/uploads\/2026\/01\/loncheadojamon.jpeg\",\"datePublished\":\"2026-01-16T10:52:37+00:00\",\"dateModified\":\"2026-01-16T11:28:09+00:00\",\"description\":\"INGR\u00c9DIENTS : Jambon de porc ib\u00e9rique, sel et conservateur E-250. tranch\u00e9 \u00e0 la machine\",\"breadcrumb\":{\"@id\":\"https:\/\/elmejorjamon.es\/fr\/producto\/jambon-iberique-monteparra-50-tranche-a-la-machine-copia\/#breadcrumb\"},\"inLanguage\":\"fr-FR\",\"potentialAction\":[{\"@type\":\"ReadAction\",\"target\":[\"https:\/\/elmejorjamon.es\/fr\/producto\/jambon-iberique-monteparra-50-tranche-a-la-machine-copia\/\"]}]},{\"@type\":\"ImageObject\",\"inLanguage\":\"fr-FR\",\"@id\":\"https:\/\/elmejorjamon.es\/fr\/producto\/jambon-iberique-monteparra-50-tranche-a-la-machine-copia\/#primaryimage\",\"url\":\"https:\/\/elmejorjamon.es\/wp-content\/uploads\/2026\/01\/loncheadojamon.jpeg\",\"contentUrl\":\"https:\/\/elmejorjamon.es\/wp-content\/uploads\/2026\/01\/loncheadojamon.jpeg\",\"width\":600,\"height\":927},{\"@type\":\"BreadcrumbList\",\"@id\":\"https:\/\/elmejorjamon.es\/fr\/producto\/jambon-iberique-monteparra-50-tranche-a-la-machine-copia\/#breadcrumb\",\"itemListElement\":[{\"@type\":\"ListItem\",\"position\":1,\"name\":\"Portada\",\"item\":\"https:\/\/elmejorjamon.es\/fr\/\"},{\"@type\":\"ListItem\",\"position\":2,\"name\":\"D\u00e9marrage rapide\",\"item\":\"https:\/\/elmejorjamon.es\/fr\/\"},{\"@type\":\"ListItem\",\"position\":3,\"name\":\"Jambon ib\u00e9rique Monteparra 50 %, tranch\u00e9 \u00e0 la machine\"}]},{\"@type\":\"WebSite\",\"@id\":\"https:\/\/elmejorjamon.es\/#website\",\"url\":\"https:\/\/elmejorjamon.es\/\",\"name\":\"El Mejor Jam\u00f3n\",\"description\":\"Comprar jamones y embutidos a buen precio\",\"publisher\":{\"@id\":\"https:\/\/elmejorjamon.es\/#organization\"},\"potentialAction\":[{\"@type\":\"SearchAction\",\"target\":{\"@type\":\"EntryPoint\",\"urlTemplate\":\"https:\/\/elmejorjamon.es\/?s={search_term_string}\"},\"query-input\":{\"@type\":\"PropertyValueSpecification\",\"valueRequired\":true,\"valueName\":\"search_term_string\"}}],\"inLanguage\":\"fr-FR\"},{\"@type\":\"Organization\",\"@id\":\"https:\/\/elmejorjamon.es\/#organization\",\"name\":\"El Mejor Jam\u00f3n\",\"url\":\"https:\/\/elmejorjamon.es\/\",\"logo\":{\"@type\":\"ImageObject\",\"inLanguage\":\"fr-FR\",\"@id\":\"https:\/\/elmejorjamon.es\/#\/schema\/logo\/image\/\",\"url\":\"https:\/\/elmejorjamon.es\/wp-content\/uploads\/2025\/01\/logocorreos.png\",\"contentUrl\":\"https:\/\/elmejorjamon.es\/wp-content\/uploads\/2025\/01\/logocorreos.png\",\"width\":277,\"height\":200,\"caption\":\"El Mejor Jam\u00f3n\"},\"image\":{\"@id\":\"https:\/\/elmejorjamon.es\/#\/schema\/logo\/image\/\"},\"sameAs\":[\"https:\/\/www.facebook.com\/elmejorjamonweb\",\"https:\/\/x.com\/elmejorjamonweb\",\"https:\/\/www.instagram.com\/elmejorjamonweb\/\"]}]}<\/script>\n<!-- \/ Yoast SEO plugin. -->","yoast_head_json":{"title":"Achat Jambon ib\u00e9rique Monteparra 50 %, tranch\u00e9 \u00e0 la machine - El Mejor Jam\u00f3n","description":"INGR\u00c9DIENTS : Jambon de porc ib\u00e9rique, sel et conservateur E-250. tranch\u00e9 \u00e0 la machine","robots":{"index":"index","follow":"follow","max-snippet":"max-snippet:-1","max-image-preview":"max-image-preview:large","max-video-preview":"max-video-preview:-1"},"canonical":"https:\/\/elmejorjamon.es\/fr\/producto\/jambon-iberique-monteparra-50-tranche-a-la-machine-copia\/","og_locale":"fr_FR","og_type":"article","og_title":"Achat Jambon ib\u00e9rique Monteparra 50 %, tranch\u00e9 \u00e0 la machine - El Mejor Jam\u00f3n","og_description":"INGR\u00c9DIENTS : Jambon de porc ib\u00e9rique, sel et conservateur E-250. tranch\u00e9 \u00e0 la machine","og_url":"https:\/\/elmejorjamon.es\/fr\/producto\/jambon-iberique-monteparra-50-tranche-a-la-machine-copia\/","og_site_name":"El Mejor Jam\u00f3n","article_publisher":"https:\/\/www.facebook.com\/elmejorjamonweb","article_modified_time":"2026-01-16T11:28:09+00:00","og_image":[{"width":600,"height":927,"url":"https:\/\/elmejorjamon.es\/wp-content\/uploads\/2026\/01\/loncheadojamon.jpeg","type":"image\/jpeg"}],"twitter_card":"summary_large_image","twitter_site":"@elmejorjamonweb","twitter_misc":{"Dur\u00e9e de lecture estim\u00e9e":"1 minute"},"schema":{"@context":"https:\/\/schema.org","@graph":[{"@type":"WebPage","@id":"https:\/\/elmejorjamon.es\/fr\/producto\/jambon-iberique-monteparra-50-tranche-a-la-machine-copia\/","url":"https:\/\/elmejorjamon.es\/fr\/producto\/jambon-iberique-monteparra-50-tranche-a-la-machine-copia\/","name":"Achat Jambon ib\u00e9rique Monteparra 50 %, tranch\u00e9 \u00e0 la machine - El Mejor Jam\u00f3n","isPartOf":{"@id":"https:\/\/elmejorjamon.es\/#website"},"primaryImageOfPage":{"@id":"https:\/\/elmejorjamon.es\/fr\/producto\/jambon-iberique-monteparra-50-tranche-a-la-machine-copia\/#primaryimage"},"image":{"@id":"https:\/\/elmejorjamon.es\/fr\/producto\/jambon-iberique-monteparra-50-tranche-a-la-machine-copia\/#primaryimage"},"thumbnailUrl":"https:\/\/elmejorjamon.es\/wp-content\/uploads\/2026\/01\/loncheadojamon.jpeg","datePublished":"2026-01-16T10:52:37+00:00","dateModified":"2026-01-16T11:28:09+00:00","description":"INGR\u00c9DIENTS : Jambon de porc ib\u00e9rique, sel et conservateur E-250. tranch\u00e9 \u00e0 la machine","breadcrumb":{"@id":"https:\/\/elmejorjamon.es\/fr\/producto\/jambon-iberique-monteparra-50-tranche-a-la-machine-copia\/#breadcrumb"},"inLanguage":"fr-FR","potentialAction":[{"@type":"ReadAction","target":["https:\/\/elmejorjamon.es\/fr\/producto\/jambon-iberique-monteparra-50-tranche-a-la-machine-copia\/"]}]},{"@type":"ImageObject","inLanguage":"fr-FR","@id":"https:\/\/elmejorjamon.es\/fr\/producto\/jambon-iberique-monteparra-50-tranche-a-la-machine-copia\/#primaryimage","url":"https:\/\/elmejorjamon.es\/wp-content\/uploads\/2026\/01\/loncheadojamon.jpeg","contentUrl":"https:\/\/elmejorjamon.es\/wp-content\/uploads\/2026\/01\/loncheadojamon.jpeg","width":600,"height":927},{"@type":"BreadcrumbList","@id":"https:\/\/elmejorjamon.es\/fr\/producto\/jambon-iberique-monteparra-50-tranche-a-la-machine-copia\/#breadcrumb","itemListElement":[{"@type":"ListItem","position":1,"name":"Portada","item":"https:\/\/elmejorjamon.es\/fr\/"},{"@type":"ListItem","position":2,"name":"D\u00e9marrage rapide","item":"https:\/\/elmejorjamon.es\/fr\/"},{"@type":"ListItem","position":3,"name":"Jambon ib\u00e9rique Monteparra 50 %, tranch\u00e9 \u00e0 la machine"}]},{"@type":"WebSite","@id":"https:\/\/elmejorjamon.es\/#website","url":"https:\/\/elmejorjamon.es\/","name":"El Mejor Jam\u00f3n","description":"Comprar jamones y embutidos a buen precio","publisher":{"@id":"https:\/\/elmejorjamon.es\/#organization"},"potentialAction":[{"@type":"SearchAction","target":{"@type":"EntryPoint","urlTemplate":"https:\/\/elmejorjamon.es\/?s={search_term_string}"},"query-input":{"@type":"PropertyValueSpecification","valueRequired":true,"valueName":"search_term_string"}}],"inLanguage":"fr-FR"},{"@type":"Organization","@id":"https:\/\/elmejorjamon.es\/#organization","name":"El Mejor Jam\u00f3n","url":"https:\/\/elmejorjamon.es\/","logo":{"@type":"ImageObject","inLanguage":"fr-FR","@id":"https:\/\/elmejorjamon.es\/#\/schema\/logo\/image\/","url":"https:\/\/elmejorjamon.es\/wp-content\/uploads\/2025\/01\/logocorreos.png","contentUrl":"https:\/\/elmejorjamon.es\/wp-content\/uploads\/2025\/01\/logocorreos.png","width":277,"height":200,"caption":"El Mejor Jam\u00f3n"},"image":{"@id":"https:\/\/elmejorjamon.es\/#\/schema\/logo\/image\/"},"sameAs":["https:\/\/www.facebook.com\/elmejorjamonweb","https:\/\/x.com\/elmejorjamonweb","https:\/\/www.instagram.com\/elmejorjamonweb\/"]}]}},"_links":{"self":[{"href":"https:\/\/elmejorjamon.es\/fr\/wp-json\/wp\/v2\/product\/21532","targetHints":{"allow":["GET"]}}],"collection":[{"href":"https:\/\/elmejorjamon.es\/fr\/wp-json\/wp\/v2\/product"}],"about":[{"href":"https:\/\/elmejorjamon.es\/fr\/wp-json\/wp\/v2\/types\/product"}],"replies":[{"embeddable":true,"href":"https:\/\/elmejorjamon.es\/fr\/wp-json\/wp\/v2\/comments?post=21532"}],"wp:featuredmedia":[{"embeddable":true,"href":"https:\/\/elmejorjamon.es\/fr\/wp-json\/wp\/v2\/media\/21538"}],"wp:attachment":[{"href":"https:\/\/elmejorjamon.es\/fr\/wp-json\/wp\/v2\/media?parent=21532"}],"wp:term":[{"taxonomy":"product_brand","embeddable":true,"href":"https:\/\/elmejorjamon.es\/fr\/wp-json\/wp\/v2\/product_brand?post=21532"},{"taxonomy":"product_cat","embeddable":true,"href":"https:\/\/elmejorjamon.es\/fr\/wp-json\/wp\/v2\/product_cat?post=21532"},{"taxonomy":"product_tag","embeddable":true,"href":"https:\/\/elmejorjamon.es\/fr\/wp-json\/wp\/v2\/product_tag?post=21532"}],"curies":[{"name":"wp","href":"https:\/\/api.w.org\/{rel}","templated":true}]}}