{"id":21009,"date":"2025-11-12T13:55:44","date_gmt":"2025-11-12T12:55:44","guid":{"rendered":"https:\/\/elmejorjamon.es\/?post_type=product&#038;p=21009"},"modified":"2025-11-12T14:21:05","modified_gmt":"2025-11-12T13:21:05","slug":"moules-marinees-epicees-13-18-cabo-de-penas","status":"publish","type":"product","link":"https:\/\/elmejorjamon.es\/fr\/producto\/moules-marinees-epicees-13-18-cabo-de-penas\/","title":{"rendered":"Moules marin\u00e9es \u00e9pic\u00e9es 13\/18 Cabo de Pe\u00f1as"},"content":{"rendered":"<p>Moules marin\u00e9es \u00e9pic\u00e9es 13\/18 Cabo de Pe\u00f1as OL-120<\/p>\n<ul>\n<li>POIDS NET : 111g<\/li>\n<li>POIDS DRAIN\u00c9 : 69g<\/li>\n<\/ul>\n<p>Moules marin\u00e9es \u00e9labor\u00e9es de mani\u00e8re traditionnelle, cuites \u00e0 la vapeur et assaisonn\u00e9es avec notre recette originale de cornichons afin qu&rsquo;elles conservent toute leur saveur et leur haute valeur nutritionnelle. Moules \u00e9lev\u00e9es en radeaux et s\u00e9lectionn\u00e9es \u00e0 la source.<\/p>\n<p>Nous conservons d&rsquo;exquises moules \u00e9lev\u00e9es en radeaux et s\u00e9lectionn\u00e9es \u00e0 la source. Nous les pr\u00e9parons de mani\u00e8re traditionnelle, en les cuisant \u00e0 la vapeur et en les assaisonnant avec notre recette originale de sauce marin\u00e9e, pr\u00e9servant toute leur saveur et leur haute valeur nutritionnelle.<\/p>\n<h4 class=\"section-title mt-h4\">Ingr\u00e9dients<\/h4>\n<p>Moules (Mollusque), huile de tournesol, vinaigre de vin, \u00e9pices et sel.<\/p>\n<h4 class=\"section-title mt-h4\">\u00c9l\u00e9ments diff\u00e9rentiels<\/h4>\n<ul class=\"ul-list\">\n<li>Moules \u00e9lev\u00e9es en radeaux et s\u00e9lectionn\u00e9es \u00e0 la source.<\/li>\n<li>Fabriqu\u00e9 de mani\u00e8re traditionnelle.<\/li>\n<li>Recette originale.<\/li>\n<li>Riche en om\u00e9ga 3.<\/li>\n<li>Source naturelle de fer.<\/li>\n<\/ul>\n<table class=\"table table-sm table-bordered\">\n<thead>\n<tr>\n<th>Informations nutritionnelles<\/th>\n<th>pour 100 g de poids net<\/th>\n<th>pour 100 g de poids \u00e9goutt\u00e9<\/th>\n<\/tr>\n<\/thead>\n<tbody>\n<tr>\n<td class=\"unit\">Valeur \u00e9nerg\u00e9tique<\/td>\n<td class=\"value\">998kJ \/ 240kcal<\/td>\n<td>691kJ \/ 165kcal<\/td>\n<\/tr>\n<tr>\n<td class=\"parent_unit\">Mati\u00e8res grasses<\/td>\n<td class=\"parent_value\">19,2g<\/td>\n<td>8,3g<\/td>\n<\/tr>\n<tr>\n<td class=\"child_unit\">dont satur\u00e9s<\/td>\n<td class=\"child_value\">2,3g<\/td>\n<td class=\"child_value\">1,3g<\/td>\n<\/tr>\n<tr>\n<td class=\"parent_unit\">Glucides<\/td>\n<td class=\"parent_value\">3,2g<\/td>\n<td>4,3g<\/td>\n<\/tr>\n<tr>\n<td class=\"child_unit\">dont sucres<\/td>\n<td class=\"child_value\">0,0g<\/td>\n<td class=\"child_value\">0,0g<\/td>\n<\/tr>\n<tr>\n<td class=\"unit\">Prot\u00e9ines<\/td>\n<td class=\"value\">13,7g<\/td>\n<td>18,3g<\/td>\n<\/tr>\n<tr>\n<td class=\"unit\">Sel<\/td>\n<td class=\"value\">1,0g<\/td>\n<td>1,2g<\/td>\n<\/tr>\n<tr>\n<td class=\"unit\">Riboflavine<\/td>\n<td class=\"value\"><\/td>\n<td>0,22 mg (16% *VNR)<\/td>\n<\/tr>\n<tr>\n<td class=\"unit\">Vitamine B12<\/td>\n<td class=\"value\"><\/td>\n<td>13,2 \u00b5g (528% *VNR)<\/td>\n<\/tr>\n<tr>\n<td class=\"unit\">Fer<\/td>\n<td class=\"value\"><\/td>\n<td>3,7 mg (26% *VNR)<\/td>\n<\/tr>\n<\/tbody>\n<\/table>\n<p>*VNR : Valeurs nutritionnelles de r\u00e9f\u00e9rence.<\/p>\n","protected":false},"excerpt":{"rendered":"<p>Moules marin\u00e9es \u00e9pic\u00e9es 13\/18 Cabo de Pe\u00f1as OL-120<\/p>\n","protected":false},"featured_media":21020,"comment_status":"open","ping_status":"closed","template":"","meta":{"_et_pb_use_builder":"","_et_pb_old_content":"","_et_gb_content_width":"","_sitemap_exclude":false,"_sitemap_priority":"","_sitemap_frequency":""},"product_brand":[],"product_cat":[23,41,137,47],"product_tag":[],"class_list":{"0":"post-21009","1":"product","2":"type-product","3":"status-publish","4":"has-post-thumbnail","6":"product_cat-accueil","7":"product_cat-conserves","8":"product_cat-moules-marinees","9":"product_cat-tous-les-produits","10":"product_shipping_class-normal-fr","11":"pa_opciones-1unite-fr","12":"pa_opciones-boitede25unites-fr","14":"first","15":"instock","16":"shipping-taxable","17":"purchasable","18":"product-type-variable","19":"has-default-attributes"},"yoast_head":"<!-- This site is optimized with the Yoast SEO plugin v27.2 - https:\/\/yoast.com\/product\/yoast-seo-wordpress\/ -->\n<title>Acheter Moules marin\u00e9es \u00e9pic\u00e9es 13\/18 Cabo de Pe\u00f1as - El Mejor Jam\u00f3n<\/title>\n<meta name=\"description\" content=\"Nous conservons d&#039;exquises moules \u00e9lev\u00e9es en radeaux. Ingr\u00e9dients: Moules (Mollusque), huile de tournesol, vinaigre de vin, \u00e9pices et sel.\" \/>\n<meta name=\"robots\" content=\"index, follow, max-snippet:-1, max-image-preview:large, max-video-preview:-1\" \/>\n<link rel=\"canonical\" href=\"https:\/\/elmejorjamon.es\/fr\/producto\/moules-marinees-epicees-13-18-cabo-de-penas\/\" \/>\n<meta property=\"og:locale\" content=\"fr_FR\" \/>\n<meta property=\"og:type\" content=\"article\" \/>\n<meta property=\"og:title\" content=\"Acheter Moules marin\u00e9es \u00e9pic\u00e9es 13\/18 Cabo de Pe\u00f1as - El Mejor Jam\u00f3n\" \/>\n<meta property=\"og:description\" content=\"Nous conservons d&#039;exquises moules \u00e9lev\u00e9es en radeaux. Ingr\u00e9dients: Moules (Mollusque), huile de tournesol, vinaigre de vin, \u00e9pices et sel.\" \/>\n<meta property=\"og:url\" content=\"https:\/\/elmejorjamon.es\/fr\/producto\/moules-marinees-epicees-13-18-cabo-de-penas\/\" \/>\n<meta property=\"og:site_name\" content=\"El Mejor Jam\u00f3n\" \/>\n<meta property=\"article:publisher\" content=\"https:\/\/www.facebook.com\/elmejorjamonweb\" \/>\n<meta property=\"article:modified_time\" content=\"2025-11-12T13:21:05+00:00\" \/>\n<meta property=\"og:image\" content=\"https:\/\/elmejorjamon.es\/wp-content\/uploads\/2025\/11\/mejillones-en-escabechePICANTE-1318-ol-120.jpg\" \/>\n\t<meta property=\"og:image:width\" content=\"900\" \/>\n\t<meta property=\"og:image:height\" content=\"544\" \/>\n\t<meta property=\"og:image:type\" content=\"image\/jpeg\" \/>\n<meta name=\"twitter:card\" content=\"summary_large_image\" \/>\n<meta name=\"twitter:site\" content=\"@elmejorjamonweb\" \/>\n<meta name=\"twitter:label1\" content=\"Dur\u00e9e de lecture estim\u00e9e\" \/>\n\t<meta name=\"twitter:data1\" content=\"2 minutes\" \/>\n<script type=\"application\/ld+json\" class=\"yoast-schema-graph\">{\"@context\":\"https:\/\/schema.org\",\"@graph\":[{\"@type\":\"WebPage\",\"@id\":\"https:\/\/elmejorjamon.es\/fr\/producto\/moules-marinees-epicees-13-18-cabo-de-penas\/\",\"url\":\"https:\/\/elmejorjamon.es\/fr\/producto\/moules-marinees-epicees-13-18-cabo-de-penas\/\",\"name\":\"Acheter Moules marin\u00e9es \u00e9pic\u00e9es 13\/18 Cabo de Pe\u00f1as - El Mejor Jam\u00f3n\",\"isPartOf\":{\"@id\":\"https:\/\/elmejorjamon.es\/#website\"},\"primaryImageOfPage\":{\"@id\":\"https:\/\/elmejorjamon.es\/fr\/producto\/moules-marinees-epicees-13-18-cabo-de-penas\/#primaryimage\"},\"image\":{\"@id\":\"https:\/\/elmejorjamon.es\/fr\/producto\/moules-marinees-epicees-13-18-cabo-de-penas\/#primaryimage\"},\"thumbnailUrl\":\"https:\/\/elmejorjamon.es\/wp-content\/uploads\/2025\/11\/mejillones-en-escabechePICANTE-1318-ol-120.jpg\",\"datePublished\":\"2025-11-12T12:55:44+00:00\",\"dateModified\":\"2025-11-12T13:21:05+00:00\",\"description\":\"Nous conservons d'exquises moules \u00e9lev\u00e9es en radeaux. Ingr\u00e9dients: Moules (Mollusque), huile de tournesol, vinaigre de vin, \u00e9pices et sel.\",\"breadcrumb\":{\"@id\":\"https:\/\/elmejorjamon.es\/fr\/producto\/moules-marinees-epicees-13-18-cabo-de-penas\/#breadcrumb\"},\"inLanguage\":\"fr-FR\",\"potentialAction\":[{\"@type\":\"ReadAction\",\"target\":[\"https:\/\/elmejorjamon.es\/fr\/producto\/moules-marinees-epicees-13-18-cabo-de-penas\/\"]}]},{\"@type\":\"ImageObject\",\"inLanguage\":\"fr-FR\",\"@id\":\"https:\/\/elmejorjamon.es\/fr\/producto\/moules-marinees-epicees-13-18-cabo-de-penas\/#primaryimage\",\"url\":\"https:\/\/elmejorjamon.es\/wp-content\/uploads\/2025\/11\/mejillones-en-escabechePICANTE-1318-ol-120.jpg\",\"contentUrl\":\"https:\/\/elmejorjamon.es\/wp-content\/uploads\/2025\/11\/mejillones-en-escabechePICANTE-1318-ol-120.jpg\",\"width\":900,\"height\":544},{\"@type\":\"BreadcrumbList\",\"@id\":\"https:\/\/elmejorjamon.es\/fr\/producto\/moules-marinees-epicees-13-18-cabo-de-penas\/#breadcrumb\",\"itemListElement\":[{\"@type\":\"ListItem\",\"position\":1,\"name\":\"Portada\",\"item\":\"https:\/\/elmejorjamon.es\/fr\/\"},{\"@type\":\"ListItem\",\"position\":2,\"name\":\"D\u00e9marrage rapide\",\"item\":\"https:\/\/elmejorjamon.es\/fr\/\"},{\"@type\":\"ListItem\",\"position\":3,\"name\":\"Moules marin\u00e9es \u00e9pic\u00e9es 13\/18 Cabo de Pe\u00f1as\"}]},{\"@type\":\"WebSite\",\"@id\":\"https:\/\/elmejorjamon.es\/#website\",\"url\":\"https:\/\/elmejorjamon.es\/\",\"name\":\"El Mejor Jam\u00f3n\",\"description\":\"Comprar jamones y embutidos a buen precio\",\"publisher\":{\"@id\":\"https:\/\/elmejorjamon.es\/#organization\"},\"potentialAction\":[{\"@type\":\"SearchAction\",\"target\":{\"@type\":\"EntryPoint\",\"urlTemplate\":\"https:\/\/elmejorjamon.es\/?s={search_term_string}\"},\"query-input\":{\"@type\":\"PropertyValueSpecification\",\"valueRequired\":true,\"valueName\":\"search_term_string\"}}],\"inLanguage\":\"fr-FR\"},{\"@type\":\"Organization\",\"@id\":\"https:\/\/elmejorjamon.es\/#organization\",\"name\":\"El Mejor Jam\u00f3n\",\"url\":\"https:\/\/elmejorjamon.es\/\",\"logo\":{\"@type\":\"ImageObject\",\"inLanguage\":\"fr-FR\",\"@id\":\"https:\/\/elmejorjamon.es\/#\/schema\/logo\/image\/\",\"url\":\"https:\/\/elmejorjamon.es\/wp-content\/uploads\/2025\/01\/logocorreos.png\",\"contentUrl\":\"https:\/\/elmejorjamon.es\/wp-content\/uploads\/2025\/01\/logocorreos.png\",\"width\":277,\"height\":200,\"caption\":\"El Mejor Jam\u00f3n\"},\"image\":{\"@id\":\"https:\/\/elmejorjamon.es\/#\/schema\/logo\/image\/\"},\"sameAs\":[\"https:\/\/www.facebook.com\/elmejorjamonweb\",\"https:\/\/x.com\/elmejorjamonweb\",\"https:\/\/www.instagram.com\/elmejorjamonweb\/\"]}]}<\/script>\n<!-- \/ Yoast SEO plugin. -->","yoast_head_json":{"title":"Acheter Moules marin\u00e9es \u00e9pic\u00e9es 13\/18 Cabo de Pe\u00f1as - El Mejor Jam\u00f3n","description":"Nous conservons d'exquises moules \u00e9lev\u00e9es en radeaux. Ingr\u00e9dients: Moules (Mollusque), huile de tournesol, vinaigre de vin, \u00e9pices et sel.","robots":{"index":"index","follow":"follow","max-snippet":"max-snippet:-1","max-image-preview":"max-image-preview:large","max-video-preview":"max-video-preview:-1"},"canonical":"https:\/\/elmejorjamon.es\/fr\/producto\/moules-marinees-epicees-13-18-cabo-de-penas\/","og_locale":"fr_FR","og_type":"article","og_title":"Acheter Moules marin\u00e9es \u00e9pic\u00e9es 13\/18 Cabo de Pe\u00f1as - El Mejor Jam\u00f3n","og_description":"Nous conservons d'exquises moules \u00e9lev\u00e9es en radeaux. Ingr\u00e9dients: Moules (Mollusque), huile de tournesol, vinaigre de vin, \u00e9pices et sel.","og_url":"https:\/\/elmejorjamon.es\/fr\/producto\/moules-marinees-epicees-13-18-cabo-de-penas\/","og_site_name":"El Mejor Jam\u00f3n","article_publisher":"https:\/\/www.facebook.com\/elmejorjamonweb","article_modified_time":"2025-11-12T13:21:05+00:00","og_image":[{"width":900,"height":544,"url":"https:\/\/elmejorjamon.es\/wp-content\/uploads\/2025\/11\/mejillones-en-escabechePICANTE-1318-ol-120.jpg","type":"image\/jpeg"}],"twitter_card":"summary_large_image","twitter_site":"@elmejorjamonweb","twitter_misc":{"Dur\u00e9e de lecture estim\u00e9e":"2 minutes"},"schema":{"@context":"https:\/\/schema.org","@graph":[{"@type":"WebPage","@id":"https:\/\/elmejorjamon.es\/fr\/producto\/moules-marinees-epicees-13-18-cabo-de-penas\/","url":"https:\/\/elmejorjamon.es\/fr\/producto\/moules-marinees-epicees-13-18-cabo-de-penas\/","name":"Acheter Moules marin\u00e9es \u00e9pic\u00e9es 13\/18 Cabo de Pe\u00f1as - El Mejor Jam\u00f3n","isPartOf":{"@id":"https:\/\/elmejorjamon.es\/#website"},"primaryImageOfPage":{"@id":"https:\/\/elmejorjamon.es\/fr\/producto\/moules-marinees-epicees-13-18-cabo-de-penas\/#primaryimage"},"image":{"@id":"https:\/\/elmejorjamon.es\/fr\/producto\/moules-marinees-epicees-13-18-cabo-de-penas\/#primaryimage"},"thumbnailUrl":"https:\/\/elmejorjamon.es\/wp-content\/uploads\/2025\/11\/mejillones-en-escabechePICANTE-1318-ol-120.jpg","datePublished":"2025-11-12T12:55:44+00:00","dateModified":"2025-11-12T13:21:05+00:00","description":"Nous conservons d'exquises moules \u00e9lev\u00e9es en radeaux. Ingr\u00e9dients: Moules (Mollusque), huile de tournesol, vinaigre de vin, \u00e9pices et sel.","breadcrumb":{"@id":"https:\/\/elmejorjamon.es\/fr\/producto\/moules-marinees-epicees-13-18-cabo-de-penas\/#breadcrumb"},"inLanguage":"fr-FR","potentialAction":[{"@type":"ReadAction","target":["https:\/\/elmejorjamon.es\/fr\/producto\/moules-marinees-epicees-13-18-cabo-de-penas\/"]}]},{"@type":"ImageObject","inLanguage":"fr-FR","@id":"https:\/\/elmejorjamon.es\/fr\/producto\/moules-marinees-epicees-13-18-cabo-de-penas\/#primaryimage","url":"https:\/\/elmejorjamon.es\/wp-content\/uploads\/2025\/11\/mejillones-en-escabechePICANTE-1318-ol-120.jpg","contentUrl":"https:\/\/elmejorjamon.es\/wp-content\/uploads\/2025\/11\/mejillones-en-escabechePICANTE-1318-ol-120.jpg","width":900,"height":544},{"@type":"BreadcrumbList","@id":"https:\/\/elmejorjamon.es\/fr\/producto\/moules-marinees-epicees-13-18-cabo-de-penas\/#breadcrumb","itemListElement":[{"@type":"ListItem","position":1,"name":"Portada","item":"https:\/\/elmejorjamon.es\/fr\/"},{"@type":"ListItem","position":2,"name":"D\u00e9marrage rapide","item":"https:\/\/elmejorjamon.es\/fr\/"},{"@type":"ListItem","position":3,"name":"Moules marin\u00e9es \u00e9pic\u00e9es 13\/18 Cabo de Pe\u00f1as"}]},{"@type":"WebSite","@id":"https:\/\/elmejorjamon.es\/#website","url":"https:\/\/elmejorjamon.es\/","name":"El Mejor Jam\u00f3n","description":"Comprar jamones y embutidos a buen precio","publisher":{"@id":"https:\/\/elmejorjamon.es\/#organization"},"potentialAction":[{"@type":"SearchAction","target":{"@type":"EntryPoint","urlTemplate":"https:\/\/elmejorjamon.es\/?s={search_term_string}"},"query-input":{"@type":"PropertyValueSpecification","valueRequired":true,"valueName":"search_term_string"}}],"inLanguage":"fr-FR"},{"@type":"Organization","@id":"https:\/\/elmejorjamon.es\/#organization","name":"El Mejor Jam\u00f3n","url":"https:\/\/elmejorjamon.es\/","logo":{"@type":"ImageObject","inLanguage":"fr-FR","@id":"https:\/\/elmejorjamon.es\/#\/schema\/logo\/image\/","url":"https:\/\/elmejorjamon.es\/wp-content\/uploads\/2025\/01\/logocorreos.png","contentUrl":"https:\/\/elmejorjamon.es\/wp-content\/uploads\/2025\/01\/logocorreos.png","width":277,"height":200,"caption":"El Mejor Jam\u00f3n"},"image":{"@id":"https:\/\/elmejorjamon.es\/#\/schema\/logo\/image\/"},"sameAs":["https:\/\/www.facebook.com\/elmejorjamonweb","https:\/\/x.com\/elmejorjamonweb","https:\/\/www.instagram.com\/elmejorjamonweb\/"]}]}},"_links":{"self":[{"href":"https:\/\/elmejorjamon.es\/fr\/wp-json\/wp\/v2\/product\/21009","targetHints":{"allow":["GET"]}}],"collection":[{"href":"https:\/\/elmejorjamon.es\/fr\/wp-json\/wp\/v2\/product"}],"about":[{"href":"https:\/\/elmejorjamon.es\/fr\/wp-json\/wp\/v2\/types\/product"}],"replies":[{"embeddable":true,"href":"https:\/\/elmejorjamon.es\/fr\/wp-json\/wp\/v2\/comments?post=21009"}],"wp:featuredmedia":[{"embeddable":true,"href":"https:\/\/elmejorjamon.es\/fr\/wp-json\/wp\/v2\/media\/21020"}],"wp:attachment":[{"href":"https:\/\/elmejorjamon.es\/fr\/wp-json\/wp\/v2\/media?parent=21009"}],"wp:term":[{"taxonomy":"product_brand","embeddable":true,"href":"https:\/\/elmejorjamon.es\/fr\/wp-json\/wp\/v2\/product_brand?post=21009"},{"taxonomy":"product_cat","embeddable":true,"href":"https:\/\/elmejorjamon.es\/fr\/wp-json\/wp\/v2\/product_cat?post=21009"},{"taxonomy":"product_tag","embeddable":true,"href":"https:\/\/elmejorjamon.es\/fr\/wp-json\/wp\/v2\/product_tag?post=21009"}],"curies":[{"name":"wp","href":"https:\/\/api.w.org\/{rel}","templated":true}]}}