{"id":20844,"date":"2025-11-07T13:17:56","date_gmt":"2025-11-07T12:17:56","guid":{"rendered":"https:\/\/elmejorjamon.es\/?post_type=product&#038;p=20844"},"modified":"2025-11-07T13:17:59","modified_gmt":"2025-11-07T12:17:59","slug":"pilons-de-poulet-braises-a-la-biere-la-alacena","status":"publish","type":"product","link":"https:\/\/elmejorjamon.es\/fr\/producto\/pilons-de-poulet-braises-a-la-biere-la-alacena\/","title":{"rendered":"Pilons de poulet brais\u00e9s \u00e0 la bi\u00e8re \u00ab\u00a0La Alacena\u00a0\u00bb"},"content":{"rendered":"<p>Pilons de poulet brais\u00e9s \u00e0 la bi\u00e8re \u00ab\u00a0La Alacena\u00a0\u00bb<\/p>\n<p>Plat pr\u00eat \u00e0 r\u00e9chauffer.<br \/>\u00c0 conserver dans un endroit frais et sec. Apr\u00e8s ouverture, conserver au r\u00e9frig\u00e9rateur et consommer dans les 5 jours. <\/p>\n<p>Sans additifs. Produit naturel sans conservateurs ni colorants. Fait main. Produit gourmand.   <\/p>\n<p>Il est recommand\u00e9 de r\u00e9chauffer au bain-marie ou au micro-ondes (pour le micro-ondes, verser le contenu dans un r\u00e9cipient adapt\u00e9 et chauffer 3 \u00e0 4 minutes).<\/p>\n<p>Poids net : 480 g | Poids \u00e9goutt\u00e9 : 315 g<\/p>\n<p>Contient des c\u00e9r\u00e9ales et du gluten.<\/p>\n<p>Informations nutritionnelles<\/p>\n<p>Valeurs moyennes approximatives pour 100 g : <\/p>\n<p>\u00c9nergie : 407 kcal \/ 1701 kJ<br \/>\nMati\u00e8res grasses brutes : 25,40 g<br \/>\nAcide gras satur\u00e9s : 1,75 g<br \/>\nGlucides : 19,40 g<br \/>\nSucres : 2,74 g<br \/>\nProt\u00e9ines : 25,10 g<br \/>\nSel : 2,02 g<\/p>\n<p>Ingr\u00e9dients : Pilons de poulet (65 %), huile v\u00e9g\u00e9tale (huile de tournesol), oignon, bi\u00e8re (eau, malt, houblon, orge et levure), ail et sel.<br \/>Allerg\u00e8nes : Contient des c\u00e9r\u00e9ales et du gluten.<br \/>Les pilons de poulet brais\u00e9s \u00e0 la bi\u00e8re sont un plat d\u00e9licieux \u00e0 savourer \u00e0 tout moment. Avec un poids net de 480 grammes, ce plat est id\u00e9al \u00e0 partager en famille ou \u00e0 d\u00e9guster seul. <\/p>\n<p>L&rsquo;alliance d&rsquo;une chair de poulet tendre et de la saveur unique de la bi\u00e8re cr\u00e9e une explosion de saveurs \u00e0 chaque bouch\u00e9e. Les pilons de poulet sont mijot\u00e9s dans une sauce \u00e0 la bi\u00e8re qui sublime leur saveur et les rend irr\u00e9sistibles. <\/p>\n<p>Pr\u00e9parer des pilons de poulet brais\u00e9s \u00e0 la bi\u00e8re est un jeu d&rsquo;enfant. Il suffit de les r\u00e9chauffer quelques minutes au four, et ils sont pr\u00eats \u00e0 \u00eatre servis. Accompagnez-les d&rsquo;une salade fra\u00eeche, de riz blanc ou de pommes de terre r\u00f4ties pour un repas complet et savoureux.  <\/p>\n<p>Que ce soit pour un d\u00eener sp\u00e9cial ou un repas rapide en semaine, les pilons de poulet brais\u00e9s \u00e0 la bi\u00e8re sont un excellent choix. Leur saveur unique et leur facilit\u00e9 de pr\u00e9paration en font une option parfaite pour toutes les occasions. N&rsquo;attendez plus et laissez-vous tenter par ces d\u00e9licieux pilons de poulet brais\u00e9s \u00e0 la bi\u00e8re !  <\/p>\n","protected":false},"excerpt":{"rendered":"<p>Pilons de poulet brais\u00e9s \u00e0 la bi\u00e8re \u00ab\u00a0La Alacena\u00a0\u00bb<\/p>\n","protected":false},"featured_media":20833,"comment_status":"open","ping_status":"closed","template":"","meta":{"_et_pb_use_builder":"","_et_pb_old_content":"","_et_gb_content_width":"","_sitemap_exclude":false,"_sitemap_priority":"","_sitemap_frequency":""},"product_brand":[],"product_cat":[23,41,221,904,77,47],"product_tag":[],"class_list":{"0":"post-20844","1":"product","2":"type-product","3":"status-publish","4":"has-post-thumbnail","6":"product_cat-accueil","7":"product_cat-conserves","8":"product_cat-gourmet-fr","9":"product_cat-offres","10":"product_cat-platos-preparados-fr","11":"product_cat-tous-les-produits","12":"product_shipping_class-normal-fr","14":"first","15":"instock","16":"sale","17":"shipping-taxable","18":"purchasable","19":"product-type-simple"},"yoast_head":"<!-- This site is optimized with the Yoast SEO plugin v27.4 - https:\/\/yoast.com\/product\/yoast-seo-wordpress\/ -->\n<title>Acheter Pilons de poulet brais\u00e9s \u00e0 la bi\u00e8re &quot;La Alacena&quot; - El Mejor Jam\u00f3n<\/title>\n<meta name=\"description\" content=\"Pr\u00eats \u00e0 r\u00e9chauffer et \u00e0 servir. Sans additifs. Produit naturel, sans conservateurs ni colorants artificiels. Faits artisanalement.\" \/>\n<meta name=\"robots\" content=\"index, follow, max-snippet:-1, max-image-preview:large, max-video-preview:-1\" \/>\n<link rel=\"canonical\" href=\"https:\/\/elmejorjamon.es\/fr\/producto\/pilons-de-poulet-braises-a-la-biere-la-alacena\/\" \/>\n<meta property=\"og:locale\" content=\"fr_FR\" \/>\n<meta property=\"og:type\" content=\"article\" \/>\n<meta property=\"og:title\" content=\"Acheter Pilons de poulet brais\u00e9s \u00e0 la bi\u00e8re &quot;La Alacena&quot; - El Mejor Jam\u00f3n\" \/>\n<meta property=\"og:description\" content=\"Pr\u00eats \u00e0 r\u00e9chauffer et \u00e0 servir. Sans additifs. Produit naturel, sans conservateurs ni colorants artificiels. Faits artisanalement.\" \/>\n<meta property=\"og:url\" content=\"https:\/\/elmejorjamon.es\/fr\/producto\/pilons-de-poulet-braises-a-la-biere-la-alacena\/\" \/>\n<meta property=\"og:site_name\" content=\"El Mejor Jam\u00f3n\" \/>\n<meta property=\"article:publisher\" content=\"https:\/\/www.facebook.com\/elmejorjamonweb\" \/>\n<meta property=\"article:modified_time\" content=\"2025-11-07T12:17:59+00:00\" \/>\n<meta property=\"og:image\" content=\"https:\/\/elmejorjamon.es\/wp-content\/uploads\/2025\/11\/JAMONCITOSCERVEZA.jpg\" \/>\n\t<meta property=\"og:image:width\" content=\"1000\" \/>\n\t<meta property=\"og:image:height\" content=\"782\" \/>\n\t<meta property=\"og:image:type\" content=\"image\/jpeg\" \/>\n<meta name=\"twitter:card\" content=\"summary_large_image\" \/>\n<meta name=\"twitter:site\" content=\"@elmejorjamonweb\" \/>\n<meta name=\"twitter:label1\" content=\"Dur\u00e9e de lecture estim\u00e9e\" \/>\n\t<meta name=\"twitter:data1\" content=\"2 minutes\" \/>\n<script type=\"application\/ld+json\" class=\"yoast-schema-graph\">{\"@context\":\"https:\\\/\\\/schema.org\",\"@graph\":[{\"@type\":\"WebPage\",\"@id\":\"https:\\\/\\\/elmejorjamon.es\\\/fr\\\/producto\\\/pilons-de-poulet-braises-a-la-biere-la-alacena\\\/\",\"url\":\"https:\\\/\\\/elmejorjamon.es\\\/fr\\\/producto\\\/pilons-de-poulet-braises-a-la-biere-la-alacena\\\/\",\"name\":\"Acheter Pilons de poulet brais\u00e9s \u00e0 la bi\u00e8re \\\"La Alacena\\\" - El Mejor Jam\u00f3n\",\"isPartOf\":{\"@id\":\"https:\\\/\\\/elmejorjamon.es\\\/#website\"},\"primaryImageOfPage\":{\"@id\":\"https:\\\/\\\/elmejorjamon.es\\\/fr\\\/producto\\\/pilons-de-poulet-braises-a-la-biere-la-alacena\\\/#primaryimage\"},\"image\":{\"@id\":\"https:\\\/\\\/elmejorjamon.es\\\/fr\\\/producto\\\/pilons-de-poulet-braises-a-la-biere-la-alacena\\\/#primaryimage\"},\"thumbnailUrl\":\"https:\\\/\\\/elmejorjamon.es\\\/wp-content\\\/uploads\\\/2025\\\/11\\\/JAMONCITOSCERVEZA.jpg\",\"datePublished\":\"2025-11-07T12:17:56+00:00\",\"dateModified\":\"2025-11-07T12:17:59+00:00\",\"description\":\"Pr\u00eats \u00e0 r\u00e9chauffer et \u00e0 servir. Sans additifs. Produit naturel, sans conservateurs ni colorants artificiels. Faits artisanalement.\",\"breadcrumb\":{\"@id\":\"https:\\\/\\\/elmejorjamon.es\\\/fr\\\/producto\\\/pilons-de-poulet-braises-a-la-biere-la-alacena\\\/#breadcrumb\"},\"inLanguage\":\"fr-FR\",\"potentialAction\":[{\"@type\":\"ReadAction\",\"target\":[\"https:\\\/\\\/elmejorjamon.es\\\/fr\\\/producto\\\/pilons-de-poulet-braises-a-la-biere-la-alacena\\\/\"]}]},{\"@type\":\"ImageObject\",\"inLanguage\":\"fr-FR\",\"@id\":\"https:\\\/\\\/elmejorjamon.es\\\/fr\\\/producto\\\/pilons-de-poulet-braises-a-la-biere-la-alacena\\\/#primaryimage\",\"url\":\"https:\\\/\\\/elmejorjamon.es\\\/wp-content\\\/uploads\\\/2025\\\/11\\\/JAMONCITOSCERVEZA.jpg\",\"contentUrl\":\"https:\\\/\\\/elmejorjamon.es\\\/wp-content\\\/uploads\\\/2025\\\/11\\\/JAMONCITOSCERVEZA.jpg\",\"width\":1000,\"height\":782},{\"@type\":\"BreadcrumbList\",\"@id\":\"https:\\\/\\\/elmejorjamon.es\\\/fr\\\/producto\\\/pilons-de-poulet-braises-a-la-biere-la-alacena\\\/#breadcrumb\",\"itemListElement\":[{\"@type\":\"ListItem\",\"position\":1,\"name\":\"Portada\",\"item\":\"https:\\\/\\\/elmejorjamon.es\\\/fr\\\/\"},{\"@type\":\"ListItem\",\"position\":2,\"name\":\"D\u00e9marrage rapide\",\"item\":\"https:\\\/\\\/elmejorjamon.es\\\/fr\\\/\"},{\"@type\":\"ListItem\",\"position\":3,\"name\":\"Pilons de poulet brais\u00e9s \u00e0 la bi\u00e8re &#8220;La Alacena&#8221;\"}]},{\"@type\":\"WebSite\",\"@id\":\"https:\\\/\\\/elmejorjamon.es\\\/#website\",\"url\":\"https:\\\/\\\/elmejorjamon.es\\\/\",\"name\":\"El Mejor Jam\u00f3n\",\"description\":\"Comprar jamones y embutidos a buen precio\",\"publisher\":{\"@id\":\"https:\\\/\\\/elmejorjamon.es\\\/#organization\"},\"potentialAction\":[{\"@type\":\"SearchAction\",\"target\":{\"@type\":\"EntryPoint\",\"urlTemplate\":\"https:\\\/\\\/elmejorjamon.es\\\/?s={search_term_string}\"},\"query-input\":{\"@type\":\"PropertyValueSpecification\",\"valueRequired\":true,\"valueName\":\"search_term_string\"}}],\"inLanguage\":\"fr-FR\"},{\"@type\":\"Organization\",\"@id\":\"https:\\\/\\\/elmejorjamon.es\\\/#organization\",\"name\":\"El Mejor Jam\u00f3n\",\"url\":\"https:\\\/\\\/elmejorjamon.es\\\/\",\"logo\":{\"@type\":\"ImageObject\",\"inLanguage\":\"fr-FR\",\"@id\":\"https:\\\/\\\/elmejorjamon.es\\\/#\\\/schema\\\/logo\\\/image\\\/\",\"url\":\"https:\\\/\\\/elmejorjamon.es\\\/wp-content\\\/uploads\\\/2025\\\/01\\\/logocorreos.png\",\"contentUrl\":\"https:\\\/\\\/elmejorjamon.es\\\/wp-content\\\/uploads\\\/2025\\\/01\\\/logocorreos.png\",\"width\":277,\"height\":200,\"caption\":\"El Mejor Jam\u00f3n\"},\"image\":{\"@id\":\"https:\\\/\\\/elmejorjamon.es\\\/#\\\/schema\\\/logo\\\/image\\\/\"},\"sameAs\":[\"https:\\\/\\\/www.facebook.com\\\/elmejorjamonweb\",\"https:\\\/\\\/x.com\\\/elmejorjamonweb\",\"https:\\\/\\\/www.instagram.com\\\/elmejorjamonweb\\\/\"]}]}<\/script>\n<!-- \/ Yoast SEO plugin. -->","yoast_head_json":{"title":"Acheter Pilons de poulet brais\u00e9s \u00e0 la bi\u00e8re \"La Alacena\" - El Mejor Jam\u00f3n","description":"Pr\u00eats \u00e0 r\u00e9chauffer et \u00e0 servir. Sans additifs. Produit naturel, sans conservateurs ni colorants artificiels. Faits artisanalement.","robots":{"index":"index","follow":"follow","max-snippet":"max-snippet:-1","max-image-preview":"max-image-preview:large","max-video-preview":"max-video-preview:-1"},"canonical":"https:\/\/elmejorjamon.es\/fr\/producto\/pilons-de-poulet-braises-a-la-biere-la-alacena\/","og_locale":"fr_FR","og_type":"article","og_title":"Acheter Pilons de poulet brais\u00e9s \u00e0 la bi\u00e8re \"La Alacena\" - El Mejor Jam\u00f3n","og_description":"Pr\u00eats \u00e0 r\u00e9chauffer et \u00e0 servir. Sans additifs. Produit naturel, sans conservateurs ni colorants artificiels. Faits artisanalement.","og_url":"https:\/\/elmejorjamon.es\/fr\/producto\/pilons-de-poulet-braises-a-la-biere-la-alacena\/","og_site_name":"El Mejor Jam\u00f3n","article_publisher":"https:\/\/www.facebook.com\/elmejorjamonweb","article_modified_time":"2025-11-07T12:17:59+00:00","og_image":[{"width":1000,"height":782,"url":"https:\/\/elmejorjamon.es\/wp-content\/uploads\/2025\/11\/JAMONCITOSCERVEZA.jpg","type":"image\/jpeg"}],"twitter_card":"summary_large_image","twitter_site":"@elmejorjamonweb","twitter_misc":{"Dur\u00e9e de lecture estim\u00e9e":"2 minutes"},"schema":{"@context":"https:\/\/schema.org","@graph":[{"@type":"WebPage","@id":"https:\/\/elmejorjamon.es\/fr\/producto\/pilons-de-poulet-braises-a-la-biere-la-alacena\/","url":"https:\/\/elmejorjamon.es\/fr\/producto\/pilons-de-poulet-braises-a-la-biere-la-alacena\/","name":"Acheter Pilons de poulet brais\u00e9s \u00e0 la bi\u00e8re \"La Alacena\" - El Mejor Jam\u00f3n","isPartOf":{"@id":"https:\/\/elmejorjamon.es\/#website"},"primaryImageOfPage":{"@id":"https:\/\/elmejorjamon.es\/fr\/producto\/pilons-de-poulet-braises-a-la-biere-la-alacena\/#primaryimage"},"image":{"@id":"https:\/\/elmejorjamon.es\/fr\/producto\/pilons-de-poulet-braises-a-la-biere-la-alacena\/#primaryimage"},"thumbnailUrl":"https:\/\/elmejorjamon.es\/wp-content\/uploads\/2025\/11\/JAMONCITOSCERVEZA.jpg","datePublished":"2025-11-07T12:17:56+00:00","dateModified":"2025-11-07T12:17:59+00:00","description":"Pr\u00eats \u00e0 r\u00e9chauffer et \u00e0 servir. Sans additifs. Produit naturel, sans conservateurs ni colorants artificiels. Faits artisanalement.","breadcrumb":{"@id":"https:\/\/elmejorjamon.es\/fr\/producto\/pilons-de-poulet-braises-a-la-biere-la-alacena\/#breadcrumb"},"inLanguage":"fr-FR","potentialAction":[{"@type":"ReadAction","target":["https:\/\/elmejorjamon.es\/fr\/producto\/pilons-de-poulet-braises-a-la-biere-la-alacena\/"]}]},{"@type":"ImageObject","inLanguage":"fr-FR","@id":"https:\/\/elmejorjamon.es\/fr\/producto\/pilons-de-poulet-braises-a-la-biere-la-alacena\/#primaryimage","url":"https:\/\/elmejorjamon.es\/wp-content\/uploads\/2025\/11\/JAMONCITOSCERVEZA.jpg","contentUrl":"https:\/\/elmejorjamon.es\/wp-content\/uploads\/2025\/11\/JAMONCITOSCERVEZA.jpg","width":1000,"height":782},{"@type":"BreadcrumbList","@id":"https:\/\/elmejorjamon.es\/fr\/producto\/pilons-de-poulet-braises-a-la-biere-la-alacena\/#breadcrumb","itemListElement":[{"@type":"ListItem","position":1,"name":"Portada","item":"https:\/\/elmejorjamon.es\/fr\/"},{"@type":"ListItem","position":2,"name":"D\u00e9marrage rapide","item":"https:\/\/elmejorjamon.es\/fr\/"},{"@type":"ListItem","position":3,"name":"Pilons de poulet brais\u00e9s \u00e0 la bi\u00e8re &#8220;La Alacena&#8221;"}]},{"@type":"WebSite","@id":"https:\/\/elmejorjamon.es\/#website","url":"https:\/\/elmejorjamon.es\/","name":"El Mejor Jam\u00f3n","description":"Comprar jamones y embutidos a buen precio","publisher":{"@id":"https:\/\/elmejorjamon.es\/#organization"},"potentialAction":[{"@type":"SearchAction","target":{"@type":"EntryPoint","urlTemplate":"https:\/\/elmejorjamon.es\/?s={search_term_string}"},"query-input":{"@type":"PropertyValueSpecification","valueRequired":true,"valueName":"search_term_string"}}],"inLanguage":"fr-FR"},{"@type":"Organization","@id":"https:\/\/elmejorjamon.es\/#organization","name":"El Mejor Jam\u00f3n","url":"https:\/\/elmejorjamon.es\/","logo":{"@type":"ImageObject","inLanguage":"fr-FR","@id":"https:\/\/elmejorjamon.es\/#\/schema\/logo\/image\/","url":"https:\/\/elmejorjamon.es\/wp-content\/uploads\/2025\/01\/logocorreos.png","contentUrl":"https:\/\/elmejorjamon.es\/wp-content\/uploads\/2025\/01\/logocorreos.png","width":277,"height":200,"caption":"El Mejor Jam\u00f3n"},"image":{"@id":"https:\/\/elmejorjamon.es\/#\/schema\/logo\/image\/"},"sameAs":["https:\/\/www.facebook.com\/elmejorjamonweb","https:\/\/x.com\/elmejorjamonweb","https:\/\/www.instagram.com\/elmejorjamonweb\/"]}]}},"_links":{"self":[{"href":"https:\/\/elmejorjamon.es\/fr\/wp-json\/wp\/v2\/product\/20844","targetHints":{"allow":["GET"]}}],"collection":[{"href":"https:\/\/elmejorjamon.es\/fr\/wp-json\/wp\/v2\/product"}],"about":[{"href":"https:\/\/elmejorjamon.es\/fr\/wp-json\/wp\/v2\/types\/product"}],"replies":[{"embeddable":true,"href":"https:\/\/elmejorjamon.es\/fr\/wp-json\/wp\/v2\/comments?post=20844"}],"wp:featuredmedia":[{"embeddable":true,"href":"https:\/\/elmejorjamon.es\/fr\/wp-json\/wp\/v2\/media\/20833"}],"wp:attachment":[{"href":"https:\/\/elmejorjamon.es\/fr\/wp-json\/wp\/v2\/media?parent=20844"}],"wp:term":[{"taxonomy":"product_brand","embeddable":true,"href":"https:\/\/elmejorjamon.es\/fr\/wp-json\/wp\/v2\/product_brand?post=20844"},{"taxonomy":"product_cat","embeddable":true,"href":"https:\/\/elmejorjamon.es\/fr\/wp-json\/wp\/v2\/product_cat?post=20844"},{"taxonomy":"product_tag","embeddable":true,"href":"https:\/\/elmejorjamon.es\/fr\/wp-json\/wp\/v2\/product_tag?post=20844"}],"curies":[{"name":"wp","href":"https:\/\/api.w.org\/{rel}","templated":true}]}}