{"id":20775,"date":"2025-11-05T11:30:02","date_gmt":"2025-11-05T10:30:02","guid":{"rendered":"https:\/\/elmejorjamon.es\/?post_type=product&#038;p=20775"},"modified":"2025-11-05T12:26:23","modified_gmt":"2025-11-05T11:26:23","slug":"perdrix-a-pattes-rouges-marinees-la-alacena","status":"publish","type":"product","link":"https:\/\/elmejorjamon.es\/fr\/producto\/perdrix-a-pattes-rouges-marinees-la-alacena\/","title":{"rendered":"Perdrix \u00e0 pattes rouges marin\u00e9es \u00ab La Alacena \u00bb"},"content":{"rendered":"<p>D\u00e9licieuse perdrix \u00e0 pattes rouges. Pr\u00e9par\u00e9e avec notre marinade traditionnelle.<br \/>\n\u00c0 conserver dans un endroit frais et sec. Apr\u00e8s ouverture, conserver au r\u00e9frig\u00e9rateur et consommer dans les 5 jours.<\/p>\n<p>Sans gluten. Sans additifs. Produit naturel sans conservateurs ni colorants. Pr\u00e9paration artisanale. Produit gourmand.<\/p>\n<p>Se d\u00e9guste froide, \u00e0 temp\u00e9rature ambiante, ou r\u00e9chauff\u00e9e au bain-marie ou au micro-ondes (pour le micro-ondes, verser le contenu dans un r\u00e9cipient adapt\u00e9 et chauffer 2 \u00e0 3 minutes).<\/p>\n<p>Poids net : 420 g | Poids \u00e9goutt\u00e9 : 315 g<\/p>\n<p>puede contener sulfitos.<\/p>\n<p>Origen: Espa\u00f1a<\/p>\n<p>Informations nutritionnelles<\/p>\n<p>Valeurs moyennes approximatives pour 100 g :<\/p>\n<p>\u00c9nergie : 416 kcal \/ 1720 kJ<br \/>\nMati\u00e8res grasses brutes : 38,80 g<br \/>\nAcide gras satur\u00e9s : 5,11 g<br \/>\nGlucides : 1,70 g<br \/>\nSucres : 0,70 g<br \/>\nProt\u00e9ines : 15 g<br \/>\nSel : 1,01 g<\/p>\n<p>Ingr\u00e9dients : Perdrix rouge (65 %), huile v\u00e9g\u00e9tale (huile de tournesol), huile d&rsquo;olive, vinaigre de vin vieilli, ail, laurier, sel et grains de poivre.<\/p>\n<p>Allerg\u00e8nes : Peut contenir des sulfites. Produit de gibier, peut contenir des plombs.<\/p>\n<p>La perdrix rouge marin\u00e9e est un mets d\u00e9licieux pour les amateurs de cuisine traditionnelle et de saveurs intenses. Pesant 420 g, ce produit se distingue par sa qualit\u00e9 et son go\u00fbt exceptionnels.<\/p>\n<p>\u00c9labor\u00e9e \u00e0 partir de perdrix rouges soigneusement s\u00e9lectionn\u00e9es, cette recette suit une m\u00e9thode de marinade traditionnelle qui sublime sa saveur et sa texture. La marinade, compos\u00e9e de vinaigre, d&rsquo;huile d&rsquo;olive, de laurier, de poivre et d&rsquo;autres \u00e9pices, lui conf\u00e8re une touche acidul\u00e9e et aromatique irr\u00e9sistible.<\/p>\n<p>La perdrix rouge sauvage marin\u00e9e est id\u00e9ale \u00e0 tout moment de la journ\u00e9e. Elle se d\u00e9guste aussi bien en entr\u00e9e, accompagn\u00e9e d&rsquo;un bon verre de vin rouge, qu&rsquo;en plat principal pour un repas d&rsquo;exception. Sa polyvalence en cuisine en fait un ingr\u00e9dient phare pour la pr\u00e9paration de d\u00e9licieuses recettes.<\/p>\n<p>De plus, ce produit se distingue par sa haute teneur en prot\u00e9ines de qualit\u00e9, ce qui en fait un choix sain et nutritif. Sa chair tendre et juteuse, alli\u00e9e \u00e0 la saveur unique de la marinade, fait de la perdrix rouge sauvage marin\u00e9e un v\u00e9ritable d\u00e9lice pour les papilles.<\/p>\n<p>En bref, la perdrix rouge sauvage marin\u00e9e est un mets raffin\u00e9 qui devrait trouver sa place dans vos placards. Son go\u00fbt exquis, sa qualit\u00e9 sup\u00e9rieure et sa polyvalence en cuisine en font un produit incontournable pour les gourmets et les amateurs de saveurs authentiques.<\/p>\n","protected":false},"excerpt":{"rendered":"<p>Perdrix \u00e0 pattes rouges marin\u00e9es \u00ab La Alacena \u00bb<\/p>\n","protected":false},"featured_media":20764,"comment_status":"open","ping_status":"closed","template":"","meta":{"_et_pb_use_builder":"","_et_pb_old_content":"","_et_gb_content_width":"","_sitemap_exclude":false,"_sitemap_priority":"","_sitemap_frequency":""},"product_brand":[],"product_cat":[23,41,221,904,77,47],"product_tag":[],"class_list":{"0":"post-20775","1":"product","2":"type-product","3":"status-publish","4":"has-post-thumbnail","6":"product_cat-accueil","7":"product_cat-conserves","8":"product_cat-gourmet-fr","9":"product_cat-offres","10":"product_cat-platos-preparados-fr","11":"product_cat-tous-les-produits","12":"product_shipping_class-normal-fr","14":"first","15":"instock","16":"sale","17":"shipping-taxable","18":"purchasable","19":"product-type-simple"},"yoast_head":"<!-- This site is optimized with the Yoast SEO plugin v27.4 - https:\/\/yoast.com\/product\/yoast-seo-wordpress\/ -->\n<title>Acheter Perdrix \u00e0 pattes rouges marin\u00e9es \u00ab La Alacena \u00bb - El Mejor Jam\u00f3n<\/title>\n<meta name=\"description\" content=\"D\u00e9licieuse perdrix rouge sauvage. Pr\u00e9par\u00e9e avec notre marinade traditionnelle. Sans gluten. Sans additifs. Produit naturel, sans conservateurs ni colorants.\" \/>\n<meta name=\"robots\" content=\"index, follow, max-snippet:-1, max-image-preview:large, max-video-preview:-1\" \/>\n<link rel=\"canonical\" href=\"https:\/\/elmejorjamon.es\/fr\/producto\/perdrix-a-pattes-rouges-marinees-la-alacena\/\" \/>\n<meta property=\"og:locale\" content=\"fr_FR\" \/>\n<meta property=\"og:type\" content=\"article\" \/>\n<meta property=\"og:title\" content=\"Acheter Perdrix \u00e0 pattes rouges marin\u00e9es \u00ab La Alacena \u00bb - El Mejor Jam\u00f3n\" \/>\n<meta property=\"og:description\" content=\"D\u00e9licieuse perdrix rouge sauvage. Pr\u00e9par\u00e9e avec notre marinade traditionnelle. Sans gluten. Sans additifs. Produit naturel, sans conservateurs ni colorants.\" \/>\n<meta property=\"og:url\" content=\"https:\/\/elmejorjamon.es\/fr\/producto\/perdrix-a-pattes-rouges-marinees-la-alacena\/\" \/>\n<meta property=\"og:site_name\" content=\"El Mejor Jam\u00f3n\" \/>\n<meta property=\"article:publisher\" content=\"https:\/\/www.facebook.com\/elmejorjamonweb\" \/>\n<meta property=\"article:modified_time\" content=\"2025-11-05T11:26:23+00:00\" \/>\n<meta property=\"og:image\" content=\"https:\/\/elmejorjamon.es\/wp-content\/uploads\/2025\/11\/PerdizEscabeche.jpg\" \/>\n\t<meta property=\"og:image:width\" content=\"1089\" \/>\n\t<meta property=\"og:image:height\" content=\"1351\" \/>\n\t<meta property=\"og:image:type\" content=\"image\/jpeg\" \/>\n<meta name=\"twitter:card\" content=\"summary_large_image\" \/>\n<meta name=\"twitter:site\" content=\"@elmejorjamonweb\" \/>\n<meta name=\"twitter:label1\" content=\"Dur\u00e9e de lecture estim\u00e9e\" \/>\n\t<meta name=\"twitter:data1\" content=\"2 minutes\" \/>\n<script type=\"application\/ld+json\" class=\"yoast-schema-graph\">{\"@context\":\"https:\\\/\\\/schema.org\",\"@graph\":[{\"@type\":\"WebPage\",\"@id\":\"https:\\\/\\\/elmejorjamon.es\\\/fr\\\/producto\\\/perdrix-a-pattes-rouges-marinees-la-alacena\\\/\",\"url\":\"https:\\\/\\\/elmejorjamon.es\\\/fr\\\/producto\\\/perdrix-a-pattes-rouges-marinees-la-alacena\\\/\",\"name\":\"Acheter Perdrix \u00e0 pattes rouges marin\u00e9es \u00ab La Alacena \u00bb - El Mejor Jam\u00f3n\",\"isPartOf\":{\"@id\":\"https:\\\/\\\/elmejorjamon.es\\\/#website\"},\"primaryImageOfPage\":{\"@id\":\"https:\\\/\\\/elmejorjamon.es\\\/fr\\\/producto\\\/perdrix-a-pattes-rouges-marinees-la-alacena\\\/#primaryimage\"},\"image\":{\"@id\":\"https:\\\/\\\/elmejorjamon.es\\\/fr\\\/producto\\\/perdrix-a-pattes-rouges-marinees-la-alacena\\\/#primaryimage\"},\"thumbnailUrl\":\"https:\\\/\\\/elmejorjamon.es\\\/wp-content\\\/uploads\\\/2025\\\/11\\\/PerdizEscabeche.jpg\",\"datePublished\":\"2025-11-05T10:30:02+00:00\",\"dateModified\":\"2025-11-05T11:26:23+00:00\",\"description\":\"D\u00e9licieuse perdrix rouge sauvage. Pr\u00e9par\u00e9e avec notre marinade traditionnelle. Sans gluten. Sans additifs. Produit naturel, sans conservateurs ni colorants.\",\"breadcrumb\":{\"@id\":\"https:\\\/\\\/elmejorjamon.es\\\/fr\\\/producto\\\/perdrix-a-pattes-rouges-marinees-la-alacena\\\/#breadcrumb\"},\"inLanguage\":\"fr-FR\",\"potentialAction\":[{\"@type\":\"ReadAction\",\"target\":[\"https:\\\/\\\/elmejorjamon.es\\\/fr\\\/producto\\\/perdrix-a-pattes-rouges-marinees-la-alacena\\\/\"]}]},{\"@type\":\"ImageObject\",\"inLanguage\":\"fr-FR\",\"@id\":\"https:\\\/\\\/elmejorjamon.es\\\/fr\\\/producto\\\/perdrix-a-pattes-rouges-marinees-la-alacena\\\/#primaryimage\",\"url\":\"https:\\\/\\\/elmejorjamon.es\\\/wp-content\\\/uploads\\\/2025\\\/11\\\/PerdizEscabeche.jpg\",\"contentUrl\":\"https:\\\/\\\/elmejorjamon.es\\\/wp-content\\\/uploads\\\/2025\\\/11\\\/PerdizEscabeche.jpg\",\"width\":1089,\"height\":1351},{\"@type\":\"BreadcrumbList\",\"@id\":\"https:\\\/\\\/elmejorjamon.es\\\/fr\\\/producto\\\/perdrix-a-pattes-rouges-marinees-la-alacena\\\/#breadcrumb\",\"itemListElement\":[{\"@type\":\"ListItem\",\"position\":1,\"name\":\"Portada\",\"item\":\"https:\\\/\\\/elmejorjamon.es\\\/fr\\\/\"},{\"@type\":\"ListItem\",\"position\":2,\"name\":\"D\u00e9marrage rapide\",\"item\":\"https:\\\/\\\/elmejorjamon.es\\\/fr\\\/\"},{\"@type\":\"ListItem\",\"position\":3,\"name\":\"Perdrix \u00e0 pattes rouges marin\u00e9es \u00ab La Alacena \u00bb\"}]},{\"@type\":\"WebSite\",\"@id\":\"https:\\\/\\\/elmejorjamon.es\\\/#website\",\"url\":\"https:\\\/\\\/elmejorjamon.es\\\/\",\"name\":\"El Mejor Jam\u00f3n\",\"description\":\"Comprar jamones y embutidos a buen precio\",\"publisher\":{\"@id\":\"https:\\\/\\\/elmejorjamon.es\\\/#organization\"},\"potentialAction\":[{\"@type\":\"SearchAction\",\"target\":{\"@type\":\"EntryPoint\",\"urlTemplate\":\"https:\\\/\\\/elmejorjamon.es\\\/?s={search_term_string}\"},\"query-input\":{\"@type\":\"PropertyValueSpecification\",\"valueRequired\":true,\"valueName\":\"search_term_string\"}}],\"inLanguage\":\"fr-FR\"},{\"@type\":\"Organization\",\"@id\":\"https:\\\/\\\/elmejorjamon.es\\\/#organization\",\"name\":\"El Mejor Jam\u00f3n\",\"url\":\"https:\\\/\\\/elmejorjamon.es\\\/\",\"logo\":{\"@type\":\"ImageObject\",\"inLanguage\":\"fr-FR\",\"@id\":\"https:\\\/\\\/elmejorjamon.es\\\/#\\\/schema\\\/logo\\\/image\\\/\",\"url\":\"https:\\\/\\\/elmejorjamon.es\\\/wp-content\\\/uploads\\\/2025\\\/01\\\/logocorreos.png\",\"contentUrl\":\"https:\\\/\\\/elmejorjamon.es\\\/wp-content\\\/uploads\\\/2025\\\/01\\\/logocorreos.png\",\"width\":277,\"height\":200,\"caption\":\"El Mejor Jam\u00f3n\"},\"image\":{\"@id\":\"https:\\\/\\\/elmejorjamon.es\\\/#\\\/schema\\\/logo\\\/image\\\/\"},\"sameAs\":[\"https:\\\/\\\/www.facebook.com\\\/elmejorjamonweb\",\"https:\\\/\\\/x.com\\\/elmejorjamonweb\",\"https:\\\/\\\/www.instagram.com\\\/elmejorjamonweb\\\/\"]}]}<\/script>\n<!-- \/ Yoast SEO plugin. -->","yoast_head_json":{"title":"Acheter Perdrix \u00e0 pattes rouges marin\u00e9es \u00ab La Alacena \u00bb - El Mejor Jam\u00f3n","description":"D\u00e9licieuse perdrix rouge sauvage. Pr\u00e9par\u00e9e avec notre marinade traditionnelle. Sans gluten. Sans additifs. Produit naturel, sans conservateurs ni colorants.","robots":{"index":"index","follow":"follow","max-snippet":"max-snippet:-1","max-image-preview":"max-image-preview:large","max-video-preview":"max-video-preview:-1"},"canonical":"https:\/\/elmejorjamon.es\/fr\/producto\/perdrix-a-pattes-rouges-marinees-la-alacena\/","og_locale":"fr_FR","og_type":"article","og_title":"Acheter Perdrix \u00e0 pattes rouges marin\u00e9es \u00ab La Alacena \u00bb - El Mejor Jam\u00f3n","og_description":"D\u00e9licieuse perdrix rouge sauvage. Pr\u00e9par\u00e9e avec notre marinade traditionnelle. Sans gluten. Sans additifs. Produit naturel, sans conservateurs ni colorants.","og_url":"https:\/\/elmejorjamon.es\/fr\/producto\/perdrix-a-pattes-rouges-marinees-la-alacena\/","og_site_name":"El Mejor Jam\u00f3n","article_publisher":"https:\/\/www.facebook.com\/elmejorjamonweb","article_modified_time":"2025-11-05T11:26:23+00:00","og_image":[{"width":1089,"height":1351,"url":"https:\/\/elmejorjamon.es\/wp-content\/uploads\/2025\/11\/PerdizEscabeche.jpg","type":"image\/jpeg"}],"twitter_card":"summary_large_image","twitter_site":"@elmejorjamonweb","twitter_misc":{"Dur\u00e9e de lecture estim\u00e9e":"2 minutes"},"schema":{"@context":"https:\/\/schema.org","@graph":[{"@type":"WebPage","@id":"https:\/\/elmejorjamon.es\/fr\/producto\/perdrix-a-pattes-rouges-marinees-la-alacena\/","url":"https:\/\/elmejorjamon.es\/fr\/producto\/perdrix-a-pattes-rouges-marinees-la-alacena\/","name":"Acheter Perdrix \u00e0 pattes rouges marin\u00e9es \u00ab La Alacena \u00bb - El Mejor Jam\u00f3n","isPartOf":{"@id":"https:\/\/elmejorjamon.es\/#website"},"primaryImageOfPage":{"@id":"https:\/\/elmejorjamon.es\/fr\/producto\/perdrix-a-pattes-rouges-marinees-la-alacena\/#primaryimage"},"image":{"@id":"https:\/\/elmejorjamon.es\/fr\/producto\/perdrix-a-pattes-rouges-marinees-la-alacena\/#primaryimage"},"thumbnailUrl":"https:\/\/elmejorjamon.es\/wp-content\/uploads\/2025\/11\/PerdizEscabeche.jpg","datePublished":"2025-11-05T10:30:02+00:00","dateModified":"2025-11-05T11:26:23+00:00","description":"D\u00e9licieuse perdrix rouge sauvage. Pr\u00e9par\u00e9e avec notre marinade traditionnelle. Sans gluten. Sans additifs. Produit naturel, sans conservateurs ni colorants.","breadcrumb":{"@id":"https:\/\/elmejorjamon.es\/fr\/producto\/perdrix-a-pattes-rouges-marinees-la-alacena\/#breadcrumb"},"inLanguage":"fr-FR","potentialAction":[{"@type":"ReadAction","target":["https:\/\/elmejorjamon.es\/fr\/producto\/perdrix-a-pattes-rouges-marinees-la-alacena\/"]}]},{"@type":"ImageObject","inLanguage":"fr-FR","@id":"https:\/\/elmejorjamon.es\/fr\/producto\/perdrix-a-pattes-rouges-marinees-la-alacena\/#primaryimage","url":"https:\/\/elmejorjamon.es\/wp-content\/uploads\/2025\/11\/PerdizEscabeche.jpg","contentUrl":"https:\/\/elmejorjamon.es\/wp-content\/uploads\/2025\/11\/PerdizEscabeche.jpg","width":1089,"height":1351},{"@type":"BreadcrumbList","@id":"https:\/\/elmejorjamon.es\/fr\/producto\/perdrix-a-pattes-rouges-marinees-la-alacena\/#breadcrumb","itemListElement":[{"@type":"ListItem","position":1,"name":"Portada","item":"https:\/\/elmejorjamon.es\/fr\/"},{"@type":"ListItem","position":2,"name":"D\u00e9marrage rapide","item":"https:\/\/elmejorjamon.es\/fr\/"},{"@type":"ListItem","position":3,"name":"Perdrix \u00e0 pattes rouges marin\u00e9es \u00ab La Alacena \u00bb"}]},{"@type":"WebSite","@id":"https:\/\/elmejorjamon.es\/#website","url":"https:\/\/elmejorjamon.es\/","name":"El Mejor Jam\u00f3n","description":"Comprar jamones y embutidos a buen precio","publisher":{"@id":"https:\/\/elmejorjamon.es\/#organization"},"potentialAction":[{"@type":"SearchAction","target":{"@type":"EntryPoint","urlTemplate":"https:\/\/elmejorjamon.es\/?s={search_term_string}"},"query-input":{"@type":"PropertyValueSpecification","valueRequired":true,"valueName":"search_term_string"}}],"inLanguage":"fr-FR"},{"@type":"Organization","@id":"https:\/\/elmejorjamon.es\/#organization","name":"El Mejor Jam\u00f3n","url":"https:\/\/elmejorjamon.es\/","logo":{"@type":"ImageObject","inLanguage":"fr-FR","@id":"https:\/\/elmejorjamon.es\/#\/schema\/logo\/image\/","url":"https:\/\/elmejorjamon.es\/wp-content\/uploads\/2025\/01\/logocorreos.png","contentUrl":"https:\/\/elmejorjamon.es\/wp-content\/uploads\/2025\/01\/logocorreos.png","width":277,"height":200,"caption":"El Mejor Jam\u00f3n"},"image":{"@id":"https:\/\/elmejorjamon.es\/#\/schema\/logo\/image\/"},"sameAs":["https:\/\/www.facebook.com\/elmejorjamonweb","https:\/\/x.com\/elmejorjamonweb","https:\/\/www.instagram.com\/elmejorjamonweb\/"]}]}},"_links":{"self":[{"href":"https:\/\/elmejorjamon.es\/fr\/wp-json\/wp\/v2\/product\/20775","targetHints":{"allow":["GET"]}}],"collection":[{"href":"https:\/\/elmejorjamon.es\/fr\/wp-json\/wp\/v2\/product"}],"about":[{"href":"https:\/\/elmejorjamon.es\/fr\/wp-json\/wp\/v2\/types\/product"}],"replies":[{"embeddable":true,"href":"https:\/\/elmejorjamon.es\/fr\/wp-json\/wp\/v2\/comments?post=20775"}],"wp:featuredmedia":[{"embeddable":true,"href":"https:\/\/elmejorjamon.es\/fr\/wp-json\/wp\/v2\/media\/20764"}],"wp:attachment":[{"href":"https:\/\/elmejorjamon.es\/fr\/wp-json\/wp\/v2\/media?parent=20775"}],"wp:term":[{"taxonomy":"product_brand","embeddable":true,"href":"https:\/\/elmejorjamon.es\/fr\/wp-json\/wp\/v2\/product_brand?post=20775"},{"taxonomy":"product_cat","embeddable":true,"href":"https:\/\/elmejorjamon.es\/fr\/wp-json\/wp\/v2\/product_cat?post=20775"},{"taxonomy":"product_tag","embeddable":true,"href":"https:\/\/elmejorjamon.es\/fr\/wp-json\/wp\/v2\/product_tag?post=20775"}],"curies":[{"name":"wp","href":"https:\/\/api.w.org\/{rel}","templated":true}]}}