{"id":2055,"date":"2012-02-08T22:59:55","date_gmt":"2012-02-08T21:59:55","guid":{"rendered":"https:\/\/nueva.elmejorjamon.es\/producto\/marque-de-pot-de-tomates-entieres-pelees-e-xito-1-kg\/"},"modified":"2012-02-08T22:59:55","modified_gmt":"2012-02-08T21:59:55","slug":"marque-de-pot-de-tomates-entieres-pelees-e-xito-1-kg","status":"publish","type":"product","link":"https:\/\/elmejorjamon.es\/fr\/producto\/marque-de-pot-de-tomates-entieres-pelees-e-xito-1-kg\/","title":{"rendered":"Marque de pot de tomates enti\u00e8res pel\u00e9es \u00c9 xito 1 kg."},"content":{"rendered":"<p>Pot de tomates poires enti\u00e8res pel\u00e9es Marque de succ\u00e8s 1 kg.<\/p>\n","protected":false},"excerpt":{"rendered":"<p>Pot de tomates poires enti\u00e8res pel\u00e9es Marque de succ\u00e8s 1 kg.<\/p>\n","protected":false},"featured_media":21830,"comment_status":"open","ping_status":"closed","template":"","meta":{"_et_pb_use_builder":"","_et_pb_old_content":"","_et_gb_content_width":"","_sitemap_exclude":false,"_sitemap_priority":"","_sitemap_frequency":""},"product_brand":[],"product_cat":[23,41,239,293,47],"product_tag":[],"class_list":{"0":"post-2055","1":"product","2":"type-product","3":"status-publish","4":"has-post-thumbnail","6":"product_cat-accueil","7":"product_cat-conserves","8":"product_cat-legumes","9":"product_cat-tomate-fr","10":"product_cat-tous-les-produits","11":"product_shipping_class-normal-fr","13":"first","14":"instock","15":"shipping-taxable","16":"purchasable","17":"product-type-simple"},"yoast_head":"<!-- This site is optimized with the Yoast SEO plugin v27.4 - https:\/\/yoast.com\/product\/yoast-seo-wordpress\/ -->\n<title>Marque de pot de tomates enti\u00e8res pel\u00e9es \u00c9 xito 1 kg. - El Mejor Jam\u00f3n<\/title>\n<meta name=\"robots\" content=\"index, follow, max-snippet:-1, max-image-preview:large, max-video-preview:-1\" \/>\n<link rel=\"canonical\" href=\"https:\/\/elmejorjamon.es\/producto\/bote-de-tomate-de-pera-entero-pelado-marca-exito-1-kg\/\" \/>\n<meta property=\"og:locale\" content=\"fr_FR\" \/>\n<meta property=\"og:type\" content=\"article\" \/>\n<meta property=\"og:title\" content=\"Marque de pot de tomates enti\u00e8res pel\u00e9es \u00c9 xito 1 kg. - El Mejor Jam\u00f3n\" \/>\n<meta property=\"og:description\" content=\"Pot de tomates poires enti\u00e8res pel\u00e9es Marque de succ\u00e8s 1 kg.\" \/>\n<meta property=\"og:url\" content=\"https:\/\/elmejorjamon.es\/producto\/bote-de-tomate-de-pera-entero-pelado-marca-exito-1-kg\/\" \/>\n<meta property=\"og:site_name\" content=\"El Mejor Jam\u00f3n\" \/>\n<meta property=\"article:publisher\" content=\"https:\/\/www.facebook.com\/elmejorjamonweb\" \/>\n<meta property=\"og:image\" content=\"https:\/\/elmejorjamon.es\/wp-content\/uploads\/2012\/02\/299-thickbox_default-Bote-de-tomate-de-pera-entero-pelado-marca-Exito-12-kg.jpg\" \/>\n\t<meta property=\"og:image:width\" content=\"1100\" \/>\n\t<meta property=\"og:image:height\" content=\"1422\" \/>\n\t<meta property=\"og:image:type\" content=\"image\/jpeg\" \/>\n<meta name=\"twitter:card\" content=\"summary_large_image\" \/>\n<meta name=\"twitter:site\" content=\"@elmejorjamonweb\" \/>\n<script type=\"application\/ld+json\" class=\"yoast-schema-graph\">{\"@context\":\"https:\\\/\\\/schema.org\",\"@graph\":[{\"@type\":\"WebPage\",\"@id\":\"https:\\\/\\\/elmejorjamon.es\\\/producto\\\/bote-de-tomate-de-pera-entero-pelado-marca-exito-1-kg\\\/\",\"url\":\"https:\\\/\\\/elmejorjamon.es\\\/producto\\\/bote-de-tomate-de-pera-entero-pelado-marca-exito-1-kg\\\/\",\"name\":\"Marque de pot de tomates enti\u00e8res pel\u00e9es \u00c9 xito 1 kg. - El Mejor Jam\u00f3n\",\"isPartOf\":{\"@id\":\"https:\\\/\\\/elmejorjamon.es\\\/#website\"},\"primaryImageOfPage\":{\"@id\":\"https:\\\/\\\/elmejorjamon.es\\\/producto\\\/bote-de-tomate-de-pera-entero-pelado-marca-exito-1-kg\\\/#primaryimage\"},\"image\":{\"@id\":\"https:\\\/\\\/elmejorjamon.es\\\/producto\\\/bote-de-tomate-de-pera-entero-pelado-marca-exito-1-kg\\\/#primaryimage\"},\"thumbnailUrl\":\"https:\\\/\\\/elmejorjamon.es\\\/wp-content\\\/uploads\\\/2012\\\/02\\\/tomateperaG.jpg\",\"datePublished\":\"2012-02-08T21:59:55+00:00\",\"breadcrumb\":{\"@id\":\"https:\\\/\\\/elmejorjamon.es\\\/producto\\\/bote-de-tomate-de-pera-entero-pelado-marca-exito-1-kg\\\/#breadcrumb\"},\"inLanguage\":\"fr-FR\",\"potentialAction\":[{\"@type\":\"ReadAction\",\"target\":[\"https:\\\/\\\/elmejorjamon.es\\\/producto\\\/bote-de-tomate-de-pera-entero-pelado-marca-exito-1-kg\\\/\"]}]},{\"@type\":\"ImageObject\",\"inLanguage\":\"fr-FR\",\"@id\":\"https:\\\/\\\/elmejorjamon.es\\\/producto\\\/bote-de-tomate-de-pera-entero-pelado-marca-exito-1-kg\\\/#primaryimage\",\"url\":\"https:\\\/\\\/elmejorjamon.es\\\/wp-content\\\/uploads\\\/2012\\\/02\\\/tomateperaG.jpg\",\"contentUrl\":\"https:\\\/\\\/elmejorjamon.es\\\/wp-content\\\/uploads\\\/2012\\\/02\\\/tomateperaG.jpg\",\"width\":568,\"height\":900},{\"@type\":\"BreadcrumbList\",\"@id\":\"https:\\\/\\\/elmejorjamon.es\\\/producto\\\/bote-de-tomate-de-pera-entero-pelado-marca-exito-1-kg\\\/#breadcrumb\",\"itemListElement\":[{\"@type\":\"ListItem\",\"position\":1,\"name\":\"Portada\",\"item\":\"https:\\\/\\\/elmejorjamon.es\\\/fr\\\/\"},{\"@type\":\"ListItem\",\"position\":2,\"name\":\"D\u00e9marrage rapide\",\"item\":\"https:\\\/\\\/elmejorjamon.es\\\/fr\\\/\"},{\"@type\":\"ListItem\",\"position\":3,\"name\":\"Marque de pot de tomates enti\u00e8res pel\u00e9es \u00c9 xito 1 kg.\"}]},{\"@type\":\"WebSite\",\"@id\":\"https:\\\/\\\/elmejorjamon.es\\\/#website\",\"url\":\"https:\\\/\\\/elmejorjamon.es\\\/\",\"name\":\"El Mejor Jam\u00f3n\",\"description\":\"Comprar jamones y embutidos a buen precio\",\"publisher\":{\"@id\":\"https:\\\/\\\/elmejorjamon.es\\\/#organization\"},\"potentialAction\":[{\"@type\":\"SearchAction\",\"target\":{\"@type\":\"EntryPoint\",\"urlTemplate\":\"https:\\\/\\\/elmejorjamon.es\\\/?s={search_term_string}\"},\"query-input\":{\"@type\":\"PropertyValueSpecification\",\"valueRequired\":true,\"valueName\":\"search_term_string\"}}],\"inLanguage\":\"fr-FR\"},{\"@type\":\"Organization\",\"@id\":\"https:\\\/\\\/elmejorjamon.es\\\/#organization\",\"name\":\"El Mejor Jam\u00f3n\",\"url\":\"https:\\\/\\\/elmejorjamon.es\\\/\",\"logo\":{\"@type\":\"ImageObject\",\"inLanguage\":\"fr-FR\",\"@id\":\"https:\\\/\\\/elmejorjamon.es\\\/#\\\/schema\\\/logo\\\/image\\\/\",\"url\":\"https:\\\/\\\/elmejorjamon.es\\\/wp-content\\\/uploads\\\/2025\\\/01\\\/logocorreos.png\",\"contentUrl\":\"https:\\\/\\\/elmejorjamon.es\\\/wp-content\\\/uploads\\\/2025\\\/01\\\/logocorreos.png\",\"width\":277,\"height\":200,\"caption\":\"El Mejor Jam\u00f3n\"},\"image\":{\"@id\":\"https:\\\/\\\/elmejorjamon.es\\\/#\\\/schema\\\/logo\\\/image\\\/\"},\"sameAs\":[\"https:\\\/\\\/www.facebook.com\\\/elmejorjamonweb\",\"https:\\\/\\\/x.com\\\/elmejorjamonweb\",\"https:\\\/\\\/www.instagram.com\\\/elmejorjamonweb\\\/\"]}]}<\/script>\n<!-- \/ Yoast SEO plugin. -->","yoast_head_json":{"title":"Marque de pot de tomates enti\u00e8res pel\u00e9es \u00c9 xito 1 kg. - El Mejor Jam\u00f3n","robots":{"index":"index","follow":"follow","max-snippet":"max-snippet:-1","max-image-preview":"max-image-preview:large","max-video-preview":"max-video-preview:-1"},"canonical":"https:\/\/elmejorjamon.es\/producto\/bote-de-tomate-de-pera-entero-pelado-marca-exito-1-kg\/","og_locale":"fr_FR","og_type":"article","og_title":"Marque de pot de tomates enti\u00e8res pel\u00e9es \u00c9 xito 1 kg. - El Mejor Jam\u00f3n","og_description":"Pot de tomates poires enti\u00e8res pel\u00e9es Marque de succ\u00e8s 1 kg.","og_url":"https:\/\/elmejorjamon.es\/producto\/bote-de-tomate-de-pera-entero-pelado-marca-exito-1-kg\/","og_site_name":"El Mejor Jam\u00f3n","article_publisher":"https:\/\/www.facebook.com\/elmejorjamonweb","og_image":[{"width":1100,"height":1422,"url":"https:\/\/elmejorjamon.es\/wp-content\/uploads\/2012\/02\/299-thickbox_default-Bote-de-tomate-de-pera-entero-pelado-marca-Exito-12-kg.jpg","type":"image\/jpeg"}],"twitter_card":"summary_large_image","twitter_site":"@elmejorjamonweb","schema":{"@context":"https:\/\/schema.org","@graph":[{"@type":"WebPage","@id":"https:\/\/elmejorjamon.es\/producto\/bote-de-tomate-de-pera-entero-pelado-marca-exito-1-kg\/","url":"https:\/\/elmejorjamon.es\/producto\/bote-de-tomate-de-pera-entero-pelado-marca-exito-1-kg\/","name":"Marque de pot de tomates enti\u00e8res pel\u00e9es \u00c9 xito 1 kg. - El Mejor Jam\u00f3n","isPartOf":{"@id":"https:\/\/elmejorjamon.es\/#website"},"primaryImageOfPage":{"@id":"https:\/\/elmejorjamon.es\/producto\/bote-de-tomate-de-pera-entero-pelado-marca-exito-1-kg\/#primaryimage"},"image":{"@id":"https:\/\/elmejorjamon.es\/producto\/bote-de-tomate-de-pera-entero-pelado-marca-exito-1-kg\/#primaryimage"},"thumbnailUrl":"https:\/\/elmejorjamon.es\/wp-content\/uploads\/2012\/02\/tomateperaG.jpg","datePublished":"2012-02-08T21:59:55+00:00","breadcrumb":{"@id":"https:\/\/elmejorjamon.es\/producto\/bote-de-tomate-de-pera-entero-pelado-marca-exito-1-kg\/#breadcrumb"},"inLanguage":"fr-FR","potentialAction":[{"@type":"ReadAction","target":["https:\/\/elmejorjamon.es\/producto\/bote-de-tomate-de-pera-entero-pelado-marca-exito-1-kg\/"]}]},{"@type":"ImageObject","inLanguage":"fr-FR","@id":"https:\/\/elmejorjamon.es\/producto\/bote-de-tomate-de-pera-entero-pelado-marca-exito-1-kg\/#primaryimage","url":"https:\/\/elmejorjamon.es\/wp-content\/uploads\/2012\/02\/tomateperaG.jpg","contentUrl":"https:\/\/elmejorjamon.es\/wp-content\/uploads\/2012\/02\/tomateperaG.jpg","width":568,"height":900},{"@type":"BreadcrumbList","@id":"https:\/\/elmejorjamon.es\/producto\/bote-de-tomate-de-pera-entero-pelado-marca-exito-1-kg\/#breadcrumb","itemListElement":[{"@type":"ListItem","position":1,"name":"Portada","item":"https:\/\/elmejorjamon.es\/fr\/"},{"@type":"ListItem","position":2,"name":"D\u00e9marrage rapide","item":"https:\/\/elmejorjamon.es\/fr\/"},{"@type":"ListItem","position":3,"name":"Marque de pot de tomates enti\u00e8res pel\u00e9es \u00c9 xito 1 kg."}]},{"@type":"WebSite","@id":"https:\/\/elmejorjamon.es\/#website","url":"https:\/\/elmejorjamon.es\/","name":"El Mejor Jam\u00f3n","description":"Comprar jamones y embutidos a buen precio","publisher":{"@id":"https:\/\/elmejorjamon.es\/#organization"},"potentialAction":[{"@type":"SearchAction","target":{"@type":"EntryPoint","urlTemplate":"https:\/\/elmejorjamon.es\/?s={search_term_string}"},"query-input":{"@type":"PropertyValueSpecification","valueRequired":true,"valueName":"search_term_string"}}],"inLanguage":"fr-FR"},{"@type":"Organization","@id":"https:\/\/elmejorjamon.es\/#organization","name":"El Mejor Jam\u00f3n","url":"https:\/\/elmejorjamon.es\/","logo":{"@type":"ImageObject","inLanguage":"fr-FR","@id":"https:\/\/elmejorjamon.es\/#\/schema\/logo\/image\/","url":"https:\/\/elmejorjamon.es\/wp-content\/uploads\/2025\/01\/logocorreos.png","contentUrl":"https:\/\/elmejorjamon.es\/wp-content\/uploads\/2025\/01\/logocorreos.png","width":277,"height":200,"caption":"El Mejor Jam\u00f3n"},"image":{"@id":"https:\/\/elmejorjamon.es\/#\/schema\/logo\/image\/"},"sameAs":["https:\/\/www.facebook.com\/elmejorjamonweb","https:\/\/x.com\/elmejorjamonweb","https:\/\/www.instagram.com\/elmejorjamonweb\/"]}]}},"_links":{"self":[{"href":"https:\/\/elmejorjamon.es\/fr\/wp-json\/wp\/v2\/product\/2055","targetHints":{"allow":["GET"]}}],"collection":[{"href":"https:\/\/elmejorjamon.es\/fr\/wp-json\/wp\/v2\/product"}],"about":[{"href":"https:\/\/elmejorjamon.es\/fr\/wp-json\/wp\/v2\/types\/product"}],"replies":[{"embeddable":true,"href":"https:\/\/elmejorjamon.es\/fr\/wp-json\/wp\/v2\/comments?post=2055"}],"wp:featuredmedia":[{"embeddable":true,"href":"https:\/\/elmejorjamon.es\/fr\/wp-json\/wp\/v2\/media\/21830"}],"wp:attachment":[{"href":"https:\/\/elmejorjamon.es\/fr\/wp-json\/wp\/v2\/media?parent=2055"}],"wp:term":[{"taxonomy":"product_brand","embeddable":true,"href":"https:\/\/elmejorjamon.es\/fr\/wp-json\/wp\/v2\/product_brand?post=2055"},{"taxonomy":"product_cat","embeddable":true,"href":"https:\/\/elmejorjamon.es\/fr\/wp-json\/wp\/v2\/product_cat?post=2055"},{"taxonomy":"product_tag","embeddable":true,"href":"https:\/\/elmejorjamon.es\/fr\/wp-json\/wp\/v2\/product_tag?post=2055"}],"curies":[{"name":"wp","href":"https:\/\/api.w.org\/{rel}","templated":true}]}}