{"id":1947,"date":"2012-01-14T09:58:53","date_gmt":"2012-01-14T08:58:53","guid":{"rendered":"https:\/\/nueva.elmejorjamon.es\/producto\/jambon-gran-selection-de-la-famille-8-kg-env-vallterra\/"},"modified":"2012-01-14T09:58:53","modified_gmt":"2012-01-14T08:58:53","slug":"jambon-gran-selection-de-la-famille-8-kg-env-vallterra","status":"publish","type":"product","link":"https:\/\/elmejorjamon.es\/fr\/producto\/jambon-gran-selection-de-la-famille-8-kg-env-vallterra\/","title":{"rendered":"Jambon Gran s\u00e9lection de la famille 8 kg. env. Vallterra"},"content":{"rendered":"<p>Le jambon Gran s\u00e9lection de la famille provient de porcs s\u00e9lectionn\u00e9s, \u00e9lev\u00e9s et nourris \u00e0 l&rsquo;ext\u00e9rieur. Le produit des ch\u00eanes et des ch\u00eanes-li\u00e8ges fournit le meilleur aliment possible pour leur engraissement. Fabriqu\u00e9 \u00e0 la main, laissant un jambon doux et juteux. Avec un ar\u00f4me sp\u00e9cial et moelleux.<\/p>\n","protected":false},"excerpt":{"rendered":"<p>Jambon Gran s\u00e9lection de la famille 8 kg. env. Vallterra<\/p>\n","protected":false},"featured_media":1923,"comment_status":"open","ping_status":"closed","template":"","meta":{"_et_pb_use_builder":"","_et_pb_old_content":"","_et_gb_content_width":"","_sitemap_exclude":false,"_sitemap_priority":"","_sitemap_frequency":""},"product_brand":[],"product_cat":[23,107,47],"product_tag":[],"class_list":{"0":"post-1947","1":"product","2":"type-product","3":"status-publish","4":"has-post-thumbnail","6":"product_cat-accueil","7":"product_cat-jambons-iberiques","8":"product_cat-tous-les-produits","9":"product_shipping_class-normal-fr","10":"pa_opciones-63-decoupeaucouteauetemballe-fr","11":"pa_opciones-desosseetemballesousvide59-fr","12":"pa_opciones-pieceentiere-fr","14":"first","15":"instock","16":"shipping-taxable","17":"purchasable","18":"product-type-variable","19":"has-default-attributes"},"yoast_head":"<!-- This site is optimized with the Yoast SEO plugin v27.4 - https:\/\/yoast.com\/product\/yoast-seo-wordpress\/ -->\n<title>Jambon Gran s\u00e9lection de la famille 8 kg. env. Vallterra - El Mejor Jam\u00f3n<\/title>\n<meta name=\"robots\" content=\"index, follow, max-snippet:-1, max-image-preview:large, max-video-preview:-1\" \/>\n<link rel=\"canonical\" href=\"https:\/\/elmejorjamon.es\/fr\/producto\/jambon-gran-selection-de-la-famille-8-kg-env-vallterra\/\" \/>\n<meta property=\"og:locale\" content=\"fr_FR\" \/>\n<meta property=\"og:type\" content=\"article\" \/>\n<meta property=\"og:title\" content=\"Jambon Gran s\u00e9lection de la famille 8 kg. env. Vallterra - El Mejor Jam\u00f3n\" \/>\n<meta property=\"og:description\" content=\"Jambon Gran s\u00e9lection de la famille 8 kg. env. Vallterra\" \/>\n<meta property=\"og:url\" content=\"https:\/\/elmejorjamon.es\/fr\/producto\/jambon-gran-selection-de-la-famille-8-kg-env-vallterra\/\" \/>\n<meta property=\"og:site_name\" content=\"El Mejor Jam\u00f3n\" \/>\n<meta property=\"article:publisher\" content=\"https:\/\/www.facebook.com\/elmejorjamonweb\" \/>\n<meta property=\"og:image\" content=\"https:\/\/elmejorjamon.es\/wp-content\/uploads\/2012\/01\/1646-thickbox_default-Jamon-Gran-Reserva-de-la-Familia.jpg\" \/>\n\t<meta property=\"og:image:width\" content=\"1100\" \/>\n\t<meta property=\"og:image:height\" content=\"1422\" \/>\n\t<meta property=\"og:image:type\" content=\"image\/jpeg\" \/>\n<meta name=\"twitter:card\" content=\"summary_large_image\" \/>\n<meta name=\"twitter:site\" content=\"@elmejorjamonweb\" \/>\n<script type=\"application\/ld+json\" class=\"yoast-schema-graph\">{\"@context\":\"https:\\\/\\\/schema.org\",\"@graph\":[{\"@type\":\"WebPage\",\"@id\":\"https:\\\/\\\/elmejorjamon.es\\\/fr\\\/producto\\\/jambon-gran-selection-de-la-famille-8-kg-env-vallterra\\\/\",\"url\":\"https:\\\/\\\/elmejorjamon.es\\\/fr\\\/producto\\\/jambon-gran-selection-de-la-famille-8-kg-env-vallterra\\\/\",\"name\":\"Jambon Gran s\u00e9lection de la famille 8 kg. env. Vallterra - El Mejor Jam\u00f3n\",\"isPartOf\":{\"@id\":\"https:\\\/\\\/elmejorjamon.es\\\/#website\"},\"primaryImageOfPage\":{\"@id\":\"https:\\\/\\\/elmejorjamon.es\\\/fr\\\/producto\\\/jambon-gran-selection-de-la-famille-8-kg-env-vallterra\\\/#primaryimage\"},\"image\":{\"@id\":\"https:\\\/\\\/elmejorjamon.es\\\/fr\\\/producto\\\/jambon-gran-selection-de-la-famille-8-kg-env-vallterra\\\/#primaryimage\"},\"thumbnailUrl\":\"https:\\\/\\\/elmejorjamon.es\\\/wp-content\\\/uploads\\\/2012\\\/01\\\/1646-thickbox_default-Jamon-Gran-Reserva-de-la-Familia.jpg\",\"datePublished\":\"2012-01-14T08:58:53+00:00\",\"breadcrumb\":{\"@id\":\"https:\\\/\\\/elmejorjamon.es\\\/fr\\\/producto\\\/jambon-gran-selection-de-la-famille-8-kg-env-vallterra\\\/#breadcrumb\"},\"inLanguage\":\"fr-FR\",\"potentialAction\":[{\"@type\":\"ReadAction\",\"target\":[\"https:\\\/\\\/elmejorjamon.es\\\/fr\\\/producto\\\/jambon-gran-selection-de-la-famille-8-kg-env-vallterra\\\/\"]}]},{\"@type\":\"ImageObject\",\"inLanguage\":\"fr-FR\",\"@id\":\"https:\\\/\\\/elmejorjamon.es\\\/fr\\\/producto\\\/jambon-gran-selection-de-la-famille-8-kg-env-vallterra\\\/#primaryimage\",\"url\":\"https:\\\/\\\/elmejorjamon.es\\\/wp-content\\\/uploads\\\/2012\\\/01\\\/1646-thickbox_default-Jamon-Gran-Reserva-de-la-Familia.jpg\",\"contentUrl\":\"https:\\\/\\\/elmejorjamon.es\\\/wp-content\\\/uploads\\\/2012\\\/01\\\/1646-thickbox_default-Jamon-Gran-Reserva-de-la-Familia.jpg\",\"width\":1100,\"height\":1422},{\"@type\":\"BreadcrumbList\",\"@id\":\"https:\\\/\\\/elmejorjamon.es\\\/fr\\\/producto\\\/jambon-gran-selection-de-la-famille-8-kg-env-vallterra\\\/#breadcrumb\",\"itemListElement\":[{\"@type\":\"ListItem\",\"position\":1,\"name\":\"Portada\",\"item\":\"https:\\\/\\\/elmejorjamon.es\\\/fr\\\/\"},{\"@type\":\"ListItem\",\"position\":2,\"name\":\"D\u00e9marrage rapide\",\"item\":\"https:\\\/\\\/elmejorjamon.es\\\/fr\\\/\"},{\"@type\":\"ListItem\",\"position\":3,\"name\":\"Jambon Gran s\u00e9lection de la famille 8 kg. env. Vallterra\"}]},{\"@type\":\"WebSite\",\"@id\":\"https:\\\/\\\/elmejorjamon.es\\\/#website\",\"url\":\"https:\\\/\\\/elmejorjamon.es\\\/\",\"name\":\"El Mejor Jam\u00f3n\",\"description\":\"Comprar jamones y embutidos a buen precio\",\"publisher\":{\"@id\":\"https:\\\/\\\/elmejorjamon.es\\\/#organization\"},\"potentialAction\":[{\"@type\":\"SearchAction\",\"target\":{\"@type\":\"EntryPoint\",\"urlTemplate\":\"https:\\\/\\\/elmejorjamon.es\\\/?s={search_term_string}\"},\"query-input\":{\"@type\":\"PropertyValueSpecification\",\"valueRequired\":true,\"valueName\":\"search_term_string\"}}],\"inLanguage\":\"fr-FR\"},{\"@type\":\"Organization\",\"@id\":\"https:\\\/\\\/elmejorjamon.es\\\/#organization\",\"name\":\"El Mejor Jam\u00f3n\",\"url\":\"https:\\\/\\\/elmejorjamon.es\\\/\",\"logo\":{\"@type\":\"ImageObject\",\"inLanguage\":\"fr-FR\",\"@id\":\"https:\\\/\\\/elmejorjamon.es\\\/#\\\/schema\\\/logo\\\/image\\\/\",\"url\":\"https:\\\/\\\/elmejorjamon.es\\\/wp-content\\\/uploads\\\/2025\\\/01\\\/logocorreos.png\",\"contentUrl\":\"https:\\\/\\\/elmejorjamon.es\\\/wp-content\\\/uploads\\\/2025\\\/01\\\/logocorreos.png\",\"width\":277,\"height\":200,\"caption\":\"El Mejor Jam\u00f3n\"},\"image\":{\"@id\":\"https:\\\/\\\/elmejorjamon.es\\\/#\\\/schema\\\/logo\\\/image\\\/\"},\"sameAs\":[\"https:\\\/\\\/www.facebook.com\\\/elmejorjamonweb\",\"https:\\\/\\\/x.com\\\/elmejorjamonweb\",\"https:\\\/\\\/www.instagram.com\\\/elmejorjamonweb\\\/\"]}]}<\/script>\n<!-- \/ Yoast SEO plugin. -->","yoast_head_json":{"title":"Jambon Gran s\u00e9lection de la famille 8 kg. env. Vallterra - El Mejor Jam\u00f3n","robots":{"index":"index","follow":"follow","max-snippet":"max-snippet:-1","max-image-preview":"max-image-preview:large","max-video-preview":"max-video-preview:-1"},"canonical":"https:\/\/elmejorjamon.es\/fr\/producto\/jambon-gran-selection-de-la-famille-8-kg-env-vallterra\/","og_locale":"fr_FR","og_type":"article","og_title":"Jambon Gran s\u00e9lection de la famille 8 kg. env. Vallterra - El Mejor Jam\u00f3n","og_description":"Jambon Gran s\u00e9lection de la famille 8 kg. env. Vallterra","og_url":"https:\/\/elmejorjamon.es\/fr\/producto\/jambon-gran-selection-de-la-famille-8-kg-env-vallterra\/","og_site_name":"El Mejor Jam\u00f3n","article_publisher":"https:\/\/www.facebook.com\/elmejorjamonweb","og_image":[{"width":1100,"height":1422,"url":"https:\/\/elmejorjamon.es\/wp-content\/uploads\/2012\/01\/1646-thickbox_default-Jamon-Gran-Reserva-de-la-Familia.jpg","type":"image\/jpeg"}],"twitter_card":"summary_large_image","twitter_site":"@elmejorjamonweb","schema":{"@context":"https:\/\/schema.org","@graph":[{"@type":"WebPage","@id":"https:\/\/elmejorjamon.es\/fr\/producto\/jambon-gran-selection-de-la-famille-8-kg-env-vallterra\/","url":"https:\/\/elmejorjamon.es\/fr\/producto\/jambon-gran-selection-de-la-famille-8-kg-env-vallterra\/","name":"Jambon Gran s\u00e9lection de la famille 8 kg. env. Vallterra - El Mejor Jam\u00f3n","isPartOf":{"@id":"https:\/\/elmejorjamon.es\/#website"},"primaryImageOfPage":{"@id":"https:\/\/elmejorjamon.es\/fr\/producto\/jambon-gran-selection-de-la-famille-8-kg-env-vallterra\/#primaryimage"},"image":{"@id":"https:\/\/elmejorjamon.es\/fr\/producto\/jambon-gran-selection-de-la-famille-8-kg-env-vallterra\/#primaryimage"},"thumbnailUrl":"https:\/\/elmejorjamon.es\/wp-content\/uploads\/2012\/01\/1646-thickbox_default-Jamon-Gran-Reserva-de-la-Familia.jpg","datePublished":"2012-01-14T08:58:53+00:00","breadcrumb":{"@id":"https:\/\/elmejorjamon.es\/fr\/producto\/jambon-gran-selection-de-la-famille-8-kg-env-vallterra\/#breadcrumb"},"inLanguage":"fr-FR","potentialAction":[{"@type":"ReadAction","target":["https:\/\/elmejorjamon.es\/fr\/producto\/jambon-gran-selection-de-la-famille-8-kg-env-vallterra\/"]}]},{"@type":"ImageObject","inLanguage":"fr-FR","@id":"https:\/\/elmejorjamon.es\/fr\/producto\/jambon-gran-selection-de-la-famille-8-kg-env-vallterra\/#primaryimage","url":"https:\/\/elmejorjamon.es\/wp-content\/uploads\/2012\/01\/1646-thickbox_default-Jamon-Gran-Reserva-de-la-Familia.jpg","contentUrl":"https:\/\/elmejorjamon.es\/wp-content\/uploads\/2012\/01\/1646-thickbox_default-Jamon-Gran-Reserva-de-la-Familia.jpg","width":1100,"height":1422},{"@type":"BreadcrumbList","@id":"https:\/\/elmejorjamon.es\/fr\/producto\/jambon-gran-selection-de-la-famille-8-kg-env-vallterra\/#breadcrumb","itemListElement":[{"@type":"ListItem","position":1,"name":"Portada","item":"https:\/\/elmejorjamon.es\/fr\/"},{"@type":"ListItem","position":2,"name":"D\u00e9marrage rapide","item":"https:\/\/elmejorjamon.es\/fr\/"},{"@type":"ListItem","position":3,"name":"Jambon Gran s\u00e9lection de la famille 8 kg. env. Vallterra"}]},{"@type":"WebSite","@id":"https:\/\/elmejorjamon.es\/#website","url":"https:\/\/elmejorjamon.es\/","name":"El Mejor Jam\u00f3n","description":"Comprar jamones y embutidos a buen precio","publisher":{"@id":"https:\/\/elmejorjamon.es\/#organization"},"potentialAction":[{"@type":"SearchAction","target":{"@type":"EntryPoint","urlTemplate":"https:\/\/elmejorjamon.es\/?s={search_term_string}"},"query-input":{"@type":"PropertyValueSpecification","valueRequired":true,"valueName":"search_term_string"}}],"inLanguage":"fr-FR"},{"@type":"Organization","@id":"https:\/\/elmejorjamon.es\/#organization","name":"El Mejor Jam\u00f3n","url":"https:\/\/elmejorjamon.es\/","logo":{"@type":"ImageObject","inLanguage":"fr-FR","@id":"https:\/\/elmejorjamon.es\/#\/schema\/logo\/image\/","url":"https:\/\/elmejorjamon.es\/wp-content\/uploads\/2025\/01\/logocorreos.png","contentUrl":"https:\/\/elmejorjamon.es\/wp-content\/uploads\/2025\/01\/logocorreos.png","width":277,"height":200,"caption":"El Mejor Jam\u00f3n"},"image":{"@id":"https:\/\/elmejorjamon.es\/#\/schema\/logo\/image\/"},"sameAs":["https:\/\/www.facebook.com\/elmejorjamonweb","https:\/\/x.com\/elmejorjamonweb","https:\/\/www.instagram.com\/elmejorjamonweb\/"]}]}},"_links":{"self":[{"href":"https:\/\/elmejorjamon.es\/fr\/wp-json\/wp\/v2\/product\/1947","targetHints":{"allow":["GET"]}}],"collection":[{"href":"https:\/\/elmejorjamon.es\/fr\/wp-json\/wp\/v2\/product"}],"about":[{"href":"https:\/\/elmejorjamon.es\/fr\/wp-json\/wp\/v2\/types\/product"}],"replies":[{"embeddable":true,"href":"https:\/\/elmejorjamon.es\/fr\/wp-json\/wp\/v2\/comments?post=1947"}],"wp:featuredmedia":[{"embeddable":true,"href":"https:\/\/elmejorjamon.es\/fr\/wp-json\/wp\/v2\/media\/1923"}],"wp:attachment":[{"href":"https:\/\/elmejorjamon.es\/fr\/wp-json\/wp\/v2\/media?parent=1947"}],"wp:term":[{"taxonomy":"product_brand","embeddable":true,"href":"https:\/\/elmejorjamon.es\/fr\/wp-json\/wp\/v2\/product_brand?post=1947"},{"taxonomy":"product_cat","embeddable":true,"href":"https:\/\/elmejorjamon.es\/fr\/wp-json\/wp\/v2\/product_cat?post=1947"},{"taxonomy":"product_tag","embeddable":true,"href":"https:\/\/elmejorjamon.es\/fr\/wp-json\/wp\/v2\/product_tag?post=1947"}],"curies":[{"name":"wp","href":"https:\/\/api.w.org\/{rel}","templated":true}]}}