{"id":19237,"date":"2025-06-10T12:13:16","date_gmt":"2025-06-10T10:13:16","guid":{"rendered":"https:\/\/elmejorjamon.es\/?post_type=product&#038;p=19237"},"modified":"2025-06-10T14:16:57","modified_gmt":"2025-06-10T12:16:57","slug":"lanieres-de-poulpe-a-lhuile-vegetale-rr-125-mariscadora","status":"publish","type":"product","link":"https:\/\/elmejorjamon.es\/fr\/producto\/lanieres-de-poulpe-a-lhuile-vegetale-rr-125-mariscadora\/","title":{"rendered":"Lani\u00e8res de poulpe \u00e0 l&rsquo;huile v\u00e9g\u00e9tale RR-125 Mariscadora"},"content":{"rendered":"<p>Lani\u00e8res de poulpe \u00e0 l&rsquo;huile v\u00e9g\u00e9tale RR-125 Mariscadora<\/p>\n<p>Ingr\u00e9dients : Poulpe (mollusques), huile de tournesol.<\/p>\n<p>INFORMATIONS NUTRITIONNELLES (100 g \u00e9goutt\u00e9)<\/p>\n<p>&nbsp;<\/p>\n<p>Valeur \u00e9nerg\u00e9tique 1,105 kJ\/264 kcal<\/p>\n<p>&nbsp;<\/p>\n<p>Mati\u00e8res grasses 18,3 g<\/p>\n<p>&nbsp;<\/p>\n<p>dont acides gras satur\u00e9s 1,9 g<\/p>\n<p>&nbsp;<\/p>\n<p>Glucides 2 g<\/p>\n<p>&nbsp;<\/p>\n<p>dont sucres&lt; 0,05 g<\/p>\n<p>&nbsp;<\/p>\n<p>Prot\u00e9ines 22,7 g<\/p>\n<p>&nbsp;<\/p>\n<p>Sel 1,86 g<\/p>\n","protected":false},"excerpt":{"rendered":"<p>Lani\u00e8res de poulpe \u00e0 l&rsquo;huile v\u00e9g\u00e9tale RR-125 Mariscadora<\/p>\n","protected":false},"featured_media":19206,"comment_status":"open","ping_status":"closed","template":"","meta":{"_et_pb_use_builder":"","_et_pb_old_content":"","_et_gb_content_width":"","_sitemap_exclude":false,"_sitemap_priority":"","_sitemap_frequency":""},"product_brand":[],"product_cat":[23,41,251,47],"product_tag":[],"class_list":{"0":"post-19237","1":"product","2":"type-product","3":"status-publish","4":"has-post-thumbnail","6":"product_cat-accueil","7":"product_cat-conserves","8":"product_cat-poulpe","9":"product_cat-tous-les-produits","10":"pa_opciones-1unite-fr","11":"pa_opciones-boitede50unites-fr","13":"first","14":"instock","15":"shipping-taxable","16":"purchasable","17":"product-type-variable","18":"has-default-attributes"},"yoast_head":"<!-- This site is optimized with the Yoast SEO plugin v27.4 - https:\/\/yoast.com\/product\/yoast-seo-wordpress\/ -->\n<title>Acheter Lani\u00e8res de poulpe \u00e0 l&#039;huile v\u00e9g\u00e9tale RR-125 Mariscadora - El Mejor Jam\u00f3n<\/title>\n<meta name=\"description\" content=\"Lani\u00e8res de poulpe \u00e0 l&#039;huile v\u00e9g\u00e9tale RR-125 Mariscadora Ingr\u00e9dients : Poulpe (mollusques), huile de tournesol.D\u00e9licieux poulpe pour plusieurs plats, salpic\u00f3n, salade, seul\" \/>\n<meta name=\"robots\" content=\"index, follow, max-snippet:-1, max-image-preview:large, max-video-preview:-1\" \/>\n<link rel=\"canonical\" href=\"https:\/\/elmejorjamon.es\/fr\/producto\/lanieres-de-poulpe-a-lhuile-vegetale-rr-125-mariscadora\/\" \/>\n<meta property=\"og:locale\" content=\"fr_FR\" \/>\n<meta property=\"og:type\" content=\"article\" \/>\n<meta property=\"og:title\" content=\"Acheter Lani\u00e8res de poulpe \u00e0 l&#039;huile v\u00e9g\u00e9tale RR-125 Mariscadora - El Mejor Jam\u00f3n\" \/>\n<meta property=\"og:description\" content=\"Lani\u00e8res de poulpe \u00e0 l&#039;huile v\u00e9g\u00e9tale RR-125 Mariscadora Ingr\u00e9dients : Poulpe (mollusques), huile de tournesol.D\u00e9licieux poulpe pour plusieurs plats, salpic\u00f3n, salade, seul\" \/>\n<meta property=\"og:url\" content=\"https:\/\/elmejorjamon.es\/fr\/producto\/lanieres-de-poulpe-a-lhuile-vegetale-rr-125-mariscadora\/\" \/>\n<meta property=\"og:site_name\" content=\"El Mejor Jam\u00f3n\" \/>\n<meta property=\"article:publisher\" content=\"https:\/\/www.facebook.com\/elmejorjamonweb\" \/>\n<meta property=\"article:modified_time\" content=\"2025-06-10T12:16:57+00:00\" \/>\n<meta property=\"og:image\" content=\"https:\/\/elmejorjamon.es\/wp-content\/uploads\/2025\/06\/RABAS1.jpg\" \/>\n\t<meta property=\"og:image:width\" content=\"900\" \/>\n\t<meta property=\"og:image:height\" content=\"555\" \/>\n\t<meta property=\"og:image:type\" content=\"image\/jpeg\" \/>\n<meta name=\"twitter:card\" content=\"summary_large_image\" \/>\n<meta name=\"twitter:site\" content=\"@elmejorjamonweb\" \/>\n<meta name=\"twitter:label1\" content=\"Dur\u00e9e de lecture estim\u00e9e\" \/>\n\t<meta name=\"twitter:data1\" content=\"1 minute\" \/>\n<script type=\"application\/ld+json\" class=\"yoast-schema-graph\">{\"@context\":\"https:\\\/\\\/schema.org\",\"@graph\":[{\"@type\":\"WebPage\",\"@id\":\"https:\\\/\\\/elmejorjamon.es\\\/fr\\\/producto\\\/lanieres-de-poulpe-a-lhuile-vegetale-rr-125-mariscadora\\\/\",\"url\":\"https:\\\/\\\/elmejorjamon.es\\\/fr\\\/producto\\\/lanieres-de-poulpe-a-lhuile-vegetale-rr-125-mariscadora\\\/\",\"name\":\"Acheter Lani\u00e8res de poulpe \u00e0 l'huile v\u00e9g\u00e9tale RR-125 Mariscadora - El Mejor Jam\u00f3n\",\"isPartOf\":{\"@id\":\"https:\\\/\\\/elmejorjamon.es\\\/#website\"},\"primaryImageOfPage\":{\"@id\":\"https:\\\/\\\/elmejorjamon.es\\\/fr\\\/producto\\\/lanieres-de-poulpe-a-lhuile-vegetale-rr-125-mariscadora\\\/#primaryimage\"},\"image\":{\"@id\":\"https:\\\/\\\/elmejorjamon.es\\\/fr\\\/producto\\\/lanieres-de-poulpe-a-lhuile-vegetale-rr-125-mariscadora\\\/#primaryimage\"},\"thumbnailUrl\":\"https:\\\/\\\/elmejorjamon.es\\\/wp-content\\\/uploads\\\/2025\\\/06\\\/RABAS1.jpg\",\"datePublished\":\"2025-06-10T10:13:16+00:00\",\"dateModified\":\"2025-06-10T12:16:57+00:00\",\"description\":\"Lani\u00e8res de poulpe \u00e0 l'huile v\u00e9g\u00e9tale RR-125 Mariscadora Ingr\u00e9dients : Poulpe (mollusques), huile de tournesol.D\u00e9licieux poulpe pour plusieurs plats, salpic\u00f3n, salade, seul\",\"breadcrumb\":{\"@id\":\"https:\\\/\\\/elmejorjamon.es\\\/fr\\\/producto\\\/lanieres-de-poulpe-a-lhuile-vegetale-rr-125-mariscadora\\\/#breadcrumb\"},\"inLanguage\":\"fr-FR\",\"potentialAction\":[{\"@type\":\"ReadAction\",\"target\":[\"https:\\\/\\\/elmejorjamon.es\\\/fr\\\/producto\\\/lanieres-de-poulpe-a-lhuile-vegetale-rr-125-mariscadora\\\/\"]}]},{\"@type\":\"ImageObject\",\"inLanguage\":\"fr-FR\",\"@id\":\"https:\\\/\\\/elmejorjamon.es\\\/fr\\\/producto\\\/lanieres-de-poulpe-a-lhuile-vegetale-rr-125-mariscadora\\\/#primaryimage\",\"url\":\"https:\\\/\\\/elmejorjamon.es\\\/wp-content\\\/uploads\\\/2025\\\/06\\\/RABAS1.jpg\",\"contentUrl\":\"https:\\\/\\\/elmejorjamon.es\\\/wp-content\\\/uploads\\\/2025\\\/06\\\/RABAS1.jpg\",\"width\":900,\"height\":555},{\"@type\":\"BreadcrumbList\",\"@id\":\"https:\\\/\\\/elmejorjamon.es\\\/fr\\\/producto\\\/lanieres-de-poulpe-a-lhuile-vegetale-rr-125-mariscadora\\\/#breadcrumb\",\"itemListElement\":[{\"@type\":\"ListItem\",\"position\":1,\"name\":\"Portada\",\"item\":\"https:\\\/\\\/elmejorjamon.es\\\/fr\\\/\"},{\"@type\":\"ListItem\",\"position\":2,\"name\":\"D\u00e9marrage rapide\",\"item\":\"https:\\\/\\\/elmejorjamon.es\\\/fr\\\/\"},{\"@type\":\"ListItem\",\"position\":3,\"name\":\"Lani\u00e8res de poulpe \u00e0 l&#8217;huile v\u00e9g\u00e9tale RR-125 Mariscadora\"}]},{\"@type\":\"WebSite\",\"@id\":\"https:\\\/\\\/elmejorjamon.es\\\/#website\",\"url\":\"https:\\\/\\\/elmejorjamon.es\\\/\",\"name\":\"El Mejor Jam\u00f3n\",\"description\":\"Comprar jamones y embutidos a buen precio\",\"publisher\":{\"@id\":\"https:\\\/\\\/elmejorjamon.es\\\/#organization\"},\"potentialAction\":[{\"@type\":\"SearchAction\",\"target\":{\"@type\":\"EntryPoint\",\"urlTemplate\":\"https:\\\/\\\/elmejorjamon.es\\\/?s={search_term_string}\"},\"query-input\":{\"@type\":\"PropertyValueSpecification\",\"valueRequired\":true,\"valueName\":\"search_term_string\"}}],\"inLanguage\":\"fr-FR\"},{\"@type\":\"Organization\",\"@id\":\"https:\\\/\\\/elmejorjamon.es\\\/#organization\",\"name\":\"El Mejor Jam\u00f3n\",\"url\":\"https:\\\/\\\/elmejorjamon.es\\\/\",\"logo\":{\"@type\":\"ImageObject\",\"inLanguage\":\"fr-FR\",\"@id\":\"https:\\\/\\\/elmejorjamon.es\\\/#\\\/schema\\\/logo\\\/image\\\/\",\"url\":\"https:\\\/\\\/elmejorjamon.es\\\/wp-content\\\/uploads\\\/2025\\\/01\\\/logocorreos.png\",\"contentUrl\":\"https:\\\/\\\/elmejorjamon.es\\\/wp-content\\\/uploads\\\/2025\\\/01\\\/logocorreos.png\",\"width\":277,\"height\":200,\"caption\":\"El Mejor Jam\u00f3n\"},\"image\":{\"@id\":\"https:\\\/\\\/elmejorjamon.es\\\/#\\\/schema\\\/logo\\\/image\\\/\"},\"sameAs\":[\"https:\\\/\\\/www.facebook.com\\\/elmejorjamonweb\",\"https:\\\/\\\/x.com\\\/elmejorjamonweb\",\"https:\\\/\\\/www.instagram.com\\\/elmejorjamonweb\\\/\"]}]}<\/script>\n<!-- \/ Yoast SEO plugin. -->","yoast_head_json":{"title":"Acheter Lani\u00e8res de poulpe \u00e0 l'huile v\u00e9g\u00e9tale RR-125 Mariscadora - El Mejor Jam\u00f3n","description":"Lani\u00e8res de poulpe \u00e0 l'huile v\u00e9g\u00e9tale RR-125 Mariscadora Ingr\u00e9dients : Poulpe (mollusques), huile de tournesol.D\u00e9licieux poulpe pour plusieurs plats, salpic\u00f3n, salade, seul","robots":{"index":"index","follow":"follow","max-snippet":"max-snippet:-1","max-image-preview":"max-image-preview:large","max-video-preview":"max-video-preview:-1"},"canonical":"https:\/\/elmejorjamon.es\/fr\/producto\/lanieres-de-poulpe-a-lhuile-vegetale-rr-125-mariscadora\/","og_locale":"fr_FR","og_type":"article","og_title":"Acheter Lani\u00e8res de poulpe \u00e0 l'huile v\u00e9g\u00e9tale RR-125 Mariscadora - El Mejor Jam\u00f3n","og_description":"Lani\u00e8res de poulpe \u00e0 l'huile v\u00e9g\u00e9tale RR-125 Mariscadora Ingr\u00e9dients : Poulpe (mollusques), huile de tournesol.D\u00e9licieux poulpe pour plusieurs plats, salpic\u00f3n, salade, seul","og_url":"https:\/\/elmejorjamon.es\/fr\/producto\/lanieres-de-poulpe-a-lhuile-vegetale-rr-125-mariscadora\/","og_site_name":"El Mejor Jam\u00f3n","article_publisher":"https:\/\/www.facebook.com\/elmejorjamonweb","article_modified_time":"2025-06-10T12:16:57+00:00","og_image":[{"width":900,"height":555,"url":"https:\/\/elmejorjamon.es\/wp-content\/uploads\/2025\/06\/RABAS1.jpg","type":"image\/jpeg"}],"twitter_card":"summary_large_image","twitter_site":"@elmejorjamonweb","twitter_misc":{"Dur\u00e9e de lecture estim\u00e9e":"1 minute"},"schema":{"@context":"https:\/\/schema.org","@graph":[{"@type":"WebPage","@id":"https:\/\/elmejorjamon.es\/fr\/producto\/lanieres-de-poulpe-a-lhuile-vegetale-rr-125-mariscadora\/","url":"https:\/\/elmejorjamon.es\/fr\/producto\/lanieres-de-poulpe-a-lhuile-vegetale-rr-125-mariscadora\/","name":"Acheter Lani\u00e8res de poulpe \u00e0 l'huile v\u00e9g\u00e9tale RR-125 Mariscadora - El Mejor Jam\u00f3n","isPartOf":{"@id":"https:\/\/elmejorjamon.es\/#website"},"primaryImageOfPage":{"@id":"https:\/\/elmejorjamon.es\/fr\/producto\/lanieres-de-poulpe-a-lhuile-vegetale-rr-125-mariscadora\/#primaryimage"},"image":{"@id":"https:\/\/elmejorjamon.es\/fr\/producto\/lanieres-de-poulpe-a-lhuile-vegetale-rr-125-mariscadora\/#primaryimage"},"thumbnailUrl":"https:\/\/elmejorjamon.es\/wp-content\/uploads\/2025\/06\/RABAS1.jpg","datePublished":"2025-06-10T10:13:16+00:00","dateModified":"2025-06-10T12:16:57+00:00","description":"Lani\u00e8res de poulpe \u00e0 l'huile v\u00e9g\u00e9tale RR-125 Mariscadora Ingr\u00e9dients : Poulpe (mollusques), huile de tournesol.D\u00e9licieux poulpe pour plusieurs plats, salpic\u00f3n, salade, seul","breadcrumb":{"@id":"https:\/\/elmejorjamon.es\/fr\/producto\/lanieres-de-poulpe-a-lhuile-vegetale-rr-125-mariscadora\/#breadcrumb"},"inLanguage":"fr-FR","potentialAction":[{"@type":"ReadAction","target":["https:\/\/elmejorjamon.es\/fr\/producto\/lanieres-de-poulpe-a-lhuile-vegetale-rr-125-mariscadora\/"]}]},{"@type":"ImageObject","inLanguage":"fr-FR","@id":"https:\/\/elmejorjamon.es\/fr\/producto\/lanieres-de-poulpe-a-lhuile-vegetale-rr-125-mariscadora\/#primaryimage","url":"https:\/\/elmejorjamon.es\/wp-content\/uploads\/2025\/06\/RABAS1.jpg","contentUrl":"https:\/\/elmejorjamon.es\/wp-content\/uploads\/2025\/06\/RABAS1.jpg","width":900,"height":555},{"@type":"BreadcrumbList","@id":"https:\/\/elmejorjamon.es\/fr\/producto\/lanieres-de-poulpe-a-lhuile-vegetale-rr-125-mariscadora\/#breadcrumb","itemListElement":[{"@type":"ListItem","position":1,"name":"Portada","item":"https:\/\/elmejorjamon.es\/fr\/"},{"@type":"ListItem","position":2,"name":"D\u00e9marrage rapide","item":"https:\/\/elmejorjamon.es\/fr\/"},{"@type":"ListItem","position":3,"name":"Lani\u00e8res de poulpe \u00e0 l&#8217;huile v\u00e9g\u00e9tale RR-125 Mariscadora"}]},{"@type":"WebSite","@id":"https:\/\/elmejorjamon.es\/#website","url":"https:\/\/elmejorjamon.es\/","name":"El Mejor Jam\u00f3n","description":"Comprar jamones y embutidos a buen precio","publisher":{"@id":"https:\/\/elmejorjamon.es\/#organization"},"potentialAction":[{"@type":"SearchAction","target":{"@type":"EntryPoint","urlTemplate":"https:\/\/elmejorjamon.es\/?s={search_term_string}"},"query-input":{"@type":"PropertyValueSpecification","valueRequired":true,"valueName":"search_term_string"}}],"inLanguage":"fr-FR"},{"@type":"Organization","@id":"https:\/\/elmejorjamon.es\/#organization","name":"El Mejor Jam\u00f3n","url":"https:\/\/elmejorjamon.es\/","logo":{"@type":"ImageObject","inLanguage":"fr-FR","@id":"https:\/\/elmejorjamon.es\/#\/schema\/logo\/image\/","url":"https:\/\/elmejorjamon.es\/wp-content\/uploads\/2025\/01\/logocorreos.png","contentUrl":"https:\/\/elmejorjamon.es\/wp-content\/uploads\/2025\/01\/logocorreos.png","width":277,"height":200,"caption":"El Mejor Jam\u00f3n"},"image":{"@id":"https:\/\/elmejorjamon.es\/#\/schema\/logo\/image\/"},"sameAs":["https:\/\/www.facebook.com\/elmejorjamonweb","https:\/\/x.com\/elmejorjamonweb","https:\/\/www.instagram.com\/elmejorjamonweb\/"]}]}},"_links":{"self":[{"href":"https:\/\/elmejorjamon.es\/fr\/wp-json\/wp\/v2\/product\/19237","targetHints":{"allow":["GET"]}}],"collection":[{"href":"https:\/\/elmejorjamon.es\/fr\/wp-json\/wp\/v2\/product"}],"about":[{"href":"https:\/\/elmejorjamon.es\/fr\/wp-json\/wp\/v2\/types\/product"}],"replies":[{"embeddable":true,"href":"https:\/\/elmejorjamon.es\/fr\/wp-json\/wp\/v2\/comments?post=19237"}],"wp:featuredmedia":[{"embeddable":true,"href":"https:\/\/elmejorjamon.es\/fr\/wp-json\/wp\/v2\/media\/19206"}],"wp:attachment":[{"href":"https:\/\/elmejorjamon.es\/fr\/wp-json\/wp\/v2\/media?parent=19237"}],"wp:term":[{"taxonomy":"product_brand","embeddable":true,"href":"https:\/\/elmejorjamon.es\/fr\/wp-json\/wp\/v2\/product_brand?post=19237"},{"taxonomy":"product_cat","embeddable":true,"href":"https:\/\/elmejorjamon.es\/fr\/wp-json\/wp\/v2\/product_cat?post=19237"},{"taxonomy":"product_tag","embeddable":true,"href":"https:\/\/elmejorjamon.es\/fr\/wp-json\/wp\/v2\/product_tag?post=19237"}],"curies":[{"name":"wp","href":"https:\/\/api.w.org\/{rel}","templated":true}]}}