{"id":17744,"date":"2025-02-17T13:15:53","date_gmt":"2025-02-17T12:15:53","guid":{"rendered":"https:\/\/elmejorjamon.es\/?post_type=product&#038;p=17744"},"modified":"2025-03-26T10:57:13","modified_gmt":"2025-03-26T09:57:13","slug":"petites-sardines-de-cabo-de-penas-grand-choix","status":"publish","type":"product","link":"https:\/\/elmejorjamon.es\/fr\/producto\/petites-sardines-de-cabo-de-penas-grand-choix\/","title":{"rendered":"Petites sardines de Cabo de Pe\u00f1as, grand choix"},"content":{"rendered":"<p>Petites sardines de Cabo de Pe\u00f1as, grand choix 10-14 RO-150<\/p>\n<div class=\"bloque-peso\">\n<ul>\n<li>POIDS NET : 140g<\/li>\n<li>POIDS DRAIN\u00c9 : 98g<\/li>\n<\/ul>\n<\/div>\n<p>Sardines accompagn\u00e9es d&rsquo;huile d&rsquo;olive. Qualit\u00e9 s\u00e9lectionn\u00e9e et emball\u00e9e \u00e0 la main pour conserver leur texture douce et leur saveur.<\/p>\n<p>Nous conservons les sardines les plus tendres et savoureuses, p\u00each\u00e9es \u00e0 leur moment optimal.<\/p>\n<p>Nous les emballons soigneusement \u00e0 la main de mani\u00e8re traditionnelle et les accompagnons uniquement d&rsquo;huile d&rsquo;olive d&rsquo;excellente qualit\u00e9, pr\u00e9servant intactes leur extraordinaire saveur originale, leur texture onctueuse et leur haute valeur nutritionnelle.<\/p>\n<h4 class=\"section-title mt-h4\">Ingr\u00e9dients<\/h4>\n<p>Sardines, huile d&rsquo;olive et sel.<\/p>\n<h4 class=\"section-title mt-h4\">\u00c9l\u00e9ments diff\u00e9rentiels<\/h4>\n<ul class=\"ul-list\">\n<li>Sardines p\u00each\u00e9es et s\u00e9lectionn\u00e9es au moment optimal.<\/li>\n<li>Pr\u00e9par\u00e9 avec soin de mani\u00e8re traditionnelle et accompagn\u00e9 d&rsquo;huile d&rsquo;olive de qualit\u00e9 s\u00e9lectionn\u00e9e.<\/li>\n<li>Emball\u00e9 \u00e0 la main.<\/li>\n<li>Saveur intense et texture douce et juteuse.<\/li>\n<li>Haute valeur nutritionnelle.<\/li>\n<\/ul>\n<h5>Valeurs nutritionnelles<\/h5>\n<table class=\"table table-sm table-bordered\">\n<thead>\n<tr>\n<th>Informations nutritionnelles<\/th>\n<th>pour 100 g de poids net<\/th>\n<th>pour 100 g de poids \u00e9goutt\u00e9<\/th>\n<\/tr>\n<\/thead>\n<tbody>\n<tr>\n<td class=\"unit\">Valeur \u00e9nerg\u00e9tique<\/td>\n<td class=\"value\">1376 kJ \/ 332 kcal<\/td>\n<td>955 kJ \/ 229 kcal<\/td>\n<\/tr>\n<tr>\n<td class=\"parent_unit\">Mati\u00e8res grasses<\/td>\n<td class=\"parent_value\">28,4g<\/td>\n<td>15,0g<\/td>\n<\/tr>\n<tr>\n<td class=\"child_unit\">dont satur\u00e9s<\/td>\n<td class=\"child_value\">5,2g<\/td>\n<td class=\"child_value\">3,4g<\/td>\n<\/tr>\n<tr>\n<td class=\"child_unit\">dont sucres<\/td>\n<td class=\"child_value\">0,0g<\/td>\n<td class=\"child_value\">0,0g<\/td>\n<\/tr>\n<tr>\n<td class=\"unit\">Sel<\/td>\n<td class=\"value\">1,04g<\/td>\n<td>1,30g<\/td>\n<\/tr>\n<tr>\n<td class=\"unit\">Vitamine B12<\/td>\n<td class=\"value\"><\/td>\n<td>4,90 \u00b5g (196% *VNR)<\/td>\n<\/tr>\n<tr>\n<td class=\"unit\">Vitamine D<\/td>\n<td class=\"value\"><\/td>\n<td>3,75 \u00b5g (75% *VNR)<\/td>\n<\/tr>\n<tr>\n<td class=\"unit\">Acides gras om\u00e9ga-3 (EPA+DHA)<\/td>\n<td class=\"value\"><\/td>\n<td>1500 mg<\/td>\n<\/tr>\n<tr>\n<td class=\"unit\">Calcium<\/td>\n<td class=\"value\"><\/td>\n<td>365 mg (46% *VNR)<\/td>\n<\/tr>\n<\/tbody>\n<\/table>\n<p>*VNR : Valeurs nutritionnelles de r\u00e9f\u00e9rence.<\/p>\n","protected":false},"excerpt":{"rendered":"<p>Petites sardines de Cabo de Pe\u00f1as, grand choix 10-14 RO-150<\/p>\n","protected":false},"featured_media":17739,"comment_status":"open","ping_status":"closed","template":"","meta":{"_et_pb_use_builder":"","_et_pb_old_content":"","_et_gb_content_width":"","_sitemap_exclude":false,"_sitemap_priority":"","_sitemap_frequency":""},"product_brand":[],"product_cat":[23,41,245,47],"product_tag":[],"class_list":{"0":"post-17744","1":"product","2":"type-product","3":"status-publish","4":"has-post-thumbnail","6":"product_cat-accueil","7":"product_cat-conserves","8":"product_cat-sardines","9":"product_cat-tous-les-produits","10":"product_shipping_class-normal-fr","12":"first","13":"outofstock","14":"shipping-taxable","15":"purchasable","16":"product-type-simple"},"yoast_head":"<!-- This site is optimized with the Yoast SEO plugin v27.2 - https:\/\/yoast.com\/product\/yoast-seo-wordpress\/ -->\n<title>Acheter Petites sardines de Cabo de Pe\u00f1as, grand choix - El Mejor Jam\u00f3n<\/title>\n<meta name=\"description\" content=\"Sardines accompagn\u00e9es d&#039;huile d&#039;olive. Qualit\u00e9 s\u00e9lectionn\u00e9e et emball\u00e9e \u00e0 la main pour conserver leur texture douce et leur saveur.El Mejor Jam\u00f3n\" \/>\n<meta name=\"robots\" content=\"index, follow, max-snippet:-1, max-image-preview:large, max-video-preview:-1\" \/>\n<link rel=\"canonical\" href=\"https:\/\/elmejorjamon.es\/producto\/sardinillas-cabo-de-penas-gran-seleccion\/\" \/>\n<meta property=\"og:locale\" content=\"fr_FR\" \/>\n<meta property=\"og:type\" content=\"article\" \/>\n<meta property=\"og:title\" content=\"Acheter Petites sardines de Cabo de Pe\u00f1as, grand choix - El Mejor Jam\u00f3n\" \/>\n<meta property=\"og:description\" content=\"Sardines accompagn\u00e9es d&#039;huile d&#039;olive. Qualit\u00e9 s\u00e9lectionn\u00e9e et emball\u00e9e \u00e0 la main pour conserver leur texture douce et leur saveur.El Mejor Jam\u00f3n\" \/>\n<meta property=\"og:url\" content=\"https:\/\/elmejorjamon.es\/producto\/sardinillas-cabo-de-penas-gran-seleccion\/\" \/>\n<meta property=\"og:site_name\" content=\"El Mejor Jam\u00f3n\" \/>\n<meta property=\"article:publisher\" content=\"https:\/\/www.facebook.com\/elmejorjamonweb\" \/>\n<meta property=\"article:modified_time\" content=\"2025-03-26T09:57:13+00:00\" \/>\n<meta property=\"og:image\" content=\"https:\/\/elmejorjamon.es\/wp-content\/uploads\/2025\/02\/sardinillascabopenasseleccion7.jpg\" \/>\n\t<meta property=\"og:image:width\" content=\"880\" \/>\n\t<meta property=\"og:image:height\" content=\"610\" \/>\n\t<meta property=\"og:image:type\" content=\"image\/jpeg\" \/>\n<meta name=\"twitter:card\" content=\"summary_large_image\" \/>\n<meta name=\"twitter:site\" content=\"@elmejorjamonweb\" \/>\n<meta name=\"twitter:label1\" content=\"Dur\u00e9e de lecture estim\u00e9e\" \/>\n\t<meta name=\"twitter:data1\" content=\"2 minutes\" \/>\n<script type=\"application\/ld+json\" class=\"yoast-schema-graph\">{\"@context\":\"https:\/\/schema.org\",\"@graph\":[{\"@type\":\"WebPage\",\"@id\":\"https:\/\/elmejorjamon.es\/producto\/sardinillas-cabo-de-penas-gran-seleccion\/\",\"url\":\"https:\/\/elmejorjamon.es\/producto\/sardinillas-cabo-de-penas-gran-seleccion\/\",\"name\":\"Acheter Petites sardines de Cabo de Pe\u00f1as, grand choix - El Mejor Jam\u00f3n\",\"isPartOf\":{\"@id\":\"https:\/\/elmejorjamon.es\/#website\"},\"primaryImageOfPage\":{\"@id\":\"https:\/\/elmejorjamon.es\/producto\/sardinillas-cabo-de-penas-gran-seleccion\/#primaryimage\"},\"image\":{\"@id\":\"https:\/\/elmejorjamon.es\/producto\/sardinillas-cabo-de-penas-gran-seleccion\/#primaryimage\"},\"thumbnailUrl\":\"https:\/\/elmejorjamon.es\/wp-content\/uploads\/2025\/02\/sardinillascabopenasseleccion7.jpg\",\"datePublished\":\"2025-02-17T12:15:53+00:00\",\"dateModified\":\"2025-03-26T09:57:13+00:00\",\"description\":\"Sardines accompagn\u00e9es d'huile d'olive. Qualit\u00e9 s\u00e9lectionn\u00e9e et emball\u00e9e \u00e0 la main pour conserver leur texture douce et leur saveur.El Mejor Jam\u00f3n\",\"breadcrumb\":{\"@id\":\"https:\/\/elmejorjamon.es\/producto\/sardinillas-cabo-de-penas-gran-seleccion\/#breadcrumb\"},\"inLanguage\":\"fr-FR\",\"potentialAction\":[{\"@type\":\"ReadAction\",\"target\":[\"https:\/\/elmejorjamon.es\/producto\/sardinillas-cabo-de-penas-gran-seleccion\/\"]}]},{\"@type\":\"ImageObject\",\"inLanguage\":\"fr-FR\",\"@id\":\"https:\/\/elmejorjamon.es\/producto\/sardinillas-cabo-de-penas-gran-seleccion\/#primaryimage\",\"url\":\"https:\/\/elmejorjamon.es\/wp-content\/uploads\/2025\/02\/sardinillascabopenasseleccion7.jpg\",\"contentUrl\":\"https:\/\/elmejorjamon.es\/wp-content\/uploads\/2025\/02\/sardinillascabopenasseleccion7.jpg\",\"width\":880,\"height\":610},{\"@type\":\"BreadcrumbList\",\"@id\":\"https:\/\/elmejorjamon.es\/producto\/sardinillas-cabo-de-penas-gran-seleccion\/#breadcrumb\",\"itemListElement\":[{\"@type\":\"ListItem\",\"position\":1,\"name\":\"Portada\",\"item\":\"https:\/\/elmejorjamon.es\/fr\/\"},{\"@type\":\"ListItem\",\"position\":2,\"name\":\"D\u00e9marrage rapide\",\"item\":\"https:\/\/elmejorjamon.es\/fr\/\"},{\"@type\":\"ListItem\",\"position\":3,\"name\":\"Petites sardines de Cabo de Pe\u00f1as, grand choix\"}]},{\"@type\":\"WebSite\",\"@id\":\"https:\/\/elmejorjamon.es\/#website\",\"url\":\"https:\/\/elmejorjamon.es\/\",\"name\":\"El Mejor Jam\u00f3n\",\"description\":\"Comprar jamones y embutidos a buen precio\",\"publisher\":{\"@id\":\"https:\/\/elmejorjamon.es\/#organization\"},\"potentialAction\":[{\"@type\":\"SearchAction\",\"target\":{\"@type\":\"EntryPoint\",\"urlTemplate\":\"https:\/\/elmejorjamon.es\/?s={search_term_string}\"},\"query-input\":{\"@type\":\"PropertyValueSpecification\",\"valueRequired\":true,\"valueName\":\"search_term_string\"}}],\"inLanguage\":\"fr-FR\"},{\"@type\":\"Organization\",\"@id\":\"https:\/\/elmejorjamon.es\/#organization\",\"name\":\"El Mejor Jam\u00f3n\",\"url\":\"https:\/\/elmejorjamon.es\/\",\"logo\":{\"@type\":\"ImageObject\",\"inLanguage\":\"fr-FR\",\"@id\":\"https:\/\/elmejorjamon.es\/#\/schema\/logo\/image\/\",\"url\":\"https:\/\/elmejorjamon.es\/wp-content\/uploads\/2025\/01\/logocorreos.png\",\"contentUrl\":\"https:\/\/elmejorjamon.es\/wp-content\/uploads\/2025\/01\/logocorreos.png\",\"width\":277,\"height\":200,\"caption\":\"El Mejor Jam\u00f3n\"},\"image\":{\"@id\":\"https:\/\/elmejorjamon.es\/#\/schema\/logo\/image\/\"},\"sameAs\":[\"https:\/\/www.facebook.com\/elmejorjamonweb\",\"https:\/\/x.com\/elmejorjamonweb\",\"https:\/\/www.instagram.com\/elmejorjamonweb\/\"]}]}<\/script>\n<!-- \/ Yoast SEO plugin. -->","yoast_head_json":{"title":"Acheter Petites sardines de Cabo de Pe\u00f1as, grand choix - El Mejor Jam\u00f3n","description":"Sardines accompagn\u00e9es d'huile d'olive. Qualit\u00e9 s\u00e9lectionn\u00e9e et emball\u00e9e \u00e0 la main pour conserver leur texture douce et leur saveur.El Mejor Jam\u00f3n","robots":{"index":"index","follow":"follow","max-snippet":"max-snippet:-1","max-image-preview":"max-image-preview:large","max-video-preview":"max-video-preview:-1"},"canonical":"https:\/\/elmejorjamon.es\/producto\/sardinillas-cabo-de-penas-gran-seleccion\/","og_locale":"fr_FR","og_type":"article","og_title":"Acheter Petites sardines de Cabo de Pe\u00f1as, grand choix - El Mejor Jam\u00f3n","og_description":"Sardines accompagn\u00e9es d'huile d'olive. Qualit\u00e9 s\u00e9lectionn\u00e9e et emball\u00e9e \u00e0 la main pour conserver leur texture douce et leur saveur.El Mejor Jam\u00f3n","og_url":"https:\/\/elmejorjamon.es\/producto\/sardinillas-cabo-de-penas-gran-seleccion\/","og_site_name":"El Mejor Jam\u00f3n","article_publisher":"https:\/\/www.facebook.com\/elmejorjamonweb","article_modified_time":"2025-03-26T09:57:13+00:00","og_image":[{"width":880,"height":610,"url":"https:\/\/elmejorjamon.es\/wp-content\/uploads\/2025\/02\/sardinillascabopenasseleccion7.jpg","type":"image\/jpeg"}],"twitter_card":"summary_large_image","twitter_site":"@elmejorjamonweb","twitter_misc":{"Dur\u00e9e de lecture estim\u00e9e":"2 minutes"},"schema":{"@context":"https:\/\/schema.org","@graph":[{"@type":"WebPage","@id":"https:\/\/elmejorjamon.es\/producto\/sardinillas-cabo-de-penas-gran-seleccion\/","url":"https:\/\/elmejorjamon.es\/producto\/sardinillas-cabo-de-penas-gran-seleccion\/","name":"Acheter Petites sardines de Cabo de Pe\u00f1as, grand choix - El Mejor Jam\u00f3n","isPartOf":{"@id":"https:\/\/elmejorjamon.es\/#website"},"primaryImageOfPage":{"@id":"https:\/\/elmejorjamon.es\/producto\/sardinillas-cabo-de-penas-gran-seleccion\/#primaryimage"},"image":{"@id":"https:\/\/elmejorjamon.es\/producto\/sardinillas-cabo-de-penas-gran-seleccion\/#primaryimage"},"thumbnailUrl":"https:\/\/elmejorjamon.es\/wp-content\/uploads\/2025\/02\/sardinillascabopenasseleccion7.jpg","datePublished":"2025-02-17T12:15:53+00:00","dateModified":"2025-03-26T09:57:13+00:00","description":"Sardines accompagn\u00e9es d'huile d'olive. Qualit\u00e9 s\u00e9lectionn\u00e9e et emball\u00e9e \u00e0 la main pour conserver leur texture douce et leur saveur.El Mejor Jam\u00f3n","breadcrumb":{"@id":"https:\/\/elmejorjamon.es\/producto\/sardinillas-cabo-de-penas-gran-seleccion\/#breadcrumb"},"inLanguage":"fr-FR","potentialAction":[{"@type":"ReadAction","target":["https:\/\/elmejorjamon.es\/producto\/sardinillas-cabo-de-penas-gran-seleccion\/"]}]},{"@type":"ImageObject","inLanguage":"fr-FR","@id":"https:\/\/elmejorjamon.es\/producto\/sardinillas-cabo-de-penas-gran-seleccion\/#primaryimage","url":"https:\/\/elmejorjamon.es\/wp-content\/uploads\/2025\/02\/sardinillascabopenasseleccion7.jpg","contentUrl":"https:\/\/elmejorjamon.es\/wp-content\/uploads\/2025\/02\/sardinillascabopenasseleccion7.jpg","width":880,"height":610},{"@type":"BreadcrumbList","@id":"https:\/\/elmejorjamon.es\/producto\/sardinillas-cabo-de-penas-gran-seleccion\/#breadcrumb","itemListElement":[{"@type":"ListItem","position":1,"name":"Portada","item":"https:\/\/elmejorjamon.es\/fr\/"},{"@type":"ListItem","position":2,"name":"D\u00e9marrage rapide","item":"https:\/\/elmejorjamon.es\/fr\/"},{"@type":"ListItem","position":3,"name":"Petites sardines de Cabo de Pe\u00f1as, grand choix"}]},{"@type":"WebSite","@id":"https:\/\/elmejorjamon.es\/#website","url":"https:\/\/elmejorjamon.es\/","name":"El Mejor Jam\u00f3n","description":"Comprar jamones y embutidos a buen precio","publisher":{"@id":"https:\/\/elmejorjamon.es\/#organization"},"potentialAction":[{"@type":"SearchAction","target":{"@type":"EntryPoint","urlTemplate":"https:\/\/elmejorjamon.es\/?s={search_term_string}"},"query-input":{"@type":"PropertyValueSpecification","valueRequired":true,"valueName":"search_term_string"}}],"inLanguage":"fr-FR"},{"@type":"Organization","@id":"https:\/\/elmejorjamon.es\/#organization","name":"El Mejor Jam\u00f3n","url":"https:\/\/elmejorjamon.es\/","logo":{"@type":"ImageObject","inLanguage":"fr-FR","@id":"https:\/\/elmejorjamon.es\/#\/schema\/logo\/image\/","url":"https:\/\/elmejorjamon.es\/wp-content\/uploads\/2025\/01\/logocorreos.png","contentUrl":"https:\/\/elmejorjamon.es\/wp-content\/uploads\/2025\/01\/logocorreos.png","width":277,"height":200,"caption":"El Mejor Jam\u00f3n"},"image":{"@id":"https:\/\/elmejorjamon.es\/#\/schema\/logo\/image\/"},"sameAs":["https:\/\/www.facebook.com\/elmejorjamonweb","https:\/\/x.com\/elmejorjamonweb","https:\/\/www.instagram.com\/elmejorjamonweb\/"]}]}},"_links":{"self":[{"href":"https:\/\/elmejorjamon.es\/fr\/wp-json\/wp\/v2\/product\/17744","targetHints":{"allow":["GET"]}}],"collection":[{"href":"https:\/\/elmejorjamon.es\/fr\/wp-json\/wp\/v2\/product"}],"about":[{"href":"https:\/\/elmejorjamon.es\/fr\/wp-json\/wp\/v2\/types\/product"}],"replies":[{"embeddable":true,"href":"https:\/\/elmejorjamon.es\/fr\/wp-json\/wp\/v2\/comments?post=17744"}],"wp:featuredmedia":[{"embeddable":true,"href":"https:\/\/elmejorjamon.es\/fr\/wp-json\/wp\/v2\/media\/17739"}],"wp:attachment":[{"href":"https:\/\/elmejorjamon.es\/fr\/wp-json\/wp\/v2\/media?parent=17744"}],"wp:term":[{"taxonomy":"product_brand","embeddable":true,"href":"https:\/\/elmejorjamon.es\/fr\/wp-json\/wp\/v2\/product_brand?post=17744"},{"taxonomy":"product_cat","embeddable":true,"href":"https:\/\/elmejorjamon.es\/fr\/wp-json\/wp\/v2\/product_cat?post=17744"},{"taxonomy":"product_tag","embeddable":true,"href":"https:\/\/elmejorjamon.es\/fr\/wp-json\/wp\/v2\/product_tag?post=17744"}],"curies":[{"name":"wp","href":"https:\/\/api.w.org\/{rel}","templated":true}]}}