{"id":17067,"date":"2025-01-21T11:56:20","date_gmt":"2025-01-21T10:56:20","guid":{"rendered":"https:\/\/elmejorjamon.es\/producto\/smoked-smoked-cod-liver-rr-125\/"},"modified":"2025-01-21T13:00:41","modified_gmt":"2025-01-21T12:00:41","slug":"smoked-smoked-cod-liver-rr-125","status":"publish","type":"product","link":"https:\/\/elmejorjamon.es\/fr\/producto\/smoked-smoked-cod-liver-rr-125\/","title":{"rendered":"Foie de morue fum\u00e9 La Fragua RR-125"},"content":{"rendered":"<p>Foie de morue fum\u00e9 La Fragua RR-125<br \/>\nINFORMATIONS NUTRITIONNELLES Ingr\u00e9dients : foie de morue (99%) et sel. Allerg\u00e8nes : contient du poisson. Produit sans gluten<\/p>\n<p>VALEURS NUTRITIONNELLES POUR 100 G<\/p>\n<p>Valeur \u00e9nerg\u00e9tique 1872 kJ \/ 454 kcal Mati\u00e8res grasses 44,0 g dont satur\u00e9es 9,1 g Glucides 0,0 g dont sucres 0,0 g Fibres alimentaires 0,0 g Prot\u00e9ines 8,5 g Sel 0,9 g<\/p>\n<p>Ingr\u00e9dients:<\/p>\n<p>foie de morue (99%) et sel.<\/p>\n","protected":false},"excerpt":{"rendered":"<p>Foie de morue fum\u00e9 La Fragua RR-125<\/p>\n","protected":false},"featured_media":17062,"comment_status":"open","ping_status":"closed","template":"","meta":{"_et_pb_use_builder":"","_et_pb_old_content":"","_et_gb_content_width":"","_sitemap_exclude":false,"_sitemap_priority":"","_sitemap_frequency":""},"product_brand":[],"product_cat":[23,41,221,47],"product_tag":[],"class_list":{"0":"post-17067","1":"product","2":"type-product","3":"status-publish","4":"has-post-thumbnail","6":"product_cat-accueil","7":"product_cat-conserves","8":"product_cat-gourmet-fr","9":"product_cat-tous-les-produits","10":"product_shipping_class-normal-fr","12":"first","13":"instock","14":"shipping-taxable","15":"purchasable","16":"product-type-simple"},"yoast_head":"<!-- This site is optimized with the Yoast SEO plugin v27.4 - https:\/\/yoast.com\/product\/yoast-seo-wordpress\/ -->\n<title>Acheter Foie de morue fum\u00e9 La Fragua RR-125 - El Mejor Jam\u00f3n<\/title>\n<meta name=\"description\" content=\"Ingr\u00e9dients : foie de morue (99%) et sel. Allerg\u00e8nes : contient du poisson. Produit sans gluten\" \/>\n<meta name=\"robots\" content=\"index, follow, max-snippet:-1, max-image-preview:large, max-video-preview:-1\" \/>\n<link rel=\"canonical\" href=\"https:\/\/elmejorjamon.es\/fr\/producto\/smoked-smoked-cod-liver-rr-125\/\" \/>\n<meta property=\"og:locale\" content=\"fr_FR\" \/>\n<meta property=\"og:type\" content=\"article\" \/>\n<meta property=\"og:title\" content=\"Acheter Foie de morue fum\u00e9 La Fragua RR-125 - El Mejor Jam\u00f3n\" \/>\n<meta property=\"og:description\" content=\"Ingr\u00e9dients : foie de morue (99%) et sel. Allerg\u00e8nes : contient du poisson. Produit sans gluten\" \/>\n<meta property=\"og:url\" content=\"https:\/\/elmejorjamon.es\/fr\/producto\/smoked-smoked-cod-liver-rr-125\/\" \/>\n<meta property=\"og:site_name\" content=\"El Mejor Jam\u00f3n\" \/>\n<meta property=\"article:publisher\" content=\"https:\/\/www.facebook.com\/elmejorjamonweb\" \/>\n<meta property=\"article:modified_time\" content=\"2025-01-21T12:00:41+00:00\" \/>\n<meta property=\"og:image\" content=\"https:\/\/elmejorjamon.es\/wp-content\/uploads\/2025\/01\/higado-de-bacalao-ahumado-lata-rr-125.jpg\" \/>\n\t<meta property=\"og:image:width\" content=\"800\" \/>\n\t<meta property=\"og:image:height\" content=\"800\" \/>\n\t<meta property=\"og:image:type\" content=\"image\/jpeg\" \/>\n<meta name=\"twitter:card\" content=\"summary_large_image\" \/>\n<meta name=\"twitter:site\" content=\"@elmejorjamonweb\" \/>\n<meta name=\"twitter:label1\" content=\"Dur\u00e9e de lecture estim\u00e9e\" \/>\n\t<meta name=\"twitter:data1\" content=\"1 minute\" \/>\n<script type=\"application\/ld+json\" class=\"yoast-schema-graph\">{\"@context\":\"https:\\\/\\\/schema.org\",\"@graph\":[{\"@type\":\"WebPage\",\"@id\":\"https:\\\/\\\/elmejorjamon.es\\\/fr\\\/producto\\\/smoked-smoked-cod-liver-rr-125\\\/\",\"url\":\"https:\\\/\\\/elmejorjamon.es\\\/fr\\\/producto\\\/smoked-smoked-cod-liver-rr-125\\\/\",\"name\":\"Acheter Foie de morue fum\u00e9 La Fragua RR-125 - El Mejor Jam\u00f3n\",\"isPartOf\":{\"@id\":\"https:\\\/\\\/elmejorjamon.es\\\/#website\"},\"primaryImageOfPage\":{\"@id\":\"https:\\\/\\\/elmejorjamon.es\\\/fr\\\/producto\\\/smoked-smoked-cod-liver-rr-125\\\/#primaryimage\"},\"image\":{\"@id\":\"https:\\\/\\\/elmejorjamon.es\\\/fr\\\/producto\\\/smoked-smoked-cod-liver-rr-125\\\/#primaryimage\"},\"thumbnailUrl\":\"https:\\\/\\\/elmejorjamon.es\\\/wp-content\\\/uploads\\\/2025\\\/01\\\/higado-de-bacalao-ahumado-lata-rr-125.jpg\",\"datePublished\":\"2025-01-21T10:56:20+00:00\",\"dateModified\":\"2025-01-21T12:00:41+00:00\",\"description\":\"Ingr\u00e9dients : foie de morue (99%) et sel. Allerg\u00e8nes : contient du poisson. Produit sans gluten\",\"breadcrumb\":{\"@id\":\"https:\\\/\\\/elmejorjamon.es\\\/fr\\\/producto\\\/smoked-smoked-cod-liver-rr-125\\\/#breadcrumb\"},\"inLanguage\":\"fr-FR\",\"potentialAction\":[{\"@type\":\"ReadAction\",\"target\":[\"https:\\\/\\\/elmejorjamon.es\\\/fr\\\/producto\\\/smoked-smoked-cod-liver-rr-125\\\/\"]}]},{\"@type\":\"ImageObject\",\"inLanguage\":\"fr-FR\",\"@id\":\"https:\\\/\\\/elmejorjamon.es\\\/fr\\\/producto\\\/smoked-smoked-cod-liver-rr-125\\\/#primaryimage\",\"url\":\"https:\\\/\\\/elmejorjamon.es\\\/wp-content\\\/uploads\\\/2025\\\/01\\\/higado-de-bacalao-ahumado-lata-rr-125.jpg\",\"contentUrl\":\"https:\\\/\\\/elmejorjamon.es\\\/wp-content\\\/uploads\\\/2025\\\/01\\\/higado-de-bacalao-ahumado-lata-rr-125.jpg\",\"width\":800,\"height\":800},{\"@type\":\"BreadcrumbList\",\"@id\":\"https:\\\/\\\/elmejorjamon.es\\\/fr\\\/producto\\\/smoked-smoked-cod-liver-rr-125\\\/#breadcrumb\",\"itemListElement\":[{\"@type\":\"ListItem\",\"position\":1,\"name\":\"Portada\",\"item\":\"https:\\\/\\\/elmejorjamon.es\\\/fr\\\/\"},{\"@type\":\"ListItem\",\"position\":2,\"name\":\"D\u00e9marrage rapide\",\"item\":\"https:\\\/\\\/elmejorjamon.es\\\/fr\\\/\"},{\"@type\":\"ListItem\",\"position\":3,\"name\":\"Foie de morue fum\u00e9 La Fragua RR-125\"}]},{\"@type\":\"WebSite\",\"@id\":\"https:\\\/\\\/elmejorjamon.es\\\/#website\",\"url\":\"https:\\\/\\\/elmejorjamon.es\\\/\",\"name\":\"El Mejor Jam\u00f3n\",\"description\":\"Comprar jamones y embutidos a buen precio\",\"publisher\":{\"@id\":\"https:\\\/\\\/elmejorjamon.es\\\/#organization\"},\"potentialAction\":[{\"@type\":\"SearchAction\",\"target\":{\"@type\":\"EntryPoint\",\"urlTemplate\":\"https:\\\/\\\/elmejorjamon.es\\\/?s={search_term_string}\"},\"query-input\":{\"@type\":\"PropertyValueSpecification\",\"valueRequired\":true,\"valueName\":\"search_term_string\"}}],\"inLanguage\":\"fr-FR\"},{\"@type\":\"Organization\",\"@id\":\"https:\\\/\\\/elmejorjamon.es\\\/#organization\",\"name\":\"El Mejor Jam\u00f3n\",\"url\":\"https:\\\/\\\/elmejorjamon.es\\\/\",\"logo\":{\"@type\":\"ImageObject\",\"inLanguage\":\"fr-FR\",\"@id\":\"https:\\\/\\\/elmejorjamon.es\\\/#\\\/schema\\\/logo\\\/image\\\/\",\"url\":\"https:\\\/\\\/elmejorjamon.es\\\/wp-content\\\/uploads\\\/2025\\\/01\\\/logocorreos.png\",\"contentUrl\":\"https:\\\/\\\/elmejorjamon.es\\\/wp-content\\\/uploads\\\/2025\\\/01\\\/logocorreos.png\",\"width\":277,\"height\":200,\"caption\":\"El Mejor Jam\u00f3n\"},\"image\":{\"@id\":\"https:\\\/\\\/elmejorjamon.es\\\/#\\\/schema\\\/logo\\\/image\\\/\"},\"sameAs\":[\"https:\\\/\\\/www.facebook.com\\\/elmejorjamonweb\",\"https:\\\/\\\/x.com\\\/elmejorjamonweb\",\"https:\\\/\\\/www.instagram.com\\\/elmejorjamonweb\\\/\"]}]}<\/script>\n<!-- \/ Yoast SEO plugin. -->","yoast_head_json":{"title":"Acheter Foie de morue fum\u00e9 La Fragua RR-125 - El Mejor Jam\u00f3n","description":"Ingr\u00e9dients : foie de morue (99%) et sel. Allerg\u00e8nes : contient du poisson. Produit sans gluten","robots":{"index":"index","follow":"follow","max-snippet":"max-snippet:-1","max-image-preview":"max-image-preview:large","max-video-preview":"max-video-preview:-1"},"canonical":"https:\/\/elmejorjamon.es\/fr\/producto\/smoked-smoked-cod-liver-rr-125\/","og_locale":"fr_FR","og_type":"article","og_title":"Acheter Foie de morue fum\u00e9 La Fragua RR-125 - El Mejor Jam\u00f3n","og_description":"Ingr\u00e9dients : foie de morue (99%) et sel. Allerg\u00e8nes : contient du poisson. Produit sans gluten","og_url":"https:\/\/elmejorjamon.es\/fr\/producto\/smoked-smoked-cod-liver-rr-125\/","og_site_name":"El Mejor Jam\u00f3n","article_publisher":"https:\/\/www.facebook.com\/elmejorjamonweb","article_modified_time":"2025-01-21T12:00:41+00:00","og_image":[{"width":800,"height":800,"url":"https:\/\/elmejorjamon.es\/wp-content\/uploads\/2025\/01\/higado-de-bacalao-ahumado-lata-rr-125.jpg","type":"image\/jpeg"}],"twitter_card":"summary_large_image","twitter_site":"@elmejorjamonweb","twitter_misc":{"Dur\u00e9e de lecture estim\u00e9e":"1 minute"},"schema":{"@context":"https:\/\/schema.org","@graph":[{"@type":"WebPage","@id":"https:\/\/elmejorjamon.es\/fr\/producto\/smoked-smoked-cod-liver-rr-125\/","url":"https:\/\/elmejorjamon.es\/fr\/producto\/smoked-smoked-cod-liver-rr-125\/","name":"Acheter Foie de morue fum\u00e9 La Fragua RR-125 - El Mejor Jam\u00f3n","isPartOf":{"@id":"https:\/\/elmejorjamon.es\/#website"},"primaryImageOfPage":{"@id":"https:\/\/elmejorjamon.es\/fr\/producto\/smoked-smoked-cod-liver-rr-125\/#primaryimage"},"image":{"@id":"https:\/\/elmejorjamon.es\/fr\/producto\/smoked-smoked-cod-liver-rr-125\/#primaryimage"},"thumbnailUrl":"https:\/\/elmejorjamon.es\/wp-content\/uploads\/2025\/01\/higado-de-bacalao-ahumado-lata-rr-125.jpg","datePublished":"2025-01-21T10:56:20+00:00","dateModified":"2025-01-21T12:00:41+00:00","description":"Ingr\u00e9dients : foie de morue (99%) et sel. Allerg\u00e8nes : contient du poisson. Produit sans gluten","breadcrumb":{"@id":"https:\/\/elmejorjamon.es\/fr\/producto\/smoked-smoked-cod-liver-rr-125\/#breadcrumb"},"inLanguage":"fr-FR","potentialAction":[{"@type":"ReadAction","target":["https:\/\/elmejorjamon.es\/fr\/producto\/smoked-smoked-cod-liver-rr-125\/"]}]},{"@type":"ImageObject","inLanguage":"fr-FR","@id":"https:\/\/elmejorjamon.es\/fr\/producto\/smoked-smoked-cod-liver-rr-125\/#primaryimage","url":"https:\/\/elmejorjamon.es\/wp-content\/uploads\/2025\/01\/higado-de-bacalao-ahumado-lata-rr-125.jpg","contentUrl":"https:\/\/elmejorjamon.es\/wp-content\/uploads\/2025\/01\/higado-de-bacalao-ahumado-lata-rr-125.jpg","width":800,"height":800},{"@type":"BreadcrumbList","@id":"https:\/\/elmejorjamon.es\/fr\/producto\/smoked-smoked-cod-liver-rr-125\/#breadcrumb","itemListElement":[{"@type":"ListItem","position":1,"name":"Portada","item":"https:\/\/elmejorjamon.es\/fr\/"},{"@type":"ListItem","position":2,"name":"D\u00e9marrage rapide","item":"https:\/\/elmejorjamon.es\/fr\/"},{"@type":"ListItem","position":3,"name":"Foie de morue fum\u00e9 La Fragua RR-125"}]},{"@type":"WebSite","@id":"https:\/\/elmejorjamon.es\/#website","url":"https:\/\/elmejorjamon.es\/","name":"El Mejor Jam\u00f3n","description":"Comprar jamones y embutidos a buen precio","publisher":{"@id":"https:\/\/elmejorjamon.es\/#organization"},"potentialAction":[{"@type":"SearchAction","target":{"@type":"EntryPoint","urlTemplate":"https:\/\/elmejorjamon.es\/?s={search_term_string}"},"query-input":{"@type":"PropertyValueSpecification","valueRequired":true,"valueName":"search_term_string"}}],"inLanguage":"fr-FR"},{"@type":"Organization","@id":"https:\/\/elmejorjamon.es\/#organization","name":"El Mejor Jam\u00f3n","url":"https:\/\/elmejorjamon.es\/","logo":{"@type":"ImageObject","inLanguage":"fr-FR","@id":"https:\/\/elmejorjamon.es\/#\/schema\/logo\/image\/","url":"https:\/\/elmejorjamon.es\/wp-content\/uploads\/2025\/01\/logocorreos.png","contentUrl":"https:\/\/elmejorjamon.es\/wp-content\/uploads\/2025\/01\/logocorreos.png","width":277,"height":200,"caption":"El Mejor Jam\u00f3n"},"image":{"@id":"https:\/\/elmejorjamon.es\/#\/schema\/logo\/image\/"},"sameAs":["https:\/\/www.facebook.com\/elmejorjamonweb","https:\/\/x.com\/elmejorjamonweb","https:\/\/www.instagram.com\/elmejorjamonweb\/"]}]}},"_links":{"self":[{"href":"https:\/\/elmejorjamon.es\/fr\/wp-json\/wp\/v2\/product\/17067","targetHints":{"allow":["GET"]}}],"collection":[{"href":"https:\/\/elmejorjamon.es\/fr\/wp-json\/wp\/v2\/product"}],"about":[{"href":"https:\/\/elmejorjamon.es\/fr\/wp-json\/wp\/v2\/types\/product"}],"replies":[{"embeddable":true,"href":"https:\/\/elmejorjamon.es\/fr\/wp-json\/wp\/v2\/comments?post=17067"}],"wp:featuredmedia":[{"embeddable":true,"href":"https:\/\/elmejorjamon.es\/fr\/wp-json\/wp\/v2\/media\/17062"}],"wp:attachment":[{"href":"https:\/\/elmejorjamon.es\/fr\/wp-json\/wp\/v2\/media?parent=17067"}],"wp:term":[{"taxonomy":"product_brand","embeddable":true,"href":"https:\/\/elmejorjamon.es\/fr\/wp-json\/wp\/v2\/product_brand?post=17067"},{"taxonomy":"product_cat","embeddable":true,"href":"https:\/\/elmejorjamon.es\/fr\/wp-json\/wp\/v2\/product_cat?post=17067"},{"taxonomy":"product_tag","embeddable":true,"href":"https:\/\/elmejorjamon.es\/fr\/wp-json\/wp\/v2\/product_tag?post=17067"}],"curies":[{"name":"wp","href":"https:\/\/api.w.org\/{rel}","templated":true}]}}