{"id":1527,"date":"2011-01-28T07:51:57","date_gmt":"2011-01-28T06:51:57","guid":{"rendered":"https:\/\/nueva.elmejorjamon.es\/producto\/fromage-a-la-boule-semi-durci-sombrero-de-copa-1-800-kg\/"},"modified":"2011-01-28T07:51:57","modified_gmt":"2011-01-28T06:51:57","slug":"fromage-a-la-boule-semi-durci-sombrero-de-copa-1-800-kg","status":"publish","type":"product","link":"https:\/\/elmejorjamon.es\/fr\/producto\/fromage-a-la-boule-semi-durci-sombrero-de-copa-1-800-kg\/","title":{"rendered":"Fromage \u00e0 la boule semi-durci Sombrero de Copa 1,600 kg."},"content":{"rendered":"<p>C&rsquo;est un fromage au lait de vache pasteuris\u00e9 partiellement \u00e9cr\u00e9m\u00e9 avec une teneur en graisse relativement faible. Son ar\u00f4me est l\u00e9g\u00e8rement \u00e9pic\u00e9 et sa saveur est simple, avec un arri\u00e8re-go\u00fbt sal\u00e9 qui persiste en bouche. Les avantages du Queso de Bola Cup Hat sont multiples: une grande quantit\u00e9 de prot\u00e9ines: permet au fromage d&rsquo;\u00eatre sp\u00e9cialement recommand\u00e9 pour le d\u00e9veloppement musculaire. Il est \u00e9galement recommand\u00e9 pendant l&rsquo;enfance, l&rsquo;adolescence et la grossesse puisque dans ces \u00e9tapes, une plus grande contribution des prot\u00e9ines est n\u00e9cessaire. une grande quantit\u00e9 de calcium: permet d&rsquo;\u00eatre un bon aliment pour les os et fortement recommand\u00e9 pendant la grossesse car dans ces \u00e9tapes notre corps le consomme dans une plus grande mesure. teneur \u00e9lev\u00e9e en zinc: permet au fromage de faciliter l&rsquo;assimilation et le stockage de l&rsquo;insuline dans notre corps. Riche en phosphore: elle permet de garder nos os et nos dents en bonne sant\u00e9 ainsi qu&rsquo;une peau \u00e9quilibr\u00e9e puisqu&rsquo;elle aide \u00e0 maintenir son PH naturel.<\/p>\n","protected":false},"excerpt":{"rendered":"<p>Fromage \u00e0 la boule semi-durci Sombrero de Copa 1,600 kg.<\/p>\n","protected":false},"featured_media":1507,"comment_status":"open","ping_status":"closed","template":"","meta":{"_et_pb_use_builder":"","_et_pb_old_content":"","_et_gb_content_width":"","_sitemap_exclude":false,"_sitemap_priority":"","_sitemap_frequency":""},"product_brand":[],"product_cat":[23,53,47],"product_tag":[],"class_list":{"0":"post-1527","1":"product","2":"type-product","3":"status-publish","4":"has-post-thumbnail","6":"product_cat-accueil","7":"product_cat-quesos-fr","8":"product_cat-tous-les-produits","9":"product_shipping_class-normal-fr","11":"first","12":"instock","13":"shipping-taxable","14":"purchasable","15":"product-type-simple"},"yoast_head":"<!-- This site is optimized with the Yoast SEO plugin v27.4 - https:\/\/yoast.com\/product\/yoast-seo-wordpress\/ -->\n<title>Fromage \u00e0 la boule semi-durci Sombrero de Copa 1,600 kg. - El Mejor Jam\u00f3n<\/title>\n<meta name=\"robots\" content=\"index, follow, max-snippet:-1, max-image-preview:large, max-video-preview:-1\" \/>\n<link rel=\"canonical\" href=\"https:\/\/elmejorjamon.es\/producto\/queso-bola-edam-semicurado-sombrero-de-copa-1800-kg\/\" \/>\n<meta property=\"og:locale\" content=\"fr_FR\" \/>\n<meta property=\"og:type\" content=\"article\" \/>\n<meta property=\"og:title\" content=\"Fromage \u00e0 la boule semi-durci Sombrero de Copa 1,600 kg. - El Mejor Jam\u00f3n\" \/>\n<meta property=\"og:description\" content=\"Fromage \u00e0 la boule semi-durci Sombrero de Copa 1,600 kg.\" \/>\n<meta property=\"og:url\" content=\"https:\/\/elmejorjamon.es\/producto\/queso-bola-edam-semicurado-sombrero-de-copa-1800-kg\/\" \/>\n<meta property=\"og:site_name\" content=\"El Mejor Jam\u00f3n\" \/>\n<meta property=\"article:publisher\" content=\"https:\/\/www.facebook.com\/elmejorjamonweb\" \/>\n<meta property=\"og:image\" content=\"https:\/\/elmejorjamon.es\/wp-content\/uploads\/2011\/01\/1236-thickbox_default-Queso-bola-edam-Semicurado-Sombrero-de-copa-1800-kg.jpg\" \/>\n\t<meta property=\"og:image:width\" content=\"1100\" \/>\n\t<meta property=\"og:image:height\" content=\"1422\" \/>\n\t<meta property=\"og:image:type\" content=\"image\/jpeg\" \/>\n<meta name=\"twitter:card\" content=\"summary_large_image\" \/>\n<meta name=\"twitter:site\" content=\"@elmejorjamonweb\" \/>\n<meta name=\"twitter:label1\" content=\"Dur\u00e9e de lecture estim\u00e9e\" \/>\n\t<meta name=\"twitter:data1\" content=\"1 minute\" \/>\n<script type=\"application\/ld+json\" class=\"yoast-schema-graph\">{\"@context\":\"https:\\\/\\\/schema.org\",\"@graph\":[{\"@type\":\"WebPage\",\"@id\":\"https:\\\/\\\/elmejorjamon.es\\\/producto\\\/queso-bola-edam-semicurado-sombrero-de-copa-1800-kg\\\/\",\"url\":\"https:\\\/\\\/elmejorjamon.es\\\/producto\\\/queso-bola-edam-semicurado-sombrero-de-copa-1800-kg\\\/\",\"name\":\"Fromage \u00e0 la boule semi-durci Sombrero de Copa 1,600 kg. - El Mejor Jam\u00f3n\",\"isPartOf\":{\"@id\":\"https:\\\/\\\/elmejorjamon.es\\\/#website\"},\"primaryImageOfPage\":{\"@id\":\"https:\\\/\\\/elmejorjamon.es\\\/producto\\\/queso-bola-edam-semicurado-sombrero-de-copa-1800-kg\\\/#primaryimage\"},\"image\":{\"@id\":\"https:\\\/\\\/elmejorjamon.es\\\/producto\\\/queso-bola-edam-semicurado-sombrero-de-copa-1800-kg\\\/#primaryimage\"},\"thumbnailUrl\":\"https:\\\/\\\/elmejorjamon.es\\\/wp-content\\\/uploads\\\/2011\\\/01\\\/1236-thickbox_default-Queso-bola-edam-Semicurado-Sombrero-de-copa-1800-kg.jpg\",\"datePublished\":\"2011-01-28T06:51:57+00:00\",\"breadcrumb\":{\"@id\":\"https:\\\/\\\/elmejorjamon.es\\\/producto\\\/queso-bola-edam-semicurado-sombrero-de-copa-1800-kg\\\/#breadcrumb\"},\"inLanguage\":\"fr-FR\",\"potentialAction\":[{\"@type\":\"ReadAction\",\"target\":[\"https:\\\/\\\/elmejorjamon.es\\\/producto\\\/queso-bola-edam-semicurado-sombrero-de-copa-1800-kg\\\/\"]}]},{\"@type\":\"ImageObject\",\"inLanguage\":\"fr-FR\",\"@id\":\"https:\\\/\\\/elmejorjamon.es\\\/producto\\\/queso-bola-edam-semicurado-sombrero-de-copa-1800-kg\\\/#primaryimage\",\"url\":\"https:\\\/\\\/elmejorjamon.es\\\/wp-content\\\/uploads\\\/2011\\\/01\\\/1236-thickbox_default-Queso-bola-edam-Semicurado-Sombrero-de-copa-1800-kg.jpg\",\"contentUrl\":\"https:\\\/\\\/elmejorjamon.es\\\/wp-content\\\/uploads\\\/2011\\\/01\\\/1236-thickbox_default-Queso-bola-edam-Semicurado-Sombrero-de-copa-1800-kg.jpg\",\"width\":1100,\"height\":1422,\"caption\":\"Queso bola edam Semicurado Sombrero de copa 1,800 kg.\"},{\"@type\":\"BreadcrumbList\",\"@id\":\"https:\\\/\\\/elmejorjamon.es\\\/producto\\\/queso-bola-edam-semicurado-sombrero-de-copa-1800-kg\\\/#breadcrumb\",\"itemListElement\":[{\"@type\":\"ListItem\",\"position\":1,\"name\":\"Portada\",\"item\":\"https:\\\/\\\/elmejorjamon.es\\\/fr\\\/\"},{\"@type\":\"ListItem\",\"position\":2,\"name\":\"D\u00e9marrage rapide\",\"item\":\"https:\\\/\\\/elmejorjamon.es\\\/fr\\\/\"},{\"@type\":\"ListItem\",\"position\":3,\"name\":\"Fromage \u00e0 la boule semi-durci Sombrero de Copa 1,600 kg.\"}]},{\"@type\":\"WebSite\",\"@id\":\"https:\\\/\\\/elmejorjamon.es\\\/#website\",\"url\":\"https:\\\/\\\/elmejorjamon.es\\\/\",\"name\":\"El Mejor Jam\u00f3n\",\"description\":\"Comprar jamones y embutidos a buen precio\",\"publisher\":{\"@id\":\"https:\\\/\\\/elmejorjamon.es\\\/#organization\"},\"potentialAction\":[{\"@type\":\"SearchAction\",\"target\":{\"@type\":\"EntryPoint\",\"urlTemplate\":\"https:\\\/\\\/elmejorjamon.es\\\/?s={search_term_string}\"},\"query-input\":{\"@type\":\"PropertyValueSpecification\",\"valueRequired\":true,\"valueName\":\"search_term_string\"}}],\"inLanguage\":\"fr-FR\"},{\"@type\":\"Organization\",\"@id\":\"https:\\\/\\\/elmejorjamon.es\\\/#organization\",\"name\":\"El Mejor Jam\u00f3n\",\"url\":\"https:\\\/\\\/elmejorjamon.es\\\/\",\"logo\":{\"@type\":\"ImageObject\",\"inLanguage\":\"fr-FR\",\"@id\":\"https:\\\/\\\/elmejorjamon.es\\\/#\\\/schema\\\/logo\\\/image\\\/\",\"url\":\"https:\\\/\\\/elmejorjamon.es\\\/wp-content\\\/uploads\\\/2025\\\/01\\\/logocorreos.png\",\"contentUrl\":\"https:\\\/\\\/elmejorjamon.es\\\/wp-content\\\/uploads\\\/2025\\\/01\\\/logocorreos.png\",\"width\":277,\"height\":200,\"caption\":\"El Mejor Jam\u00f3n\"},\"image\":{\"@id\":\"https:\\\/\\\/elmejorjamon.es\\\/#\\\/schema\\\/logo\\\/image\\\/\"},\"sameAs\":[\"https:\\\/\\\/www.facebook.com\\\/elmejorjamonweb\",\"https:\\\/\\\/x.com\\\/elmejorjamonweb\",\"https:\\\/\\\/www.instagram.com\\\/elmejorjamonweb\\\/\"]}]}<\/script>\n<!-- \/ Yoast SEO plugin. -->","yoast_head_json":{"title":"Fromage \u00e0 la boule semi-durci Sombrero de Copa 1,600 kg. - El Mejor Jam\u00f3n","robots":{"index":"index","follow":"follow","max-snippet":"max-snippet:-1","max-image-preview":"max-image-preview:large","max-video-preview":"max-video-preview:-1"},"canonical":"https:\/\/elmejorjamon.es\/producto\/queso-bola-edam-semicurado-sombrero-de-copa-1800-kg\/","og_locale":"fr_FR","og_type":"article","og_title":"Fromage \u00e0 la boule semi-durci Sombrero de Copa 1,600 kg. - El Mejor Jam\u00f3n","og_description":"Fromage \u00e0 la boule semi-durci Sombrero de Copa 1,600 kg.","og_url":"https:\/\/elmejorjamon.es\/producto\/queso-bola-edam-semicurado-sombrero-de-copa-1800-kg\/","og_site_name":"El Mejor Jam\u00f3n","article_publisher":"https:\/\/www.facebook.com\/elmejorjamonweb","og_image":[{"width":1100,"height":1422,"url":"https:\/\/elmejorjamon.es\/wp-content\/uploads\/2011\/01\/1236-thickbox_default-Queso-bola-edam-Semicurado-Sombrero-de-copa-1800-kg.jpg","type":"image\/jpeg"}],"twitter_card":"summary_large_image","twitter_site":"@elmejorjamonweb","twitter_misc":{"Dur\u00e9e de lecture estim\u00e9e":"1 minute"},"schema":{"@context":"https:\/\/schema.org","@graph":[{"@type":"WebPage","@id":"https:\/\/elmejorjamon.es\/producto\/queso-bola-edam-semicurado-sombrero-de-copa-1800-kg\/","url":"https:\/\/elmejorjamon.es\/producto\/queso-bola-edam-semicurado-sombrero-de-copa-1800-kg\/","name":"Fromage \u00e0 la boule semi-durci Sombrero de Copa 1,600 kg. - El Mejor Jam\u00f3n","isPartOf":{"@id":"https:\/\/elmejorjamon.es\/#website"},"primaryImageOfPage":{"@id":"https:\/\/elmejorjamon.es\/producto\/queso-bola-edam-semicurado-sombrero-de-copa-1800-kg\/#primaryimage"},"image":{"@id":"https:\/\/elmejorjamon.es\/producto\/queso-bola-edam-semicurado-sombrero-de-copa-1800-kg\/#primaryimage"},"thumbnailUrl":"https:\/\/elmejorjamon.es\/wp-content\/uploads\/2011\/01\/1236-thickbox_default-Queso-bola-edam-Semicurado-Sombrero-de-copa-1800-kg.jpg","datePublished":"2011-01-28T06:51:57+00:00","breadcrumb":{"@id":"https:\/\/elmejorjamon.es\/producto\/queso-bola-edam-semicurado-sombrero-de-copa-1800-kg\/#breadcrumb"},"inLanguage":"fr-FR","potentialAction":[{"@type":"ReadAction","target":["https:\/\/elmejorjamon.es\/producto\/queso-bola-edam-semicurado-sombrero-de-copa-1800-kg\/"]}]},{"@type":"ImageObject","inLanguage":"fr-FR","@id":"https:\/\/elmejorjamon.es\/producto\/queso-bola-edam-semicurado-sombrero-de-copa-1800-kg\/#primaryimage","url":"https:\/\/elmejorjamon.es\/wp-content\/uploads\/2011\/01\/1236-thickbox_default-Queso-bola-edam-Semicurado-Sombrero-de-copa-1800-kg.jpg","contentUrl":"https:\/\/elmejorjamon.es\/wp-content\/uploads\/2011\/01\/1236-thickbox_default-Queso-bola-edam-Semicurado-Sombrero-de-copa-1800-kg.jpg","width":1100,"height":1422,"caption":"Queso bola edam Semicurado Sombrero de copa 1,800 kg."},{"@type":"BreadcrumbList","@id":"https:\/\/elmejorjamon.es\/producto\/queso-bola-edam-semicurado-sombrero-de-copa-1800-kg\/#breadcrumb","itemListElement":[{"@type":"ListItem","position":1,"name":"Portada","item":"https:\/\/elmejorjamon.es\/fr\/"},{"@type":"ListItem","position":2,"name":"D\u00e9marrage rapide","item":"https:\/\/elmejorjamon.es\/fr\/"},{"@type":"ListItem","position":3,"name":"Fromage \u00e0 la boule semi-durci Sombrero de Copa 1,600 kg."}]},{"@type":"WebSite","@id":"https:\/\/elmejorjamon.es\/#website","url":"https:\/\/elmejorjamon.es\/","name":"El Mejor Jam\u00f3n","description":"Comprar jamones y embutidos a buen precio","publisher":{"@id":"https:\/\/elmejorjamon.es\/#organization"},"potentialAction":[{"@type":"SearchAction","target":{"@type":"EntryPoint","urlTemplate":"https:\/\/elmejorjamon.es\/?s={search_term_string}"},"query-input":{"@type":"PropertyValueSpecification","valueRequired":true,"valueName":"search_term_string"}}],"inLanguage":"fr-FR"},{"@type":"Organization","@id":"https:\/\/elmejorjamon.es\/#organization","name":"El Mejor Jam\u00f3n","url":"https:\/\/elmejorjamon.es\/","logo":{"@type":"ImageObject","inLanguage":"fr-FR","@id":"https:\/\/elmejorjamon.es\/#\/schema\/logo\/image\/","url":"https:\/\/elmejorjamon.es\/wp-content\/uploads\/2025\/01\/logocorreos.png","contentUrl":"https:\/\/elmejorjamon.es\/wp-content\/uploads\/2025\/01\/logocorreos.png","width":277,"height":200,"caption":"El Mejor Jam\u00f3n"},"image":{"@id":"https:\/\/elmejorjamon.es\/#\/schema\/logo\/image\/"},"sameAs":["https:\/\/www.facebook.com\/elmejorjamonweb","https:\/\/x.com\/elmejorjamonweb","https:\/\/www.instagram.com\/elmejorjamonweb\/"]}]}},"_links":{"self":[{"href":"https:\/\/elmejorjamon.es\/fr\/wp-json\/wp\/v2\/product\/1527","targetHints":{"allow":["GET"]}}],"collection":[{"href":"https:\/\/elmejorjamon.es\/fr\/wp-json\/wp\/v2\/product"}],"about":[{"href":"https:\/\/elmejorjamon.es\/fr\/wp-json\/wp\/v2\/types\/product"}],"replies":[{"embeddable":true,"href":"https:\/\/elmejorjamon.es\/fr\/wp-json\/wp\/v2\/comments?post=1527"}],"wp:featuredmedia":[{"embeddable":true,"href":"https:\/\/elmejorjamon.es\/fr\/wp-json\/wp\/v2\/media\/1507"}],"wp:attachment":[{"href":"https:\/\/elmejorjamon.es\/fr\/wp-json\/wp\/v2\/media?parent=1527"}],"wp:term":[{"taxonomy":"product_brand","embeddable":true,"href":"https:\/\/elmejorjamon.es\/fr\/wp-json\/wp\/v2\/product_brand?post=1527"},{"taxonomy":"product_cat","embeddable":true,"href":"https:\/\/elmejorjamon.es\/fr\/wp-json\/wp\/v2\/product_cat?post=1527"},{"taxonomy":"product_tag","embeddable":true,"href":"https:\/\/elmejorjamon.es\/fr\/wp-json\/wp\/v2\/product_tag?post=1527"}],"curies":[{"name":"wp","href":"https:\/\/api.w.org\/{rel}","templated":true}]}}