{"id":1503,"date":"2011-01-27T06:29:52","date_gmt":"2011-01-27T05:29:52","guid":{"rendered":"https:\/\/nueva.elmejorjamon.es\/producto\/centre-de-jambon-iberique-cebo-monteparra-sans-os-42-kg-aprox\/"},"modified":"2026-03-08T20:24:34","modified_gmt":"2026-03-08T19:24:34","slug":"centre-de-jambon-iberique-cebo-monteparra-sans-os-42-kg-aprox","status":"publish","type":"product","link":"https:\/\/elmejorjamon.es\/fr\/producto\/centre-de-jambon-iberique-cebo-monteparra-sans-os-42-kg-aprox\/","title":{"rendered":"Centre de jambon ib\u00e9rique Cebo Monteparra sans os 4,2 Kg. Aprox."},"content":{"rendered":"<p>Centre de jambon ib\u00e9rique Cebo Monteparra sans os 4,2 Kg. Aprox.<\/p>\n<p>Propre porc de ferme \u00e0 Guijuelo. Cur\u00e9 pendant plus de 30 mois, nourri avec les meilleurs aliments pour donner un go\u00fbt sucr\u00e9 et caract\u00e9ristique de Guijuelo.Pata \u00e9tir\u00e9 avec \u00e9clat et graisse entrelac\u00e9e.<\/p>\n","protected":false},"excerpt":{"rendered":"<p>Centre de jambon ib\u00e9rique Cebo Monteparra sans os 5,2 Kg. Aprox.<\/p>\n","protected":false},"featured_media":17790,"comment_status":"open","ping_status":"closed","template":"","meta":{"_et_pb_use_builder":"","_et_pb_old_content":"","_et_gb_content_width":"","_sitemap_exclude":false,"_sitemap_priority":"","_sitemap_frequency":""},"product_brand":[],"product_cat":[23,107,47],"product_tag":[],"class_list":{"0":"post-1503","1":"product","2":"type-product","3":"status-publish","4":"has-post-thumbnail","6":"product_cat-accueil","7":"product_cat-jambons-iberiques","8":"product_cat-tous-les-produits","9":"product_shipping_class-normal-fr","11":"first","12":"instock","13":"shipping-taxable","14":"purchasable","15":"product-type-simple"},"yoast_head":"<!-- This site is optimized with the Yoast SEO plugin v27.4 - https:\/\/yoast.com\/product\/yoast-seo-wordpress\/ -->\n<title>Centre de jambon ib\u00e9rique Cebo Monteparra sans os 4,2 Kg. Aprox. - El Mejor Jam\u00f3n<\/title>\n<meta name=\"robots\" content=\"index, follow, max-snippet:-1, max-image-preview:large, max-video-preview:-1\" \/>\n<link rel=\"canonical\" href=\"https:\/\/elmejorjamon.es\/fr\/producto\/centre-de-jambon-iberique-cebo-monteparra-sans-os-42-kg-aprox\/\" \/>\n<meta property=\"og:locale\" content=\"fr_FR\" \/>\n<meta property=\"og:type\" content=\"article\" \/>\n<meta property=\"og:title\" content=\"Centre de jambon ib\u00e9rique Cebo Monteparra sans os 4,2 Kg. Aprox. - El Mejor Jam\u00f3n\" \/>\n<meta property=\"og:description\" content=\"Centre de jambon ib\u00e9rique Cebo Monteparra sans os 5,2 Kg. Aprox.\" \/>\n<meta property=\"og:url\" content=\"https:\/\/elmejorjamon.es\/fr\/producto\/centre-de-jambon-iberique-cebo-monteparra-sans-os-42-kg-aprox\/\" \/>\n<meta property=\"og:site_name\" content=\"El Mejor Jam\u00f3n\" \/>\n<meta property=\"article:publisher\" content=\"https:\/\/www.facebook.com\/elmejorjamonweb\" \/>\n<meta property=\"article:modified_time\" content=\"2026-03-08T19:24:34+00:00\" \/>\n<meta property=\"og:image\" content=\"https:\/\/elmejorjamon.es\/wp-content\/uploads\/2011\/01\/jamon-deshuesado-cebo-50.jpg\" \/>\n\t<meta property=\"og:image:width\" content=\"1000\" \/>\n\t<meta property=\"og:image:height\" content=\"1120\" \/>\n\t<meta property=\"og:image:type\" content=\"image\/jpeg\" \/>\n<meta name=\"twitter:card\" content=\"summary_large_image\" \/>\n<meta name=\"twitter:site\" content=\"@elmejorjamonweb\" \/>\n<script type=\"application\/ld+json\" class=\"yoast-schema-graph\">{\"@context\":\"https:\\\/\\\/schema.org\",\"@graph\":[{\"@type\":\"WebPage\",\"@id\":\"https:\\\/\\\/elmejorjamon.es\\\/fr\\\/producto\\\/centre-de-jambon-iberique-cebo-monteparra-sans-os-42-kg-aprox\\\/\",\"url\":\"https:\\\/\\\/elmejorjamon.es\\\/fr\\\/producto\\\/centre-de-jambon-iberique-cebo-monteparra-sans-os-42-kg-aprox\\\/\",\"name\":\"Centre de jambon ib\u00e9rique Cebo Monteparra sans os 4,2 Kg. Aprox. - El Mejor Jam\u00f3n\",\"isPartOf\":{\"@id\":\"https:\\\/\\\/elmejorjamon.es\\\/#website\"},\"primaryImageOfPage\":{\"@id\":\"https:\\\/\\\/elmejorjamon.es\\\/fr\\\/producto\\\/centre-de-jambon-iberique-cebo-monteparra-sans-os-42-kg-aprox\\\/#primaryimage\"},\"image\":{\"@id\":\"https:\\\/\\\/elmejorjamon.es\\\/fr\\\/producto\\\/centre-de-jambon-iberique-cebo-monteparra-sans-os-42-kg-aprox\\\/#primaryimage\"},\"thumbnailUrl\":\"https:\\\/\\\/elmejorjamon.es\\\/wp-content\\\/uploads\\\/2011\\\/01\\\/jamon-deshuesado-cebo-50.jpg\",\"datePublished\":\"2011-01-27T05:29:52+00:00\",\"dateModified\":\"2026-03-08T19:24:34+00:00\",\"breadcrumb\":{\"@id\":\"https:\\\/\\\/elmejorjamon.es\\\/fr\\\/producto\\\/centre-de-jambon-iberique-cebo-monteparra-sans-os-42-kg-aprox\\\/#breadcrumb\"},\"inLanguage\":\"fr-FR\",\"potentialAction\":[{\"@type\":\"ReadAction\",\"target\":[\"https:\\\/\\\/elmejorjamon.es\\\/fr\\\/producto\\\/centre-de-jambon-iberique-cebo-monteparra-sans-os-42-kg-aprox\\\/\"]}]},{\"@type\":\"ImageObject\",\"inLanguage\":\"fr-FR\",\"@id\":\"https:\\\/\\\/elmejorjamon.es\\\/fr\\\/producto\\\/centre-de-jambon-iberique-cebo-monteparra-sans-os-42-kg-aprox\\\/#primaryimage\",\"url\":\"https:\\\/\\\/elmejorjamon.es\\\/wp-content\\\/uploads\\\/2011\\\/01\\\/jamon-deshuesado-cebo-50.jpg\",\"contentUrl\":\"https:\\\/\\\/elmejorjamon.es\\\/wp-content\\\/uploads\\\/2011\\\/01\\\/jamon-deshuesado-cebo-50.jpg\",\"width\":1000,\"height\":1120},{\"@type\":\"BreadcrumbList\",\"@id\":\"https:\\\/\\\/elmejorjamon.es\\\/fr\\\/producto\\\/centre-de-jambon-iberique-cebo-monteparra-sans-os-42-kg-aprox\\\/#breadcrumb\",\"itemListElement\":[{\"@type\":\"ListItem\",\"position\":1,\"name\":\"Portada\",\"item\":\"https:\\\/\\\/elmejorjamon.es\\\/fr\\\/\"},{\"@type\":\"ListItem\",\"position\":2,\"name\":\"D\u00e9marrage rapide\",\"item\":\"https:\\\/\\\/elmejorjamon.es\\\/fr\\\/\"},{\"@type\":\"ListItem\",\"position\":3,\"name\":\"Centre de jambon ib\u00e9rique Cebo Monteparra sans os 4,2 Kg. Aprox.\"}]},{\"@type\":\"WebSite\",\"@id\":\"https:\\\/\\\/elmejorjamon.es\\\/#website\",\"url\":\"https:\\\/\\\/elmejorjamon.es\\\/\",\"name\":\"El Mejor Jam\u00f3n\",\"description\":\"Comprar jamones y embutidos a buen precio\",\"publisher\":{\"@id\":\"https:\\\/\\\/elmejorjamon.es\\\/#organization\"},\"potentialAction\":[{\"@type\":\"SearchAction\",\"target\":{\"@type\":\"EntryPoint\",\"urlTemplate\":\"https:\\\/\\\/elmejorjamon.es\\\/?s={search_term_string}\"},\"query-input\":{\"@type\":\"PropertyValueSpecification\",\"valueRequired\":true,\"valueName\":\"search_term_string\"}}],\"inLanguage\":\"fr-FR\"},{\"@type\":\"Organization\",\"@id\":\"https:\\\/\\\/elmejorjamon.es\\\/#organization\",\"name\":\"El Mejor Jam\u00f3n\",\"url\":\"https:\\\/\\\/elmejorjamon.es\\\/\",\"logo\":{\"@type\":\"ImageObject\",\"inLanguage\":\"fr-FR\",\"@id\":\"https:\\\/\\\/elmejorjamon.es\\\/#\\\/schema\\\/logo\\\/image\\\/\",\"url\":\"https:\\\/\\\/elmejorjamon.es\\\/wp-content\\\/uploads\\\/2025\\\/01\\\/logocorreos.png\",\"contentUrl\":\"https:\\\/\\\/elmejorjamon.es\\\/wp-content\\\/uploads\\\/2025\\\/01\\\/logocorreos.png\",\"width\":277,\"height\":200,\"caption\":\"El Mejor Jam\u00f3n\"},\"image\":{\"@id\":\"https:\\\/\\\/elmejorjamon.es\\\/#\\\/schema\\\/logo\\\/image\\\/\"},\"sameAs\":[\"https:\\\/\\\/www.facebook.com\\\/elmejorjamonweb\",\"https:\\\/\\\/x.com\\\/elmejorjamonweb\",\"https:\\\/\\\/www.instagram.com\\\/elmejorjamonweb\\\/\"]}]}<\/script>\n<!-- \/ Yoast SEO plugin. -->","yoast_head_json":{"title":"Centre de jambon ib\u00e9rique Cebo Monteparra sans os 4,2 Kg. Aprox. - El Mejor Jam\u00f3n","robots":{"index":"index","follow":"follow","max-snippet":"max-snippet:-1","max-image-preview":"max-image-preview:large","max-video-preview":"max-video-preview:-1"},"canonical":"https:\/\/elmejorjamon.es\/fr\/producto\/centre-de-jambon-iberique-cebo-monteparra-sans-os-42-kg-aprox\/","og_locale":"fr_FR","og_type":"article","og_title":"Centre de jambon ib\u00e9rique Cebo Monteparra sans os 4,2 Kg. Aprox. - El Mejor Jam\u00f3n","og_description":"Centre de jambon ib\u00e9rique Cebo Monteparra sans os 5,2 Kg. Aprox.","og_url":"https:\/\/elmejorjamon.es\/fr\/producto\/centre-de-jambon-iberique-cebo-monteparra-sans-os-42-kg-aprox\/","og_site_name":"El Mejor Jam\u00f3n","article_publisher":"https:\/\/www.facebook.com\/elmejorjamonweb","article_modified_time":"2026-03-08T19:24:34+00:00","og_image":[{"width":1000,"height":1120,"url":"https:\/\/elmejorjamon.es\/wp-content\/uploads\/2011\/01\/jamon-deshuesado-cebo-50.jpg","type":"image\/jpeg"}],"twitter_card":"summary_large_image","twitter_site":"@elmejorjamonweb","schema":{"@context":"https:\/\/schema.org","@graph":[{"@type":"WebPage","@id":"https:\/\/elmejorjamon.es\/fr\/producto\/centre-de-jambon-iberique-cebo-monteparra-sans-os-42-kg-aprox\/","url":"https:\/\/elmejorjamon.es\/fr\/producto\/centre-de-jambon-iberique-cebo-monteparra-sans-os-42-kg-aprox\/","name":"Centre de jambon ib\u00e9rique Cebo Monteparra sans os 4,2 Kg. Aprox. - El Mejor Jam\u00f3n","isPartOf":{"@id":"https:\/\/elmejorjamon.es\/#website"},"primaryImageOfPage":{"@id":"https:\/\/elmejorjamon.es\/fr\/producto\/centre-de-jambon-iberique-cebo-monteparra-sans-os-42-kg-aprox\/#primaryimage"},"image":{"@id":"https:\/\/elmejorjamon.es\/fr\/producto\/centre-de-jambon-iberique-cebo-monteparra-sans-os-42-kg-aprox\/#primaryimage"},"thumbnailUrl":"https:\/\/elmejorjamon.es\/wp-content\/uploads\/2011\/01\/jamon-deshuesado-cebo-50.jpg","datePublished":"2011-01-27T05:29:52+00:00","dateModified":"2026-03-08T19:24:34+00:00","breadcrumb":{"@id":"https:\/\/elmejorjamon.es\/fr\/producto\/centre-de-jambon-iberique-cebo-monteparra-sans-os-42-kg-aprox\/#breadcrumb"},"inLanguage":"fr-FR","potentialAction":[{"@type":"ReadAction","target":["https:\/\/elmejorjamon.es\/fr\/producto\/centre-de-jambon-iberique-cebo-monteparra-sans-os-42-kg-aprox\/"]}]},{"@type":"ImageObject","inLanguage":"fr-FR","@id":"https:\/\/elmejorjamon.es\/fr\/producto\/centre-de-jambon-iberique-cebo-monteparra-sans-os-42-kg-aprox\/#primaryimage","url":"https:\/\/elmejorjamon.es\/wp-content\/uploads\/2011\/01\/jamon-deshuesado-cebo-50.jpg","contentUrl":"https:\/\/elmejorjamon.es\/wp-content\/uploads\/2011\/01\/jamon-deshuesado-cebo-50.jpg","width":1000,"height":1120},{"@type":"BreadcrumbList","@id":"https:\/\/elmejorjamon.es\/fr\/producto\/centre-de-jambon-iberique-cebo-monteparra-sans-os-42-kg-aprox\/#breadcrumb","itemListElement":[{"@type":"ListItem","position":1,"name":"Portada","item":"https:\/\/elmejorjamon.es\/fr\/"},{"@type":"ListItem","position":2,"name":"D\u00e9marrage rapide","item":"https:\/\/elmejorjamon.es\/fr\/"},{"@type":"ListItem","position":3,"name":"Centre de jambon ib\u00e9rique Cebo Monteparra sans os 4,2 Kg. Aprox."}]},{"@type":"WebSite","@id":"https:\/\/elmejorjamon.es\/#website","url":"https:\/\/elmejorjamon.es\/","name":"El Mejor Jam\u00f3n","description":"Comprar jamones y embutidos a buen precio","publisher":{"@id":"https:\/\/elmejorjamon.es\/#organization"},"potentialAction":[{"@type":"SearchAction","target":{"@type":"EntryPoint","urlTemplate":"https:\/\/elmejorjamon.es\/?s={search_term_string}"},"query-input":{"@type":"PropertyValueSpecification","valueRequired":true,"valueName":"search_term_string"}}],"inLanguage":"fr-FR"},{"@type":"Organization","@id":"https:\/\/elmejorjamon.es\/#organization","name":"El Mejor Jam\u00f3n","url":"https:\/\/elmejorjamon.es\/","logo":{"@type":"ImageObject","inLanguage":"fr-FR","@id":"https:\/\/elmejorjamon.es\/#\/schema\/logo\/image\/","url":"https:\/\/elmejorjamon.es\/wp-content\/uploads\/2025\/01\/logocorreos.png","contentUrl":"https:\/\/elmejorjamon.es\/wp-content\/uploads\/2025\/01\/logocorreos.png","width":277,"height":200,"caption":"El Mejor Jam\u00f3n"},"image":{"@id":"https:\/\/elmejorjamon.es\/#\/schema\/logo\/image\/"},"sameAs":["https:\/\/www.facebook.com\/elmejorjamonweb","https:\/\/x.com\/elmejorjamonweb","https:\/\/www.instagram.com\/elmejorjamonweb\/"]}]}},"_links":{"self":[{"href":"https:\/\/elmejorjamon.es\/fr\/wp-json\/wp\/v2\/product\/1503","targetHints":{"allow":["GET"]}}],"collection":[{"href":"https:\/\/elmejorjamon.es\/fr\/wp-json\/wp\/v2\/product"}],"about":[{"href":"https:\/\/elmejorjamon.es\/fr\/wp-json\/wp\/v2\/types\/product"}],"replies":[{"embeddable":true,"href":"https:\/\/elmejorjamon.es\/fr\/wp-json\/wp\/v2\/comments?post=1503"}],"wp:featuredmedia":[{"embeddable":true,"href":"https:\/\/elmejorjamon.es\/fr\/wp-json\/wp\/v2\/media\/17790"}],"wp:attachment":[{"href":"https:\/\/elmejorjamon.es\/fr\/wp-json\/wp\/v2\/media?parent=1503"}],"wp:term":[{"taxonomy":"product_brand","embeddable":true,"href":"https:\/\/elmejorjamon.es\/fr\/wp-json\/wp\/v2\/product_brand?post=1503"},{"taxonomy":"product_cat","embeddable":true,"href":"https:\/\/elmejorjamon.es\/fr\/wp-json\/wp\/v2\/product_cat?post=1503"},{"taxonomy":"product_tag","embeddable":true,"href":"https:\/\/elmejorjamon.es\/fr\/wp-json\/wp\/v2\/product_tag?post=1503"}],"curies":[{"name":"wp","href":"https:\/\/api.w.org\/{rel}","templated":true}]}}