{"id":1455,"date":"2011-01-26T08:54:03","date_gmt":"2011-01-26T07:54:03","guid":{"rendered":"https:\/\/nueva.elmejorjamon.es\/producto\/jambon-eresma-gran-reserva-duroc-8-9-kg-aprox\/"},"modified":"2025-09-23T14:05:11","modified_gmt":"2025-09-23T12:05:11","slug":"jambon-eresma-gran-reserva-duroc-8-9-kg-aprox","status":"publish","type":"product","link":"https:\/\/elmejorjamon.es\/fr\/producto\/jambon-eresma-gran-reserva-duroc-8-9-kg-aprox\/","title":{"rendered":"Jambon Eresma Gran reserva Duroc."},"content":{"rendered":"<p>Eresma Gran Reserva Duroc jambon<\/p>\n<p>Gu\u00e9rison de plus de 24 mois, ces morceaux gu\u00e9ris sont appr\u00e9ci\u00e9s pour leur grande saveur, proviennent des porcs Eresma \u00e9lev\u00e9s dans nos fermes de S\u00e9govie, nourris avec leur propre alimentation faite avec les meilleures c\u00e9r\u00e9ales.<\/p>\n<p>Valeurs nutritionnelles pour 100 grammes<\/p>\n<p>\u00c9nergie 1122 kJ \/ 269 kcal<br \/>\nMati\u00e8res grasses 15,5 grammes<br \/>\nDont acides gras satur\u00e9s 6,41 grammes<br \/>\nGlucides 0,29 gramme<br \/>\nDont sucres 0,2 gramme<br \/>\nProt\u00e9ines 32 grammes<br \/>\nSel 4,72 grammes<br \/>\nIngr\u00e9dients\u00a0: Jambon de porc Duroc (Duroc 50\u00a0%), sel, sucre, conservateurs (E-252, E-250), correcteur d\u2019acidit\u00e9 E-331 (iii), antioxydant E-301.<\/p>\n<p>Conseils d\u2019utilisation et de conservation\u00a0: \u00c0 conserver dans un endroit sec et bien ventil\u00e9, \u00e0 une temp\u00e9rature maximale de 18 \u00e0 20\u00a0\u00b0C. \u00c0 consommer \u00e0 une temp\u00e9rature sup\u00e9rieure \u00e0 15\u00a0\u00b0C pour appr\u00e9cier pleinement son ar\u00f4me et sa saveur.<\/p>\n","protected":false},"excerpt":{"rendered":"<p>Eresma Gran Reserva Duroc jambon<\/p>\n","protected":false},"featured_media":1419,"comment_status":"open","ping_status":"closed","template":"","meta":{"_et_pb_use_builder":"","_et_pb_old_content":"","_et_gb_content_width":"","_sitemap_exclude":false,"_sitemap_priority":"","_sitemap_frequency":""},"product_brand":[],"product_cat":[23,83,47],"product_tag":[],"class_list":{"0":"post-1455","1":"product","2":"type-product","3":"status-publish","4":"has-post-thumbnail","6":"product_cat-accueil","7":"product_cat-jambons-serranos","8":"product_cat-tous-les-produits","9":"product_shipping_class-normal-fr","10":"pa_opciones-desosseetemballesousvide59-fr","11":"pa_peso-8_9kg-fr","13":"first","14":"instock","15":"shipping-taxable","16":"purchasable","17":"product-type-variable"},"yoast_head":"<!-- This site is optimized with the Yoast SEO plugin v27.6 - https:\/\/yoast.com\/product\/yoast-seo-wordpress\/ -->\n<title>Jambon Eresma Gran reserva Duroc. - El Mejor Jam\u00f3n<\/title>\n<meta name=\"robots\" content=\"index, follow, max-snippet:-1, max-image-preview:large, max-video-preview:-1\" \/>\n<link rel=\"canonical\" href=\"https:\/\/elmejorjamon.es\/fr\/producto\/jambon-eresma-gran-reserva-duroc-8-9-kg-aprox\/\" \/>\n<meta property=\"og:locale\" content=\"fr_FR\" \/>\n<meta property=\"og:type\" content=\"article\" \/>\n<meta property=\"og:title\" content=\"Jambon Eresma Gran reserva Duroc. - El Mejor Jam\u00f3n\" \/>\n<meta property=\"og:description\" content=\"Eresma Gran Reserva Duroc jambon\" \/>\n<meta property=\"og:url\" content=\"https:\/\/elmejorjamon.es\/fr\/producto\/jambon-eresma-gran-reserva-duroc-8-9-kg-aprox\/\" \/>\n<meta property=\"og:site_name\" content=\"El Mejor Jam\u00f3n\" \/>\n<meta property=\"article:publisher\" content=\"https:\/\/www.facebook.com\/elmejorjamonweb\" \/>\n<meta property=\"article:modified_time\" content=\"2025-09-23T12:05:11+00:00\" \/>\n<meta property=\"og:image\" content=\"https:\/\/elmejorjamon.es\/wp-content\/uploads\/2011\/01\/2207-thickbox_default-Jamon-Eresma-Gran-reserva-Duroc-8-9kg.jpg\" \/>\n\t<meta property=\"og:image:width\" content=\"1100\" \/>\n\t<meta property=\"og:image:height\" content=\"1422\" \/>\n\t<meta property=\"og:image:type\" content=\"image\/jpeg\" \/>\n<meta name=\"twitter:card\" content=\"summary_large_image\" \/>\n<meta name=\"twitter:site\" content=\"@elmejorjamonweb\" \/>\n<meta name=\"twitter:label1\" content=\"Dur\u00e9e de lecture estim\u00e9e\" \/>\n\t<meta name=\"twitter:data1\" content=\"1 minute\" \/>\n<script type=\"application\/ld+json\" class=\"yoast-schema-graph\">{\"@context\":\"https:\\\/\\\/schema.org\",\"@graph\":[{\"@type\":\"WebPage\",\"@id\":\"https:\\\/\\\/elmejorjamon.es\\\/fr\\\/producto\\\/jambon-eresma-gran-reserva-duroc-8-9-kg-aprox\\\/\",\"url\":\"https:\\\/\\\/elmejorjamon.es\\\/fr\\\/producto\\\/jambon-eresma-gran-reserva-duroc-8-9-kg-aprox\\\/\",\"name\":\"Jambon Eresma Gran reserva Duroc. - El Mejor Jam\u00f3n\",\"isPartOf\":{\"@id\":\"https:\\\/\\\/elmejorjamon.es\\\/#website\"},\"primaryImageOfPage\":{\"@id\":\"https:\\\/\\\/elmejorjamon.es\\\/fr\\\/producto\\\/jambon-eresma-gran-reserva-duroc-8-9-kg-aprox\\\/#primaryimage\"},\"image\":{\"@id\":\"https:\\\/\\\/elmejorjamon.es\\\/fr\\\/producto\\\/jambon-eresma-gran-reserva-duroc-8-9-kg-aprox\\\/#primaryimage\"},\"thumbnailUrl\":\"https:\\\/\\\/elmejorjamon.es\\\/wp-content\\\/uploads\\\/2011\\\/01\\\/2207-thickbox_default-Jamon-Eresma-Gran-reserva-Duroc-8-9kg.jpg\",\"datePublished\":\"2011-01-26T07:54:03+00:00\",\"dateModified\":\"2025-09-23T12:05:11+00:00\",\"breadcrumb\":{\"@id\":\"https:\\\/\\\/elmejorjamon.es\\\/fr\\\/producto\\\/jambon-eresma-gran-reserva-duroc-8-9-kg-aprox\\\/#breadcrumb\"},\"inLanguage\":\"fr-FR\",\"potentialAction\":[{\"@type\":\"ReadAction\",\"target\":[\"https:\\\/\\\/elmejorjamon.es\\\/fr\\\/producto\\\/jambon-eresma-gran-reserva-duroc-8-9-kg-aprox\\\/\"]}]},{\"@type\":\"ImageObject\",\"inLanguage\":\"fr-FR\",\"@id\":\"https:\\\/\\\/elmejorjamon.es\\\/fr\\\/producto\\\/jambon-eresma-gran-reserva-duroc-8-9-kg-aprox\\\/#primaryimage\",\"url\":\"https:\\\/\\\/elmejorjamon.es\\\/wp-content\\\/uploads\\\/2011\\\/01\\\/2207-thickbox_default-Jamon-Eresma-Gran-reserva-Duroc-8-9kg.jpg\",\"contentUrl\":\"https:\\\/\\\/elmejorjamon.es\\\/wp-content\\\/uploads\\\/2011\\\/01\\\/2207-thickbox_default-Jamon-Eresma-Gran-reserva-Duroc-8-9kg.jpg\",\"width\":1100,\"height\":1422},{\"@type\":\"BreadcrumbList\",\"@id\":\"https:\\\/\\\/elmejorjamon.es\\\/fr\\\/producto\\\/jambon-eresma-gran-reserva-duroc-8-9-kg-aprox\\\/#breadcrumb\",\"itemListElement\":[{\"@type\":\"ListItem\",\"position\":1,\"name\":\"Portada\",\"item\":\"https:\\\/\\\/elmejorjamon.es\\\/fr\\\/\"},{\"@type\":\"ListItem\",\"position\":2,\"name\":\"D\u00e9marrage rapide\",\"item\":\"https:\\\/\\\/elmejorjamon.es\\\/fr\\\/\"},{\"@type\":\"ListItem\",\"position\":3,\"name\":\"Jambon Eresma Gran reserva Duroc.\"}]},{\"@type\":\"WebSite\",\"@id\":\"https:\\\/\\\/elmejorjamon.es\\\/#website\",\"url\":\"https:\\\/\\\/elmejorjamon.es\\\/\",\"name\":\"El Mejor Jam\u00f3n\",\"description\":\"Comprar jamones y embutidos a buen precio\",\"publisher\":{\"@id\":\"https:\\\/\\\/elmejorjamon.es\\\/#organization\"},\"potentialAction\":[{\"@type\":\"SearchAction\",\"target\":{\"@type\":\"EntryPoint\",\"urlTemplate\":\"https:\\\/\\\/elmejorjamon.es\\\/?s={search_term_string}\"},\"query-input\":{\"@type\":\"PropertyValueSpecification\",\"valueRequired\":true,\"valueName\":\"search_term_string\"}}],\"inLanguage\":\"fr-FR\"},{\"@type\":\"Organization\",\"@id\":\"https:\\\/\\\/elmejorjamon.es\\\/#organization\",\"name\":\"El Mejor Jam\u00f3n\",\"url\":\"https:\\\/\\\/elmejorjamon.es\\\/\",\"logo\":{\"@type\":\"ImageObject\",\"inLanguage\":\"fr-FR\",\"@id\":\"https:\\\/\\\/elmejorjamon.es\\\/#\\\/schema\\\/logo\\\/image\\\/\",\"url\":\"https:\\\/\\\/elmejorjamon.es\\\/wp-content\\\/uploads\\\/2025\\\/01\\\/logocorreos.png\",\"contentUrl\":\"https:\\\/\\\/elmejorjamon.es\\\/wp-content\\\/uploads\\\/2025\\\/01\\\/logocorreos.png\",\"width\":277,\"height\":200,\"caption\":\"El Mejor Jam\u00f3n\"},\"image\":{\"@id\":\"https:\\\/\\\/elmejorjamon.es\\\/#\\\/schema\\\/logo\\\/image\\\/\"},\"sameAs\":[\"https:\\\/\\\/www.facebook.com\\\/elmejorjamonweb\",\"https:\\\/\\\/x.com\\\/elmejorjamonweb\",\"https:\\\/\\\/www.instagram.com\\\/elmejorjamonweb\\\/\"]}]}<\/script>\n<!-- \/ Yoast SEO plugin. -->","yoast_head_json":{"title":"Jambon Eresma Gran reserva Duroc. - El Mejor Jam\u00f3n","robots":{"index":"index","follow":"follow","max-snippet":"max-snippet:-1","max-image-preview":"max-image-preview:large","max-video-preview":"max-video-preview:-1"},"canonical":"https:\/\/elmejorjamon.es\/fr\/producto\/jambon-eresma-gran-reserva-duroc-8-9-kg-aprox\/","og_locale":"fr_FR","og_type":"article","og_title":"Jambon Eresma Gran reserva Duroc. - El Mejor Jam\u00f3n","og_description":"Eresma Gran Reserva Duroc jambon","og_url":"https:\/\/elmejorjamon.es\/fr\/producto\/jambon-eresma-gran-reserva-duroc-8-9-kg-aprox\/","og_site_name":"El Mejor Jam\u00f3n","article_publisher":"https:\/\/www.facebook.com\/elmejorjamonweb","article_modified_time":"2025-09-23T12:05:11+00:00","og_image":[{"width":1100,"height":1422,"url":"https:\/\/elmejorjamon.es\/wp-content\/uploads\/2011\/01\/2207-thickbox_default-Jamon-Eresma-Gran-reserva-Duroc-8-9kg.jpg","type":"image\/jpeg"}],"twitter_card":"summary_large_image","twitter_site":"@elmejorjamonweb","twitter_misc":{"Dur\u00e9e de lecture estim\u00e9e":"1 minute"},"schema":{"@context":"https:\/\/schema.org","@graph":[{"@type":"WebPage","@id":"https:\/\/elmejorjamon.es\/fr\/producto\/jambon-eresma-gran-reserva-duroc-8-9-kg-aprox\/","url":"https:\/\/elmejorjamon.es\/fr\/producto\/jambon-eresma-gran-reserva-duroc-8-9-kg-aprox\/","name":"Jambon Eresma Gran reserva Duroc. - El Mejor Jam\u00f3n","isPartOf":{"@id":"https:\/\/elmejorjamon.es\/#website"},"primaryImageOfPage":{"@id":"https:\/\/elmejorjamon.es\/fr\/producto\/jambon-eresma-gran-reserva-duroc-8-9-kg-aprox\/#primaryimage"},"image":{"@id":"https:\/\/elmejorjamon.es\/fr\/producto\/jambon-eresma-gran-reserva-duroc-8-9-kg-aprox\/#primaryimage"},"thumbnailUrl":"https:\/\/elmejorjamon.es\/wp-content\/uploads\/2011\/01\/2207-thickbox_default-Jamon-Eresma-Gran-reserva-Duroc-8-9kg.jpg","datePublished":"2011-01-26T07:54:03+00:00","dateModified":"2025-09-23T12:05:11+00:00","breadcrumb":{"@id":"https:\/\/elmejorjamon.es\/fr\/producto\/jambon-eresma-gran-reserva-duroc-8-9-kg-aprox\/#breadcrumb"},"inLanguage":"fr-FR","potentialAction":[{"@type":"ReadAction","target":["https:\/\/elmejorjamon.es\/fr\/producto\/jambon-eresma-gran-reserva-duroc-8-9-kg-aprox\/"]}]},{"@type":"ImageObject","inLanguage":"fr-FR","@id":"https:\/\/elmejorjamon.es\/fr\/producto\/jambon-eresma-gran-reserva-duroc-8-9-kg-aprox\/#primaryimage","url":"https:\/\/elmejorjamon.es\/wp-content\/uploads\/2011\/01\/2207-thickbox_default-Jamon-Eresma-Gran-reserva-Duroc-8-9kg.jpg","contentUrl":"https:\/\/elmejorjamon.es\/wp-content\/uploads\/2011\/01\/2207-thickbox_default-Jamon-Eresma-Gran-reserva-Duroc-8-9kg.jpg","width":1100,"height":1422},{"@type":"BreadcrumbList","@id":"https:\/\/elmejorjamon.es\/fr\/producto\/jambon-eresma-gran-reserva-duroc-8-9-kg-aprox\/#breadcrumb","itemListElement":[{"@type":"ListItem","position":1,"name":"Portada","item":"https:\/\/elmejorjamon.es\/fr\/"},{"@type":"ListItem","position":2,"name":"D\u00e9marrage rapide","item":"https:\/\/elmejorjamon.es\/fr\/"},{"@type":"ListItem","position":3,"name":"Jambon Eresma Gran reserva Duroc."}]},{"@type":"WebSite","@id":"https:\/\/elmejorjamon.es\/#website","url":"https:\/\/elmejorjamon.es\/","name":"El Mejor Jam\u00f3n","description":"Comprar jamones y embutidos a buen precio","publisher":{"@id":"https:\/\/elmejorjamon.es\/#organization"},"potentialAction":[{"@type":"SearchAction","target":{"@type":"EntryPoint","urlTemplate":"https:\/\/elmejorjamon.es\/?s={search_term_string}"},"query-input":{"@type":"PropertyValueSpecification","valueRequired":true,"valueName":"search_term_string"}}],"inLanguage":"fr-FR"},{"@type":"Organization","@id":"https:\/\/elmejorjamon.es\/#organization","name":"El Mejor Jam\u00f3n","url":"https:\/\/elmejorjamon.es\/","logo":{"@type":"ImageObject","inLanguage":"fr-FR","@id":"https:\/\/elmejorjamon.es\/#\/schema\/logo\/image\/","url":"https:\/\/elmejorjamon.es\/wp-content\/uploads\/2025\/01\/logocorreos.png","contentUrl":"https:\/\/elmejorjamon.es\/wp-content\/uploads\/2025\/01\/logocorreos.png","width":277,"height":200,"caption":"El Mejor Jam\u00f3n"},"image":{"@id":"https:\/\/elmejorjamon.es\/#\/schema\/logo\/image\/"},"sameAs":["https:\/\/www.facebook.com\/elmejorjamonweb","https:\/\/x.com\/elmejorjamonweb","https:\/\/www.instagram.com\/elmejorjamonweb\/"]}]}},"_links":{"self":[{"href":"https:\/\/elmejorjamon.es\/fr\/wp-json\/wp\/v2\/product\/1455","targetHints":{"allow":["GET"]}}],"collection":[{"href":"https:\/\/elmejorjamon.es\/fr\/wp-json\/wp\/v2\/product"}],"about":[{"href":"https:\/\/elmejorjamon.es\/fr\/wp-json\/wp\/v2\/types\/product"}],"replies":[{"embeddable":true,"href":"https:\/\/elmejorjamon.es\/fr\/wp-json\/wp\/v2\/comments?post=1455"}],"wp:featuredmedia":[{"embeddable":true,"href":"https:\/\/elmejorjamon.es\/fr\/wp-json\/wp\/v2\/media\/1419"}],"wp:attachment":[{"href":"https:\/\/elmejorjamon.es\/fr\/wp-json\/wp\/v2\/media?parent=1455"}],"wp:term":[{"taxonomy":"product_brand","embeddable":true,"href":"https:\/\/elmejorjamon.es\/fr\/wp-json\/wp\/v2\/product_brand?post=1455"},{"taxonomy":"product_cat","embeddable":true,"href":"https:\/\/elmejorjamon.es\/fr\/wp-json\/wp\/v2\/product_cat?post=1455"},{"taxonomy":"product_tag","embeddable":true,"href":"https:\/\/elmejorjamon.es\/fr\/wp-json\/wp\/v2\/product_tag?post=1455"}],"curies":[{"name":"wp","href":"https:\/\/api.w.org\/{rel}","templated":true}]}}