{"id":1069,"date":"2010-02-16T14:34:21","date_gmt":"2010-02-16T13:34:21","guid":{"rendered":"https:\/\/nueva.elmejorjamon.es\/producto\/moules-marinees-ramon-franco-812-pieces\/"},"modified":"2010-02-16T14:34:21","modified_gmt":"2010-02-16T13:34:21","slug":"moules-marinees-ramon-franco-812-pieces","status":"publish","type":"product","link":"https:\/\/elmejorjamon.es\/fr\/producto\/moules-marinees-ramon-franco-812-pieces\/","title":{"rendered":"Moules marin\u00e9es Ramon Franco 8\/12 pi\u00e8ces."},"content":{"rendered":"<p>Moules en cornichon Ramon Franco 8\/12 pi\u00e8ces Les authentiques moules de la R\u00edas galicienne frites dans l&rsquo;huile d&rsquo;olive. Comme ils ont traditionnellement \u00e9t\u00e9 pr\u00e9par\u00e9s en Galice. Avec une marinade tr\u00e8s lisse. Id\u00e9al pour le consommateur qui ne veut pas go\u00fbter au vinaigre. Le meilleur sur le march\u00e9!<\/p>\n","protected":false},"excerpt":{"rendered":"<p>Moules en cornichon Ramon Franco 8\/12 pi\u00e8ces Les authentiques moules de la R\u00edas galicienne frites dans l&rsquo;huile d&rsquo;olive. Comme ils ont traditionnellement \u00e9t\u00e9 pr\u00e9par\u00e9s en Galice. Avec une marinade tr\u00e8s lisse. Id\u00e9al pour le consommateur qui ne veut pas go\u00fbter au vinaigre. Le meilleur sur le march\u00e9!<\/p>\n","protected":false},"featured_media":18706,"comment_status":"open","ping_status":"closed","template":"","meta":{"_et_pb_use_builder":"","_et_pb_old_content":"","_et_gb_content_width":"","_sitemap_exclude":false,"_sitemap_priority":"","_sitemap_frequency":""},"product_brand":[],"product_cat":[23,41,137,47],"product_tag":[],"class_list":{"0":"post-1069","1":"product","2":"type-product","3":"status-publish","4":"has-post-thumbnail","6":"product_cat-accueil","7":"product_cat-conserves","8":"product_cat-moules-marinees","9":"product_cat-tous-les-produits","10":"product_shipping_class-normal-fr","11":"pa_opciones-1unite-fr","12":"pa_opciones-boitede50unites-fr","14":"first","15":"instock","16":"shipping-taxable","17":"purchasable","18":"product-type-variable","19":"has-default-attributes"},"yoast_head":"<!-- This site is optimized with the Yoast SEO plugin v27.4 - https:\/\/yoast.com\/product\/yoast-seo-wordpress\/ -->\n<title>Moules marin\u00e9es Ramon Franco 8\/12 pi\u00e8ces. - El Mejor Jam\u00f3n<\/title>\n<meta name=\"robots\" content=\"index, follow, max-snippet:-1, max-image-preview:large, max-video-preview:-1\" \/>\n<link rel=\"canonical\" href=\"https:\/\/elmejorjamon.es\/fr\/producto\/moules-marinees-ramon-franco-812-pieces\/\" \/>\n<meta property=\"og:locale\" content=\"fr_FR\" \/>\n<meta property=\"og:type\" content=\"article\" \/>\n<meta property=\"og:title\" content=\"Moules marin\u00e9es Ramon Franco 8\/12 pi\u00e8ces. - El Mejor Jam\u00f3n\" \/>\n<meta property=\"og:description\" content=\"Moules en cornichon Ramon Franco 8\/12 pi\u00e8ces Les authentiques moules de la R\u00edas galicienne frites dans l&rsquo;huile d&rsquo;olive. Comme ils ont traditionnellement \u00e9t\u00e9 pr\u00e9par\u00e9s en Galice. Avec une marinade tr\u00e8s lisse. Id\u00e9al pour le consommateur qui ne veut pas go\u00fbter au vinaigre. Le meilleur sur le march\u00e9!\" \/>\n<meta property=\"og:url\" content=\"https:\/\/elmejorjamon.es\/fr\/producto\/moules-marinees-ramon-franco-812-pieces\/\" \/>\n<meta property=\"og:site_name\" content=\"El Mejor Jam\u00f3n\" \/>\n<meta property=\"article:publisher\" content=\"https:\/\/www.facebook.com\/elmejorjamonweb\" \/>\n<meta property=\"og:image\" content=\"https:\/\/elmejorjamon.es\/wp-content\/uploads\/2010\/02\/846-thickbox_default-Mejillones-en-escabeche-Ramon-Franco-812-piezas-792x1024-1.jpg\" \/>\n\t<meta property=\"og:image:width\" content=\"792\" \/>\n\t<meta property=\"og:image:height\" content=\"1024\" \/>\n\t<meta property=\"og:image:type\" content=\"image\/jpeg\" \/>\n<meta name=\"twitter:card\" content=\"summary_large_image\" \/>\n<meta name=\"twitter:site\" content=\"@elmejorjamonweb\" \/>\n<script type=\"application\/ld+json\" class=\"yoast-schema-graph\">{\"@context\":\"https:\\\/\\\/schema.org\",\"@graph\":[{\"@type\":\"WebPage\",\"@id\":\"https:\\\/\\\/elmejorjamon.es\\\/fr\\\/producto\\\/moules-marinees-ramon-franco-812-pieces\\\/\",\"url\":\"https:\\\/\\\/elmejorjamon.es\\\/fr\\\/producto\\\/moules-marinees-ramon-franco-812-pieces\\\/\",\"name\":\"Moules marin\u00e9es Ramon Franco 8\\\/12 pi\u00e8ces. - El Mejor Jam\u00f3n\",\"isPartOf\":{\"@id\":\"https:\\\/\\\/elmejorjamon.es\\\/#website\"},\"primaryImageOfPage\":{\"@id\":\"https:\\\/\\\/elmejorjamon.es\\\/fr\\\/producto\\\/moules-marinees-ramon-franco-812-pieces\\\/#primaryimage\"},\"image\":{\"@id\":\"https:\\\/\\\/elmejorjamon.es\\\/fr\\\/producto\\\/moules-marinees-ramon-franco-812-pieces\\\/#primaryimage\"},\"thumbnailUrl\":\"https:\\\/\\\/elmejorjamon.es\\\/wp-content\\\/uploads\\\/2010\\\/02\\\/846-thickbox_default-Mejillones-en-escabeche-Ramon-Franco-812-piezas-792x1024-1.jpg\",\"datePublished\":\"2010-02-16T13:34:21+00:00\",\"breadcrumb\":{\"@id\":\"https:\\\/\\\/elmejorjamon.es\\\/fr\\\/producto\\\/moules-marinees-ramon-franco-812-pieces\\\/#breadcrumb\"},\"inLanguage\":\"fr-FR\",\"potentialAction\":[{\"@type\":\"ReadAction\",\"target\":[\"https:\\\/\\\/elmejorjamon.es\\\/fr\\\/producto\\\/moules-marinees-ramon-franco-812-pieces\\\/\"]}]},{\"@type\":\"ImageObject\",\"inLanguage\":\"fr-FR\",\"@id\":\"https:\\\/\\\/elmejorjamon.es\\\/fr\\\/producto\\\/moules-marinees-ramon-franco-812-pieces\\\/#primaryimage\",\"url\":\"https:\\\/\\\/elmejorjamon.es\\\/wp-content\\\/uploads\\\/2010\\\/02\\\/846-thickbox_default-Mejillones-en-escabeche-Ramon-Franco-812-piezas-792x1024-1.jpg\",\"contentUrl\":\"https:\\\/\\\/elmejorjamon.es\\\/wp-content\\\/uploads\\\/2010\\\/02\\\/846-thickbox_default-Mejillones-en-escabeche-Ramon-Franco-812-piezas-792x1024-1.jpg\",\"width\":792,\"height\":1024},{\"@type\":\"BreadcrumbList\",\"@id\":\"https:\\\/\\\/elmejorjamon.es\\\/fr\\\/producto\\\/moules-marinees-ramon-franco-812-pieces\\\/#breadcrumb\",\"itemListElement\":[{\"@type\":\"ListItem\",\"position\":1,\"name\":\"Portada\",\"item\":\"https:\\\/\\\/elmejorjamon.es\\\/fr\\\/\"},{\"@type\":\"ListItem\",\"position\":2,\"name\":\"D\u00e9marrage rapide\",\"item\":\"https:\\\/\\\/elmejorjamon.es\\\/fr\\\/\"},{\"@type\":\"ListItem\",\"position\":3,\"name\":\"Moules marin\u00e9es Ramon Franco 8\\\/12 pi\u00e8ces.\"}]},{\"@type\":\"WebSite\",\"@id\":\"https:\\\/\\\/elmejorjamon.es\\\/#website\",\"url\":\"https:\\\/\\\/elmejorjamon.es\\\/\",\"name\":\"El Mejor Jam\u00f3n\",\"description\":\"Comprar jamones y embutidos a buen precio\",\"publisher\":{\"@id\":\"https:\\\/\\\/elmejorjamon.es\\\/#organization\"},\"potentialAction\":[{\"@type\":\"SearchAction\",\"target\":{\"@type\":\"EntryPoint\",\"urlTemplate\":\"https:\\\/\\\/elmejorjamon.es\\\/?s={search_term_string}\"},\"query-input\":{\"@type\":\"PropertyValueSpecification\",\"valueRequired\":true,\"valueName\":\"search_term_string\"}}],\"inLanguage\":\"fr-FR\"},{\"@type\":\"Organization\",\"@id\":\"https:\\\/\\\/elmejorjamon.es\\\/#organization\",\"name\":\"El Mejor Jam\u00f3n\",\"url\":\"https:\\\/\\\/elmejorjamon.es\\\/\",\"logo\":{\"@type\":\"ImageObject\",\"inLanguage\":\"fr-FR\",\"@id\":\"https:\\\/\\\/elmejorjamon.es\\\/#\\\/schema\\\/logo\\\/image\\\/\",\"url\":\"https:\\\/\\\/elmejorjamon.es\\\/wp-content\\\/uploads\\\/2025\\\/01\\\/logocorreos.png\",\"contentUrl\":\"https:\\\/\\\/elmejorjamon.es\\\/wp-content\\\/uploads\\\/2025\\\/01\\\/logocorreos.png\",\"width\":277,\"height\":200,\"caption\":\"El Mejor Jam\u00f3n\"},\"image\":{\"@id\":\"https:\\\/\\\/elmejorjamon.es\\\/#\\\/schema\\\/logo\\\/image\\\/\"},\"sameAs\":[\"https:\\\/\\\/www.facebook.com\\\/elmejorjamonweb\",\"https:\\\/\\\/x.com\\\/elmejorjamonweb\",\"https:\\\/\\\/www.instagram.com\\\/elmejorjamonweb\\\/\"]}]}<\/script>\n<!-- \/ Yoast SEO plugin. -->","yoast_head_json":{"title":"Moules marin\u00e9es Ramon Franco 8\/12 pi\u00e8ces. - El Mejor Jam\u00f3n","robots":{"index":"index","follow":"follow","max-snippet":"max-snippet:-1","max-image-preview":"max-image-preview:large","max-video-preview":"max-video-preview:-1"},"canonical":"https:\/\/elmejorjamon.es\/fr\/producto\/moules-marinees-ramon-franco-812-pieces\/","og_locale":"fr_FR","og_type":"article","og_title":"Moules marin\u00e9es Ramon Franco 8\/12 pi\u00e8ces. - El Mejor Jam\u00f3n","og_description":"Moules en cornichon Ramon Franco 8\/12 pi\u00e8ces Les authentiques moules de la R\u00edas galicienne frites dans l&rsquo;huile d&rsquo;olive. Comme ils ont traditionnellement \u00e9t\u00e9 pr\u00e9par\u00e9s en Galice. Avec une marinade tr\u00e8s lisse. Id\u00e9al pour le consommateur qui ne veut pas go\u00fbter au vinaigre. Le meilleur sur le march\u00e9!","og_url":"https:\/\/elmejorjamon.es\/fr\/producto\/moules-marinees-ramon-franco-812-pieces\/","og_site_name":"El Mejor Jam\u00f3n","article_publisher":"https:\/\/www.facebook.com\/elmejorjamonweb","og_image":[{"width":792,"height":1024,"url":"https:\/\/elmejorjamon.es\/wp-content\/uploads\/2010\/02\/846-thickbox_default-Mejillones-en-escabeche-Ramon-Franco-812-piezas-792x1024-1.jpg","type":"image\/jpeg"}],"twitter_card":"summary_large_image","twitter_site":"@elmejorjamonweb","schema":{"@context":"https:\/\/schema.org","@graph":[{"@type":"WebPage","@id":"https:\/\/elmejorjamon.es\/fr\/producto\/moules-marinees-ramon-franco-812-pieces\/","url":"https:\/\/elmejorjamon.es\/fr\/producto\/moules-marinees-ramon-franco-812-pieces\/","name":"Moules marin\u00e9es Ramon Franco 8\/12 pi\u00e8ces. - El Mejor Jam\u00f3n","isPartOf":{"@id":"https:\/\/elmejorjamon.es\/#website"},"primaryImageOfPage":{"@id":"https:\/\/elmejorjamon.es\/fr\/producto\/moules-marinees-ramon-franco-812-pieces\/#primaryimage"},"image":{"@id":"https:\/\/elmejorjamon.es\/fr\/producto\/moules-marinees-ramon-franco-812-pieces\/#primaryimage"},"thumbnailUrl":"https:\/\/elmejorjamon.es\/wp-content\/uploads\/2010\/02\/846-thickbox_default-Mejillones-en-escabeche-Ramon-Franco-812-piezas-792x1024-1.jpg","datePublished":"2010-02-16T13:34:21+00:00","breadcrumb":{"@id":"https:\/\/elmejorjamon.es\/fr\/producto\/moules-marinees-ramon-franco-812-pieces\/#breadcrumb"},"inLanguage":"fr-FR","potentialAction":[{"@type":"ReadAction","target":["https:\/\/elmejorjamon.es\/fr\/producto\/moules-marinees-ramon-franco-812-pieces\/"]}]},{"@type":"ImageObject","inLanguage":"fr-FR","@id":"https:\/\/elmejorjamon.es\/fr\/producto\/moules-marinees-ramon-franco-812-pieces\/#primaryimage","url":"https:\/\/elmejorjamon.es\/wp-content\/uploads\/2010\/02\/846-thickbox_default-Mejillones-en-escabeche-Ramon-Franco-812-piezas-792x1024-1.jpg","contentUrl":"https:\/\/elmejorjamon.es\/wp-content\/uploads\/2010\/02\/846-thickbox_default-Mejillones-en-escabeche-Ramon-Franco-812-piezas-792x1024-1.jpg","width":792,"height":1024},{"@type":"BreadcrumbList","@id":"https:\/\/elmejorjamon.es\/fr\/producto\/moules-marinees-ramon-franco-812-pieces\/#breadcrumb","itemListElement":[{"@type":"ListItem","position":1,"name":"Portada","item":"https:\/\/elmejorjamon.es\/fr\/"},{"@type":"ListItem","position":2,"name":"D\u00e9marrage rapide","item":"https:\/\/elmejorjamon.es\/fr\/"},{"@type":"ListItem","position":3,"name":"Moules marin\u00e9es Ramon Franco 8\/12 pi\u00e8ces."}]},{"@type":"WebSite","@id":"https:\/\/elmejorjamon.es\/#website","url":"https:\/\/elmejorjamon.es\/","name":"El Mejor Jam\u00f3n","description":"Comprar jamones y embutidos a buen precio","publisher":{"@id":"https:\/\/elmejorjamon.es\/#organization"},"potentialAction":[{"@type":"SearchAction","target":{"@type":"EntryPoint","urlTemplate":"https:\/\/elmejorjamon.es\/?s={search_term_string}"},"query-input":{"@type":"PropertyValueSpecification","valueRequired":true,"valueName":"search_term_string"}}],"inLanguage":"fr-FR"},{"@type":"Organization","@id":"https:\/\/elmejorjamon.es\/#organization","name":"El Mejor Jam\u00f3n","url":"https:\/\/elmejorjamon.es\/","logo":{"@type":"ImageObject","inLanguage":"fr-FR","@id":"https:\/\/elmejorjamon.es\/#\/schema\/logo\/image\/","url":"https:\/\/elmejorjamon.es\/wp-content\/uploads\/2025\/01\/logocorreos.png","contentUrl":"https:\/\/elmejorjamon.es\/wp-content\/uploads\/2025\/01\/logocorreos.png","width":277,"height":200,"caption":"El Mejor Jam\u00f3n"},"image":{"@id":"https:\/\/elmejorjamon.es\/#\/schema\/logo\/image\/"},"sameAs":["https:\/\/www.facebook.com\/elmejorjamonweb","https:\/\/x.com\/elmejorjamonweb","https:\/\/www.instagram.com\/elmejorjamonweb\/"]}]}},"_links":{"self":[{"href":"https:\/\/elmejorjamon.es\/fr\/wp-json\/wp\/v2\/product\/1069","targetHints":{"allow":["GET"]}}],"collection":[{"href":"https:\/\/elmejorjamon.es\/fr\/wp-json\/wp\/v2\/product"}],"about":[{"href":"https:\/\/elmejorjamon.es\/fr\/wp-json\/wp\/v2\/types\/product"}],"replies":[{"embeddable":true,"href":"https:\/\/elmejorjamon.es\/fr\/wp-json\/wp\/v2\/comments?post=1069"}],"wp:featuredmedia":[{"embeddable":true,"href":"https:\/\/elmejorjamon.es\/fr\/wp-json\/wp\/v2\/media\/18706"}],"wp:attachment":[{"href":"https:\/\/elmejorjamon.es\/fr\/wp-json\/wp\/v2\/media?parent=1069"}],"wp:term":[{"taxonomy":"product_brand","embeddable":true,"href":"https:\/\/elmejorjamon.es\/fr\/wp-json\/wp\/v2\/product_brand?post=1069"},{"taxonomy":"product_cat","embeddable":true,"href":"https:\/\/elmejorjamon.es\/fr\/wp-json\/wp\/v2\/product_cat?post=1069"},{"taxonomy":"product_tag","embeddable":true,"href":"https:\/\/elmejorjamon.es\/fr\/wp-json\/wp\/v2\/product_tag?post=1069"}],"curies":[{"name":"wp","href":"https:\/\/api.w.org\/{rel}","templated":true}]}}