{"id":1009,"date":"2010-02-16T14:28:21","date_gmt":"2010-02-16T13:28:21","guid":{"rendered":"https:\/\/nueva.elmejorjamon.es\/producto\/moules-marinees-ramon-franco-68-pieces\/"},"modified":"2010-02-16T14:28:21","modified_gmt":"2010-02-16T13:28:21","slug":"moules-marinees-ramon-franco-68-pieces","status":"publish","type":"product","link":"https:\/\/elmejorjamon.es\/fr\/producto\/moules-marinees-ramon-franco-68-pieces\/","title":{"rendered":"Moules marin\u00e9es Ramon Franco 6\/8 pi\u00e8ces."},"content":{"rendered":"<p>Moules marin\u00e9es Ramon Franco 6\/8 pi\u00e8ces Extrait directement de l&rsquo;estuaire, s\u00e9lectionn\u00e9, nettoy\u00e9 et emball\u00e9 \u00e0 la main. C&rsquo;est ainsi que nous vous pr\u00e9sentons les plus gros sp\u00e9cimens de moules sur le march\u00e9. Une des conserves extraordinaires que vous offre Ram\u00f3n Franco avec un cornichon tr\u00e8s doux. Id\u00e9al pour le consommateur qui ne veut pas go\u00fbter au vinaigre. Le meilleur sur le march\u00e9!<\/p>\n","protected":false},"excerpt":{"rendered":"<p>Moules marin\u00e9es Ramon Franco 6\/8 pi\u00e8ces Extrait directement de l&rsquo;estuaire, s\u00e9lectionn\u00e9, nettoy\u00e9 et emball\u00e9 \u00e0 la main. C&rsquo;est ainsi que nous vous pr\u00e9sentons les plus gros sp\u00e9cimens de moules sur le march\u00e9. Une des conserves extraordinaires que vous offre Ram\u00f3n Franco avec un cornichon tr\u00e8s doux. Id\u00e9al pour le consommateur qui ne veut pas go\u00fbter [&hellip;]<\/p>\n","protected":false},"featured_media":993,"comment_status":"open","ping_status":"closed","template":"","meta":{"_et_pb_use_builder":"","_et_pb_old_content":"","_et_gb_content_width":"","_sitemap_exclude":false,"_sitemap_priority":"","_sitemap_frequency":""},"product_brand":[],"product_cat":[23,41,137,47],"product_tag":[],"class_list":{"0":"post-1009","1":"product","2":"type-product","3":"status-publish","4":"has-post-thumbnail","6":"product_cat-accueil","7":"product_cat-conserves","8":"product_cat-moules-marinees","9":"product_cat-tous-les-produits","10":"product_shipping_class-normal-fr","11":"pa_opciones-1unite-fr","12":"pa_opciones-boitede24unites-fr","14":"first","15":"outofstock","16":"shipping-taxable","17":"purchasable","18":"product-type-variable","19":"has-default-attributes"},"yoast_head":"<!-- This site is optimized with the Yoast SEO plugin v27.2 - https:\/\/yoast.com\/product\/yoast-seo-wordpress\/ -->\n<title>Moules marin\u00e9es Ramon Franco 6\/8 pi\u00e8ces. - El Mejor Jam\u00f3n<\/title>\n<meta name=\"robots\" content=\"index, follow, max-snippet:-1, max-image-preview:large, max-video-preview:-1\" \/>\n<link rel=\"canonical\" href=\"https:\/\/elmejorjamon.es\/producto\/mejillones-en-escabeche-ramon-franco-68-piezas\/\" \/>\n<meta property=\"og:locale\" content=\"fr_FR\" \/>\n<meta property=\"og:type\" content=\"article\" \/>\n<meta property=\"og:title\" content=\"Moules marin\u00e9es Ramon Franco 6\/8 pi\u00e8ces. - El Mejor Jam\u00f3n\" \/>\n<meta property=\"og:description\" content=\"Moules marin\u00e9es Ramon Franco 6\/8 pi\u00e8ces Extrait directement de l&rsquo;estuaire, s\u00e9lectionn\u00e9, nettoy\u00e9 et emball\u00e9 \u00e0 la main. C&rsquo;est ainsi que nous vous pr\u00e9sentons les plus gros sp\u00e9cimens de moules sur le march\u00e9. Une des conserves extraordinaires que vous offre Ram\u00f3n Franco avec un cornichon tr\u00e8s doux. Id\u00e9al pour le consommateur qui ne veut pas go\u00fbter [&hellip;]\" \/>\n<meta property=\"og:url\" content=\"https:\/\/elmejorjamon.es\/producto\/mejillones-en-escabeche-ramon-franco-68-piezas\/\" \/>\n<meta property=\"og:site_name\" content=\"El Mejor Jam\u00f3n\" \/>\n<meta property=\"article:publisher\" content=\"https:\/\/www.facebook.com\/elmejorjamonweb\" \/>\n<meta property=\"og:image\" content=\"https:\/\/elmejorjamon.es\/wp-content\/uploads\/2010\/02\/1434-thickbox_default-Mejillones-en-escabeche-Ramon-Franco-68-piezas.jpg\" \/>\n\t<meta property=\"og:image:width\" content=\"1100\" \/>\n\t<meta property=\"og:image:height\" content=\"1422\" \/>\n\t<meta property=\"og:image:type\" content=\"image\/jpeg\" \/>\n<meta name=\"twitter:card\" content=\"summary_large_image\" \/>\n<meta name=\"twitter:site\" content=\"@elmejorjamonweb\" \/>\n<meta name=\"twitter:label1\" content=\"Dur\u00e9e de lecture estim\u00e9e\" \/>\n\t<meta name=\"twitter:data1\" content=\"1 minute\" \/>\n<script type=\"application\/ld+json\" class=\"yoast-schema-graph\">{\"@context\":\"https:\/\/schema.org\",\"@graph\":[{\"@type\":\"WebPage\",\"@id\":\"https:\/\/elmejorjamon.es\/producto\/mejillones-en-escabeche-ramon-franco-68-piezas\/\",\"url\":\"https:\/\/elmejorjamon.es\/producto\/mejillones-en-escabeche-ramon-franco-68-piezas\/\",\"name\":\"Moules marin\u00e9es Ramon Franco 6\/8 pi\u00e8ces. - El Mejor Jam\u00f3n\",\"isPartOf\":{\"@id\":\"https:\/\/elmejorjamon.es\/#website\"},\"primaryImageOfPage\":{\"@id\":\"https:\/\/elmejorjamon.es\/producto\/mejillones-en-escabeche-ramon-franco-68-piezas\/#primaryimage\"},\"image\":{\"@id\":\"https:\/\/elmejorjamon.es\/producto\/mejillones-en-escabeche-ramon-franco-68-piezas\/#primaryimage\"},\"thumbnailUrl\":\"https:\/\/elmejorjamon.es\/wp-content\/uploads\/2010\/02\/1434-thickbox_default-Mejillones-en-escabeche-Ramon-Franco-68-piezas.jpg\",\"datePublished\":\"2010-02-16T13:28:21+00:00\",\"breadcrumb\":{\"@id\":\"https:\/\/elmejorjamon.es\/producto\/mejillones-en-escabeche-ramon-franco-68-piezas\/#breadcrumb\"},\"inLanguage\":\"fr-FR\",\"potentialAction\":[{\"@type\":\"ReadAction\",\"target\":[\"https:\/\/elmejorjamon.es\/producto\/mejillones-en-escabeche-ramon-franco-68-piezas\/\"]}]},{\"@type\":\"ImageObject\",\"inLanguage\":\"fr-FR\",\"@id\":\"https:\/\/elmejorjamon.es\/producto\/mejillones-en-escabeche-ramon-franco-68-piezas\/#primaryimage\",\"url\":\"https:\/\/elmejorjamon.es\/wp-content\/uploads\/2010\/02\/1434-thickbox_default-Mejillones-en-escabeche-Ramon-Franco-68-piezas.jpg\",\"contentUrl\":\"https:\/\/elmejorjamon.es\/wp-content\/uploads\/2010\/02\/1434-thickbox_default-Mejillones-en-escabeche-Ramon-Franco-68-piezas.jpg\",\"width\":1100,\"height\":1422},{\"@type\":\"BreadcrumbList\",\"@id\":\"https:\/\/elmejorjamon.es\/producto\/mejillones-en-escabeche-ramon-franco-68-piezas\/#breadcrumb\",\"itemListElement\":[{\"@type\":\"ListItem\",\"position\":1,\"name\":\"Portada\",\"item\":\"https:\/\/elmejorjamon.es\/fr\/\"},{\"@type\":\"ListItem\",\"position\":2,\"name\":\"D\u00e9marrage rapide\",\"item\":\"https:\/\/elmejorjamon.es\/fr\/\"},{\"@type\":\"ListItem\",\"position\":3,\"name\":\"Moules marin\u00e9es Ramon Franco 6\/8 pi\u00e8ces.\"}]},{\"@type\":\"WebSite\",\"@id\":\"https:\/\/elmejorjamon.es\/#website\",\"url\":\"https:\/\/elmejorjamon.es\/\",\"name\":\"El Mejor Jam\u00f3n\",\"description\":\"Comprar jamones y embutidos a buen precio\",\"publisher\":{\"@id\":\"https:\/\/elmejorjamon.es\/#organization\"},\"potentialAction\":[{\"@type\":\"SearchAction\",\"target\":{\"@type\":\"EntryPoint\",\"urlTemplate\":\"https:\/\/elmejorjamon.es\/?s={search_term_string}\"},\"query-input\":{\"@type\":\"PropertyValueSpecification\",\"valueRequired\":true,\"valueName\":\"search_term_string\"}}],\"inLanguage\":\"fr-FR\"},{\"@type\":\"Organization\",\"@id\":\"https:\/\/elmejorjamon.es\/#organization\",\"name\":\"El Mejor Jam\u00f3n\",\"url\":\"https:\/\/elmejorjamon.es\/\",\"logo\":{\"@type\":\"ImageObject\",\"inLanguage\":\"fr-FR\",\"@id\":\"https:\/\/elmejorjamon.es\/#\/schema\/logo\/image\/\",\"url\":\"https:\/\/elmejorjamon.es\/wp-content\/uploads\/2025\/01\/logocorreos.png\",\"contentUrl\":\"https:\/\/elmejorjamon.es\/wp-content\/uploads\/2025\/01\/logocorreos.png\",\"width\":277,\"height\":200,\"caption\":\"El Mejor Jam\u00f3n\"},\"image\":{\"@id\":\"https:\/\/elmejorjamon.es\/#\/schema\/logo\/image\/\"},\"sameAs\":[\"https:\/\/www.facebook.com\/elmejorjamonweb\",\"https:\/\/x.com\/elmejorjamonweb\",\"https:\/\/www.instagram.com\/elmejorjamonweb\/\"]}]}<\/script>\n<!-- \/ Yoast SEO plugin. -->","yoast_head_json":{"title":"Moules marin\u00e9es Ramon Franco 6\/8 pi\u00e8ces. - El Mejor Jam\u00f3n","robots":{"index":"index","follow":"follow","max-snippet":"max-snippet:-1","max-image-preview":"max-image-preview:large","max-video-preview":"max-video-preview:-1"},"canonical":"https:\/\/elmejorjamon.es\/producto\/mejillones-en-escabeche-ramon-franco-68-piezas\/","og_locale":"fr_FR","og_type":"article","og_title":"Moules marin\u00e9es Ramon Franco 6\/8 pi\u00e8ces. - El Mejor Jam\u00f3n","og_description":"Moules marin\u00e9es Ramon Franco 6\/8 pi\u00e8ces Extrait directement de l&rsquo;estuaire, s\u00e9lectionn\u00e9, nettoy\u00e9 et emball\u00e9 \u00e0 la main. C&rsquo;est ainsi que nous vous pr\u00e9sentons les plus gros sp\u00e9cimens de moules sur le march\u00e9. Une des conserves extraordinaires que vous offre Ram\u00f3n Franco avec un cornichon tr\u00e8s doux. Id\u00e9al pour le consommateur qui ne veut pas go\u00fbter [&hellip;]","og_url":"https:\/\/elmejorjamon.es\/producto\/mejillones-en-escabeche-ramon-franco-68-piezas\/","og_site_name":"El Mejor Jam\u00f3n","article_publisher":"https:\/\/www.facebook.com\/elmejorjamonweb","og_image":[{"width":1100,"height":1422,"url":"https:\/\/elmejorjamon.es\/wp-content\/uploads\/2010\/02\/1434-thickbox_default-Mejillones-en-escabeche-Ramon-Franco-68-piezas.jpg","type":"image\/jpeg"}],"twitter_card":"summary_large_image","twitter_site":"@elmejorjamonweb","twitter_misc":{"Dur\u00e9e de lecture estim\u00e9e":"1 minute"},"schema":{"@context":"https:\/\/schema.org","@graph":[{"@type":"WebPage","@id":"https:\/\/elmejorjamon.es\/producto\/mejillones-en-escabeche-ramon-franco-68-piezas\/","url":"https:\/\/elmejorjamon.es\/producto\/mejillones-en-escabeche-ramon-franco-68-piezas\/","name":"Moules marin\u00e9es Ramon Franco 6\/8 pi\u00e8ces. - El Mejor Jam\u00f3n","isPartOf":{"@id":"https:\/\/elmejorjamon.es\/#website"},"primaryImageOfPage":{"@id":"https:\/\/elmejorjamon.es\/producto\/mejillones-en-escabeche-ramon-franco-68-piezas\/#primaryimage"},"image":{"@id":"https:\/\/elmejorjamon.es\/producto\/mejillones-en-escabeche-ramon-franco-68-piezas\/#primaryimage"},"thumbnailUrl":"https:\/\/elmejorjamon.es\/wp-content\/uploads\/2010\/02\/1434-thickbox_default-Mejillones-en-escabeche-Ramon-Franco-68-piezas.jpg","datePublished":"2010-02-16T13:28:21+00:00","breadcrumb":{"@id":"https:\/\/elmejorjamon.es\/producto\/mejillones-en-escabeche-ramon-franco-68-piezas\/#breadcrumb"},"inLanguage":"fr-FR","potentialAction":[{"@type":"ReadAction","target":["https:\/\/elmejorjamon.es\/producto\/mejillones-en-escabeche-ramon-franco-68-piezas\/"]}]},{"@type":"ImageObject","inLanguage":"fr-FR","@id":"https:\/\/elmejorjamon.es\/producto\/mejillones-en-escabeche-ramon-franco-68-piezas\/#primaryimage","url":"https:\/\/elmejorjamon.es\/wp-content\/uploads\/2010\/02\/1434-thickbox_default-Mejillones-en-escabeche-Ramon-Franco-68-piezas.jpg","contentUrl":"https:\/\/elmejorjamon.es\/wp-content\/uploads\/2010\/02\/1434-thickbox_default-Mejillones-en-escabeche-Ramon-Franco-68-piezas.jpg","width":1100,"height":1422},{"@type":"BreadcrumbList","@id":"https:\/\/elmejorjamon.es\/producto\/mejillones-en-escabeche-ramon-franco-68-piezas\/#breadcrumb","itemListElement":[{"@type":"ListItem","position":1,"name":"Portada","item":"https:\/\/elmejorjamon.es\/fr\/"},{"@type":"ListItem","position":2,"name":"D\u00e9marrage rapide","item":"https:\/\/elmejorjamon.es\/fr\/"},{"@type":"ListItem","position":3,"name":"Moules marin\u00e9es Ramon Franco 6\/8 pi\u00e8ces."}]},{"@type":"WebSite","@id":"https:\/\/elmejorjamon.es\/#website","url":"https:\/\/elmejorjamon.es\/","name":"El Mejor Jam\u00f3n","description":"Comprar jamones y embutidos a buen precio","publisher":{"@id":"https:\/\/elmejorjamon.es\/#organization"},"potentialAction":[{"@type":"SearchAction","target":{"@type":"EntryPoint","urlTemplate":"https:\/\/elmejorjamon.es\/?s={search_term_string}"},"query-input":{"@type":"PropertyValueSpecification","valueRequired":true,"valueName":"search_term_string"}}],"inLanguage":"fr-FR"},{"@type":"Organization","@id":"https:\/\/elmejorjamon.es\/#organization","name":"El Mejor Jam\u00f3n","url":"https:\/\/elmejorjamon.es\/","logo":{"@type":"ImageObject","inLanguage":"fr-FR","@id":"https:\/\/elmejorjamon.es\/#\/schema\/logo\/image\/","url":"https:\/\/elmejorjamon.es\/wp-content\/uploads\/2025\/01\/logocorreos.png","contentUrl":"https:\/\/elmejorjamon.es\/wp-content\/uploads\/2025\/01\/logocorreos.png","width":277,"height":200,"caption":"El Mejor Jam\u00f3n"},"image":{"@id":"https:\/\/elmejorjamon.es\/#\/schema\/logo\/image\/"},"sameAs":["https:\/\/www.facebook.com\/elmejorjamonweb","https:\/\/x.com\/elmejorjamonweb","https:\/\/www.instagram.com\/elmejorjamonweb\/"]}]}},"_links":{"self":[{"href":"https:\/\/elmejorjamon.es\/fr\/wp-json\/wp\/v2\/product\/1009","targetHints":{"allow":["GET"]}}],"collection":[{"href":"https:\/\/elmejorjamon.es\/fr\/wp-json\/wp\/v2\/product"}],"about":[{"href":"https:\/\/elmejorjamon.es\/fr\/wp-json\/wp\/v2\/types\/product"}],"replies":[{"embeddable":true,"href":"https:\/\/elmejorjamon.es\/fr\/wp-json\/wp\/v2\/comments?post=1009"}],"wp:featuredmedia":[{"embeddable":true,"href":"https:\/\/elmejorjamon.es\/fr\/wp-json\/wp\/v2\/media\/993"}],"wp:attachment":[{"href":"https:\/\/elmejorjamon.es\/fr\/wp-json\/wp\/v2\/media?parent=1009"}],"wp:term":[{"taxonomy":"product_brand","embeddable":true,"href":"https:\/\/elmejorjamon.es\/fr\/wp-json\/wp\/v2\/product_brand?post=1009"},{"taxonomy":"product_cat","embeddable":true,"href":"https:\/\/elmejorjamon.es\/fr\/wp-json\/wp\/v2\/product_cat?post=1009"},{"taxonomy":"product_tag","embeddable":true,"href":"https:\/\/elmejorjamon.es\/fr\/wp-json\/wp\/v2\/product_tag?post=1009"}],"curies":[{"name":"wp","href":"https:\/\/api.w.org\/{rel}","templated":true}]}}