{"id":9152,"date":"2023-07-05T11:53:22","date_gmt":"2023-07-05T10:53:22","guid":{"rendered":"https:\/\/nueva.elmejorjamon.es\/producto\/quo-vadis-solera-1972-wine-fondillon\/"},"modified":"2024-11-15T11:54:56","modified_gmt":"2024-11-15T10:54:56","slug":"quo-vadis-solera-1972-wine-fondillon","status":"publish","type":"product","link":"https:\/\/elmejorjamon.es\/en\/producto\/quo-vadis-solera-1972-wine-fondillon\/","title":{"rendered":"Quo Vadis Solera 1972 Wine Fondill\u00f3n"},"content":{"rendered":"<p>Quo Vadis Solera 1972 Wine Fondill\u00f3n<\/p>\n<p>Generous wine, unique in the world, with an extraordinary and peculiar personality. Historical wine from the beginning of the 13th century, it was the first wine with its own name, exclusive to kings and consumed by the great figures of history. He also traveled in the first expeditions around the world like those of Juan Sebasti\u00e1n Elcano.<\/p>\n<p>The Alicante fondill\u00f3n, our most precious jewel. Included among the Five Luxury Wines declared by the EU.<\/p>\n<p>PAIRING<\/p>\n<p>Desserts, pure chocolate and nuts, ideal for after-meals.<\/p>\n<p>CATA&#8217;S NOTES<\/p>\n<p>Amber and mahogany color.<\/p>\n<p>On the nose it presents aromas of nuts, fig jam and leather.<\/p>\n<p>Powerful on the palate, it is structured and has a long aftertaste.<\/p>\n<p>SERVICE: We recommend serving it around 16\u00baC.<\/p>\n<p>LAC. VOL.: 16.0%<\/p>\n<p>DESIGNATION OF ORIGIN: Alicante<\/p>\n<p>AGEING: Aging by Soleras<\/p>\n<p>VARIETIES: 100% Monastrell overripe<\/p>\n<p>VINEYARD:<\/p>\n<p>FLOOR:<\/p>\n<p>VINTAGE:<\/p>\n<p>PREPARATION: It is made only in vintages of exceptional quality from grapes over ripened in the vineyard of the Monastrell variety. They are very old vineyards caressed by the warm air of the Mare Nostrum and raised for more than 30 years by the traditional system of soleras. It is characterized by its high alcohol content, coming from the sugar existing in the grape itself over ripening in the same plant. It is totally natural, with no added sugars.<\/p>\n","protected":false},"excerpt":{"rendered":"<p>Quo Vadis Solera 1972 Wine Fondill\u00f3n<\/p>\n","protected":false},"featured_media":20524,"comment_status":"open","ping_status":"closed","template":"","meta":{"_et_pb_use_builder":"","_et_pb_old_content":"","_et_gb_content_width":"","_sitemap_exclude":false,"_sitemap_priority":"","_sitemap_frequency":""},"product_brand":[],"product_cat":[46,94,22,130,142],"product_tag":[],"class_list":{"0":"post-9152","1":"product","2":"type-product","3":"status-publish","4":"has-post-thumbnail","6":"product_cat-all-products","7":"product_cat-beverages","8":"product_cat-home","9":"product_cat-trivium-range","10":"product_cat-wine","11":"product_shipping_class-normal-en","13":"first","14":"instock","15":"shipping-taxable","16":"purchasable","17":"product-type-simple"},"yoast_head":"<!-- This site is optimized with the Yoast SEO plugin v27.4 - https:\/\/yoast.com\/product\/yoast-seo-wordpress\/ -->\n<title>Quo Vadis Solera 1972 Wine Fondill\u00f3n - El Mejor Jam\u00f3n<\/title>\n<meta name=\"robots\" content=\"index, follow, max-snippet:-1, max-image-preview:large, max-video-preview:-1\" \/>\n<link rel=\"canonical\" href=\"https:\/\/elmejorjamon.es\/en\/producto\/quo-vadis-solera-1972-wine-fondillon\/\" \/>\n<meta property=\"og:locale\" content=\"en_US\" \/>\n<meta property=\"og:type\" content=\"article\" \/>\n<meta property=\"og:title\" content=\"Quo Vadis Solera 1972 Wine Fondill\u00f3n - El Mejor Jam\u00f3n\" \/>\n<meta property=\"og:description\" content=\"Quo Vadis Solera 1972 Wine Fondill\u00f3n\" \/>\n<meta property=\"og:url\" content=\"https:\/\/elmejorjamon.es\/en\/producto\/quo-vadis-solera-1972-wine-fondillon\/\" \/>\n<meta property=\"og:site_name\" content=\"El Mejor Jam\u00f3n\" \/>\n<meta property=\"article:publisher\" content=\"https:\/\/www.facebook.com\/elmejorjamonweb\" \/>\n<meta property=\"article:modified_time\" content=\"2024-11-15T10:54:56+00:00\" \/>\n<meta property=\"og:image\" content=\"https:\/\/elmejorjamon.es\/wp-content\/uploads\/2023\/07\/fondillonFN-2.jpg\" \/>\n\t<meta property=\"og:image:width\" content=\"500\" \/>\n\t<meta property=\"og:image:height\" content=\"1000\" \/>\n\t<meta property=\"og:image:type\" content=\"image\/jpeg\" \/>\n<meta name=\"twitter:card\" content=\"summary_large_image\" \/>\n<meta name=\"twitter:site\" content=\"@elmejorjamonweb\" \/>\n<meta name=\"twitter:label1\" content=\"Est. reading time\" \/>\n\t<meta name=\"twitter:data1\" content=\"2 minutes\" \/>\n<script type=\"application\/ld+json\" class=\"yoast-schema-graph\">{\"@context\":\"https:\\\/\\\/schema.org\",\"@graph\":[{\"@type\":\"WebPage\",\"@id\":\"https:\\\/\\\/elmejorjamon.es\\\/en\\\/producto\\\/quo-vadis-solera-1972-wine-fondillon\\\/\",\"url\":\"https:\\\/\\\/elmejorjamon.es\\\/en\\\/producto\\\/quo-vadis-solera-1972-wine-fondillon\\\/\",\"name\":\"Quo Vadis Solera 1972 Wine Fondill\u00f3n - El Mejor Jam\u00f3n\",\"isPartOf\":{\"@id\":\"https:\\\/\\\/elmejorjamon.es\\\/#website\"},\"primaryImageOfPage\":{\"@id\":\"https:\\\/\\\/elmejorjamon.es\\\/en\\\/producto\\\/quo-vadis-solera-1972-wine-fondillon\\\/#primaryimage\"},\"image\":{\"@id\":\"https:\\\/\\\/elmejorjamon.es\\\/en\\\/producto\\\/quo-vadis-solera-1972-wine-fondillon\\\/#primaryimage\"},\"thumbnailUrl\":\"https:\\\/\\\/elmejorjamon.es\\\/wp-content\\\/uploads\\\/2023\\\/07\\\/fondillonFN-2.jpg\",\"datePublished\":\"2023-07-05T10:53:22+00:00\",\"dateModified\":\"2024-11-15T10:54:56+00:00\",\"breadcrumb\":{\"@id\":\"https:\\\/\\\/elmejorjamon.es\\\/en\\\/producto\\\/quo-vadis-solera-1972-wine-fondillon\\\/#breadcrumb\"},\"inLanguage\":\"en-US\",\"potentialAction\":[{\"@type\":\"ReadAction\",\"target\":[\"https:\\\/\\\/elmejorjamon.es\\\/en\\\/producto\\\/quo-vadis-solera-1972-wine-fondillon\\\/\"]}]},{\"@type\":\"ImageObject\",\"inLanguage\":\"en-US\",\"@id\":\"https:\\\/\\\/elmejorjamon.es\\\/en\\\/producto\\\/quo-vadis-solera-1972-wine-fondillon\\\/#primaryimage\",\"url\":\"https:\\\/\\\/elmejorjamon.es\\\/wp-content\\\/uploads\\\/2023\\\/07\\\/fondillonFN-2.jpg\",\"contentUrl\":\"https:\\\/\\\/elmejorjamon.es\\\/wp-content\\\/uploads\\\/2023\\\/07\\\/fondillonFN-2.jpg\",\"width\":500,\"height\":1000},{\"@type\":\"BreadcrumbList\",\"@id\":\"https:\\\/\\\/elmejorjamon.es\\\/en\\\/producto\\\/quo-vadis-solera-1972-wine-fondillon\\\/#breadcrumb\",\"itemListElement\":[{\"@type\":\"ListItem\",\"position\":1,\"name\":\"Portada\",\"item\":\"https:\\\/\\\/elmejorjamon.es\\\/en\\\/\"},{\"@type\":\"ListItem\",\"position\":2,\"name\":\"Quick Start\",\"item\":\"https:\\\/\\\/elmejorjamon.es\\\/en\\\/\"},{\"@type\":\"ListItem\",\"position\":3,\"name\":\"Quo Vadis Solera 1972 Wine Fondill\u00f3n\"}]},{\"@type\":\"WebSite\",\"@id\":\"https:\\\/\\\/elmejorjamon.es\\\/#website\",\"url\":\"https:\\\/\\\/elmejorjamon.es\\\/\",\"name\":\"El Mejor Jam\u00f3n\",\"description\":\"Comprar jamones y embutidos a buen precio\",\"publisher\":{\"@id\":\"https:\\\/\\\/elmejorjamon.es\\\/#organization\"},\"potentialAction\":[{\"@type\":\"SearchAction\",\"target\":{\"@type\":\"EntryPoint\",\"urlTemplate\":\"https:\\\/\\\/elmejorjamon.es\\\/?s={search_term_string}\"},\"query-input\":{\"@type\":\"PropertyValueSpecification\",\"valueRequired\":true,\"valueName\":\"search_term_string\"}}],\"inLanguage\":\"en-US\"},{\"@type\":\"Organization\",\"@id\":\"https:\\\/\\\/elmejorjamon.es\\\/#organization\",\"name\":\"El Mejor Jam\u00f3n\",\"url\":\"https:\\\/\\\/elmejorjamon.es\\\/\",\"logo\":{\"@type\":\"ImageObject\",\"inLanguage\":\"en-US\",\"@id\":\"https:\\\/\\\/elmejorjamon.es\\\/#\\\/schema\\\/logo\\\/image\\\/\",\"url\":\"https:\\\/\\\/elmejorjamon.es\\\/wp-content\\\/uploads\\\/2025\\\/01\\\/logocorreos.png\",\"contentUrl\":\"https:\\\/\\\/elmejorjamon.es\\\/wp-content\\\/uploads\\\/2025\\\/01\\\/logocorreos.png\",\"width\":277,\"height\":200,\"caption\":\"El Mejor Jam\u00f3n\"},\"image\":{\"@id\":\"https:\\\/\\\/elmejorjamon.es\\\/#\\\/schema\\\/logo\\\/image\\\/\"},\"sameAs\":[\"https:\\\/\\\/www.facebook.com\\\/elmejorjamonweb\",\"https:\\\/\\\/x.com\\\/elmejorjamonweb\",\"https:\\\/\\\/www.instagram.com\\\/elmejorjamonweb\\\/\"]}]}<\/script>\n<!-- \/ Yoast SEO plugin. -->","yoast_head_json":{"title":"Quo Vadis Solera 1972 Wine Fondill\u00f3n - El Mejor Jam\u00f3n","robots":{"index":"index","follow":"follow","max-snippet":"max-snippet:-1","max-image-preview":"max-image-preview:large","max-video-preview":"max-video-preview:-1"},"canonical":"https:\/\/elmejorjamon.es\/en\/producto\/quo-vadis-solera-1972-wine-fondillon\/","og_locale":"en_US","og_type":"article","og_title":"Quo Vadis Solera 1972 Wine Fondill\u00f3n - El Mejor Jam\u00f3n","og_description":"Quo Vadis Solera 1972 Wine Fondill\u00f3n","og_url":"https:\/\/elmejorjamon.es\/en\/producto\/quo-vadis-solera-1972-wine-fondillon\/","og_site_name":"El Mejor Jam\u00f3n","article_publisher":"https:\/\/www.facebook.com\/elmejorjamonweb","article_modified_time":"2024-11-15T10:54:56+00:00","og_image":[{"width":500,"height":1000,"url":"https:\/\/elmejorjamon.es\/wp-content\/uploads\/2023\/07\/fondillonFN-2.jpg","type":"image\/jpeg"}],"twitter_card":"summary_large_image","twitter_site":"@elmejorjamonweb","twitter_misc":{"Est. reading time":"2 minutes"},"schema":{"@context":"https:\/\/schema.org","@graph":[{"@type":"WebPage","@id":"https:\/\/elmejorjamon.es\/en\/producto\/quo-vadis-solera-1972-wine-fondillon\/","url":"https:\/\/elmejorjamon.es\/en\/producto\/quo-vadis-solera-1972-wine-fondillon\/","name":"Quo Vadis Solera 1972 Wine Fondill\u00f3n - El Mejor Jam\u00f3n","isPartOf":{"@id":"https:\/\/elmejorjamon.es\/#website"},"primaryImageOfPage":{"@id":"https:\/\/elmejorjamon.es\/en\/producto\/quo-vadis-solera-1972-wine-fondillon\/#primaryimage"},"image":{"@id":"https:\/\/elmejorjamon.es\/en\/producto\/quo-vadis-solera-1972-wine-fondillon\/#primaryimage"},"thumbnailUrl":"https:\/\/elmejorjamon.es\/wp-content\/uploads\/2023\/07\/fondillonFN-2.jpg","datePublished":"2023-07-05T10:53:22+00:00","dateModified":"2024-11-15T10:54:56+00:00","breadcrumb":{"@id":"https:\/\/elmejorjamon.es\/en\/producto\/quo-vadis-solera-1972-wine-fondillon\/#breadcrumb"},"inLanguage":"en-US","potentialAction":[{"@type":"ReadAction","target":["https:\/\/elmejorjamon.es\/en\/producto\/quo-vadis-solera-1972-wine-fondillon\/"]}]},{"@type":"ImageObject","inLanguage":"en-US","@id":"https:\/\/elmejorjamon.es\/en\/producto\/quo-vadis-solera-1972-wine-fondillon\/#primaryimage","url":"https:\/\/elmejorjamon.es\/wp-content\/uploads\/2023\/07\/fondillonFN-2.jpg","contentUrl":"https:\/\/elmejorjamon.es\/wp-content\/uploads\/2023\/07\/fondillonFN-2.jpg","width":500,"height":1000},{"@type":"BreadcrumbList","@id":"https:\/\/elmejorjamon.es\/en\/producto\/quo-vadis-solera-1972-wine-fondillon\/#breadcrumb","itemListElement":[{"@type":"ListItem","position":1,"name":"Portada","item":"https:\/\/elmejorjamon.es\/en\/"},{"@type":"ListItem","position":2,"name":"Quick Start","item":"https:\/\/elmejorjamon.es\/en\/"},{"@type":"ListItem","position":3,"name":"Quo Vadis Solera 1972 Wine Fondill\u00f3n"}]},{"@type":"WebSite","@id":"https:\/\/elmejorjamon.es\/#website","url":"https:\/\/elmejorjamon.es\/","name":"El Mejor Jam\u00f3n","description":"Comprar jamones y embutidos a buen precio","publisher":{"@id":"https:\/\/elmejorjamon.es\/#organization"},"potentialAction":[{"@type":"SearchAction","target":{"@type":"EntryPoint","urlTemplate":"https:\/\/elmejorjamon.es\/?s={search_term_string}"},"query-input":{"@type":"PropertyValueSpecification","valueRequired":true,"valueName":"search_term_string"}}],"inLanguage":"en-US"},{"@type":"Organization","@id":"https:\/\/elmejorjamon.es\/#organization","name":"El Mejor Jam\u00f3n","url":"https:\/\/elmejorjamon.es\/","logo":{"@type":"ImageObject","inLanguage":"en-US","@id":"https:\/\/elmejorjamon.es\/#\/schema\/logo\/image\/","url":"https:\/\/elmejorjamon.es\/wp-content\/uploads\/2025\/01\/logocorreos.png","contentUrl":"https:\/\/elmejorjamon.es\/wp-content\/uploads\/2025\/01\/logocorreos.png","width":277,"height":200,"caption":"El Mejor Jam\u00f3n"},"image":{"@id":"https:\/\/elmejorjamon.es\/#\/schema\/logo\/image\/"},"sameAs":["https:\/\/www.facebook.com\/elmejorjamonweb","https:\/\/x.com\/elmejorjamonweb","https:\/\/www.instagram.com\/elmejorjamonweb\/"]}]}},"_links":{"self":[{"href":"https:\/\/elmejorjamon.es\/en\/wp-json\/wp\/v2\/product\/9152","targetHints":{"allow":["GET"]}}],"collection":[{"href":"https:\/\/elmejorjamon.es\/en\/wp-json\/wp\/v2\/product"}],"about":[{"href":"https:\/\/elmejorjamon.es\/en\/wp-json\/wp\/v2\/types\/product"}],"replies":[{"embeddable":true,"href":"https:\/\/elmejorjamon.es\/en\/wp-json\/wp\/v2\/comments?post=9152"}],"wp:featuredmedia":[{"embeddable":true,"href":"https:\/\/elmejorjamon.es\/en\/wp-json\/wp\/v2\/media\/20524"}],"wp:attachment":[{"href":"https:\/\/elmejorjamon.es\/en\/wp-json\/wp\/v2\/media?parent=9152"}],"wp:term":[{"taxonomy":"product_brand","embeddable":true,"href":"https:\/\/elmejorjamon.es\/en\/wp-json\/wp\/v2\/product_brand?post=9152"},{"taxonomy":"product_cat","embeddable":true,"href":"https:\/\/elmejorjamon.es\/en\/wp-json\/wp\/v2\/product_cat?post=9152"},{"taxonomy":"product_tag","embeddable":true,"href":"https:\/\/elmejorjamon.es\/en\/wp-json\/wp\/v2\/product_tag?post=9152"}],"curies":[{"name":"wp","href":"https:\/\/api.w.org\/{rel}","templated":true}]}}