{"id":8776,"date":"2023-01-25T12:51:11","date_gmt":"2023-01-25T11:51:11","guid":{"rendered":"https:\/\/nueva.elmejorjamon.es\/producto\/palos-de-viento-rotwein-monastrell-sorte\/"},"modified":"2025-09-29T09:08:40","modified_gmt":"2025-09-29T07:08:40","slug":"palos-de-viento-rotwein-monastrell-sorte","status":"publish","type":"product","link":"https:\/\/elmejorjamon.es\/de\/producto\/palos-de-viento-rotwein-monastrell-sorte\/","title":{"rendered":"Palos de viento Rotwein Monastrell Sorte"},"content":{"rendered":"<p>Wein aus Paraje.<\/p>\n<p>Lage: Ca\u00f1ada de la Le\u00f1a, nord\u00f6stlich der<\/p>\n<p>Provinz Murcia.<\/p>\n<p>Sorte: Monastrell<\/p>\n<p>Jahrgang: 2019<\/p>\n<p>Produktion: 1.970 Flaschen.<\/p>\n<p>Sortenwein mit Jahrgangsbescheinigung u<\/p>\n<p>Vielfalt.<\/p>\n<p>WEINBAU<\/p>\n<p>Trockene Landwirtschaft, \u00f6kologische Landwirtschaft, Ausbildung<\/p>\n<p>im Glas.<\/p>\n<p>Monastrell Pflanzjahr: zwischen 1980-1990.<\/p>\n<p>Kalksteinb\u00f6den, Oberfl\u00e4chenkies,<\/p>\n<p>Ton-Lehm-Granulometrie.<\/p>\n<p>Lage: Bergh\u00e4nge, 650 m. H\u00f6he.<\/p>\n<p>Nordausrichtung, mediterranes Klima.<\/p>\n<p>Schnitt und Weinlese: Manuell.<\/p>\n<p>AUSARBEITUNG<\/p>\n<p>Manuelle Auswahl am Tisch vor Eintritt zu<\/p>\n<p>Abbeer-Trichter.<\/p>\n<p>Manuelles Verladen der Ernte in Lagern<\/p>\n<p>der G\u00e4rung.<\/p>\n<p>G\u00e4rung in 1.500 l Edelstahltanks<\/p>\n<p>mit K\u00e4ltesteuerung.<\/p>\n<p>Manuelles Stanzen und t\u00e4gliches Umpumpen<\/p>\n<p>w\u00e4hrend der Mazeration.<\/p>\n<p>Gemischte Reifung: 330 l und 500 l Eiche 8 Monate<\/p>\n<p>Rest aus Edelstahl<\/p>\n<p>Abf\u00fclldatum: Februar 2021<\/p>\n<p>PR\u00c4SENTATION<\/p>\n<p>Bordeauxflasche Prestige 0,75 l<\/p>\n<p>Verschluss aus Naturkork.<\/p>\n<p>Kartons: 6 Einheiten.<\/p>\n<p>ABF\u00dcLLANALYSE<\/p>\n<p>PH = 3,60<\/p>\n<p>Alkoholgehalt vol.: 15% vol.<\/p>\n<p>Gesamts\u00e4ure (Weins\u00e4ure) = 5,10 g\/l<\/p>\n<p>Serviertemperatur: 12-14\u00baC<\/p>\n","protected":false},"excerpt":{"rendered":"<p>Palos de viento Rotwein Monastrell Sorte<\/p>\n","protected":false},"featured_media":8740,"comment_status":"open","ping_status":"closed","template":"","meta":{"_et_pb_use_builder":"","_et_pb_old_content":"","_et_gb_content_width":"","_sitemap_exclude":false,"_sitemap_priority":"","_sitemap_frequency":""},"product_brand":[],"product_cat":[48,96,24,144],"product_tag":[],"class_list":{"0":"post-8776","1":"product","2":"type-product","3":"status-publish","4":"has-post-thumbnail","6":"product_cat-alle-produkte","7":"product_cat-bebidas-de","8":"product_cat-startseite","9":"product_cat-wein-de","10":"product_shipping_class-normal-de","11":"pa_opciones-1einheit-de","12":"pa_opciones-schachtelmit6-de","14":"first","15":"instock","16":"shipping-taxable","17":"purchasable","18":"product-type-variable","19":"has-default-attributes"},"yoast_head":"<!-- This site is optimized with the Yoast SEO plugin v27.4 - https:\/\/yoast.com\/product\/yoast-seo-wordpress\/ -->\n<title>Palos de viento Rotwein Monastrell Sorte - El Mejor Jam\u00f3n<\/title>\n<meta name=\"robots\" content=\"index, follow, max-snippet:-1, max-image-preview:large, max-video-preview:-1\" \/>\n<link rel=\"canonical\" href=\"https:\/\/elmejorjamon.es\/de\/producto\/palos-de-viento-rotwein-monastrell-sorte\/\" \/>\n<meta property=\"og:locale\" content=\"de_DE\" \/>\n<meta property=\"og:type\" content=\"article\" \/>\n<meta property=\"og:title\" content=\"Palos de viento Rotwein Monastrell Sorte - El Mejor Jam\u00f3n\" \/>\n<meta property=\"og:description\" content=\"Palos de viento Rotwein Monastrell Sorte\" \/>\n<meta property=\"og:url\" content=\"https:\/\/elmejorjamon.es\/de\/producto\/palos-de-viento-rotwein-monastrell-sorte\/\" \/>\n<meta property=\"og:site_name\" content=\"El Mejor Jam\u00f3n\" \/>\n<meta property=\"article:publisher\" content=\"https:\/\/www.facebook.com\/elmejorjamonweb\" \/>\n<meta property=\"article:modified_time\" content=\"2025-09-29T07:08:40+00:00\" \/>\n<meta property=\"og:image\" content=\"https:\/\/elmejorjamon.es\/wp-content\/uploads\/2023\/01\/2348-thickbox_default-Vino-tino-Palos-de-viento-variedad-Monastrell.jpg\" \/>\n\t<meta property=\"og:image:width\" content=\"1100\" \/>\n\t<meta property=\"og:image:height\" content=\"1422\" \/>\n\t<meta property=\"og:image:type\" content=\"image\/jpeg\" \/>\n<meta name=\"twitter:card\" content=\"summary_large_image\" \/>\n<meta name=\"twitter:site\" content=\"@elmejorjamonweb\" \/>\n<meta name=\"twitter:label1\" content=\"Gesch\u00e4tzte Lesezeit\" \/>\n\t<meta name=\"twitter:data1\" content=\"1\u00a0Minute\" \/>\n<script type=\"application\/ld+json\" class=\"yoast-schema-graph\">{\"@context\":\"https:\\\/\\\/schema.org\",\"@graph\":[{\"@type\":\"WebPage\",\"@id\":\"https:\\\/\\\/elmejorjamon.es\\\/de\\\/producto\\\/palos-de-viento-rotwein-monastrell-sorte\\\/\",\"url\":\"https:\\\/\\\/elmejorjamon.es\\\/de\\\/producto\\\/palos-de-viento-rotwein-monastrell-sorte\\\/\",\"name\":\"Palos de viento Rotwein Monastrell Sorte - El Mejor Jam\u00f3n\",\"isPartOf\":{\"@id\":\"https:\\\/\\\/elmejorjamon.es\\\/#website\"},\"primaryImageOfPage\":{\"@id\":\"https:\\\/\\\/elmejorjamon.es\\\/de\\\/producto\\\/palos-de-viento-rotwein-monastrell-sorte\\\/#primaryimage\"},\"image\":{\"@id\":\"https:\\\/\\\/elmejorjamon.es\\\/de\\\/producto\\\/palos-de-viento-rotwein-monastrell-sorte\\\/#primaryimage\"},\"thumbnailUrl\":\"https:\\\/\\\/elmejorjamon.es\\\/wp-content\\\/uploads\\\/2023\\\/01\\\/2348-thickbox_default-Vino-tino-Palos-de-viento-variedad-Monastrell.jpg\",\"datePublished\":\"2023-01-25T11:51:11+00:00\",\"dateModified\":\"2025-09-29T07:08:40+00:00\",\"breadcrumb\":{\"@id\":\"https:\\\/\\\/elmejorjamon.es\\\/de\\\/producto\\\/palos-de-viento-rotwein-monastrell-sorte\\\/#breadcrumb\"},\"inLanguage\":\"de\",\"potentialAction\":[{\"@type\":\"ReadAction\",\"target\":[\"https:\\\/\\\/elmejorjamon.es\\\/de\\\/producto\\\/palos-de-viento-rotwein-monastrell-sorte\\\/\"]}]},{\"@type\":\"ImageObject\",\"inLanguage\":\"de\",\"@id\":\"https:\\\/\\\/elmejorjamon.es\\\/de\\\/producto\\\/palos-de-viento-rotwein-monastrell-sorte\\\/#primaryimage\",\"url\":\"https:\\\/\\\/elmejorjamon.es\\\/wp-content\\\/uploads\\\/2023\\\/01\\\/2348-thickbox_default-Vino-tino-Palos-de-viento-variedad-Monastrell.jpg\",\"contentUrl\":\"https:\\\/\\\/elmejorjamon.es\\\/wp-content\\\/uploads\\\/2023\\\/01\\\/2348-thickbox_default-Vino-tino-Palos-de-viento-variedad-Monastrell.jpg\",\"width\":1100,\"height\":1422},{\"@type\":\"BreadcrumbList\",\"@id\":\"https:\\\/\\\/elmejorjamon.es\\\/de\\\/producto\\\/palos-de-viento-rotwein-monastrell-sorte\\\/#breadcrumb\",\"itemListElement\":[{\"@type\":\"ListItem\",\"position\":1,\"name\":\"Portada\",\"item\":\"https:\\\/\\\/elmejorjamon.es\\\/de\\\/\"},{\"@type\":\"ListItem\",\"position\":2,\"name\":\"Schnellstart\",\"item\":\"https:\\\/\\\/elmejorjamon.es\\\/de\\\/\"},{\"@type\":\"ListItem\",\"position\":3,\"name\":\"Palos de viento Rotwein Monastrell Sorte\"}]},{\"@type\":\"WebSite\",\"@id\":\"https:\\\/\\\/elmejorjamon.es\\\/#website\",\"url\":\"https:\\\/\\\/elmejorjamon.es\\\/\",\"name\":\"El Mejor Jam\u00f3n\",\"description\":\"Comprar jamones y embutidos a buen precio\",\"publisher\":{\"@id\":\"https:\\\/\\\/elmejorjamon.es\\\/#organization\"},\"potentialAction\":[{\"@type\":\"SearchAction\",\"target\":{\"@type\":\"EntryPoint\",\"urlTemplate\":\"https:\\\/\\\/elmejorjamon.es\\\/?s={search_term_string}\"},\"query-input\":{\"@type\":\"PropertyValueSpecification\",\"valueRequired\":true,\"valueName\":\"search_term_string\"}}],\"inLanguage\":\"de\"},{\"@type\":\"Organization\",\"@id\":\"https:\\\/\\\/elmejorjamon.es\\\/#organization\",\"name\":\"El Mejor Jam\u00f3n\",\"url\":\"https:\\\/\\\/elmejorjamon.es\\\/\",\"logo\":{\"@type\":\"ImageObject\",\"inLanguage\":\"de\",\"@id\":\"https:\\\/\\\/elmejorjamon.es\\\/#\\\/schema\\\/logo\\\/image\\\/\",\"url\":\"https:\\\/\\\/elmejorjamon.es\\\/wp-content\\\/uploads\\\/2025\\\/01\\\/logocorreos.png\",\"contentUrl\":\"https:\\\/\\\/elmejorjamon.es\\\/wp-content\\\/uploads\\\/2025\\\/01\\\/logocorreos.png\",\"width\":277,\"height\":200,\"caption\":\"El Mejor Jam\u00f3n\"},\"image\":{\"@id\":\"https:\\\/\\\/elmejorjamon.es\\\/#\\\/schema\\\/logo\\\/image\\\/\"},\"sameAs\":[\"https:\\\/\\\/www.facebook.com\\\/elmejorjamonweb\",\"https:\\\/\\\/x.com\\\/elmejorjamonweb\",\"https:\\\/\\\/www.instagram.com\\\/elmejorjamonweb\\\/\"]}]}<\/script>\n<!-- \/ Yoast SEO plugin. -->","yoast_head_json":{"title":"Palos de viento Rotwein Monastrell Sorte - El Mejor Jam\u00f3n","robots":{"index":"index","follow":"follow","max-snippet":"max-snippet:-1","max-image-preview":"max-image-preview:large","max-video-preview":"max-video-preview:-1"},"canonical":"https:\/\/elmejorjamon.es\/de\/producto\/palos-de-viento-rotwein-monastrell-sorte\/","og_locale":"de_DE","og_type":"article","og_title":"Palos de viento Rotwein Monastrell Sorte - El Mejor Jam\u00f3n","og_description":"Palos de viento Rotwein Monastrell Sorte","og_url":"https:\/\/elmejorjamon.es\/de\/producto\/palos-de-viento-rotwein-monastrell-sorte\/","og_site_name":"El Mejor Jam\u00f3n","article_publisher":"https:\/\/www.facebook.com\/elmejorjamonweb","article_modified_time":"2025-09-29T07:08:40+00:00","og_image":[{"width":1100,"height":1422,"url":"https:\/\/elmejorjamon.es\/wp-content\/uploads\/2023\/01\/2348-thickbox_default-Vino-tino-Palos-de-viento-variedad-Monastrell.jpg","type":"image\/jpeg"}],"twitter_card":"summary_large_image","twitter_site":"@elmejorjamonweb","twitter_misc":{"Gesch\u00e4tzte Lesezeit":"1\u00a0Minute"},"schema":{"@context":"https:\/\/schema.org","@graph":[{"@type":"WebPage","@id":"https:\/\/elmejorjamon.es\/de\/producto\/palos-de-viento-rotwein-monastrell-sorte\/","url":"https:\/\/elmejorjamon.es\/de\/producto\/palos-de-viento-rotwein-monastrell-sorte\/","name":"Palos de viento Rotwein Monastrell Sorte - El Mejor Jam\u00f3n","isPartOf":{"@id":"https:\/\/elmejorjamon.es\/#website"},"primaryImageOfPage":{"@id":"https:\/\/elmejorjamon.es\/de\/producto\/palos-de-viento-rotwein-monastrell-sorte\/#primaryimage"},"image":{"@id":"https:\/\/elmejorjamon.es\/de\/producto\/palos-de-viento-rotwein-monastrell-sorte\/#primaryimage"},"thumbnailUrl":"https:\/\/elmejorjamon.es\/wp-content\/uploads\/2023\/01\/2348-thickbox_default-Vino-tino-Palos-de-viento-variedad-Monastrell.jpg","datePublished":"2023-01-25T11:51:11+00:00","dateModified":"2025-09-29T07:08:40+00:00","breadcrumb":{"@id":"https:\/\/elmejorjamon.es\/de\/producto\/palos-de-viento-rotwein-monastrell-sorte\/#breadcrumb"},"inLanguage":"de","potentialAction":[{"@type":"ReadAction","target":["https:\/\/elmejorjamon.es\/de\/producto\/palos-de-viento-rotwein-monastrell-sorte\/"]}]},{"@type":"ImageObject","inLanguage":"de","@id":"https:\/\/elmejorjamon.es\/de\/producto\/palos-de-viento-rotwein-monastrell-sorte\/#primaryimage","url":"https:\/\/elmejorjamon.es\/wp-content\/uploads\/2023\/01\/2348-thickbox_default-Vino-tino-Palos-de-viento-variedad-Monastrell.jpg","contentUrl":"https:\/\/elmejorjamon.es\/wp-content\/uploads\/2023\/01\/2348-thickbox_default-Vino-tino-Palos-de-viento-variedad-Monastrell.jpg","width":1100,"height":1422},{"@type":"BreadcrumbList","@id":"https:\/\/elmejorjamon.es\/de\/producto\/palos-de-viento-rotwein-monastrell-sorte\/#breadcrumb","itemListElement":[{"@type":"ListItem","position":1,"name":"Portada","item":"https:\/\/elmejorjamon.es\/de\/"},{"@type":"ListItem","position":2,"name":"Schnellstart","item":"https:\/\/elmejorjamon.es\/de\/"},{"@type":"ListItem","position":3,"name":"Palos de viento Rotwein Monastrell Sorte"}]},{"@type":"WebSite","@id":"https:\/\/elmejorjamon.es\/#website","url":"https:\/\/elmejorjamon.es\/","name":"El Mejor Jam\u00f3n","description":"Comprar jamones y embutidos a buen precio","publisher":{"@id":"https:\/\/elmejorjamon.es\/#organization"},"potentialAction":[{"@type":"SearchAction","target":{"@type":"EntryPoint","urlTemplate":"https:\/\/elmejorjamon.es\/?s={search_term_string}"},"query-input":{"@type":"PropertyValueSpecification","valueRequired":true,"valueName":"search_term_string"}}],"inLanguage":"de"},{"@type":"Organization","@id":"https:\/\/elmejorjamon.es\/#organization","name":"El Mejor Jam\u00f3n","url":"https:\/\/elmejorjamon.es\/","logo":{"@type":"ImageObject","inLanguage":"de","@id":"https:\/\/elmejorjamon.es\/#\/schema\/logo\/image\/","url":"https:\/\/elmejorjamon.es\/wp-content\/uploads\/2025\/01\/logocorreos.png","contentUrl":"https:\/\/elmejorjamon.es\/wp-content\/uploads\/2025\/01\/logocorreos.png","width":277,"height":200,"caption":"El Mejor Jam\u00f3n"},"image":{"@id":"https:\/\/elmejorjamon.es\/#\/schema\/logo\/image\/"},"sameAs":["https:\/\/www.facebook.com\/elmejorjamonweb","https:\/\/x.com\/elmejorjamonweb","https:\/\/www.instagram.com\/elmejorjamonweb\/"]}]}},"_links":{"self":[{"href":"https:\/\/elmejorjamon.es\/de\/wp-json\/wp\/v2\/product\/8776","targetHints":{"allow":["GET"]}}],"collection":[{"href":"https:\/\/elmejorjamon.es\/de\/wp-json\/wp\/v2\/product"}],"about":[{"href":"https:\/\/elmejorjamon.es\/de\/wp-json\/wp\/v2\/types\/product"}],"replies":[{"embeddable":true,"href":"https:\/\/elmejorjamon.es\/de\/wp-json\/wp\/v2\/comments?post=8776"}],"wp:featuredmedia":[{"embeddable":true,"href":"https:\/\/elmejorjamon.es\/de\/wp-json\/wp\/v2\/media\/8740"}],"wp:attachment":[{"href":"https:\/\/elmejorjamon.es\/de\/wp-json\/wp\/v2\/media?parent=8776"}],"wp:term":[{"taxonomy":"product_brand","embeddable":true,"href":"https:\/\/elmejorjamon.es\/de\/wp-json\/wp\/v2\/product_brand?post=8776"},{"taxonomy":"product_cat","embeddable":true,"href":"https:\/\/elmejorjamon.es\/de\/wp-json\/wp\/v2\/product_cat?post=8776"},{"taxonomy":"product_tag","embeddable":true,"href":"https:\/\/elmejorjamon.es\/de\/wp-json\/wp\/v2\/product_tag?post=8776"}],"curies":[{"name":"wp","href":"https:\/\/api.w.org\/{rel}","templated":true}]}}