{"id":8530,"date":"2022-10-25T10:03:26","date_gmt":"2022-10-25T09:03:26","guid":{"rendered":"https:\/\/nueva.elmejorjamon.es\/producto\/mariscadora-schwertmuscheln-mit-olivenoel-35-stueck\/"},"modified":"2022-10-25T10:03:26","modified_gmt":"2022-10-25T09:03:26","slug":"mariscadora-schwertmuscheln-mit-olivenoel-35-stueck","status":"publish","type":"product","link":"https:\/\/elmejorjamon.es\/de\/producto\/mariscadora-schwertmuscheln-mit-olivenoel-35-stueck\/","title":{"rendered":"Mariscadora Schwertmuscheln mit Oliven\u00f6l 3\/5 St\u00fcck"},"content":{"rendered":"<p>Mariscadora Schwertmuscheln mit Oliven\u00f6l 3\/5 St\u00fcck<\/p>\n<p>Zutaten: Rasiermesser Schalen (Weichtiere), Oliven\u00f6l und Salz.<\/p>\n","protected":false},"excerpt":{"rendered":"<p>Mariscadora Schwertmuscheln mit Oliven\u00f6l 3\/5 St\u00fcck<\/p>\n","protected":false},"featured_media":8518,"comment_status":"open","ping_status":"closed","template":"","meta":{"_et_pb_use_builder":"","_et_pb_old_content":"","_et_gb_content_width":"","_sitemap_exclude":false,"_sitemap_priority":"","_sitemap_frequency":""},"product_brand":[],"product_cat":[48,42,180,24],"product_tag":[],"class_list":{"0":"post-8530","1":"product","2":"type-product","3":"status-publish","4":"has-post-thumbnail","6":"product_cat-alle-produkte","7":"product_cat-conservas-de","8":"product_cat-navajas-de","9":"product_cat-startseite","10":"product_shipping_class-normal-de","11":"pa_opciones-1einheit-de","12":"pa_opciones-boxmit24einheiten-de","14":"first","15":"instock","16":"shipping-taxable","17":"purchasable","18":"product-type-variable","19":"has-default-attributes"},"yoast_head":"<!-- This site is optimized with the Yoast SEO plugin v27.2 - https:\/\/yoast.com\/product\/yoast-seo-wordpress\/ -->\n<title>Mariscadora Schwertmuscheln mit Oliven\u00f6l 3\/5 St\u00fcck - El Mejor Jam\u00f3n<\/title>\n<meta name=\"robots\" content=\"index, follow, max-snippet:-1, max-image-preview:large, max-video-preview:-1\" \/>\n<link rel=\"canonical\" href=\"https:\/\/elmejorjamon.es\/de\/producto\/mariscadora-schwertmuscheln-mit-olivenoel-35-stueck\/\" \/>\n<meta property=\"og:locale\" content=\"de_DE\" \/>\n<meta property=\"og:type\" content=\"article\" \/>\n<meta property=\"og:title\" content=\"Mariscadora Schwertmuscheln mit Oliven\u00f6l 3\/5 St\u00fcck - El Mejor Jam\u00f3n\" \/>\n<meta property=\"og:description\" content=\"Mariscadora Schwertmuscheln mit Oliven\u00f6l 3\/5 St\u00fcck\" \/>\n<meta property=\"og:url\" content=\"https:\/\/elmejorjamon.es\/de\/producto\/mariscadora-schwertmuscheln-mit-olivenoel-35-stueck\/\" \/>\n<meta property=\"og:site_name\" content=\"El Mejor Jam\u00f3n\" \/>\n<meta property=\"article:publisher\" content=\"https:\/\/www.facebook.com\/elmejorjamonweb\" \/>\n<meta property=\"og:image\" content=\"https:\/\/elmejorjamon.es\/wp-content\/uploads\/2022\/10\/2298-thickbox_default-Navajas-de-las-rias-en-aceite-de-oliva-35-piezas-Mariscadora.jpg\" \/>\n\t<meta property=\"og:image:width\" content=\"1100\" \/>\n\t<meta property=\"og:image:height\" content=\"1422\" \/>\n\t<meta property=\"og:image:type\" content=\"image\/jpeg\" \/>\n<meta name=\"twitter:card\" content=\"summary_large_image\" \/>\n<meta name=\"twitter:site\" content=\"@elmejorjamonweb\" \/>\n<script type=\"application\/ld+json\" class=\"yoast-schema-graph\">{\"@context\":\"https:\/\/schema.org\",\"@graph\":[{\"@type\":\"WebPage\",\"@id\":\"https:\/\/elmejorjamon.es\/de\/producto\/mariscadora-schwertmuscheln-mit-olivenoel-35-stueck\/\",\"url\":\"https:\/\/elmejorjamon.es\/de\/producto\/mariscadora-schwertmuscheln-mit-olivenoel-35-stueck\/\",\"name\":\"Mariscadora Schwertmuscheln mit Oliven\u00f6l 3\/5 St\u00fcck - El Mejor Jam\u00f3n\",\"isPartOf\":{\"@id\":\"https:\/\/elmejorjamon.es\/#website\"},\"primaryImageOfPage\":{\"@id\":\"https:\/\/elmejorjamon.es\/de\/producto\/mariscadora-schwertmuscheln-mit-olivenoel-35-stueck\/#primaryimage\"},\"image\":{\"@id\":\"https:\/\/elmejorjamon.es\/de\/producto\/mariscadora-schwertmuscheln-mit-olivenoel-35-stueck\/#primaryimage\"},\"thumbnailUrl\":\"https:\/\/elmejorjamon.es\/wp-content\/uploads\/2022\/10\/2298-thickbox_default-Navajas-de-las-rias-en-aceite-de-oliva-35-piezas-Mariscadora.jpg\",\"datePublished\":\"2022-10-25T09:03:26+00:00\",\"breadcrumb\":{\"@id\":\"https:\/\/elmejorjamon.es\/de\/producto\/mariscadora-schwertmuscheln-mit-olivenoel-35-stueck\/#breadcrumb\"},\"inLanguage\":\"de\",\"potentialAction\":[{\"@type\":\"ReadAction\",\"target\":[\"https:\/\/elmejorjamon.es\/de\/producto\/mariscadora-schwertmuscheln-mit-olivenoel-35-stueck\/\"]}]},{\"@type\":\"ImageObject\",\"inLanguage\":\"de\",\"@id\":\"https:\/\/elmejorjamon.es\/de\/producto\/mariscadora-schwertmuscheln-mit-olivenoel-35-stueck\/#primaryimage\",\"url\":\"https:\/\/elmejorjamon.es\/wp-content\/uploads\/2022\/10\/2298-thickbox_default-Navajas-de-las-rias-en-aceite-de-oliva-35-piezas-Mariscadora.jpg\",\"contentUrl\":\"https:\/\/elmejorjamon.es\/wp-content\/uploads\/2022\/10\/2298-thickbox_default-Navajas-de-las-rias-en-aceite-de-oliva-35-piezas-Mariscadora.jpg\",\"width\":1100,\"height\":1422},{\"@type\":\"BreadcrumbList\",\"@id\":\"https:\/\/elmejorjamon.es\/de\/producto\/mariscadora-schwertmuscheln-mit-olivenoel-35-stueck\/#breadcrumb\",\"itemListElement\":[{\"@type\":\"ListItem\",\"position\":1,\"name\":\"Portada\",\"item\":\"https:\/\/elmejorjamon.es\/de\/\"},{\"@type\":\"ListItem\",\"position\":2,\"name\":\"Schnellstart\",\"item\":\"https:\/\/elmejorjamon.es\/de\/\"},{\"@type\":\"ListItem\",\"position\":3,\"name\":\"Mariscadora Schwertmuscheln mit Oliven\u00f6l 3\/5 St\u00fcck\"}]},{\"@type\":\"WebSite\",\"@id\":\"https:\/\/elmejorjamon.es\/#website\",\"url\":\"https:\/\/elmejorjamon.es\/\",\"name\":\"El Mejor Jam\u00f3n\",\"description\":\"Comprar jamones y embutidos a buen precio\",\"publisher\":{\"@id\":\"https:\/\/elmejorjamon.es\/#organization\"},\"potentialAction\":[{\"@type\":\"SearchAction\",\"target\":{\"@type\":\"EntryPoint\",\"urlTemplate\":\"https:\/\/elmejorjamon.es\/?s={search_term_string}\"},\"query-input\":{\"@type\":\"PropertyValueSpecification\",\"valueRequired\":true,\"valueName\":\"search_term_string\"}}],\"inLanguage\":\"de\"},{\"@type\":\"Organization\",\"@id\":\"https:\/\/elmejorjamon.es\/#organization\",\"name\":\"El Mejor Jam\u00f3n\",\"url\":\"https:\/\/elmejorjamon.es\/\",\"logo\":{\"@type\":\"ImageObject\",\"inLanguage\":\"de\",\"@id\":\"https:\/\/elmejorjamon.es\/#\/schema\/logo\/image\/\",\"url\":\"https:\/\/elmejorjamon.es\/wp-content\/uploads\/2025\/01\/logocorreos.png\",\"contentUrl\":\"https:\/\/elmejorjamon.es\/wp-content\/uploads\/2025\/01\/logocorreos.png\",\"width\":277,\"height\":200,\"caption\":\"El Mejor Jam\u00f3n\"},\"image\":{\"@id\":\"https:\/\/elmejorjamon.es\/#\/schema\/logo\/image\/\"},\"sameAs\":[\"https:\/\/www.facebook.com\/elmejorjamonweb\",\"https:\/\/x.com\/elmejorjamonweb\",\"https:\/\/www.instagram.com\/elmejorjamonweb\/\"]}]}<\/script>\n<!-- \/ Yoast SEO plugin. -->","yoast_head_json":{"title":"Mariscadora Schwertmuscheln mit Oliven\u00f6l 3\/5 St\u00fcck - El Mejor Jam\u00f3n","robots":{"index":"index","follow":"follow","max-snippet":"max-snippet:-1","max-image-preview":"max-image-preview:large","max-video-preview":"max-video-preview:-1"},"canonical":"https:\/\/elmejorjamon.es\/de\/producto\/mariscadora-schwertmuscheln-mit-olivenoel-35-stueck\/","og_locale":"de_DE","og_type":"article","og_title":"Mariscadora Schwertmuscheln mit Oliven\u00f6l 3\/5 St\u00fcck - El Mejor Jam\u00f3n","og_description":"Mariscadora Schwertmuscheln mit Oliven\u00f6l 3\/5 St\u00fcck","og_url":"https:\/\/elmejorjamon.es\/de\/producto\/mariscadora-schwertmuscheln-mit-olivenoel-35-stueck\/","og_site_name":"El Mejor Jam\u00f3n","article_publisher":"https:\/\/www.facebook.com\/elmejorjamonweb","og_image":[{"width":1100,"height":1422,"url":"https:\/\/elmejorjamon.es\/wp-content\/uploads\/2022\/10\/2298-thickbox_default-Navajas-de-las-rias-en-aceite-de-oliva-35-piezas-Mariscadora.jpg","type":"image\/jpeg"}],"twitter_card":"summary_large_image","twitter_site":"@elmejorjamonweb","schema":{"@context":"https:\/\/schema.org","@graph":[{"@type":"WebPage","@id":"https:\/\/elmejorjamon.es\/de\/producto\/mariscadora-schwertmuscheln-mit-olivenoel-35-stueck\/","url":"https:\/\/elmejorjamon.es\/de\/producto\/mariscadora-schwertmuscheln-mit-olivenoel-35-stueck\/","name":"Mariscadora Schwertmuscheln mit Oliven\u00f6l 3\/5 St\u00fcck - El Mejor Jam\u00f3n","isPartOf":{"@id":"https:\/\/elmejorjamon.es\/#website"},"primaryImageOfPage":{"@id":"https:\/\/elmejorjamon.es\/de\/producto\/mariscadora-schwertmuscheln-mit-olivenoel-35-stueck\/#primaryimage"},"image":{"@id":"https:\/\/elmejorjamon.es\/de\/producto\/mariscadora-schwertmuscheln-mit-olivenoel-35-stueck\/#primaryimage"},"thumbnailUrl":"https:\/\/elmejorjamon.es\/wp-content\/uploads\/2022\/10\/2298-thickbox_default-Navajas-de-las-rias-en-aceite-de-oliva-35-piezas-Mariscadora.jpg","datePublished":"2022-10-25T09:03:26+00:00","breadcrumb":{"@id":"https:\/\/elmejorjamon.es\/de\/producto\/mariscadora-schwertmuscheln-mit-olivenoel-35-stueck\/#breadcrumb"},"inLanguage":"de","potentialAction":[{"@type":"ReadAction","target":["https:\/\/elmejorjamon.es\/de\/producto\/mariscadora-schwertmuscheln-mit-olivenoel-35-stueck\/"]}]},{"@type":"ImageObject","inLanguage":"de","@id":"https:\/\/elmejorjamon.es\/de\/producto\/mariscadora-schwertmuscheln-mit-olivenoel-35-stueck\/#primaryimage","url":"https:\/\/elmejorjamon.es\/wp-content\/uploads\/2022\/10\/2298-thickbox_default-Navajas-de-las-rias-en-aceite-de-oliva-35-piezas-Mariscadora.jpg","contentUrl":"https:\/\/elmejorjamon.es\/wp-content\/uploads\/2022\/10\/2298-thickbox_default-Navajas-de-las-rias-en-aceite-de-oliva-35-piezas-Mariscadora.jpg","width":1100,"height":1422},{"@type":"BreadcrumbList","@id":"https:\/\/elmejorjamon.es\/de\/producto\/mariscadora-schwertmuscheln-mit-olivenoel-35-stueck\/#breadcrumb","itemListElement":[{"@type":"ListItem","position":1,"name":"Portada","item":"https:\/\/elmejorjamon.es\/de\/"},{"@type":"ListItem","position":2,"name":"Schnellstart","item":"https:\/\/elmejorjamon.es\/de\/"},{"@type":"ListItem","position":3,"name":"Mariscadora Schwertmuscheln mit Oliven\u00f6l 3\/5 St\u00fcck"}]},{"@type":"WebSite","@id":"https:\/\/elmejorjamon.es\/#website","url":"https:\/\/elmejorjamon.es\/","name":"El Mejor Jam\u00f3n","description":"Comprar jamones y embutidos a buen precio","publisher":{"@id":"https:\/\/elmejorjamon.es\/#organization"},"potentialAction":[{"@type":"SearchAction","target":{"@type":"EntryPoint","urlTemplate":"https:\/\/elmejorjamon.es\/?s={search_term_string}"},"query-input":{"@type":"PropertyValueSpecification","valueRequired":true,"valueName":"search_term_string"}}],"inLanguage":"de"},{"@type":"Organization","@id":"https:\/\/elmejorjamon.es\/#organization","name":"El Mejor Jam\u00f3n","url":"https:\/\/elmejorjamon.es\/","logo":{"@type":"ImageObject","inLanguage":"de","@id":"https:\/\/elmejorjamon.es\/#\/schema\/logo\/image\/","url":"https:\/\/elmejorjamon.es\/wp-content\/uploads\/2025\/01\/logocorreos.png","contentUrl":"https:\/\/elmejorjamon.es\/wp-content\/uploads\/2025\/01\/logocorreos.png","width":277,"height":200,"caption":"El Mejor Jam\u00f3n"},"image":{"@id":"https:\/\/elmejorjamon.es\/#\/schema\/logo\/image\/"},"sameAs":["https:\/\/www.facebook.com\/elmejorjamonweb","https:\/\/x.com\/elmejorjamonweb","https:\/\/www.instagram.com\/elmejorjamonweb\/"]}]}},"_links":{"self":[{"href":"https:\/\/elmejorjamon.es\/de\/wp-json\/wp\/v2\/product\/8530","targetHints":{"allow":["GET"]}}],"collection":[{"href":"https:\/\/elmejorjamon.es\/de\/wp-json\/wp\/v2\/product"}],"about":[{"href":"https:\/\/elmejorjamon.es\/de\/wp-json\/wp\/v2\/types\/product"}],"replies":[{"embeddable":true,"href":"https:\/\/elmejorjamon.es\/de\/wp-json\/wp\/v2\/comments?post=8530"}],"wp:featuredmedia":[{"embeddable":true,"href":"https:\/\/elmejorjamon.es\/de\/wp-json\/wp\/v2\/media\/8518"}],"wp:attachment":[{"href":"https:\/\/elmejorjamon.es\/de\/wp-json\/wp\/v2\/media?parent=8530"}],"wp:term":[{"taxonomy":"product_brand","embeddable":true,"href":"https:\/\/elmejorjamon.es\/de\/wp-json\/wp\/v2\/product_brand?post=8530"},{"taxonomy":"product_cat","embeddable":true,"href":"https:\/\/elmejorjamon.es\/de\/wp-json\/wp\/v2\/product_cat?post=8530"},{"taxonomy":"product_tag","embeddable":true,"href":"https:\/\/elmejorjamon.es\/de\/wp-json\/wp\/v2\/product_tag?post=8530"}],"curies":[{"name":"wp","href":"https:\/\/api.w.org\/{rel}","templated":true}]}}