{"id":8434,"date":"2022-10-18T13:54:26","date_gmt":"2022-10-18T11:54:26","guid":{"rendered":"https:\/\/nueva.elmejorjamon.es\/producto\/mariscadora-oktopus-in-olivenoel-ro-120\/"},"modified":"2025-10-25T18:04:49","modified_gmt":"2025-10-25T16:04:49","slug":"mariscadora-oktopus-in-pflanzenoel-ol-120","status":"publish","type":"product","link":"https:\/\/elmejorjamon.es\/de\/producto\/mariscadora-oktopus-in-pflanzenoel-ol-120\/","title":{"rendered":"Mariscadora Oktopus in Pflanzen\u00f6l OL-120"},"content":{"rendered":"<p>Mariscadora Oktopus in Pflanzen\u00f6l OL-120<\/p>\n<p>Zutaten: Oktopus (Weichtiere) und Soja\u00f6l.<\/p>\n<p>N\u00c4HRWERTANGABEN (100 g Abtropfgewicht)<\/p>\n<p>Brennwert 1105 kJ\/264 kcal<\/p>\n<p>Fett 18,3 g<\/p>\n<p>davon ges\u00e4ttigte Fetts\u00e4uren 1,9 g<\/p>\n<p>Kohlenhydrate 0,2 g<\/p>\n<p>davon Zucker &lt;0,05 g<\/p>\n<p>Eiwei\u00df 22,7 g<\/p>\n<p>Salz 1,86 g<\/p>\n","protected":false},"excerpt":{"rendered":"<p>Oktopus in Pflanzen\u00f6l OL-120 Mariscadora<\/p>\n","protected":false},"featured_media":19478,"comment_status":"open","ping_status":"closed","template":"","meta":{"_et_pb_use_builder":"","_et_pb_old_content":"","_et_gb_content_width":"","_sitemap_exclude":false,"_sitemap_priority":"","_sitemap_frequency":""},"product_brand":[],"product_cat":[48,42,252,24],"product_tag":[],"class_list":{"0":"post-8434","1":"product","2":"type-product","3":"status-publish","4":"has-post-thumbnail","6":"product_cat-alle-produkte","7":"product_cat-conservas-de","8":"product_cat-pulpo-de","9":"product_cat-startseite","10":"product_shipping_class-normal-de","11":"pa_opciones-1einheit-de","12":"pa_opciones-25einheitenbox-de","14":"first","15":"instock","16":"shipping-taxable","17":"purchasable","18":"product-type-variable","19":"has-default-attributes"},"yoast_head":"<!-- This site is optimized with the Yoast SEO plugin v27.2 - https:\/\/yoast.com\/product\/yoast-seo-wordpress\/ -->\n<title>Mariscadora Oktopus in Pflanzen\u00f6l OL-120 kaufen - El Mejor Jam\u00f3n<\/title>\n<meta name=\"description\" content=\"Authentische Oktopusschenkel mit spektakul\u00e4rem Geschmack. Servieren Sie sie zu Ihren Vorspeisen. Zutaten: Oktopus (Weichtiere) und Soja\u00f6l.\" \/>\n<meta name=\"robots\" content=\"index, follow, max-snippet:-1, max-image-preview:large, max-video-preview:-1\" \/>\n<link rel=\"canonical\" href=\"https:\/\/elmejorjamon.es\/de\/producto\/mariscadora-oktopus-in-pflanzenoel-ol-120\/\" \/>\n<meta property=\"og:locale\" content=\"de_DE\" \/>\n<meta property=\"og:type\" content=\"article\" \/>\n<meta property=\"og:title\" content=\"Mariscadora Oktopus in Pflanzen\u00f6l OL-120 kaufen - El Mejor Jam\u00f3n\" \/>\n<meta property=\"og:description\" content=\"Authentische Oktopusschenkel mit spektakul\u00e4rem Geschmack. Servieren Sie sie zu Ihren Vorspeisen. Zutaten: Oktopus (Weichtiere) und Soja\u00f6l.\" \/>\n<meta property=\"og:url\" content=\"https:\/\/elmejorjamon.es\/de\/producto\/mariscadora-oktopus-in-pflanzenoel-ol-120\/\" \/>\n<meta property=\"og:site_name\" content=\"El Mejor Jam\u00f3n\" \/>\n<meta property=\"article:publisher\" content=\"https:\/\/www.facebook.com\/elmejorjamonweb\" \/>\n<meta property=\"article:modified_time\" content=\"2025-10-25T16:04:49+00:00\" \/>\n<meta property=\"og:image\" content=\"https:\/\/elmejorjamon.es\/wp-content\/uploads\/2022\/10\/PULPOPATAS3-1.jpg\" \/>\n\t<meta property=\"og:image:width\" content=\"900\" \/>\n\t<meta property=\"og:image:height\" content=\"542\" \/>\n\t<meta property=\"og:image:type\" content=\"image\/jpeg\" \/>\n<meta name=\"twitter:card\" content=\"summary_large_image\" \/>\n<meta name=\"twitter:site\" content=\"@elmejorjamonweb\" \/>\n<meta name=\"twitter:label1\" content=\"Gesch\u00e4tzte Lesezeit\" \/>\n\t<meta name=\"twitter:data1\" content=\"1\u00a0Minute\" \/>\n<script type=\"application\/ld+json\" class=\"yoast-schema-graph\">{\"@context\":\"https:\/\/schema.org\",\"@graph\":[{\"@type\":\"WebPage\",\"@id\":\"https:\/\/elmejorjamon.es\/de\/producto\/mariscadora-oktopus-in-pflanzenoel-ol-120\/\",\"url\":\"https:\/\/elmejorjamon.es\/de\/producto\/mariscadora-oktopus-in-pflanzenoel-ol-120\/\",\"name\":\"Mariscadora Oktopus in Pflanzen\u00f6l OL-120 kaufen - El Mejor Jam\u00f3n\",\"isPartOf\":{\"@id\":\"https:\/\/elmejorjamon.es\/#website\"},\"primaryImageOfPage\":{\"@id\":\"https:\/\/elmejorjamon.es\/de\/producto\/mariscadora-oktopus-in-pflanzenoel-ol-120\/#primaryimage\"},\"image\":{\"@id\":\"https:\/\/elmejorjamon.es\/de\/producto\/mariscadora-oktopus-in-pflanzenoel-ol-120\/#primaryimage\"},\"thumbnailUrl\":\"https:\/\/elmejorjamon.es\/wp-content\/uploads\/2022\/10\/PULPOPATAS3-1.jpg\",\"datePublished\":\"2022-10-18T11:54:26+00:00\",\"dateModified\":\"2025-10-25T16:04:49+00:00\",\"description\":\"Authentische Oktopusschenkel mit spektakul\u00e4rem Geschmack. Servieren Sie sie zu Ihren Vorspeisen. Zutaten: Oktopus (Weichtiere) und Soja\u00f6l.\",\"breadcrumb\":{\"@id\":\"https:\/\/elmejorjamon.es\/de\/producto\/mariscadora-oktopus-in-pflanzenoel-ol-120\/#breadcrumb\"},\"inLanguage\":\"de\",\"potentialAction\":[{\"@type\":\"ReadAction\",\"target\":[\"https:\/\/elmejorjamon.es\/de\/producto\/mariscadora-oktopus-in-pflanzenoel-ol-120\/\"]}]},{\"@type\":\"ImageObject\",\"inLanguage\":\"de\",\"@id\":\"https:\/\/elmejorjamon.es\/de\/producto\/mariscadora-oktopus-in-pflanzenoel-ol-120\/#primaryimage\",\"url\":\"https:\/\/elmejorjamon.es\/wp-content\/uploads\/2022\/10\/PULPOPATAS3-1.jpg\",\"contentUrl\":\"https:\/\/elmejorjamon.es\/wp-content\/uploads\/2022\/10\/PULPOPATAS3-1.jpg\",\"width\":900,\"height\":542},{\"@type\":\"BreadcrumbList\",\"@id\":\"https:\/\/elmejorjamon.es\/de\/producto\/mariscadora-oktopus-in-pflanzenoel-ol-120\/#breadcrumb\",\"itemListElement\":[{\"@type\":\"ListItem\",\"position\":1,\"name\":\"Portada\",\"item\":\"https:\/\/elmejorjamon.es\/de\/\"},{\"@type\":\"ListItem\",\"position\":2,\"name\":\"Schnellstart\",\"item\":\"https:\/\/elmejorjamon.es\/de\/\"},{\"@type\":\"ListItem\",\"position\":3,\"name\":\"Mariscadora Oktopus in Pflanzen\u00f6l OL-120\"}]},{\"@type\":\"WebSite\",\"@id\":\"https:\/\/elmejorjamon.es\/#website\",\"url\":\"https:\/\/elmejorjamon.es\/\",\"name\":\"El Mejor Jam\u00f3n\",\"description\":\"Comprar jamones y embutidos a buen precio\",\"publisher\":{\"@id\":\"https:\/\/elmejorjamon.es\/#organization\"},\"potentialAction\":[{\"@type\":\"SearchAction\",\"target\":{\"@type\":\"EntryPoint\",\"urlTemplate\":\"https:\/\/elmejorjamon.es\/?s={search_term_string}\"},\"query-input\":{\"@type\":\"PropertyValueSpecification\",\"valueRequired\":true,\"valueName\":\"search_term_string\"}}],\"inLanguage\":\"de\"},{\"@type\":\"Organization\",\"@id\":\"https:\/\/elmejorjamon.es\/#organization\",\"name\":\"El Mejor Jam\u00f3n\",\"url\":\"https:\/\/elmejorjamon.es\/\",\"logo\":{\"@type\":\"ImageObject\",\"inLanguage\":\"de\",\"@id\":\"https:\/\/elmejorjamon.es\/#\/schema\/logo\/image\/\",\"url\":\"https:\/\/elmejorjamon.es\/wp-content\/uploads\/2025\/01\/logocorreos.png\",\"contentUrl\":\"https:\/\/elmejorjamon.es\/wp-content\/uploads\/2025\/01\/logocorreos.png\",\"width\":277,\"height\":200,\"caption\":\"El Mejor Jam\u00f3n\"},\"image\":{\"@id\":\"https:\/\/elmejorjamon.es\/#\/schema\/logo\/image\/\"},\"sameAs\":[\"https:\/\/www.facebook.com\/elmejorjamonweb\",\"https:\/\/x.com\/elmejorjamonweb\",\"https:\/\/www.instagram.com\/elmejorjamonweb\/\"]}]}<\/script>\n<!-- \/ Yoast SEO plugin. -->","yoast_head_json":{"title":"Mariscadora Oktopus in Pflanzen\u00f6l OL-120 kaufen - El Mejor Jam\u00f3n","description":"Authentische Oktopusschenkel mit spektakul\u00e4rem Geschmack. Servieren Sie sie zu Ihren Vorspeisen. Zutaten: Oktopus (Weichtiere) und Soja\u00f6l.","robots":{"index":"index","follow":"follow","max-snippet":"max-snippet:-1","max-image-preview":"max-image-preview:large","max-video-preview":"max-video-preview:-1"},"canonical":"https:\/\/elmejorjamon.es\/de\/producto\/mariscadora-oktopus-in-pflanzenoel-ol-120\/","og_locale":"de_DE","og_type":"article","og_title":"Mariscadora Oktopus in Pflanzen\u00f6l OL-120 kaufen - El Mejor Jam\u00f3n","og_description":"Authentische Oktopusschenkel mit spektakul\u00e4rem Geschmack. Servieren Sie sie zu Ihren Vorspeisen. Zutaten: Oktopus (Weichtiere) und Soja\u00f6l.","og_url":"https:\/\/elmejorjamon.es\/de\/producto\/mariscadora-oktopus-in-pflanzenoel-ol-120\/","og_site_name":"El Mejor Jam\u00f3n","article_publisher":"https:\/\/www.facebook.com\/elmejorjamonweb","article_modified_time":"2025-10-25T16:04:49+00:00","og_image":[{"width":900,"height":542,"url":"https:\/\/elmejorjamon.es\/wp-content\/uploads\/2022\/10\/PULPOPATAS3-1.jpg","type":"image\/jpeg"}],"twitter_card":"summary_large_image","twitter_site":"@elmejorjamonweb","twitter_misc":{"Gesch\u00e4tzte Lesezeit":"1\u00a0Minute"},"schema":{"@context":"https:\/\/schema.org","@graph":[{"@type":"WebPage","@id":"https:\/\/elmejorjamon.es\/de\/producto\/mariscadora-oktopus-in-pflanzenoel-ol-120\/","url":"https:\/\/elmejorjamon.es\/de\/producto\/mariscadora-oktopus-in-pflanzenoel-ol-120\/","name":"Mariscadora Oktopus in Pflanzen\u00f6l OL-120 kaufen - El Mejor Jam\u00f3n","isPartOf":{"@id":"https:\/\/elmejorjamon.es\/#website"},"primaryImageOfPage":{"@id":"https:\/\/elmejorjamon.es\/de\/producto\/mariscadora-oktopus-in-pflanzenoel-ol-120\/#primaryimage"},"image":{"@id":"https:\/\/elmejorjamon.es\/de\/producto\/mariscadora-oktopus-in-pflanzenoel-ol-120\/#primaryimage"},"thumbnailUrl":"https:\/\/elmejorjamon.es\/wp-content\/uploads\/2022\/10\/PULPOPATAS3-1.jpg","datePublished":"2022-10-18T11:54:26+00:00","dateModified":"2025-10-25T16:04:49+00:00","description":"Authentische Oktopusschenkel mit spektakul\u00e4rem Geschmack. Servieren Sie sie zu Ihren Vorspeisen. Zutaten: Oktopus (Weichtiere) und Soja\u00f6l.","breadcrumb":{"@id":"https:\/\/elmejorjamon.es\/de\/producto\/mariscadora-oktopus-in-pflanzenoel-ol-120\/#breadcrumb"},"inLanguage":"de","potentialAction":[{"@type":"ReadAction","target":["https:\/\/elmejorjamon.es\/de\/producto\/mariscadora-oktopus-in-pflanzenoel-ol-120\/"]}]},{"@type":"ImageObject","inLanguage":"de","@id":"https:\/\/elmejorjamon.es\/de\/producto\/mariscadora-oktopus-in-pflanzenoel-ol-120\/#primaryimage","url":"https:\/\/elmejorjamon.es\/wp-content\/uploads\/2022\/10\/PULPOPATAS3-1.jpg","contentUrl":"https:\/\/elmejorjamon.es\/wp-content\/uploads\/2022\/10\/PULPOPATAS3-1.jpg","width":900,"height":542},{"@type":"BreadcrumbList","@id":"https:\/\/elmejorjamon.es\/de\/producto\/mariscadora-oktopus-in-pflanzenoel-ol-120\/#breadcrumb","itemListElement":[{"@type":"ListItem","position":1,"name":"Portada","item":"https:\/\/elmejorjamon.es\/de\/"},{"@type":"ListItem","position":2,"name":"Schnellstart","item":"https:\/\/elmejorjamon.es\/de\/"},{"@type":"ListItem","position":3,"name":"Mariscadora Oktopus in Pflanzen\u00f6l OL-120"}]},{"@type":"WebSite","@id":"https:\/\/elmejorjamon.es\/#website","url":"https:\/\/elmejorjamon.es\/","name":"El Mejor Jam\u00f3n","description":"Comprar jamones y embutidos a buen precio","publisher":{"@id":"https:\/\/elmejorjamon.es\/#organization"},"potentialAction":[{"@type":"SearchAction","target":{"@type":"EntryPoint","urlTemplate":"https:\/\/elmejorjamon.es\/?s={search_term_string}"},"query-input":{"@type":"PropertyValueSpecification","valueRequired":true,"valueName":"search_term_string"}}],"inLanguage":"de"},{"@type":"Organization","@id":"https:\/\/elmejorjamon.es\/#organization","name":"El Mejor Jam\u00f3n","url":"https:\/\/elmejorjamon.es\/","logo":{"@type":"ImageObject","inLanguage":"de","@id":"https:\/\/elmejorjamon.es\/#\/schema\/logo\/image\/","url":"https:\/\/elmejorjamon.es\/wp-content\/uploads\/2025\/01\/logocorreos.png","contentUrl":"https:\/\/elmejorjamon.es\/wp-content\/uploads\/2025\/01\/logocorreos.png","width":277,"height":200,"caption":"El Mejor Jam\u00f3n"},"image":{"@id":"https:\/\/elmejorjamon.es\/#\/schema\/logo\/image\/"},"sameAs":["https:\/\/www.facebook.com\/elmejorjamonweb","https:\/\/x.com\/elmejorjamonweb","https:\/\/www.instagram.com\/elmejorjamonweb\/"]}]}},"_links":{"self":[{"href":"https:\/\/elmejorjamon.es\/de\/wp-json\/wp\/v2\/product\/8434","targetHints":{"allow":["GET"]}}],"collection":[{"href":"https:\/\/elmejorjamon.es\/de\/wp-json\/wp\/v2\/product"}],"about":[{"href":"https:\/\/elmejorjamon.es\/de\/wp-json\/wp\/v2\/types\/product"}],"replies":[{"embeddable":true,"href":"https:\/\/elmejorjamon.es\/de\/wp-json\/wp\/v2\/comments?post=8434"}],"wp:featuredmedia":[{"embeddable":true,"href":"https:\/\/elmejorjamon.es\/de\/wp-json\/wp\/v2\/media\/19478"}],"wp:attachment":[{"href":"https:\/\/elmejorjamon.es\/de\/wp-json\/wp\/v2\/media?parent=8434"}],"wp:term":[{"taxonomy":"product_brand","embeddable":true,"href":"https:\/\/elmejorjamon.es\/de\/wp-json\/wp\/v2\/product_brand?post=8434"},{"taxonomy":"product_cat","embeddable":true,"href":"https:\/\/elmejorjamon.es\/de\/wp-json\/wp\/v2\/product_cat?post=8434"},{"taxonomy":"product_tag","embeddable":true,"href":"https:\/\/elmejorjamon.es\/de\/wp-json\/wp\/v2\/product_tag?post=8434"}],"curies":[{"name":"wp","href":"https:\/\/api.w.org\/{rel}","templated":true}]}}