{"id":6400,"date":"2021-03-12T09:32:46","date_gmt":"2021-03-12T08:32:46","guid":{"rendered":"https:\/\/nueva.elmejorjamon.es\/producto\/seebrassenfilets-in-olivenoel-t-200-la-castrena\/"},"modified":"2021-03-12T09:32:46","modified_gmt":"2021-03-12T08:32:46","slug":"seebrassenfilets-in-olivenoel-t-200-la-castrena","status":"publish","type":"product","link":"https:\/\/elmejorjamon.es\/de\/producto\/seebrassenfilets-in-olivenoel-t-200-la-castrena\/","title":{"rendered":"Seebrassenfilets in Oliven\u00f6l T-200 La castre\u00f1a"},"content":{"rendered":"<p>ZUTATEN<\/p>\n<\/p>\n<p>Seebrasse (Sparus aurata) (FISH), Oliven\u00f6l, Salz.<\/p>\n<\/p>\n<p>Nettogewicht: 200 g. Ablassgewicht: 130 g.<\/p>\n<\/p>\n<p>Konserven. Nach dem \u00d6ffnen kalt halten und innerhalb von 3 Tagen verbrauchen.<\/p>\n<\/p>\n<p>ERN\u00c4HRUNGSINFORMATIONEN (Durchschnittswert pro 100 g abgelassenem Gewicht<\/p>\n<\/p>\n<p>GESAMTPRODUKT-N\u00c4HRSTOFF<\/p>\n<p>Energiewert 880 KJ \/ 211 Kcal<\/p>\n<p>Fett 13,8 g<\/p>\n<p>davon ges\u00e4ttigte 2,3 g<\/p>\n<p>Kohlenhydrate 0,0 g<\/p>\n<p>davon Zucker 0,0 g<\/p>\n<p>Proteine \u200b\u200b21,7 g<\/p>\n<p>Salz 1,2 g<\/p>\n","protected":false},"excerpt":{"rendered":"<p>Seebrassenfilets in Oliven\u00f6l T-200 La castre\u00f1a<\/p>\n","protected":false},"featured_media":6394,"comment_status":"open","ping_status":"closed","template":"","meta":{"_et_pb_use_builder":"","_et_pb_old_content":"","_et_gb_content_width":"","_sitemap_exclude":false,"_sitemap_priority":"","_sitemap_frequency":""},"product_brand":[],"product_cat":[48,905,222,42,24],"product_tag":[],"class_list":{"0":"post-6400","1":"product","2":"type-product","3":"status-publish","4":"has-post-thumbnail","6":"product_cat-alle-produkte","7":"product_cat-angebote","8":"product_cat-gourmet-de","9":"product_cat-conservas-de","10":"product_cat-startseite","11":"product_shipping_class-normal-de","13":"first","14":"outofstock","15":"sale","16":"shipping-taxable","17":"purchasable","18":"product-type-simple"},"yoast_head":"<!-- This site is optimized with the Yoast SEO plugin v27.2 - https:\/\/yoast.com\/product\/yoast-seo-wordpress\/ -->\n<title>Seebrassenfilets in Oliven\u00f6l T-200 La castre\u00f1a - El Mejor Jam\u00f3n<\/title>\n<meta name=\"robots\" content=\"index, follow, max-snippet:-1, max-image-preview:large, max-video-preview:-1\" \/>\n<link rel=\"canonical\" href=\"https:\/\/elmejorjamon.es\/de\/producto\/seebrassenfilets-in-olivenoel-t-200-la-castrena\/\" \/>\n<meta property=\"og:locale\" content=\"de_DE\" \/>\n<meta property=\"og:type\" content=\"article\" \/>\n<meta property=\"og:title\" content=\"Seebrassenfilets in Oliven\u00f6l T-200 La castre\u00f1a - El Mejor Jam\u00f3n\" \/>\n<meta property=\"og:description\" content=\"Seebrassenfilets in Oliven\u00f6l T-200 La castre\u00f1a\" \/>\n<meta property=\"og:url\" content=\"https:\/\/elmejorjamon.es\/de\/producto\/seebrassenfilets-in-olivenoel-t-200-la-castrena\/\" \/>\n<meta property=\"og:site_name\" content=\"El Mejor Jam\u00f3n\" \/>\n<meta property=\"article:publisher\" content=\"https:\/\/www.facebook.com\/elmejorjamonweb\" \/>\n<meta property=\"og:image\" content=\"https:\/\/elmejorjamon.es\/wp-content\/uploads\/2021\/03\/1882-thickbox_default-Lomos-de-dorada-en-aceite-de-oliva-T-200-La-castrena.jpg\" \/>\n\t<meta property=\"og:image:width\" content=\"1100\" \/>\n\t<meta property=\"og:image:height\" content=\"1422\" \/>\n\t<meta property=\"og:image:type\" content=\"image\/jpeg\" \/>\n<meta name=\"twitter:card\" content=\"summary_large_image\" \/>\n<meta name=\"twitter:site\" content=\"@elmejorjamonweb\" \/>\n<script type=\"application\/ld+json\" class=\"yoast-schema-graph\">{\"@context\":\"https:\/\/schema.org\",\"@graph\":[{\"@type\":\"WebPage\",\"@id\":\"https:\/\/elmejorjamon.es\/de\/producto\/seebrassenfilets-in-olivenoel-t-200-la-castrena\/\",\"url\":\"https:\/\/elmejorjamon.es\/de\/producto\/seebrassenfilets-in-olivenoel-t-200-la-castrena\/\",\"name\":\"Seebrassenfilets in Oliven\u00f6l T-200 La castre\u00f1a - El Mejor Jam\u00f3n\",\"isPartOf\":{\"@id\":\"https:\/\/elmejorjamon.es\/#website\"},\"primaryImageOfPage\":{\"@id\":\"https:\/\/elmejorjamon.es\/de\/producto\/seebrassenfilets-in-olivenoel-t-200-la-castrena\/#primaryimage\"},\"image\":{\"@id\":\"https:\/\/elmejorjamon.es\/de\/producto\/seebrassenfilets-in-olivenoel-t-200-la-castrena\/#primaryimage\"},\"thumbnailUrl\":\"https:\/\/elmejorjamon.es\/wp-content\/uploads\/2021\/03\/1882-thickbox_default-Lomos-de-dorada-en-aceite-de-oliva-T-200-La-castrena.jpg\",\"datePublished\":\"2021-03-12T08:32:46+00:00\",\"breadcrumb\":{\"@id\":\"https:\/\/elmejorjamon.es\/de\/producto\/seebrassenfilets-in-olivenoel-t-200-la-castrena\/#breadcrumb\"},\"inLanguage\":\"de\",\"potentialAction\":[{\"@type\":\"ReadAction\",\"target\":[\"https:\/\/elmejorjamon.es\/de\/producto\/seebrassenfilets-in-olivenoel-t-200-la-castrena\/\"]}]},{\"@type\":\"ImageObject\",\"inLanguage\":\"de\",\"@id\":\"https:\/\/elmejorjamon.es\/de\/producto\/seebrassenfilets-in-olivenoel-t-200-la-castrena\/#primaryimage\",\"url\":\"https:\/\/elmejorjamon.es\/wp-content\/uploads\/2021\/03\/1882-thickbox_default-Lomos-de-dorada-en-aceite-de-oliva-T-200-La-castrena.jpg\",\"contentUrl\":\"https:\/\/elmejorjamon.es\/wp-content\/uploads\/2021\/03\/1882-thickbox_default-Lomos-de-dorada-en-aceite-de-oliva-T-200-La-castrena.jpg\",\"width\":1100,\"height\":1422},{\"@type\":\"BreadcrumbList\",\"@id\":\"https:\/\/elmejorjamon.es\/de\/producto\/seebrassenfilets-in-olivenoel-t-200-la-castrena\/#breadcrumb\",\"itemListElement\":[{\"@type\":\"ListItem\",\"position\":1,\"name\":\"Portada\",\"item\":\"https:\/\/elmejorjamon.es\/de\/\"},{\"@type\":\"ListItem\",\"position\":2,\"name\":\"Schnellstart\",\"item\":\"https:\/\/elmejorjamon.es\/de\/\"},{\"@type\":\"ListItem\",\"position\":3,\"name\":\"Seebrassenfilets in Oliven\u00f6l T-200 La castre\u00f1a\"}]},{\"@type\":\"WebSite\",\"@id\":\"https:\/\/elmejorjamon.es\/#website\",\"url\":\"https:\/\/elmejorjamon.es\/\",\"name\":\"El Mejor Jam\u00f3n\",\"description\":\"Comprar jamones y embutidos a buen precio\",\"publisher\":{\"@id\":\"https:\/\/elmejorjamon.es\/#organization\"},\"potentialAction\":[{\"@type\":\"SearchAction\",\"target\":{\"@type\":\"EntryPoint\",\"urlTemplate\":\"https:\/\/elmejorjamon.es\/?s={search_term_string}\"},\"query-input\":{\"@type\":\"PropertyValueSpecification\",\"valueRequired\":true,\"valueName\":\"search_term_string\"}}],\"inLanguage\":\"de\"},{\"@type\":\"Organization\",\"@id\":\"https:\/\/elmejorjamon.es\/#organization\",\"name\":\"El Mejor Jam\u00f3n\",\"url\":\"https:\/\/elmejorjamon.es\/\",\"logo\":{\"@type\":\"ImageObject\",\"inLanguage\":\"de\",\"@id\":\"https:\/\/elmejorjamon.es\/#\/schema\/logo\/image\/\",\"url\":\"https:\/\/elmejorjamon.es\/wp-content\/uploads\/2025\/01\/logocorreos.png\",\"contentUrl\":\"https:\/\/elmejorjamon.es\/wp-content\/uploads\/2025\/01\/logocorreos.png\",\"width\":277,\"height\":200,\"caption\":\"El Mejor Jam\u00f3n\"},\"image\":{\"@id\":\"https:\/\/elmejorjamon.es\/#\/schema\/logo\/image\/\"},\"sameAs\":[\"https:\/\/www.facebook.com\/elmejorjamonweb\",\"https:\/\/x.com\/elmejorjamonweb\",\"https:\/\/www.instagram.com\/elmejorjamonweb\/\"]}]}<\/script>\n<!-- \/ Yoast SEO plugin. -->","yoast_head_json":{"title":"Seebrassenfilets in Oliven\u00f6l T-200 La castre\u00f1a - El Mejor Jam\u00f3n","robots":{"index":"index","follow":"follow","max-snippet":"max-snippet:-1","max-image-preview":"max-image-preview:large","max-video-preview":"max-video-preview:-1"},"canonical":"https:\/\/elmejorjamon.es\/de\/producto\/seebrassenfilets-in-olivenoel-t-200-la-castrena\/","og_locale":"de_DE","og_type":"article","og_title":"Seebrassenfilets in Oliven\u00f6l T-200 La castre\u00f1a - El Mejor Jam\u00f3n","og_description":"Seebrassenfilets in Oliven\u00f6l T-200 La castre\u00f1a","og_url":"https:\/\/elmejorjamon.es\/de\/producto\/seebrassenfilets-in-olivenoel-t-200-la-castrena\/","og_site_name":"El Mejor Jam\u00f3n","article_publisher":"https:\/\/www.facebook.com\/elmejorjamonweb","og_image":[{"width":1100,"height":1422,"url":"https:\/\/elmejorjamon.es\/wp-content\/uploads\/2021\/03\/1882-thickbox_default-Lomos-de-dorada-en-aceite-de-oliva-T-200-La-castrena.jpg","type":"image\/jpeg"}],"twitter_card":"summary_large_image","twitter_site":"@elmejorjamonweb","schema":{"@context":"https:\/\/schema.org","@graph":[{"@type":"WebPage","@id":"https:\/\/elmejorjamon.es\/de\/producto\/seebrassenfilets-in-olivenoel-t-200-la-castrena\/","url":"https:\/\/elmejorjamon.es\/de\/producto\/seebrassenfilets-in-olivenoel-t-200-la-castrena\/","name":"Seebrassenfilets in Oliven\u00f6l T-200 La castre\u00f1a - El Mejor Jam\u00f3n","isPartOf":{"@id":"https:\/\/elmejorjamon.es\/#website"},"primaryImageOfPage":{"@id":"https:\/\/elmejorjamon.es\/de\/producto\/seebrassenfilets-in-olivenoel-t-200-la-castrena\/#primaryimage"},"image":{"@id":"https:\/\/elmejorjamon.es\/de\/producto\/seebrassenfilets-in-olivenoel-t-200-la-castrena\/#primaryimage"},"thumbnailUrl":"https:\/\/elmejorjamon.es\/wp-content\/uploads\/2021\/03\/1882-thickbox_default-Lomos-de-dorada-en-aceite-de-oliva-T-200-La-castrena.jpg","datePublished":"2021-03-12T08:32:46+00:00","breadcrumb":{"@id":"https:\/\/elmejorjamon.es\/de\/producto\/seebrassenfilets-in-olivenoel-t-200-la-castrena\/#breadcrumb"},"inLanguage":"de","potentialAction":[{"@type":"ReadAction","target":["https:\/\/elmejorjamon.es\/de\/producto\/seebrassenfilets-in-olivenoel-t-200-la-castrena\/"]}]},{"@type":"ImageObject","inLanguage":"de","@id":"https:\/\/elmejorjamon.es\/de\/producto\/seebrassenfilets-in-olivenoel-t-200-la-castrena\/#primaryimage","url":"https:\/\/elmejorjamon.es\/wp-content\/uploads\/2021\/03\/1882-thickbox_default-Lomos-de-dorada-en-aceite-de-oliva-T-200-La-castrena.jpg","contentUrl":"https:\/\/elmejorjamon.es\/wp-content\/uploads\/2021\/03\/1882-thickbox_default-Lomos-de-dorada-en-aceite-de-oliva-T-200-La-castrena.jpg","width":1100,"height":1422},{"@type":"BreadcrumbList","@id":"https:\/\/elmejorjamon.es\/de\/producto\/seebrassenfilets-in-olivenoel-t-200-la-castrena\/#breadcrumb","itemListElement":[{"@type":"ListItem","position":1,"name":"Portada","item":"https:\/\/elmejorjamon.es\/de\/"},{"@type":"ListItem","position":2,"name":"Schnellstart","item":"https:\/\/elmejorjamon.es\/de\/"},{"@type":"ListItem","position":3,"name":"Seebrassenfilets in Oliven\u00f6l T-200 La castre\u00f1a"}]},{"@type":"WebSite","@id":"https:\/\/elmejorjamon.es\/#website","url":"https:\/\/elmejorjamon.es\/","name":"El Mejor Jam\u00f3n","description":"Comprar jamones y embutidos a buen precio","publisher":{"@id":"https:\/\/elmejorjamon.es\/#organization"},"potentialAction":[{"@type":"SearchAction","target":{"@type":"EntryPoint","urlTemplate":"https:\/\/elmejorjamon.es\/?s={search_term_string}"},"query-input":{"@type":"PropertyValueSpecification","valueRequired":true,"valueName":"search_term_string"}}],"inLanguage":"de"},{"@type":"Organization","@id":"https:\/\/elmejorjamon.es\/#organization","name":"El Mejor Jam\u00f3n","url":"https:\/\/elmejorjamon.es\/","logo":{"@type":"ImageObject","inLanguage":"de","@id":"https:\/\/elmejorjamon.es\/#\/schema\/logo\/image\/","url":"https:\/\/elmejorjamon.es\/wp-content\/uploads\/2025\/01\/logocorreos.png","contentUrl":"https:\/\/elmejorjamon.es\/wp-content\/uploads\/2025\/01\/logocorreos.png","width":277,"height":200,"caption":"El Mejor Jam\u00f3n"},"image":{"@id":"https:\/\/elmejorjamon.es\/#\/schema\/logo\/image\/"},"sameAs":["https:\/\/www.facebook.com\/elmejorjamonweb","https:\/\/x.com\/elmejorjamonweb","https:\/\/www.instagram.com\/elmejorjamonweb\/"]}]}},"_links":{"self":[{"href":"https:\/\/elmejorjamon.es\/de\/wp-json\/wp\/v2\/product\/6400","targetHints":{"allow":["GET"]}}],"collection":[{"href":"https:\/\/elmejorjamon.es\/de\/wp-json\/wp\/v2\/product"}],"about":[{"href":"https:\/\/elmejorjamon.es\/de\/wp-json\/wp\/v2\/types\/product"}],"replies":[{"embeddable":true,"href":"https:\/\/elmejorjamon.es\/de\/wp-json\/wp\/v2\/comments?post=6400"}],"wp:featuredmedia":[{"embeddable":true,"href":"https:\/\/elmejorjamon.es\/de\/wp-json\/wp\/v2\/media\/6394"}],"wp:attachment":[{"href":"https:\/\/elmejorjamon.es\/de\/wp-json\/wp\/v2\/media?parent=6400"}],"wp:term":[{"taxonomy":"product_brand","embeddable":true,"href":"https:\/\/elmejorjamon.es\/de\/wp-json\/wp\/v2\/product_brand?post=6400"},{"taxonomy":"product_cat","embeddable":true,"href":"https:\/\/elmejorjamon.es\/de\/wp-json\/wp\/v2\/product_cat?post=6400"},{"taxonomy":"product_tag","embeddable":true,"href":"https:\/\/elmejorjamon.es\/de\/wp-json\/wp\/v2\/product_tag?post=6400"}],"curies":[{"name":"wp","href":"https:\/\/api.w.org\/{rel}","templated":true}]}}