{"id":5905,"date":"2020-02-11T11:58:32","date_gmt":"2020-02-11T10:58:32","guid":{"rendered":"https:\/\/nueva.elmejorjamon.es\/producto\/eresma-iberischer-schinkenkoeder\/"},"modified":"2025-09-23T14:36:56","modified_gmt":"2025-09-23T12:36:56","slug":"eresma-iberischer-schinkenkoeder","status":"publish","type":"product","link":"https:\/\/elmejorjamon.es\/de\/producto\/eresma-iberischer-schinkenkoeder\/","title":{"rendered":"Eresma Iberischer Schinkenk\u00f6der"},"content":{"rendered":"<p>Bester iberischer K\u00f6derschinken von Segovia 2018<\/p>\n<p>Iberischer K\u00f6derschinken (50% iberische Rasse) mit einer Mindestheilzeit von 24 Monaten. Dieses St\u00fcck zeichnet sich durch sein ausgewogenes Aroma, sein k\u00f6stliches verwobenes Fett und die Regelm\u00e4\u00dfigkeit der St\u00fccke von iberischen Schweinen aus eigener Zucht aus. Es wurde 2018 und 2017 als bester iberischer Cebo-Schinken aus Segovia ausgezeichnet.<\/p>\n<p>Es hat den Stempel Tierra de Sabor<\/p>\n<p>Produkt zertifiziert von Calicer: PI 0245\/05<\/p>\n<p>Ungef\u00e4hres Gewicht: 7-8 kg<\/p>\n<p>Glutenfreies Produkt<\/p>\n<p>Laktosefreies Produkt<\/p>\n<p>Heilung: 24 bis 30 Monate<\/p>\n<p>Haltbarkeit: 18 Monate unter perfekten Lagerbedingungen<\/p>\n<p>N\u00e4hrwerte pro 100 g<\/p>\n<p>Energie 1277 kJ \/ 307 kcal<br \/>\nFett 20,2 g<br \/>\nDavon ges\u00e4ttigte Fetts\u00e4uren 7,42 g<br \/>\nKohlenhydrate 1,16 g<br \/>\nDavon Zucker 0,1 g<br \/>\nEiwei\u00df 30 g<br \/>\nSalz 4,81 g<\/p>\n<p>Zutaten: Iberischer Cebo-Schinken, Salz, Zucker, Konservierungsstoffe (E252, E250), S\u00e4ureregulator E331 (iii), Antioxidationsmittel E301.<\/p>\n<p>Verwendungs- und Aufbewahrungsempfehlung: Trocken und gut bel\u00fcftet bei einer maximalen Temperatur von 18\u201320 \u00b0C lagern. F\u00fcr ein optimales Aroma und einen vollen Geschmack bei Temperaturen \u00fcber 15 \u00b0C verzehren.<\/p>\n","protected":false},"excerpt":{"rendered":"<p>Eresma Iberischer Schinkenk\u00f6der<\/p>\n","protected":false},"featured_media":5854,"comment_status":"open","ping_status":"closed","template":"","meta":{"_et_pb_use_builder":"","_et_pb_old_content":"","_et_gb_content_width":"","_sitemap_exclude":false,"_sitemap_priority":"","_sitemap_frequency":""},"product_brand":[],"product_cat":[48,108,24],"product_tag":[],"class_list":{"0":"post-5905","1":"product","2":"type-product","3":"status-publish","4":"has-post-thumbnail","6":"product_cat-alle-produkte","7":"product_cat-iberischer-schinken","8":"product_cat-startseite","9":"product_shipping_class-normal-de","10":"pa_opciones-gesamtesstuck-de","11":"pa_opciones-4c-mitdemmessergeschnittenun-de","12":"pa_opciones-9c-ohneknochenundvakuumverpa-de","13":"pa_peso-7_5_8kg-de","14":"pa_peso-8_5kgca-de","15":"pa_peso-9_9_5kg-de","17":"first","18":"instock","19":"shipping-taxable","20":"purchasable","21":"product-type-variable","22":"has-default-attributes"},"yoast_head":"<!-- This site is optimized with the Yoast SEO plugin v27.4 - https:\/\/yoast.com\/product\/yoast-seo-wordpress\/ -->\n<title>Eresma Iberischer Schinkenk\u00f6der - El Mejor Jam\u00f3n<\/title>\n<meta name=\"robots\" content=\"index, follow, max-snippet:-1, max-image-preview:large, max-video-preview:-1\" \/>\n<link rel=\"canonical\" href=\"https:\/\/elmejorjamon.es\/de\/producto\/eresma-iberischer-schinkenkoeder\/\" \/>\n<meta property=\"og:locale\" content=\"de_DE\" \/>\n<meta property=\"og:type\" content=\"article\" \/>\n<meta property=\"og:title\" content=\"Eresma Iberischer Schinkenk\u00f6der - El Mejor Jam\u00f3n\" \/>\n<meta property=\"og:description\" content=\"Eresma Iberischer Schinkenk\u00f6der\" \/>\n<meta property=\"og:url\" content=\"https:\/\/elmejorjamon.es\/de\/producto\/eresma-iberischer-schinkenkoeder\/\" \/>\n<meta property=\"og:site_name\" content=\"El Mejor Jam\u00f3n\" \/>\n<meta property=\"article:publisher\" content=\"https:\/\/www.facebook.com\/elmejorjamonweb\" \/>\n<meta property=\"article:modified_time\" content=\"2025-09-23T12:36:56+00:00\" \/>\n<meta property=\"og:image\" content=\"https:\/\/elmejorjamon.es\/wp-content\/uploads\/2020\/02\/2209-thickbox_default-Jamon-de-cebo-50berico-Eresma.jpg\" \/>\n\t<meta property=\"og:image:width\" content=\"1100\" \/>\n\t<meta property=\"og:image:height\" content=\"1422\" \/>\n\t<meta property=\"og:image:type\" content=\"image\/jpeg\" \/>\n<meta name=\"twitter:card\" content=\"summary_large_image\" \/>\n<meta name=\"twitter:site\" content=\"@elmejorjamonweb\" \/>\n<meta name=\"twitter:label1\" content=\"Gesch\u00e4tzte Lesezeit\" \/>\n\t<meta name=\"twitter:data1\" content=\"1\u00a0Minute\" \/>\n<script type=\"application\/ld+json\" class=\"yoast-schema-graph\">{\"@context\":\"https:\\\/\\\/schema.org\",\"@graph\":[{\"@type\":\"WebPage\",\"@id\":\"https:\\\/\\\/elmejorjamon.es\\\/de\\\/producto\\\/eresma-iberischer-schinkenkoeder\\\/\",\"url\":\"https:\\\/\\\/elmejorjamon.es\\\/de\\\/producto\\\/eresma-iberischer-schinkenkoeder\\\/\",\"name\":\"Eresma Iberischer Schinkenk\u00f6der - El Mejor Jam\u00f3n\",\"isPartOf\":{\"@id\":\"https:\\\/\\\/elmejorjamon.es\\\/#website\"},\"primaryImageOfPage\":{\"@id\":\"https:\\\/\\\/elmejorjamon.es\\\/de\\\/producto\\\/eresma-iberischer-schinkenkoeder\\\/#primaryimage\"},\"image\":{\"@id\":\"https:\\\/\\\/elmejorjamon.es\\\/de\\\/producto\\\/eresma-iberischer-schinkenkoeder\\\/#primaryimage\"},\"thumbnailUrl\":\"https:\\\/\\\/elmejorjamon.es\\\/wp-content\\\/uploads\\\/2020\\\/02\\\/2209-thickbox_default-Jamon-de-cebo-50berico-Eresma.jpg\",\"datePublished\":\"2020-02-11T10:58:32+00:00\",\"dateModified\":\"2025-09-23T12:36:56+00:00\",\"breadcrumb\":{\"@id\":\"https:\\\/\\\/elmejorjamon.es\\\/de\\\/producto\\\/eresma-iberischer-schinkenkoeder\\\/#breadcrumb\"},\"inLanguage\":\"de\",\"potentialAction\":[{\"@type\":\"ReadAction\",\"target\":[\"https:\\\/\\\/elmejorjamon.es\\\/de\\\/producto\\\/eresma-iberischer-schinkenkoeder\\\/\"]}]},{\"@type\":\"ImageObject\",\"inLanguage\":\"de\",\"@id\":\"https:\\\/\\\/elmejorjamon.es\\\/de\\\/producto\\\/eresma-iberischer-schinkenkoeder\\\/#primaryimage\",\"url\":\"https:\\\/\\\/elmejorjamon.es\\\/wp-content\\\/uploads\\\/2020\\\/02\\\/2209-thickbox_default-Jamon-de-cebo-50berico-Eresma.jpg\",\"contentUrl\":\"https:\\\/\\\/elmejorjamon.es\\\/wp-content\\\/uploads\\\/2020\\\/02\\\/2209-thickbox_default-Jamon-de-cebo-50berico-Eresma.jpg\",\"width\":1100,\"height\":1422},{\"@type\":\"BreadcrumbList\",\"@id\":\"https:\\\/\\\/elmejorjamon.es\\\/de\\\/producto\\\/eresma-iberischer-schinkenkoeder\\\/#breadcrumb\",\"itemListElement\":[{\"@type\":\"ListItem\",\"position\":1,\"name\":\"Portada\",\"item\":\"https:\\\/\\\/elmejorjamon.es\\\/de\\\/\"},{\"@type\":\"ListItem\",\"position\":2,\"name\":\"Schnellstart\",\"item\":\"https:\\\/\\\/elmejorjamon.es\\\/de\\\/\"},{\"@type\":\"ListItem\",\"position\":3,\"name\":\"Eresma Iberischer Schinkenk\u00f6der\"}]},{\"@type\":\"WebSite\",\"@id\":\"https:\\\/\\\/elmejorjamon.es\\\/#website\",\"url\":\"https:\\\/\\\/elmejorjamon.es\\\/\",\"name\":\"El Mejor Jam\u00f3n\",\"description\":\"Comprar jamones y embutidos a buen precio\",\"publisher\":{\"@id\":\"https:\\\/\\\/elmejorjamon.es\\\/#organization\"},\"potentialAction\":[{\"@type\":\"SearchAction\",\"target\":{\"@type\":\"EntryPoint\",\"urlTemplate\":\"https:\\\/\\\/elmejorjamon.es\\\/?s={search_term_string}\"},\"query-input\":{\"@type\":\"PropertyValueSpecification\",\"valueRequired\":true,\"valueName\":\"search_term_string\"}}],\"inLanguage\":\"de\"},{\"@type\":\"Organization\",\"@id\":\"https:\\\/\\\/elmejorjamon.es\\\/#organization\",\"name\":\"El Mejor Jam\u00f3n\",\"url\":\"https:\\\/\\\/elmejorjamon.es\\\/\",\"logo\":{\"@type\":\"ImageObject\",\"inLanguage\":\"de\",\"@id\":\"https:\\\/\\\/elmejorjamon.es\\\/#\\\/schema\\\/logo\\\/image\\\/\",\"url\":\"https:\\\/\\\/elmejorjamon.es\\\/wp-content\\\/uploads\\\/2025\\\/01\\\/logocorreos.png\",\"contentUrl\":\"https:\\\/\\\/elmejorjamon.es\\\/wp-content\\\/uploads\\\/2025\\\/01\\\/logocorreos.png\",\"width\":277,\"height\":200,\"caption\":\"El Mejor Jam\u00f3n\"},\"image\":{\"@id\":\"https:\\\/\\\/elmejorjamon.es\\\/#\\\/schema\\\/logo\\\/image\\\/\"},\"sameAs\":[\"https:\\\/\\\/www.facebook.com\\\/elmejorjamonweb\",\"https:\\\/\\\/x.com\\\/elmejorjamonweb\",\"https:\\\/\\\/www.instagram.com\\\/elmejorjamonweb\\\/\"]}]}<\/script>\n<!-- \/ Yoast SEO plugin. -->","yoast_head_json":{"title":"Eresma Iberischer Schinkenk\u00f6der - El Mejor Jam\u00f3n","robots":{"index":"index","follow":"follow","max-snippet":"max-snippet:-1","max-image-preview":"max-image-preview:large","max-video-preview":"max-video-preview:-1"},"canonical":"https:\/\/elmejorjamon.es\/de\/producto\/eresma-iberischer-schinkenkoeder\/","og_locale":"de_DE","og_type":"article","og_title":"Eresma Iberischer Schinkenk\u00f6der - El Mejor Jam\u00f3n","og_description":"Eresma Iberischer Schinkenk\u00f6der","og_url":"https:\/\/elmejorjamon.es\/de\/producto\/eresma-iberischer-schinkenkoeder\/","og_site_name":"El Mejor Jam\u00f3n","article_publisher":"https:\/\/www.facebook.com\/elmejorjamonweb","article_modified_time":"2025-09-23T12:36:56+00:00","og_image":[{"width":1100,"height":1422,"url":"https:\/\/elmejorjamon.es\/wp-content\/uploads\/2020\/02\/2209-thickbox_default-Jamon-de-cebo-50berico-Eresma.jpg","type":"image\/jpeg"}],"twitter_card":"summary_large_image","twitter_site":"@elmejorjamonweb","twitter_misc":{"Gesch\u00e4tzte Lesezeit":"1\u00a0Minute"},"schema":{"@context":"https:\/\/schema.org","@graph":[{"@type":"WebPage","@id":"https:\/\/elmejorjamon.es\/de\/producto\/eresma-iberischer-schinkenkoeder\/","url":"https:\/\/elmejorjamon.es\/de\/producto\/eresma-iberischer-schinkenkoeder\/","name":"Eresma Iberischer Schinkenk\u00f6der - El Mejor Jam\u00f3n","isPartOf":{"@id":"https:\/\/elmejorjamon.es\/#website"},"primaryImageOfPage":{"@id":"https:\/\/elmejorjamon.es\/de\/producto\/eresma-iberischer-schinkenkoeder\/#primaryimage"},"image":{"@id":"https:\/\/elmejorjamon.es\/de\/producto\/eresma-iberischer-schinkenkoeder\/#primaryimage"},"thumbnailUrl":"https:\/\/elmejorjamon.es\/wp-content\/uploads\/2020\/02\/2209-thickbox_default-Jamon-de-cebo-50berico-Eresma.jpg","datePublished":"2020-02-11T10:58:32+00:00","dateModified":"2025-09-23T12:36:56+00:00","breadcrumb":{"@id":"https:\/\/elmejorjamon.es\/de\/producto\/eresma-iberischer-schinkenkoeder\/#breadcrumb"},"inLanguage":"de","potentialAction":[{"@type":"ReadAction","target":["https:\/\/elmejorjamon.es\/de\/producto\/eresma-iberischer-schinkenkoeder\/"]}]},{"@type":"ImageObject","inLanguage":"de","@id":"https:\/\/elmejorjamon.es\/de\/producto\/eresma-iberischer-schinkenkoeder\/#primaryimage","url":"https:\/\/elmejorjamon.es\/wp-content\/uploads\/2020\/02\/2209-thickbox_default-Jamon-de-cebo-50berico-Eresma.jpg","contentUrl":"https:\/\/elmejorjamon.es\/wp-content\/uploads\/2020\/02\/2209-thickbox_default-Jamon-de-cebo-50berico-Eresma.jpg","width":1100,"height":1422},{"@type":"BreadcrumbList","@id":"https:\/\/elmejorjamon.es\/de\/producto\/eresma-iberischer-schinkenkoeder\/#breadcrumb","itemListElement":[{"@type":"ListItem","position":1,"name":"Portada","item":"https:\/\/elmejorjamon.es\/de\/"},{"@type":"ListItem","position":2,"name":"Schnellstart","item":"https:\/\/elmejorjamon.es\/de\/"},{"@type":"ListItem","position":3,"name":"Eresma Iberischer Schinkenk\u00f6der"}]},{"@type":"WebSite","@id":"https:\/\/elmejorjamon.es\/#website","url":"https:\/\/elmejorjamon.es\/","name":"El Mejor Jam\u00f3n","description":"Comprar jamones y embutidos a buen precio","publisher":{"@id":"https:\/\/elmejorjamon.es\/#organization"},"potentialAction":[{"@type":"SearchAction","target":{"@type":"EntryPoint","urlTemplate":"https:\/\/elmejorjamon.es\/?s={search_term_string}"},"query-input":{"@type":"PropertyValueSpecification","valueRequired":true,"valueName":"search_term_string"}}],"inLanguage":"de"},{"@type":"Organization","@id":"https:\/\/elmejorjamon.es\/#organization","name":"El Mejor Jam\u00f3n","url":"https:\/\/elmejorjamon.es\/","logo":{"@type":"ImageObject","inLanguage":"de","@id":"https:\/\/elmejorjamon.es\/#\/schema\/logo\/image\/","url":"https:\/\/elmejorjamon.es\/wp-content\/uploads\/2025\/01\/logocorreos.png","contentUrl":"https:\/\/elmejorjamon.es\/wp-content\/uploads\/2025\/01\/logocorreos.png","width":277,"height":200,"caption":"El Mejor Jam\u00f3n"},"image":{"@id":"https:\/\/elmejorjamon.es\/#\/schema\/logo\/image\/"},"sameAs":["https:\/\/www.facebook.com\/elmejorjamonweb","https:\/\/x.com\/elmejorjamonweb","https:\/\/www.instagram.com\/elmejorjamonweb\/"]}]}},"_links":{"self":[{"href":"https:\/\/elmejorjamon.es\/de\/wp-json\/wp\/v2\/product\/5905","targetHints":{"allow":["GET"]}}],"collection":[{"href":"https:\/\/elmejorjamon.es\/de\/wp-json\/wp\/v2\/product"}],"about":[{"href":"https:\/\/elmejorjamon.es\/de\/wp-json\/wp\/v2\/types\/product"}],"replies":[{"embeddable":true,"href":"https:\/\/elmejorjamon.es\/de\/wp-json\/wp\/v2\/comments?post=5905"}],"wp:featuredmedia":[{"embeddable":true,"href":"https:\/\/elmejorjamon.es\/de\/wp-json\/wp\/v2\/media\/5854"}],"wp:attachment":[{"href":"https:\/\/elmejorjamon.es\/de\/wp-json\/wp\/v2\/media?parent=5905"}],"wp:term":[{"taxonomy":"product_brand","embeddable":true,"href":"https:\/\/elmejorjamon.es\/de\/wp-json\/wp\/v2\/product_brand?post=5905"},{"taxonomy":"product_cat","embeddable":true,"href":"https:\/\/elmejorjamon.es\/de\/wp-json\/wp\/v2\/product_cat?post=5905"},{"taxonomy":"product_tag","embeddable":true,"href":"https:\/\/elmejorjamon.es\/de\/wp-json\/wp\/v2\/product_tag?post=5905"}],"curies":[{"name":"wp","href":"https:\/\/api.w.org\/{rel}","templated":true}]}}