{"id":550,"date":"2007-11-29T20:38:41","date_gmt":"2007-11-29T19:38:41","guid":{"rendered":"https:\/\/nueva.elmejorjamon.es\/producto\/mojama-zuerst-thunfisch-06-07-kg\/"},"modified":"2007-11-29T20:38:41","modified_gmt":"2007-11-29T19:38:41","slug":"mojama-zuerst-thunfisch-06-07-kg","status":"publish","type":"product","link":"https:\/\/elmejorjamon.es\/de\/producto\/mojama-zuerst-thunfisch-06-07-kg\/","title":{"rendered":"Mojama zuerst Thunfisch"},"content":{"rendered":"<p>Die Thunfischsauce stammt aus dem salzigen und trockenen Gelbflossenthunfisch, der ihm dank einer Auswahl an Exemplaren einen unverwechselbaren Geschmack verleiht. Gelbflossenthun Loins enthalten eine gro\u00dfe Menge an Protein und Energie, sowie Vitamin D, Omega 3 und Selen, die ihm einzigartige Eigenschaften verleihen, die f\u00fcr unsere Gesundheit sehr vorteilhaft sind. Zutaten: Yelowfin Thunfischfilets und nat\u00fcrliches Meersalz. REICHES PRODUKT IN PROTEINEN, 100% nat\u00fcrliches Produkt.<\/p>\n","protected":false},"excerpt":{"rendered":"<p>Mojama zuerst Thunfisch<\/p>\n","protected":false},"featured_media":532,"comment_status":"open","ping_status":"closed","template":"","meta":{"_et_pb_use_builder":"","_et_pb_old_content":"","_et_gb_content_width":"","_sitemap_exclude":false,"_sitemap_priority":"","_sitemap_frequency":""},"product_brand":[],"product_cat":[48,66,24],"product_tag":[],"class_list":{"0":"post-550","1":"product","2":"type-product","3":"status-publish","4":"has-post-thumbnail","6":"product_cat-alle-produkte","7":"product_cat-salazones-de","8":"product_cat-startseite","9":"product_shipping_class-normal-de","10":"pa_peso-1kg-de","11":"pa_peso-500g-de","13":"first","14":"instock","15":"shipping-taxable","16":"purchasable","17":"product-type-variable","18":"has-default-attributes"},"yoast_head":"<!-- This site is optimized with the Yoast SEO plugin v27.4 - https:\/\/yoast.com\/product\/yoast-seo-wordpress\/ -->\n<title>Mojama zuerst Thunfisch - El Mejor Jam\u00f3n<\/title>\n<meta name=\"robots\" content=\"index, follow, max-snippet:-1, max-image-preview:large, max-video-preview:-1\" \/>\n<link rel=\"canonical\" href=\"https:\/\/elmejorjamon.es\/de\/producto\/mojama-zuerst-thunfisch-06-07-kg\/\" \/>\n<meta property=\"og:locale\" content=\"de_DE\" \/>\n<meta property=\"og:type\" content=\"article\" \/>\n<meta property=\"og:title\" content=\"Mojama zuerst Thunfisch - El Mejor Jam\u00f3n\" \/>\n<meta property=\"og:description\" content=\"Mojama zuerst Thunfisch\" \/>\n<meta property=\"og:url\" content=\"https:\/\/elmejorjamon.es\/de\/producto\/mojama-zuerst-thunfisch-06-07-kg\/\" \/>\n<meta property=\"og:site_name\" content=\"El Mejor Jam\u00f3n\" \/>\n<meta property=\"article:publisher\" content=\"https:\/\/www.facebook.com\/elmejorjamonweb\" \/>\n<meta property=\"og:image\" content=\"https:\/\/elmejorjamon.es\/wp-content\/uploads\/2007\/11\/1748-thickbox_default-Solomilo-de-mojama-de-atun.jpg\" \/>\n\t<meta property=\"og:image:width\" content=\"1100\" \/>\n\t<meta property=\"og:image:height\" content=\"1422\" \/>\n\t<meta property=\"og:image:type\" content=\"image\/jpeg\" \/>\n<meta name=\"twitter:card\" content=\"summary_large_image\" \/>\n<meta name=\"twitter:site\" content=\"@elmejorjamonweb\" \/>\n<script type=\"application\/ld+json\" class=\"yoast-schema-graph\">{\"@context\":\"https:\\\/\\\/schema.org\",\"@graph\":[{\"@type\":\"WebPage\",\"@id\":\"https:\\\/\\\/elmejorjamon.es\\\/de\\\/producto\\\/mojama-zuerst-thunfisch-06-07-kg\\\/\",\"url\":\"https:\\\/\\\/elmejorjamon.es\\\/de\\\/producto\\\/mojama-zuerst-thunfisch-06-07-kg\\\/\",\"name\":\"Mojama zuerst Thunfisch - El Mejor Jam\u00f3n\",\"isPartOf\":{\"@id\":\"https:\\\/\\\/elmejorjamon.es\\\/#website\"},\"primaryImageOfPage\":{\"@id\":\"https:\\\/\\\/elmejorjamon.es\\\/de\\\/producto\\\/mojama-zuerst-thunfisch-06-07-kg\\\/#primaryimage\"},\"image\":{\"@id\":\"https:\\\/\\\/elmejorjamon.es\\\/de\\\/producto\\\/mojama-zuerst-thunfisch-06-07-kg\\\/#primaryimage\"},\"thumbnailUrl\":\"https:\\\/\\\/elmejorjamon.es\\\/wp-content\\\/uploads\\\/2007\\\/11\\\/1748-thickbox_default-Solomilo-de-mojama-de-atun.jpg\",\"datePublished\":\"2007-11-29T19:38:41+00:00\",\"breadcrumb\":{\"@id\":\"https:\\\/\\\/elmejorjamon.es\\\/de\\\/producto\\\/mojama-zuerst-thunfisch-06-07-kg\\\/#breadcrumb\"},\"inLanguage\":\"de\",\"potentialAction\":[{\"@type\":\"ReadAction\",\"target\":[\"https:\\\/\\\/elmejorjamon.es\\\/de\\\/producto\\\/mojama-zuerst-thunfisch-06-07-kg\\\/\"]}]},{\"@type\":\"ImageObject\",\"inLanguage\":\"de\",\"@id\":\"https:\\\/\\\/elmejorjamon.es\\\/de\\\/producto\\\/mojama-zuerst-thunfisch-06-07-kg\\\/#primaryimage\",\"url\":\"https:\\\/\\\/elmejorjamon.es\\\/wp-content\\\/uploads\\\/2007\\\/11\\\/1748-thickbox_default-Solomilo-de-mojama-de-atun.jpg\",\"contentUrl\":\"https:\\\/\\\/elmejorjamon.es\\\/wp-content\\\/uploads\\\/2007\\\/11\\\/1748-thickbox_default-Solomilo-de-mojama-de-atun.jpg\",\"width\":1100,\"height\":1422},{\"@type\":\"BreadcrumbList\",\"@id\":\"https:\\\/\\\/elmejorjamon.es\\\/de\\\/producto\\\/mojama-zuerst-thunfisch-06-07-kg\\\/#breadcrumb\",\"itemListElement\":[{\"@type\":\"ListItem\",\"position\":1,\"name\":\"Portada\",\"item\":\"https:\\\/\\\/elmejorjamon.es\\\/de\\\/\"},{\"@type\":\"ListItem\",\"position\":2,\"name\":\"Schnellstart\",\"item\":\"https:\\\/\\\/elmejorjamon.es\\\/de\\\/\"},{\"@type\":\"ListItem\",\"position\":3,\"name\":\"Mojama zuerst Thunfisch\"}]},{\"@type\":\"WebSite\",\"@id\":\"https:\\\/\\\/elmejorjamon.es\\\/#website\",\"url\":\"https:\\\/\\\/elmejorjamon.es\\\/\",\"name\":\"El Mejor Jam\u00f3n\",\"description\":\"Comprar jamones y embutidos a buen precio\",\"publisher\":{\"@id\":\"https:\\\/\\\/elmejorjamon.es\\\/#organization\"},\"potentialAction\":[{\"@type\":\"SearchAction\",\"target\":{\"@type\":\"EntryPoint\",\"urlTemplate\":\"https:\\\/\\\/elmejorjamon.es\\\/?s={search_term_string}\"},\"query-input\":{\"@type\":\"PropertyValueSpecification\",\"valueRequired\":true,\"valueName\":\"search_term_string\"}}],\"inLanguage\":\"de\"},{\"@type\":\"Organization\",\"@id\":\"https:\\\/\\\/elmejorjamon.es\\\/#organization\",\"name\":\"El Mejor Jam\u00f3n\",\"url\":\"https:\\\/\\\/elmejorjamon.es\\\/\",\"logo\":{\"@type\":\"ImageObject\",\"inLanguage\":\"de\",\"@id\":\"https:\\\/\\\/elmejorjamon.es\\\/#\\\/schema\\\/logo\\\/image\\\/\",\"url\":\"https:\\\/\\\/elmejorjamon.es\\\/wp-content\\\/uploads\\\/2025\\\/01\\\/logocorreos.png\",\"contentUrl\":\"https:\\\/\\\/elmejorjamon.es\\\/wp-content\\\/uploads\\\/2025\\\/01\\\/logocorreos.png\",\"width\":277,\"height\":200,\"caption\":\"El Mejor Jam\u00f3n\"},\"image\":{\"@id\":\"https:\\\/\\\/elmejorjamon.es\\\/#\\\/schema\\\/logo\\\/image\\\/\"},\"sameAs\":[\"https:\\\/\\\/www.facebook.com\\\/elmejorjamonweb\",\"https:\\\/\\\/x.com\\\/elmejorjamonweb\",\"https:\\\/\\\/www.instagram.com\\\/elmejorjamonweb\\\/\"]}]}<\/script>\n<!-- \/ Yoast SEO plugin. -->","yoast_head_json":{"title":"Mojama zuerst Thunfisch - El Mejor Jam\u00f3n","robots":{"index":"index","follow":"follow","max-snippet":"max-snippet:-1","max-image-preview":"max-image-preview:large","max-video-preview":"max-video-preview:-1"},"canonical":"https:\/\/elmejorjamon.es\/de\/producto\/mojama-zuerst-thunfisch-06-07-kg\/","og_locale":"de_DE","og_type":"article","og_title":"Mojama zuerst Thunfisch - El Mejor Jam\u00f3n","og_description":"Mojama zuerst Thunfisch","og_url":"https:\/\/elmejorjamon.es\/de\/producto\/mojama-zuerst-thunfisch-06-07-kg\/","og_site_name":"El Mejor Jam\u00f3n","article_publisher":"https:\/\/www.facebook.com\/elmejorjamonweb","og_image":[{"width":1100,"height":1422,"url":"https:\/\/elmejorjamon.es\/wp-content\/uploads\/2007\/11\/1748-thickbox_default-Solomilo-de-mojama-de-atun.jpg","type":"image\/jpeg"}],"twitter_card":"summary_large_image","twitter_site":"@elmejorjamonweb","schema":{"@context":"https:\/\/schema.org","@graph":[{"@type":"WebPage","@id":"https:\/\/elmejorjamon.es\/de\/producto\/mojama-zuerst-thunfisch-06-07-kg\/","url":"https:\/\/elmejorjamon.es\/de\/producto\/mojama-zuerst-thunfisch-06-07-kg\/","name":"Mojama zuerst Thunfisch - El Mejor Jam\u00f3n","isPartOf":{"@id":"https:\/\/elmejorjamon.es\/#website"},"primaryImageOfPage":{"@id":"https:\/\/elmejorjamon.es\/de\/producto\/mojama-zuerst-thunfisch-06-07-kg\/#primaryimage"},"image":{"@id":"https:\/\/elmejorjamon.es\/de\/producto\/mojama-zuerst-thunfisch-06-07-kg\/#primaryimage"},"thumbnailUrl":"https:\/\/elmejorjamon.es\/wp-content\/uploads\/2007\/11\/1748-thickbox_default-Solomilo-de-mojama-de-atun.jpg","datePublished":"2007-11-29T19:38:41+00:00","breadcrumb":{"@id":"https:\/\/elmejorjamon.es\/de\/producto\/mojama-zuerst-thunfisch-06-07-kg\/#breadcrumb"},"inLanguage":"de","potentialAction":[{"@type":"ReadAction","target":["https:\/\/elmejorjamon.es\/de\/producto\/mojama-zuerst-thunfisch-06-07-kg\/"]}]},{"@type":"ImageObject","inLanguage":"de","@id":"https:\/\/elmejorjamon.es\/de\/producto\/mojama-zuerst-thunfisch-06-07-kg\/#primaryimage","url":"https:\/\/elmejorjamon.es\/wp-content\/uploads\/2007\/11\/1748-thickbox_default-Solomilo-de-mojama-de-atun.jpg","contentUrl":"https:\/\/elmejorjamon.es\/wp-content\/uploads\/2007\/11\/1748-thickbox_default-Solomilo-de-mojama-de-atun.jpg","width":1100,"height":1422},{"@type":"BreadcrumbList","@id":"https:\/\/elmejorjamon.es\/de\/producto\/mojama-zuerst-thunfisch-06-07-kg\/#breadcrumb","itemListElement":[{"@type":"ListItem","position":1,"name":"Portada","item":"https:\/\/elmejorjamon.es\/de\/"},{"@type":"ListItem","position":2,"name":"Schnellstart","item":"https:\/\/elmejorjamon.es\/de\/"},{"@type":"ListItem","position":3,"name":"Mojama zuerst Thunfisch"}]},{"@type":"WebSite","@id":"https:\/\/elmejorjamon.es\/#website","url":"https:\/\/elmejorjamon.es\/","name":"El Mejor Jam\u00f3n","description":"Comprar jamones y embutidos a buen precio","publisher":{"@id":"https:\/\/elmejorjamon.es\/#organization"},"potentialAction":[{"@type":"SearchAction","target":{"@type":"EntryPoint","urlTemplate":"https:\/\/elmejorjamon.es\/?s={search_term_string}"},"query-input":{"@type":"PropertyValueSpecification","valueRequired":true,"valueName":"search_term_string"}}],"inLanguage":"de"},{"@type":"Organization","@id":"https:\/\/elmejorjamon.es\/#organization","name":"El Mejor Jam\u00f3n","url":"https:\/\/elmejorjamon.es\/","logo":{"@type":"ImageObject","inLanguage":"de","@id":"https:\/\/elmejorjamon.es\/#\/schema\/logo\/image\/","url":"https:\/\/elmejorjamon.es\/wp-content\/uploads\/2025\/01\/logocorreos.png","contentUrl":"https:\/\/elmejorjamon.es\/wp-content\/uploads\/2025\/01\/logocorreos.png","width":277,"height":200,"caption":"El Mejor Jam\u00f3n"},"image":{"@id":"https:\/\/elmejorjamon.es\/#\/schema\/logo\/image\/"},"sameAs":["https:\/\/www.facebook.com\/elmejorjamonweb","https:\/\/x.com\/elmejorjamonweb","https:\/\/www.instagram.com\/elmejorjamonweb\/"]}]}},"_links":{"self":[{"href":"https:\/\/elmejorjamon.es\/de\/wp-json\/wp\/v2\/product\/550","targetHints":{"allow":["GET"]}}],"collection":[{"href":"https:\/\/elmejorjamon.es\/de\/wp-json\/wp\/v2\/product"}],"about":[{"href":"https:\/\/elmejorjamon.es\/de\/wp-json\/wp\/v2\/types\/product"}],"replies":[{"embeddable":true,"href":"https:\/\/elmejorjamon.es\/de\/wp-json\/wp\/v2\/comments?post=550"}],"wp:featuredmedia":[{"embeddable":true,"href":"https:\/\/elmejorjamon.es\/de\/wp-json\/wp\/v2\/media\/532"}],"wp:attachment":[{"href":"https:\/\/elmejorjamon.es\/de\/wp-json\/wp\/v2\/media?parent=550"}],"wp:term":[{"taxonomy":"product_brand","embeddable":true,"href":"https:\/\/elmejorjamon.es\/de\/wp-json\/wp\/v2\/product_brand?post=550"},{"taxonomy":"product_cat","embeddable":true,"href":"https:\/\/elmejorjamon.es\/de\/wp-json\/wp\/v2\/product_cat?post=550"},{"taxonomy":"product_tag","embeddable":true,"href":"https:\/\/elmejorjamon.es\/de\/wp-json\/wp\/v2\/product_tag?post=550"}],"curies":[{"name":"wp","href":"https:\/\/api.w.org\/{rel}","templated":true}]}}