{"id":5098,"date":"2025-11-20T13:04:58","date_gmt":"2025-11-20T12:04:58","guid":{"rendered":"https:\/\/nueva.elmejorjamon.es\/?post_type=product&#038;p=5098"},"modified":"2026-01-15T09:02:06","modified_gmt":"2026-01-15T08:02:06","slug":"iberischer-chorizo-monteparra-ueber-100-g","status":"publish","type":"product","link":"https:\/\/elmejorjamon.es\/de\/producto\/iberischer-chorizo-monteparra-ueber-100-g\/","title":{"rendered":"Monteparra Iberische Chorizo, 100-g-Packung."},"content":{"rendered":"<p>Monteparra Iberische Chorizo, 100-g-Packung.<\/p>\n<p>ZUTATEN: Schweinefleisch und -fett, Salz, Paprika, Dextrin, Dextrose, Fleischeiwei\u00df (Schwein), Gew\u00fcrze, Emulgatoren (E-450i, E-450iii, E-451i, E-452i, E-452ii), Zucker, Antioxidationsmittel (E-301, E-325, E-331iii), Konservierungsstoffe (E-252, E-250) und nat\u00fcrliches Aroma.<\/p>\n<p>LAGERUNG: K\u00fchl und trocken lagern.<\/p>\n<p>ALLERGENE: Enth\u00e4lt keine Allergene gem\u00e4\u00df Anhang II der Verordnung (EU) Nr. 1169\/2011.<\/p>\n<p>N\u00c4HRWERTANGABEN Durchschnittswerte pro 100 g Produkt<\/p>\n<p>Brennstoff: 2016 kJ \/ 486 kcal<\/p>\n<p>Fett: 40,6 g<\/p>\n<p>Davon ges\u00e4ttigte Fetts\u00e4uren: 16,6 g<\/p>\n<p>Kohlenhydrate: 1,8 g<\/p>\n<p>Davon Zucker: &lt;0,5 g<\/p>\n<p>Eiwei\u00df: 28,4 g<\/p>\n<p>Salz: 4,1 g<\/p>\n","protected":false},"excerpt":{"rendered":"<p>Monteparra Iberische Chorizo, 100-g-Packung.<\/p>\n","protected":false},"featured_media":21143,"comment_status":"open","ping_status":"closed","template":"","meta":{"_et_pb_use_builder":"","_et_pb_old_content":"","_et_gb_content_width":"","_sitemap_exclude":false,"_sitemap_priority":"","_sitemap_frequency":""},"product_brand":[],"product_cat":[48,905,30,24],"product_tag":[],"class_list":{"0":"post-5098","1":"product","2":"type-product","3":"status-publish","4":"has-post-thumbnail","6":"product_cat-alle-produkte","7":"product_cat-angebote","8":"product_cat-embutidos-ibericos-de","9":"product_cat-startseite","10":"product_shipping_class-normal-de","12":"first","13":"outofstock","14":"sale","15":"shipping-taxable","16":"purchasable","17":"product-type-simple"},"yoast_head":"<!-- This site is optimized with the Yoast SEO plugin v27.4 - https:\/\/yoast.com\/product\/yoast-seo-wordpress\/ -->\n<title>Monteparra Iberische Chorizo, 100-g-Packung. kaufen - El Mejor Jam\u00f3n<\/title>\n<meta name=\"description\" content=\"ZUTATEN: Schweinefleisch und -fett, Salz, Paprika, Dextrin, Dextrose, Fleischeiwei\u00df (Schwein), Gew\u00fcrze, Emulgatoren (E-450i, E-450iii, E-451i, E-452i,\" \/>\n<meta name=\"robots\" content=\"index, follow, max-snippet:-1, max-image-preview:large, max-video-preview:-1\" \/>\n<link rel=\"canonical\" href=\"https:\/\/elmejorjamon.es\/de\/producto\/iberischer-chorizo-monteparra-ueber-100-g\/\" \/>\n<meta property=\"og:locale\" content=\"de_DE\" \/>\n<meta property=\"og:type\" content=\"article\" \/>\n<meta property=\"og:title\" content=\"Monteparra Iberische Chorizo, 100-g-Packung. kaufen - El Mejor Jam\u00f3n\" \/>\n<meta property=\"og:description\" content=\"ZUTATEN: Schweinefleisch und -fett, Salz, Paprika, Dextrin, Dextrose, Fleischeiwei\u00df (Schwein), Gew\u00fcrze, Emulgatoren (E-450i, E-450iii, E-451i, E-452i,\" \/>\n<meta property=\"og:url\" content=\"https:\/\/elmejorjamon.es\/de\/producto\/iberischer-chorizo-monteparra-ueber-100-g\/\" \/>\n<meta property=\"og:site_name\" content=\"El Mejor Jam\u00f3n\" \/>\n<meta property=\"article:publisher\" content=\"https:\/\/www.facebook.com\/elmejorjamonweb\" \/>\n<meta property=\"article:modified_time\" content=\"2026-01-15T08:02:06+00:00\" \/>\n<meta property=\"og:image\" content=\"https:\/\/elmejorjamon.es\/wp-content\/uploads\/2025\/02\/CHORIZOSOBREMONT.jpg\" \/>\n\t<meta property=\"og:image:width\" content=\"463\" \/>\n\t<meta property=\"og:image:height\" content=\"800\" \/>\n\t<meta property=\"og:image:type\" content=\"image\/jpeg\" \/>\n<meta name=\"twitter:card\" content=\"summary_large_image\" \/>\n<meta name=\"twitter:site\" content=\"@elmejorjamonweb\" \/>\n<meta name=\"twitter:label1\" content=\"Gesch\u00e4tzte Lesezeit\" \/>\n\t<meta name=\"twitter:data1\" content=\"1\u00a0Minute\" \/>\n<script type=\"application\/ld+json\" class=\"yoast-schema-graph\">{\"@context\":\"https:\\\/\\\/schema.org\",\"@graph\":[{\"@type\":\"WebPage\",\"@id\":\"https:\\\/\\\/elmejorjamon.es\\\/de\\\/producto\\\/iberischer-chorizo-monteparra-ueber-100-g\\\/\",\"url\":\"https:\\\/\\\/elmejorjamon.es\\\/de\\\/producto\\\/iberischer-chorizo-monteparra-ueber-100-g\\\/\",\"name\":\"Monteparra Iberische Chorizo, 100-g-Packung. kaufen - El Mejor Jam\u00f3n\",\"isPartOf\":{\"@id\":\"https:\\\/\\\/elmejorjamon.es\\\/#website\"},\"primaryImageOfPage\":{\"@id\":\"https:\\\/\\\/elmejorjamon.es\\\/de\\\/producto\\\/iberischer-chorizo-monteparra-ueber-100-g\\\/#primaryimage\"},\"image\":{\"@id\":\"https:\\\/\\\/elmejorjamon.es\\\/de\\\/producto\\\/iberischer-chorizo-monteparra-ueber-100-g\\\/#primaryimage\"},\"thumbnailUrl\":\"https:\\\/\\\/elmejorjamon.es\\\/wp-content\\\/uploads\\\/2025\\\/02\\\/CHORIZOSOBREMONT.jpg\",\"datePublished\":\"2025-11-20T12:04:58+00:00\",\"dateModified\":\"2026-01-15T08:02:06+00:00\",\"description\":\"ZUTATEN: Schweinefleisch und -fett, Salz, Paprika, Dextrin, Dextrose, Fleischeiwei\u00df (Schwein), Gew\u00fcrze, Emulgatoren (E-450i, E-450iii, E-451i, E-452i,\",\"breadcrumb\":{\"@id\":\"https:\\\/\\\/elmejorjamon.es\\\/de\\\/producto\\\/iberischer-chorizo-monteparra-ueber-100-g\\\/#breadcrumb\"},\"inLanguage\":\"de\",\"potentialAction\":[{\"@type\":\"ReadAction\",\"target\":[\"https:\\\/\\\/elmejorjamon.es\\\/de\\\/producto\\\/iberischer-chorizo-monteparra-ueber-100-g\\\/\"]}]},{\"@type\":\"ImageObject\",\"inLanguage\":\"de\",\"@id\":\"https:\\\/\\\/elmejorjamon.es\\\/de\\\/producto\\\/iberischer-chorizo-monteparra-ueber-100-g\\\/#primaryimage\",\"url\":\"https:\\\/\\\/elmejorjamon.es\\\/wp-content\\\/uploads\\\/2025\\\/02\\\/CHORIZOSOBREMONT.jpg\",\"contentUrl\":\"https:\\\/\\\/elmejorjamon.es\\\/wp-content\\\/uploads\\\/2025\\\/02\\\/CHORIZOSOBREMONT.jpg\",\"width\":463,\"height\":800},{\"@type\":\"BreadcrumbList\",\"@id\":\"https:\\\/\\\/elmejorjamon.es\\\/de\\\/producto\\\/iberischer-chorizo-monteparra-ueber-100-g\\\/#breadcrumb\",\"itemListElement\":[{\"@type\":\"ListItem\",\"position\":1,\"name\":\"Portada\",\"item\":\"https:\\\/\\\/elmejorjamon.es\\\/de\\\/\"},{\"@type\":\"ListItem\",\"position\":2,\"name\":\"Schnellstart\",\"item\":\"https:\\\/\\\/elmejorjamon.es\\\/de\\\/\"},{\"@type\":\"ListItem\",\"position\":3,\"name\":\"Monteparra Iberische Chorizo, 100-g-Packung.\"}]},{\"@type\":\"WebSite\",\"@id\":\"https:\\\/\\\/elmejorjamon.es\\\/#website\",\"url\":\"https:\\\/\\\/elmejorjamon.es\\\/\",\"name\":\"El Mejor Jam\u00f3n\",\"description\":\"Comprar jamones y embutidos a buen precio\",\"publisher\":{\"@id\":\"https:\\\/\\\/elmejorjamon.es\\\/#organization\"},\"potentialAction\":[{\"@type\":\"SearchAction\",\"target\":{\"@type\":\"EntryPoint\",\"urlTemplate\":\"https:\\\/\\\/elmejorjamon.es\\\/?s={search_term_string}\"},\"query-input\":{\"@type\":\"PropertyValueSpecification\",\"valueRequired\":true,\"valueName\":\"search_term_string\"}}],\"inLanguage\":\"de\"},{\"@type\":\"Organization\",\"@id\":\"https:\\\/\\\/elmejorjamon.es\\\/#organization\",\"name\":\"El Mejor Jam\u00f3n\",\"url\":\"https:\\\/\\\/elmejorjamon.es\\\/\",\"logo\":{\"@type\":\"ImageObject\",\"inLanguage\":\"de\",\"@id\":\"https:\\\/\\\/elmejorjamon.es\\\/#\\\/schema\\\/logo\\\/image\\\/\",\"url\":\"https:\\\/\\\/elmejorjamon.es\\\/wp-content\\\/uploads\\\/2025\\\/01\\\/logocorreos.png\",\"contentUrl\":\"https:\\\/\\\/elmejorjamon.es\\\/wp-content\\\/uploads\\\/2025\\\/01\\\/logocorreos.png\",\"width\":277,\"height\":200,\"caption\":\"El Mejor Jam\u00f3n\"},\"image\":{\"@id\":\"https:\\\/\\\/elmejorjamon.es\\\/#\\\/schema\\\/logo\\\/image\\\/\"},\"sameAs\":[\"https:\\\/\\\/www.facebook.com\\\/elmejorjamonweb\",\"https:\\\/\\\/x.com\\\/elmejorjamonweb\",\"https:\\\/\\\/www.instagram.com\\\/elmejorjamonweb\\\/\"]}]}<\/script>\n<!-- \/ Yoast SEO plugin. -->","yoast_head_json":{"title":"Monteparra Iberische Chorizo, 100-g-Packung. kaufen - El Mejor Jam\u00f3n","description":"ZUTATEN: Schweinefleisch und -fett, Salz, Paprika, Dextrin, Dextrose, Fleischeiwei\u00df (Schwein), Gew\u00fcrze, Emulgatoren (E-450i, E-450iii, E-451i, E-452i,","robots":{"index":"index","follow":"follow","max-snippet":"max-snippet:-1","max-image-preview":"max-image-preview:large","max-video-preview":"max-video-preview:-1"},"canonical":"https:\/\/elmejorjamon.es\/de\/producto\/iberischer-chorizo-monteparra-ueber-100-g\/","og_locale":"de_DE","og_type":"article","og_title":"Monteparra Iberische Chorizo, 100-g-Packung. kaufen - El Mejor Jam\u00f3n","og_description":"ZUTATEN: Schweinefleisch und -fett, Salz, Paprika, Dextrin, Dextrose, Fleischeiwei\u00df (Schwein), Gew\u00fcrze, Emulgatoren (E-450i, E-450iii, E-451i, E-452i,","og_url":"https:\/\/elmejorjamon.es\/de\/producto\/iberischer-chorizo-monteparra-ueber-100-g\/","og_site_name":"El Mejor Jam\u00f3n","article_publisher":"https:\/\/www.facebook.com\/elmejorjamonweb","article_modified_time":"2026-01-15T08:02:06+00:00","og_image":[{"width":463,"height":800,"url":"https:\/\/elmejorjamon.es\/wp-content\/uploads\/2025\/02\/CHORIZOSOBREMONT.jpg","type":"image\/jpeg"}],"twitter_card":"summary_large_image","twitter_site":"@elmejorjamonweb","twitter_misc":{"Gesch\u00e4tzte Lesezeit":"1\u00a0Minute"},"schema":{"@context":"https:\/\/schema.org","@graph":[{"@type":"WebPage","@id":"https:\/\/elmejorjamon.es\/de\/producto\/iberischer-chorizo-monteparra-ueber-100-g\/","url":"https:\/\/elmejorjamon.es\/de\/producto\/iberischer-chorizo-monteparra-ueber-100-g\/","name":"Monteparra Iberische Chorizo, 100-g-Packung. kaufen - El Mejor Jam\u00f3n","isPartOf":{"@id":"https:\/\/elmejorjamon.es\/#website"},"primaryImageOfPage":{"@id":"https:\/\/elmejorjamon.es\/de\/producto\/iberischer-chorizo-monteparra-ueber-100-g\/#primaryimage"},"image":{"@id":"https:\/\/elmejorjamon.es\/de\/producto\/iberischer-chorizo-monteparra-ueber-100-g\/#primaryimage"},"thumbnailUrl":"https:\/\/elmejorjamon.es\/wp-content\/uploads\/2025\/02\/CHORIZOSOBREMONT.jpg","datePublished":"2025-11-20T12:04:58+00:00","dateModified":"2026-01-15T08:02:06+00:00","description":"ZUTATEN: Schweinefleisch und -fett, Salz, Paprika, Dextrin, Dextrose, Fleischeiwei\u00df (Schwein), Gew\u00fcrze, Emulgatoren (E-450i, E-450iii, E-451i, E-452i,","breadcrumb":{"@id":"https:\/\/elmejorjamon.es\/de\/producto\/iberischer-chorizo-monteparra-ueber-100-g\/#breadcrumb"},"inLanguage":"de","potentialAction":[{"@type":"ReadAction","target":["https:\/\/elmejorjamon.es\/de\/producto\/iberischer-chorizo-monteparra-ueber-100-g\/"]}]},{"@type":"ImageObject","inLanguage":"de","@id":"https:\/\/elmejorjamon.es\/de\/producto\/iberischer-chorizo-monteparra-ueber-100-g\/#primaryimage","url":"https:\/\/elmejorjamon.es\/wp-content\/uploads\/2025\/02\/CHORIZOSOBREMONT.jpg","contentUrl":"https:\/\/elmejorjamon.es\/wp-content\/uploads\/2025\/02\/CHORIZOSOBREMONT.jpg","width":463,"height":800},{"@type":"BreadcrumbList","@id":"https:\/\/elmejorjamon.es\/de\/producto\/iberischer-chorizo-monteparra-ueber-100-g\/#breadcrumb","itemListElement":[{"@type":"ListItem","position":1,"name":"Portada","item":"https:\/\/elmejorjamon.es\/de\/"},{"@type":"ListItem","position":2,"name":"Schnellstart","item":"https:\/\/elmejorjamon.es\/de\/"},{"@type":"ListItem","position":3,"name":"Monteparra Iberische Chorizo, 100-g-Packung."}]},{"@type":"WebSite","@id":"https:\/\/elmejorjamon.es\/#website","url":"https:\/\/elmejorjamon.es\/","name":"El Mejor Jam\u00f3n","description":"Comprar jamones y embutidos a buen precio","publisher":{"@id":"https:\/\/elmejorjamon.es\/#organization"},"potentialAction":[{"@type":"SearchAction","target":{"@type":"EntryPoint","urlTemplate":"https:\/\/elmejorjamon.es\/?s={search_term_string}"},"query-input":{"@type":"PropertyValueSpecification","valueRequired":true,"valueName":"search_term_string"}}],"inLanguage":"de"},{"@type":"Organization","@id":"https:\/\/elmejorjamon.es\/#organization","name":"El Mejor Jam\u00f3n","url":"https:\/\/elmejorjamon.es\/","logo":{"@type":"ImageObject","inLanguage":"de","@id":"https:\/\/elmejorjamon.es\/#\/schema\/logo\/image\/","url":"https:\/\/elmejorjamon.es\/wp-content\/uploads\/2025\/01\/logocorreos.png","contentUrl":"https:\/\/elmejorjamon.es\/wp-content\/uploads\/2025\/01\/logocorreos.png","width":277,"height":200,"caption":"El Mejor Jam\u00f3n"},"image":{"@id":"https:\/\/elmejorjamon.es\/#\/schema\/logo\/image\/"},"sameAs":["https:\/\/www.facebook.com\/elmejorjamonweb","https:\/\/x.com\/elmejorjamonweb","https:\/\/www.instagram.com\/elmejorjamonweb\/"]}]}},"_links":{"self":[{"href":"https:\/\/elmejorjamon.es\/de\/wp-json\/wp\/v2\/product\/5098","targetHints":{"allow":["GET"]}}],"collection":[{"href":"https:\/\/elmejorjamon.es\/de\/wp-json\/wp\/v2\/product"}],"about":[{"href":"https:\/\/elmejorjamon.es\/de\/wp-json\/wp\/v2\/types\/product"}],"replies":[{"embeddable":true,"href":"https:\/\/elmejorjamon.es\/de\/wp-json\/wp\/v2\/comments?post=5098"}],"wp:featuredmedia":[{"embeddable":true,"href":"https:\/\/elmejorjamon.es\/de\/wp-json\/wp\/v2\/media\/21143"}],"wp:attachment":[{"href":"https:\/\/elmejorjamon.es\/de\/wp-json\/wp\/v2\/media?parent=5098"}],"wp:term":[{"taxonomy":"product_brand","embeddable":true,"href":"https:\/\/elmejorjamon.es\/de\/wp-json\/wp\/v2\/product_brand?post=5098"},{"taxonomy":"product_cat","embeddable":true,"href":"https:\/\/elmejorjamon.es\/de\/wp-json\/wp\/v2\/product_cat?post=5098"},{"taxonomy":"product_tag","embeddable":true,"href":"https:\/\/elmejorjamon.es\/de\/wp-json\/wp\/v2\/product_tag?post=5098"}],"curies":[{"name":"wp","href":"https:\/\/api.w.org\/{rel}","templated":true}]}}