{"id":4909,"date":"2018-10-31T09:47:24","date_gmt":"2018-10-31T08:47:24","guid":{"rendered":"https:\/\/nueva.elmejorjamon.es\/producto\/iberische-schulter-aus-eichel-100-iberischer-do-guijuelo-salamanca-spanien-von-5-kg-ungefaehr\/"},"modified":"2025-08-21T15:31:52","modified_gmt":"2025-08-21T13:31:52","slug":"iberische-schulter-aus-eichel-100-iberischer-do-guijuelo-salamanca-spanien-von-5-kg-ungefaehr","status":"publish","type":"product","link":"https:\/\/elmejorjamon.es\/de\/producto\/iberische-schulter-aus-eichel-100-iberischer-do-guijuelo-salamanca-spanien-von-5-kg-ungefaehr\/","title":{"rendered":"Iberische Schulter aus Eichel 100% Iberischer D.O. Guijuelo (Salamanca Spanien) von 5-5,5 kg."},"content":{"rendered":"<p>Iberische Schulter 100% Eichel Monteparra D.O. GUIJUELO Die gro\u00dfe Mehrheit der Z\u00fcchter arbeitet mit Mischlingen der iberischen Schweine, das Ergebnis der Vereinigung von reinrassigen iberischen Schweinen und Duroc-Schweinen. Sie werden aufgrund ihrer h\u00f6heren Produktivit\u00e4t ausgew\u00e4hlt, f\u00fchren jedoch zu Aromen und Aromen, die sich von denen des 100% Iberischen Schweins unterscheiden. Monteparra hat ausgesuchte Exemplare der reinen iberischen Rasse ausgew\u00e4hlt und verf\u00fcgt \u00fcber ein Team von Tier\u00e4rzten und Landtechnikern, die sich ausschlie\u00dflich der Untersuchung, Pflege und Kontrolle des Tieres widmen: dem 100% Iberischen Schwein. Die schwarze Kennzeichnung best\u00e4tigt das Produkt als 100% Iberico de Bellota und ist daher auch ein Garant f\u00fcr Exzellenz und Qualit\u00e4t. Nur Produkte, die mit einem schwarzen Etikett gekennzeichnet sind, k\u00f6nnen als schwarzes Bein bezeichnet werden.<\/p>\n","protected":false},"excerpt":{"rendered":"<p>Iberische Schulter aus Eichel 100% Iberischer D.O. Guijuelo (Salamanca Spanien) von 5-5,5 kg.<\/p>\n","protected":false},"featured_media":20428,"comment_status":"open","ping_status":"closed","template":"","meta":{"_et_pb_use_builder":"","_et_pb_old_content":"","_et_gb_content_width":"","_sitemap_exclude":false,"_sitemap_priority":"","_sitemap_frequency":""},"product_brand":[],"product_cat":[48,114,24],"product_tag":[],"class_list":{"0":"post-4909","1":"product","2":"type-product","3":"status-publish","4":"has-post-thumbnail","6":"product_cat-alle-produkte","7":"product_cat-paletillas-ibericas-de","8":"product_cat-startseite","9":"product_shipping_class-normal-de","10":"pa_opciones-gesamtesstuck-de","11":"pa_opciones-9a-mitdemmessergeschnittenun-de","12":"pa_opciones-9c-ohneknochenundvakuumverpa-de","14":"first","15":"instock","16":"shipping-taxable","17":"purchasable","18":"product-type-variable","19":"has-default-attributes"},"yoast_head":"<!-- This site is optimized with the Yoast SEO plugin v27.4 - https:\/\/yoast.com\/product\/yoast-seo-wordpress\/ -->\n<title>Iberische Schulter aus Eichel 100% Iberischer D.O. Guijuelo (Salamanca Spanien) von 5-5,5 kg. - El Mejor Jam\u00f3n<\/title>\n<meta name=\"robots\" content=\"index, follow, max-snippet:-1, max-image-preview:large, max-video-preview:-1\" \/>\n<link rel=\"canonical\" href=\"https:\/\/elmejorjamon.es\/de\/producto\/iberische-schulter-aus-eichel-100-iberischer-do-guijuelo-salamanca-spanien-von-5-kg-ungefaehr\/\" \/>\n<meta property=\"og:locale\" content=\"de_DE\" \/>\n<meta property=\"og:type\" content=\"article\" \/>\n<meta property=\"og:title\" content=\"Iberische Schulter aus Eichel 100% Iberischer D.O. Guijuelo (Salamanca Spanien) von 5-5,5 kg. - El Mejor Jam\u00f3n\" \/>\n<meta property=\"og:description\" content=\"Iberische Schulter aus Eichel 100% Iberischer D.O. Guijuelo (Salamanca Spanien) von 5-5,5 kg.\" \/>\n<meta property=\"og:url\" content=\"https:\/\/elmejorjamon.es\/de\/producto\/iberische-schulter-aus-eichel-100-iberischer-do-guijuelo-salamanca-spanien-von-5-kg-ungefaehr\/\" \/>\n<meta property=\"og:site_name\" content=\"El Mejor Jam\u00f3n\" \/>\n<meta property=\"article:publisher\" content=\"https:\/\/www.facebook.com\/elmejorjamonweb\" \/>\n<meta property=\"article:modified_time\" content=\"2025-08-21T13:31:52+00:00\" \/>\n<meta property=\"og:image\" content=\"https:\/\/elmejorjamon.es\/wp-content\/uploads\/2018\/10\/2139-thickbox_default-Paleta-de-bellota-100berico-D.O.-Guijuelo-de-5-55-kg.jpg\" \/>\n\t<meta property=\"og:image:width\" content=\"1100\" \/>\n\t<meta property=\"og:image:height\" content=\"1422\" \/>\n\t<meta property=\"og:image:type\" content=\"image\/jpeg\" \/>\n<meta name=\"twitter:card\" content=\"summary_large_image\" \/>\n<meta name=\"twitter:site\" content=\"@elmejorjamonweb\" \/>\n<meta name=\"twitter:label1\" content=\"Gesch\u00e4tzte Lesezeit\" \/>\n\t<meta name=\"twitter:data1\" content=\"1\u00a0Minute\" \/>\n<script type=\"application\/ld+json\" class=\"yoast-schema-graph\">{\"@context\":\"https:\\\/\\\/schema.org\",\"@graph\":[{\"@type\":\"WebPage\",\"@id\":\"https:\\\/\\\/elmejorjamon.es\\\/de\\\/producto\\\/iberische-schulter-aus-eichel-100-iberischer-do-guijuelo-salamanca-spanien-von-5-kg-ungefaehr\\\/\",\"url\":\"https:\\\/\\\/elmejorjamon.es\\\/de\\\/producto\\\/iberische-schulter-aus-eichel-100-iberischer-do-guijuelo-salamanca-spanien-von-5-kg-ungefaehr\\\/\",\"name\":\"Iberische Schulter aus Eichel 100% Iberischer D.O. Guijuelo (Salamanca Spanien) von 5-5,5 kg. - El Mejor Jam\u00f3n\",\"isPartOf\":{\"@id\":\"https:\\\/\\\/elmejorjamon.es\\\/#website\"},\"primaryImageOfPage\":{\"@id\":\"https:\\\/\\\/elmejorjamon.es\\\/de\\\/producto\\\/iberische-schulter-aus-eichel-100-iberischer-do-guijuelo-salamanca-spanien-von-5-kg-ungefaehr\\\/#primaryimage\"},\"image\":{\"@id\":\"https:\\\/\\\/elmejorjamon.es\\\/de\\\/producto\\\/iberische-schulter-aus-eichel-100-iberischer-do-guijuelo-salamanca-spanien-von-5-kg-ungefaehr\\\/#primaryimage\"},\"thumbnailUrl\":\"https:\\\/\\\/elmejorjamon.es\\\/wp-content\\\/uploads\\\/2018\\\/10\\\/paleta1002.jpg\",\"datePublished\":\"2018-10-31T08:47:24+00:00\",\"dateModified\":\"2025-08-21T13:31:52+00:00\",\"breadcrumb\":{\"@id\":\"https:\\\/\\\/elmejorjamon.es\\\/de\\\/producto\\\/iberische-schulter-aus-eichel-100-iberischer-do-guijuelo-salamanca-spanien-von-5-kg-ungefaehr\\\/#breadcrumb\"},\"inLanguage\":\"de\",\"potentialAction\":[{\"@type\":\"ReadAction\",\"target\":[\"https:\\\/\\\/elmejorjamon.es\\\/de\\\/producto\\\/iberische-schulter-aus-eichel-100-iberischer-do-guijuelo-salamanca-spanien-von-5-kg-ungefaehr\\\/\"]}]},{\"@type\":\"ImageObject\",\"inLanguage\":\"de\",\"@id\":\"https:\\\/\\\/elmejorjamon.es\\\/de\\\/producto\\\/iberische-schulter-aus-eichel-100-iberischer-do-guijuelo-salamanca-spanien-von-5-kg-ungefaehr\\\/#primaryimage\",\"url\":\"https:\\\/\\\/elmejorjamon.es\\\/wp-content\\\/uploads\\\/2018\\\/10\\\/paleta1002.jpg\",\"contentUrl\":\"https:\\\/\\\/elmejorjamon.es\\\/wp-content\\\/uploads\\\/2018\\\/10\\\/paleta1002.jpg\",\"width\":503,\"height\":1096},{\"@type\":\"BreadcrumbList\",\"@id\":\"https:\\\/\\\/elmejorjamon.es\\\/de\\\/producto\\\/iberische-schulter-aus-eichel-100-iberischer-do-guijuelo-salamanca-spanien-von-5-kg-ungefaehr\\\/#breadcrumb\",\"itemListElement\":[{\"@type\":\"ListItem\",\"position\":1,\"name\":\"Portada\",\"item\":\"https:\\\/\\\/elmejorjamon.es\\\/de\\\/\"},{\"@type\":\"ListItem\",\"position\":2,\"name\":\"Schnellstart\",\"item\":\"https:\\\/\\\/elmejorjamon.es\\\/de\\\/\"},{\"@type\":\"ListItem\",\"position\":3,\"name\":\"Iberische Schulter aus Eichel 100% Iberischer D.O. Guijuelo (Salamanca Spanien) von 5-5,5 kg.\"}]},{\"@type\":\"WebSite\",\"@id\":\"https:\\\/\\\/elmejorjamon.es\\\/#website\",\"url\":\"https:\\\/\\\/elmejorjamon.es\\\/\",\"name\":\"El Mejor Jam\u00f3n\",\"description\":\"Comprar jamones y embutidos a buen precio\",\"publisher\":{\"@id\":\"https:\\\/\\\/elmejorjamon.es\\\/#organization\"},\"potentialAction\":[{\"@type\":\"SearchAction\",\"target\":{\"@type\":\"EntryPoint\",\"urlTemplate\":\"https:\\\/\\\/elmejorjamon.es\\\/?s={search_term_string}\"},\"query-input\":{\"@type\":\"PropertyValueSpecification\",\"valueRequired\":true,\"valueName\":\"search_term_string\"}}],\"inLanguage\":\"de\"},{\"@type\":\"Organization\",\"@id\":\"https:\\\/\\\/elmejorjamon.es\\\/#organization\",\"name\":\"El Mejor Jam\u00f3n\",\"url\":\"https:\\\/\\\/elmejorjamon.es\\\/\",\"logo\":{\"@type\":\"ImageObject\",\"inLanguage\":\"de\",\"@id\":\"https:\\\/\\\/elmejorjamon.es\\\/#\\\/schema\\\/logo\\\/image\\\/\",\"url\":\"https:\\\/\\\/elmejorjamon.es\\\/wp-content\\\/uploads\\\/2025\\\/01\\\/logocorreos.png\",\"contentUrl\":\"https:\\\/\\\/elmejorjamon.es\\\/wp-content\\\/uploads\\\/2025\\\/01\\\/logocorreos.png\",\"width\":277,\"height\":200,\"caption\":\"El Mejor Jam\u00f3n\"},\"image\":{\"@id\":\"https:\\\/\\\/elmejorjamon.es\\\/#\\\/schema\\\/logo\\\/image\\\/\"},\"sameAs\":[\"https:\\\/\\\/www.facebook.com\\\/elmejorjamonweb\",\"https:\\\/\\\/x.com\\\/elmejorjamonweb\",\"https:\\\/\\\/www.instagram.com\\\/elmejorjamonweb\\\/\"]}]}<\/script>\n<!-- \/ Yoast SEO plugin. -->","yoast_head_json":{"title":"Iberische Schulter aus Eichel 100% Iberischer D.O. Guijuelo (Salamanca Spanien) von 5-5,5 kg. - El Mejor Jam\u00f3n","robots":{"index":"index","follow":"follow","max-snippet":"max-snippet:-1","max-image-preview":"max-image-preview:large","max-video-preview":"max-video-preview:-1"},"canonical":"https:\/\/elmejorjamon.es\/de\/producto\/iberische-schulter-aus-eichel-100-iberischer-do-guijuelo-salamanca-spanien-von-5-kg-ungefaehr\/","og_locale":"de_DE","og_type":"article","og_title":"Iberische Schulter aus Eichel 100% Iberischer D.O. Guijuelo (Salamanca Spanien) von 5-5,5 kg. - El Mejor Jam\u00f3n","og_description":"Iberische Schulter aus Eichel 100% Iberischer D.O. Guijuelo (Salamanca Spanien) von 5-5,5 kg.","og_url":"https:\/\/elmejorjamon.es\/de\/producto\/iberische-schulter-aus-eichel-100-iberischer-do-guijuelo-salamanca-spanien-von-5-kg-ungefaehr\/","og_site_name":"El Mejor Jam\u00f3n","article_publisher":"https:\/\/www.facebook.com\/elmejorjamonweb","article_modified_time":"2025-08-21T13:31:52+00:00","og_image":[{"width":1100,"height":1422,"url":"https:\/\/elmejorjamon.es\/wp-content\/uploads\/2018\/10\/2139-thickbox_default-Paleta-de-bellota-100berico-D.O.-Guijuelo-de-5-55-kg.jpg","type":"image\/jpeg"}],"twitter_card":"summary_large_image","twitter_site":"@elmejorjamonweb","twitter_misc":{"Gesch\u00e4tzte Lesezeit":"1\u00a0Minute"},"schema":{"@context":"https:\/\/schema.org","@graph":[{"@type":"WebPage","@id":"https:\/\/elmejorjamon.es\/de\/producto\/iberische-schulter-aus-eichel-100-iberischer-do-guijuelo-salamanca-spanien-von-5-kg-ungefaehr\/","url":"https:\/\/elmejorjamon.es\/de\/producto\/iberische-schulter-aus-eichel-100-iberischer-do-guijuelo-salamanca-spanien-von-5-kg-ungefaehr\/","name":"Iberische Schulter aus Eichel 100% Iberischer D.O. Guijuelo (Salamanca Spanien) von 5-5,5 kg. - El Mejor Jam\u00f3n","isPartOf":{"@id":"https:\/\/elmejorjamon.es\/#website"},"primaryImageOfPage":{"@id":"https:\/\/elmejorjamon.es\/de\/producto\/iberische-schulter-aus-eichel-100-iberischer-do-guijuelo-salamanca-spanien-von-5-kg-ungefaehr\/#primaryimage"},"image":{"@id":"https:\/\/elmejorjamon.es\/de\/producto\/iberische-schulter-aus-eichel-100-iberischer-do-guijuelo-salamanca-spanien-von-5-kg-ungefaehr\/#primaryimage"},"thumbnailUrl":"https:\/\/elmejorjamon.es\/wp-content\/uploads\/2018\/10\/paleta1002.jpg","datePublished":"2018-10-31T08:47:24+00:00","dateModified":"2025-08-21T13:31:52+00:00","breadcrumb":{"@id":"https:\/\/elmejorjamon.es\/de\/producto\/iberische-schulter-aus-eichel-100-iberischer-do-guijuelo-salamanca-spanien-von-5-kg-ungefaehr\/#breadcrumb"},"inLanguage":"de","potentialAction":[{"@type":"ReadAction","target":["https:\/\/elmejorjamon.es\/de\/producto\/iberische-schulter-aus-eichel-100-iberischer-do-guijuelo-salamanca-spanien-von-5-kg-ungefaehr\/"]}]},{"@type":"ImageObject","inLanguage":"de","@id":"https:\/\/elmejorjamon.es\/de\/producto\/iberische-schulter-aus-eichel-100-iberischer-do-guijuelo-salamanca-spanien-von-5-kg-ungefaehr\/#primaryimage","url":"https:\/\/elmejorjamon.es\/wp-content\/uploads\/2018\/10\/paleta1002.jpg","contentUrl":"https:\/\/elmejorjamon.es\/wp-content\/uploads\/2018\/10\/paleta1002.jpg","width":503,"height":1096},{"@type":"BreadcrumbList","@id":"https:\/\/elmejorjamon.es\/de\/producto\/iberische-schulter-aus-eichel-100-iberischer-do-guijuelo-salamanca-spanien-von-5-kg-ungefaehr\/#breadcrumb","itemListElement":[{"@type":"ListItem","position":1,"name":"Portada","item":"https:\/\/elmejorjamon.es\/de\/"},{"@type":"ListItem","position":2,"name":"Schnellstart","item":"https:\/\/elmejorjamon.es\/de\/"},{"@type":"ListItem","position":3,"name":"Iberische Schulter aus Eichel 100% Iberischer D.O. Guijuelo (Salamanca Spanien) von 5-5,5 kg."}]},{"@type":"WebSite","@id":"https:\/\/elmejorjamon.es\/#website","url":"https:\/\/elmejorjamon.es\/","name":"El Mejor Jam\u00f3n","description":"Comprar jamones y embutidos a buen precio","publisher":{"@id":"https:\/\/elmejorjamon.es\/#organization"},"potentialAction":[{"@type":"SearchAction","target":{"@type":"EntryPoint","urlTemplate":"https:\/\/elmejorjamon.es\/?s={search_term_string}"},"query-input":{"@type":"PropertyValueSpecification","valueRequired":true,"valueName":"search_term_string"}}],"inLanguage":"de"},{"@type":"Organization","@id":"https:\/\/elmejorjamon.es\/#organization","name":"El Mejor Jam\u00f3n","url":"https:\/\/elmejorjamon.es\/","logo":{"@type":"ImageObject","inLanguage":"de","@id":"https:\/\/elmejorjamon.es\/#\/schema\/logo\/image\/","url":"https:\/\/elmejorjamon.es\/wp-content\/uploads\/2025\/01\/logocorreos.png","contentUrl":"https:\/\/elmejorjamon.es\/wp-content\/uploads\/2025\/01\/logocorreos.png","width":277,"height":200,"caption":"El Mejor Jam\u00f3n"},"image":{"@id":"https:\/\/elmejorjamon.es\/#\/schema\/logo\/image\/"},"sameAs":["https:\/\/www.facebook.com\/elmejorjamonweb","https:\/\/x.com\/elmejorjamonweb","https:\/\/www.instagram.com\/elmejorjamonweb\/"]}]}},"_links":{"self":[{"href":"https:\/\/elmejorjamon.es\/de\/wp-json\/wp\/v2\/product\/4909","targetHints":{"allow":["GET"]}}],"collection":[{"href":"https:\/\/elmejorjamon.es\/de\/wp-json\/wp\/v2\/product"}],"about":[{"href":"https:\/\/elmejorjamon.es\/de\/wp-json\/wp\/v2\/types\/product"}],"replies":[{"embeddable":true,"href":"https:\/\/elmejorjamon.es\/de\/wp-json\/wp\/v2\/comments?post=4909"}],"wp:featuredmedia":[{"embeddable":true,"href":"https:\/\/elmejorjamon.es\/de\/wp-json\/wp\/v2\/media\/20428"}],"wp:attachment":[{"href":"https:\/\/elmejorjamon.es\/de\/wp-json\/wp\/v2\/media?parent=4909"}],"wp:term":[{"taxonomy":"product_brand","embeddable":true,"href":"https:\/\/elmejorjamon.es\/de\/wp-json\/wp\/v2\/product_brand?post=4909"},{"taxonomy":"product_cat","embeddable":true,"href":"https:\/\/elmejorjamon.es\/de\/wp-json\/wp\/v2\/product_cat?post=4909"},{"taxonomy":"product_tag","embeddable":true,"href":"https:\/\/elmejorjamon.es\/de\/wp-json\/wp\/v2\/product_tag?post=4909"}],"curies":[{"name":"wp","href":"https:\/\/api.w.org\/{rel}","templated":true}]}}