{"id":3538,"date":"2017-10-15T19:32:35","date_gmt":"2017-10-15T17:32:35","guid":{"rendered":"https:\/\/nueva.elmejorjamon.es\/producto\/codesa-sardellen-gold-serie-710-sardellenfilets\/"},"modified":"2026-04-12T08:36:20","modified_gmt":"2026-04-12T06:36:20","slug":"codesa-sardellen-gold-serie-710-sardellenfilets","status":"publish","type":"product","link":"https:\/\/elmejorjamon.es\/de\/producto\/codesa-sardellen-gold-serie-710-sardellenfilets\/","title":{"rendered":"Codesa Sardellen Gold Serie 7\/10 Sardellenfilets."},"content":{"rendered":"<p>Codesa Sardellen Gold Serie 7\/10 Sardellenfilets.<\/p>\n<p>Die Gold Serie wird mit Bocarte \/ Boquer\u00f3n von der CERCO Fischerei hergestellt, die in den Fischerh\u00e4fen des Kantabrischen Meeres in den Monaten April und Mai erworben wurde, wo wir die besten Artikel f\u00fcr ihre Gr\u00f6\u00dfe und Frische ausw\u00e4hlen, nachdem sie in MARINE SALT w\u00e4hrend Im Durchschnitt von einem Jahr in der Kellerei und haben ihren optimalen Punkt der Heilung, unsere Phytotherapeuten in einer handwerklichen Art und Weise die appetitlichen Filets, die schlie\u00dflich von AO der ersten Qualit\u00e4t in einer Vielzahl von Formaten von hoher Qualit\u00e4t abgedeckt werden.<\/p>\n","protected":false},"excerpt":{"rendered":"<p>Codesa Sardellen Gold Serie 7\/10 Sardellenfilets.<\/p>\n","protected":false},"featured_media":3520,"comment_status":"open","ping_status":"closed","template":"","meta":{"_et_pb_use_builder":"","_et_pb_old_content":"","_et_gb_content_width":"","_sitemap_exclude":false,"_sitemap_priority":"","_sitemap_frequency":""},"product_brand":[],"product_cat":[48,42,186,24],"product_tag":[],"class_list":{"0":"post-3538","1":"product","2":"type-product","3":"status-publish","4":"has-post-thumbnail","6":"product_cat-alle-produkte","7":"product_cat-conservas-de","8":"product_cat-sardellen","9":"product_cat-startseite","10":"product_shipping_class-normal-de","11":"pa_opciones-1einheit-de","12":"pa_opciones-boxmit24einheiten-de","14":"first","15":"instock","16":"shipping-taxable","17":"purchasable","18":"product-type-variable","19":"has-default-attributes"},"yoast_head":"<!-- This site is optimized with the Yoast SEO plugin v27.2 - https:\/\/yoast.com\/product\/yoast-seo-wordpress\/ -->\n<title>Codesa Sardellen Gold Serie 7\/10 Sardellenfilets. - El Mejor Jam\u00f3n<\/title>\n<meta name=\"robots\" content=\"index, follow, max-snippet:-1, max-image-preview:large, max-video-preview:-1\" \/>\n<link rel=\"canonical\" href=\"https:\/\/elmejorjamon.es\/de\/producto\/codesa-sardellen-gold-serie-710-sardellenfilets\/\" \/>\n<meta property=\"og:locale\" content=\"de_DE\" \/>\n<meta property=\"og:type\" content=\"article\" \/>\n<meta property=\"og:title\" content=\"Codesa Sardellen Gold Serie 7\/10 Sardellenfilets. - El Mejor Jam\u00f3n\" \/>\n<meta property=\"og:description\" content=\"Codesa Sardellen Gold Serie 7\/10 Sardellenfilets.\" \/>\n<meta property=\"og:url\" content=\"https:\/\/elmejorjamon.es\/de\/producto\/codesa-sardellen-gold-serie-710-sardellenfilets\/\" \/>\n<meta property=\"og:site_name\" content=\"El Mejor Jam\u00f3n\" \/>\n<meta property=\"article:publisher\" content=\"https:\/\/www.facebook.com\/elmejorjamonweb\" \/>\n<meta property=\"article:modified_time\" content=\"2026-04-12T06:36:20+00:00\" \/>\n<meta property=\"og:image\" content=\"https:\/\/elmejorjamon.es\/wp-content\/uploads\/2017\/10\/2633-thickbox_default-Anchoas-Codesa-Serie-Oro-810-filetes.jpg\" \/>\n\t<meta property=\"og:image:width\" content=\"1100\" \/>\n\t<meta property=\"og:image:height\" content=\"1422\" \/>\n\t<meta property=\"og:image:type\" content=\"image\/jpeg\" \/>\n<meta name=\"twitter:card\" content=\"summary_large_image\" \/>\n<meta name=\"twitter:site\" content=\"@elmejorjamonweb\" \/>\n<meta name=\"twitter:label1\" content=\"Gesch\u00e4tzte Lesezeit\" \/>\n\t<meta name=\"twitter:data1\" content=\"1\u00a0Minute\" \/>\n<script type=\"application\/ld+json\" class=\"yoast-schema-graph\">{\"@context\":\"https:\/\/schema.org\",\"@graph\":[{\"@type\":\"WebPage\",\"@id\":\"https:\/\/elmejorjamon.es\/de\/producto\/codesa-sardellen-gold-serie-710-sardellenfilets\/\",\"url\":\"https:\/\/elmejorjamon.es\/de\/producto\/codesa-sardellen-gold-serie-710-sardellenfilets\/\",\"name\":\"Codesa Sardellen Gold Serie 7\/10 Sardellenfilets. - El Mejor Jam\u00f3n\",\"isPartOf\":{\"@id\":\"https:\/\/elmejorjamon.es\/#website\"},\"primaryImageOfPage\":{\"@id\":\"https:\/\/elmejorjamon.es\/de\/producto\/codesa-sardellen-gold-serie-710-sardellenfilets\/#primaryimage\"},\"image\":{\"@id\":\"https:\/\/elmejorjamon.es\/de\/producto\/codesa-sardellen-gold-serie-710-sardellenfilets\/#primaryimage\"},\"thumbnailUrl\":\"https:\/\/elmejorjamon.es\/wp-content\/uploads\/2017\/10\/2633-thickbox_default-Anchoas-Codesa-Serie-Oro-810-filetes.jpg\",\"datePublished\":\"2017-10-15T17:32:35+00:00\",\"dateModified\":\"2026-04-12T06:36:20+00:00\",\"breadcrumb\":{\"@id\":\"https:\/\/elmejorjamon.es\/de\/producto\/codesa-sardellen-gold-serie-710-sardellenfilets\/#breadcrumb\"},\"inLanguage\":\"de\",\"potentialAction\":[{\"@type\":\"ReadAction\",\"target\":[\"https:\/\/elmejorjamon.es\/de\/producto\/codesa-sardellen-gold-serie-710-sardellenfilets\/\"]}]},{\"@type\":\"ImageObject\",\"inLanguage\":\"de\",\"@id\":\"https:\/\/elmejorjamon.es\/de\/producto\/codesa-sardellen-gold-serie-710-sardellenfilets\/#primaryimage\",\"url\":\"https:\/\/elmejorjamon.es\/wp-content\/uploads\/2017\/10\/2633-thickbox_default-Anchoas-Codesa-Serie-Oro-810-filetes.jpg\",\"contentUrl\":\"https:\/\/elmejorjamon.es\/wp-content\/uploads\/2017\/10\/2633-thickbox_default-Anchoas-Codesa-Serie-Oro-810-filetes.jpg\",\"width\":1100,\"height\":1422},{\"@type\":\"BreadcrumbList\",\"@id\":\"https:\/\/elmejorjamon.es\/de\/producto\/codesa-sardellen-gold-serie-710-sardellenfilets\/#breadcrumb\",\"itemListElement\":[{\"@type\":\"ListItem\",\"position\":1,\"name\":\"Portada\",\"item\":\"https:\/\/elmejorjamon.es\/de\/\"},{\"@type\":\"ListItem\",\"position\":2,\"name\":\"Schnellstart\",\"item\":\"https:\/\/elmejorjamon.es\/de\/\"},{\"@type\":\"ListItem\",\"position\":3,\"name\":\"Codesa Sardellen Gold Serie 7\/10 Sardellenfilets.\"}]},{\"@type\":\"WebSite\",\"@id\":\"https:\/\/elmejorjamon.es\/#website\",\"url\":\"https:\/\/elmejorjamon.es\/\",\"name\":\"El Mejor Jam\u00f3n\",\"description\":\"Comprar jamones y embutidos a buen precio\",\"publisher\":{\"@id\":\"https:\/\/elmejorjamon.es\/#organization\"},\"potentialAction\":[{\"@type\":\"SearchAction\",\"target\":{\"@type\":\"EntryPoint\",\"urlTemplate\":\"https:\/\/elmejorjamon.es\/?s={search_term_string}\"},\"query-input\":{\"@type\":\"PropertyValueSpecification\",\"valueRequired\":true,\"valueName\":\"search_term_string\"}}],\"inLanguage\":\"de\"},{\"@type\":\"Organization\",\"@id\":\"https:\/\/elmejorjamon.es\/#organization\",\"name\":\"El Mejor Jam\u00f3n\",\"url\":\"https:\/\/elmejorjamon.es\/\",\"logo\":{\"@type\":\"ImageObject\",\"inLanguage\":\"de\",\"@id\":\"https:\/\/elmejorjamon.es\/#\/schema\/logo\/image\/\",\"url\":\"https:\/\/elmejorjamon.es\/wp-content\/uploads\/2025\/01\/logocorreos.png\",\"contentUrl\":\"https:\/\/elmejorjamon.es\/wp-content\/uploads\/2025\/01\/logocorreos.png\",\"width\":277,\"height\":200,\"caption\":\"El Mejor Jam\u00f3n\"},\"image\":{\"@id\":\"https:\/\/elmejorjamon.es\/#\/schema\/logo\/image\/\"},\"sameAs\":[\"https:\/\/www.facebook.com\/elmejorjamonweb\",\"https:\/\/x.com\/elmejorjamonweb\",\"https:\/\/www.instagram.com\/elmejorjamonweb\/\"]}]}<\/script>\n<!-- \/ Yoast SEO plugin. -->","yoast_head_json":{"title":"Codesa Sardellen Gold Serie 7\/10 Sardellenfilets. - El Mejor Jam\u00f3n","robots":{"index":"index","follow":"follow","max-snippet":"max-snippet:-1","max-image-preview":"max-image-preview:large","max-video-preview":"max-video-preview:-1"},"canonical":"https:\/\/elmejorjamon.es\/de\/producto\/codesa-sardellen-gold-serie-710-sardellenfilets\/","og_locale":"de_DE","og_type":"article","og_title":"Codesa Sardellen Gold Serie 7\/10 Sardellenfilets. - El Mejor Jam\u00f3n","og_description":"Codesa Sardellen Gold Serie 7\/10 Sardellenfilets.","og_url":"https:\/\/elmejorjamon.es\/de\/producto\/codesa-sardellen-gold-serie-710-sardellenfilets\/","og_site_name":"El Mejor Jam\u00f3n","article_publisher":"https:\/\/www.facebook.com\/elmejorjamonweb","article_modified_time":"2026-04-12T06:36:20+00:00","og_image":[{"width":1100,"height":1422,"url":"https:\/\/elmejorjamon.es\/wp-content\/uploads\/2017\/10\/2633-thickbox_default-Anchoas-Codesa-Serie-Oro-810-filetes.jpg","type":"image\/jpeg"}],"twitter_card":"summary_large_image","twitter_site":"@elmejorjamonweb","twitter_misc":{"Gesch\u00e4tzte Lesezeit":"1\u00a0Minute"},"schema":{"@context":"https:\/\/schema.org","@graph":[{"@type":"WebPage","@id":"https:\/\/elmejorjamon.es\/de\/producto\/codesa-sardellen-gold-serie-710-sardellenfilets\/","url":"https:\/\/elmejorjamon.es\/de\/producto\/codesa-sardellen-gold-serie-710-sardellenfilets\/","name":"Codesa Sardellen Gold Serie 7\/10 Sardellenfilets. - El Mejor Jam\u00f3n","isPartOf":{"@id":"https:\/\/elmejorjamon.es\/#website"},"primaryImageOfPage":{"@id":"https:\/\/elmejorjamon.es\/de\/producto\/codesa-sardellen-gold-serie-710-sardellenfilets\/#primaryimage"},"image":{"@id":"https:\/\/elmejorjamon.es\/de\/producto\/codesa-sardellen-gold-serie-710-sardellenfilets\/#primaryimage"},"thumbnailUrl":"https:\/\/elmejorjamon.es\/wp-content\/uploads\/2017\/10\/2633-thickbox_default-Anchoas-Codesa-Serie-Oro-810-filetes.jpg","datePublished":"2017-10-15T17:32:35+00:00","dateModified":"2026-04-12T06:36:20+00:00","breadcrumb":{"@id":"https:\/\/elmejorjamon.es\/de\/producto\/codesa-sardellen-gold-serie-710-sardellenfilets\/#breadcrumb"},"inLanguage":"de","potentialAction":[{"@type":"ReadAction","target":["https:\/\/elmejorjamon.es\/de\/producto\/codesa-sardellen-gold-serie-710-sardellenfilets\/"]}]},{"@type":"ImageObject","inLanguage":"de","@id":"https:\/\/elmejorjamon.es\/de\/producto\/codesa-sardellen-gold-serie-710-sardellenfilets\/#primaryimage","url":"https:\/\/elmejorjamon.es\/wp-content\/uploads\/2017\/10\/2633-thickbox_default-Anchoas-Codesa-Serie-Oro-810-filetes.jpg","contentUrl":"https:\/\/elmejorjamon.es\/wp-content\/uploads\/2017\/10\/2633-thickbox_default-Anchoas-Codesa-Serie-Oro-810-filetes.jpg","width":1100,"height":1422},{"@type":"BreadcrumbList","@id":"https:\/\/elmejorjamon.es\/de\/producto\/codesa-sardellen-gold-serie-710-sardellenfilets\/#breadcrumb","itemListElement":[{"@type":"ListItem","position":1,"name":"Portada","item":"https:\/\/elmejorjamon.es\/de\/"},{"@type":"ListItem","position":2,"name":"Schnellstart","item":"https:\/\/elmejorjamon.es\/de\/"},{"@type":"ListItem","position":3,"name":"Codesa Sardellen Gold Serie 7\/10 Sardellenfilets."}]},{"@type":"WebSite","@id":"https:\/\/elmejorjamon.es\/#website","url":"https:\/\/elmejorjamon.es\/","name":"El Mejor Jam\u00f3n","description":"Comprar jamones y embutidos a buen precio","publisher":{"@id":"https:\/\/elmejorjamon.es\/#organization"},"potentialAction":[{"@type":"SearchAction","target":{"@type":"EntryPoint","urlTemplate":"https:\/\/elmejorjamon.es\/?s={search_term_string}"},"query-input":{"@type":"PropertyValueSpecification","valueRequired":true,"valueName":"search_term_string"}}],"inLanguage":"de"},{"@type":"Organization","@id":"https:\/\/elmejorjamon.es\/#organization","name":"El Mejor Jam\u00f3n","url":"https:\/\/elmejorjamon.es\/","logo":{"@type":"ImageObject","inLanguage":"de","@id":"https:\/\/elmejorjamon.es\/#\/schema\/logo\/image\/","url":"https:\/\/elmejorjamon.es\/wp-content\/uploads\/2025\/01\/logocorreos.png","contentUrl":"https:\/\/elmejorjamon.es\/wp-content\/uploads\/2025\/01\/logocorreos.png","width":277,"height":200,"caption":"El Mejor Jam\u00f3n"},"image":{"@id":"https:\/\/elmejorjamon.es\/#\/schema\/logo\/image\/"},"sameAs":["https:\/\/www.facebook.com\/elmejorjamonweb","https:\/\/x.com\/elmejorjamonweb","https:\/\/www.instagram.com\/elmejorjamonweb\/"]}]}},"_links":{"self":[{"href":"https:\/\/elmejorjamon.es\/de\/wp-json\/wp\/v2\/product\/3538","targetHints":{"allow":["GET"]}}],"collection":[{"href":"https:\/\/elmejorjamon.es\/de\/wp-json\/wp\/v2\/product"}],"about":[{"href":"https:\/\/elmejorjamon.es\/de\/wp-json\/wp\/v2\/types\/product"}],"replies":[{"embeddable":true,"href":"https:\/\/elmejorjamon.es\/de\/wp-json\/wp\/v2\/comments?post=3538"}],"wp:featuredmedia":[{"embeddable":true,"href":"https:\/\/elmejorjamon.es\/de\/wp-json\/wp\/v2\/media\/3520"}],"wp:attachment":[{"href":"https:\/\/elmejorjamon.es\/de\/wp-json\/wp\/v2\/media?parent=3538"}],"wp:term":[{"taxonomy":"product_brand","embeddable":true,"href":"https:\/\/elmejorjamon.es\/de\/wp-json\/wp\/v2\/product_brand?post=3538"},{"taxonomy":"product_cat","embeddable":true,"href":"https:\/\/elmejorjamon.es\/de\/wp-json\/wp\/v2\/product_cat?post=3538"},{"taxonomy":"product_tag","embeddable":true,"href":"https:\/\/elmejorjamon.es\/de\/wp-json\/wp\/v2\/product_tag?post=3538"}],"curies":[{"name":"wp","href":"https:\/\/api.w.org\/{rel}","templated":true}]}}