{"id":3505,"date":"2017-10-15T19:11:16","date_gmt":"2017-10-15T17:11:16","guid":{"rendered":"https:\/\/nueva.elmejorjamon.es\/producto\/sardellenfilets-codesa-rr-50-gold-series\/"},"modified":"2026-03-20T10:21:54","modified_gmt":"2026-03-20T09:21:54","slug":"sardellenfilets-codesa-rr-50-gold-series","status":"publish","type":"product","link":"https:\/\/elmejorjamon.es\/de\/producto\/sardellenfilets-codesa-rr-50-gold-series\/","title":{"rendered":"Sardellenfilets Codesa RR-50 Gold Series"},"content":{"rendered":"<p>Sardellenfilets Codesa RR-50 Gold Series.<\/p>\n<p>Die Gold Serie wird mit Bocarte \/ Boquer\u00f3n von der CERCO Fischerei hergestellt, die in den Fischerh\u00e4fen des Kantabrischen Meeres in den Monaten April und Mai erworben wurde, wo wir die besten Artikel f\u00fcr ihre Gr\u00f6\u00dfe und Frische ausw\u00e4hlen, nachdem sie in MARINE SALT w\u00e4hrend Im Durchschnitt von einem Jahr in der Kellerei und haben ihren optimalen Punkt der Heilung, unsere Phytotherapeuten in einer handwerklichen Art und Weise die appetitlichen Filets, die schlie\u00dflich von AO der ersten Qualit\u00e4t in einer Vielzahl von Formaten von hoher Qualit\u00e4t abgedeckt werden.<\/p>\n","protected":false},"excerpt":{"rendered":"<p>Sardellenfilets Codesa RR-50 Gold Series. Die Gold Serie wird mit Bocarte \/ Boquer\u00f3n von der CERCO Fischerei hergestellt, die in den Fischerh\u00e4fen des Kantabrischen Meeres in den Monaten April und Mai erworben wurde, wo wir die besten Artikel f\u00fcr ihre Gr\u00f6\u00dfe und Frische ausw\u00e4hlen, nachdem sie in MARINE SALT w\u00e4hrend Im Durchschnitt von einem Jahr [&hellip;]<\/p>\n","protected":false},"featured_media":16495,"comment_status":"open","ping_status":"closed","template":"","meta":{"_et_pb_use_builder":"","_et_pb_old_content":"","_et_gb_content_width":"","_sitemap_exclude":false,"_sitemap_priority":"","_sitemap_frequency":""},"product_brand":[],"product_cat":[48,42,186,24],"product_tag":[],"class_list":{"0":"post-3505","1":"product","2":"type-product","3":"status-publish","4":"has-post-thumbnail","6":"product_cat-alle-produkte","7":"product_cat-conservas-de","8":"product_cat-sardellen","9":"product_cat-startseite","10":"product_shipping_class-normal-de","11":"pa_opciones-1einheit-de","12":"pa_opciones-10einheitenbox-de","13":"pa_opciones-schachtel-mit-48-einheiten","15":"first","16":"instock","17":"shipping-taxable","18":"purchasable","19":"product-type-variable","20":"has-default-attributes"},"yoast_head":"<!-- This site is optimized with the Yoast SEO plugin v27.4 - https:\/\/yoast.com\/product\/yoast-seo-wordpress\/ -->\n<title>Sardellenfilets Codesa RR-50 Gold Series - El Mejor Jam\u00f3n<\/title>\n<meta name=\"robots\" content=\"index, follow, max-snippet:-1, max-image-preview:large, max-video-preview:-1\" \/>\n<link rel=\"canonical\" href=\"https:\/\/elmejorjamon.es\/de\/producto\/sardellenfilets-codesa-rr-50-gold-series\/\" \/>\n<meta property=\"og:locale\" content=\"de_DE\" \/>\n<meta property=\"og:type\" content=\"article\" \/>\n<meta property=\"og:title\" content=\"Sardellenfilets Codesa RR-50 Gold Series - El Mejor Jam\u00f3n\" \/>\n<meta property=\"og:description\" content=\"Sardellenfilets Codesa RR-50 Gold Series. Die Gold Serie wird mit Bocarte \/ Boquer\u00f3n von der CERCO Fischerei hergestellt, die in den Fischerh\u00e4fen des Kantabrischen Meeres in den Monaten April und Mai erworben wurde, wo wir die besten Artikel f\u00fcr ihre Gr\u00f6\u00dfe und Frische ausw\u00e4hlen, nachdem sie in MARINE SALT w\u00e4hrend Im Durchschnitt von einem Jahr [&hellip;]\" \/>\n<meta property=\"og:url\" content=\"https:\/\/elmejorjamon.es\/de\/producto\/sardellenfilets-codesa-rr-50-gold-series\/\" \/>\n<meta property=\"og:site_name\" content=\"El Mejor Jam\u00f3n\" \/>\n<meta property=\"article:publisher\" content=\"https:\/\/www.facebook.com\/elmejorjamonweb\" \/>\n<meta property=\"article:modified_time\" content=\"2026-03-20T09:21:54+00:00\" \/>\n<meta property=\"og:image\" content=\"https:\/\/elmejorjamon.es\/wp-content\/uploads\/2017\/10\/2645-thickbox_default-Filetes-de-anchoa-Codesa-RR-50-Serie-Oro.jpg\" \/>\n\t<meta property=\"og:image:width\" content=\"1100\" \/>\n\t<meta property=\"og:image:height\" content=\"1422\" \/>\n\t<meta property=\"og:image:type\" content=\"image\/jpeg\" \/>\n<meta name=\"twitter:card\" content=\"summary_large_image\" \/>\n<meta name=\"twitter:site\" content=\"@elmejorjamonweb\" \/>\n<meta name=\"twitter:label1\" content=\"Gesch\u00e4tzte Lesezeit\" \/>\n\t<meta name=\"twitter:data1\" content=\"1\u00a0Minute\" \/>\n<script type=\"application\/ld+json\" class=\"yoast-schema-graph\">{\"@context\":\"https:\\\/\\\/schema.org\",\"@graph\":[{\"@type\":\"WebPage\",\"@id\":\"https:\\\/\\\/elmejorjamon.es\\\/de\\\/producto\\\/sardellenfilets-codesa-rr-50-gold-series\\\/\",\"url\":\"https:\\\/\\\/elmejorjamon.es\\\/de\\\/producto\\\/sardellenfilets-codesa-rr-50-gold-series\\\/\",\"name\":\"Sardellenfilets Codesa RR-50 Gold Series - El Mejor Jam\u00f3n\",\"isPartOf\":{\"@id\":\"https:\\\/\\\/elmejorjamon.es\\\/#website\"},\"primaryImageOfPage\":{\"@id\":\"https:\\\/\\\/elmejorjamon.es\\\/de\\\/producto\\\/sardellenfilets-codesa-rr-50-gold-series\\\/#primaryimage\"},\"image\":{\"@id\":\"https:\\\/\\\/elmejorjamon.es\\\/de\\\/producto\\\/sardellenfilets-codesa-rr-50-gold-series\\\/#primaryimage\"},\"thumbnailUrl\":\"https:\\\/\\\/elmejorjamon.es\\\/wp-content\\\/uploads\\\/2017\\\/10\\\/2645-thickbox_default-Filetes-de-anchoa-Codesa-RR-50-Serie-Oro.jpg\",\"datePublished\":\"2017-10-15T17:11:16+00:00\",\"dateModified\":\"2026-03-20T09:21:54+00:00\",\"breadcrumb\":{\"@id\":\"https:\\\/\\\/elmejorjamon.es\\\/de\\\/producto\\\/sardellenfilets-codesa-rr-50-gold-series\\\/#breadcrumb\"},\"inLanguage\":\"de\",\"potentialAction\":[{\"@type\":\"ReadAction\",\"target\":[\"https:\\\/\\\/elmejorjamon.es\\\/de\\\/producto\\\/sardellenfilets-codesa-rr-50-gold-series\\\/\"]}]},{\"@type\":\"ImageObject\",\"inLanguage\":\"de\",\"@id\":\"https:\\\/\\\/elmejorjamon.es\\\/de\\\/producto\\\/sardellenfilets-codesa-rr-50-gold-series\\\/#primaryimage\",\"url\":\"https:\\\/\\\/elmejorjamon.es\\\/wp-content\\\/uploads\\\/2017\\\/10\\\/2645-thickbox_default-Filetes-de-anchoa-Codesa-RR-50-Serie-Oro.jpg\",\"contentUrl\":\"https:\\\/\\\/elmejorjamon.es\\\/wp-content\\\/uploads\\\/2017\\\/10\\\/2645-thickbox_default-Filetes-de-anchoa-Codesa-RR-50-Serie-Oro.jpg\",\"width\":1100,\"height\":1422},{\"@type\":\"BreadcrumbList\",\"@id\":\"https:\\\/\\\/elmejorjamon.es\\\/de\\\/producto\\\/sardellenfilets-codesa-rr-50-gold-series\\\/#breadcrumb\",\"itemListElement\":[{\"@type\":\"ListItem\",\"position\":1,\"name\":\"Portada\",\"item\":\"https:\\\/\\\/elmejorjamon.es\\\/de\\\/\"},{\"@type\":\"ListItem\",\"position\":2,\"name\":\"Schnellstart\",\"item\":\"https:\\\/\\\/elmejorjamon.es\\\/de\\\/\"},{\"@type\":\"ListItem\",\"position\":3,\"name\":\"Sardellenfilets Codesa RR-50 Gold Series\"}]},{\"@type\":\"WebSite\",\"@id\":\"https:\\\/\\\/elmejorjamon.es\\\/#website\",\"url\":\"https:\\\/\\\/elmejorjamon.es\\\/\",\"name\":\"El Mejor Jam\u00f3n\",\"description\":\"Comprar jamones y embutidos a buen precio\",\"publisher\":{\"@id\":\"https:\\\/\\\/elmejorjamon.es\\\/#organization\"},\"potentialAction\":[{\"@type\":\"SearchAction\",\"target\":{\"@type\":\"EntryPoint\",\"urlTemplate\":\"https:\\\/\\\/elmejorjamon.es\\\/?s={search_term_string}\"},\"query-input\":{\"@type\":\"PropertyValueSpecification\",\"valueRequired\":true,\"valueName\":\"search_term_string\"}}],\"inLanguage\":\"de\"},{\"@type\":\"Organization\",\"@id\":\"https:\\\/\\\/elmejorjamon.es\\\/#organization\",\"name\":\"El Mejor Jam\u00f3n\",\"url\":\"https:\\\/\\\/elmejorjamon.es\\\/\",\"logo\":{\"@type\":\"ImageObject\",\"inLanguage\":\"de\",\"@id\":\"https:\\\/\\\/elmejorjamon.es\\\/#\\\/schema\\\/logo\\\/image\\\/\",\"url\":\"https:\\\/\\\/elmejorjamon.es\\\/wp-content\\\/uploads\\\/2025\\\/01\\\/logocorreos.png\",\"contentUrl\":\"https:\\\/\\\/elmejorjamon.es\\\/wp-content\\\/uploads\\\/2025\\\/01\\\/logocorreos.png\",\"width\":277,\"height\":200,\"caption\":\"El Mejor Jam\u00f3n\"},\"image\":{\"@id\":\"https:\\\/\\\/elmejorjamon.es\\\/#\\\/schema\\\/logo\\\/image\\\/\"},\"sameAs\":[\"https:\\\/\\\/www.facebook.com\\\/elmejorjamonweb\",\"https:\\\/\\\/x.com\\\/elmejorjamonweb\",\"https:\\\/\\\/www.instagram.com\\\/elmejorjamonweb\\\/\"]}]}<\/script>\n<!-- \/ Yoast SEO plugin. -->","yoast_head_json":{"title":"Sardellenfilets Codesa RR-50 Gold Series - El Mejor Jam\u00f3n","robots":{"index":"index","follow":"follow","max-snippet":"max-snippet:-1","max-image-preview":"max-image-preview:large","max-video-preview":"max-video-preview:-1"},"canonical":"https:\/\/elmejorjamon.es\/de\/producto\/sardellenfilets-codesa-rr-50-gold-series\/","og_locale":"de_DE","og_type":"article","og_title":"Sardellenfilets Codesa RR-50 Gold Series - El Mejor Jam\u00f3n","og_description":"Sardellenfilets Codesa RR-50 Gold Series. Die Gold Serie wird mit Bocarte \/ Boquer\u00f3n von der CERCO Fischerei hergestellt, die in den Fischerh\u00e4fen des Kantabrischen Meeres in den Monaten April und Mai erworben wurde, wo wir die besten Artikel f\u00fcr ihre Gr\u00f6\u00dfe und Frische ausw\u00e4hlen, nachdem sie in MARINE SALT w\u00e4hrend Im Durchschnitt von einem Jahr [&hellip;]","og_url":"https:\/\/elmejorjamon.es\/de\/producto\/sardellenfilets-codesa-rr-50-gold-series\/","og_site_name":"El Mejor Jam\u00f3n","article_publisher":"https:\/\/www.facebook.com\/elmejorjamonweb","article_modified_time":"2026-03-20T09:21:54+00:00","og_image":[{"width":1100,"height":1422,"url":"https:\/\/elmejorjamon.es\/wp-content\/uploads\/2017\/10\/2645-thickbox_default-Filetes-de-anchoa-Codesa-RR-50-Serie-Oro.jpg","type":"image\/jpeg"}],"twitter_card":"summary_large_image","twitter_site":"@elmejorjamonweb","twitter_misc":{"Gesch\u00e4tzte Lesezeit":"1\u00a0Minute"},"schema":{"@context":"https:\/\/schema.org","@graph":[{"@type":"WebPage","@id":"https:\/\/elmejorjamon.es\/de\/producto\/sardellenfilets-codesa-rr-50-gold-series\/","url":"https:\/\/elmejorjamon.es\/de\/producto\/sardellenfilets-codesa-rr-50-gold-series\/","name":"Sardellenfilets Codesa RR-50 Gold Series - El Mejor Jam\u00f3n","isPartOf":{"@id":"https:\/\/elmejorjamon.es\/#website"},"primaryImageOfPage":{"@id":"https:\/\/elmejorjamon.es\/de\/producto\/sardellenfilets-codesa-rr-50-gold-series\/#primaryimage"},"image":{"@id":"https:\/\/elmejorjamon.es\/de\/producto\/sardellenfilets-codesa-rr-50-gold-series\/#primaryimage"},"thumbnailUrl":"https:\/\/elmejorjamon.es\/wp-content\/uploads\/2017\/10\/2645-thickbox_default-Filetes-de-anchoa-Codesa-RR-50-Serie-Oro.jpg","datePublished":"2017-10-15T17:11:16+00:00","dateModified":"2026-03-20T09:21:54+00:00","breadcrumb":{"@id":"https:\/\/elmejorjamon.es\/de\/producto\/sardellenfilets-codesa-rr-50-gold-series\/#breadcrumb"},"inLanguage":"de","potentialAction":[{"@type":"ReadAction","target":["https:\/\/elmejorjamon.es\/de\/producto\/sardellenfilets-codesa-rr-50-gold-series\/"]}]},{"@type":"ImageObject","inLanguage":"de","@id":"https:\/\/elmejorjamon.es\/de\/producto\/sardellenfilets-codesa-rr-50-gold-series\/#primaryimage","url":"https:\/\/elmejorjamon.es\/wp-content\/uploads\/2017\/10\/2645-thickbox_default-Filetes-de-anchoa-Codesa-RR-50-Serie-Oro.jpg","contentUrl":"https:\/\/elmejorjamon.es\/wp-content\/uploads\/2017\/10\/2645-thickbox_default-Filetes-de-anchoa-Codesa-RR-50-Serie-Oro.jpg","width":1100,"height":1422},{"@type":"BreadcrumbList","@id":"https:\/\/elmejorjamon.es\/de\/producto\/sardellenfilets-codesa-rr-50-gold-series\/#breadcrumb","itemListElement":[{"@type":"ListItem","position":1,"name":"Portada","item":"https:\/\/elmejorjamon.es\/de\/"},{"@type":"ListItem","position":2,"name":"Schnellstart","item":"https:\/\/elmejorjamon.es\/de\/"},{"@type":"ListItem","position":3,"name":"Sardellenfilets Codesa RR-50 Gold Series"}]},{"@type":"WebSite","@id":"https:\/\/elmejorjamon.es\/#website","url":"https:\/\/elmejorjamon.es\/","name":"El Mejor Jam\u00f3n","description":"Comprar jamones y embutidos a buen precio","publisher":{"@id":"https:\/\/elmejorjamon.es\/#organization"},"potentialAction":[{"@type":"SearchAction","target":{"@type":"EntryPoint","urlTemplate":"https:\/\/elmejorjamon.es\/?s={search_term_string}"},"query-input":{"@type":"PropertyValueSpecification","valueRequired":true,"valueName":"search_term_string"}}],"inLanguage":"de"},{"@type":"Organization","@id":"https:\/\/elmejorjamon.es\/#organization","name":"El Mejor Jam\u00f3n","url":"https:\/\/elmejorjamon.es\/","logo":{"@type":"ImageObject","inLanguage":"de","@id":"https:\/\/elmejorjamon.es\/#\/schema\/logo\/image\/","url":"https:\/\/elmejorjamon.es\/wp-content\/uploads\/2025\/01\/logocorreos.png","contentUrl":"https:\/\/elmejorjamon.es\/wp-content\/uploads\/2025\/01\/logocorreos.png","width":277,"height":200,"caption":"El Mejor Jam\u00f3n"},"image":{"@id":"https:\/\/elmejorjamon.es\/#\/schema\/logo\/image\/"},"sameAs":["https:\/\/www.facebook.com\/elmejorjamonweb","https:\/\/x.com\/elmejorjamonweb","https:\/\/www.instagram.com\/elmejorjamonweb\/"]}]}},"_links":{"self":[{"href":"https:\/\/elmejorjamon.es\/de\/wp-json\/wp\/v2\/product\/3505","targetHints":{"allow":["GET"]}}],"collection":[{"href":"https:\/\/elmejorjamon.es\/de\/wp-json\/wp\/v2\/product"}],"about":[{"href":"https:\/\/elmejorjamon.es\/de\/wp-json\/wp\/v2\/types\/product"}],"replies":[{"embeddable":true,"href":"https:\/\/elmejorjamon.es\/de\/wp-json\/wp\/v2\/comments?post=3505"}],"wp:featuredmedia":[{"embeddable":true,"href":"https:\/\/elmejorjamon.es\/de\/wp-json\/wp\/v2\/media\/16495"}],"wp:attachment":[{"href":"https:\/\/elmejorjamon.es\/de\/wp-json\/wp\/v2\/media?parent=3505"}],"wp:term":[{"taxonomy":"product_brand","embeddable":true,"href":"https:\/\/elmejorjamon.es\/de\/wp-json\/wp\/v2\/product_brand?post=3505"},{"taxonomy":"product_cat","embeddable":true,"href":"https:\/\/elmejorjamon.es\/de\/wp-json\/wp\/v2\/product_cat?post=3505"},{"taxonomy":"product_tag","embeddable":true,"href":"https:\/\/elmejorjamon.es\/de\/wp-json\/wp\/v2\/product_tag?post=3505"}],"curies":[{"name":"wp","href":"https:\/\/api.w.org\/{rel}","templated":true}]}}