{"id":2806,"date":"2014-09-28T18:51:32","date_gmt":"2014-09-28T16:51:32","guid":{"rendered":"https:\/\/nueva.elmejorjamon.es\/producto\/sardellenfilets-codesa-710-stueck-limitierte-serie\/"},"modified":"2026-03-20T10:21:54","modified_gmt":"2026-03-20T09:21:54","slug":"sardellenfilets-codesa-710-stueck-limitierte-serie","status":"publish","type":"product","link":"https:\/\/elmejorjamon.es\/de\/producto\/sardellenfilets-codesa-710-stueck-limitierte-serie\/","title":{"rendered":"Sardellenfilets Codesa 7\/10 St\u00fcck limitierte Serie."},"content":{"rendered":"<p>Sardellenfilets Codesa 7\/10 St\u00fcck limitierte Serie.<\/p>\n<p>Die Limited Series wird mit der Auswahl der GR\u00d6\u00dfTEN KALIBER von Bocarte \/ boquer\u00f3n in den F\u00e4ngen von ALBA ausgew\u00e4hlt, die in den Monaten April und Mai in den Seeh\u00e4fen des Golfs von Biskaya erworben wurden, wo die Bocarte \/ Boquer\u00f3n ihre maximale Qualit\u00e4t erreicht die Ausarbeitung der Salting, die im Keller f\u00fcr durchschnittlich ein Jahr geheilt wird. Sp\u00e4ter wird es in appetitlichen Filets in einer v\u00f6llig handgemachten Art und Weise verarbeitet, wo nur einige erfahrene kantabrische Fileth\u00e4nde in der Lage sein werden, sie zu verw\u00f6hnen und sie in kleinen LIMITED PRODUCTIONS zu verarbeiten, wo die MAXIMALE QUALIT\u00c4T die Quantit\u00e4t \u00fcberwiegen wird. Schlie\u00dflich werden sie in den Jahren 2012, 2013 und 2015 von einem der besten AOVEMedalla aus Gold zum besten \u00d6l der Welt umfunktioniert, das sich perfekt f\u00fcr die anspruchsvollsten Gaumen eignet.<\/p>\n<p>Wie diese Sardellen verarbeitet werden, das zeugt von Sorgfalt und Leidenschaft zum Detail: Die Filets werden nach dem Salzen einzeln gesichtet, in Handarbeit von Hautfetzen und dunklen Stellen befreit und in die Dosen geschichtet. Jeder Dose wird ein Name beigelegt, der es erlaubt, ihren Inhalt bis zu dem Mitarbeiter zur\u00fcckzuverfolgen, der ihn bearbeitet hat. Sardellenliebhaber erleben wunderbar fleischige, saubere und zarte Sardellenfilets mit feinaromatischem Geschmack, die Kenner als \u201eSchinken des Meeres\u201c beschreiben. F\u00fcr die \u201eSerie Limitada\u201c werden dabei nur Filets ausgew\u00e4hlt, die sich durch ganz besondere Makellosigkeit auszeichnen.<\/p>\n","protected":false},"excerpt":{"rendered":"<p>Sardellenfilets Codesa 7\/10 St\u00fcck limitierte Serie. Die Limited Series wird mit der Auswahl der GR\u00d6\u00dfTEN KALIBER von Bocarte \/ boquer\u00f3n in den F\u00e4ngen von ALBA ausgew\u00e4hlt, die in den Monaten April und Mai in den Seeh\u00e4fen des Golfs von Biskaya erworben wurden, wo die Bocarte \/ Boquer\u00f3n ihre maximale Qualit\u00e4t erreicht die Ausarbeitung der Salting, [&hellip;]<\/p>\n","protected":false},"featured_media":2794,"comment_status":"open","ping_status":"closed","template":"","meta":{"_et_pb_use_builder":"","_et_pb_old_content":"","_et_gb_content_width":"","_sitemap_exclude":false,"_sitemap_priority":"","_sitemap_frequency":""},"product_brand":[],"product_cat":[48,42,186,24],"product_tag":[],"class_list":{"0":"post-2806","1":"product","2":"type-product","3":"status-publish","4":"has-post-thumbnail","6":"product_cat-alle-produkte","7":"product_cat-conservas-de","8":"product_cat-sardellen","9":"product_cat-startseite","10":"product_shipping_class-normal-de","11":"pa_opciones-1einheit-de","12":"pa_opciones-boxmit24einheiten-de","14":"first","15":"instock","16":"shipping-taxable","17":"purchasable","18":"product-type-variable","19":"has-default-attributes"},"yoast_head":"<!-- This site is optimized with the Yoast SEO plugin v27.2 - https:\/\/yoast.com\/product\/yoast-seo-wordpress\/ -->\n<title>Sardellenfilets Codesa 7\/10 St\u00fcck limitierte Serie. - El Mejor Jam\u00f3n<\/title>\n<meta name=\"robots\" content=\"index, follow, max-snippet:-1, max-image-preview:large, max-video-preview:-1\" \/>\n<link rel=\"canonical\" href=\"https:\/\/elmejorjamon.es\/de\/producto\/sardellenfilets-codesa-710-stueck-limitierte-serie\/\" \/>\n<meta property=\"og:locale\" content=\"de_DE\" \/>\n<meta property=\"og:type\" content=\"article\" \/>\n<meta property=\"og:title\" content=\"Sardellenfilets Codesa 7\/10 St\u00fcck limitierte Serie. - El Mejor Jam\u00f3n\" \/>\n<meta property=\"og:description\" content=\"Sardellenfilets Codesa 7\/10 St\u00fcck limitierte Serie. Die Limited Series wird mit der Auswahl der GR\u00d6\u00dfTEN KALIBER von Bocarte \/ boquer\u00f3n in den F\u00e4ngen von ALBA ausgew\u00e4hlt, die in den Monaten April und Mai in den Seeh\u00e4fen des Golfs von Biskaya erworben wurden, wo die Bocarte \/ Boquer\u00f3n ihre maximale Qualit\u00e4t erreicht die Ausarbeitung der Salting, [&hellip;]\" \/>\n<meta property=\"og:url\" content=\"https:\/\/elmejorjamon.es\/de\/producto\/sardellenfilets-codesa-710-stueck-limitierte-serie\/\" \/>\n<meta property=\"og:site_name\" content=\"El Mejor Jam\u00f3n\" \/>\n<meta property=\"article:publisher\" content=\"https:\/\/www.facebook.com\/elmejorjamonweb\" \/>\n<meta property=\"article:modified_time\" content=\"2026-03-20T09:21:54+00:00\" \/>\n<meta property=\"og:image\" content=\"https:\/\/elmejorjamon.es\/wp-content\/uploads\/2014\/09\/2630-thickbox_default-Filetes-de-anchoa-Codesa-16-lin.-negra-limitada.jpg\" \/>\n\t<meta property=\"og:image:width\" content=\"1100\" \/>\n\t<meta property=\"og:image:height\" content=\"1422\" \/>\n\t<meta property=\"og:image:type\" content=\"image\/jpeg\" \/>\n<meta name=\"twitter:card\" content=\"summary_large_image\" \/>\n<meta name=\"twitter:site\" content=\"@elmejorjamonweb\" \/>\n<meta name=\"twitter:label1\" content=\"Gesch\u00e4tzte Lesezeit\" \/>\n\t<meta name=\"twitter:data1\" content=\"1\u00a0Minute\" \/>\n<script type=\"application\/ld+json\" class=\"yoast-schema-graph\">{\"@context\":\"https:\/\/schema.org\",\"@graph\":[{\"@type\":\"WebPage\",\"@id\":\"https:\/\/elmejorjamon.es\/de\/producto\/sardellenfilets-codesa-710-stueck-limitierte-serie\/\",\"url\":\"https:\/\/elmejorjamon.es\/de\/producto\/sardellenfilets-codesa-710-stueck-limitierte-serie\/\",\"name\":\"Sardellenfilets Codesa 7\/10 St\u00fcck limitierte Serie. - El Mejor Jam\u00f3n\",\"isPartOf\":{\"@id\":\"https:\/\/elmejorjamon.es\/#website\"},\"primaryImageOfPage\":{\"@id\":\"https:\/\/elmejorjamon.es\/de\/producto\/sardellenfilets-codesa-710-stueck-limitierte-serie\/#primaryimage\"},\"image\":{\"@id\":\"https:\/\/elmejorjamon.es\/de\/producto\/sardellenfilets-codesa-710-stueck-limitierte-serie\/#primaryimage\"},\"thumbnailUrl\":\"https:\/\/elmejorjamon.es\/wp-content\/uploads\/2014\/09\/2630-thickbox_default-Filetes-de-anchoa-Codesa-16-lin.-negra-limitada.jpg\",\"datePublished\":\"2014-09-28T16:51:32+00:00\",\"dateModified\":\"2026-03-20T09:21:54+00:00\",\"breadcrumb\":{\"@id\":\"https:\/\/elmejorjamon.es\/de\/producto\/sardellenfilets-codesa-710-stueck-limitierte-serie\/#breadcrumb\"},\"inLanguage\":\"de\",\"potentialAction\":[{\"@type\":\"ReadAction\",\"target\":[\"https:\/\/elmejorjamon.es\/de\/producto\/sardellenfilets-codesa-710-stueck-limitierte-serie\/\"]}]},{\"@type\":\"ImageObject\",\"inLanguage\":\"de\",\"@id\":\"https:\/\/elmejorjamon.es\/de\/producto\/sardellenfilets-codesa-710-stueck-limitierte-serie\/#primaryimage\",\"url\":\"https:\/\/elmejorjamon.es\/wp-content\/uploads\/2014\/09\/2630-thickbox_default-Filetes-de-anchoa-Codesa-16-lin.-negra-limitada.jpg\",\"contentUrl\":\"https:\/\/elmejorjamon.es\/wp-content\/uploads\/2014\/09\/2630-thickbox_default-Filetes-de-anchoa-Codesa-16-lin.-negra-limitada.jpg\",\"width\":1100,\"height\":1422},{\"@type\":\"BreadcrumbList\",\"@id\":\"https:\/\/elmejorjamon.es\/de\/producto\/sardellenfilets-codesa-710-stueck-limitierte-serie\/#breadcrumb\",\"itemListElement\":[{\"@type\":\"ListItem\",\"position\":1,\"name\":\"Portada\",\"item\":\"https:\/\/elmejorjamon.es\/de\/\"},{\"@type\":\"ListItem\",\"position\":2,\"name\":\"Schnellstart\",\"item\":\"https:\/\/elmejorjamon.es\/de\/\"},{\"@type\":\"ListItem\",\"position\":3,\"name\":\"Sardellenfilets Codesa 7\/10 St\u00fcck limitierte Serie.\"}]},{\"@type\":\"WebSite\",\"@id\":\"https:\/\/elmejorjamon.es\/#website\",\"url\":\"https:\/\/elmejorjamon.es\/\",\"name\":\"El Mejor Jam\u00f3n\",\"description\":\"Comprar jamones y embutidos a buen precio\",\"publisher\":{\"@id\":\"https:\/\/elmejorjamon.es\/#organization\"},\"potentialAction\":[{\"@type\":\"SearchAction\",\"target\":{\"@type\":\"EntryPoint\",\"urlTemplate\":\"https:\/\/elmejorjamon.es\/?s={search_term_string}\"},\"query-input\":{\"@type\":\"PropertyValueSpecification\",\"valueRequired\":true,\"valueName\":\"search_term_string\"}}],\"inLanguage\":\"de\"},{\"@type\":\"Organization\",\"@id\":\"https:\/\/elmejorjamon.es\/#organization\",\"name\":\"El Mejor Jam\u00f3n\",\"url\":\"https:\/\/elmejorjamon.es\/\",\"logo\":{\"@type\":\"ImageObject\",\"inLanguage\":\"de\",\"@id\":\"https:\/\/elmejorjamon.es\/#\/schema\/logo\/image\/\",\"url\":\"https:\/\/elmejorjamon.es\/wp-content\/uploads\/2025\/01\/logocorreos.png\",\"contentUrl\":\"https:\/\/elmejorjamon.es\/wp-content\/uploads\/2025\/01\/logocorreos.png\",\"width\":277,\"height\":200,\"caption\":\"El Mejor Jam\u00f3n\"},\"image\":{\"@id\":\"https:\/\/elmejorjamon.es\/#\/schema\/logo\/image\/\"},\"sameAs\":[\"https:\/\/www.facebook.com\/elmejorjamonweb\",\"https:\/\/x.com\/elmejorjamonweb\",\"https:\/\/www.instagram.com\/elmejorjamonweb\/\"]}]}<\/script>\n<!-- \/ Yoast SEO plugin. -->","yoast_head_json":{"title":"Sardellenfilets Codesa 7\/10 St\u00fcck limitierte Serie. - El Mejor Jam\u00f3n","robots":{"index":"index","follow":"follow","max-snippet":"max-snippet:-1","max-image-preview":"max-image-preview:large","max-video-preview":"max-video-preview:-1"},"canonical":"https:\/\/elmejorjamon.es\/de\/producto\/sardellenfilets-codesa-710-stueck-limitierte-serie\/","og_locale":"de_DE","og_type":"article","og_title":"Sardellenfilets Codesa 7\/10 St\u00fcck limitierte Serie. - El Mejor Jam\u00f3n","og_description":"Sardellenfilets Codesa 7\/10 St\u00fcck limitierte Serie. Die Limited Series wird mit der Auswahl der GR\u00d6\u00dfTEN KALIBER von Bocarte \/ boquer\u00f3n in den F\u00e4ngen von ALBA ausgew\u00e4hlt, die in den Monaten April und Mai in den Seeh\u00e4fen des Golfs von Biskaya erworben wurden, wo die Bocarte \/ Boquer\u00f3n ihre maximale Qualit\u00e4t erreicht die Ausarbeitung der Salting, [&hellip;]","og_url":"https:\/\/elmejorjamon.es\/de\/producto\/sardellenfilets-codesa-710-stueck-limitierte-serie\/","og_site_name":"El Mejor Jam\u00f3n","article_publisher":"https:\/\/www.facebook.com\/elmejorjamonweb","article_modified_time":"2026-03-20T09:21:54+00:00","og_image":[{"width":1100,"height":1422,"url":"https:\/\/elmejorjamon.es\/wp-content\/uploads\/2014\/09\/2630-thickbox_default-Filetes-de-anchoa-Codesa-16-lin.-negra-limitada.jpg","type":"image\/jpeg"}],"twitter_card":"summary_large_image","twitter_site":"@elmejorjamonweb","twitter_misc":{"Gesch\u00e4tzte Lesezeit":"1\u00a0Minute"},"schema":{"@context":"https:\/\/schema.org","@graph":[{"@type":"WebPage","@id":"https:\/\/elmejorjamon.es\/de\/producto\/sardellenfilets-codesa-710-stueck-limitierte-serie\/","url":"https:\/\/elmejorjamon.es\/de\/producto\/sardellenfilets-codesa-710-stueck-limitierte-serie\/","name":"Sardellenfilets Codesa 7\/10 St\u00fcck limitierte Serie. - El Mejor Jam\u00f3n","isPartOf":{"@id":"https:\/\/elmejorjamon.es\/#website"},"primaryImageOfPage":{"@id":"https:\/\/elmejorjamon.es\/de\/producto\/sardellenfilets-codesa-710-stueck-limitierte-serie\/#primaryimage"},"image":{"@id":"https:\/\/elmejorjamon.es\/de\/producto\/sardellenfilets-codesa-710-stueck-limitierte-serie\/#primaryimage"},"thumbnailUrl":"https:\/\/elmejorjamon.es\/wp-content\/uploads\/2014\/09\/2630-thickbox_default-Filetes-de-anchoa-Codesa-16-lin.-negra-limitada.jpg","datePublished":"2014-09-28T16:51:32+00:00","dateModified":"2026-03-20T09:21:54+00:00","breadcrumb":{"@id":"https:\/\/elmejorjamon.es\/de\/producto\/sardellenfilets-codesa-710-stueck-limitierte-serie\/#breadcrumb"},"inLanguage":"de","potentialAction":[{"@type":"ReadAction","target":["https:\/\/elmejorjamon.es\/de\/producto\/sardellenfilets-codesa-710-stueck-limitierte-serie\/"]}]},{"@type":"ImageObject","inLanguage":"de","@id":"https:\/\/elmejorjamon.es\/de\/producto\/sardellenfilets-codesa-710-stueck-limitierte-serie\/#primaryimage","url":"https:\/\/elmejorjamon.es\/wp-content\/uploads\/2014\/09\/2630-thickbox_default-Filetes-de-anchoa-Codesa-16-lin.-negra-limitada.jpg","contentUrl":"https:\/\/elmejorjamon.es\/wp-content\/uploads\/2014\/09\/2630-thickbox_default-Filetes-de-anchoa-Codesa-16-lin.-negra-limitada.jpg","width":1100,"height":1422},{"@type":"BreadcrumbList","@id":"https:\/\/elmejorjamon.es\/de\/producto\/sardellenfilets-codesa-710-stueck-limitierte-serie\/#breadcrumb","itemListElement":[{"@type":"ListItem","position":1,"name":"Portada","item":"https:\/\/elmejorjamon.es\/de\/"},{"@type":"ListItem","position":2,"name":"Schnellstart","item":"https:\/\/elmejorjamon.es\/de\/"},{"@type":"ListItem","position":3,"name":"Sardellenfilets Codesa 7\/10 St\u00fcck limitierte Serie."}]},{"@type":"WebSite","@id":"https:\/\/elmejorjamon.es\/#website","url":"https:\/\/elmejorjamon.es\/","name":"El Mejor Jam\u00f3n","description":"Comprar jamones y embutidos a buen precio","publisher":{"@id":"https:\/\/elmejorjamon.es\/#organization"},"potentialAction":[{"@type":"SearchAction","target":{"@type":"EntryPoint","urlTemplate":"https:\/\/elmejorjamon.es\/?s={search_term_string}"},"query-input":{"@type":"PropertyValueSpecification","valueRequired":true,"valueName":"search_term_string"}}],"inLanguage":"de"},{"@type":"Organization","@id":"https:\/\/elmejorjamon.es\/#organization","name":"El Mejor Jam\u00f3n","url":"https:\/\/elmejorjamon.es\/","logo":{"@type":"ImageObject","inLanguage":"de","@id":"https:\/\/elmejorjamon.es\/#\/schema\/logo\/image\/","url":"https:\/\/elmejorjamon.es\/wp-content\/uploads\/2025\/01\/logocorreos.png","contentUrl":"https:\/\/elmejorjamon.es\/wp-content\/uploads\/2025\/01\/logocorreos.png","width":277,"height":200,"caption":"El Mejor Jam\u00f3n"},"image":{"@id":"https:\/\/elmejorjamon.es\/#\/schema\/logo\/image\/"},"sameAs":["https:\/\/www.facebook.com\/elmejorjamonweb","https:\/\/x.com\/elmejorjamonweb","https:\/\/www.instagram.com\/elmejorjamonweb\/"]}]}},"_links":{"self":[{"href":"https:\/\/elmejorjamon.es\/de\/wp-json\/wp\/v2\/product\/2806","targetHints":{"allow":["GET"]}}],"collection":[{"href":"https:\/\/elmejorjamon.es\/de\/wp-json\/wp\/v2\/product"}],"about":[{"href":"https:\/\/elmejorjamon.es\/de\/wp-json\/wp\/v2\/types\/product"}],"replies":[{"embeddable":true,"href":"https:\/\/elmejorjamon.es\/de\/wp-json\/wp\/v2\/comments?post=2806"}],"wp:featuredmedia":[{"embeddable":true,"href":"https:\/\/elmejorjamon.es\/de\/wp-json\/wp\/v2\/media\/2794"}],"wp:attachment":[{"href":"https:\/\/elmejorjamon.es\/de\/wp-json\/wp\/v2\/media?parent=2806"}],"wp:term":[{"taxonomy":"product_brand","embeddable":true,"href":"https:\/\/elmejorjamon.es\/de\/wp-json\/wp\/v2\/product_brand?post=2806"},{"taxonomy":"product_cat","embeddable":true,"href":"https:\/\/elmejorjamon.es\/de\/wp-json\/wp\/v2\/product_cat?post=2806"},{"taxonomy":"product_tag","embeddable":true,"href":"https:\/\/elmejorjamon.es\/de\/wp-json\/wp\/v2\/product_tag?post=2806"}],"curies":[{"name":"wp","href":"https:\/\/api.w.org\/{rel}","templated":true}]}}