{"id":2446,"date":"2013-01-21T23:44:42","date_gmt":"2013-01-21T22:44:42","guid":{"rendered":"https:\/\/nueva.elmejorjamon.es\/producto\/gesalzene-kabeljaubroesel-typ-ling-2-kg\/"},"modified":"2013-01-21T23:44:42","modified_gmt":"2013-01-21T22:44:42","slug":"gesalzene-kabeljaubroesel-typ-ling-2-kg","status":"publish","type":"product","link":"https:\/\/elmejorjamon.es\/de\/producto\/gesalzene-kabeljaubroesel-typ-ling-2-kg\/","title":{"rendered":"Gesalzene Kabeljaubr\u00f6sel Typ Ling 2 kg."},"content":{"rendered":"<p>Gesalzene Kabeljaubr\u00f6sel Typ Ling 2 kg. Vor dem Verzehr muss das Produkt entsalzt werden.Um den Kabeljau zu entsalzen, muss zuerst die Salzschicht, die es bedeckt, mit einem feuchten Tuch oder unter dem Wasserhahn mit einem Rinnsal entfernt werden von Wasser. Die Dorschportionen m\u00fcssen dieselbe Dicke haben. Wenn sie anders sind, ist es besser, sie in einem anderen Beh\u00e4lter zu trennen. Legen Sie den Kabeljau mit der Haut in einen Beh\u00e4lter mit kaltem und reichlich Wasser (mindestens drei Teile Wasser f\u00fcr jeden Teil Kabeljau) im K\u00fchlschrank, zwischen 6 und 8 \u00b0 C f\u00fcr 4 Tage. Wenn es bei einer niedrigeren Temperatur entsalzt wird, wird der Prozess l\u00e4nger dauern. Wenn es bei einer h\u00f6heren Temperatur hergestellt wird, verliert das Fleisch an Konsistenz. W\u00e4hrend der n\u00e4chsten zwei Tage das Wasser nur einmal t\u00e4glich wechseln und den Beh\u00e4lter im K\u00fchlschrank aufbewahren. Es wird empfohlen, den Punkt Salz zu probieren, der schmeckt. Lassen Sie es abtropfen, trocknen Sie es vor dem Kochen mit einem Tuch und Sie sind bereit.<\/p>\n","protected":false},"excerpt":{"rendered":"<p>Gesalzene Kabeljaubr\u00f6sel Typ Ling 2 kg.<\/p>\n","protected":false},"featured_media":2431,"comment_status":"open","ping_status":"closed","template":"","meta":{"_et_pb_use_builder":"","_et_pb_old_content":"","_et_gb_content_width":"","_sitemap_exclude":false,"_sitemap_priority":"","_sitemap_frequency":""},"product_brand":[],"product_cat":[48,66,24],"product_tag":[],"class_list":{"0":"post-2446","1":"product","2":"type-product","3":"status-publish","4":"has-post-thumbnail","6":"product_cat-alle-produkte","7":"product_cat-salazones-de","8":"product_cat-startseite","9":"product_shipping_class-normal-de","11":"first","12":"instock","13":"shipping-taxable","14":"purchasable","15":"product-type-simple"},"yoast_head":"<!-- This site is optimized with the Yoast SEO plugin v27.4 - https:\/\/yoast.com\/product\/yoast-seo-wordpress\/ -->\n<title>Gesalzene Kabeljaubr\u00f6sel Typ Ling 2 kg. - El Mejor Jam\u00f3n<\/title>\n<meta name=\"robots\" content=\"index, follow, max-snippet:-1, max-image-preview:large, max-video-preview:-1\" \/>\n<link rel=\"canonical\" href=\"https:\/\/elmejorjamon.es\/producto\/migas-de-maruca-o-abadejo-salado-2-kg\/\" \/>\n<meta property=\"og:locale\" content=\"de_DE\" \/>\n<meta property=\"og:type\" content=\"article\" \/>\n<meta property=\"og:title\" content=\"Gesalzene Kabeljaubr\u00f6sel Typ Ling 2 kg. - El Mejor Jam\u00f3n\" \/>\n<meta property=\"og:description\" content=\"Gesalzene Kabeljaubr\u00f6sel Typ Ling 2 kg.\" \/>\n<meta property=\"og:url\" content=\"https:\/\/elmejorjamon.es\/producto\/migas-de-maruca-o-abadejo-salado-2-kg\/\" \/>\n<meta property=\"og:site_name\" content=\"El Mejor Jam\u00f3n\" \/>\n<meta property=\"article:publisher\" content=\"https:\/\/www.facebook.com\/elmejorjamonweb\" \/>\n<meta property=\"og:image\" content=\"https:\/\/elmejorjamon.es\/wp-content\/uploads\/2013\/01\/1037-thickbox_default-Migas-de-bacalao-salado-tipo-ling-5-kg.jpg\" \/>\n\t<meta property=\"og:image:width\" content=\"1100\" \/>\n\t<meta property=\"og:image:height\" content=\"1422\" \/>\n\t<meta property=\"og:image:type\" content=\"image\/jpeg\" \/>\n<meta name=\"twitter:card\" content=\"summary_large_image\" \/>\n<meta name=\"twitter:site\" content=\"@elmejorjamonweb\" \/>\n<meta name=\"twitter:label1\" content=\"Gesch\u00e4tzte Lesezeit\" \/>\n\t<meta name=\"twitter:data1\" content=\"1\u00a0Minute\" \/>\n<script type=\"application\/ld+json\" class=\"yoast-schema-graph\">{\"@context\":\"https:\\\/\\\/schema.org\",\"@graph\":[{\"@type\":\"WebPage\",\"@id\":\"https:\\\/\\\/elmejorjamon.es\\\/producto\\\/migas-de-maruca-o-abadejo-salado-2-kg\\\/\",\"url\":\"https:\\\/\\\/elmejorjamon.es\\\/producto\\\/migas-de-maruca-o-abadejo-salado-2-kg\\\/\",\"name\":\"Gesalzene Kabeljaubr\u00f6sel Typ Ling 2 kg. - El Mejor Jam\u00f3n\",\"isPartOf\":{\"@id\":\"https:\\\/\\\/elmejorjamon.es\\\/#website\"},\"primaryImageOfPage\":{\"@id\":\"https:\\\/\\\/elmejorjamon.es\\\/producto\\\/migas-de-maruca-o-abadejo-salado-2-kg\\\/#primaryimage\"},\"image\":{\"@id\":\"https:\\\/\\\/elmejorjamon.es\\\/producto\\\/migas-de-maruca-o-abadejo-salado-2-kg\\\/#primaryimage\"},\"thumbnailUrl\":\"https:\\\/\\\/elmejorjamon.es\\\/wp-content\\\/uploads\\\/2013\\\/01\\\/1037-thickbox_default-Migas-de-bacalao-salado-tipo-ling-5-kg.jpg\",\"datePublished\":\"2013-01-21T22:44:42+00:00\",\"breadcrumb\":{\"@id\":\"https:\\\/\\\/elmejorjamon.es\\\/producto\\\/migas-de-maruca-o-abadejo-salado-2-kg\\\/#breadcrumb\"},\"inLanguage\":\"de\",\"potentialAction\":[{\"@type\":\"ReadAction\",\"target\":[\"https:\\\/\\\/elmejorjamon.es\\\/producto\\\/migas-de-maruca-o-abadejo-salado-2-kg\\\/\"]}]},{\"@type\":\"ImageObject\",\"inLanguage\":\"de\",\"@id\":\"https:\\\/\\\/elmejorjamon.es\\\/producto\\\/migas-de-maruca-o-abadejo-salado-2-kg\\\/#primaryimage\",\"url\":\"https:\\\/\\\/elmejorjamon.es\\\/wp-content\\\/uploads\\\/2013\\\/01\\\/1037-thickbox_default-Migas-de-bacalao-salado-tipo-ling-5-kg.jpg\",\"contentUrl\":\"https:\\\/\\\/elmejorjamon.es\\\/wp-content\\\/uploads\\\/2013\\\/01\\\/1037-thickbox_default-Migas-de-bacalao-salado-tipo-ling-5-kg.jpg\",\"width\":1100,\"height\":1422,\"caption\":\"Migas de bacalao salado tipo ling 5 kg.\"},{\"@type\":\"BreadcrumbList\",\"@id\":\"https:\\\/\\\/elmejorjamon.es\\\/producto\\\/migas-de-maruca-o-abadejo-salado-2-kg\\\/#breadcrumb\",\"itemListElement\":[{\"@type\":\"ListItem\",\"position\":1,\"name\":\"Portada\",\"item\":\"https:\\\/\\\/elmejorjamon.es\\\/de\\\/\"},{\"@type\":\"ListItem\",\"position\":2,\"name\":\"Schnellstart\",\"item\":\"https:\\\/\\\/elmejorjamon.es\\\/de\\\/\"},{\"@type\":\"ListItem\",\"position\":3,\"name\":\"Gesalzene Kabeljaubr\u00f6sel Typ Ling 2 kg.\"}]},{\"@type\":\"WebSite\",\"@id\":\"https:\\\/\\\/elmejorjamon.es\\\/#website\",\"url\":\"https:\\\/\\\/elmejorjamon.es\\\/\",\"name\":\"El Mejor Jam\u00f3n\",\"description\":\"Comprar jamones y embutidos a buen precio\",\"publisher\":{\"@id\":\"https:\\\/\\\/elmejorjamon.es\\\/#organization\"},\"potentialAction\":[{\"@type\":\"SearchAction\",\"target\":{\"@type\":\"EntryPoint\",\"urlTemplate\":\"https:\\\/\\\/elmejorjamon.es\\\/?s={search_term_string}\"},\"query-input\":{\"@type\":\"PropertyValueSpecification\",\"valueRequired\":true,\"valueName\":\"search_term_string\"}}],\"inLanguage\":\"de\"},{\"@type\":\"Organization\",\"@id\":\"https:\\\/\\\/elmejorjamon.es\\\/#organization\",\"name\":\"El Mejor Jam\u00f3n\",\"url\":\"https:\\\/\\\/elmejorjamon.es\\\/\",\"logo\":{\"@type\":\"ImageObject\",\"inLanguage\":\"de\",\"@id\":\"https:\\\/\\\/elmejorjamon.es\\\/#\\\/schema\\\/logo\\\/image\\\/\",\"url\":\"https:\\\/\\\/elmejorjamon.es\\\/wp-content\\\/uploads\\\/2025\\\/01\\\/logocorreos.png\",\"contentUrl\":\"https:\\\/\\\/elmejorjamon.es\\\/wp-content\\\/uploads\\\/2025\\\/01\\\/logocorreos.png\",\"width\":277,\"height\":200,\"caption\":\"El Mejor Jam\u00f3n\"},\"image\":{\"@id\":\"https:\\\/\\\/elmejorjamon.es\\\/#\\\/schema\\\/logo\\\/image\\\/\"},\"sameAs\":[\"https:\\\/\\\/www.facebook.com\\\/elmejorjamonweb\",\"https:\\\/\\\/x.com\\\/elmejorjamonweb\",\"https:\\\/\\\/www.instagram.com\\\/elmejorjamonweb\\\/\"]}]}<\/script>\n<!-- \/ Yoast SEO plugin. -->","yoast_head_json":{"title":"Gesalzene Kabeljaubr\u00f6sel Typ Ling 2 kg. - El Mejor Jam\u00f3n","robots":{"index":"index","follow":"follow","max-snippet":"max-snippet:-1","max-image-preview":"max-image-preview:large","max-video-preview":"max-video-preview:-1"},"canonical":"https:\/\/elmejorjamon.es\/producto\/migas-de-maruca-o-abadejo-salado-2-kg\/","og_locale":"de_DE","og_type":"article","og_title":"Gesalzene Kabeljaubr\u00f6sel Typ Ling 2 kg. - El Mejor Jam\u00f3n","og_description":"Gesalzene Kabeljaubr\u00f6sel Typ Ling 2 kg.","og_url":"https:\/\/elmejorjamon.es\/producto\/migas-de-maruca-o-abadejo-salado-2-kg\/","og_site_name":"El Mejor Jam\u00f3n","article_publisher":"https:\/\/www.facebook.com\/elmejorjamonweb","og_image":[{"width":1100,"height":1422,"url":"https:\/\/elmejorjamon.es\/wp-content\/uploads\/2013\/01\/1037-thickbox_default-Migas-de-bacalao-salado-tipo-ling-5-kg.jpg","type":"image\/jpeg"}],"twitter_card":"summary_large_image","twitter_site":"@elmejorjamonweb","twitter_misc":{"Gesch\u00e4tzte Lesezeit":"1\u00a0Minute"},"schema":{"@context":"https:\/\/schema.org","@graph":[{"@type":"WebPage","@id":"https:\/\/elmejorjamon.es\/producto\/migas-de-maruca-o-abadejo-salado-2-kg\/","url":"https:\/\/elmejorjamon.es\/producto\/migas-de-maruca-o-abadejo-salado-2-kg\/","name":"Gesalzene Kabeljaubr\u00f6sel Typ Ling 2 kg. - El Mejor Jam\u00f3n","isPartOf":{"@id":"https:\/\/elmejorjamon.es\/#website"},"primaryImageOfPage":{"@id":"https:\/\/elmejorjamon.es\/producto\/migas-de-maruca-o-abadejo-salado-2-kg\/#primaryimage"},"image":{"@id":"https:\/\/elmejorjamon.es\/producto\/migas-de-maruca-o-abadejo-salado-2-kg\/#primaryimage"},"thumbnailUrl":"https:\/\/elmejorjamon.es\/wp-content\/uploads\/2013\/01\/1037-thickbox_default-Migas-de-bacalao-salado-tipo-ling-5-kg.jpg","datePublished":"2013-01-21T22:44:42+00:00","breadcrumb":{"@id":"https:\/\/elmejorjamon.es\/producto\/migas-de-maruca-o-abadejo-salado-2-kg\/#breadcrumb"},"inLanguage":"de","potentialAction":[{"@type":"ReadAction","target":["https:\/\/elmejorjamon.es\/producto\/migas-de-maruca-o-abadejo-salado-2-kg\/"]}]},{"@type":"ImageObject","inLanguage":"de","@id":"https:\/\/elmejorjamon.es\/producto\/migas-de-maruca-o-abadejo-salado-2-kg\/#primaryimage","url":"https:\/\/elmejorjamon.es\/wp-content\/uploads\/2013\/01\/1037-thickbox_default-Migas-de-bacalao-salado-tipo-ling-5-kg.jpg","contentUrl":"https:\/\/elmejorjamon.es\/wp-content\/uploads\/2013\/01\/1037-thickbox_default-Migas-de-bacalao-salado-tipo-ling-5-kg.jpg","width":1100,"height":1422,"caption":"Migas de bacalao salado tipo ling 5 kg."},{"@type":"BreadcrumbList","@id":"https:\/\/elmejorjamon.es\/producto\/migas-de-maruca-o-abadejo-salado-2-kg\/#breadcrumb","itemListElement":[{"@type":"ListItem","position":1,"name":"Portada","item":"https:\/\/elmejorjamon.es\/de\/"},{"@type":"ListItem","position":2,"name":"Schnellstart","item":"https:\/\/elmejorjamon.es\/de\/"},{"@type":"ListItem","position":3,"name":"Gesalzene Kabeljaubr\u00f6sel Typ Ling 2 kg."}]},{"@type":"WebSite","@id":"https:\/\/elmejorjamon.es\/#website","url":"https:\/\/elmejorjamon.es\/","name":"El Mejor Jam\u00f3n","description":"Comprar jamones y embutidos a buen precio","publisher":{"@id":"https:\/\/elmejorjamon.es\/#organization"},"potentialAction":[{"@type":"SearchAction","target":{"@type":"EntryPoint","urlTemplate":"https:\/\/elmejorjamon.es\/?s={search_term_string}"},"query-input":{"@type":"PropertyValueSpecification","valueRequired":true,"valueName":"search_term_string"}}],"inLanguage":"de"},{"@type":"Organization","@id":"https:\/\/elmejorjamon.es\/#organization","name":"El Mejor Jam\u00f3n","url":"https:\/\/elmejorjamon.es\/","logo":{"@type":"ImageObject","inLanguage":"de","@id":"https:\/\/elmejorjamon.es\/#\/schema\/logo\/image\/","url":"https:\/\/elmejorjamon.es\/wp-content\/uploads\/2025\/01\/logocorreos.png","contentUrl":"https:\/\/elmejorjamon.es\/wp-content\/uploads\/2025\/01\/logocorreos.png","width":277,"height":200,"caption":"El Mejor Jam\u00f3n"},"image":{"@id":"https:\/\/elmejorjamon.es\/#\/schema\/logo\/image\/"},"sameAs":["https:\/\/www.facebook.com\/elmejorjamonweb","https:\/\/x.com\/elmejorjamonweb","https:\/\/www.instagram.com\/elmejorjamonweb\/"]}]}},"_links":{"self":[{"href":"https:\/\/elmejorjamon.es\/de\/wp-json\/wp\/v2\/product\/2446","targetHints":{"allow":["GET"]}}],"collection":[{"href":"https:\/\/elmejorjamon.es\/de\/wp-json\/wp\/v2\/product"}],"about":[{"href":"https:\/\/elmejorjamon.es\/de\/wp-json\/wp\/v2\/types\/product"}],"replies":[{"embeddable":true,"href":"https:\/\/elmejorjamon.es\/de\/wp-json\/wp\/v2\/comments?post=2446"}],"wp:featuredmedia":[{"embeddable":true,"href":"https:\/\/elmejorjamon.es\/de\/wp-json\/wp\/v2\/media\/2431"}],"wp:attachment":[{"href":"https:\/\/elmejorjamon.es\/de\/wp-json\/wp\/v2\/media?parent=2446"}],"wp:term":[{"taxonomy":"product_brand","embeddable":true,"href":"https:\/\/elmejorjamon.es\/de\/wp-json\/wp\/v2\/product_brand?post=2446"},{"taxonomy":"product_cat","embeddable":true,"href":"https:\/\/elmejorjamon.es\/de\/wp-json\/wp\/v2\/product_cat?post=2446"},{"taxonomy":"product_tag","embeddable":true,"href":"https:\/\/elmejorjamon.es\/de\/wp-json\/wp\/v2\/product_tag?post=2446"}],"curies":[{"name":"wp","href":"https:\/\/api.w.org\/{rel}","templated":true}]}}