{"id":22166,"date":"2026-04-10T12:51:40","date_gmt":"2026-04-10T10:51:40","guid":{"rendered":"https:\/\/elmejorjamon.es\/?post_type=product&#038;p=22166"},"modified":"2026-04-11T10:00:50","modified_gmt":"2026-04-11T08:00:50","slug":"autor-pago-francisco-gomez-extra-natives-olivenoel-500-ml","status":"publish","type":"product","link":"https:\/\/elmejorjamon.es\/de\/producto\/autor-pago-francisco-gomez-extra-natives-olivenoel-500-ml\/","title":{"rendered":"Autor Pago Francisco Gomez extra natives Oliven\u00f6l 500 ml."},"content":{"rendered":"<p>PASST ZU<br \/>\nAu\u00dfergew\u00f6hnliches natives Oliven\u00f6l extra. Ideal zum Verfeinern von Gourmet-Salaten, Wei\u00dffisch, Carpaccio und Frischk\u00e4se. Perfekt zum Rohverzehr auf handwerklich hergestelltem Brot oder als kr\u00f6nender Abschluss von Haute-Cuisine-Gerichten.<br \/>\nSORTEN: Picual \u2013 Lecciana \u2013 Chiquitita<br \/>\nHERSTELLUNG:<br \/>\nVERKOSTUNGSNOTIZEN<\/p>\n<p>Strahlend und leuchtend mit einer intensiven goldgr\u00fcnen Farbe, die seine Frische und hohe Qualit\u00e4t widerspiegelt. Seine mittlere bis hohe Dichte deutet auf eine bemerkenswerte Pr\u00e4senz im Glas und am Gaumen hin.<\/p>\n<p>Ein ausdrucksstarkes und elegantes Bouquet mit mittlerer gr\u00fcner Fruchtigkeit, in dem frische Noten von frisch geschnittenem Gras, Banane, Mandel, Artischocke und gr\u00fcnen N\u00fcssen hervorstechen. Subtile Nuancen von Tomate, Banane und Apfel sind wahrnehmbar, mit einem leicht w\u00fcrzigen Hintergrund, der Komplexit\u00e4t und Tiefe verleiht.<\/p>\n<p>Am Gaumen pr\u00e4sentiert er sich samtig im Antrunk und entwickelt sich zu einer ausgewogenen und anhaltenden, mittleren Bitterkeit und W\u00fcrze, charakteristisch f\u00fcr die Picual-Rebsorte und verst\u00e4rkt durch den einzigartigen Charakter der Sorten Chiquitita und Lecciana (gr\u00fcner Weizen und zartes Gras). Sein Nachhall ist lang und hinterl\u00e4sst Ankl\u00e4nge von N\u00fcssen und Tomatenbl\u00e4ttern.<\/p>\n","protected":false},"excerpt":{"rendered":"<p>Autor Pago Francisco Gomez organischen und \u00f6kologischen extra natives Oliven\u00f6l 500 ml.<\/p>\n","protected":false},"featured_media":22172,"comment_status":"open","ping_status":"closed","template":"","meta":{"_et_pb_use_builder":"","_et_pb_old_content":"","_et_gb_content_width":"","_sitemap_exclude":false,"_sitemap_priority":"","_sitemap_frequency":""},"product_brand":[],"product_cat":[48,120,24],"product_tag":[],"class_list":{"0":"post-22166","1":"product","2":"type-product","3":"status-publish","4":"has-post-thumbnail","6":"product_cat-alle-produkte","7":"product_cat-aceites-de","8":"product_cat-startseite","9":"product_shipping_class-normal-de","11":"first","12":"instock","13":"shipping-taxable","14":"purchasable","15":"product-type-simple"},"yoast_head":"<!-- This site is optimized with the Yoast SEO plugin v27.4 - https:\/\/yoast.com\/product\/yoast-seo-wordpress\/ -->\n<title>Autor Pago Francisco Gomez extra natives Oliven\u00f6l 500 ml. - El Mejor Jam\u00f3n<\/title>\n<meta name=\"description\" content=\"Au\u00dfergew\u00f6hnliches natives Oliven\u00f6l extra. Ideal zum Verfeinern von Gourmet-Salaten. Wei\u00dffisch, Carpaccio und Frischk\u00e4se.Perfekt zum Rohverzehr\" \/>\n<meta name=\"robots\" content=\"index, follow, max-snippet:-1, max-image-preview:large, max-video-preview:-1\" \/>\n<link rel=\"canonical\" href=\"https:\/\/elmejorjamon.es\/de\/producto\/autor-pago-francisco-gomez-extra-natives-olivenoel-500-ml\/\" \/>\n<meta property=\"og:locale\" content=\"de_DE\" \/>\n<meta property=\"og:type\" content=\"article\" \/>\n<meta property=\"og:title\" content=\"Autor Pago Francisco Gomez extra natives Oliven\u00f6l 500 ml. - El Mejor Jam\u00f3n\" \/>\n<meta property=\"og:description\" content=\"Au\u00dfergew\u00f6hnliches natives Oliven\u00f6l extra. Ideal zum Verfeinern von Gourmet-Salaten. Wei\u00dffisch, Carpaccio und Frischk\u00e4se.Perfekt zum Rohverzehr\" \/>\n<meta property=\"og:url\" content=\"https:\/\/elmejorjamon.es\/de\/producto\/autor-pago-francisco-gomez-extra-natives-olivenoel-500-ml\/\" \/>\n<meta property=\"og:site_name\" content=\"El Mejor Jam\u00f3n\" \/>\n<meta property=\"article:publisher\" content=\"https:\/\/www.facebook.com\/elmejorjamonweb\" \/>\n<meta property=\"article:modified_time\" content=\"2026-04-11T08:00:50+00:00\" \/>\n<meta property=\"og:image\" content=\"https:\/\/elmejorjamon.es\/wp-content\/uploads\/2026\/04\/pago_can.jpg\" \/>\n\t<meta property=\"og:image:width\" content=\"450\" \/>\n\t<meta property=\"og:image:height\" content=\"900\" \/>\n\t<meta property=\"og:image:type\" content=\"image\/jpeg\" \/>\n<meta name=\"twitter:card\" content=\"summary_large_image\" \/>\n<meta name=\"twitter:site\" content=\"@elmejorjamonweb\" \/>\n<meta name=\"twitter:label1\" content=\"Gesch\u00e4tzte Lesezeit\" \/>\n\t<meta name=\"twitter:data1\" content=\"1\u00a0Minute\" \/>\n<script type=\"application\/ld+json\" class=\"yoast-schema-graph\">{\"@context\":\"https:\\\/\\\/schema.org\",\"@graph\":[{\"@type\":\"WebPage\",\"@id\":\"https:\\\/\\\/elmejorjamon.es\\\/de\\\/producto\\\/autor-pago-francisco-gomez-extra-natives-olivenoel-500-ml\\\/\",\"url\":\"https:\\\/\\\/elmejorjamon.es\\\/de\\\/producto\\\/autor-pago-francisco-gomez-extra-natives-olivenoel-500-ml\\\/\",\"name\":\"Autor Pago Francisco Gomez extra natives Oliven\u00f6l 500 ml. - El Mejor Jam\u00f3n\",\"isPartOf\":{\"@id\":\"https:\\\/\\\/elmejorjamon.es\\\/#website\"},\"primaryImageOfPage\":{\"@id\":\"https:\\\/\\\/elmejorjamon.es\\\/de\\\/producto\\\/autor-pago-francisco-gomez-extra-natives-olivenoel-500-ml\\\/#primaryimage\"},\"image\":{\"@id\":\"https:\\\/\\\/elmejorjamon.es\\\/de\\\/producto\\\/autor-pago-francisco-gomez-extra-natives-olivenoel-500-ml\\\/#primaryimage\"},\"thumbnailUrl\":\"https:\\\/\\\/elmejorjamon.es\\\/wp-content\\\/uploads\\\/2026\\\/04\\\/pago_can.jpg\",\"datePublished\":\"2026-04-10T10:51:40+00:00\",\"dateModified\":\"2026-04-11T08:00:50+00:00\",\"description\":\"Au\u00dfergew\u00f6hnliches natives Oliven\u00f6l extra. Ideal zum Verfeinern von Gourmet-Salaten. Wei\u00dffisch, Carpaccio und Frischk\u00e4se.Perfekt zum Rohverzehr\",\"breadcrumb\":{\"@id\":\"https:\\\/\\\/elmejorjamon.es\\\/de\\\/producto\\\/autor-pago-francisco-gomez-extra-natives-olivenoel-500-ml\\\/#breadcrumb\"},\"inLanguage\":\"de\",\"potentialAction\":[{\"@type\":\"ReadAction\",\"target\":[\"https:\\\/\\\/elmejorjamon.es\\\/de\\\/producto\\\/autor-pago-francisco-gomez-extra-natives-olivenoel-500-ml\\\/\"]}]},{\"@type\":\"ImageObject\",\"inLanguage\":\"de\",\"@id\":\"https:\\\/\\\/elmejorjamon.es\\\/de\\\/producto\\\/autor-pago-francisco-gomez-extra-natives-olivenoel-500-ml\\\/#primaryimage\",\"url\":\"https:\\\/\\\/elmejorjamon.es\\\/wp-content\\\/uploads\\\/2026\\\/04\\\/pago_can.jpg\",\"contentUrl\":\"https:\\\/\\\/elmejorjamon.es\\\/wp-content\\\/uploads\\\/2026\\\/04\\\/pago_can.jpg\",\"width\":450,\"height\":900},{\"@type\":\"BreadcrumbList\",\"@id\":\"https:\\\/\\\/elmejorjamon.es\\\/de\\\/producto\\\/autor-pago-francisco-gomez-extra-natives-olivenoel-500-ml\\\/#breadcrumb\",\"itemListElement\":[{\"@type\":\"ListItem\",\"position\":1,\"name\":\"Portada\",\"item\":\"https:\\\/\\\/elmejorjamon.es\\\/de\\\/\"},{\"@type\":\"ListItem\",\"position\":2,\"name\":\"Schnellstart\",\"item\":\"https:\\\/\\\/elmejorjamon.es\\\/de\\\/\"},{\"@type\":\"ListItem\",\"position\":3,\"name\":\"Autor Pago Francisco Gomez extra natives Oliven\u00f6l 500 ml.\"}]},{\"@type\":\"WebSite\",\"@id\":\"https:\\\/\\\/elmejorjamon.es\\\/#website\",\"url\":\"https:\\\/\\\/elmejorjamon.es\\\/\",\"name\":\"El Mejor Jam\u00f3n\",\"description\":\"Comprar jamones y embutidos a buen precio\",\"publisher\":{\"@id\":\"https:\\\/\\\/elmejorjamon.es\\\/#organization\"},\"potentialAction\":[{\"@type\":\"SearchAction\",\"target\":{\"@type\":\"EntryPoint\",\"urlTemplate\":\"https:\\\/\\\/elmejorjamon.es\\\/?s={search_term_string}\"},\"query-input\":{\"@type\":\"PropertyValueSpecification\",\"valueRequired\":true,\"valueName\":\"search_term_string\"}}],\"inLanguage\":\"de\"},{\"@type\":\"Organization\",\"@id\":\"https:\\\/\\\/elmejorjamon.es\\\/#organization\",\"name\":\"El Mejor Jam\u00f3n\",\"url\":\"https:\\\/\\\/elmejorjamon.es\\\/\",\"logo\":{\"@type\":\"ImageObject\",\"inLanguage\":\"de\",\"@id\":\"https:\\\/\\\/elmejorjamon.es\\\/#\\\/schema\\\/logo\\\/image\\\/\",\"url\":\"https:\\\/\\\/elmejorjamon.es\\\/wp-content\\\/uploads\\\/2025\\\/01\\\/logocorreos.png\",\"contentUrl\":\"https:\\\/\\\/elmejorjamon.es\\\/wp-content\\\/uploads\\\/2025\\\/01\\\/logocorreos.png\",\"width\":277,\"height\":200,\"caption\":\"El Mejor Jam\u00f3n\"},\"image\":{\"@id\":\"https:\\\/\\\/elmejorjamon.es\\\/#\\\/schema\\\/logo\\\/image\\\/\"},\"sameAs\":[\"https:\\\/\\\/www.facebook.com\\\/elmejorjamonweb\",\"https:\\\/\\\/x.com\\\/elmejorjamonweb\",\"https:\\\/\\\/www.instagram.com\\\/elmejorjamonweb\\\/\"]}]}<\/script>\n<!-- \/ Yoast SEO plugin. -->","yoast_head_json":{"title":"Autor Pago Francisco Gomez extra natives Oliven\u00f6l 500 ml. - El Mejor Jam\u00f3n","description":"Au\u00dfergew\u00f6hnliches natives Oliven\u00f6l extra. Ideal zum Verfeinern von Gourmet-Salaten. Wei\u00dffisch, Carpaccio und Frischk\u00e4se.Perfekt zum Rohverzehr","robots":{"index":"index","follow":"follow","max-snippet":"max-snippet:-1","max-image-preview":"max-image-preview:large","max-video-preview":"max-video-preview:-1"},"canonical":"https:\/\/elmejorjamon.es\/de\/producto\/autor-pago-francisco-gomez-extra-natives-olivenoel-500-ml\/","og_locale":"de_DE","og_type":"article","og_title":"Autor Pago Francisco Gomez extra natives Oliven\u00f6l 500 ml. - El Mejor Jam\u00f3n","og_description":"Au\u00dfergew\u00f6hnliches natives Oliven\u00f6l extra. Ideal zum Verfeinern von Gourmet-Salaten. Wei\u00dffisch, Carpaccio und Frischk\u00e4se.Perfekt zum Rohverzehr","og_url":"https:\/\/elmejorjamon.es\/de\/producto\/autor-pago-francisco-gomez-extra-natives-olivenoel-500-ml\/","og_site_name":"El Mejor Jam\u00f3n","article_publisher":"https:\/\/www.facebook.com\/elmejorjamonweb","article_modified_time":"2026-04-11T08:00:50+00:00","og_image":[{"width":450,"height":900,"url":"https:\/\/elmejorjamon.es\/wp-content\/uploads\/2026\/04\/pago_can.jpg","type":"image\/jpeg"}],"twitter_card":"summary_large_image","twitter_site":"@elmejorjamonweb","twitter_misc":{"Gesch\u00e4tzte Lesezeit":"1\u00a0Minute"},"schema":{"@context":"https:\/\/schema.org","@graph":[{"@type":"WebPage","@id":"https:\/\/elmejorjamon.es\/de\/producto\/autor-pago-francisco-gomez-extra-natives-olivenoel-500-ml\/","url":"https:\/\/elmejorjamon.es\/de\/producto\/autor-pago-francisco-gomez-extra-natives-olivenoel-500-ml\/","name":"Autor Pago Francisco Gomez extra natives Oliven\u00f6l 500 ml. - El Mejor Jam\u00f3n","isPartOf":{"@id":"https:\/\/elmejorjamon.es\/#website"},"primaryImageOfPage":{"@id":"https:\/\/elmejorjamon.es\/de\/producto\/autor-pago-francisco-gomez-extra-natives-olivenoel-500-ml\/#primaryimage"},"image":{"@id":"https:\/\/elmejorjamon.es\/de\/producto\/autor-pago-francisco-gomez-extra-natives-olivenoel-500-ml\/#primaryimage"},"thumbnailUrl":"https:\/\/elmejorjamon.es\/wp-content\/uploads\/2026\/04\/pago_can.jpg","datePublished":"2026-04-10T10:51:40+00:00","dateModified":"2026-04-11T08:00:50+00:00","description":"Au\u00dfergew\u00f6hnliches natives Oliven\u00f6l extra. Ideal zum Verfeinern von Gourmet-Salaten. Wei\u00dffisch, Carpaccio und Frischk\u00e4se.Perfekt zum Rohverzehr","breadcrumb":{"@id":"https:\/\/elmejorjamon.es\/de\/producto\/autor-pago-francisco-gomez-extra-natives-olivenoel-500-ml\/#breadcrumb"},"inLanguage":"de","potentialAction":[{"@type":"ReadAction","target":["https:\/\/elmejorjamon.es\/de\/producto\/autor-pago-francisco-gomez-extra-natives-olivenoel-500-ml\/"]}]},{"@type":"ImageObject","inLanguage":"de","@id":"https:\/\/elmejorjamon.es\/de\/producto\/autor-pago-francisco-gomez-extra-natives-olivenoel-500-ml\/#primaryimage","url":"https:\/\/elmejorjamon.es\/wp-content\/uploads\/2026\/04\/pago_can.jpg","contentUrl":"https:\/\/elmejorjamon.es\/wp-content\/uploads\/2026\/04\/pago_can.jpg","width":450,"height":900},{"@type":"BreadcrumbList","@id":"https:\/\/elmejorjamon.es\/de\/producto\/autor-pago-francisco-gomez-extra-natives-olivenoel-500-ml\/#breadcrumb","itemListElement":[{"@type":"ListItem","position":1,"name":"Portada","item":"https:\/\/elmejorjamon.es\/de\/"},{"@type":"ListItem","position":2,"name":"Schnellstart","item":"https:\/\/elmejorjamon.es\/de\/"},{"@type":"ListItem","position":3,"name":"Autor Pago Francisco Gomez extra natives Oliven\u00f6l 500 ml."}]},{"@type":"WebSite","@id":"https:\/\/elmejorjamon.es\/#website","url":"https:\/\/elmejorjamon.es\/","name":"El Mejor Jam\u00f3n","description":"Comprar jamones y embutidos a buen precio","publisher":{"@id":"https:\/\/elmejorjamon.es\/#organization"},"potentialAction":[{"@type":"SearchAction","target":{"@type":"EntryPoint","urlTemplate":"https:\/\/elmejorjamon.es\/?s={search_term_string}"},"query-input":{"@type":"PropertyValueSpecification","valueRequired":true,"valueName":"search_term_string"}}],"inLanguage":"de"},{"@type":"Organization","@id":"https:\/\/elmejorjamon.es\/#organization","name":"El Mejor Jam\u00f3n","url":"https:\/\/elmejorjamon.es\/","logo":{"@type":"ImageObject","inLanguage":"de","@id":"https:\/\/elmejorjamon.es\/#\/schema\/logo\/image\/","url":"https:\/\/elmejorjamon.es\/wp-content\/uploads\/2025\/01\/logocorreos.png","contentUrl":"https:\/\/elmejorjamon.es\/wp-content\/uploads\/2025\/01\/logocorreos.png","width":277,"height":200,"caption":"El Mejor Jam\u00f3n"},"image":{"@id":"https:\/\/elmejorjamon.es\/#\/schema\/logo\/image\/"},"sameAs":["https:\/\/www.facebook.com\/elmejorjamonweb","https:\/\/x.com\/elmejorjamonweb","https:\/\/www.instagram.com\/elmejorjamonweb\/"]}]}},"_links":{"self":[{"href":"https:\/\/elmejorjamon.es\/de\/wp-json\/wp\/v2\/product\/22166","targetHints":{"allow":["GET"]}}],"collection":[{"href":"https:\/\/elmejorjamon.es\/de\/wp-json\/wp\/v2\/product"}],"about":[{"href":"https:\/\/elmejorjamon.es\/de\/wp-json\/wp\/v2\/types\/product"}],"replies":[{"embeddable":true,"href":"https:\/\/elmejorjamon.es\/de\/wp-json\/wp\/v2\/comments?post=22166"}],"wp:featuredmedia":[{"embeddable":true,"href":"https:\/\/elmejorjamon.es\/de\/wp-json\/wp\/v2\/media\/22172"}],"wp:attachment":[{"href":"https:\/\/elmejorjamon.es\/de\/wp-json\/wp\/v2\/media?parent=22166"}],"wp:term":[{"taxonomy":"product_brand","embeddable":true,"href":"https:\/\/elmejorjamon.es\/de\/wp-json\/wp\/v2\/product_brand?post=22166"},{"taxonomy":"product_cat","embeddable":true,"href":"https:\/\/elmejorjamon.es\/de\/wp-json\/wp\/v2\/product_cat?post=22166"},{"taxonomy":"product_tag","embeddable":true,"href":"https:\/\/elmejorjamon.es\/de\/wp-json\/wp\/v2\/product_tag?post=22166"}],"curies":[{"name":"wp","href":"https:\/\/api.w.org\/{rel}","templated":true}]}}