{"id":21673,"date":"2026-01-27T10:15:32","date_gmt":"2026-01-27T09:15:32","guid":{"rendered":"https:\/\/elmejorjamon.es\/?post_type=product&#038;p=21673"},"modified":"2026-01-27T10:48:50","modified_gmt":"2026-01-27T09:48:50","slug":"mariscadora-natuerliche-herzmuscheln-75-stueck","status":"publish","type":"product","link":"https:\/\/elmejorjamon.es\/de\/producto\/mariscadora-natuerliche-herzmuscheln-75-stueck\/","title":{"rendered":"Mariscadora Nat\u00fcrliche Herzmuscheln +75 St\u00fcck"},"content":{"rendered":"<p>Mariscadora Nat\u00fcrliche Herzmuscheln +75 St\u00fcck RR-120<\/p>\n<p>Zutaten: Herzmuscheln (Cerastoderma edule), Wasser und Salz.<\/p>\n<p>N\u00e4hrwertangaben (100 g)<\/p>\n<p>Brennwert: 347 kJ\/83 kcal<\/p>\n<p>Fett: 1,3 g<\/p>\n<p>davon ges\u00e4ttigte Fetts\u00e4uren: 0,1 g<\/p>\n<p>Kohlenhydrate: 4,1 g<\/p>\n<p>davon Zucker: 0,06 g<\/p>\n<p>Eiwei\u00df: 13,7 g<\/p>\n<p>Salz: 1,47 g<\/p>\n","protected":false},"excerpt":{"rendered":"<p>Mariscadora Nat\u00fcrliche Herzmuscheln +75 St\u00fcck<\/p>\n","protected":false},"featured_media":21704,"comment_status":"open","ping_status":"closed","template":"","meta":{"_et_pb_use_builder":"","_et_pb_old_content":"","_et_gb_content_width":"","_sitemap_exclude":false,"_sitemap_priority":"","_sitemap_frequency":""},"product_brand":[],"product_cat":[48,156,42,24],"product_tag":[],"class_list":{"0":"post-21673","1":"product","2":"type-product","3":"status-publish","4":"has-post-thumbnail","6":"product_cat-alle-produkte","7":"product_cat-berberechos-de","8":"product_cat-conservas-de","9":"product_cat-startseite","10":"product_shipping_class-normal-de","11":"pa_opciones-1einheit-de","12":"pa_opciones-25einheitenbox-de","14":"first","15":"instock","16":"shipping-taxable","17":"purchasable","18":"product-type-variable","19":"has-default-attributes"},"yoast_head":"<!-- This site is optimized with the Yoast SEO plugin v27.4 - https:\/\/yoast.com\/product\/yoast-seo-wordpress\/ -->\n<title>Kaufen Mariscadora Nat\u00fcrliche Herzmuscheln +75 St\u00fcck - El Mejor Jam\u00f3n<\/title>\n<meta name=\"description\" content=\"Mariscadora Nat\u00fcrliche Herzmuscheln 55\/65 St\u00fcck Zutaten: Herzmuscheln (Cerastoderma edule), Wasser und Salz. El Mejor Jam\u00f3n\" \/>\n<meta name=\"robots\" content=\"index, follow, max-snippet:-1, max-image-preview:large, max-video-preview:-1\" \/>\n<link rel=\"canonical\" href=\"https:\/\/elmejorjamon.es\/de\/producto\/mariscadora-natuerliche-herzmuscheln-75-stueck\/\" \/>\n<meta property=\"og:locale\" content=\"de_DE\" \/>\n<meta property=\"og:type\" content=\"article\" \/>\n<meta property=\"og:title\" content=\"Kaufen Mariscadora Nat\u00fcrliche Herzmuscheln +75 St\u00fcck - El Mejor Jam\u00f3n\" \/>\n<meta property=\"og:description\" content=\"Mariscadora Nat\u00fcrliche Herzmuscheln 55\/65 St\u00fcck Zutaten: Herzmuscheln (Cerastoderma edule), Wasser und Salz. El Mejor Jam\u00f3n\" \/>\n<meta property=\"og:url\" content=\"https:\/\/elmejorjamon.es\/de\/producto\/mariscadora-natuerliche-herzmuscheln-75-stueck\/\" \/>\n<meta property=\"og:site_name\" content=\"El Mejor Jam\u00f3n\" \/>\n<meta property=\"article:publisher\" content=\"https:\/\/www.facebook.com\/elmejorjamonweb\" \/>\n<meta property=\"article:modified_time\" content=\"2026-01-27T09:48:50+00:00\" \/>\n<meta property=\"og:image\" content=\"https:\/\/elmejorjamon.es\/wp-content\/uploads\/2026\/01\/berberechos75manomariscadora.jpg\" \/>\n\t<meta property=\"og:image:width\" content=\"950\" \/>\n\t<meta property=\"og:image:height\" content=\"584\" \/>\n\t<meta property=\"og:image:type\" content=\"image\/jpeg\" \/>\n<meta name=\"twitter:card\" content=\"summary_large_image\" \/>\n<meta name=\"twitter:site\" content=\"@elmejorjamonweb\" \/>\n<meta name=\"twitter:label1\" content=\"Gesch\u00e4tzte Lesezeit\" \/>\n\t<meta name=\"twitter:data1\" content=\"1\u00a0Minute\" \/>\n<script type=\"application\/ld+json\" class=\"yoast-schema-graph\">{\"@context\":\"https:\\\/\\\/schema.org\",\"@graph\":[{\"@type\":\"WebPage\",\"@id\":\"https:\\\/\\\/elmejorjamon.es\\\/de\\\/producto\\\/mariscadora-natuerliche-herzmuscheln-75-stueck\\\/\",\"url\":\"https:\\\/\\\/elmejorjamon.es\\\/de\\\/producto\\\/mariscadora-natuerliche-herzmuscheln-75-stueck\\\/\",\"name\":\"Kaufen Mariscadora Nat\u00fcrliche Herzmuscheln +75 St\u00fcck - El Mejor Jam\u00f3n\",\"isPartOf\":{\"@id\":\"https:\\\/\\\/elmejorjamon.es\\\/#website\"},\"primaryImageOfPage\":{\"@id\":\"https:\\\/\\\/elmejorjamon.es\\\/de\\\/producto\\\/mariscadora-natuerliche-herzmuscheln-75-stueck\\\/#primaryimage\"},\"image\":{\"@id\":\"https:\\\/\\\/elmejorjamon.es\\\/de\\\/producto\\\/mariscadora-natuerliche-herzmuscheln-75-stueck\\\/#primaryimage\"},\"thumbnailUrl\":\"https:\\\/\\\/elmejorjamon.es\\\/wp-content\\\/uploads\\\/2026\\\/01\\\/berberechos75manomariscadora.jpg\",\"datePublished\":\"2026-01-27T09:15:32+00:00\",\"dateModified\":\"2026-01-27T09:48:50+00:00\",\"description\":\"Mariscadora Nat\u00fcrliche Herzmuscheln 55\\\/65 St\u00fcck Zutaten: Herzmuscheln (Cerastoderma edule), Wasser und Salz. El Mejor Jam\u00f3n\",\"breadcrumb\":{\"@id\":\"https:\\\/\\\/elmejorjamon.es\\\/de\\\/producto\\\/mariscadora-natuerliche-herzmuscheln-75-stueck\\\/#breadcrumb\"},\"inLanguage\":\"de\",\"potentialAction\":[{\"@type\":\"ReadAction\",\"target\":[\"https:\\\/\\\/elmejorjamon.es\\\/de\\\/producto\\\/mariscadora-natuerliche-herzmuscheln-75-stueck\\\/\"]}]},{\"@type\":\"ImageObject\",\"inLanguage\":\"de\",\"@id\":\"https:\\\/\\\/elmejorjamon.es\\\/de\\\/producto\\\/mariscadora-natuerliche-herzmuscheln-75-stueck\\\/#primaryimage\",\"url\":\"https:\\\/\\\/elmejorjamon.es\\\/wp-content\\\/uploads\\\/2026\\\/01\\\/berberechos75manomariscadora.jpg\",\"contentUrl\":\"https:\\\/\\\/elmejorjamon.es\\\/wp-content\\\/uploads\\\/2026\\\/01\\\/berberechos75manomariscadora.jpg\",\"width\":950,\"height\":584},{\"@type\":\"BreadcrumbList\",\"@id\":\"https:\\\/\\\/elmejorjamon.es\\\/de\\\/producto\\\/mariscadora-natuerliche-herzmuscheln-75-stueck\\\/#breadcrumb\",\"itemListElement\":[{\"@type\":\"ListItem\",\"position\":1,\"name\":\"Portada\",\"item\":\"https:\\\/\\\/elmejorjamon.es\\\/de\\\/\"},{\"@type\":\"ListItem\",\"position\":2,\"name\":\"Schnellstart\",\"item\":\"https:\\\/\\\/elmejorjamon.es\\\/de\\\/\"},{\"@type\":\"ListItem\",\"position\":3,\"name\":\"Mariscadora Nat\u00fcrliche Herzmuscheln +75 St\u00fcck\"}]},{\"@type\":\"WebSite\",\"@id\":\"https:\\\/\\\/elmejorjamon.es\\\/#website\",\"url\":\"https:\\\/\\\/elmejorjamon.es\\\/\",\"name\":\"El Mejor Jam\u00f3n\",\"description\":\"Comprar jamones y embutidos a buen precio\",\"publisher\":{\"@id\":\"https:\\\/\\\/elmejorjamon.es\\\/#organization\"},\"potentialAction\":[{\"@type\":\"SearchAction\",\"target\":{\"@type\":\"EntryPoint\",\"urlTemplate\":\"https:\\\/\\\/elmejorjamon.es\\\/?s={search_term_string}\"},\"query-input\":{\"@type\":\"PropertyValueSpecification\",\"valueRequired\":true,\"valueName\":\"search_term_string\"}}],\"inLanguage\":\"de\"},{\"@type\":\"Organization\",\"@id\":\"https:\\\/\\\/elmejorjamon.es\\\/#organization\",\"name\":\"El Mejor Jam\u00f3n\",\"url\":\"https:\\\/\\\/elmejorjamon.es\\\/\",\"logo\":{\"@type\":\"ImageObject\",\"inLanguage\":\"de\",\"@id\":\"https:\\\/\\\/elmejorjamon.es\\\/#\\\/schema\\\/logo\\\/image\\\/\",\"url\":\"https:\\\/\\\/elmejorjamon.es\\\/wp-content\\\/uploads\\\/2025\\\/01\\\/logocorreos.png\",\"contentUrl\":\"https:\\\/\\\/elmejorjamon.es\\\/wp-content\\\/uploads\\\/2025\\\/01\\\/logocorreos.png\",\"width\":277,\"height\":200,\"caption\":\"El Mejor Jam\u00f3n\"},\"image\":{\"@id\":\"https:\\\/\\\/elmejorjamon.es\\\/#\\\/schema\\\/logo\\\/image\\\/\"},\"sameAs\":[\"https:\\\/\\\/www.facebook.com\\\/elmejorjamonweb\",\"https:\\\/\\\/x.com\\\/elmejorjamonweb\",\"https:\\\/\\\/www.instagram.com\\\/elmejorjamonweb\\\/\"]}]}<\/script>\n<!-- \/ Yoast SEO plugin. -->","yoast_head_json":{"title":"Kaufen Mariscadora Nat\u00fcrliche Herzmuscheln +75 St\u00fcck - El Mejor Jam\u00f3n","description":"Mariscadora Nat\u00fcrliche Herzmuscheln 55\/65 St\u00fcck Zutaten: Herzmuscheln (Cerastoderma edule), Wasser und Salz. El Mejor Jam\u00f3n","robots":{"index":"index","follow":"follow","max-snippet":"max-snippet:-1","max-image-preview":"max-image-preview:large","max-video-preview":"max-video-preview:-1"},"canonical":"https:\/\/elmejorjamon.es\/de\/producto\/mariscadora-natuerliche-herzmuscheln-75-stueck\/","og_locale":"de_DE","og_type":"article","og_title":"Kaufen Mariscadora Nat\u00fcrliche Herzmuscheln +75 St\u00fcck - El Mejor Jam\u00f3n","og_description":"Mariscadora Nat\u00fcrliche Herzmuscheln 55\/65 St\u00fcck Zutaten: Herzmuscheln (Cerastoderma edule), Wasser und Salz. El Mejor Jam\u00f3n","og_url":"https:\/\/elmejorjamon.es\/de\/producto\/mariscadora-natuerliche-herzmuscheln-75-stueck\/","og_site_name":"El Mejor Jam\u00f3n","article_publisher":"https:\/\/www.facebook.com\/elmejorjamonweb","article_modified_time":"2026-01-27T09:48:50+00:00","og_image":[{"width":950,"height":584,"url":"https:\/\/elmejorjamon.es\/wp-content\/uploads\/2026\/01\/berberechos75manomariscadora.jpg","type":"image\/jpeg"}],"twitter_card":"summary_large_image","twitter_site":"@elmejorjamonweb","twitter_misc":{"Gesch\u00e4tzte Lesezeit":"1\u00a0Minute"},"schema":{"@context":"https:\/\/schema.org","@graph":[{"@type":"WebPage","@id":"https:\/\/elmejorjamon.es\/de\/producto\/mariscadora-natuerliche-herzmuscheln-75-stueck\/","url":"https:\/\/elmejorjamon.es\/de\/producto\/mariscadora-natuerliche-herzmuscheln-75-stueck\/","name":"Kaufen Mariscadora Nat\u00fcrliche Herzmuscheln +75 St\u00fcck - El Mejor Jam\u00f3n","isPartOf":{"@id":"https:\/\/elmejorjamon.es\/#website"},"primaryImageOfPage":{"@id":"https:\/\/elmejorjamon.es\/de\/producto\/mariscadora-natuerliche-herzmuscheln-75-stueck\/#primaryimage"},"image":{"@id":"https:\/\/elmejorjamon.es\/de\/producto\/mariscadora-natuerliche-herzmuscheln-75-stueck\/#primaryimage"},"thumbnailUrl":"https:\/\/elmejorjamon.es\/wp-content\/uploads\/2026\/01\/berberechos75manomariscadora.jpg","datePublished":"2026-01-27T09:15:32+00:00","dateModified":"2026-01-27T09:48:50+00:00","description":"Mariscadora Nat\u00fcrliche Herzmuscheln 55\/65 St\u00fcck Zutaten: Herzmuscheln (Cerastoderma edule), Wasser und Salz. El Mejor Jam\u00f3n","breadcrumb":{"@id":"https:\/\/elmejorjamon.es\/de\/producto\/mariscadora-natuerliche-herzmuscheln-75-stueck\/#breadcrumb"},"inLanguage":"de","potentialAction":[{"@type":"ReadAction","target":["https:\/\/elmejorjamon.es\/de\/producto\/mariscadora-natuerliche-herzmuscheln-75-stueck\/"]}]},{"@type":"ImageObject","inLanguage":"de","@id":"https:\/\/elmejorjamon.es\/de\/producto\/mariscadora-natuerliche-herzmuscheln-75-stueck\/#primaryimage","url":"https:\/\/elmejorjamon.es\/wp-content\/uploads\/2026\/01\/berberechos75manomariscadora.jpg","contentUrl":"https:\/\/elmejorjamon.es\/wp-content\/uploads\/2026\/01\/berberechos75manomariscadora.jpg","width":950,"height":584},{"@type":"BreadcrumbList","@id":"https:\/\/elmejorjamon.es\/de\/producto\/mariscadora-natuerliche-herzmuscheln-75-stueck\/#breadcrumb","itemListElement":[{"@type":"ListItem","position":1,"name":"Portada","item":"https:\/\/elmejorjamon.es\/de\/"},{"@type":"ListItem","position":2,"name":"Schnellstart","item":"https:\/\/elmejorjamon.es\/de\/"},{"@type":"ListItem","position":3,"name":"Mariscadora Nat\u00fcrliche Herzmuscheln +75 St\u00fcck"}]},{"@type":"WebSite","@id":"https:\/\/elmejorjamon.es\/#website","url":"https:\/\/elmejorjamon.es\/","name":"El Mejor Jam\u00f3n","description":"Comprar jamones y embutidos a buen precio","publisher":{"@id":"https:\/\/elmejorjamon.es\/#organization"},"potentialAction":[{"@type":"SearchAction","target":{"@type":"EntryPoint","urlTemplate":"https:\/\/elmejorjamon.es\/?s={search_term_string}"},"query-input":{"@type":"PropertyValueSpecification","valueRequired":true,"valueName":"search_term_string"}}],"inLanguage":"de"},{"@type":"Organization","@id":"https:\/\/elmejorjamon.es\/#organization","name":"El Mejor Jam\u00f3n","url":"https:\/\/elmejorjamon.es\/","logo":{"@type":"ImageObject","inLanguage":"de","@id":"https:\/\/elmejorjamon.es\/#\/schema\/logo\/image\/","url":"https:\/\/elmejorjamon.es\/wp-content\/uploads\/2025\/01\/logocorreos.png","contentUrl":"https:\/\/elmejorjamon.es\/wp-content\/uploads\/2025\/01\/logocorreos.png","width":277,"height":200,"caption":"El Mejor Jam\u00f3n"},"image":{"@id":"https:\/\/elmejorjamon.es\/#\/schema\/logo\/image\/"},"sameAs":["https:\/\/www.facebook.com\/elmejorjamonweb","https:\/\/x.com\/elmejorjamonweb","https:\/\/www.instagram.com\/elmejorjamonweb\/"]}]}},"_links":{"self":[{"href":"https:\/\/elmejorjamon.es\/de\/wp-json\/wp\/v2\/product\/21673","targetHints":{"allow":["GET"]}}],"collection":[{"href":"https:\/\/elmejorjamon.es\/de\/wp-json\/wp\/v2\/product"}],"about":[{"href":"https:\/\/elmejorjamon.es\/de\/wp-json\/wp\/v2\/types\/product"}],"replies":[{"embeddable":true,"href":"https:\/\/elmejorjamon.es\/de\/wp-json\/wp\/v2\/comments?post=21673"}],"wp:featuredmedia":[{"embeddable":true,"href":"https:\/\/elmejorjamon.es\/de\/wp-json\/wp\/v2\/media\/21704"}],"wp:attachment":[{"href":"https:\/\/elmejorjamon.es\/de\/wp-json\/wp\/v2\/media?parent=21673"}],"wp:term":[{"taxonomy":"product_brand","embeddable":true,"href":"https:\/\/elmejorjamon.es\/de\/wp-json\/wp\/v2\/product_brand?post=21673"},{"taxonomy":"product_cat","embeddable":true,"href":"https:\/\/elmejorjamon.es\/de\/wp-json\/wp\/v2\/product_cat?post=21673"},{"taxonomy":"product_tag","embeddable":true,"href":"https:\/\/elmejorjamon.es\/de\/wp-json\/wp\/v2\/product_tag?post=21673"}],"curies":[{"name":"wp","href":"https:\/\/api.w.org\/{rel}","templated":true}]}}