{"id":20962,"date":"2025-11-12T08:58:24","date_gmt":"2025-11-12T07:58:24","guid":{"rendered":"https:\/\/elmejorjamon.es\/?post_type=product&#038;p=20962"},"modified":"2025-11-12T13:26:29","modified_gmt":"2025-11-12T12:26:29","slug":"cabo-de-penas-eingelegte-muscheln-13-18-ol-120","status":"publish","type":"product","link":"https:\/\/elmejorjamon.es\/de\/producto\/cabo-de-penas-eingelegte-muscheln-13-18-ol-120\/","title":{"rendered":"Cabo de Pe\u00f1as eingelegte Muscheln 13\/18 OL-120"},"content":{"rendered":"<p>Cabo de Pe\u00f1as eingelegte Muscheln 13\/18 OL-120<\/p>\n<ul>\n<li>NETTOGEWICHT: 111g<\/li>\n<li>Abtropfgewicht: 69g<\/li>\n<\/ul>\n<p>Eingelegte Muscheln, auf traditionelle Weise hergestellt, ged\u00e4mpft und nach unserem Originalrezept gew\u00fcrzt, sodass sie ihr ganzes Aroma und ihren hohen N\u00e4hrwert behalten. Auf Fl\u00f6\u00dfen gez\u00fcchtete und an der Quelle ausgew\u00e4hlte Muscheln.<\/p>\n<p>Wir konservieren erlesene Muscheln, die auf Fl\u00f6\u00dfen gez\u00fcchtet und an der Quelle ausgew\u00e4hlt werden. Wir bereiten sie auf traditionelle Weise zu, indem wir sie d\u00e4mpfen und mit unserem Originalrezept f\u00fcr eingelegte So\u00dfe w\u00fcrzen. Dadurch bleiben ihr gesamter Geschmack und ihr hoher N\u00e4hrwert erhalten.<\/p>\n<h4 class=\"section-title mt-h4\">Zutaten<\/h4>\n<p>Muscheln (Weichtiere), Sonnenblumen\u00f6l, Weinessig, Gew\u00fcrze und Salz.<\/p>\n<h4 class=\"section-title mt-h4\">Differenzialelemente<\/h4>\n<ul class=\"ul-list\">\n<li>Auf Fl\u00f6\u00dfen gez\u00fcchtete und an der Quelle ausgew\u00e4hlte Muscheln.<\/li>\n<li>Auf traditionelle Weise hergestellt.<\/li>\n<li>Originalrezept.<\/li>\n<li>Hoher Gehalt an Omega 3.<\/li>\n<li>Nat\u00fcrliche Eisenquelle.<\/li>\n<\/ul>\n<table class=\"table table-sm table-bordered\">\n<thead>\n<tr>\n<th>N\u00e4hrwertangaben<\/th>\n<th>pro 100g Nettogewicht<\/th>\n<th>pro 100g Abtropfgewicht<\/th>\n<\/tr>\n<\/thead>\n<tbody>\n<tr>\n<td class=\"unit\">Energiewert<\/td>\n<td class=\"value\">998kJ \/ 240kcal<\/td>\n<td>691kJ \/ 165kcal<\/td>\n<\/tr>\n<tr>\n<td class=\"parent_unit\">Fette<\/td>\n<td class=\"parent_value\">19,2g<\/td>\n<td>8,3g<\/td>\n<\/tr>\n<tr>\n<td class=\"child_unit\">davon ges\u00e4ttigt<\/td>\n<td class=\"child_value\">2,3g<\/td>\n<td class=\"child_value\">1,3g<\/td>\n<\/tr>\n<tr>\n<td class=\"parent_unit\">Kohlenhydrate<\/td>\n<td class=\"parent_value\">3,2g<\/td>\n<td>4,3g<\/td>\n<\/tr>\n<tr>\n<td class=\"child_unit\">davon Zucker<\/td>\n<td class=\"child_value\">0,0g<\/td>\n<td class=\"child_value\">0,0g<\/td>\n<\/tr>\n<tr>\n<td class=\"unit\">Proteine<\/td>\n<td class=\"value\">13,7g<\/td>\n<td>18,3g<\/td>\n<\/tr>\n<tr>\n<td class=\"unit\">Salz<\/td>\n<td class=\"value\">1,9g<\/td>\n<td>2,0g<\/td>\n<\/tr>\n<tr>\n<td class=\"unit\">Riboflavin<\/td>\n<td class=\"value\"><\/td>\n<td>0,22 mg (16% *NRV)<\/td>\n<\/tr>\n<tr>\n<td class=\"unit\">Vitamin B12<\/td>\n<td class=\"value\"><\/td>\n<td>13,2 \u00b5g (528% *NRV)<\/td>\n<\/tr>\n<tr>\n<td class=\"unit\">Eisen<\/td>\n<td class=\"value\"><\/td>\n<td>3,7 mg (26% *NRV)<\/td>\n<\/tr>\n<\/tbody>\n<\/table>\n<p>*NRV: N\u00e4hrstoffreferenzwerte.<\/p>\n","protected":false},"excerpt":{"rendered":"<p>Cabo de Pe\u00f1as eingelegte Muscheln 13\/18 OL-120<\/p>\n","protected":false},"featured_media":20980,"comment_status":"open","ping_status":"closed","template":"","meta":{"_et_pb_use_builder":"","_et_pb_old_content":"","_et_gb_content_width":"","_sitemap_exclude":false,"_sitemap_priority":"","_sitemap_frequency":""},"product_brand":[],"product_cat":[48,138,42,24],"product_tag":[],"class_list":{"0":"post-20962","1":"product","2":"type-product","3":"status-publish","4":"has-post-thumbnail","6":"product_cat-alle-produkte","7":"product_cat-mejillones-en-escabeche-de","8":"product_cat-conservas-de","9":"product_cat-startseite","10":"product_shipping_class-normal-de","11":"pa_opciones-1einheit-de","12":"pa_opciones-25einheitenbox-de","14":"first","15":"instock","16":"shipping-taxable","17":"purchasable","18":"product-type-variable","19":"has-default-attributes"},"yoast_head":"<!-- This site is optimized with the Yoast SEO plugin v27.2 - https:\/\/yoast.com\/product\/yoast-seo-wordpress\/ -->\n<title>Kaufen Cabo de Pe\u00f1as eingelegte Muscheln 13\/18 OL-120 - El Mejor Jam\u00f3n<\/title>\n<meta name=\"description\" content=\"Wir konservieren erlesene Muscheln, die auf Fl\u00f6\u00dfen gez\u00fcchtet Zutaten: Muscheln (Weichtiere), Sonnenblumen\u00f6l, Weinessig, Gew\u00fcrze und Salz.\" \/>\n<meta name=\"robots\" content=\"index, follow, max-snippet:-1, max-image-preview:large, max-video-preview:-1\" \/>\n<link rel=\"canonical\" href=\"https:\/\/elmejorjamon.es\/de\/producto\/cabo-de-penas-eingelegte-muscheln-13-18-ol-120\/\" \/>\n<meta property=\"og:locale\" content=\"de_DE\" \/>\n<meta property=\"og:type\" content=\"article\" \/>\n<meta property=\"og:title\" content=\"Kaufen Cabo de Pe\u00f1as eingelegte Muscheln 13\/18 OL-120 - El Mejor Jam\u00f3n\" \/>\n<meta property=\"og:description\" content=\"Wir konservieren erlesene Muscheln, die auf Fl\u00f6\u00dfen gez\u00fcchtet Zutaten: Muscheln (Weichtiere), Sonnenblumen\u00f6l, Weinessig, Gew\u00fcrze und Salz.\" \/>\n<meta property=\"og:url\" content=\"https:\/\/elmejorjamon.es\/de\/producto\/cabo-de-penas-eingelegte-muscheln-13-18-ol-120\/\" \/>\n<meta property=\"og:site_name\" content=\"El Mejor Jam\u00f3n\" \/>\n<meta property=\"article:publisher\" content=\"https:\/\/www.facebook.com\/elmejorjamonweb\" \/>\n<meta property=\"article:modified_time\" content=\"2025-11-12T12:26:29+00:00\" \/>\n<meta property=\"og:image\" content=\"https:\/\/elmejorjamon.es\/wp-content\/uploads\/2025\/11\/mejillones-en-escabeche-1318-ol-120.jpg\" \/>\n\t<meta property=\"og:image:width\" content=\"694\" \/>\n\t<meta property=\"og:image:height\" content=\"451\" \/>\n\t<meta property=\"og:image:type\" content=\"image\/jpeg\" \/>\n<meta name=\"twitter:card\" content=\"summary_large_image\" \/>\n<meta name=\"twitter:site\" content=\"@elmejorjamonweb\" \/>\n<meta name=\"twitter:label1\" content=\"Gesch\u00e4tzte Lesezeit\" \/>\n\t<meta name=\"twitter:data1\" content=\"1\u00a0Minute\" \/>\n<script type=\"application\/ld+json\" class=\"yoast-schema-graph\">{\"@context\":\"https:\/\/schema.org\",\"@graph\":[{\"@type\":\"WebPage\",\"@id\":\"https:\/\/elmejorjamon.es\/de\/producto\/cabo-de-penas-eingelegte-muscheln-13-18-ol-120\/\",\"url\":\"https:\/\/elmejorjamon.es\/de\/producto\/cabo-de-penas-eingelegte-muscheln-13-18-ol-120\/\",\"name\":\"Kaufen Cabo de Pe\u00f1as eingelegte Muscheln 13\/18 OL-120 - El Mejor Jam\u00f3n\",\"isPartOf\":{\"@id\":\"https:\/\/elmejorjamon.es\/#website\"},\"primaryImageOfPage\":{\"@id\":\"https:\/\/elmejorjamon.es\/de\/producto\/cabo-de-penas-eingelegte-muscheln-13-18-ol-120\/#primaryimage\"},\"image\":{\"@id\":\"https:\/\/elmejorjamon.es\/de\/producto\/cabo-de-penas-eingelegte-muscheln-13-18-ol-120\/#primaryimage\"},\"thumbnailUrl\":\"https:\/\/elmejorjamon.es\/wp-content\/uploads\/2025\/11\/mejillones-en-escabeche-1318-ol-120.jpg\",\"datePublished\":\"2025-11-12T07:58:24+00:00\",\"dateModified\":\"2025-11-12T12:26:29+00:00\",\"description\":\"Wir konservieren erlesene Muscheln, die auf Fl\u00f6\u00dfen gez\u00fcchtet Zutaten: Muscheln (Weichtiere), Sonnenblumen\u00f6l, Weinessig, Gew\u00fcrze und Salz.\",\"breadcrumb\":{\"@id\":\"https:\/\/elmejorjamon.es\/de\/producto\/cabo-de-penas-eingelegte-muscheln-13-18-ol-120\/#breadcrumb\"},\"inLanguage\":\"de\",\"potentialAction\":[{\"@type\":\"ReadAction\",\"target\":[\"https:\/\/elmejorjamon.es\/de\/producto\/cabo-de-penas-eingelegte-muscheln-13-18-ol-120\/\"]}]},{\"@type\":\"ImageObject\",\"inLanguage\":\"de\",\"@id\":\"https:\/\/elmejorjamon.es\/de\/producto\/cabo-de-penas-eingelegte-muscheln-13-18-ol-120\/#primaryimage\",\"url\":\"https:\/\/elmejorjamon.es\/wp-content\/uploads\/2025\/11\/mejillones-en-escabeche-1318-ol-120.jpg\",\"contentUrl\":\"https:\/\/elmejorjamon.es\/wp-content\/uploads\/2025\/11\/mejillones-en-escabeche-1318-ol-120.jpg\",\"width\":694,\"height\":451},{\"@type\":\"BreadcrumbList\",\"@id\":\"https:\/\/elmejorjamon.es\/de\/producto\/cabo-de-penas-eingelegte-muscheln-13-18-ol-120\/#breadcrumb\",\"itemListElement\":[{\"@type\":\"ListItem\",\"position\":1,\"name\":\"Portada\",\"item\":\"https:\/\/elmejorjamon.es\/de\/\"},{\"@type\":\"ListItem\",\"position\":2,\"name\":\"Schnellstart\",\"item\":\"https:\/\/elmejorjamon.es\/de\/\"},{\"@type\":\"ListItem\",\"position\":3,\"name\":\"Cabo de Pe\u00f1as eingelegte Muscheln 13\/18 OL-120\"}]},{\"@type\":\"WebSite\",\"@id\":\"https:\/\/elmejorjamon.es\/#website\",\"url\":\"https:\/\/elmejorjamon.es\/\",\"name\":\"El Mejor Jam\u00f3n\",\"description\":\"Comprar jamones y embutidos a buen precio\",\"publisher\":{\"@id\":\"https:\/\/elmejorjamon.es\/#organization\"},\"potentialAction\":[{\"@type\":\"SearchAction\",\"target\":{\"@type\":\"EntryPoint\",\"urlTemplate\":\"https:\/\/elmejorjamon.es\/?s={search_term_string}\"},\"query-input\":{\"@type\":\"PropertyValueSpecification\",\"valueRequired\":true,\"valueName\":\"search_term_string\"}}],\"inLanguage\":\"de\"},{\"@type\":\"Organization\",\"@id\":\"https:\/\/elmejorjamon.es\/#organization\",\"name\":\"El Mejor Jam\u00f3n\",\"url\":\"https:\/\/elmejorjamon.es\/\",\"logo\":{\"@type\":\"ImageObject\",\"inLanguage\":\"de\",\"@id\":\"https:\/\/elmejorjamon.es\/#\/schema\/logo\/image\/\",\"url\":\"https:\/\/elmejorjamon.es\/wp-content\/uploads\/2025\/01\/logocorreos.png\",\"contentUrl\":\"https:\/\/elmejorjamon.es\/wp-content\/uploads\/2025\/01\/logocorreos.png\",\"width\":277,\"height\":200,\"caption\":\"El Mejor Jam\u00f3n\"},\"image\":{\"@id\":\"https:\/\/elmejorjamon.es\/#\/schema\/logo\/image\/\"},\"sameAs\":[\"https:\/\/www.facebook.com\/elmejorjamonweb\",\"https:\/\/x.com\/elmejorjamonweb\",\"https:\/\/www.instagram.com\/elmejorjamonweb\/\"]}]}<\/script>\n<!-- \/ Yoast SEO plugin. -->","yoast_head_json":{"title":"Kaufen Cabo de Pe\u00f1as eingelegte Muscheln 13\/18 OL-120 - El Mejor Jam\u00f3n","description":"Wir konservieren erlesene Muscheln, die auf Fl\u00f6\u00dfen gez\u00fcchtet Zutaten: Muscheln (Weichtiere), Sonnenblumen\u00f6l, Weinessig, Gew\u00fcrze und Salz.","robots":{"index":"index","follow":"follow","max-snippet":"max-snippet:-1","max-image-preview":"max-image-preview:large","max-video-preview":"max-video-preview:-1"},"canonical":"https:\/\/elmejorjamon.es\/de\/producto\/cabo-de-penas-eingelegte-muscheln-13-18-ol-120\/","og_locale":"de_DE","og_type":"article","og_title":"Kaufen Cabo de Pe\u00f1as eingelegte Muscheln 13\/18 OL-120 - El Mejor Jam\u00f3n","og_description":"Wir konservieren erlesene Muscheln, die auf Fl\u00f6\u00dfen gez\u00fcchtet Zutaten: Muscheln (Weichtiere), Sonnenblumen\u00f6l, Weinessig, Gew\u00fcrze und Salz.","og_url":"https:\/\/elmejorjamon.es\/de\/producto\/cabo-de-penas-eingelegte-muscheln-13-18-ol-120\/","og_site_name":"El Mejor Jam\u00f3n","article_publisher":"https:\/\/www.facebook.com\/elmejorjamonweb","article_modified_time":"2025-11-12T12:26:29+00:00","og_image":[{"width":694,"height":451,"url":"https:\/\/elmejorjamon.es\/wp-content\/uploads\/2025\/11\/mejillones-en-escabeche-1318-ol-120.jpg","type":"image\/jpeg"}],"twitter_card":"summary_large_image","twitter_site":"@elmejorjamonweb","twitter_misc":{"Gesch\u00e4tzte Lesezeit":"1\u00a0Minute"},"schema":{"@context":"https:\/\/schema.org","@graph":[{"@type":"WebPage","@id":"https:\/\/elmejorjamon.es\/de\/producto\/cabo-de-penas-eingelegte-muscheln-13-18-ol-120\/","url":"https:\/\/elmejorjamon.es\/de\/producto\/cabo-de-penas-eingelegte-muscheln-13-18-ol-120\/","name":"Kaufen Cabo de Pe\u00f1as eingelegte Muscheln 13\/18 OL-120 - El Mejor Jam\u00f3n","isPartOf":{"@id":"https:\/\/elmejorjamon.es\/#website"},"primaryImageOfPage":{"@id":"https:\/\/elmejorjamon.es\/de\/producto\/cabo-de-penas-eingelegte-muscheln-13-18-ol-120\/#primaryimage"},"image":{"@id":"https:\/\/elmejorjamon.es\/de\/producto\/cabo-de-penas-eingelegte-muscheln-13-18-ol-120\/#primaryimage"},"thumbnailUrl":"https:\/\/elmejorjamon.es\/wp-content\/uploads\/2025\/11\/mejillones-en-escabeche-1318-ol-120.jpg","datePublished":"2025-11-12T07:58:24+00:00","dateModified":"2025-11-12T12:26:29+00:00","description":"Wir konservieren erlesene Muscheln, die auf Fl\u00f6\u00dfen gez\u00fcchtet Zutaten: Muscheln (Weichtiere), Sonnenblumen\u00f6l, Weinessig, Gew\u00fcrze und Salz.","breadcrumb":{"@id":"https:\/\/elmejorjamon.es\/de\/producto\/cabo-de-penas-eingelegte-muscheln-13-18-ol-120\/#breadcrumb"},"inLanguage":"de","potentialAction":[{"@type":"ReadAction","target":["https:\/\/elmejorjamon.es\/de\/producto\/cabo-de-penas-eingelegte-muscheln-13-18-ol-120\/"]}]},{"@type":"ImageObject","inLanguage":"de","@id":"https:\/\/elmejorjamon.es\/de\/producto\/cabo-de-penas-eingelegte-muscheln-13-18-ol-120\/#primaryimage","url":"https:\/\/elmejorjamon.es\/wp-content\/uploads\/2025\/11\/mejillones-en-escabeche-1318-ol-120.jpg","contentUrl":"https:\/\/elmejorjamon.es\/wp-content\/uploads\/2025\/11\/mejillones-en-escabeche-1318-ol-120.jpg","width":694,"height":451},{"@type":"BreadcrumbList","@id":"https:\/\/elmejorjamon.es\/de\/producto\/cabo-de-penas-eingelegte-muscheln-13-18-ol-120\/#breadcrumb","itemListElement":[{"@type":"ListItem","position":1,"name":"Portada","item":"https:\/\/elmejorjamon.es\/de\/"},{"@type":"ListItem","position":2,"name":"Schnellstart","item":"https:\/\/elmejorjamon.es\/de\/"},{"@type":"ListItem","position":3,"name":"Cabo de Pe\u00f1as eingelegte Muscheln 13\/18 OL-120"}]},{"@type":"WebSite","@id":"https:\/\/elmejorjamon.es\/#website","url":"https:\/\/elmejorjamon.es\/","name":"El Mejor Jam\u00f3n","description":"Comprar jamones y embutidos a buen precio","publisher":{"@id":"https:\/\/elmejorjamon.es\/#organization"},"potentialAction":[{"@type":"SearchAction","target":{"@type":"EntryPoint","urlTemplate":"https:\/\/elmejorjamon.es\/?s={search_term_string}"},"query-input":{"@type":"PropertyValueSpecification","valueRequired":true,"valueName":"search_term_string"}}],"inLanguage":"de"},{"@type":"Organization","@id":"https:\/\/elmejorjamon.es\/#organization","name":"El Mejor Jam\u00f3n","url":"https:\/\/elmejorjamon.es\/","logo":{"@type":"ImageObject","inLanguage":"de","@id":"https:\/\/elmejorjamon.es\/#\/schema\/logo\/image\/","url":"https:\/\/elmejorjamon.es\/wp-content\/uploads\/2025\/01\/logocorreos.png","contentUrl":"https:\/\/elmejorjamon.es\/wp-content\/uploads\/2025\/01\/logocorreos.png","width":277,"height":200,"caption":"El Mejor Jam\u00f3n"},"image":{"@id":"https:\/\/elmejorjamon.es\/#\/schema\/logo\/image\/"},"sameAs":["https:\/\/www.facebook.com\/elmejorjamonweb","https:\/\/x.com\/elmejorjamonweb","https:\/\/www.instagram.com\/elmejorjamonweb\/"]}]}},"_links":{"self":[{"href":"https:\/\/elmejorjamon.es\/de\/wp-json\/wp\/v2\/product\/20962","targetHints":{"allow":["GET"]}}],"collection":[{"href":"https:\/\/elmejorjamon.es\/de\/wp-json\/wp\/v2\/product"}],"about":[{"href":"https:\/\/elmejorjamon.es\/de\/wp-json\/wp\/v2\/types\/product"}],"replies":[{"embeddable":true,"href":"https:\/\/elmejorjamon.es\/de\/wp-json\/wp\/v2\/comments?post=20962"}],"wp:featuredmedia":[{"embeddable":true,"href":"https:\/\/elmejorjamon.es\/de\/wp-json\/wp\/v2\/media\/20980"}],"wp:attachment":[{"href":"https:\/\/elmejorjamon.es\/de\/wp-json\/wp\/v2\/media?parent=20962"}],"wp:term":[{"taxonomy":"product_brand","embeddable":true,"href":"https:\/\/elmejorjamon.es\/de\/wp-json\/wp\/v2\/product_brand?post=20962"},{"taxonomy":"product_cat","embeddable":true,"href":"https:\/\/elmejorjamon.es\/de\/wp-json\/wp\/v2\/product_cat?post=20962"},{"taxonomy":"product_tag","embeddable":true,"href":"https:\/\/elmejorjamon.es\/de\/wp-json\/wp\/v2\/product_tag?post=20962"}],"curies":[{"name":"wp","href":"https:\/\/api.w.org\/{rel}","templated":true}]}}