{"id":20845,"date":"2025-11-07T13:17:56","date_gmt":"2025-11-07T12:17:56","guid":{"rendered":"https:\/\/elmejorjamon.es\/?post_type=product&#038;p=20845"},"modified":"2025-11-07T13:17:57","modified_gmt":"2025-11-07T12:17:57","slug":"biergeschmorte-hahnchenkeulen-la-alacena","status":"publish","type":"product","link":"https:\/\/elmejorjamon.es\/de\/producto\/biergeschmorte-hahnchenkeulen-la-alacena\/","title":{"rendered":"Biergeschmorte H\u00e4hnchenkeulen &#8222;La Alacena\u201c"},"content":{"rendered":"<p>Biergeschmorte H\u00e4hnchenkeulen &#8222;La Alacena\u201c<\/p>\n<p>K\u00fchl und trocken lagern. Nach dem \u00d6ffnen gek\u00fchlt aufbewahren und innerhalb von 5 Tagen verbrauchen. <\/p>\n<p>Ohne Zusatzstoffe. Naturprodukt ohne Konservierungs- und Farbstoffe. Handgefertigt. Gourmetprodukt.   <\/p>\n<p>Wir empfehlen, die Sauce im Wasserbad oder in der Mikrowelle zu erhitzen (f\u00fcr die Mikrowelle den Inhalt in ein geeignetes Gef\u00e4\u00df geben und 3\u20134 Minuten erhitzen).<\/p>\n<p>Nettogewicht 480 g | Abtropfgewicht 315 g<\/p>\n<p>Enth\u00e4lt Getreide und Gluten.<\/p>\n<p>N\u00e4hrwertangaben<\/p>\n<p>Ungef\u00e4hre Durchschnittswerte pro 100 g: <\/p>\n<p>Brennstoff: 407 kcal \/ 1701 kJ<br \/>\nRohfett: 25,40 g<br \/>\nGes\u00e4ttigte Fetts\u00e4uren: 1,75 g<br \/>\nKohlenhydrate: 19,40 g<br \/>\nZucker: 2,74 g<br \/>\nEiwei\u00df: 25,10 g<br \/>\nSalz: 2,02 g<\/p>\n<p>Zutaten: H\u00e4hnchenkeulen (65 %), Pflanzen\u00f6l (Sonnenblumen\u00f6l), Zwiebeln, Bier (Wasser, Malz, Hopfen, Gerste und Hefe), Knoblauch und Salz.<br \/>\nAllergene: Enth\u00e4lt Getreide und Gluten.<br \/>\nIn Bier geschmorte H\u00e4hnchenkeulen sind eine k\u00f6stliche Option f\u00fcr jede Gelegenheit. Mit einem Nettogewicht von 480 Gramm eignet sich dieses Gericht perfekt zum Teilen bei einem Familienessen oder zum Genie\u00dfen allein. <\/p>\n<p>Die Kombination aus saftigem H\u00e4hnchenfleisch und dem einzigartigen Bieraroma sorgt f\u00fcr ein wahres Geschmackserlebnis bei jedem Bissen. Die H\u00e4hnchenkeulen werden langsam in einer Biersauce gegart, die ihren Geschmack intensiviert und sie unwiderstehlich macht. <\/p>\n<p>Die Zubereitung von in Bier geschmorten H\u00e4hnchenkeulen ist kinderleicht. Einfach ein paar Minuten im Ofen erw\u00e4rmen, und schon sind sie servierfertig. Dazu passen ein frischer Salat, wei\u00dfer Reis oder Bratkartoffeln \u2013 ein perfektes Gericht!  <\/p>\n<p>Ob f\u00fcr ein besonderes Abendessen oder ein schnelles Abendessen unter der Woche: In Bier geschmorte H\u00e4hnchenkeulen sind eine hervorragende Wahl. Ihr einzigartiger Geschmack und die einfache Zubereitung machen sie zur idealen Option f\u00fcr jeden Anlass. Probieren Sie diese k\u00f6stlichen H\u00e4hnchenkeulen noch heute!  <\/p>\n","protected":false},"excerpt":{"rendered":"<p>Biergeschmorte H\u00e4hnchenkeulen &#8222;La Alacena\u201c<\/p>\n","protected":false},"featured_media":20834,"comment_status":"open","ping_status":"closed","template":"","meta":{"_et_pb_use_builder":"","_et_pb_old_content":"","_et_gb_content_width":"","_sitemap_exclude":false,"_sitemap_priority":"","_sitemap_frequency":""},"product_brand":[],"product_cat":[48,905,222,42,24,78],"product_tag":[],"class_list":{"0":"post-20845","1":"product","2":"type-product","3":"status-publish","4":"has-post-thumbnail","6":"product_cat-alle-produkte","7":"product_cat-angebote","8":"product_cat-gourmet-de","9":"product_cat-conservas-de","10":"product_cat-startseite","11":"product_cat-platos-preparados-de","12":"product_shipping_class-normal-de","14":"first","15":"instock","16":"sale","17":"shipping-taxable","18":"purchasable","19":"product-type-simple"},"yoast_head":"<!-- This site is optimized with the Yoast SEO plugin v27.4 - https:\/\/yoast.com\/product\/yoast-seo-wordpress\/ -->\n<title>Kaufen Biergeschmorte H\u00e4hnchenkeulen &quot;La Alacena\u201c - El Mejor Jam\u00f3n<\/title>\n<meta name=\"description\" content=\"Nur noch erw\u00e4rmen und servieren. Ohne Zusatzstoffe. Naturprodukt ohne Konservierungsstoffe oder k\u00fcnstliche Farbstoffe. Handgefertigt.\" \/>\n<meta name=\"robots\" content=\"index, follow, max-snippet:-1, max-image-preview:large, max-video-preview:-1\" \/>\n<link rel=\"canonical\" href=\"https:\/\/elmejorjamon.es\/de\/producto\/biergeschmorte-hahnchenkeulen-la-alacena\/\" \/>\n<meta property=\"og:locale\" content=\"de_DE\" \/>\n<meta property=\"og:type\" content=\"article\" \/>\n<meta property=\"og:title\" content=\"Kaufen Biergeschmorte H\u00e4hnchenkeulen &quot;La Alacena\u201c - El Mejor Jam\u00f3n\" \/>\n<meta property=\"og:description\" content=\"Nur noch erw\u00e4rmen und servieren. Ohne Zusatzstoffe. Naturprodukt ohne Konservierungsstoffe oder k\u00fcnstliche Farbstoffe. Handgefertigt.\" \/>\n<meta property=\"og:url\" content=\"https:\/\/elmejorjamon.es\/de\/producto\/biergeschmorte-hahnchenkeulen-la-alacena\/\" \/>\n<meta property=\"og:site_name\" content=\"El Mejor Jam\u00f3n\" \/>\n<meta property=\"article:publisher\" content=\"https:\/\/www.facebook.com\/elmejorjamonweb\" \/>\n<meta property=\"article:modified_time\" content=\"2025-11-07T12:17:57+00:00\" \/>\n<meta property=\"og:image\" content=\"https:\/\/elmejorjamon.es\/wp-content\/uploads\/2025\/11\/JAMONCITOSCERVEZA.jpg\" \/>\n\t<meta property=\"og:image:width\" content=\"1000\" \/>\n\t<meta property=\"og:image:height\" content=\"782\" \/>\n\t<meta property=\"og:image:type\" content=\"image\/jpeg\" \/>\n<meta name=\"twitter:card\" content=\"summary_large_image\" \/>\n<meta name=\"twitter:site\" content=\"@elmejorjamonweb\" \/>\n<meta name=\"twitter:label1\" content=\"Gesch\u00e4tzte Lesezeit\" \/>\n\t<meta name=\"twitter:data1\" content=\"1\u00a0Minute\" \/>\n<script type=\"application\/ld+json\" class=\"yoast-schema-graph\">{\"@context\":\"https:\\\/\\\/schema.org\",\"@graph\":[{\"@type\":\"WebPage\",\"@id\":\"https:\\\/\\\/elmejorjamon.es\\\/de\\\/producto\\\/biergeschmorte-hahnchenkeulen-la-alacena\\\/\",\"url\":\"https:\\\/\\\/elmejorjamon.es\\\/de\\\/producto\\\/biergeschmorte-hahnchenkeulen-la-alacena\\\/\",\"name\":\"Kaufen Biergeschmorte H\u00e4hnchenkeulen \\\"La Alacena\u201c - El Mejor Jam\u00f3n\",\"isPartOf\":{\"@id\":\"https:\\\/\\\/elmejorjamon.es\\\/#website\"},\"primaryImageOfPage\":{\"@id\":\"https:\\\/\\\/elmejorjamon.es\\\/de\\\/producto\\\/biergeschmorte-hahnchenkeulen-la-alacena\\\/#primaryimage\"},\"image\":{\"@id\":\"https:\\\/\\\/elmejorjamon.es\\\/de\\\/producto\\\/biergeschmorte-hahnchenkeulen-la-alacena\\\/#primaryimage\"},\"thumbnailUrl\":\"https:\\\/\\\/elmejorjamon.es\\\/wp-content\\\/uploads\\\/2025\\\/11\\\/JAMONCITOSCERVEZA.jpg\",\"datePublished\":\"2025-11-07T12:17:56+00:00\",\"dateModified\":\"2025-11-07T12:17:57+00:00\",\"description\":\"Nur noch erw\u00e4rmen und servieren. Ohne Zusatzstoffe. Naturprodukt ohne Konservierungsstoffe oder k\u00fcnstliche Farbstoffe. Handgefertigt.\",\"breadcrumb\":{\"@id\":\"https:\\\/\\\/elmejorjamon.es\\\/de\\\/producto\\\/biergeschmorte-hahnchenkeulen-la-alacena\\\/#breadcrumb\"},\"inLanguage\":\"de\",\"potentialAction\":[{\"@type\":\"ReadAction\",\"target\":[\"https:\\\/\\\/elmejorjamon.es\\\/de\\\/producto\\\/biergeschmorte-hahnchenkeulen-la-alacena\\\/\"]}]},{\"@type\":\"ImageObject\",\"inLanguage\":\"de\",\"@id\":\"https:\\\/\\\/elmejorjamon.es\\\/de\\\/producto\\\/biergeschmorte-hahnchenkeulen-la-alacena\\\/#primaryimage\",\"url\":\"https:\\\/\\\/elmejorjamon.es\\\/wp-content\\\/uploads\\\/2025\\\/11\\\/JAMONCITOSCERVEZA.jpg\",\"contentUrl\":\"https:\\\/\\\/elmejorjamon.es\\\/wp-content\\\/uploads\\\/2025\\\/11\\\/JAMONCITOSCERVEZA.jpg\",\"width\":1000,\"height\":782},{\"@type\":\"BreadcrumbList\",\"@id\":\"https:\\\/\\\/elmejorjamon.es\\\/de\\\/producto\\\/biergeschmorte-hahnchenkeulen-la-alacena\\\/#breadcrumb\",\"itemListElement\":[{\"@type\":\"ListItem\",\"position\":1,\"name\":\"Portada\",\"item\":\"https:\\\/\\\/elmejorjamon.es\\\/de\\\/\"},{\"@type\":\"ListItem\",\"position\":2,\"name\":\"Schnellstart\",\"item\":\"https:\\\/\\\/elmejorjamon.es\\\/de\\\/\"},{\"@type\":\"ListItem\",\"position\":3,\"name\":\"Biergeschmorte H\u00e4hnchenkeulen &#8220;La Alacena\u201c\"}]},{\"@type\":\"WebSite\",\"@id\":\"https:\\\/\\\/elmejorjamon.es\\\/#website\",\"url\":\"https:\\\/\\\/elmejorjamon.es\\\/\",\"name\":\"El Mejor Jam\u00f3n\",\"description\":\"Comprar jamones y embutidos a buen precio\",\"publisher\":{\"@id\":\"https:\\\/\\\/elmejorjamon.es\\\/#organization\"},\"potentialAction\":[{\"@type\":\"SearchAction\",\"target\":{\"@type\":\"EntryPoint\",\"urlTemplate\":\"https:\\\/\\\/elmejorjamon.es\\\/?s={search_term_string}\"},\"query-input\":{\"@type\":\"PropertyValueSpecification\",\"valueRequired\":true,\"valueName\":\"search_term_string\"}}],\"inLanguage\":\"de\"},{\"@type\":\"Organization\",\"@id\":\"https:\\\/\\\/elmejorjamon.es\\\/#organization\",\"name\":\"El Mejor Jam\u00f3n\",\"url\":\"https:\\\/\\\/elmejorjamon.es\\\/\",\"logo\":{\"@type\":\"ImageObject\",\"inLanguage\":\"de\",\"@id\":\"https:\\\/\\\/elmejorjamon.es\\\/#\\\/schema\\\/logo\\\/image\\\/\",\"url\":\"https:\\\/\\\/elmejorjamon.es\\\/wp-content\\\/uploads\\\/2025\\\/01\\\/logocorreos.png\",\"contentUrl\":\"https:\\\/\\\/elmejorjamon.es\\\/wp-content\\\/uploads\\\/2025\\\/01\\\/logocorreos.png\",\"width\":277,\"height\":200,\"caption\":\"El Mejor Jam\u00f3n\"},\"image\":{\"@id\":\"https:\\\/\\\/elmejorjamon.es\\\/#\\\/schema\\\/logo\\\/image\\\/\"},\"sameAs\":[\"https:\\\/\\\/www.facebook.com\\\/elmejorjamonweb\",\"https:\\\/\\\/x.com\\\/elmejorjamonweb\",\"https:\\\/\\\/www.instagram.com\\\/elmejorjamonweb\\\/\"]}]}<\/script>\n<!-- \/ Yoast SEO plugin. -->","yoast_head_json":{"title":"Kaufen Biergeschmorte H\u00e4hnchenkeulen \"La Alacena\u201c - El Mejor Jam\u00f3n","description":"Nur noch erw\u00e4rmen und servieren. Ohne Zusatzstoffe. Naturprodukt ohne Konservierungsstoffe oder k\u00fcnstliche Farbstoffe. Handgefertigt.","robots":{"index":"index","follow":"follow","max-snippet":"max-snippet:-1","max-image-preview":"max-image-preview:large","max-video-preview":"max-video-preview:-1"},"canonical":"https:\/\/elmejorjamon.es\/de\/producto\/biergeschmorte-hahnchenkeulen-la-alacena\/","og_locale":"de_DE","og_type":"article","og_title":"Kaufen Biergeschmorte H\u00e4hnchenkeulen \"La Alacena\u201c - El Mejor Jam\u00f3n","og_description":"Nur noch erw\u00e4rmen und servieren. Ohne Zusatzstoffe. Naturprodukt ohne Konservierungsstoffe oder k\u00fcnstliche Farbstoffe. Handgefertigt.","og_url":"https:\/\/elmejorjamon.es\/de\/producto\/biergeschmorte-hahnchenkeulen-la-alacena\/","og_site_name":"El Mejor Jam\u00f3n","article_publisher":"https:\/\/www.facebook.com\/elmejorjamonweb","article_modified_time":"2025-11-07T12:17:57+00:00","og_image":[{"width":1000,"height":782,"url":"https:\/\/elmejorjamon.es\/wp-content\/uploads\/2025\/11\/JAMONCITOSCERVEZA.jpg","type":"image\/jpeg"}],"twitter_card":"summary_large_image","twitter_site":"@elmejorjamonweb","twitter_misc":{"Gesch\u00e4tzte Lesezeit":"1\u00a0Minute"},"schema":{"@context":"https:\/\/schema.org","@graph":[{"@type":"WebPage","@id":"https:\/\/elmejorjamon.es\/de\/producto\/biergeschmorte-hahnchenkeulen-la-alacena\/","url":"https:\/\/elmejorjamon.es\/de\/producto\/biergeschmorte-hahnchenkeulen-la-alacena\/","name":"Kaufen Biergeschmorte H\u00e4hnchenkeulen \"La Alacena\u201c - El Mejor Jam\u00f3n","isPartOf":{"@id":"https:\/\/elmejorjamon.es\/#website"},"primaryImageOfPage":{"@id":"https:\/\/elmejorjamon.es\/de\/producto\/biergeschmorte-hahnchenkeulen-la-alacena\/#primaryimage"},"image":{"@id":"https:\/\/elmejorjamon.es\/de\/producto\/biergeschmorte-hahnchenkeulen-la-alacena\/#primaryimage"},"thumbnailUrl":"https:\/\/elmejorjamon.es\/wp-content\/uploads\/2025\/11\/JAMONCITOSCERVEZA.jpg","datePublished":"2025-11-07T12:17:56+00:00","dateModified":"2025-11-07T12:17:57+00:00","description":"Nur noch erw\u00e4rmen und servieren. Ohne Zusatzstoffe. Naturprodukt ohne Konservierungsstoffe oder k\u00fcnstliche Farbstoffe. Handgefertigt.","breadcrumb":{"@id":"https:\/\/elmejorjamon.es\/de\/producto\/biergeschmorte-hahnchenkeulen-la-alacena\/#breadcrumb"},"inLanguage":"de","potentialAction":[{"@type":"ReadAction","target":["https:\/\/elmejorjamon.es\/de\/producto\/biergeschmorte-hahnchenkeulen-la-alacena\/"]}]},{"@type":"ImageObject","inLanguage":"de","@id":"https:\/\/elmejorjamon.es\/de\/producto\/biergeschmorte-hahnchenkeulen-la-alacena\/#primaryimage","url":"https:\/\/elmejorjamon.es\/wp-content\/uploads\/2025\/11\/JAMONCITOSCERVEZA.jpg","contentUrl":"https:\/\/elmejorjamon.es\/wp-content\/uploads\/2025\/11\/JAMONCITOSCERVEZA.jpg","width":1000,"height":782},{"@type":"BreadcrumbList","@id":"https:\/\/elmejorjamon.es\/de\/producto\/biergeschmorte-hahnchenkeulen-la-alacena\/#breadcrumb","itemListElement":[{"@type":"ListItem","position":1,"name":"Portada","item":"https:\/\/elmejorjamon.es\/de\/"},{"@type":"ListItem","position":2,"name":"Schnellstart","item":"https:\/\/elmejorjamon.es\/de\/"},{"@type":"ListItem","position":3,"name":"Biergeschmorte H\u00e4hnchenkeulen &#8220;La Alacena\u201c"}]},{"@type":"WebSite","@id":"https:\/\/elmejorjamon.es\/#website","url":"https:\/\/elmejorjamon.es\/","name":"El Mejor Jam\u00f3n","description":"Comprar jamones y embutidos a buen precio","publisher":{"@id":"https:\/\/elmejorjamon.es\/#organization"},"potentialAction":[{"@type":"SearchAction","target":{"@type":"EntryPoint","urlTemplate":"https:\/\/elmejorjamon.es\/?s={search_term_string}"},"query-input":{"@type":"PropertyValueSpecification","valueRequired":true,"valueName":"search_term_string"}}],"inLanguage":"de"},{"@type":"Organization","@id":"https:\/\/elmejorjamon.es\/#organization","name":"El Mejor Jam\u00f3n","url":"https:\/\/elmejorjamon.es\/","logo":{"@type":"ImageObject","inLanguage":"de","@id":"https:\/\/elmejorjamon.es\/#\/schema\/logo\/image\/","url":"https:\/\/elmejorjamon.es\/wp-content\/uploads\/2025\/01\/logocorreos.png","contentUrl":"https:\/\/elmejorjamon.es\/wp-content\/uploads\/2025\/01\/logocorreos.png","width":277,"height":200,"caption":"El Mejor Jam\u00f3n"},"image":{"@id":"https:\/\/elmejorjamon.es\/#\/schema\/logo\/image\/"},"sameAs":["https:\/\/www.facebook.com\/elmejorjamonweb","https:\/\/x.com\/elmejorjamonweb","https:\/\/www.instagram.com\/elmejorjamonweb\/"]}]}},"_links":{"self":[{"href":"https:\/\/elmejorjamon.es\/de\/wp-json\/wp\/v2\/product\/20845","targetHints":{"allow":["GET"]}}],"collection":[{"href":"https:\/\/elmejorjamon.es\/de\/wp-json\/wp\/v2\/product"}],"about":[{"href":"https:\/\/elmejorjamon.es\/de\/wp-json\/wp\/v2\/types\/product"}],"replies":[{"embeddable":true,"href":"https:\/\/elmejorjamon.es\/de\/wp-json\/wp\/v2\/comments?post=20845"}],"wp:featuredmedia":[{"embeddable":true,"href":"https:\/\/elmejorjamon.es\/de\/wp-json\/wp\/v2\/media\/20834"}],"wp:attachment":[{"href":"https:\/\/elmejorjamon.es\/de\/wp-json\/wp\/v2\/media?parent=20845"}],"wp:term":[{"taxonomy":"product_brand","embeddable":true,"href":"https:\/\/elmejorjamon.es\/de\/wp-json\/wp\/v2\/product_brand?post=20845"},{"taxonomy":"product_cat","embeddable":true,"href":"https:\/\/elmejorjamon.es\/de\/wp-json\/wp\/v2\/product_cat?post=20845"},{"taxonomy":"product_tag","embeddable":true,"href":"https:\/\/elmejorjamon.es\/de\/wp-json\/wp\/v2\/product_tag?post=20845"}],"curies":[{"name":"wp","href":"https:\/\/api.w.org\/{rel}","templated":true}]}}