{"id":20797,"date":"2025-11-05T14:22:42","date_gmt":"2025-11-05T13:22:42","guid":{"rendered":"https:\/\/elmejorjamon.es\/?post_type=product&#038;p=20797"},"modified":"2025-11-05T14:37:09","modified_gmt":"2025-11-05T13:37:09","slug":"schweinshaxe-in-sauce-la-alacena","status":"publish","type":"product","link":"https:\/\/elmejorjamon.es\/de\/producto\/schweinshaxe-in-sauce-la-alacena\/","title":{"rendered":"Schweinshaxe in Sauce &#8222;La Alacena\u201c"},"content":{"rendered":"<p>Ein exquisites, rein handwerklich hergestelltes Gericht, zubereitet ohne Zusatz- oder Konservierungsstoffe.<\/p>\n<p>K\u00fchl und trocken lagern. Nach dem \u00d6ffnen gek\u00fchlt aufbewahren und innerhalb von 5 Tagen verbrauchen.<\/p>\n<p>Glutenfrei. Ohne Zusatzstoffe. Naturprodukt ohne Konservierungs- oder Farbstoffe. Handwerklich hergestellt. Gourmetprodukt.<\/p>\n<p>Wir empfehlen, die Sauce im Wasserbad oder in der Mikrowelle zu erhitzen (f\u00fcr die Mikrowelle den Inhalt in ein geeignetes Gef\u00e4\u00df geben und 3\u20134 Minuten erhitzen).<\/p>\n<p>Nettogewicht 580 g | Abtropfgewicht 405 g<\/p>\n<p>Kann Sulfite enthalten.<\/p>\n<p>N\u00e4hrwertangaben<\/p>\n<p>Ungef\u00e4hre Durchschnittswerte pro 100 g:<\/p>\n<p>Brennstoff: 282 kcal \/ 1177 kJ<br \/>\nRohfett: 23,40 g<br \/>\nGes\u00e4ttigte Fetts\u00e4uren: 2,03 g<br \/>\nKohlenhydrate: 2,52 g<br \/>\nZucker: 0,71 g<br \/>\nEiwei\u00df: 15,20 g<br \/>\nSalz: 1,72 g<\/p>\n<p>Zutaten: Schweinsf\u00fc\u00dfe (75 %), Wasser, Wei\u00dfwein, Tomaten, Zwiebeln, Knoblauch, Salz, Gew\u00fcrze<\/p>\n<p>Allergene: Kann Sulfite enthalten<\/p>\n<p>Schweinsf\u00fc\u00dfe in Sauce sind ein exquisites, rein hausgemachtes Gericht, zubereitet ohne Zusatz- oder Konservierungsstoffe. Mit einem Gewicht von 580 Gramm ist dieses k\u00f6stliche Gericht ideal f\u00fcr alle, die authentische Hausmannskost genie\u00dfen m\u00f6chten.<\/p>\n<p>Schweinsf\u00fc\u00dfe sind eine hochgesch\u00e4tzte Zutat der spanischen K\u00fcche und bekannt f\u00fcr ihre gelatineartige Konsistenz und ihren einzigartigen Geschmack. In Kombination mit einer k\u00f6stlichen, hausgemachten Sauce entsteht ein Gericht voller Geschmack und Tradition.<\/p>\n<p>Dieses Gericht wurde mit Sorgfalt und Hingabe nach traditionellen Rezepten zubereitet, die seine Qualit\u00e4t und Authentizit\u00e4t garantieren. Jeder Bissen dieser Schweinshaxen in Sauce entf\u00fchrt Sie zur\u00fcck an den Tisch Ihrer Gro\u00dfmutter, wo hausgemachte Aromen im Mittelpunkt standen.<\/p>\n<p>Da es zudem keine Zusatz- oder Konservierungsstoffe enth\u00e4lt, k\u00f6nnen Sie dieses Gericht unbesorgt genie\u00dfen und wissen, dass Sie ein nat\u00fcrliches und gesundes Produkt verzehren. Schweinshaxen in Sauce sind die perfekte Wahl f\u00fcr alle, die sich nach einer herzhaften und geschmackvollen Mahlzeit sehnen.<\/p>\n<p>Verpassen Sie nicht die Gelegenheit, diese k\u00f6stlichen Schweinshaxen in Sauce zu probieren \u2013 ein Gericht, das Sie in die traditionelle Welt der Hausmannskost entf\u00fchrt. Sie werden es nicht bereuen!<\/p>\n","protected":false},"excerpt":{"rendered":"<p>Schweinshaxe in Sauce &#8222;La Alacena\u201c<\/p>\n","protected":false},"featured_media":20786,"comment_status":"open","ping_status":"closed","template":"","meta":{"_et_pb_use_builder":"","_et_pb_old_content":"","_et_gb_content_width":"","_sitemap_exclude":false,"_sitemap_priority":"","_sitemap_frequency":""},"product_brand":[],"product_cat":[48,905,222,42,24,78],"product_tag":[],"class_list":{"0":"post-20797","1":"product","2":"type-product","3":"status-publish","4":"has-post-thumbnail","6":"product_cat-alle-produkte","7":"product_cat-angebote","8":"product_cat-gourmet-de","9":"product_cat-conservas-de","10":"product_cat-startseite","11":"product_cat-platos-preparados-de","12":"product_shipping_class-normal-de","14":"first","15":"instock","16":"sale","17":"shipping-taxable","18":"purchasable","19":"product-type-simple"},"yoast_head":"<!-- This site is optimized with the Yoast SEO plugin v27.4 - https:\/\/yoast.com\/product\/yoast-seo-wordpress\/ -->\n<title>Kaufen Schweinshaxe in Sauce &quot;La Alacena\u201c - El Mejor Jam\u00f3n<\/title>\n<meta name=\"description\" content=\"Exquisites Gericht, komplett von Hand zubereitet, ohne Zusatz- oder Konservierungsstoffe. Glutenfrei. Ohne Zusatzstoffe. Handgefertigte Zubereitung.\" \/>\n<meta name=\"robots\" content=\"index, follow, max-snippet:-1, max-image-preview:large, max-video-preview:-1\" \/>\n<link rel=\"canonical\" href=\"https:\/\/elmejorjamon.es\/de\/producto\/schweinshaxe-in-sauce-la-alacena\/\" \/>\n<meta property=\"og:locale\" content=\"de_DE\" \/>\n<meta property=\"og:type\" content=\"article\" \/>\n<meta property=\"og:title\" content=\"Kaufen Schweinshaxe in Sauce &quot;La Alacena\u201c - El Mejor Jam\u00f3n\" \/>\n<meta property=\"og:description\" content=\"Exquisites Gericht, komplett von Hand zubereitet, ohne Zusatz- oder Konservierungsstoffe. Glutenfrei. Ohne Zusatzstoffe. Handgefertigte Zubereitung.\" \/>\n<meta property=\"og:url\" content=\"https:\/\/elmejorjamon.es\/de\/producto\/schweinshaxe-in-sauce-la-alacena\/\" \/>\n<meta property=\"og:site_name\" content=\"El Mejor Jam\u00f3n\" \/>\n<meta property=\"article:publisher\" content=\"https:\/\/www.facebook.com\/elmejorjamonweb\" \/>\n<meta property=\"article:modified_time\" content=\"2025-11-05T13:37:09+00:00\" \/>\n<meta property=\"og:image\" content=\"https:\/\/elmejorjamon.es\/wp-content\/uploads\/2025\/11\/manitaslaalacena.jpg\" \/>\n\t<meta property=\"og:image:width\" content=\"1000\" \/>\n\t<meta property=\"og:image:height\" content=\"1388\" \/>\n\t<meta property=\"og:image:type\" content=\"image\/jpeg\" \/>\n<meta name=\"twitter:card\" content=\"summary_large_image\" \/>\n<meta name=\"twitter:site\" content=\"@elmejorjamonweb\" \/>\n<meta name=\"twitter:label1\" content=\"Gesch\u00e4tzte Lesezeit\" \/>\n\t<meta name=\"twitter:data1\" content=\"2\u00a0Minuten\" \/>\n<script type=\"application\/ld+json\" class=\"yoast-schema-graph\">{\"@context\":\"https:\\\/\\\/schema.org\",\"@graph\":[{\"@type\":\"WebPage\",\"@id\":\"https:\\\/\\\/elmejorjamon.es\\\/de\\\/producto\\\/schweinshaxe-in-sauce-la-alacena\\\/\",\"url\":\"https:\\\/\\\/elmejorjamon.es\\\/de\\\/producto\\\/schweinshaxe-in-sauce-la-alacena\\\/\",\"name\":\"Kaufen Schweinshaxe in Sauce \\\"La Alacena\u201c - El Mejor Jam\u00f3n\",\"isPartOf\":{\"@id\":\"https:\\\/\\\/elmejorjamon.es\\\/#website\"},\"primaryImageOfPage\":{\"@id\":\"https:\\\/\\\/elmejorjamon.es\\\/de\\\/producto\\\/schweinshaxe-in-sauce-la-alacena\\\/#primaryimage\"},\"image\":{\"@id\":\"https:\\\/\\\/elmejorjamon.es\\\/de\\\/producto\\\/schweinshaxe-in-sauce-la-alacena\\\/#primaryimage\"},\"thumbnailUrl\":\"https:\\\/\\\/elmejorjamon.es\\\/wp-content\\\/uploads\\\/2025\\\/11\\\/manitaslaalacena.jpg\",\"datePublished\":\"2025-11-05T13:22:42+00:00\",\"dateModified\":\"2025-11-05T13:37:09+00:00\",\"description\":\"Exquisites Gericht, komplett von Hand zubereitet, ohne Zusatz- oder Konservierungsstoffe. Glutenfrei. Ohne Zusatzstoffe. Handgefertigte Zubereitung.\",\"breadcrumb\":{\"@id\":\"https:\\\/\\\/elmejorjamon.es\\\/de\\\/producto\\\/schweinshaxe-in-sauce-la-alacena\\\/#breadcrumb\"},\"inLanguage\":\"de\",\"potentialAction\":[{\"@type\":\"ReadAction\",\"target\":[\"https:\\\/\\\/elmejorjamon.es\\\/de\\\/producto\\\/schweinshaxe-in-sauce-la-alacena\\\/\"]}]},{\"@type\":\"ImageObject\",\"inLanguage\":\"de\",\"@id\":\"https:\\\/\\\/elmejorjamon.es\\\/de\\\/producto\\\/schweinshaxe-in-sauce-la-alacena\\\/#primaryimage\",\"url\":\"https:\\\/\\\/elmejorjamon.es\\\/wp-content\\\/uploads\\\/2025\\\/11\\\/manitaslaalacena.jpg\",\"contentUrl\":\"https:\\\/\\\/elmejorjamon.es\\\/wp-content\\\/uploads\\\/2025\\\/11\\\/manitaslaalacena.jpg\",\"width\":1000,\"height\":1388},{\"@type\":\"BreadcrumbList\",\"@id\":\"https:\\\/\\\/elmejorjamon.es\\\/de\\\/producto\\\/schweinshaxe-in-sauce-la-alacena\\\/#breadcrumb\",\"itemListElement\":[{\"@type\":\"ListItem\",\"position\":1,\"name\":\"Portada\",\"item\":\"https:\\\/\\\/elmejorjamon.es\\\/de\\\/\"},{\"@type\":\"ListItem\",\"position\":2,\"name\":\"Schnellstart\",\"item\":\"https:\\\/\\\/elmejorjamon.es\\\/de\\\/\"},{\"@type\":\"ListItem\",\"position\":3,\"name\":\"Schweinshaxe in Sauce &#8220;La Alacena\u201c\"}]},{\"@type\":\"WebSite\",\"@id\":\"https:\\\/\\\/elmejorjamon.es\\\/#website\",\"url\":\"https:\\\/\\\/elmejorjamon.es\\\/\",\"name\":\"El Mejor Jam\u00f3n\",\"description\":\"Comprar jamones y embutidos a buen precio\",\"publisher\":{\"@id\":\"https:\\\/\\\/elmejorjamon.es\\\/#organization\"},\"potentialAction\":[{\"@type\":\"SearchAction\",\"target\":{\"@type\":\"EntryPoint\",\"urlTemplate\":\"https:\\\/\\\/elmejorjamon.es\\\/?s={search_term_string}\"},\"query-input\":{\"@type\":\"PropertyValueSpecification\",\"valueRequired\":true,\"valueName\":\"search_term_string\"}}],\"inLanguage\":\"de\"},{\"@type\":\"Organization\",\"@id\":\"https:\\\/\\\/elmejorjamon.es\\\/#organization\",\"name\":\"El Mejor Jam\u00f3n\",\"url\":\"https:\\\/\\\/elmejorjamon.es\\\/\",\"logo\":{\"@type\":\"ImageObject\",\"inLanguage\":\"de\",\"@id\":\"https:\\\/\\\/elmejorjamon.es\\\/#\\\/schema\\\/logo\\\/image\\\/\",\"url\":\"https:\\\/\\\/elmejorjamon.es\\\/wp-content\\\/uploads\\\/2025\\\/01\\\/logocorreos.png\",\"contentUrl\":\"https:\\\/\\\/elmejorjamon.es\\\/wp-content\\\/uploads\\\/2025\\\/01\\\/logocorreos.png\",\"width\":277,\"height\":200,\"caption\":\"El Mejor Jam\u00f3n\"},\"image\":{\"@id\":\"https:\\\/\\\/elmejorjamon.es\\\/#\\\/schema\\\/logo\\\/image\\\/\"},\"sameAs\":[\"https:\\\/\\\/www.facebook.com\\\/elmejorjamonweb\",\"https:\\\/\\\/x.com\\\/elmejorjamonweb\",\"https:\\\/\\\/www.instagram.com\\\/elmejorjamonweb\\\/\"]}]}<\/script>\n<!-- \/ Yoast SEO plugin. -->","yoast_head_json":{"title":"Kaufen Schweinshaxe in Sauce \"La Alacena\u201c - El Mejor Jam\u00f3n","description":"Exquisites Gericht, komplett von Hand zubereitet, ohne Zusatz- oder Konservierungsstoffe. Glutenfrei. Ohne Zusatzstoffe. Handgefertigte Zubereitung.","robots":{"index":"index","follow":"follow","max-snippet":"max-snippet:-1","max-image-preview":"max-image-preview:large","max-video-preview":"max-video-preview:-1"},"canonical":"https:\/\/elmejorjamon.es\/de\/producto\/schweinshaxe-in-sauce-la-alacena\/","og_locale":"de_DE","og_type":"article","og_title":"Kaufen Schweinshaxe in Sauce \"La Alacena\u201c - El Mejor Jam\u00f3n","og_description":"Exquisites Gericht, komplett von Hand zubereitet, ohne Zusatz- oder Konservierungsstoffe. Glutenfrei. Ohne Zusatzstoffe. Handgefertigte Zubereitung.","og_url":"https:\/\/elmejorjamon.es\/de\/producto\/schweinshaxe-in-sauce-la-alacena\/","og_site_name":"El Mejor Jam\u00f3n","article_publisher":"https:\/\/www.facebook.com\/elmejorjamonweb","article_modified_time":"2025-11-05T13:37:09+00:00","og_image":[{"width":1000,"height":1388,"url":"https:\/\/elmejorjamon.es\/wp-content\/uploads\/2025\/11\/manitaslaalacena.jpg","type":"image\/jpeg"}],"twitter_card":"summary_large_image","twitter_site":"@elmejorjamonweb","twitter_misc":{"Gesch\u00e4tzte Lesezeit":"2\u00a0Minuten"},"schema":{"@context":"https:\/\/schema.org","@graph":[{"@type":"WebPage","@id":"https:\/\/elmejorjamon.es\/de\/producto\/schweinshaxe-in-sauce-la-alacena\/","url":"https:\/\/elmejorjamon.es\/de\/producto\/schweinshaxe-in-sauce-la-alacena\/","name":"Kaufen Schweinshaxe in Sauce \"La Alacena\u201c - El Mejor Jam\u00f3n","isPartOf":{"@id":"https:\/\/elmejorjamon.es\/#website"},"primaryImageOfPage":{"@id":"https:\/\/elmejorjamon.es\/de\/producto\/schweinshaxe-in-sauce-la-alacena\/#primaryimage"},"image":{"@id":"https:\/\/elmejorjamon.es\/de\/producto\/schweinshaxe-in-sauce-la-alacena\/#primaryimage"},"thumbnailUrl":"https:\/\/elmejorjamon.es\/wp-content\/uploads\/2025\/11\/manitaslaalacena.jpg","datePublished":"2025-11-05T13:22:42+00:00","dateModified":"2025-11-05T13:37:09+00:00","description":"Exquisites Gericht, komplett von Hand zubereitet, ohne Zusatz- oder Konservierungsstoffe. Glutenfrei. Ohne Zusatzstoffe. Handgefertigte Zubereitung.","breadcrumb":{"@id":"https:\/\/elmejorjamon.es\/de\/producto\/schweinshaxe-in-sauce-la-alacena\/#breadcrumb"},"inLanguage":"de","potentialAction":[{"@type":"ReadAction","target":["https:\/\/elmejorjamon.es\/de\/producto\/schweinshaxe-in-sauce-la-alacena\/"]}]},{"@type":"ImageObject","inLanguage":"de","@id":"https:\/\/elmejorjamon.es\/de\/producto\/schweinshaxe-in-sauce-la-alacena\/#primaryimage","url":"https:\/\/elmejorjamon.es\/wp-content\/uploads\/2025\/11\/manitaslaalacena.jpg","contentUrl":"https:\/\/elmejorjamon.es\/wp-content\/uploads\/2025\/11\/manitaslaalacena.jpg","width":1000,"height":1388},{"@type":"BreadcrumbList","@id":"https:\/\/elmejorjamon.es\/de\/producto\/schweinshaxe-in-sauce-la-alacena\/#breadcrumb","itemListElement":[{"@type":"ListItem","position":1,"name":"Portada","item":"https:\/\/elmejorjamon.es\/de\/"},{"@type":"ListItem","position":2,"name":"Schnellstart","item":"https:\/\/elmejorjamon.es\/de\/"},{"@type":"ListItem","position":3,"name":"Schweinshaxe in Sauce &#8220;La Alacena\u201c"}]},{"@type":"WebSite","@id":"https:\/\/elmejorjamon.es\/#website","url":"https:\/\/elmejorjamon.es\/","name":"El Mejor Jam\u00f3n","description":"Comprar jamones y embutidos a buen precio","publisher":{"@id":"https:\/\/elmejorjamon.es\/#organization"},"potentialAction":[{"@type":"SearchAction","target":{"@type":"EntryPoint","urlTemplate":"https:\/\/elmejorjamon.es\/?s={search_term_string}"},"query-input":{"@type":"PropertyValueSpecification","valueRequired":true,"valueName":"search_term_string"}}],"inLanguage":"de"},{"@type":"Organization","@id":"https:\/\/elmejorjamon.es\/#organization","name":"El Mejor Jam\u00f3n","url":"https:\/\/elmejorjamon.es\/","logo":{"@type":"ImageObject","inLanguage":"de","@id":"https:\/\/elmejorjamon.es\/#\/schema\/logo\/image\/","url":"https:\/\/elmejorjamon.es\/wp-content\/uploads\/2025\/01\/logocorreos.png","contentUrl":"https:\/\/elmejorjamon.es\/wp-content\/uploads\/2025\/01\/logocorreos.png","width":277,"height":200,"caption":"El Mejor Jam\u00f3n"},"image":{"@id":"https:\/\/elmejorjamon.es\/#\/schema\/logo\/image\/"},"sameAs":["https:\/\/www.facebook.com\/elmejorjamonweb","https:\/\/x.com\/elmejorjamonweb","https:\/\/www.instagram.com\/elmejorjamonweb\/"]}]}},"_links":{"self":[{"href":"https:\/\/elmejorjamon.es\/de\/wp-json\/wp\/v2\/product\/20797","targetHints":{"allow":["GET"]}}],"collection":[{"href":"https:\/\/elmejorjamon.es\/de\/wp-json\/wp\/v2\/product"}],"about":[{"href":"https:\/\/elmejorjamon.es\/de\/wp-json\/wp\/v2\/types\/product"}],"replies":[{"embeddable":true,"href":"https:\/\/elmejorjamon.es\/de\/wp-json\/wp\/v2\/comments?post=20797"}],"wp:featuredmedia":[{"embeddable":true,"href":"https:\/\/elmejorjamon.es\/de\/wp-json\/wp\/v2\/media\/20786"}],"wp:attachment":[{"href":"https:\/\/elmejorjamon.es\/de\/wp-json\/wp\/v2\/media?parent=20797"}],"wp:term":[{"taxonomy":"product_brand","embeddable":true,"href":"https:\/\/elmejorjamon.es\/de\/wp-json\/wp\/v2\/product_brand?post=20797"},{"taxonomy":"product_cat","embeddable":true,"href":"https:\/\/elmejorjamon.es\/de\/wp-json\/wp\/v2\/product_cat?post=20797"},{"taxonomy":"product_tag","embeddable":true,"href":"https:\/\/elmejorjamon.es\/de\/wp-json\/wp\/v2\/product_tag?post=20797"}],"curies":[{"name":"wp","href":"https:\/\/api.w.org\/{rel}","templated":true}]}}