{"id":20776,"date":"2025-11-05T11:30:02","date_gmt":"2025-11-05T10:30:02","guid":{"rendered":"https:\/\/elmejorjamon.es\/?post_type=product&#038;p=20776"},"modified":"2025-11-05T12:24:40","modified_gmt":"2025-11-05T11:24:40","slug":"la-alacena-eingelegtes-rothuhn","status":"publish","type":"product","link":"https:\/\/elmejorjamon.es\/de\/producto\/la-alacena-eingelegtes-rothuhn\/","title":{"rendered":"&#8222;La Alacena\u201c Eingelegtes Rothuhn"},"content":{"rendered":"<p>K\u00f6stliches Rothuhn. Zubereitet mit unserer traditionellen Marinade.<br \/>\nK\u00fchl und trocken lagern. Nach dem \u00d6ffnen gek\u00fchlt aufbewahren und innerhalb von 5 Tagen verbrauchen.<\/p>\n<p>Glutenfrei. Ohne Zusatzstoffe. Naturprodukt ohne Konservierungs- und Farbstoffe. Handwerklich hergestellt. Gourmetprodukt.<\/p>\n<p>Kann kalt, bei Zimmertemperatur oder im Wasserbad bzw. in der Mikrowelle erw\u00e4rmt werden (f\u00fcr die Mikrowelle den Inhalt in ein geeignetes Gef\u00e4\u00df geben und 2\u20133 Minuten erhitzen).<\/p>\n<p>Nettogewicht 420 g | Abtropfgewicht 315 g<\/p>\n<p>Kann Sulfite enthalten.<\/p>\n<p>Herkunft: Spanien<\/p>\n<p>N\u00e4hrwertangaben<\/p>\n<p>Durchschnittliche N\u00e4hrwerte pro 100 g:<\/p>\n<p>Brennstoff: 416 kcal \/ 1720 kJ<br \/>\nRohfett: 38,8 g<br \/>\nGes\u00e4ttigte Fetts\u00e4uren: 5,1 g<br \/>\nKohlenhydrate: 1,7 g<br \/>\nZucker: 0,7 g<br \/>\nEiwei\u00df: 15 g<br \/>\nSalz: 1,01 g<\/p>\n<p>Zutaten: Rothuhn (65 %), Pflanzen\u00f6l (Sonnenblumen\u00f6l), Oliven\u00f6l, gereifter Weinessig, Knoblauch, Lorbeerblatt, Salz und Pfefferk\u00f6rner.<\/p>\n<p>Allergene: Kann Sulfite enthalten. Wildprodukt, kann Schrot enthalten.<\/p>\n<p>Eingelegtes Rothuhn ist eine k\u00f6stliche Wahl f\u00fcr alle, die traditionelle K\u00fcche und intensive Aromen lieben. Mit einem Gewicht von 420 g besticht dieses Produkt durch seine unvergleichliche Qualit\u00e4t und seinen Geschmack.<\/p>\n<p>Dieses Rezept wird mit sorgf\u00e4ltig ausgew\u00e4hlten Roth\u00fchnern zubereitet und folgt einem traditionellen Einlegeverfahren, das Geschmack und Textur optimal zur Geltung bringt. Die Marinade aus Essig, Oliven\u00f6l, Lorbeerblatt, Pfeffer und weiteren Gew\u00fcrzen verleiht dem eingelegten Rothuhn eine s\u00e4uerlich-aromatische Note, die es unwiderstehlich macht.<\/p>\n<p>Eingelegtes Rothuhn ist zu jeder Tageszeit ein Genuss. Es eignet sich hervorragend als Vorspeise, begleitet von einem guten Glas Rotwein, oder als Hauptgericht f\u00fcr ein besonderes Essen. Seine Vielseitigkeit in der K\u00fcche macht es zu einer Starzutat f\u00fcr k\u00f6stliche Rezepte.<\/p>\n<p>Dar\u00fcber hinaus zeichnet sich dieses Produkt durch seinen hohen Gehalt an hochwertigem Eiwei\u00df aus und ist somit eine gesunde und nahrhafte Option. Das zarte und saftige Fleisch, kombiniert mit dem einzigartigen Geschmack der Marinade, macht eingelegtes Rothuhn zu einem wahren Gaumenschmaus.<\/p>\n<p>Kurz gesagt: Eingelegtes Rothuhn ist eine Gourmet-Spezialit\u00e4t, die in keiner Speisekammer fehlen sollte. Sein exquisiter Geschmack, die erstklassige Qualit\u00e4t und die vielseitigen Einsatzm\u00f6glichkeiten in der K\u00fcche machen es zu einem unverzichtbaren Produkt f\u00fcr Liebhaber feiner K\u00fcche und authentischer Aromen.<\/p>\n","protected":false},"excerpt":{"rendered":"<p>&#8222;La Alacena\u201c Eingelegtes Rothuhn<\/p>\n","protected":false},"featured_media":20765,"comment_status":"open","ping_status":"closed","template":"","meta":{"_et_pb_use_builder":"","_et_pb_old_content":"","_et_gb_content_width":"","_sitemap_exclude":false,"_sitemap_priority":"","_sitemap_frequency":""},"product_brand":[],"product_cat":[48,905,222,42,24,78],"product_tag":[],"class_list":{"0":"post-20776","1":"product","2":"type-product","3":"status-publish","4":"has-post-thumbnail","6":"product_cat-alle-produkte","7":"product_cat-angebote","8":"product_cat-gourmet-de","9":"product_cat-conservas-de","10":"product_cat-startseite","11":"product_cat-platos-preparados-de","12":"product_shipping_class-normal-de","14":"first","15":"instock","16":"sale","17":"shipping-taxable","18":"purchasable","19":"product-type-simple"},"yoast_head":"<!-- This site is optimized with the Yoast SEO plugin v27.4 - https:\/\/yoast.com\/product\/yoast-seo-wordpress\/ -->\n<title>Kaufen &quot;La Alacena\u201c Eingelegtes Rothuhn - El Mejor Jam\u00f3n<\/title>\n<meta name=\"description\" content=\"K\u00f6stliches Wildrebhuhn. Zubereitet mit unserer traditionellen Marinade. Glutenfrei. Ohne Zusatzstoffe. Naturprodukt ohne Konservierungs- und Farbstoffe.\" \/>\n<meta name=\"robots\" content=\"index, follow, max-snippet:-1, max-image-preview:large, max-video-preview:-1\" \/>\n<link rel=\"canonical\" href=\"https:\/\/elmejorjamon.es\/de\/producto\/la-alacena-eingelegtes-rothuhn\/\" \/>\n<meta property=\"og:locale\" content=\"de_DE\" \/>\n<meta property=\"og:type\" content=\"article\" \/>\n<meta property=\"og:title\" content=\"Kaufen &quot;La Alacena\u201c Eingelegtes Rothuhn - El Mejor Jam\u00f3n\" \/>\n<meta property=\"og:description\" content=\"K\u00f6stliches Wildrebhuhn. Zubereitet mit unserer traditionellen Marinade. Glutenfrei. Ohne Zusatzstoffe. Naturprodukt ohne Konservierungs- und Farbstoffe.\" \/>\n<meta property=\"og:url\" content=\"https:\/\/elmejorjamon.es\/de\/producto\/la-alacena-eingelegtes-rothuhn\/\" \/>\n<meta property=\"og:site_name\" content=\"El Mejor Jam\u00f3n\" \/>\n<meta property=\"article:publisher\" content=\"https:\/\/www.facebook.com\/elmejorjamonweb\" \/>\n<meta property=\"article:modified_time\" content=\"2025-11-05T11:24:40+00:00\" \/>\n<meta property=\"og:image\" content=\"https:\/\/elmejorjamon.es\/wp-content\/uploads\/2025\/11\/PerdizEscabeche.jpg\" \/>\n\t<meta property=\"og:image:width\" content=\"1089\" \/>\n\t<meta property=\"og:image:height\" content=\"1351\" \/>\n\t<meta property=\"og:image:type\" content=\"image\/jpeg\" \/>\n<meta name=\"twitter:card\" content=\"summary_large_image\" \/>\n<meta name=\"twitter:site\" content=\"@elmejorjamonweb\" \/>\n<meta name=\"twitter:label1\" content=\"Gesch\u00e4tzte Lesezeit\" \/>\n\t<meta name=\"twitter:data1\" content=\"2\u00a0Minuten\" \/>\n<script type=\"application\/ld+json\" class=\"yoast-schema-graph\">{\"@context\":\"https:\\\/\\\/schema.org\",\"@graph\":[{\"@type\":\"WebPage\",\"@id\":\"https:\\\/\\\/elmejorjamon.es\\\/de\\\/producto\\\/la-alacena-eingelegtes-rothuhn\\\/\",\"url\":\"https:\\\/\\\/elmejorjamon.es\\\/de\\\/producto\\\/la-alacena-eingelegtes-rothuhn\\\/\",\"name\":\"Kaufen \\\"La Alacena\u201c Eingelegtes Rothuhn - El Mejor Jam\u00f3n\",\"isPartOf\":{\"@id\":\"https:\\\/\\\/elmejorjamon.es\\\/#website\"},\"primaryImageOfPage\":{\"@id\":\"https:\\\/\\\/elmejorjamon.es\\\/de\\\/producto\\\/la-alacena-eingelegtes-rothuhn\\\/#primaryimage\"},\"image\":{\"@id\":\"https:\\\/\\\/elmejorjamon.es\\\/de\\\/producto\\\/la-alacena-eingelegtes-rothuhn\\\/#primaryimage\"},\"thumbnailUrl\":\"https:\\\/\\\/elmejorjamon.es\\\/wp-content\\\/uploads\\\/2025\\\/11\\\/PerdizEscabeche.jpg\",\"datePublished\":\"2025-11-05T10:30:02+00:00\",\"dateModified\":\"2025-11-05T11:24:40+00:00\",\"description\":\"K\u00f6stliches Wildrebhuhn. Zubereitet mit unserer traditionellen Marinade. Glutenfrei. Ohne Zusatzstoffe. Naturprodukt ohne Konservierungs- und Farbstoffe.\",\"breadcrumb\":{\"@id\":\"https:\\\/\\\/elmejorjamon.es\\\/de\\\/producto\\\/la-alacena-eingelegtes-rothuhn\\\/#breadcrumb\"},\"inLanguage\":\"de\",\"potentialAction\":[{\"@type\":\"ReadAction\",\"target\":[\"https:\\\/\\\/elmejorjamon.es\\\/de\\\/producto\\\/la-alacena-eingelegtes-rothuhn\\\/\"]}]},{\"@type\":\"ImageObject\",\"inLanguage\":\"de\",\"@id\":\"https:\\\/\\\/elmejorjamon.es\\\/de\\\/producto\\\/la-alacena-eingelegtes-rothuhn\\\/#primaryimage\",\"url\":\"https:\\\/\\\/elmejorjamon.es\\\/wp-content\\\/uploads\\\/2025\\\/11\\\/PerdizEscabeche.jpg\",\"contentUrl\":\"https:\\\/\\\/elmejorjamon.es\\\/wp-content\\\/uploads\\\/2025\\\/11\\\/PerdizEscabeche.jpg\",\"width\":1089,\"height\":1351},{\"@type\":\"BreadcrumbList\",\"@id\":\"https:\\\/\\\/elmejorjamon.es\\\/de\\\/producto\\\/la-alacena-eingelegtes-rothuhn\\\/#breadcrumb\",\"itemListElement\":[{\"@type\":\"ListItem\",\"position\":1,\"name\":\"Portada\",\"item\":\"https:\\\/\\\/elmejorjamon.es\\\/de\\\/\"},{\"@type\":\"ListItem\",\"position\":2,\"name\":\"Schnellstart\",\"item\":\"https:\\\/\\\/elmejorjamon.es\\\/de\\\/\"},{\"@type\":\"ListItem\",\"position\":3,\"name\":\"&#8220;La Alacena\u201c Eingelegtes Rothuhn\"}]},{\"@type\":\"WebSite\",\"@id\":\"https:\\\/\\\/elmejorjamon.es\\\/#website\",\"url\":\"https:\\\/\\\/elmejorjamon.es\\\/\",\"name\":\"El Mejor Jam\u00f3n\",\"description\":\"Comprar jamones y embutidos a buen precio\",\"publisher\":{\"@id\":\"https:\\\/\\\/elmejorjamon.es\\\/#organization\"},\"potentialAction\":[{\"@type\":\"SearchAction\",\"target\":{\"@type\":\"EntryPoint\",\"urlTemplate\":\"https:\\\/\\\/elmejorjamon.es\\\/?s={search_term_string}\"},\"query-input\":{\"@type\":\"PropertyValueSpecification\",\"valueRequired\":true,\"valueName\":\"search_term_string\"}}],\"inLanguage\":\"de\"},{\"@type\":\"Organization\",\"@id\":\"https:\\\/\\\/elmejorjamon.es\\\/#organization\",\"name\":\"El Mejor Jam\u00f3n\",\"url\":\"https:\\\/\\\/elmejorjamon.es\\\/\",\"logo\":{\"@type\":\"ImageObject\",\"inLanguage\":\"de\",\"@id\":\"https:\\\/\\\/elmejorjamon.es\\\/#\\\/schema\\\/logo\\\/image\\\/\",\"url\":\"https:\\\/\\\/elmejorjamon.es\\\/wp-content\\\/uploads\\\/2025\\\/01\\\/logocorreos.png\",\"contentUrl\":\"https:\\\/\\\/elmejorjamon.es\\\/wp-content\\\/uploads\\\/2025\\\/01\\\/logocorreos.png\",\"width\":277,\"height\":200,\"caption\":\"El Mejor Jam\u00f3n\"},\"image\":{\"@id\":\"https:\\\/\\\/elmejorjamon.es\\\/#\\\/schema\\\/logo\\\/image\\\/\"},\"sameAs\":[\"https:\\\/\\\/www.facebook.com\\\/elmejorjamonweb\",\"https:\\\/\\\/x.com\\\/elmejorjamonweb\",\"https:\\\/\\\/www.instagram.com\\\/elmejorjamonweb\\\/\"]}]}<\/script>\n<!-- \/ Yoast SEO plugin. -->","yoast_head_json":{"title":"Kaufen \"La Alacena\u201c Eingelegtes Rothuhn - El Mejor Jam\u00f3n","description":"K\u00f6stliches Wildrebhuhn. Zubereitet mit unserer traditionellen Marinade. Glutenfrei. Ohne Zusatzstoffe. Naturprodukt ohne Konservierungs- und Farbstoffe.","robots":{"index":"index","follow":"follow","max-snippet":"max-snippet:-1","max-image-preview":"max-image-preview:large","max-video-preview":"max-video-preview:-1"},"canonical":"https:\/\/elmejorjamon.es\/de\/producto\/la-alacena-eingelegtes-rothuhn\/","og_locale":"de_DE","og_type":"article","og_title":"Kaufen \"La Alacena\u201c Eingelegtes Rothuhn - El Mejor Jam\u00f3n","og_description":"K\u00f6stliches Wildrebhuhn. Zubereitet mit unserer traditionellen Marinade. Glutenfrei. Ohne Zusatzstoffe. Naturprodukt ohne Konservierungs- und Farbstoffe.","og_url":"https:\/\/elmejorjamon.es\/de\/producto\/la-alacena-eingelegtes-rothuhn\/","og_site_name":"El Mejor Jam\u00f3n","article_publisher":"https:\/\/www.facebook.com\/elmejorjamonweb","article_modified_time":"2025-11-05T11:24:40+00:00","og_image":[{"width":1089,"height":1351,"url":"https:\/\/elmejorjamon.es\/wp-content\/uploads\/2025\/11\/PerdizEscabeche.jpg","type":"image\/jpeg"}],"twitter_card":"summary_large_image","twitter_site":"@elmejorjamonweb","twitter_misc":{"Gesch\u00e4tzte Lesezeit":"2\u00a0Minuten"},"schema":{"@context":"https:\/\/schema.org","@graph":[{"@type":"WebPage","@id":"https:\/\/elmejorjamon.es\/de\/producto\/la-alacena-eingelegtes-rothuhn\/","url":"https:\/\/elmejorjamon.es\/de\/producto\/la-alacena-eingelegtes-rothuhn\/","name":"Kaufen \"La Alacena\u201c Eingelegtes Rothuhn - El Mejor Jam\u00f3n","isPartOf":{"@id":"https:\/\/elmejorjamon.es\/#website"},"primaryImageOfPage":{"@id":"https:\/\/elmejorjamon.es\/de\/producto\/la-alacena-eingelegtes-rothuhn\/#primaryimage"},"image":{"@id":"https:\/\/elmejorjamon.es\/de\/producto\/la-alacena-eingelegtes-rothuhn\/#primaryimage"},"thumbnailUrl":"https:\/\/elmejorjamon.es\/wp-content\/uploads\/2025\/11\/PerdizEscabeche.jpg","datePublished":"2025-11-05T10:30:02+00:00","dateModified":"2025-11-05T11:24:40+00:00","description":"K\u00f6stliches Wildrebhuhn. Zubereitet mit unserer traditionellen Marinade. Glutenfrei. Ohne Zusatzstoffe. Naturprodukt ohne Konservierungs- und Farbstoffe.","breadcrumb":{"@id":"https:\/\/elmejorjamon.es\/de\/producto\/la-alacena-eingelegtes-rothuhn\/#breadcrumb"},"inLanguage":"de","potentialAction":[{"@type":"ReadAction","target":["https:\/\/elmejorjamon.es\/de\/producto\/la-alacena-eingelegtes-rothuhn\/"]}]},{"@type":"ImageObject","inLanguage":"de","@id":"https:\/\/elmejorjamon.es\/de\/producto\/la-alacena-eingelegtes-rothuhn\/#primaryimage","url":"https:\/\/elmejorjamon.es\/wp-content\/uploads\/2025\/11\/PerdizEscabeche.jpg","contentUrl":"https:\/\/elmejorjamon.es\/wp-content\/uploads\/2025\/11\/PerdizEscabeche.jpg","width":1089,"height":1351},{"@type":"BreadcrumbList","@id":"https:\/\/elmejorjamon.es\/de\/producto\/la-alacena-eingelegtes-rothuhn\/#breadcrumb","itemListElement":[{"@type":"ListItem","position":1,"name":"Portada","item":"https:\/\/elmejorjamon.es\/de\/"},{"@type":"ListItem","position":2,"name":"Schnellstart","item":"https:\/\/elmejorjamon.es\/de\/"},{"@type":"ListItem","position":3,"name":"&#8220;La Alacena\u201c Eingelegtes Rothuhn"}]},{"@type":"WebSite","@id":"https:\/\/elmejorjamon.es\/#website","url":"https:\/\/elmejorjamon.es\/","name":"El Mejor Jam\u00f3n","description":"Comprar jamones y embutidos a buen precio","publisher":{"@id":"https:\/\/elmejorjamon.es\/#organization"},"potentialAction":[{"@type":"SearchAction","target":{"@type":"EntryPoint","urlTemplate":"https:\/\/elmejorjamon.es\/?s={search_term_string}"},"query-input":{"@type":"PropertyValueSpecification","valueRequired":true,"valueName":"search_term_string"}}],"inLanguage":"de"},{"@type":"Organization","@id":"https:\/\/elmejorjamon.es\/#organization","name":"El Mejor Jam\u00f3n","url":"https:\/\/elmejorjamon.es\/","logo":{"@type":"ImageObject","inLanguage":"de","@id":"https:\/\/elmejorjamon.es\/#\/schema\/logo\/image\/","url":"https:\/\/elmejorjamon.es\/wp-content\/uploads\/2025\/01\/logocorreos.png","contentUrl":"https:\/\/elmejorjamon.es\/wp-content\/uploads\/2025\/01\/logocorreos.png","width":277,"height":200,"caption":"El Mejor Jam\u00f3n"},"image":{"@id":"https:\/\/elmejorjamon.es\/#\/schema\/logo\/image\/"},"sameAs":["https:\/\/www.facebook.com\/elmejorjamonweb","https:\/\/x.com\/elmejorjamonweb","https:\/\/www.instagram.com\/elmejorjamonweb\/"]}]}},"_links":{"self":[{"href":"https:\/\/elmejorjamon.es\/de\/wp-json\/wp\/v2\/product\/20776","targetHints":{"allow":["GET"]}}],"collection":[{"href":"https:\/\/elmejorjamon.es\/de\/wp-json\/wp\/v2\/product"}],"about":[{"href":"https:\/\/elmejorjamon.es\/de\/wp-json\/wp\/v2\/types\/product"}],"replies":[{"embeddable":true,"href":"https:\/\/elmejorjamon.es\/de\/wp-json\/wp\/v2\/comments?post=20776"}],"wp:featuredmedia":[{"embeddable":true,"href":"https:\/\/elmejorjamon.es\/de\/wp-json\/wp\/v2\/media\/20765"}],"wp:attachment":[{"href":"https:\/\/elmejorjamon.es\/de\/wp-json\/wp\/v2\/media?parent=20776"}],"wp:term":[{"taxonomy":"product_brand","embeddable":true,"href":"https:\/\/elmejorjamon.es\/de\/wp-json\/wp\/v2\/product_brand?post=20776"},{"taxonomy":"product_cat","embeddable":true,"href":"https:\/\/elmejorjamon.es\/de\/wp-json\/wp\/v2\/product_cat?post=20776"},{"taxonomy":"product_tag","embeddable":true,"href":"https:\/\/elmejorjamon.es\/de\/wp-json\/wp\/v2\/product_tag?post=20776"}],"curies":[{"name":"wp","href":"https:\/\/api.w.org\/{rel}","templated":true}]}}