{"id":1990,"date":"2012-01-27T16:45:20","date_gmt":"2012-01-27T15:45:20","guid":{"rendered":"https:\/\/nueva.elmejorjamon.es\/producto\/kichererbsen-mit-kabeljau-und-spinat-von-yantar-de-pepe\/"},"modified":"2025-10-28T14:23:38","modified_gmt":"2025-10-28T13:23:38","slug":"kichererbsen-mit-kabeljau-und-spinat-von-yantar-de-pepe","status":"publish","type":"product","link":"https:\/\/elmejorjamon.es\/de\/producto\/kichererbsen-mit-kabeljau-und-spinat-von-yantar-de-pepe\/","title":{"rendered":"Kichererbsen mit Kabeljau und Spinat von Yantar de Pepe"},"content":{"rendered":"<p>Kichererbsen mit Kabeljau und Spinat von Yantar de Pepe<\/p>\n<p>Nach dem \u00d6ffnen vollst\u00e4ndig verbrauchen.<\/p>\n","protected":false},"excerpt":{"rendered":"<p>Kichererbsen mit Kabeljau und Spinat von Yantar de Pepe Nach dem \u00d6ffnen vollst\u00e4ndig verbrauchen.<\/p>\n","protected":false},"featured_media":1966,"comment_status":"open","ping_status":"closed","template":"","meta":{"_et_pb_use_builder":"","_et_pb_old_content":"","_et_gb_content_width":"","_sitemap_exclude":false,"_sitemap_priority":"","_sitemap_frequency":""},"product_brand":[],"product_cat":[48,24,78],"product_tag":[],"class_list":{"0":"post-1990","1":"product","2":"type-product","3":"status-publish","4":"has-post-thumbnail","6":"product_cat-alle-produkte","7":"product_cat-startseite","8":"product_cat-platos-preparados-de","9":"product_shipping_class-normal-de","10":"pa_opciones-1einheit-de","11":"pa_opciones-boxmit8einheiten-de","13":"first","14":"instock","15":"shipping-taxable","16":"purchasable","17":"product-type-variable"},"yoast_head":"<!-- This site is optimized with the Yoast SEO plugin v27.4 - https:\/\/yoast.com\/product\/yoast-seo-wordpress\/ -->\n<title>Kichererbsen mit Kabeljau und Spinat von Yantar de Pepe - El Mejor Jam\u00f3n<\/title>\n<meta name=\"robots\" content=\"index, follow, max-snippet:-1, max-image-preview:large, max-video-preview:-1\" \/>\n<link rel=\"canonical\" href=\"https:\/\/elmejorjamon.es\/de\/producto\/kichererbsen-mit-kabeljau-und-spinat-von-yantar-de-pepe\/\" \/>\n<meta property=\"og:locale\" content=\"de_DE\" \/>\n<meta property=\"og:type\" content=\"article\" \/>\n<meta property=\"og:title\" content=\"Kichererbsen mit Kabeljau und Spinat von Yantar de Pepe - El Mejor Jam\u00f3n\" \/>\n<meta property=\"og:description\" content=\"Kichererbsen mit Kabeljau und Spinat von Yantar de Pepe Nach dem \u00d6ffnen vollst\u00e4ndig verbrauchen.\" \/>\n<meta property=\"og:url\" content=\"https:\/\/elmejorjamon.es\/de\/producto\/kichererbsen-mit-kabeljau-und-spinat-von-yantar-de-pepe\/\" \/>\n<meta property=\"og:site_name\" content=\"El Mejor Jam\u00f3n\" \/>\n<meta property=\"article:publisher\" content=\"https:\/\/www.facebook.com\/elmejorjamonweb\" \/>\n<meta property=\"article:modified_time\" content=\"2025-10-28T13:23:38+00:00\" \/>\n<meta property=\"og:image\" content=\"https:\/\/elmejorjamon.es\/wp-content\/uploads\/2012\/01\/1120-thickbox_default-Garbanzos-con-Bacalao-y-espinacas-del-Yantar-de-Pepe.jpg\" \/>\n\t<meta property=\"og:image:width\" content=\"1100\" \/>\n\t<meta property=\"og:image:height\" content=\"1422\" \/>\n\t<meta property=\"og:image:type\" content=\"image\/jpeg\" \/>\n<meta name=\"twitter:card\" content=\"summary_large_image\" \/>\n<meta name=\"twitter:site\" content=\"@elmejorjamonweb\" \/>\n<meta name=\"twitter:label1\" content=\"Gesch\u00e4tzte Lesezeit\" \/>\n\t<meta name=\"twitter:data1\" content=\"1\u00a0Minute\" \/>\n<script type=\"application\/ld+json\" class=\"yoast-schema-graph\">{\"@context\":\"https:\\\/\\\/schema.org\",\"@graph\":[{\"@type\":\"WebPage\",\"@id\":\"https:\\\/\\\/elmejorjamon.es\\\/de\\\/producto\\\/kichererbsen-mit-kabeljau-und-spinat-von-yantar-de-pepe\\\/\",\"url\":\"https:\\\/\\\/elmejorjamon.es\\\/de\\\/producto\\\/kichererbsen-mit-kabeljau-und-spinat-von-yantar-de-pepe\\\/\",\"name\":\"Kichererbsen mit Kabeljau und Spinat von Yantar de Pepe - El Mejor Jam\u00f3n\",\"isPartOf\":{\"@id\":\"https:\\\/\\\/elmejorjamon.es\\\/#website\"},\"primaryImageOfPage\":{\"@id\":\"https:\\\/\\\/elmejorjamon.es\\\/de\\\/producto\\\/kichererbsen-mit-kabeljau-und-spinat-von-yantar-de-pepe\\\/#primaryimage\"},\"image\":{\"@id\":\"https:\\\/\\\/elmejorjamon.es\\\/de\\\/producto\\\/kichererbsen-mit-kabeljau-und-spinat-von-yantar-de-pepe\\\/#primaryimage\"},\"thumbnailUrl\":\"https:\\\/\\\/elmejorjamon.es\\\/wp-content\\\/uploads\\\/2012\\\/01\\\/1120-thickbox_default-Garbanzos-con-Bacalao-y-espinacas-del-Yantar-de-Pepe.jpg\",\"datePublished\":\"2012-01-27T15:45:20+00:00\",\"dateModified\":\"2025-10-28T13:23:38+00:00\",\"breadcrumb\":{\"@id\":\"https:\\\/\\\/elmejorjamon.es\\\/de\\\/producto\\\/kichererbsen-mit-kabeljau-und-spinat-von-yantar-de-pepe\\\/#breadcrumb\"},\"inLanguage\":\"de\",\"potentialAction\":[{\"@type\":\"ReadAction\",\"target\":[\"https:\\\/\\\/elmejorjamon.es\\\/de\\\/producto\\\/kichererbsen-mit-kabeljau-und-spinat-von-yantar-de-pepe\\\/\"]}]},{\"@type\":\"ImageObject\",\"inLanguage\":\"de\",\"@id\":\"https:\\\/\\\/elmejorjamon.es\\\/de\\\/producto\\\/kichererbsen-mit-kabeljau-und-spinat-von-yantar-de-pepe\\\/#primaryimage\",\"url\":\"https:\\\/\\\/elmejorjamon.es\\\/wp-content\\\/uploads\\\/2012\\\/01\\\/1120-thickbox_default-Garbanzos-con-Bacalao-y-espinacas-del-Yantar-de-Pepe.jpg\",\"contentUrl\":\"https:\\\/\\\/elmejorjamon.es\\\/wp-content\\\/uploads\\\/2012\\\/01\\\/1120-thickbox_default-Garbanzos-con-Bacalao-y-espinacas-del-Yantar-de-Pepe.jpg\",\"width\":1100,\"height\":1422},{\"@type\":\"BreadcrumbList\",\"@id\":\"https:\\\/\\\/elmejorjamon.es\\\/de\\\/producto\\\/kichererbsen-mit-kabeljau-und-spinat-von-yantar-de-pepe\\\/#breadcrumb\",\"itemListElement\":[{\"@type\":\"ListItem\",\"position\":1,\"name\":\"Portada\",\"item\":\"https:\\\/\\\/elmejorjamon.es\\\/de\\\/\"},{\"@type\":\"ListItem\",\"position\":2,\"name\":\"Schnellstart\",\"item\":\"https:\\\/\\\/elmejorjamon.es\\\/de\\\/\"},{\"@type\":\"ListItem\",\"position\":3,\"name\":\"Kichererbsen mit Kabeljau und Spinat von Yantar de Pepe\"}]},{\"@type\":\"WebSite\",\"@id\":\"https:\\\/\\\/elmejorjamon.es\\\/#website\",\"url\":\"https:\\\/\\\/elmejorjamon.es\\\/\",\"name\":\"El Mejor Jam\u00f3n\",\"description\":\"Comprar jamones y embutidos a buen precio\",\"publisher\":{\"@id\":\"https:\\\/\\\/elmejorjamon.es\\\/#organization\"},\"potentialAction\":[{\"@type\":\"SearchAction\",\"target\":{\"@type\":\"EntryPoint\",\"urlTemplate\":\"https:\\\/\\\/elmejorjamon.es\\\/?s={search_term_string}\"},\"query-input\":{\"@type\":\"PropertyValueSpecification\",\"valueRequired\":true,\"valueName\":\"search_term_string\"}}],\"inLanguage\":\"de\"},{\"@type\":\"Organization\",\"@id\":\"https:\\\/\\\/elmejorjamon.es\\\/#organization\",\"name\":\"El Mejor Jam\u00f3n\",\"url\":\"https:\\\/\\\/elmejorjamon.es\\\/\",\"logo\":{\"@type\":\"ImageObject\",\"inLanguage\":\"de\",\"@id\":\"https:\\\/\\\/elmejorjamon.es\\\/#\\\/schema\\\/logo\\\/image\\\/\",\"url\":\"https:\\\/\\\/elmejorjamon.es\\\/wp-content\\\/uploads\\\/2025\\\/01\\\/logocorreos.png\",\"contentUrl\":\"https:\\\/\\\/elmejorjamon.es\\\/wp-content\\\/uploads\\\/2025\\\/01\\\/logocorreos.png\",\"width\":277,\"height\":200,\"caption\":\"El Mejor Jam\u00f3n\"},\"image\":{\"@id\":\"https:\\\/\\\/elmejorjamon.es\\\/#\\\/schema\\\/logo\\\/image\\\/\"},\"sameAs\":[\"https:\\\/\\\/www.facebook.com\\\/elmejorjamonweb\",\"https:\\\/\\\/x.com\\\/elmejorjamonweb\",\"https:\\\/\\\/www.instagram.com\\\/elmejorjamonweb\\\/\"]}]}<\/script>\n<!-- \/ Yoast SEO plugin. -->","yoast_head_json":{"title":"Kichererbsen mit Kabeljau und Spinat von Yantar de Pepe - El Mejor Jam\u00f3n","robots":{"index":"index","follow":"follow","max-snippet":"max-snippet:-1","max-image-preview":"max-image-preview:large","max-video-preview":"max-video-preview:-1"},"canonical":"https:\/\/elmejorjamon.es\/de\/producto\/kichererbsen-mit-kabeljau-und-spinat-von-yantar-de-pepe\/","og_locale":"de_DE","og_type":"article","og_title":"Kichererbsen mit Kabeljau und Spinat von Yantar de Pepe - El Mejor Jam\u00f3n","og_description":"Kichererbsen mit Kabeljau und Spinat von Yantar de Pepe Nach dem \u00d6ffnen vollst\u00e4ndig verbrauchen.","og_url":"https:\/\/elmejorjamon.es\/de\/producto\/kichererbsen-mit-kabeljau-und-spinat-von-yantar-de-pepe\/","og_site_name":"El Mejor Jam\u00f3n","article_publisher":"https:\/\/www.facebook.com\/elmejorjamonweb","article_modified_time":"2025-10-28T13:23:38+00:00","og_image":[{"width":1100,"height":1422,"url":"https:\/\/elmejorjamon.es\/wp-content\/uploads\/2012\/01\/1120-thickbox_default-Garbanzos-con-Bacalao-y-espinacas-del-Yantar-de-Pepe.jpg","type":"image\/jpeg"}],"twitter_card":"summary_large_image","twitter_site":"@elmejorjamonweb","twitter_misc":{"Gesch\u00e4tzte Lesezeit":"1\u00a0Minute"},"schema":{"@context":"https:\/\/schema.org","@graph":[{"@type":"WebPage","@id":"https:\/\/elmejorjamon.es\/de\/producto\/kichererbsen-mit-kabeljau-und-spinat-von-yantar-de-pepe\/","url":"https:\/\/elmejorjamon.es\/de\/producto\/kichererbsen-mit-kabeljau-und-spinat-von-yantar-de-pepe\/","name":"Kichererbsen mit Kabeljau und Spinat von Yantar de Pepe - El Mejor Jam\u00f3n","isPartOf":{"@id":"https:\/\/elmejorjamon.es\/#website"},"primaryImageOfPage":{"@id":"https:\/\/elmejorjamon.es\/de\/producto\/kichererbsen-mit-kabeljau-und-spinat-von-yantar-de-pepe\/#primaryimage"},"image":{"@id":"https:\/\/elmejorjamon.es\/de\/producto\/kichererbsen-mit-kabeljau-und-spinat-von-yantar-de-pepe\/#primaryimage"},"thumbnailUrl":"https:\/\/elmejorjamon.es\/wp-content\/uploads\/2012\/01\/1120-thickbox_default-Garbanzos-con-Bacalao-y-espinacas-del-Yantar-de-Pepe.jpg","datePublished":"2012-01-27T15:45:20+00:00","dateModified":"2025-10-28T13:23:38+00:00","breadcrumb":{"@id":"https:\/\/elmejorjamon.es\/de\/producto\/kichererbsen-mit-kabeljau-und-spinat-von-yantar-de-pepe\/#breadcrumb"},"inLanguage":"de","potentialAction":[{"@type":"ReadAction","target":["https:\/\/elmejorjamon.es\/de\/producto\/kichererbsen-mit-kabeljau-und-spinat-von-yantar-de-pepe\/"]}]},{"@type":"ImageObject","inLanguage":"de","@id":"https:\/\/elmejorjamon.es\/de\/producto\/kichererbsen-mit-kabeljau-und-spinat-von-yantar-de-pepe\/#primaryimage","url":"https:\/\/elmejorjamon.es\/wp-content\/uploads\/2012\/01\/1120-thickbox_default-Garbanzos-con-Bacalao-y-espinacas-del-Yantar-de-Pepe.jpg","contentUrl":"https:\/\/elmejorjamon.es\/wp-content\/uploads\/2012\/01\/1120-thickbox_default-Garbanzos-con-Bacalao-y-espinacas-del-Yantar-de-Pepe.jpg","width":1100,"height":1422},{"@type":"BreadcrumbList","@id":"https:\/\/elmejorjamon.es\/de\/producto\/kichererbsen-mit-kabeljau-und-spinat-von-yantar-de-pepe\/#breadcrumb","itemListElement":[{"@type":"ListItem","position":1,"name":"Portada","item":"https:\/\/elmejorjamon.es\/de\/"},{"@type":"ListItem","position":2,"name":"Schnellstart","item":"https:\/\/elmejorjamon.es\/de\/"},{"@type":"ListItem","position":3,"name":"Kichererbsen mit Kabeljau und Spinat von Yantar de Pepe"}]},{"@type":"WebSite","@id":"https:\/\/elmejorjamon.es\/#website","url":"https:\/\/elmejorjamon.es\/","name":"El Mejor Jam\u00f3n","description":"Comprar jamones y embutidos a buen precio","publisher":{"@id":"https:\/\/elmejorjamon.es\/#organization"},"potentialAction":[{"@type":"SearchAction","target":{"@type":"EntryPoint","urlTemplate":"https:\/\/elmejorjamon.es\/?s={search_term_string}"},"query-input":{"@type":"PropertyValueSpecification","valueRequired":true,"valueName":"search_term_string"}}],"inLanguage":"de"},{"@type":"Organization","@id":"https:\/\/elmejorjamon.es\/#organization","name":"El Mejor Jam\u00f3n","url":"https:\/\/elmejorjamon.es\/","logo":{"@type":"ImageObject","inLanguage":"de","@id":"https:\/\/elmejorjamon.es\/#\/schema\/logo\/image\/","url":"https:\/\/elmejorjamon.es\/wp-content\/uploads\/2025\/01\/logocorreos.png","contentUrl":"https:\/\/elmejorjamon.es\/wp-content\/uploads\/2025\/01\/logocorreos.png","width":277,"height":200,"caption":"El Mejor Jam\u00f3n"},"image":{"@id":"https:\/\/elmejorjamon.es\/#\/schema\/logo\/image\/"},"sameAs":["https:\/\/www.facebook.com\/elmejorjamonweb","https:\/\/x.com\/elmejorjamonweb","https:\/\/www.instagram.com\/elmejorjamonweb\/"]}]}},"_links":{"self":[{"href":"https:\/\/elmejorjamon.es\/de\/wp-json\/wp\/v2\/product\/1990","targetHints":{"allow":["GET"]}}],"collection":[{"href":"https:\/\/elmejorjamon.es\/de\/wp-json\/wp\/v2\/product"}],"about":[{"href":"https:\/\/elmejorjamon.es\/de\/wp-json\/wp\/v2\/types\/product"}],"replies":[{"embeddable":true,"href":"https:\/\/elmejorjamon.es\/de\/wp-json\/wp\/v2\/comments?post=1990"}],"wp:featuredmedia":[{"embeddable":true,"href":"https:\/\/elmejorjamon.es\/de\/wp-json\/wp\/v2\/media\/1966"}],"wp:attachment":[{"href":"https:\/\/elmejorjamon.es\/de\/wp-json\/wp\/v2\/media?parent=1990"}],"wp:term":[{"taxonomy":"product_brand","embeddable":true,"href":"https:\/\/elmejorjamon.es\/de\/wp-json\/wp\/v2\/product_brand?post=1990"},{"taxonomy":"product_cat","embeddable":true,"href":"https:\/\/elmejorjamon.es\/de\/wp-json\/wp\/v2\/product_cat?post=1990"},{"taxonomy":"product_tag","embeddable":true,"href":"https:\/\/elmejorjamon.es\/de\/wp-json\/wp\/v2\/product_tag?post=1990"}],"curies":[{"name":"wp","href":"https:\/\/api.w.org\/{rel}","templated":true}]}}