{"id":17745,"date":"2025-02-17T13:15:53","date_gmt":"2025-02-17T12:15:53","guid":{"rendered":"https:\/\/elmejorjamon.es\/?post_type=product&#038;p=17745"},"modified":"2025-02-17T13:15:53","modified_gmt":"2025-02-17T12:15:53","slug":"cabo-de-penas-kleine-sardinen-grose-auswahl","status":"publish","type":"product","link":"https:\/\/elmejorjamon.es\/de\/producto\/cabo-de-penas-kleine-sardinen-grose-auswahl\/","title":{"rendered":"Cabo de Pe\u00f1as kleine Sardinen gro\u00dfe Auswahl"},"content":{"rendered":"<p>Cabo de Pe\u00f1as kleine Sardinen gro\u00dfe Auswahl 10-14 RO-150<\/p>\n<div class=\"bloque-peso\">\n<ul>\n<li>NETTOGEWICHT: 140g<\/li>\n<li>Abtropfgewicht: 98g<\/li>\n<\/ul>\n<\/div>\n<p>Sardinen mit Oliven\u00f6l. Ausgew\u00e4hlte Qualit\u00e4t und handverpackt, um die weiche Textur und den Geschmack zu bewahren.<\/p>\n<p>Wir konservieren die zartesten und schmackhaftesten Sardinen, die zum optimalen Zeitpunkt gefangen werden.<\/p>\n<p>Wir verpacken sie sorgf\u00e4ltig von Hand auf traditionelle Weise und servieren sie ausschlie\u00dflich mit Oliven\u00f6l von ausgezeichneter Qualit\u00e4t. Dadurch bleiben ihr au\u00dfergew\u00f6hnlicher urspr\u00fcnglicher Geschmack, ihre geschmeidige Textur und ihr hoher N\u00e4hrwert erhalten.<\/p>\n<h4 class=\"section-title mt-h4\">Zutaten<\/h4>\n<p>Sardinen, Oliven\u00f6l und Salz.<\/p>\n<h4 class=\"section-title mt-h4\">Differenzialelemente<\/h4>\n<ul class=\"ul-list\">\n<li>Zum optimalen Zeitpunkt gefangene und ausgew\u00e4hlte Sardinen.<\/li>\n<li>Sorgf\u00e4ltig nach traditioneller Art zubereitet und mit ausgesuchtem Qualit\u00e4ts-Oliven\u00f6l serviert.<\/li>\n<li>Handverpackt.<\/li>\n<li>Intensiver Geschmack und weiche, saftige Textur.<\/li>\n<li>Hoher N\u00e4hrwert.<\/li>\n<\/ul>\n<h5>N\u00e4hrwerte<\/h5>\n<table class=\"table table-sm table-bordered\" style=\"height: 230px;\">\n<thead>\n<tr style=\"height: 23px;\">\n<th style=\"height: 23px; width: 228.111px;\">N\u00e4hrwertangaben<\/th>\n<th style=\"height: 23px; width: 150.142px;\">pro 100g Nettogewicht<\/th>\n<th style=\"height: 23px; width: 164.389px;\">pro 100g Abtropfgewicht<\/th>\n<\/tr>\n<\/thead>\n<tbody>\n<tr style=\"height: 23px;\">\n<td class=\"unit\" style=\"height: 23px; width: 228.111px;\">Energiewert<\/td>\n<td class=\"value\" style=\"height: 23px; width: 150.142px;\">1376 kJ \/ 332 kcal<\/td>\n<td style=\"height: 23px; width: 164.389px;\">955 kJ \/ 229 kcal<\/td>\n<\/tr>\n<tr style=\"height: 23px;\">\n<td class=\"parent_unit\" style=\"height: 23px; width: 228.111px;\">Fette<\/td>\n<td class=\"parent_value\" style=\"height: 23px; width: 150.142px;\">28,4g<\/td>\n<td style=\"height: 23px; width: 164.389px;\">15,0g<\/td>\n<\/tr>\n<tr style=\"height: 23px;\">\n<td class=\"child_unit\" style=\"height: 23px; width: 228.111px;\">davon ges\u00e4ttigt<\/td>\n<td class=\"child_value\" style=\"height: 23px; width: 150.142px;\">5,2g<\/td>\n<td class=\"child_value\" style=\"height: 23px; width: 164.389px;\">3,4g<\/td>\n<\/tr>\n<tr style=\"height: 23px;\">\n<td class=\"child_unit\" style=\"height: 23px; width: 228.111px;\">davon Zucker<\/td>\n<td class=\"child_value\" style=\"height: 23px; width: 150.142px;\">0,0g<\/td>\n<td class=\"child_value\" style=\"height: 23px; width: 164.389px;\">0,0g<\/td>\n<\/tr>\n<tr style=\"height: 23px;\">\n<td class=\"unit\" style=\"height: 23px; width: 228.111px;\">Salz<\/td>\n<td class=\"value\" style=\"height: 23px; width: 150.142px;\">1,04g<\/td>\n<td style=\"height: 23px; width: 164.389px;\">1,30g<\/td>\n<\/tr>\n<tr style=\"height: 23px;\">\n<td class=\"unit\" style=\"height: 23px; width: 228.111px;\">Vitamin B12<\/td>\n<td class=\"value\" style=\"height: 23px; width: 150.142px;\"><\/td>\n<td style=\"height: 23px; width: 164.389px;\">4,90 \u00b5g (196% *NRV)<\/td>\n<\/tr>\n<tr style=\"height: 23px;\">\n<td class=\"unit\" style=\"height: 23px; width: 228.111px;\">Vitamin D<\/td>\n<td class=\"value\" style=\"height: 23px; width: 150.142px;\"><\/td>\n<td style=\"height: 23px; width: 164.389px;\">3,75 \u00b5g (75% *NRV)<\/td>\n<\/tr>\n<tr style=\"height: 23px;\">\n<td class=\"unit\" style=\"height: 23px; width: 228.111px;\">Omega-3-Fetts\u00e4uren (EPA+DHA)<\/td>\n<td class=\"value\" style=\"height: 23px; width: 150.142px;\"><\/td>\n<td style=\"height: 23px; width: 164.389px;\">1500 mg<\/td>\n<\/tr>\n<tr style=\"height: 23px;\">\n<td class=\"unit\" style=\"height: 23px; width: 228.111px;\">Kalzium<\/td>\n<td class=\"value\" style=\"height: 23px; width: 150.142px;\"><\/td>\n<td style=\"height: 23px; width: 164.389px;\">365 mg (46% *NRV)<\/td>\n<\/tr>\n<\/tbody>\n<\/table>\n<p>*NRV: N\u00e4hrstoffreferenzwerte.<\/p>\n","protected":false},"excerpt":{"rendered":"<p>Cabo de Pe\u00f1as kleine Sardinen gro\u00dfe Auswahl 10-14 RO-150<\/p>\n","protected":false},"featured_media":17740,"comment_status":"open","ping_status":"closed","template":"","meta":{"_et_pb_use_builder":"","_et_pb_old_content":"","_et_gb_content_width":"","_sitemap_exclude":false,"_sitemap_priority":"","_sitemap_frequency":""},"product_brand":[],"product_cat":[48,42,246,24],"product_tag":[],"class_list":{"0":"post-17745","1":"product","2":"type-product","3":"status-publish","4":"has-post-thumbnail","6":"product_cat-alle-produkte","7":"product_cat-conservas-de","8":"product_cat-sardinillas-de","9":"product_cat-startseite","10":"product_shipping_class-normal-de","12":"first","13":"outofstock","14":"shipping-taxable","15":"purchasable","16":"product-type-simple"},"yoast_head":"<!-- This site is optimized with the Yoast SEO plugin v27.2 - https:\/\/yoast.com\/product\/yoast-seo-wordpress\/ -->\n<title>Kaufen Cabo de Pe\u00f1as kleine Sardinen gro\u00dfe Auswahl - El Mejor Jam\u00f3n<\/title>\n<meta name=\"description\" content=\"Sardinen mit Oliven\u00f6l. Ausgew\u00e4hlte Qualit\u00e4t und handverpackt, um die weiche Textur und den Geschmack zu bewahren. El Mejor Jam\u00f3n\" \/>\n<meta name=\"robots\" content=\"index, follow, max-snippet:-1, max-image-preview:large, max-video-preview:-1\" \/>\n<link rel=\"canonical\" href=\"https:\/\/elmejorjamon.es\/producto\/sardinillas-cabo-de-penas-gran-seleccion\/\" \/>\n<meta property=\"og:locale\" content=\"de_DE\" \/>\n<meta property=\"og:type\" content=\"article\" \/>\n<meta property=\"og:title\" content=\"Kaufen Cabo de Pe\u00f1as kleine Sardinen gro\u00dfe Auswahl - El Mejor Jam\u00f3n\" \/>\n<meta property=\"og:description\" content=\"Sardinen mit Oliven\u00f6l. Ausgew\u00e4hlte Qualit\u00e4t und handverpackt, um die weiche Textur und den Geschmack zu bewahren. El Mejor Jam\u00f3n\" \/>\n<meta property=\"og:url\" content=\"https:\/\/elmejorjamon.es\/producto\/sardinillas-cabo-de-penas-gran-seleccion\/\" \/>\n<meta property=\"og:site_name\" content=\"El Mejor Jam\u00f3n\" \/>\n<meta property=\"article:publisher\" content=\"https:\/\/www.facebook.com\/elmejorjamonweb\" \/>\n<meta property=\"og:image\" content=\"https:\/\/elmejorjamon.es\/wp-content\/uploads\/2025\/02\/sardinillascabopenasseleccion7.jpg\" \/>\n\t<meta property=\"og:image:width\" content=\"880\" \/>\n\t<meta property=\"og:image:height\" content=\"610\" \/>\n\t<meta property=\"og:image:type\" content=\"image\/jpeg\" \/>\n<meta name=\"twitter:card\" content=\"summary_large_image\" \/>\n<meta name=\"twitter:site\" content=\"@elmejorjamonweb\" \/>\n<meta name=\"twitter:label1\" content=\"Gesch\u00e4tzte Lesezeit\" \/>\n\t<meta name=\"twitter:data1\" content=\"1\u00a0Minute\" \/>\n<script type=\"application\/ld+json\" class=\"yoast-schema-graph\">{\"@context\":\"https:\/\/schema.org\",\"@graph\":[{\"@type\":\"WebPage\",\"@id\":\"https:\/\/elmejorjamon.es\/producto\/sardinillas-cabo-de-penas-gran-seleccion\/\",\"url\":\"https:\/\/elmejorjamon.es\/producto\/sardinillas-cabo-de-penas-gran-seleccion\/\",\"name\":\"Kaufen Cabo de Pe\u00f1as kleine Sardinen gro\u00dfe Auswahl - El Mejor Jam\u00f3n\",\"isPartOf\":{\"@id\":\"https:\/\/elmejorjamon.es\/#website\"},\"primaryImageOfPage\":{\"@id\":\"https:\/\/elmejorjamon.es\/producto\/sardinillas-cabo-de-penas-gran-seleccion\/#primaryimage\"},\"image\":{\"@id\":\"https:\/\/elmejorjamon.es\/producto\/sardinillas-cabo-de-penas-gran-seleccion\/#primaryimage\"},\"thumbnailUrl\":\"https:\/\/elmejorjamon.es\/wp-content\/uploads\/2025\/02\/sardinillascabopenasseleccion7.jpg\",\"datePublished\":\"2025-02-17T12:15:53+00:00\",\"description\":\"Sardinen mit Oliven\u00f6l. Ausgew\u00e4hlte Qualit\u00e4t und handverpackt, um die weiche Textur und den Geschmack zu bewahren. El Mejor Jam\u00f3n\",\"breadcrumb\":{\"@id\":\"https:\/\/elmejorjamon.es\/producto\/sardinillas-cabo-de-penas-gran-seleccion\/#breadcrumb\"},\"inLanguage\":\"de\",\"potentialAction\":[{\"@type\":\"ReadAction\",\"target\":[\"https:\/\/elmejorjamon.es\/producto\/sardinillas-cabo-de-penas-gran-seleccion\/\"]}]},{\"@type\":\"ImageObject\",\"inLanguage\":\"de\",\"@id\":\"https:\/\/elmejorjamon.es\/producto\/sardinillas-cabo-de-penas-gran-seleccion\/#primaryimage\",\"url\":\"https:\/\/elmejorjamon.es\/wp-content\/uploads\/2025\/02\/sardinillascabopenasseleccion7.jpg\",\"contentUrl\":\"https:\/\/elmejorjamon.es\/wp-content\/uploads\/2025\/02\/sardinillascabopenasseleccion7.jpg\",\"width\":880,\"height\":610},{\"@type\":\"BreadcrumbList\",\"@id\":\"https:\/\/elmejorjamon.es\/producto\/sardinillas-cabo-de-penas-gran-seleccion\/#breadcrumb\",\"itemListElement\":[{\"@type\":\"ListItem\",\"position\":1,\"name\":\"Portada\",\"item\":\"https:\/\/elmejorjamon.es\/de\/\"},{\"@type\":\"ListItem\",\"position\":2,\"name\":\"Schnellstart\",\"item\":\"https:\/\/elmejorjamon.es\/de\/\"},{\"@type\":\"ListItem\",\"position\":3,\"name\":\"Cabo de Pe\u00f1as kleine Sardinen gro\u00dfe Auswahl\"}]},{\"@type\":\"WebSite\",\"@id\":\"https:\/\/elmejorjamon.es\/#website\",\"url\":\"https:\/\/elmejorjamon.es\/\",\"name\":\"El Mejor Jam\u00f3n\",\"description\":\"Comprar jamones y embutidos a buen precio\",\"publisher\":{\"@id\":\"https:\/\/elmejorjamon.es\/#organization\"},\"potentialAction\":[{\"@type\":\"SearchAction\",\"target\":{\"@type\":\"EntryPoint\",\"urlTemplate\":\"https:\/\/elmejorjamon.es\/?s={search_term_string}\"},\"query-input\":{\"@type\":\"PropertyValueSpecification\",\"valueRequired\":true,\"valueName\":\"search_term_string\"}}],\"inLanguage\":\"de\"},{\"@type\":\"Organization\",\"@id\":\"https:\/\/elmejorjamon.es\/#organization\",\"name\":\"El Mejor Jam\u00f3n\",\"url\":\"https:\/\/elmejorjamon.es\/\",\"logo\":{\"@type\":\"ImageObject\",\"inLanguage\":\"de\",\"@id\":\"https:\/\/elmejorjamon.es\/#\/schema\/logo\/image\/\",\"url\":\"https:\/\/elmejorjamon.es\/wp-content\/uploads\/2025\/01\/logocorreos.png\",\"contentUrl\":\"https:\/\/elmejorjamon.es\/wp-content\/uploads\/2025\/01\/logocorreos.png\",\"width\":277,\"height\":200,\"caption\":\"El Mejor Jam\u00f3n\"},\"image\":{\"@id\":\"https:\/\/elmejorjamon.es\/#\/schema\/logo\/image\/\"},\"sameAs\":[\"https:\/\/www.facebook.com\/elmejorjamonweb\",\"https:\/\/x.com\/elmejorjamonweb\",\"https:\/\/www.instagram.com\/elmejorjamonweb\/\"]}]}<\/script>\n<!-- \/ Yoast SEO plugin. -->","yoast_head_json":{"title":"Kaufen Cabo de Pe\u00f1as kleine Sardinen gro\u00dfe Auswahl - El Mejor Jam\u00f3n","description":"Sardinen mit Oliven\u00f6l. Ausgew\u00e4hlte Qualit\u00e4t und handverpackt, um die weiche Textur und den Geschmack zu bewahren. El Mejor Jam\u00f3n","robots":{"index":"index","follow":"follow","max-snippet":"max-snippet:-1","max-image-preview":"max-image-preview:large","max-video-preview":"max-video-preview:-1"},"canonical":"https:\/\/elmejorjamon.es\/producto\/sardinillas-cabo-de-penas-gran-seleccion\/","og_locale":"de_DE","og_type":"article","og_title":"Kaufen Cabo de Pe\u00f1as kleine Sardinen gro\u00dfe Auswahl - El Mejor Jam\u00f3n","og_description":"Sardinen mit Oliven\u00f6l. Ausgew\u00e4hlte Qualit\u00e4t und handverpackt, um die weiche Textur und den Geschmack zu bewahren. El Mejor Jam\u00f3n","og_url":"https:\/\/elmejorjamon.es\/producto\/sardinillas-cabo-de-penas-gran-seleccion\/","og_site_name":"El Mejor Jam\u00f3n","article_publisher":"https:\/\/www.facebook.com\/elmejorjamonweb","og_image":[{"width":880,"height":610,"url":"https:\/\/elmejorjamon.es\/wp-content\/uploads\/2025\/02\/sardinillascabopenasseleccion7.jpg","type":"image\/jpeg"}],"twitter_card":"summary_large_image","twitter_site":"@elmejorjamonweb","twitter_misc":{"Gesch\u00e4tzte Lesezeit":"1\u00a0Minute"},"schema":{"@context":"https:\/\/schema.org","@graph":[{"@type":"WebPage","@id":"https:\/\/elmejorjamon.es\/producto\/sardinillas-cabo-de-penas-gran-seleccion\/","url":"https:\/\/elmejorjamon.es\/producto\/sardinillas-cabo-de-penas-gran-seleccion\/","name":"Kaufen Cabo de Pe\u00f1as kleine Sardinen gro\u00dfe Auswahl - El Mejor Jam\u00f3n","isPartOf":{"@id":"https:\/\/elmejorjamon.es\/#website"},"primaryImageOfPage":{"@id":"https:\/\/elmejorjamon.es\/producto\/sardinillas-cabo-de-penas-gran-seleccion\/#primaryimage"},"image":{"@id":"https:\/\/elmejorjamon.es\/producto\/sardinillas-cabo-de-penas-gran-seleccion\/#primaryimage"},"thumbnailUrl":"https:\/\/elmejorjamon.es\/wp-content\/uploads\/2025\/02\/sardinillascabopenasseleccion7.jpg","datePublished":"2025-02-17T12:15:53+00:00","description":"Sardinen mit Oliven\u00f6l. Ausgew\u00e4hlte Qualit\u00e4t und handverpackt, um die weiche Textur und den Geschmack zu bewahren. El Mejor Jam\u00f3n","breadcrumb":{"@id":"https:\/\/elmejorjamon.es\/producto\/sardinillas-cabo-de-penas-gran-seleccion\/#breadcrumb"},"inLanguage":"de","potentialAction":[{"@type":"ReadAction","target":["https:\/\/elmejorjamon.es\/producto\/sardinillas-cabo-de-penas-gran-seleccion\/"]}]},{"@type":"ImageObject","inLanguage":"de","@id":"https:\/\/elmejorjamon.es\/producto\/sardinillas-cabo-de-penas-gran-seleccion\/#primaryimage","url":"https:\/\/elmejorjamon.es\/wp-content\/uploads\/2025\/02\/sardinillascabopenasseleccion7.jpg","contentUrl":"https:\/\/elmejorjamon.es\/wp-content\/uploads\/2025\/02\/sardinillascabopenasseleccion7.jpg","width":880,"height":610},{"@type":"BreadcrumbList","@id":"https:\/\/elmejorjamon.es\/producto\/sardinillas-cabo-de-penas-gran-seleccion\/#breadcrumb","itemListElement":[{"@type":"ListItem","position":1,"name":"Portada","item":"https:\/\/elmejorjamon.es\/de\/"},{"@type":"ListItem","position":2,"name":"Schnellstart","item":"https:\/\/elmejorjamon.es\/de\/"},{"@type":"ListItem","position":3,"name":"Cabo de Pe\u00f1as kleine Sardinen gro\u00dfe Auswahl"}]},{"@type":"WebSite","@id":"https:\/\/elmejorjamon.es\/#website","url":"https:\/\/elmejorjamon.es\/","name":"El Mejor Jam\u00f3n","description":"Comprar jamones y embutidos a buen precio","publisher":{"@id":"https:\/\/elmejorjamon.es\/#organization"},"potentialAction":[{"@type":"SearchAction","target":{"@type":"EntryPoint","urlTemplate":"https:\/\/elmejorjamon.es\/?s={search_term_string}"},"query-input":{"@type":"PropertyValueSpecification","valueRequired":true,"valueName":"search_term_string"}}],"inLanguage":"de"},{"@type":"Organization","@id":"https:\/\/elmejorjamon.es\/#organization","name":"El Mejor Jam\u00f3n","url":"https:\/\/elmejorjamon.es\/","logo":{"@type":"ImageObject","inLanguage":"de","@id":"https:\/\/elmejorjamon.es\/#\/schema\/logo\/image\/","url":"https:\/\/elmejorjamon.es\/wp-content\/uploads\/2025\/01\/logocorreos.png","contentUrl":"https:\/\/elmejorjamon.es\/wp-content\/uploads\/2025\/01\/logocorreos.png","width":277,"height":200,"caption":"El Mejor Jam\u00f3n"},"image":{"@id":"https:\/\/elmejorjamon.es\/#\/schema\/logo\/image\/"},"sameAs":["https:\/\/www.facebook.com\/elmejorjamonweb","https:\/\/x.com\/elmejorjamonweb","https:\/\/www.instagram.com\/elmejorjamonweb\/"]}]}},"_links":{"self":[{"href":"https:\/\/elmejorjamon.es\/de\/wp-json\/wp\/v2\/product\/17745","targetHints":{"allow":["GET"]}}],"collection":[{"href":"https:\/\/elmejorjamon.es\/de\/wp-json\/wp\/v2\/product"}],"about":[{"href":"https:\/\/elmejorjamon.es\/de\/wp-json\/wp\/v2\/types\/product"}],"replies":[{"embeddable":true,"href":"https:\/\/elmejorjamon.es\/de\/wp-json\/wp\/v2\/comments?post=17745"}],"wp:featuredmedia":[{"embeddable":true,"href":"https:\/\/elmejorjamon.es\/de\/wp-json\/wp\/v2\/media\/17740"}],"wp:attachment":[{"href":"https:\/\/elmejorjamon.es\/de\/wp-json\/wp\/v2\/media?parent=17745"}],"wp:term":[{"taxonomy":"product_brand","embeddable":true,"href":"https:\/\/elmejorjamon.es\/de\/wp-json\/wp\/v2\/product_brand?post=17745"},{"taxonomy":"product_cat","embeddable":true,"href":"https:\/\/elmejorjamon.es\/de\/wp-json\/wp\/v2\/product_cat?post=17745"},{"taxonomy":"product_tag","embeddable":true,"href":"https:\/\/elmejorjamon.es\/de\/wp-json\/wp\/v2\/product_tag?post=17745"}],"curies":[{"name":"wp","href":"https:\/\/api.w.org\/{rel}","templated":true}]}}