{"id":17345,"date":"2025-01-31T11:36:32","date_gmt":"2025-01-31T10:36:32","guid":{"rendered":"https:\/\/elmejorjamon.es\/?post_type=product&#038;p=17345"},"modified":"2025-01-31T11:36:32","modified_gmt":"2025-01-31T10:36:32","slug":"cabo-de-penas-herzmuscheln-35-45-rr-90","status":"publish","type":"product","link":"https:\/\/elmejorjamon.es\/de\/producto\/cabo-de-penas-herzmuscheln-35-45-rr-90\/","title":{"rendered":"Cabo de pe\u00f1as Herzmuscheln 35\/45 RR-90"},"content":{"rendered":"<p>Zutaten: Herzmuscheln, Wasser, Salz, S\u00e4ureregulatoren (E-330, E-331) und Antioxidationsmittel (E-385)<\/p>\n<p>Nettogewicht: 111 g.<\/p>\n<p>Abtropfgewicht: 63 g.<\/p>\n","protected":false},"excerpt":{"rendered":"<p>Cabo de pe\u00f1as Herzmuscheln 35\/45 RR-90<\/p>\n","protected":false},"featured_media":18008,"comment_status":"open","ping_status":"closed","template":"","meta":{"_et_pb_use_builder":"","_et_pb_old_content":"","_et_gb_content_width":"","_sitemap_exclude":false,"_sitemap_priority":"","_sitemap_frequency":""},"product_brand":[],"product_cat":[48,156,42,24],"product_tag":[],"class_list":{"0":"post-17345","1":"product","2":"type-product","3":"status-publish","4":"has-post-thumbnail","6":"product_cat-alle-produkte","7":"product_cat-berberechos-de","8":"product_cat-conservas-de","9":"product_cat-startseite","10":"product_shipping_class-normal-de","11":"pa_opciones-1einheit-de","12":"pa_opciones-25einheitenbox-de","14":"first","15":"instock","16":"shipping-taxable","17":"purchasable","18":"product-type-variable","19":"has-default-attributes"},"yoast_head":"<!-- This site is optimized with the Yoast SEO plugin v27.4 - https:\/\/yoast.com\/product\/yoast-seo-wordpress\/ -->\n<title>Kaufen Gr\u00f6\u00dfeCabo de pe\u00f1as Herzmuscheln 35\/45 RR-90 -<\/title>\n<meta name=\"description\" content=\"Zutaten: Herzmuscheln, Wasser, Salz, S\u00e4ureregulatoren (E-330, E-331) und Antioxidationsmittel (E-385)Nettogewicht: 111 g.Abtropfgewicht: 63 g.\" \/>\n<meta name=\"robots\" content=\"index, follow, max-snippet:-1, max-image-preview:large, max-video-preview:-1\" \/>\n<link rel=\"canonical\" href=\"https:\/\/elmejorjamon.es\/producto\/berberechos-cabo-de-penas-35-45-rr-90\/\" \/>\n<meta property=\"og:locale\" content=\"de_DE\" \/>\n<meta property=\"og:type\" content=\"article\" \/>\n<meta property=\"og:title\" content=\"Kaufen Gr\u00f6\u00dfeCabo de pe\u00f1as Herzmuscheln 35\/45 RR-90 -\" \/>\n<meta property=\"og:description\" content=\"Zutaten: Herzmuscheln, Wasser, Salz, S\u00e4ureregulatoren (E-330, E-331) und Antioxidationsmittel (E-385)Nettogewicht: 111 g.Abtropfgewicht: 63 g.\" \/>\n<meta property=\"og:url\" content=\"https:\/\/elmejorjamon.es\/producto\/berberechos-cabo-de-penas-35-45-rr-90\/\" \/>\n<meta property=\"og:site_name\" content=\"El Mejor Jam\u00f3n\" \/>\n<meta property=\"article:publisher\" content=\"https:\/\/www.facebook.com\/elmejorjamonweb\" \/>\n<meta property=\"og:image\" content=\"https:\/\/elmejorjamon.es\/wp-content\/uploads\/2025\/01\/caboberbeRR903545.jpg\" \/>\n\t<meta property=\"og:image:width\" content=\"800\" \/>\n\t<meta property=\"og:image:height\" content=\"468\" \/>\n\t<meta property=\"og:image:type\" content=\"image\/jpeg\" \/>\n<meta name=\"twitter:card\" content=\"summary_large_image\" \/>\n<meta name=\"twitter:site\" content=\"@elmejorjamonweb\" \/>\n<meta name=\"twitter:label1\" content=\"Gesch\u00e4tzte Lesezeit\" \/>\n\t<meta name=\"twitter:data1\" content=\"1\u00a0Minute\" \/>\n<script type=\"application\/ld+json\" class=\"yoast-schema-graph\">{\"@context\":\"https:\\\/\\\/schema.org\",\"@graph\":[{\"@type\":\"WebPage\",\"@id\":\"https:\\\/\\\/elmejorjamon.es\\\/producto\\\/berberechos-cabo-de-penas-35-45-rr-90\\\/\",\"url\":\"https:\\\/\\\/elmejorjamon.es\\\/producto\\\/berberechos-cabo-de-penas-35-45-rr-90\\\/\",\"name\":\"Kaufen Gr\u00f6\u00dfeCabo de pe\u00f1as Herzmuscheln 35\\\/45 RR-90 -\",\"isPartOf\":{\"@id\":\"https:\\\/\\\/elmejorjamon.es\\\/#website\"},\"primaryImageOfPage\":{\"@id\":\"https:\\\/\\\/elmejorjamon.es\\\/producto\\\/berberechos-cabo-de-penas-35-45-rr-90\\\/#primaryimage\"},\"image\":{\"@id\":\"https:\\\/\\\/elmejorjamon.es\\\/producto\\\/berberechos-cabo-de-penas-35-45-rr-90\\\/#primaryimage\"},\"thumbnailUrl\":\"https:\\\/\\\/elmejorjamon.es\\\/wp-content\\\/uploads\\\/2025\\\/01\\\/caboberbeRR903545.jpg\",\"datePublished\":\"2025-01-31T10:36:32+00:00\",\"description\":\"Zutaten: Herzmuscheln, Wasser, Salz, S\u00e4ureregulatoren (E-330, E-331) und Antioxidationsmittel (E-385)Nettogewicht: 111 g.Abtropfgewicht: 63 g.\",\"breadcrumb\":{\"@id\":\"https:\\\/\\\/elmejorjamon.es\\\/producto\\\/berberechos-cabo-de-penas-35-45-rr-90\\\/#breadcrumb\"},\"inLanguage\":\"de\",\"potentialAction\":[{\"@type\":\"ReadAction\",\"target\":[\"https:\\\/\\\/elmejorjamon.es\\\/producto\\\/berberechos-cabo-de-penas-35-45-rr-90\\\/\"]}]},{\"@type\":\"ImageObject\",\"inLanguage\":\"de\",\"@id\":\"https:\\\/\\\/elmejorjamon.es\\\/producto\\\/berberechos-cabo-de-penas-35-45-rr-90\\\/#primaryimage\",\"url\":\"https:\\\/\\\/elmejorjamon.es\\\/wp-content\\\/uploads\\\/2025\\\/01\\\/caboberbeRR903545.jpg\",\"contentUrl\":\"https:\\\/\\\/elmejorjamon.es\\\/wp-content\\\/uploads\\\/2025\\\/01\\\/caboberbeRR903545.jpg\",\"width\":800,\"height\":468},{\"@type\":\"BreadcrumbList\",\"@id\":\"https:\\\/\\\/elmejorjamon.es\\\/producto\\\/berberechos-cabo-de-penas-35-45-rr-90\\\/#breadcrumb\",\"itemListElement\":[{\"@type\":\"ListItem\",\"position\":1,\"name\":\"Portada\",\"item\":\"https:\\\/\\\/elmejorjamon.es\\\/de\\\/\"},{\"@type\":\"ListItem\",\"position\":2,\"name\":\"Schnellstart\",\"item\":\"https:\\\/\\\/elmejorjamon.es\\\/de\\\/\"},{\"@type\":\"ListItem\",\"position\":3,\"name\":\"Cabo de pe\u00f1as Herzmuscheln 35\\\/45 RR-90\"}]},{\"@type\":\"WebSite\",\"@id\":\"https:\\\/\\\/elmejorjamon.es\\\/#website\",\"url\":\"https:\\\/\\\/elmejorjamon.es\\\/\",\"name\":\"El Mejor Jam\u00f3n\",\"description\":\"Comprar jamones y embutidos a buen precio\",\"publisher\":{\"@id\":\"https:\\\/\\\/elmejorjamon.es\\\/#organization\"},\"potentialAction\":[{\"@type\":\"SearchAction\",\"target\":{\"@type\":\"EntryPoint\",\"urlTemplate\":\"https:\\\/\\\/elmejorjamon.es\\\/?s={search_term_string}\"},\"query-input\":{\"@type\":\"PropertyValueSpecification\",\"valueRequired\":true,\"valueName\":\"search_term_string\"}}],\"inLanguage\":\"de\"},{\"@type\":\"Organization\",\"@id\":\"https:\\\/\\\/elmejorjamon.es\\\/#organization\",\"name\":\"El Mejor Jam\u00f3n\",\"url\":\"https:\\\/\\\/elmejorjamon.es\\\/\",\"logo\":{\"@type\":\"ImageObject\",\"inLanguage\":\"de\",\"@id\":\"https:\\\/\\\/elmejorjamon.es\\\/#\\\/schema\\\/logo\\\/image\\\/\",\"url\":\"https:\\\/\\\/elmejorjamon.es\\\/wp-content\\\/uploads\\\/2025\\\/01\\\/logocorreos.png\",\"contentUrl\":\"https:\\\/\\\/elmejorjamon.es\\\/wp-content\\\/uploads\\\/2025\\\/01\\\/logocorreos.png\",\"width\":277,\"height\":200,\"caption\":\"El Mejor Jam\u00f3n\"},\"image\":{\"@id\":\"https:\\\/\\\/elmejorjamon.es\\\/#\\\/schema\\\/logo\\\/image\\\/\"},\"sameAs\":[\"https:\\\/\\\/www.facebook.com\\\/elmejorjamonweb\",\"https:\\\/\\\/x.com\\\/elmejorjamonweb\",\"https:\\\/\\\/www.instagram.com\\\/elmejorjamonweb\\\/\"]}]}<\/script>\n<!-- \/ Yoast SEO plugin. -->","yoast_head_json":{"title":"Kaufen Gr\u00f6\u00dfeCabo de pe\u00f1as Herzmuscheln 35\/45 RR-90 -","description":"Zutaten: Herzmuscheln, Wasser, Salz, S\u00e4ureregulatoren (E-330, E-331) und Antioxidationsmittel (E-385)Nettogewicht: 111 g.Abtropfgewicht: 63 g.","robots":{"index":"index","follow":"follow","max-snippet":"max-snippet:-1","max-image-preview":"max-image-preview:large","max-video-preview":"max-video-preview:-1"},"canonical":"https:\/\/elmejorjamon.es\/producto\/berberechos-cabo-de-penas-35-45-rr-90\/","og_locale":"de_DE","og_type":"article","og_title":"Kaufen Gr\u00f6\u00dfeCabo de pe\u00f1as Herzmuscheln 35\/45 RR-90 -","og_description":"Zutaten: Herzmuscheln, Wasser, Salz, S\u00e4ureregulatoren (E-330, E-331) und Antioxidationsmittel (E-385)Nettogewicht: 111 g.Abtropfgewicht: 63 g.","og_url":"https:\/\/elmejorjamon.es\/producto\/berberechos-cabo-de-penas-35-45-rr-90\/","og_site_name":"El Mejor Jam\u00f3n","article_publisher":"https:\/\/www.facebook.com\/elmejorjamonweb","og_image":[{"width":800,"height":468,"url":"https:\/\/elmejorjamon.es\/wp-content\/uploads\/2025\/01\/caboberbeRR903545.jpg","type":"image\/jpeg"}],"twitter_card":"summary_large_image","twitter_site":"@elmejorjamonweb","twitter_misc":{"Gesch\u00e4tzte Lesezeit":"1\u00a0Minute"},"schema":{"@context":"https:\/\/schema.org","@graph":[{"@type":"WebPage","@id":"https:\/\/elmejorjamon.es\/producto\/berberechos-cabo-de-penas-35-45-rr-90\/","url":"https:\/\/elmejorjamon.es\/producto\/berberechos-cabo-de-penas-35-45-rr-90\/","name":"Kaufen Gr\u00f6\u00dfeCabo de pe\u00f1as Herzmuscheln 35\/45 RR-90 -","isPartOf":{"@id":"https:\/\/elmejorjamon.es\/#website"},"primaryImageOfPage":{"@id":"https:\/\/elmejorjamon.es\/producto\/berberechos-cabo-de-penas-35-45-rr-90\/#primaryimage"},"image":{"@id":"https:\/\/elmejorjamon.es\/producto\/berberechos-cabo-de-penas-35-45-rr-90\/#primaryimage"},"thumbnailUrl":"https:\/\/elmejorjamon.es\/wp-content\/uploads\/2025\/01\/caboberbeRR903545.jpg","datePublished":"2025-01-31T10:36:32+00:00","description":"Zutaten: Herzmuscheln, Wasser, Salz, S\u00e4ureregulatoren (E-330, E-331) und Antioxidationsmittel (E-385)Nettogewicht: 111 g.Abtropfgewicht: 63 g.","breadcrumb":{"@id":"https:\/\/elmejorjamon.es\/producto\/berberechos-cabo-de-penas-35-45-rr-90\/#breadcrumb"},"inLanguage":"de","potentialAction":[{"@type":"ReadAction","target":["https:\/\/elmejorjamon.es\/producto\/berberechos-cabo-de-penas-35-45-rr-90\/"]}]},{"@type":"ImageObject","inLanguage":"de","@id":"https:\/\/elmejorjamon.es\/producto\/berberechos-cabo-de-penas-35-45-rr-90\/#primaryimage","url":"https:\/\/elmejorjamon.es\/wp-content\/uploads\/2025\/01\/caboberbeRR903545.jpg","contentUrl":"https:\/\/elmejorjamon.es\/wp-content\/uploads\/2025\/01\/caboberbeRR903545.jpg","width":800,"height":468},{"@type":"BreadcrumbList","@id":"https:\/\/elmejorjamon.es\/producto\/berberechos-cabo-de-penas-35-45-rr-90\/#breadcrumb","itemListElement":[{"@type":"ListItem","position":1,"name":"Portada","item":"https:\/\/elmejorjamon.es\/de\/"},{"@type":"ListItem","position":2,"name":"Schnellstart","item":"https:\/\/elmejorjamon.es\/de\/"},{"@type":"ListItem","position":3,"name":"Cabo de pe\u00f1as Herzmuscheln 35\/45 RR-90"}]},{"@type":"WebSite","@id":"https:\/\/elmejorjamon.es\/#website","url":"https:\/\/elmejorjamon.es\/","name":"El Mejor Jam\u00f3n","description":"Comprar jamones y embutidos a buen precio","publisher":{"@id":"https:\/\/elmejorjamon.es\/#organization"},"potentialAction":[{"@type":"SearchAction","target":{"@type":"EntryPoint","urlTemplate":"https:\/\/elmejorjamon.es\/?s={search_term_string}"},"query-input":{"@type":"PropertyValueSpecification","valueRequired":true,"valueName":"search_term_string"}}],"inLanguage":"de"},{"@type":"Organization","@id":"https:\/\/elmejorjamon.es\/#organization","name":"El Mejor Jam\u00f3n","url":"https:\/\/elmejorjamon.es\/","logo":{"@type":"ImageObject","inLanguage":"de","@id":"https:\/\/elmejorjamon.es\/#\/schema\/logo\/image\/","url":"https:\/\/elmejorjamon.es\/wp-content\/uploads\/2025\/01\/logocorreos.png","contentUrl":"https:\/\/elmejorjamon.es\/wp-content\/uploads\/2025\/01\/logocorreos.png","width":277,"height":200,"caption":"El Mejor Jam\u00f3n"},"image":{"@id":"https:\/\/elmejorjamon.es\/#\/schema\/logo\/image\/"},"sameAs":["https:\/\/www.facebook.com\/elmejorjamonweb","https:\/\/x.com\/elmejorjamonweb","https:\/\/www.instagram.com\/elmejorjamonweb\/"]}]}},"_links":{"self":[{"href":"https:\/\/elmejorjamon.es\/de\/wp-json\/wp\/v2\/product\/17345","targetHints":{"allow":["GET"]}}],"collection":[{"href":"https:\/\/elmejorjamon.es\/de\/wp-json\/wp\/v2\/product"}],"about":[{"href":"https:\/\/elmejorjamon.es\/de\/wp-json\/wp\/v2\/types\/product"}],"replies":[{"embeddable":true,"href":"https:\/\/elmejorjamon.es\/de\/wp-json\/wp\/v2\/comments?post=17345"}],"wp:featuredmedia":[{"embeddable":true,"href":"https:\/\/elmejorjamon.es\/de\/wp-json\/wp\/v2\/media\/18008"}],"wp:attachment":[{"href":"https:\/\/elmejorjamon.es\/de\/wp-json\/wp\/v2\/media?parent=17345"}],"wp:term":[{"taxonomy":"product_brand","embeddable":true,"href":"https:\/\/elmejorjamon.es\/de\/wp-json\/wp\/v2\/product_brand?post=17345"},{"taxonomy":"product_cat","embeddable":true,"href":"https:\/\/elmejorjamon.es\/de\/wp-json\/wp\/v2\/product_cat?post=17345"},{"taxonomy":"product_tag","embeddable":true,"href":"https:\/\/elmejorjamon.es\/de\/wp-json\/wp\/v2\/product_tag?post=17345"}],"curies":[{"name":"wp","href":"https:\/\/api.w.org\/{rel}","templated":true}]}}