{"id":154,"date":"2007-11-26T15:34:53","date_gmt":"2007-11-26T14:34:53","guid":{"rendered":"https:\/\/nueva.elmejorjamon.es\/producto\/acorn-iberico-schinken-5j-100-iberico\/"},"modified":"2007-11-26T15:34:53","modified_gmt":"2007-11-26T14:34:53","slug":"acorn-iberico-schinken-5j-100-iberico","status":"publish","type":"product","link":"https:\/\/elmejorjamon.es\/de\/producto\/acorn-iberico-schinken-5j-100-iberico\/","title":{"rendered":"Acorn Iberico Schinken 5J 100% iberico"},"content":{"rendered":"<p>Acorn Iberico Schinken 5J. Die meisten Z\u00fcchter arbeiten mit iberischen Schweinen gemischter Rasse, Frucht der Vereinigung von Schweinen reiner iberischer Rasse und Schweinen europ\u00e4ischer Rasse. Sie werden wegen ihrer h\u00f6heren Produktivit\u00e4t ausgew\u00e4hlt, aber sie erzeugen Aromen und Aromen, die sich von denen des 100% iberischen Schweines unterscheiden. Jacks w\u00e4hlt nur f\u00fcnf Kopien der reinen iberischen Rasse und verf\u00fcgt \u00fcber ein Team von Tier\u00e4rzten und Agrartechniker ausschlie\u00dflich auf die Studie, Tierpflege gewidmet und Kontrolle: 100% iberischen Schwein. Die schwarze Etikettierung best\u00e4tigt das Produkt als 100% Iberico de Bellota und daher ist es auch eine Garantie f\u00fcr Exzellenz und Qualit\u00e4t. Nur Produkte, die mit dem schwarzen Etikett gekennzeichnet sind, k\u00f6nnen als schwarze Pfote bezeichnet werden.<\/p>\n","protected":false},"excerpt":{"rendered":"<p>Acorn Iberico Schinken 5J 100% iberico<\/p>\n","protected":false},"featured_media":16434,"comment_status":"open","ping_status":"closed","template":"","meta":{"_et_pb_use_builder":"","_et_pb_old_content":"","_et_gb_content_width":"","_sitemap_exclude":false,"_sitemap_priority":"","_sitemap_frequency":""},"product_brand":[],"product_cat":[48,108,24],"product_tag":[],"class_list":{"0":"post-154","1":"product","2":"type-product","3":"status-publish","4":"has-post-thumbnail","6":"product_cat-alle-produkte","7":"product_cat-iberischer-schinken","8":"product_cat-startseite","9":"product_shipping_class-normal-de","10":"pa_opciones-gesamtesstuck-de","11":"pa_opciones-4c-mitdemmessergeschnittenun-de","12":"pa_opciones-9c-ohneknochenundvakuumverpa-de","13":"pa_peso-7_7_5kg-de","14":"pa_peso-7_5_8kg-de","15":"pa_peso-8_8_5kg-de","16":"pa_peso-8_5_9kg-de","18":"first","19":"instock","20":"shipping-taxable","21":"purchasable","22":"product-type-variable","23":"has-default-attributes"},"yoast_head":"<!-- This site is optimized with the Yoast SEO plugin v27.4 - https:\/\/yoast.com\/product\/yoast-seo-wordpress\/ -->\n<title>Acorn Iberico Schinken 5J 100% iberico - El Mejor Jam\u00f3n<\/title>\n<meta name=\"robots\" content=\"index, follow, max-snippet:-1, max-image-preview:large, max-video-preview:-1\" \/>\n<link rel=\"canonical\" href=\"https:\/\/elmejorjamon.es\/de\/producto\/acorn-iberico-schinken-5j-100-iberico\/\" \/>\n<meta property=\"og:locale\" content=\"de_DE\" \/>\n<meta property=\"og:type\" content=\"article\" \/>\n<meta property=\"og:title\" content=\"Acorn Iberico Schinken 5J 100% iberico - El Mejor Jam\u00f3n\" \/>\n<meta property=\"og:description\" content=\"Acorn Iberico Schinken 5J 100% iberico\" \/>\n<meta property=\"og:url\" content=\"https:\/\/elmejorjamon.es\/de\/producto\/acorn-iberico-schinken-5j-100-iberico\/\" \/>\n<meta property=\"og:site_name\" content=\"El Mejor Jam\u00f3n\" \/>\n<meta property=\"article:publisher\" content=\"https:\/\/www.facebook.com\/elmejorjamonweb\" \/>\n<meta property=\"og:image\" content=\"https:\/\/elmejorjamon.es\/wp-content\/uploads\/2007\/11\/2639-thickbox_default-Jamon-de-bellota-100berico-Cinco-Jotas.jpg\" \/>\n\t<meta property=\"og:image:width\" content=\"1100\" \/>\n\t<meta property=\"og:image:height\" content=\"1422\" \/>\n\t<meta property=\"og:image:type\" content=\"image\/jpeg\" \/>\n<meta name=\"twitter:card\" content=\"summary_large_image\" \/>\n<meta name=\"twitter:site\" content=\"@elmejorjamonweb\" \/>\n<meta name=\"twitter:label1\" content=\"Gesch\u00e4tzte Lesezeit\" \/>\n\t<meta name=\"twitter:data1\" content=\"1\u00a0Minute\" \/>\n<script type=\"application\/ld+json\" class=\"yoast-schema-graph\">{\"@context\":\"https:\\\/\\\/schema.org\",\"@graph\":[{\"@type\":\"WebPage\",\"@id\":\"https:\\\/\\\/elmejorjamon.es\\\/de\\\/producto\\\/acorn-iberico-schinken-5j-100-iberico\\\/\",\"url\":\"https:\\\/\\\/elmejorjamon.es\\\/de\\\/producto\\\/acorn-iberico-schinken-5j-100-iberico\\\/\",\"name\":\"Acorn Iberico Schinken 5J 100% iberico - El Mejor Jam\u00f3n\",\"isPartOf\":{\"@id\":\"https:\\\/\\\/elmejorjamon.es\\\/#website\"},\"primaryImageOfPage\":{\"@id\":\"https:\\\/\\\/elmejorjamon.es\\\/de\\\/producto\\\/acorn-iberico-schinken-5j-100-iberico\\\/#primaryimage\"},\"image\":{\"@id\":\"https:\\\/\\\/elmejorjamon.es\\\/de\\\/producto\\\/acorn-iberico-schinken-5j-100-iberico\\\/#primaryimage\"},\"thumbnailUrl\":\"https:\\\/\\\/elmejorjamon.es\\\/wp-content\\\/uploads\\\/2007\\\/11\\\/2639-thickbox_default-Jamon-de-bellota-100berico-Cinco-Jotas.jpg\",\"datePublished\":\"2007-11-26T14:34:53+00:00\",\"breadcrumb\":{\"@id\":\"https:\\\/\\\/elmejorjamon.es\\\/de\\\/producto\\\/acorn-iberico-schinken-5j-100-iberico\\\/#breadcrumb\"},\"inLanguage\":\"de\",\"potentialAction\":[{\"@type\":\"ReadAction\",\"target\":[\"https:\\\/\\\/elmejorjamon.es\\\/de\\\/producto\\\/acorn-iberico-schinken-5j-100-iberico\\\/\"]}]},{\"@type\":\"ImageObject\",\"inLanguage\":\"de\",\"@id\":\"https:\\\/\\\/elmejorjamon.es\\\/de\\\/producto\\\/acorn-iberico-schinken-5j-100-iberico\\\/#primaryimage\",\"url\":\"https:\\\/\\\/elmejorjamon.es\\\/wp-content\\\/uploads\\\/2007\\\/11\\\/2639-thickbox_default-Jamon-de-bellota-100berico-Cinco-Jotas.jpg\",\"contentUrl\":\"https:\\\/\\\/elmejorjamon.es\\\/wp-content\\\/uploads\\\/2007\\\/11\\\/2639-thickbox_default-Jamon-de-bellota-100berico-Cinco-Jotas.jpg\",\"width\":1100,\"height\":1422},{\"@type\":\"BreadcrumbList\",\"@id\":\"https:\\\/\\\/elmejorjamon.es\\\/de\\\/producto\\\/acorn-iberico-schinken-5j-100-iberico\\\/#breadcrumb\",\"itemListElement\":[{\"@type\":\"ListItem\",\"position\":1,\"name\":\"Portada\",\"item\":\"https:\\\/\\\/elmejorjamon.es\\\/de\\\/\"},{\"@type\":\"ListItem\",\"position\":2,\"name\":\"Schnellstart\",\"item\":\"https:\\\/\\\/elmejorjamon.es\\\/de\\\/\"},{\"@type\":\"ListItem\",\"position\":3,\"name\":\"Acorn Iberico Schinken 5J 100% iberico\"}]},{\"@type\":\"WebSite\",\"@id\":\"https:\\\/\\\/elmejorjamon.es\\\/#website\",\"url\":\"https:\\\/\\\/elmejorjamon.es\\\/\",\"name\":\"El Mejor Jam\u00f3n\",\"description\":\"Comprar jamones y embutidos a buen precio\",\"publisher\":{\"@id\":\"https:\\\/\\\/elmejorjamon.es\\\/#organization\"},\"potentialAction\":[{\"@type\":\"SearchAction\",\"target\":{\"@type\":\"EntryPoint\",\"urlTemplate\":\"https:\\\/\\\/elmejorjamon.es\\\/?s={search_term_string}\"},\"query-input\":{\"@type\":\"PropertyValueSpecification\",\"valueRequired\":true,\"valueName\":\"search_term_string\"}}],\"inLanguage\":\"de\"},{\"@type\":\"Organization\",\"@id\":\"https:\\\/\\\/elmejorjamon.es\\\/#organization\",\"name\":\"El Mejor Jam\u00f3n\",\"url\":\"https:\\\/\\\/elmejorjamon.es\\\/\",\"logo\":{\"@type\":\"ImageObject\",\"inLanguage\":\"de\",\"@id\":\"https:\\\/\\\/elmejorjamon.es\\\/#\\\/schema\\\/logo\\\/image\\\/\",\"url\":\"https:\\\/\\\/elmejorjamon.es\\\/wp-content\\\/uploads\\\/2025\\\/01\\\/logocorreos.png\",\"contentUrl\":\"https:\\\/\\\/elmejorjamon.es\\\/wp-content\\\/uploads\\\/2025\\\/01\\\/logocorreos.png\",\"width\":277,\"height\":200,\"caption\":\"El Mejor Jam\u00f3n\"},\"image\":{\"@id\":\"https:\\\/\\\/elmejorjamon.es\\\/#\\\/schema\\\/logo\\\/image\\\/\"},\"sameAs\":[\"https:\\\/\\\/www.facebook.com\\\/elmejorjamonweb\",\"https:\\\/\\\/x.com\\\/elmejorjamonweb\",\"https:\\\/\\\/www.instagram.com\\\/elmejorjamonweb\\\/\"]}]}<\/script>\n<!-- \/ Yoast SEO plugin. -->","yoast_head_json":{"title":"Acorn Iberico Schinken 5J 100% iberico - El Mejor Jam\u00f3n","robots":{"index":"index","follow":"follow","max-snippet":"max-snippet:-1","max-image-preview":"max-image-preview:large","max-video-preview":"max-video-preview:-1"},"canonical":"https:\/\/elmejorjamon.es\/de\/producto\/acorn-iberico-schinken-5j-100-iberico\/","og_locale":"de_DE","og_type":"article","og_title":"Acorn Iberico Schinken 5J 100% iberico - El Mejor Jam\u00f3n","og_description":"Acorn Iberico Schinken 5J 100% iberico","og_url":"https:\/\/elmejorjamon.es\/de\/producto\/acorn-iberico-schinken-5j-100-iberico\/","og_site_name":"El Mejor Jam\u00f3n","article_publisher":"https:\/\/www.facebook.com\/elmejorjamonweb","og_image":[{"width":1100,"height":1422,"url":"https:\/\/elmejorjamon.es\/wp-content\/uploads\/2007\/11\/2639-thickbox_default-Jamon-de-bellota-100berico-Cinco-Jotas.jpg","type":"image\/jpeg"}],"twitter_card":"summary_large_image","twitter_site":"@elmejorjamonweb","twitter_misc":{"Gesch\u00e4tzte Lesezeit":"1\u00a0Minute"},"schema":{"@context":"https:\/\/schema.org","@graph":[{"@type":"WebPage","@id":"https:\/\/elmejorjamon.es\/de\/producto\/acorn-iberico-schinken-5j-100-iberico\/","url":"https:\/\/elmejorjamon.es\/de\/producto\/acorn-iberico-schinken-5j-100-iberico\/","name":"Acorn Iberico Schinken 5J 100% iberico - El Mejor Jam\u00f3n","isPartOf":{"@id":"https:\/\/elmejorjamon.es\/#website"},"primaryImageOfPage":{"@id":"https:\/\/elmejorjamon.es\/de\/producto\/acorn-iberico-schinken-5j-100-iberico\/#primaryimage"},"image":{"@id":"https:\/\/elmejorjamon.es\/de\/producto\/acorn-iberico-schinken-5j-100-iberico\/#primaryimage"},"thumbnailUrl":"https:\/\/elmejorjamon.es\/wp-content\/uploads\/2007\/11\/2639-thickbox_default-Jamon-de-bellota-100berico-Cinco-Jotas.jpg","datePublished":"2007-11-26T14:34:53+00:00","breadcrumb":{"@id":"https:\/\/elmejorjamon.es\/de\/producto\/acorn-iberico-schinken-5j-100-iberico\/#breadcrumb"},"inLanguage":"de","potentialAction":[{"@type":"ReadAction","target":["https:\/\/elmejorjamon.es\/de\/producto\/acorn-iberico-schinken-5j-100-iberico\/"]}]},{"@type":"ImageObject","inLanguage":"de","@id":"https:\/\/elmejorjamon.es\/de\/producto\/acorn-iberico-schinken-5j-100-iberico\/#primaryimage","url":"https:\/\/elmejorjamon.es\/wp-content\/uploads\/2007\/11\/2639-thickbox_default-Jamon-de-bellota-100berico-Cinco-Jotas.jpg","contentUrl":"https:\/\/elmejorjamon.es\/wp-content\/uploads\/2007\/11\/2639-thickbox_default-Jamon-de-bellota-100berico-Cinco-Jotas.jpg","width":1100,"height":1422},{"@type":"BreadcrumbList","@id":"https:\/\/elmejorjamon.es\/de\/producto\/acorn-iberico-schinken-5j-100-iberico\/#breadcrumb","itemListElement":[{"@type":"ListItem","position":1,"name":"Portada","item":"https:\/\/elmejorjamon.es\/de\/"},{"@type":"ListItem","position":2,"name":"Schnellstart","item":"https:\/\/elmejorjamon.es\/de\/"},{"@type":"ListItem","position":3,"name":"Acorn Iberico Schinken 5J 100% iberico"}]},{"@type":"WebSite","@id":"https:\/\/elmejorjamon.es\/#website","url":"https:\/\/elmejorjamon.es\/","name":"El Mejor Jam\u00f3n","description":"Comprar jamones y embutidos a buen precio","publisher":{"@id":"https:\/\/elmejorjamon.es\/#organization"},"potentialAction":[{"@type":"SearchAction","target":{"@type":"EntryPoint","urlTemplate":"https:\/\/elmejorjamon.es\/?s={search_term_string}"},"query-input":{"@type":"PropertyValueSpecification","valueRequired":true,"valueName":"search_term_string"}}],"inLanguage":"de"},{"@type":"Organization","@id":"https:\/\/elmejorjamon.es\/#organization","name":"El Mejor Jam\u00f3n","url":"https:\/\/elmejorjamon.es\/","logo":{"@type":"ImageObject","inLanguage":"de","@id":"https:\/\/elmejorjamon.es\/#\/schema\/logo\/image\/","url":"https:\/\/elmejorjamon.es\/wp-content\/uploads\/2025\/01\/logocorreos.png","contentUrl":"https:\/\/elmejorjamon.es\/wp-content\/uploads\/2025\/01\/logocorreos.png","width":277,"height":200,"caption":"El Mejor Jam\u00f3n"},"image":{"@id":"https:\/\/elmejorjamon.es\/#\/schema\/logo\/image\/"},"sameAs":["https:\/\/www.facebook.com\/elmejorjamonweb","https:\/\/x.com\/elmejorjamonweb","https:\/\/www.instagram.com\/elmejorjamonweb\/"]}]}},"_links":{"self":[{"href":"https:\/\/elmejorjamon.es\/de\/wp-json\/wp\/v2\/product\/154","targetHints":{"allow":["GET"]}}],"collection":[{"href":"https:\/\/elmejorjamon.es\/de\/wp-json\/wp\/v2\/product"}],"about":[{"href":"https:\/\/elmejorjamon.es\/de\/wp-json\/wp\/v2\/types\/product"}],"replies":[{"embeddable":true,"href":"https:\/\/elmejorjamon.es\/de\/wp-json\/wp\/v2\/comments?post=154"}],"wp:featuredmedia":[{"embeddable":true,"href":"https:\/\/elmejorjamon.es\/de\/wp-json\/wp\/v2\/media\/16434"}],"wp:attachment":[{"href":"https:\/\/elmejorjamon.es\/de\/wp-json\/wp\/v2\/media?parent=154"}],"wp:term":[{"taxonomy":"product_brand","embeddable":true,"href":"https:\/\/elmejorjamon.es\/de\/wp-json\/wp\/v2\/product_brand?post=154"},{"taxonomy":"product_cat","embeddable":true,"href":"https:\/\/elmejorjamon.es\/de\/wp-json\/wp\/v2\/product_cat?post=154"},{"taxonomy":"product_tag","embeddable":true,"href":"https:\/\/elmejorjamon.es\/de\/wp-json\/wp\/v2\/product_tag?post=154"}],"curies":[{"name":"wp","href":"https:\/\/api.w.org\/{rel}","templated":true}]}}