{"id":1528,"date":"2011-01-28T07:51:57","date_gmt":"2011-01-28T06:51:57","guid":{"rendered":"https:\/\/nueva.elmejorjamon.es\/producto\/edamer-kugelkaese-semi-cured-hut-1800-kg\/"},"modified":"2011-01-28T07:51:57","modified_gmt":"2011-01-28T06:51:57","slug":"edamer-kugelkaese-semi-cured-hut-1800-kg","status":"publish","type":"product","link":"https:\/\/elmejorjamon.es\/de\/producto\/edamer-kugelkaese-semi-cured-hut-1800-kg\/","title":{"rendered":"Edamer Kugelk\u00e4se Semi-cured Hut 1.600 kg."},"content":{"rendered":"<p>Es ist ein teilweise entrahmter pasteurisierter Kuhmilchk\u00e4se mit relativ niedrigem Fettgehalt. Sein Aroma ist leicht w\u00fcrzig und sein Geschmack ist einfach, mit einem salzigen Nachgeschmack, der am Gaumen verweilt. Die Vorteile des Queso de Bola Cup-Hutes sind vielf\u00e4ltig: Hoher Eiwei\u00dfgehalt: Erlaubt es, den K\u00e4se besonders f\u00fcr die Muskelentwicklung zu empfehlen. Es wird auch w\u00e4hrend der Kindheit, Jugend und Schwangerschaft empfohlen, da in diesen Stadien ein gr\u00f6\u00dferer Beitrag von Proteinen notwendig ist. hohe Menge an Kalzium: erlaubt es, eine gute Nahrung f\u00fcr Knochen zu sein und w\u00e4hrend der Schwangerschaft sehr empfohlen zu werden, da unser K\u00f6rper in diesen Stadien es mehr konsumiert. Hoher Zinkgehalt: erm\u00f6glicht K\u00e4se die Assimilation und Speicherung von Insulin in unserem K\u00f6rper zu erleichtern. Reich an Phosphor: Es erm\u00f6glicht, unsere Knochen und Z\u00e4hne gesund zu halten sowie eine ausgewogene Haut, da es hilft, seine nat\u00fcrliche PH zu erhalten.<\/p>\n","protected":false},"excerpt":{"rendered":"<p>Edamer Kugelk\u00e4se Semi-cured Hut 1.600 kg.<\/p>\n","protected":false},"featured_media":1507,"comment_status":"open","ping_status":"closed","template":"","meta":{"_et_pb_use_builder":"","_et_pb_old_content":"","_et_gb_content_width":"","_sitemap_exclude":false,"_sitemap_priority":"","_sitemap_frequency":""},"product_brand":[],"product_cat":[48,54,24],"product_tag":[],"class_list":{"0":"post-1528","1":"product","2":"type-product","3":"status-publish","4":"has-post-thumbnail","6":"product_cat-alle-produkte","7":"product_cat-quesos-de","8":"product_cat-startseite","9":"product_shipping_class-normal-de","11":"first","12":"instock","13":"shipping-taxable","14":"purchasable","15":"product-type-simple"},"yoast_head":"<!-- This site is optimized with the Yoast SEO plugin v27.4 - https:\/\/yoast.com\/product\/yoast-seo-wordpress\/ -->\n<title>Edamer Kugelk\u00e4se Semi-cured Hut 1.600 kg. - El Mejor Jam\u00f3n<\/title>\n<meta name=\"robots\" content=\"index, follow, max-snippet:-1, max-image-preview:large, max-video-preview:-1\" \/>\n<link rel=\"canonical\" href=\"https:\/\/elmejorjamon.es\/producto\/queso-bola-edam-semicurado-sombrero-de-copa-1800-kg\/\" \/>\n<meta property=\"og:locale\" content=\"de_DE\" \/>\n<meta property=\"og:type\" content=\"article\" \/>\n<meta property=\"og:title\" content=\"Edamer Kugelk\u00e4se Semi-cured Hut 1.600 kg. - El Mejor Jam\u00f3n\" \/>\n<meta property=\"og:description\" content=\"Edamer Kugelk\u00e4se Semi-cured Hut 1.600 kg.\" \/>\n<meta property=\"og:url\" content=\"https:\/\/elmejorjamon.es\/producto\/queso-bola-edam-semicurado-sombrero-de-copa-1800-kg\/\" \/>\n<meta property=\"og:site_name\" content=\"El Mejor Jam\u00f3n\" \/>\n<meta property=\"article:publisher\" content=\"https:\/\/www.facebook.com\/elmejorjamonweb\" \/>\n<meta property=\"og:image\" content=\"https:\/\/elmejorjamon.es\/wp-content\/uploads\/2011\/01\/1236-thickbox_default-Queso-bola-edam-Semicurado-Sombrero-de-copa-1800-kg.jpg\" \/>\n\t<meta property=\"og:image:width\" content=\"1100\" \/>\n\t<meta property=\"og:image:height\" content=\"1422\" \/>\n\t<meta property=\"og:image:type\" content=\"image\/jpeg\" \/>\n<meta name=\"twitter:card\" content=\"summary_large_image\" \/>\n<meta name=\"twitter:site\" content=\"@elmejorjamonweb\" \/>\n<meta name=\"twitter:label1\" content=\"Gesch\u00e4tzte Lesezeit\" \/>\n\t<meta name=\"twitter:data1\" content=\"1\u00a0Minute\" \/>\n<script type=\"application\/ld+json\" class=\"yoast-schema-graph\">{\"@context\":\"https:\\\/\\\/schema.org\",\"@graph\":[{\"@type\":\"WebPage\",\"@id\":\"https:\\\/\\\/elmejorjamon.es\\\/producto\\\/queso-bola-edam-semicurado-sombrero-de-copa-1800-kg\\\/\",\"url\":\"https:\\\/\\\/elmejorjamon.es\\\/producto\\\/queso-bola-edam-semicurado-sombrero-de-copa-1800-kg\\\/\",\"name\":\"Edamer Kugelk\u00e4se Semi-cured Hut 1.600 kg. - El Mejor Jam\u00f3n\",\"isPartOf\":{\"@id\":\"https:\\\/\\\/elmejorjamon.es\\\/#website\"},\"primaryImageOfPage\":{\"@id\":\"https:\\\/\\\/elmejorjamon.es\\\/producto\\\/queso-bola-edam-semicurado-sombrero-de-copa-1800-kg\\\/#primaryimage\"},\"image\":{\"@id\":\"https:\\\/\\\/elmejorjamon.es\\\/producto\\\/queso-bola-edam-semicurado-sombrero-de-copa-1800-kg\\\/#primaryimage\"},\"thumbnailUrl\":\"https:\\\/\\\/elmejorjamon.es\\\/wp-content\\\/uploads\\\/2011\\\/01\\\/1236-thickbox_default-Queso-bola-edam-Semicurado-Sombrero-de-copa-1800-kg.jpg\",\"datePublished\":\"2011-01-28T06:51:57+00:00\",\"breadcrumb\":{\"@id\":\"https:\\\/\\\/elmejorjamon.es\\\/producto\\\/queso-bola-edam-semicurado-sombrero-de-copa-1800-kg\\\/#breadcrumb\"},\"inLanguage\":\"de\",\"potentialAction\":[{\"@type\":\"ReadAction\",\"target\":[\"https:\\\/\\\/elmejorjamon.es\\\/producto\\\/queso-bola-edam-semicurado-sombrero-de-copa-1800-kg\\\/\"]}]},{\"@type\":\"ImageObject\",\"inLanguage\":\"de\",\"@id\":\"https:\\\/\\\/elmejorjamon.es\\\/producto\\\/queso-bola-edam-semicurado-sombrero-de-copa-1800-kg\\\/#primaryimage\",\"url\":\"https:\\\/\\\/elmejorjamon.es\\\/wp-content\\\/uploads\\\/2011\\\/01\\\/1236-thickbox_default-Queso-bola-edam-Semicurado-Sombrero-de-copa-1800-kg.jpg\",\"contentUrl\":\"https:\\\/\\\/elmejorjamon.es\\\/wp-content\\\/uploads\\\/2011\\\/01\\\/1236-thickbox_default-Queso-bola-edam-Semicurado-Sombrero-de-copa-1800-kg.jpg\",\"width\":1100,\"height\":1422,\"caption\":\"Queso bola edam Semicurado Sombrero de copa 1,800 kg.\"},{\"@type\":\"BreadcrumbList\",\"@id\":\"https:\\\/\\\/elmejorjamon.es\\\/producto\\\/queso-bola-edam-semicurado-sombrero-de-copa-1800-kg\\\/#breadcrumb\",\"itemListElement\":[{\"@type\":\"ListItem\",\"position\":1,\"name\":\"Portada\",\"item\":\"https:\\\/\\\/elmejorjamon.es\\\/de\\\/\"},{\"@type\":\"ListItem\",\"position\":2,\"name\":\"Schnellstart\",\"item\":\"https:\\\/\\\/elmejorjamon.es\\\/de\\\/\"},{\"@type\":\"ListItem\",\"position\":3,\"name\":\"Edamer Kugelk\u00e4se Semi-cured Hut 1.600 kg.\"}]},{\"@type\":\"WebSite\",\"@id\":\"https:\\\/\\\/elmejorjamon.es\\\/#website\",\"url\":\"https:\\\/\\\/elmejorjamon.es\\\/\",\"name\":\"El Mejor Jam\u00f3n\",\"description\":\"Comprar jamones y embutidos a buen precio\",\"publisher\":{\"@id\":\"https:\\\/\\\/elmejorjamon.es\\\/#organization\"},\"potentialAction\":[{\"@type\":\"SearchAction\",\"target\":{\"@type\":\"EntryPoint\",\"urlTemplate\":\"https:\\\/\\\/elmejorjamon.es\\\/?s={search_term_string}\"},\"query-input\":{\"@type\":\"PropertyValueSpecification\",\"valueRequired\":true,\"valueName\":\"search_term_string\"}}],\"inLanguage\":\"de\"},{\"@type\":\"Organization\",\"@id\":\"https:\\\/\\\/elmejorjamon.es\\\/#organization\",\"name\":\"El Mejor Jam\u00f3n\",\"url\":\"https:\\\/\\\/elmejorjamon.es\\\/\",\"logo\":{\"@type\":\"ImageObject\",\"inLanguage\":\"de\",\"@id\":\"https:\\\/\\\/elmejorjamon.es\\\/#\\\/schema\\\/logo\\\/image\\\/\",\"url\":\"https:\\\/\\\/elmejorjamon.es\\\/wp-content\\\/uploads\\\/2025\\\/01\\\/logocorreos.png\",\"contentUrl\":\"https:\\\/\\\/elmejorjamon.es\\\/wp-content\\\/uploads\\\/2025\\\/01\\\/logocorreos.png\",\"width\":277,\"height\":200,\"caption\":\"El Mejor Jam\u00f3n\"},\"image\":{\"@id\":\"https:\\\/\\\/elmejorjamon.es\\\/#\\\/schema\\\/logo\\\/image\\\/\"},\"sameAs\":[\"https:\\\/\\\/www.facebook.com\\\/elmejorjamonweb\",\"https:\\\/\\\/x.com\\\/elmejorjamonweb\",\"https:\\\/\\\/www.instagram.com\\\/elmejorjamonweb\\\/\"]}]}<\/script>\n<!-- \/ Yoast SEO plugin. -->","yoast_head_json":{"title":"Edamer Kugelk\u00e4se Semi-cured Hut 1.600 kg. - El Mejor Jam\u00f3n","robots":{"index":"index","follow":"follow","max-snippet":"max-snippet:-1","max-image-preview":"max-image-preview:large","max-video-preview":"max-video-preview:-1"},"canonical":"https:\/\/elmejorjamon.es\/producto\/queso-bola-edam-semicurado-sombrero-de-copa-1800-kg\/","og_locale":"de_DE","og_type":"article","og_title":"Edamer Kugelk\u00e4se Semi-cured Hut 1.600 kg. - El Mejor Jam\u00f3n","og_description":"Edamer Kugelk\u00e4se Semi-cured Hut 1.600 kg.","og_url":"https:\/\/elmejorjamon.es\/producto\/queso-bola-edam-semicurado-sombrero-de-copa-1800-kg\/","og_site_name":"El Mejor Jam\u00f3n","article_publisher":"https:\/\/www.facebook.com\/elmejorjamonweb","og_image":[{"width":1100,"height":1422,"url":"https:\/\/elmejorjamon.es\/wp-content\/uploads\/2011\/01\/1236-thickbox_default-Queso-bola-edam-Semicurado-Sombrero-de-copa-1800-kg.jpg","type":"image\/jpeg"}],"twitter_card":"summary_large_image","twitter_site":"@elmejorjamonweb","twitter_misc":{"Gesch\u00e4tzte Lesezeit":"1\u00a0Minute"},"schema":{"@context":"https:\/\/schema.org","@graph":[{"@type":"WebPage","@id":"https:\/\/elmejorjamon.es\/producto\/queso-bola-edam-semicurado-sombrero-de-copa-1800-kg\/","url":"https:\/\/elmejorjamon.es\/producto\/queso-bola-edam-semicurado-sombrero-de-copa-1800-kg\/","name":"Edamer Kugelk\u00e4se Semi-cured Hut 1.600 kg. - El Mejor Jam\u00f3n","isPartOf":{"@id":"https:\/\/elmejorjamon.es\/#website"},"primaryImageOfPage":{"@id":"https:\/\/elmejorjamon.es\/producto\/queso-bola-edam-semicurado-sombrero-de-copa-1800-kg\/#primaryimage"},"image":{"@id":"https:\/\/elmejorjamon.es\/producto\/queso-bola-edam-semicurado-sombrero-de-copa-1800-kg\/#primaryimage"},"thumbnailUrl":"https:\/\/elmejorjamon.es\/wp-content\/uploads\/2011\/01\/1236-thickbox_default-Queso-bola-edam-Semicurado-Sombrero-de-copa-1800-kg.jpg","datePublished":"2011-01-28T06:51:57+00:00","breadcrumb":{"@id":"https:\/\/elmejorjamon.es\/producto\/queso-bola-edam-semicurado-sombrero-de-copa-1800-kg\/#breadcrumb"},"inLanguage":"de","potentialAction":[{"@type":"ReadAction","target":["https:\/\/elmejorjamon.es\/producto\/queso-bola-edam-semicurado-sombrero-de-copa-1800-kg\/"]}]},{"@type":"ImageObject","inLanguage":"de","@id":"https:\/\/elmejorjamon.es\/producto\/queso-bola-edam-semicurado-sombrero-de-copa-1800-kg\/#primaryimage","url":"https:\/\/elmejorjamon.es\/wp-content\/uploads\/2011\/01\/1236-thickbox_default-Queso-bola-edam-Semicurado-Sombrero-de-copa-1800-kg.jpg","contentUrl":"https:\/\/elmejorjamon.es\/wp-content\/uploads\/2011\/01\/1236-thickbox_default-Queso-bola-edam-Semicurado-Sombrero-de-copa-1800-kg.jpg","width":1100,"height":1422,"caption":"Queso bola edam Semicurado Sombrero de copa 1,800 kg."},{"@type":"BreadcrumbList","@id":"https:\/\/elmejorjamon.es\/producto\/queso-bola-edam-semicurado-sombrero-de-copa-1800-kg\/#breadcrumb","itemListElement":[{"@type":"ListItem","position":1,"name":"Portada","item":"https:\/\/elmejorjamon.es\/de\/"},{"@type":"ListItem","position":2,"name":"Schnellstart","item":"https:\/\/elmejorjamon.es\/de\/"},{"@type":"ListItem","position":3,"name":"Edamer Kugelk\u00e4se Semi-cured Hut 1.600 kg."}]},{"@type":"WebSite","@id":"https:\/\/elmejorjamon.es\/#website","url":"https:\/\/elmejorjamon.es\/","name":"El Mejor Jam\u00f3n","description":"Comprar jamones y embutidos a buen precio","publisher":{"@id":"https:\/\/elmejorjamon.es\/#organization"},"potentialAction":[{"@type":"SearchAction","target":{"@type":"EntryPoint","urlTemplate":"https:\/\/elmejorjamon.es\/?s={search_term_string}"},"query-input":{"@type":"PropertyValueSpecification","valueRequired":true,"valueName":"search_term_string"}}],"inLanguage":"de"},{"@type":"Organization","@id":"https:\/\/elmejorjamon.es\/#organization","name":"El Mejor Jam\u00f3n","url":"https:\/\/elmejorjamon.es\/","logo":{"@type":"ImageObject","inLanguage":"de","@id":"https:\/\/elmejorjamon.es\/#\/schema\/logo\/image\/","url":"https:\/\/elmejorjamon.es\/wp-content\/uploads\/2025\/01\/logocorreos.png","contentUrl":"https:\/\/elmejorjamon.es\/wp-content\/uploads\/2025\/01\/logocorreos.png","width":277,"height":200,"caption":"El Mejor Jam\u00f3n"},"image":{"@id":"https:\/\/elmejorjamon.es\/#\/schema\/logo\/image\/"},"sameAs":["https:\/\/www.facebook.com\/elmejorjamonweb","https:\/\/x.com\/elmejorjamonweb","https:\/\/www.instagram.com\/elmejorjamonweb\/"]}]}},"_links":{"self":[{"href":"https:\/\/elmejorjamon.es\/de\/wp-json\/wp\/v2\/product\/1528","targetHints":{"allow":["GET"]}}],"collection":[{"href":"https:\/\/elmejorjamon.es\/de\/wp-json\/wp\/v2\/product"}],"about":[{"href":"https:\/\/elmejorjamon.es\/de\/wp-json\/wp\/v2\/types\/product"}],"replies":[{"embeddable":true,"href":"https:\/\/elmejorjamon.es\/de\/wp-json\/wp\/v2\/comments?post=1528"}],"wp:featuredmedia":[{"embeddable":true,"href":"https:\/\/elmejorjamon.es\/de\/wp-json\/wp\/v2\/media\/1507"}],"wp:attachment":[{"href":"https:\/\/elmejorjamon.es\/de\/wp-json\/wp\/v2\/media?parent=1528"}],"wp:term":[{"taxonomy":"product_brand","embeddable":true,"href":"https:\/\/elmejorjamon.es\/de\/wp-json\/wp\/v2\/product_brand?post=1528"},{"taxonomy":"product_cat","embeddable":true,"href":"https:\/\/elmejorjamon.es\/de\/wp-json\/wp\/v2\/product_cat?post=1528"},{"taxonomy":"product_tag","embeddable":true,"href":"https:\/\/elmejorjamon.es\/de\/wp-json\/wp\/v2\/product_tag?post=1528"}],"curies":[{"name":"wp","href":"https:\/\/api.w.org\/{rel}","templated":true}]}}