{"id":1300,"date":"2010-11-11T08:08:06","date_gmt":"2010-11-11T07:08:06","guid":{"rendered":"https:\/\/nueva.elmejorjamon.es\/producto\/fabada-asturiana-von-yantar-de-pepe\/"},"modified":"2026-02-22T16:45:51","modified_gmt":"2026-02-22T15:45:51","slug":"fabada-asturiana-von-yantar-de-pepe","status":"publish","type":"product","link":"https:\/\/elmejorjamon.es\/de\/producto\/fabada-asturiana-von-yantar-de-pepe\/","title":{"rendered":"Fabada Asturiana von Yantar de Pepe"},"content":{"rendered":"<p>Hergestellt mit asturischen Fabes de la Granja. Nehmen Sie den authentischen Geschmack von Asturian Fabada mit nach Hause, ohne ihn zu kochen, bereit zu k\u00f6cheln und zu konsumieren. Pr\u00e4sentationsdose von 430 grs.<\/p>\n<p>Nach dem \u00d6ffnen vollst\u00e4ndig verbrauchen.<\/p>\n","protected":false},"excerpt":{"rendered":"<p>Hergestellt mit asturischen Fabes de la Granja. Nehmen Sie den authentischen Geschmack von Asturian Fabada mit nach Hause, ohne ihn zu kochen, bereit zu k\u00f6cheln und zu konsumieren. Pr\u00e4sentationsdose von 430 grs. Nach dem \u00d6ffnen vollst\u00e4ndig verbrauchen.<\/p>\n","protected":false},"featured_media":1276,"comment_status":"open","ping_status":"closed","template":"","meta":{"_et_pb_use_builder":"","_et_pb_old_content":"","_et_gb_content_width":"","_sitemap_exclude":false,"_sitemap_priority":"","_sitemap_frequency":""},"product_brand":[],"product_cat":[48,905,24,78],"product_tag":[],"class_list":{"0":"post-1300","1":"product","2":"type-product","3":"status-publish","4":"has-post-thumbnail","6":"product_cat-alle-produkte","7":"product_cat-angebote","8":"product_cat-startseite","9":"product_cat-platos-preparados-de","10":"product_shipping_class-normal-de","11":"pa_opciones-1einheit-de","12":"pa_opciones-boxmit8einheiten-de","14":"first","15":"outofstock","16":"sale","17":"shipping-taxable","18":"purchasable","19":"product-type-variable","20":"has-default-attributes"},"yoast_head":"<!-- This site is optimized with the Yoast SEO plugin v27.4 - https:\/\/yoast.com\/product\/yoast-seo-wordpress\/ -->\n<title>Fabada Asturiana von Yantar de Pepe - El Mejor Jam\u00f3n<\/title>\n<meta name=\"robots\" content=\"index, follow, max-snippet:-1, max-image-preview:large, max-video-preview:-1\" \/>\n<link rel=\"canonical\" href=\"https:\/\/elmejorjamon.es\/de\/producto\/fabada-asturiana-von-yantar-de-pepe\/\" \/>\n<meta property=\"og:locale\" content=\"de_DE\" \/>\n<meta property=\"og:type\" content=\"article\" \/>\n<meta property=\"og:title\" content=\"Fabada Asturiana von Yantar de Pepe - El Mejor Jam\u00f3n\" \/>\n<meta property=\"og:description\" content=\"Hergestellt mit asturischen Fabes de la Granja. Nehmen Sie den authentischen Geschmack von Asturian Fabada mit nach Hause, ohne ihn zu kochen, bereit zu k\u00f6cheln und zu konsumieren. Pr\u00e4sentationsdose von 430 grs. Nach dem \u00d6ffnen vollst\u00e4ndig verbrauchen.\" \/>\n<meta property=\"og:url\" content=\"https:\/\/elmejorjamon.es\/de\/producto\/fabada-asturiana-von-yantar-de-pepe\/\" \/>\n<meta property=\"og:site_name\" content=\"El Mejor Jam\u00f3n\" \/>\n<meta property=\"article:publisher\" content=\"https:\/\/www.facebook.com\/elmejorjamonweb\" \/>\n<meta property=\"article:modified_time\" content=\"2026-02-22T15:45:51+00:00\" \/>\n<meta property=\"og:image\" content=\"https:\/\/elmejorjamon.es\/wp-content\/uploads\/2010\/11\/1284-thickbox_default-Fabada-Asturiana-de-Yantar-de-Pepe.jpg\" \/>\n\t<meta property=\"og:image:width\" content=\"1100\" \/>\n\t<meta property=\"og:image:height\" content=\"1422\" \/>\n\t<meta property=\"og:image:type\" content=\"image\/jpeg\" \/>\n<meta name=\"twitter:card\" content=\"summary_large_image\" \/>\n<meta name=\"twitter:site\" content=\"@elmejorjamonweb\" \/>\n<meta name=\"twitter:label1\" content=\"Gesch\u00e4tzte Lesezeit\" \/>\n\t<meta name=\"twitter:data1\" content=\"1\u00a0Minute\" \/>\n<script type=\"application\/ld+json\" class=\"yoast-schema-graph\">{\"@context\":\"https:\\\/\\\/schema.org\",\"@graph\":[{\"@type\":\"WebPage\",\"@id\":\"https:\\\/\\\/elmejorjamon.es\\\/de\\\/producto\\\/fabada-asturiana-von-yantar-de-pepe\\\/\",\"url\":\"https:\\\/\\\/elmejorjamon.es\\\/de\\\/producto\\\/fabada-asturiana-von-yantar-de-pepe\\\/\",\"name\":\"Fabada Asturiana von Yantar de Pepe - El Mejor Jam\u00f3n\",\"isPartOf\":{\"@id\":\"https:\\\/\\\/elmejorjamon.es\\\/#website\"},\"primaryImageOfPage\":{\"@id\":\"https:\\\/\\\/elmejorjamon.es\\\/de\\\/producto\\\/fabada-asturiana-von-yantar-de-pepe\\\/#primaryimage\"},\"image\":{\"@id\":\"https:\\\/\\\/elmejorjamon.es\\\/de\\\/producto\\\/fabada-asturiana-von-yantar-de-pepe\\\/#primaryimage\"},\"thumbnailUrl\":\"https:\\\/\\\/elmejorjamon.es\\\/wp-content\\\/uploads\\\/2010\\\/11\\\/1284-thickbox_default-Fabada-Asturiana-de-Yantar-de-Pepe.jpg\",\"datePublished\":\"2010-11-11T07:08:06+00:00\",\"dateModified\":\"2026-02-22T15:45:51+00:00\",\"breadcrumb\":{\"@id\":\"https:\\\/\\\/elmejorjamon.es\\\/de\\\/producto\\\/fabada-asturiana-von-yantar-de-pepe\\\/#breadcrumb\"},\"inLanguage\":\"de\",\"potentialAction\":[{\"@type\":\"ReadAction\",\"target\":[\"https:\\\/\\\/elmejorjamon.es\\\/de\\\/producto\\\/fabada-asturiana-von-yantar-de-pepe\\\/\"]}]},{\"@type\":\"ImageObject\",\"inLanguage\":\"de\",\"@id\":\"https:\\\/\\\/elmejorjamon.es\\\/de\\\/producto\\\/fabada-asturiana-von-yantar-de-pepe\\\/#primaryimage\",\"url\":\"https:\\\/\\\/elmejorjamon.es\\\/wp-content\\\/uploads\\\/2010\\\/11\\\/1284-thickbox_default-Fabada-Asturiana-de-Yantar-de-Pepe.jpg\",\"contentUrl\":\"https:\\\/\\\/elmejorjamon.es\\\/wp-content\\\/uploads\\\/2010\\\/11\\\/1284-thickbox_default-Fabada-Asturiana-de-Yantar-de-Pepe.jpg\",\"width\":1100,\"height\":1422},{\"@type\":\"BreadcrumbList\",\"@id\":\"https:\\\/\\\/elmejorjamon.es\\\/de\\\/producto\\\/fabada-asturiana-von-yantar-de-pepe\\\/#breadcrumb\",\"itemListElement\":[{\"@type\":\"ListItem\",\"position\":1,\"name\":\"Portada\",\"item\":\"https:\\\/\\\/elmejorjamon.es\\\/de\\\/\"},{\"@type\":\"ListItem\",\"position\":2,\"name\":\"Schnellstart\",\"item\":\"https:\\\/\\\/elmejorjamon.es\\\/de\\\/\"},{\"@type\":\"ListItem\",\"position\":3,\"name\":\"Fabada Asturiana von Yantar de Pepe\"}]},{\"@type\":\"WebSite\",\"@id\":\"https:\\\/\\\/elmejorjamon.es\\\/#website\",\"url\":\"https:\\\/\\\/elmejorjamon.es\\\/\",\"name\":\"El Mejor Jam\u00f3n\",\"description\":\"Comprar jamones y embutidos a buen precio\",\"publisher\":{\"@id\":\"https:\\\/\\\/elmejorjamon.es\\\/#organization\"},\"potentialAction\":[{\"@type\":\"SearchAction\",\"target\":{\"@type\":\"EntryPoint\",\"urlTemplate\":\"https:\\\/\\\/elmejorjamon.es\\\/?s={search_term_string}\"},\"query-input\":{\"@type\":\"PropertyValueSpecification\",\"valueRequired\":true,\"valueName\":\"search_term_string\"}}],\"inLanguage\":\"de\"},{\"@type\":\"Organization\",\"@id\":\"https:\\\/\\\/elmejorjamon.es\\\/#organization\",\"name\":\"El Mejor Jam\u00f3n\",\"url\":\"https:\\\/\\\/elmejorjamon.es\\\/\",\"logo\":{\"@type\":\"ImageObject\",\"inLanguage\":\"de\",\"@id\":\"https:\\\/\\\/elmejorjamon.es\\\/#\\\/schema\\\/logo\\\/image\\\/\",\"url\":\"https:\\\/\\\/elmejorjamon.es\\\/wp-content\\\/uploads\\\/2025\\\/01\\\/logocorreos.png\",\"contentUrl\":\"https:\\\/\\\/elmejorjamon.es\\\/wp-content\\\/uploads\\\/2025\\\/01\\\/logocorreos.png\",\"width\":277,\"height\":200,\"caption\":\"El Mejor Jam\u00f3n\"},\"image\":{\"@id\":\"https:\\\/\\\/elmejorjamon.es\\\/#\\\/schema\\\/logo\\\/image\\\/\"},\"sameAs\":[\"https:\\\/\\\/www.facebook.com\\\/elmejorjamonweb\",\"https:\\\/\\\/x.com\\\/elmejorjamonweb\",\"https:\\\/\\\/www.instagram.com\\\/elmejorjamonweb\\\/\"]}]}<\/script>\n<!-- \/ Yoast SEO plugin. -->","yoast_head_json":{"title":"Fabada Asturiana von Yantar de Pepe - El Mejor Jam\u00f3n","robots":{"index":"index","follow":"follow","max-snippet":"max-snippet:-1","max-image-preview":"max-image-preview:large","max-video-preview":"max-video-preview:-1"},"canonical":"https:\/\/elmejorjamon.es\/de\/producto\/fabada-asturiana-von-yantar-de-pepe\/","og_locale":"de_DE","og_type":"article","og_title":"Fabada Asturiana von Yantar de Pepe - El Mejor Jam\u00f3n","og_description":"Hergestellt mit asturischen Fabes de la Granja. Nehmen Sie den authentischen Geschmack von Asturian Fabada mit nach Hause, ohne ihn zu kochen, bereit zu k\u00f6cheln und zu konsumieren. Pr\u00e4sentationsdose von 430 grs. Nach dem \u00d6ffnen vollst\u00e4ndig verbrauchen.","og_url":"https:\/\/elmejorjamon.es\/de\/producto\/fabada-asturiana-von-yantar-de-pepe\/","og_site_name":"El Mejor Jam\u00f3n","article_publisher":"https:\/\/www.facebook.com\/elmejorjamonweb","article_modified_time":"2026-02-22T15:45:51+00:00","og_image":[{"width":1100,"height":1422,"url":"https:\/\/elmejorjamon.es\/wp-content\/uploads\/2010\/11\/1284-thickbox_default-Fabada-Asturiana-de-Yantar-de-Pepe.jpg","type":"image\/jpeg"}],"twitter_card":"summary_large_image","twitter_site":"@elmejorjamonweb","twitter_misc":{"Gesch\u00e4tzte Lesezeit":"1\u00a0Minute"},"schema":{"@context":"https:\/\/schema.org","@graph":[{"@type":"WebPage","@id":"https:\/\/elmejorjamon.es\/de\/producto\/fabada-asturiana-von-yantar-de-pepe\/","url":"https:\/\/elmejorjamon.es\/de\/producto\/fabada-asturiana-von-yantar-de-pepe\/","name":"Fabada Asturiana von Yantar de Pepe - El Mejor Jam\u00f3n","isPartOf":{"@id":"https:\/\/elmejorjamon.es\/#website"},"primaryImageOfPage":{"@id":"https:\/\/elmejorjamon.es\/de\/producto\/fabada-asturiana-von-yantar-de-pepe\/#primaryimage"},"image":{"@id":"https:\/\/elmejorjamon.es\/de\/producto\/fabada-asturiana-von-yantar-de-pepe\/#primaryimage"},"thumbnailUrl":"https:\/\/elmejorjamon.es\/wp-content\/uploads\/2010\/11\/1284-thickbox_default-Fabada-Asturiana-de-Yantar-de-Pepe.jpg","datePublished":"2010-11-11T07:08:06+00:00","dateModified":"2026-02-22T15:45:51+00:00","breadcrumb":{"@id":"https:\/\/elmejorjamon.es\/de\/producto\/fabada-asturiana-von-yantar-de-pepe\/#breadcrumb"},"inLanguage":"de","potentialAction":[{"@type":"ReadAction","target":["https:\/\/elmejorjamon.es\/de\/producto\/fabada-asturiana-von-yantar-de-pepe\/"]}]},{"@type":"ImageObject","inLanguage":"de","@id":"https:\/\/elmejorjamon.es\/de\/producto\/fabada-asturiana-von-yantar-de-pepe\/#primaryimage","url":"https:\/\/elmejorjamon.es\/wp-content\/uploads\/2010\/11\/1284-thickbox_default-Fabada-Asturiana-de-Yantar-de-Pepe.jpg","contentUrl":"https:\/\/elmejorjamon.es\/wp-content\/uploads\/2010\/11\/1284-thickbox_default-Fabada-Asturiana-de-Yantar-de-Pepe.jpg","width":1100,"height":1422},{"@type":"BreadcrumbList","@id":"https:\/\/elmejorjamon.es\/de\/producto\/fabada-asturiana-von-yantar-de-pepe\/#breadcrumb","itemListElement":[{"@type":"ListItem","position":1,"name":"Portada","item":"https:\/\/elmejorjamon.es\/de\/"},{"@type":"ListItem","position":2,"name":"Schnellstart","item":"https:\/\/elmejorjamon.es\/de\/"},{"@type":"ListItem","position":3,"name":"Fabada Asturiana von Yantar de Pepe"}]},{"@type":"WebSite","@id":"https:\/\/elmejorjamon.es\/#website","url":"https:\/\/elmejorjamon.es\/","name":"El Mejor Jam\u00f3n","description":"Comprar jamones y embutidos a buen precio","publisher":{"@id":"https:\/\/elmejorjamon.es\/#organization"},"potentialAction":[{"@type":"SearchAction","target":{"@type":"EntryPoint","urlTemplate":"https:\/\/elmejorjamon.es\/?s={search_term_string}"},"query-input":{"@type":"PropertyValueSpecification","valueRequired":true,"valueName":"search_term_string"}}],"inLanguage":"de"},{"@type":"Organization","@id":"https:\/\/elmejorjamon.es\/#organization","name":"El Mejor Jam\u00f3n","url":"https:\/\/elmejorjamon.es\/","logo":{"@type":"ImageObject","inLanguage":"de","@id":"https:\/\/elmejorjamon.es\/#\/schema\/logo\/image\/","url":"https:\/\/elmejorjamon.es\/wp-content\/uploads\/2025\/01\/logocorreos.png","contentUrl":"https:\/\/elmejorjamon.es\/wp-content\/uploads\/2025\/01\/logocorreos.png","width":277,"height":200,"caption":"El Mejor Jam\u00f3n"},"image":{"@id":"https:\/\/elmejorjamon.es\/#\/schema\/logo\/image\/"},"sameAs":["https:\/\/www.facebook.com\/elmejorjamonweb","https:\/\/x.com\/elmejorjamonweb","https:\/\/www.instagram.com\/elmejorjamonweb\/"]}]}},"_links":{"self":[{"href":"https:\/\/elmejorjamon.es\/de\/wp-json\/wp\/v2\/product\/1300","targetHints":{"allow":["GET"]}}],"collection":[{"href":"https:\/\/elmejorjamon.es\/de\/wp-json\/wp\/v2\/product"}],"about":[{"href":"https:\/\/elmejorjamon.es\/de\/wp-json\/wp\/v2\/types\/product"}],"replies":[{"embeddable":true,"href":"https:\/\/elmejorjamon.es\/de\/wp-json\/wp\/v2\/comments?post=1300"}],"wp:featuredmedia":[{"embeddable":true,"href":"https:\/\/elmejorjamon.es\/de\/wp-json\/wp\/v2\/media\/1276"}],"wp:attachment":[{"href":"https:\/\/elmejorjamon.es\/de\/wp-json\/wp\/v2\/media?parent=1300"}],"wp:term":[{"taxonomy":"product_brand","embeddable":true,"href":"https:\/\/elmejorjamon.es\/de\/wp-json\/wp\/v2\/product_brand?post=1300"},{"taxonomy":"product_cat","embeddable":true,"href":"https:\/\/elmejorjamon.es\/de\/wp-json\/wp\/v2\/product_cat?post=1300"},{"taxonomy":"product_tag","embeddable":true,"href":"https:\/\/elmejorjamon.es\/de\/wp-json\/wp\/v2\/product_tag?post=1300"}],"curies":[{"name":"wp","href":"https:\/\/api.w.org\/{rel}","templated":true}]}}