{"id":1072,"date":"2010-02-16T14:34:21","date_gmt":"2010-02-16T13:34:21","guid":{"rendered":"https:\/\/nueva.elmejorjamon.es\/producto\/marinierte-muscheln-ramon-franco-812-stueck\/"},"modified":"2010-02-16T14:34:21","modified_gmt":"2010-02-16T13:34:21","slug":"marinierte-muscheln-ramon-franco-812-stueck","status":"publish","type":"product","link":"https:\/\/elmejorjamon.es\/de\/producto\/marinierte-muscheln-ramon-franco-812-stueck\/","title":{"rendered":"Marinierte Muscheln Ramon Franco 8\/12 St\u00fcck."},"content":{"rendered":"<p>Muscheln in Essiggurke Ramon Franco 8\/12 St\u00fcck Die authentischen Muscheln aus den galizischen R\u00edas in Oliven\u00f6l gebraten. Wie sie traditionell in Galizien zubereitet wurden. Mit einer sehr glatten Marinade. Ideal f\u00fcr den Verbraucher, der Essig nicht schmecken m\u00f6chte. Das Beste auf dem Markt!<\/p>\n","protected":false},"excerpt":{"rendered":"<p>Muscheln in Essiggurke Ramon Franco 8\/12 St\u00fcck Die authentischen Muscheln aus den galizischen R\u00edas in Oliven\u00f6l gebraten. Wie sie traditionell in Galizien zubereitet wurden. Mit einer sehr glatten Marinade. Ideal f\u00fcr den Verbraucher, der Essig nicht schmecken m\u00f6chte. Das Beste auf dem Markt!<\/p>\n","protected":false},"featured_media":18707,"comment_status":"open","ping_status":"closed","template":"","meta":{"_et_pb_use_builder":"","_et_pb_old_content":"","_et_gb_content_width":"","_sitemap_exclude":false,"_sitemap_priority":"","_sitemap_frequency":""},"product_brand":[],"product_cat":[48,138,42,24],"product_tag":[],"class_list":{"0":"post-1072","1":"product","2":"type-product","3":"status-publish","4":"has-post-thumbnail","6":"product_cat-alle-produkte","7":"product_cat-mejillones-en-escabeche-de","8":"product_cat-conservas-de","9":"product_cat-startseite","10":"product_shipping_class-normal-de","11":"pa_opciones-1einheit-de","12":"pa_opciones-boxmit50einheiten-de","14":"first","15":"instock","16":"shipping-taxable","17":"purchasable","18":"product-type-variable","19":"has-default-attributes"},"yoast_head":"<!-- This site is optimized with the Yoast SEO plugin v27.4 - https:\/\/yoast.com\/product\/yoast-seo-wordpress\/ -->\n<title>Marinierte Muscheln Ramon Franco 8\/12 St\u00fcck. - El Mejor Jam\u00f3n<\/title>\n<meta name=\"robots\" content=\"index, follow, max-snippet:-1, max-image-preview:large, max-video-preview:-1\" \/>\n<link rel=\"canonical\" href=\"https:\/\/elmejorjamon.es\/producto\/mejillones-en-escabeche-ramon-franco-812-piezas\/\" \/>\n<meta property=\"og:locale\" content=\"de_DE\" \/>\n<meta property=\"og:type\" content=\"article\" \/>\n<meta property=\"og:title\" content=\"Marinierte Muscheln Ramon Franco 8\/12 St\u00fcck. - El Mejor Jam\u00f3n\" \/>\n<meta property=\"og:description\" content=\"Muscheln in Essiggurke Ramon Franco 8\/12 St\u00fcck Die authentischen Muscheln aus den galizischen R\u00edas in Oliven\u00f6l gebraten. Wie sie traditionell in Galizien zubereitet wurden. Mit einer sehr glatten Marinade. Ideal f\u00fcr den Verbraucher, der Essig nicht schmecken m\u00f6chte. Das Beste auf dem Markt!\" \/>\n<meta property=\"og:url\" content=\"https:\/\/elmejorjamon.es\/producto\/mejillones-en-escabeche-ramon-franco-812-piezas\/\" \/>\n<meta property=\"og:site_name\" content=\"El Mejor Jam\u00f3n\" \/>\n<meta property=\"article:publisher\" content=\"https:\/\/www.facebook.com\/elmejorjamonweb\" \/>\n<meta property=\"og:image\" content=\"https:\/\/elmejorjamon.es\/wp-content\/uploads\/2010\/02\/846-thickbox_default-Mejillones-en-escabeche-Ramon-Franco-812-piezas-792x1024-1.jpg\" \/>\n\t<meta property=\"og:image:width\" content=\"792\" \/>\n\t<meta property=\"og:image:height\" content=\"1024\" \/>\n\t<meta property=\"og:image:type\" content=\"image\/jpeg\" \/>\n<meta name=\"twitter:card\" content=\"summary_large_image\" \/>\n<meta name=\"twitter:site\" content=\"@elmejorjamonweb\" \/>\n<script type=\"application\/ld+json\" class=\"yoast-schema-graph\">{\"@context\":\"https:\\\/\\\/schema.org\",\"@graph\":[{\"@type\":\"WebPage\",\"@id\":\"https:\\\/\\\/elmejorjamon.es\\\/producto\\\/mejillones-en-escabeche-ramon-franco-812-piezas\\\/\",\"url\":\"https:\\\/\\\/elmejorjamon.es\\\/producto\\\/mejillones-en-escabeche-ramon-franco-812-piezas\\\/\",\"name\":\"Marinierte Muscheln Ramon Franco 8\\\/12 St\u00fcck. - El Mejor Jam\u00f3n\",\"isPartOf\":{\"@id\":\"https:\\\/\\\/elmejorjamon.es\\\/#website\"},\"primaryImageOfPage\":{\"@id\":\"https:\\\/\\\/elmejorjamon.es\\\/producto\\\/mejillones-en-escabeche-ramon-franco-812-piezas\\\/#primaryimage\"},\"image\":{\"@id\":\"https:\\\/\\\/elmejorjamon.es\\\/producto\\\/mejillones-en-escabeche-ramon-franco-812-piezas\\\/#primaryimage\"},\"thumbnailUrl\":\"https:\\\/\\\/elmejorjamon.es\\\/wp-content\\\/uploads\\\/2010\\\/02\\\/846-thickbox_default-Mejillones-en-escabeche-Ramon-Franco-812-piezas-792x1024-1.jpg\",\"datePublished\":\"2010-02-16T13:34:21+00:00\",\"breadcrumb\":{\"@id\":\"https:\\\/\\\/elmejorjamon.es\\\/producto\\\/mejillones-en-escabeche-ramon-franco-812-piezas\\\/#breadcrumb\"},\"inLanguage\":\"de\",\"potentialAction\":[{\"@type\":\"ReadAction\",\"target\":[\"https:\\\/\\\/elmejorjamon.es\\\/producto\\\/mejillones-en-escabeche-ramon-franco-812-piezas\\\/\"]}]},{\"@type\":\"ImageObject\",\"inLanguage\":\"de\",\"@id\":\"https:\\\/\\\/elmejorjamon.es\\\/producto\\\/mejillones-en-escabeche-ramon-franco-812-piezas\\\/#primaryimage\",\"url\":\"https:\\\/\\\/elmejorjamon.es\\\/wp-content\\\/uploads\\\/2010\\\/02\\\/846-thickbox_default-Mejillones-en-escabeche-Ramon-Franco-812-piezas-792x1024-1.jpg\",\"contentUrl\":\"https:\\\/\\\/elmejorjamon.es\\\/wp-content\\\/uploads\\\/2010\\\/02\\\/846-thickbox_default-Mejillones-en-escabeche-Ramon-Franco-812-piezas-792x1024-1.jpg\",\"width\":792,\"height\":1024},{\"@type\":\"BreadcrumbList\",\"@id\":\"https:\\\/\\\/elmejorjamon.es\\\/producto\\\/mejillones-en-escabeche-ramon-franco-812-piezas\\\/#breadcrumb\",\"itemListElement\":[{\"@type\":\"ListItem\",\"position\":1,\"name\":\"Portada\",\"item\":\"https:\\\/\\\/elmejorjamon.es\\\/de\\\/\"},{\"@type\":\"ListItem\",\"position\":2,\"name\":\"Schnellstart\",\"item\":\"https:\\\/\\\/elmejorjamon.es\\\/de\\\/\"},{\"@type\":\"ListItem\",\"position\":3,\"name\":\"Marinierte Muscheln Ramon Franco 8\\\/12 St\u00fcck.\"}]},{\"@type\":\"WebSite\",\"@id\":\"https:\\\/\\\/elmejorjamon.es\\\/#website\",\"url\":\"https:\\\/\\\/elmejorjamon.es\\\/\",\"name\":\"El Mejor Jam\u00f3n\",\"description\":\"Comprar jamones y embutidos a buen precio\",\"publisher\":{\"@id\":\"https:\\\/\\\/elmejorjamon.es\\\/#organization\"},\"potentialAction\":[{\"@type\":\"SearchAction\",\"target\":{\"@type\":\"EntryPoint\",\"urlTemplate\":\"https:\\\/\\\/elmejorjamon.es\\\/?s={search_term_string}\"},\"query-input\":{\"@type\":\"PropertyValueSpecification\",\"valueRequired\":true,\"valueName\":\"search_term_string\"}}],\"inLanguage\":\"de\"},{\"@type\":\"Organization\",\"@id\":\"https:\\\/\\\/elmejorjamon.es\\\/#organization\",\"name\":\"El Mejor Jam\u00f3n\",\"url\":\"https:\\\/\\\/elmejorjamon.es\\\/\",\"logo\":{\"@type\":\"ImageObject\",\"inLanguage\":\"de\",\"@id\":\"https:\\\/\\\/elmejorjamon.es\\\/#\\\/schema\\\/logo\\\/image\\\/\",\"url\":\"https:\\\/\\\/elmejorjamon.es\\\/wp-content\\\/uploads\\\/2025\\\/01\\\/logocorreos.png\",\"contentUrl\":\"https:\\\/\\\/elmejorjamon.es\\\/wp-content\\\/uploads\\\/2025\\\/01\\\/logocorreos.png\",\"width\":277,\"height\":200,\"caption\":\"El Mejor Jam\u00f3n\"},\"image\":{\"@id\":\"https:\\\/\\\/elmejorjamon.es\\\/#\\\/schema\\\/logo\\\/image\\\/\"},\"sameAs\":[\"https:\\\/\\\/www.facebook.com\\\/elmejorjamonweb\",\"https:\\\/\\\/x.com\\\/elmejorjamonweb\",\"https:\\\/\\\/www.instagram.com\\\/elmejorjamonweb\\\/\"]}]}<\/script>\n<!-- \/ Yoast SEO plugin. -->","yoast_head_json":{"title":"Marinierte Muscheln Ramon Franco 8\/12 St\u00fcck. - El Mejor Jam\u00f3n","robots":{"index":"index","follow":"follow","max-snippet":"max-snippet:-1","max-image-preview":"max-image-preview:large","max-video-preview":"max-video-preview:-1"},"canonical":"https:\/\/elmejorjamon.es\/producto\/mejillones-en-escabeche-ramon-franco-812-piezas\/","og_locale":"de_DE","og_type":"article","og_title":"Marinierte Muscheln Ramon Franco 8\/12 St\u00fcck. - El Mejor Jam\u00f3n","og_description":"Muscheln in Essiggurke Ramon Franco 8\/12 St\u00fcck Die authentischen Muscheln aus den galizischen R\u00edas in Oliven\u00f6l gebraten. Wie sie traditionell in Galizien zubereitet wurden. Mit einer sehr glatten Marinade. Ideal f\u00fcr den Verbraucher, der Essig nicht schmecken m\u00f6chte. Das Beste auf dem Markt!","og_url":"https:\/\/elmejorjamon.es\/producto\/mejillones-en-escabeche-ramon-franco-812-piezas\/","og_site_name":"El Mejor Jam\u00f3n","article_publisher":"https:\/\/www.facebook.com\/elmejorjamonweb","og_image":[{"width":792,"height":1024,"url":"https:\/\/elmejorjamon.es\/wp-content\/uploads\/2010\/02\/846-thickbox_default-Mejillones-en-escabeche-Ramon-Franco-812-piezas-792x1024-1.jpg","type":"image\/jpeg"}],"twitter_card":"summary_large_image","twitter_site":"@elmejorjamonweb","schema":{"@context":"https:\/\/schema.org","@graph":[{"@type":"WebPage","@id":"https:\/\/elmejorjamon.es\/producto\/mejillones-en-escabeche-ramon-franco-812-piezas\/","url":"https:\/\/elmejorjamon.es\/producto\/mejillones-en-escabeche-ramon-franco-812-piezas\/","name":"Marinierte Muscheln Ramon Franco 8\/12 St\u00fcck. - El Mejor Jam\u00f3n","isPartOf":{"@id":"https:\/\/elmejorjamon.es\/#website"},"primaryImageOfPage":{"@id":"https:\/\/elmejorjamon.es\/producto\/mejillones-en-escabeche-ramon-franco-812-piezas\/#primaryimage"},"image":{"@id":"https:\/\/elmejorjamon.es\/producto\/mejillones-en-escabeche-ramon-franco-812-piezas\/#primaryimage"},"thumbnailUrl":"https:\/\/elmejorjamon.es\/wp-content\/uploads\/2010\/02\/846-thickbox_default-Mejillones-en-escabeche-Ramon-Franco-812-piezas-792x1024-1.jpg","datePublished":"2010-02-16T13:34:21+00:00","breadcrumb":{"@id":"https:\/\/elmejorjamon.es\/producto\/mejillones-en-escabeche-ramon-franco-812-piezas\/#breadcrumb"},"inLanguage":"de","potentialAction":[{"@type":"ReadAction","target":["https:\/\/elmejorjamon.es\/producto\/mejillones-en-escabeche-ramon-franco-812-piezas\/"]}]},{"@type":"ImageObject","inLanguage":"de","@id":"https:\/\/elmejorjamon.es\/producto\/mejillones-en-escabeche-ramon-franco-812-piezas\/#primaryimage","url":"https:\/\/elmejorjamon.es\/wp-content\/uploads\/2010\/02\/846-thickbox_default-Mejillones-en-escabeche-Ramon-Franco-812-piezas-792x1024-1.jpg","contentUrl":"https:\/\/elmejorjamon.es\/wp-content\/uploads\/2010\/02\/846-thickbox_default-Mejillones-en-escabeche-Ramon-Franco-812-piezas-792x1024-1.jpg","width":792,"height":1024},{"@type":"BreadcrumbList","@id":"https:\/\/elmejorjamon.es\/producto\/mejillones-en-escabeche-ramon-franco-812-piezas\/#breadcrumb","itemListElement":[{"@type":"ListItem","position":1,"name":"Portada","item":"https:\/\/elmejorjamon.es\/de\/"},{"@type":"ListItem","position":2,"name":"Schnellstart","item":"https:\/\/elmejorjamon.es\/de\/"},{"@type":"ListItem","position":3,"name":"Marinierte Muscheln Ramon Franco 8\/12 St\u00fcck."}]},{"@type":"WebSite","@id":"https:\/\/elmejorjamon.es\/#website","url":"https:\/\/elmejorjamon.es\/","name":"El Mejor Jam\u00f3n","description":"Comprar jamones y embutidos a buen precio","publisher":{"@id":"https:\/\/elmejorjamon.es\/#organization"},"potentialAction":[{"@type":"SearchAction","target":{"@type":"EntryPoint","urlTemplate":"https:\/\/elmejorjamon.es\/?s={search_term_string}"},"query-input":{"@type":"PropertyValueSpecification","valueRequired":true,"valueName":"search_term_string"}}],"inLanguage":"de"},{"@type":"Organization","@id":"https:\/\/elmejorjamon.es\/#organization","name":"El Mejor Jam\u00f3n","url":"https:\/\/elmejorjamon.es\/","logo":{"@type":"ImageObject","inLanguage":"de","@id":"https:\/\/elmejorjamon.es\/#\/schema\/logo\/image\/","url":"https:\/\/elmejorjamon.es\/wp-content\/uploads\/2025\/01\/logocorreos.png","contentUrl":"https:\/\/elmejorjamon.es\/wp-content\/uploads\/2025\/01\/logocorreos.png","width":277,"height":200,"caption":"El Mejor Jam\u00f3n"},"image":{"@id":"https:\/\/elmejorjamon.es\/#\/schema\/logo\/image\/"},"sameAs":["https:\/\/www.facebook.com\/elmejorjamonweb","https:\/\/x.com\/elmejorjamonweb","https:\/\/www.instagram.com\/elmejorjamonweb\/"]}]}},"_links":{"self":[{"href":"https:\/\/elmejorjamon.es\/de\/wp-json\/wp\/v2\/product\/1072","targetHints":{"allow":["GET"]}}],"collection":[{"href":"https:\/\/elmejorjamon.es\/de\/wp-json\/wp\/v2\/product"}],"about":[{"href":"https:\/\/elmejorjamon.es\/de\/wp-json\/wp\/v2\/types\/product"}],"replies":[{"embeddable":true,"href":"https:\/\/elmejorjamon.es\/de\/wp-json\/wp\/v2\/comments?post=1072"}],"wp:featuredmedia":[{"embeddable":true,"href":"https:\/\/elmejorjamon.es\/de\/wp-json\/wp\/v2\/media\/18707"}],"wp:attachment":[{"href":"https:\/\/elmejorjamon.es\/de\/wp-json\/wp\/v2\/media?parent=1072"}],"wp:term":[{"taxonomy":"product_brand","embeddable":true,"href":"https:\/\/elmejorjamon.es\/de\/wp-json\/wp\/v2\/product_brand?post=1072"},{"taxonomy":"product_cat","embeddable":true,"href":"https:\/\/elmejorjamon.es\/de\/wp-json\/wp\/v2\/product_cat?post=1072"},{"taxonomy":"product_tag","embeddable":true,"href":"https:\/\/elmejorjamon.es\/de\/wp-json\/wp\/v2\/product_tag?post=1072"}],"curies":[{"name":"wp","href":"https:\/\/api.w.org\/{rel}","templated":true}]}}